{"id":15226,"date":"2024-11-02T12:10:38","date_gmt":"2024-11-02T12:10:38","guid":{"rendered":"https:\/\/elfsight.com\/fr\/?page_id=15226"},"modified":"2025-07-10T14:08:08","modified_gmt":"2025-07-10T14:08:08","slug":"html","status":"publish","type":"page","link":"https:\/\/elfsight.com\/fr\/visitor-counter-widget\/html\/","title":{"rendered":"Visitor Counter  &#8211; HTML"},"content":{"rendered":"\n<div class=\"application-platform-content-item-description application-platform-content-item\" id=\"description\" data-nav-section=\"description\">  \n\n<h2>Description<\/h2>  \n<p>  \nLe compteur de visiteurs pour HTML est un outil simple qui vous permet de suivre le nombre de visiteurs et le contenu le plus populaire consult\u00e9 dans une p\u00e9riode de temps pr\u00e9cise. Les statistiques essentielles sont d\u00e9sormais faciles \u00e0 v\u00e9rifier sans avoir besoin de comp\u00e9tences sp\u00e9cifiques en analyse de donn\u00e9es. De plus, vous pouvez facilement montrer \u00e0 vos visiteurs que vous \u00eates une entreprise r\u00e9put\u00e9e et ainsi augmenter vos ventes. Avec nos options de style ajustables et des mises en page pratiques, vous pouvez int\u00e9grer le widget dans votre site en quelques secondes. <\/p>  \n\n<p><b>Avec le compteur de visiteurs, suivez vos statistiques et d\u00e9veloppez votre entreprise de mani\u00e8re solide !<\/b><\/p>  \n<\/div>  \n<div class=\"faq\" data-component=\"FAQ\">  \n<div class=\"faq-item\">\r\n\t\t\t\t\t<div class=\"faq-item-question\">\r\n\t\t\t\t\t\t<h3 class=\"faq-item-question-text\">Comment int\u00e9grer un compteur de visiteurs \u00e0 mon site HTML ? <\/h3>\r\n\r\n\t\t\t\t\t\t<div class=\"faq-item-question-icon\"><\/div>\r\n\t\t\t\t\t<\/div>\r\n\r\n\t\t\t\t\t<div class=\"faq-item-answer\">\r\n\t\t\t\t\t\t<div class=\"faq-item-answer-text\">  \n<p>La cr\u00e9ation de l\u2019outil se fait sur les pages Elfsight, sans besoin de coder. Utilisez la d\u00e9mo en ligne pour personnaliser votre plugin, obtenez le code et ins\u00e9rez-le sur votre site. <\/p>  \n<\/div>\r\n\t\t\t\t\t<\/div>\r\n\t\t\t\t<\/div>  \n<div class=\"faq-item\">\r\n\t\t\t\t\t<div class=\"faq-item-question\">\r\n\t\t\t\t\t\t<h3 class=\"faq-item-question-text\">Les meilleures fa\u00e7ons d'utiliser l'int\u00e9gration du compteur de visiteurs<\/h3>\r\n\r\n\t\t\t\t\t\t<div class=\"faq-item-question-icon\"><\/div>\r\n\t\t\t\t\t<\/div>\r\n\r\n\t\t\t\t\t<div class=\"faq-item-answer\">\r\n\t\t\t\t\t\t<div class=\"faq-item-answer-text\">  \n<p>Nous offrons une large gamme d&rsquo;options de personnalisation : widgets en pleine longueur pour la zone de contenu, plugins flottants pour les options de d\u00e9filement, mises en page pour le pied de page, l&rsquo;en-t\u00eate, et toutes sortes d&rsquo;options verticales pour les barres lat\u00e9rales et les menus. <\/p>  \n<\/div>\r\n\t\t\t\t\t<\/div>\r\n\t\t\t\t<\/div>  \n<div class=\"faq-item\">\r\n\t\t\t\t\t<div class=\"faq-item-question\">\r\n\t\t\t\t\t\t<h3 class=\"faq-item-question-text\">Existe-t-il une option pour cr\u00e9er un compteur de visiteurs en ligne ou d\u00e9taill\u00e9 avec votre \u00e9diteur ? <\/h3>\r\n\r\n\t\t\t\t\t\t<div class=\"faq-item-question-icon\"><\/div>\r\n\t\t\t\t\t<\/div>\r\n\r\n\t\t\t\t\t<div class=\"faq-item-answer\">\r\n\t\t\t\t\t\t<div class=\"faq-item-answer-text\">  \n<p>Vous pouvez cr\u00e9er toutes les variantes du widget. Il y a une large gamme de mises en page disponibles dans l&rsquo;\u00e9diteur, et chacune peut \u00eatre rapidement ajust\u00e9e selon vos besoins. <\/p>  \n<\/div>\r\n\t\t\t\t\t<\/div>\r\n\t\t\t\t<\/div>  \n<\/div>  \n\n<div class=\"application-platform-content-item-features application-platform-content-item\" id=\"features\" data-nav-section=\"features\">  \n<h2>Consultez la liste des fonctionnalit\u00e9s les plus puissantes :<\/h2>  \n<ul>  \n<li>Facile \u00e0 g\u00e9rer sans besoin de qualifications professionnelles en SEO ou en codage<\/li>  \n<li>Une grande diversit\u00e9 d&rsquo;intervalles de temps pour suivre vos m\u00e9triques<\/li>  \n<li>Mises en page pratiques pour organiser toutes les informations de mani\u00e8re optimale<\/li>  \n<li>Sch\u00e9mas de couleurs clairs, sombres et personnalisables pour ajuster l&rsquo;outil<\/li>  \n<li>R\u00e9glez la taille et le poids de la police<\/li>  \n<li>Facile \u00e0 int\u00e9grer m\u00eame pour les utilisateurs non techniques<\/li>  \n<\/ul>  \n\n<p><a href=\"#demo\">Vous pouvez voir si le widget vous convient en essayant la d\u00e9mo<\/a><\/p>  \n<\/div>  \n<div class=\"application-platform-content-item-installation application-platform-content-item\" id=\"installation\" data-nav-section=\"installation\">  \n<h2>Comment ajouter un compteur de visiteurs sur mon site HTML ?<\/h2>  \n<div class=\"video-container\">  \n<iframe width=\"720\" height=\"405\" src=\"https:\/\/www.youtube.com\/embed\/Z6Qhq7KaAek\" frameborder=\"0\" allowfullscreen=\"\"><\/iframe>  \n<\/div>  \n<p>Suivez simplement les \u00e9tapes ci-dessous pour int\u00e9grer le plugin :<\/p>  \n\n<ol>  \n<li><b>Utilisez notre d\u00e9mo gratuite et commencez \u00e0 cr\u00e9er votre outil personnalis\u00e9.<\/b><br>  \nChoisissez la mise en page et les param\u00e8tres pr\u00e9f\u00e9r\u00e9s de l&rsquo;outil et appliquez les modifications.<\/li>  \n<li><b>Obtenez votre code unique affich\u00e9 dans la case sp\u00e9ciale sur Elfsight Apps.<\/b><br>  \nUne fois la cr\u00e9ation de votre outil termin\u00e9e, copiez le code personnel dans la fen\u00eatre contextuelle et conservez-le pour une utilisation ult\u00e9rieure.<\/li>  \n<li><b>Commencez \u00e0 utiliser le widget sur votre site HTML.<\/b><br>  \nAjoutez le code que vous avez copi\u00e9 r\u00e9cemment dans votre page d&rsquo;accueil et appliquez les modifications.<\/li>  \n<li><b>Et voil\u00e0 ! L&rsquo;installation est termin\u00e9e avec succ\u00e8s.<\/b><br>  \nAllez sur votre page web pour voir comment fonctionne le widget.<\/li>  \n<\/ol>  \n<p>En cas de questions ou de difficult\u00e9s, n&rsquo;h\u00e9sitez pas \u00e0 contacter notre service client. Notre \u00e9quipe est pr\u00eate \u00e0 r\u00e9soudre toutes les questions que vous pourriez avoir sur le widget.<\/p>  \n<\/div>\n","protected":false},"excerpt":{"rendered":"","protected":false},"author":9,"featured_media":0,"parent":2560,"menu_order":0,"comment_status":"closed","ping_status":"closed","template":"templates\/template-application-platform.php","meta":{"publish_to_discourse":"","publish_post_category":"","wpdc_auto_publish_overridden":"","wpdc_topic_tags":"","wpdc_pin_topic":"","wpdc_pin_until":"","discourse_post_id":"","discourse_permalink":"","wpdc_publishing_response":"","wpdc_publishing_error":"","footnotes":""},"class_list":["post-15226","page","type-page","status-publish","hentry"],"yoast_head":"<!-- This site is optimized with the Yoast SEO plugin v25.3.1 - https:\/\/yoast.com\/wordpress\/plugins\/seo\/ -->\n<title>Ajoutez le meilleur compteur de visiteurs au site Web HTML (rapide et gratuit)<\/title>\n<meta name=\"description\" content=\"Il est parfaitement simple de cr\u00e9er votre meilleur widget Compteur de visiteurs et de l\u2019ajouter au site Web. D\u00e9marrez votre propre site View Counter pour HTML d\u00e8s maintenant\u00a0!\" \/>\n<meta name=\"robots\" content=\"index, follow, max-snippet:-1, max-image-preview:large, max-video-preview:-1\" \/>\n<link rel=\"canonical\" href=\"https:\/\/elfsight.com\/fr\/visitor-counter-widget\/html\/\" \/>\n<meta property=\"og:locale\" content=\"fr_FR\" \/>\n<meta property=\"og:type\" content=\"article\" \/>\n<meta property=\"og:title\" content=\"Ajoutez le meilleur compteur de visiteurs au site Web HTML (rapide et gratuit)\" \/>\n<meta property=\"og:description\" content=\"Il est parfaitement simple de cr\u00e9er votre meilleur widget Compteur de visiteurs et de l\u2019ajouter au site Web. D\u00e9marrez votre propre site View Counter pour HTML d\u00e8s maintenant\u00a0!\" \/>\n<meta property=\"og:url\" content=\"https:\/\/elfsight.com\/fr\/visitor-counter-widget\/html\/\" \/>\n<meta property=\"og:site_name\" content=\"Elfsight FR\" \/>\n<meta property=\"article:modified_time\" content=\"2025-07-10T14:08:08+00:00\" \/>\n<meta name=\"twitter:card\" content=\"summary_large_image\" \/>\n<meta name=\"twitter:label1\" content=\"Dur\u00e9e de lecture estim\u00e9e\" \/>\n\t<meta name=\"twitter:data1\" content=\"3 minutes\" \/>\n<!-- \/ Yoast SEO plugin. -->","yoast_head_json":{"title":"Ajoutez le meilleur compteur de visiteurs au site Web HTML (rapide et gratuit)","description":"Il est parfaitement simple de cr\u00e9er votre meilleur widget Compteur de visiteurs et de l\u2019ajouter au site Web. D\u00e9marrez votre propre site View Counter pour HTML d\u00e8s maintenant\u00a0!","robots":{"index":"index","follow":"follow","max-snippet":"max-snippet:-1","max-image-preview":"max-image-preview:large","max-video-preview":"max-video-preview:-1"},"canonical":"https:\/\/elfsight.com\/fr\/visitor-counter-widget\/html\/","og_locale":"fr_FR","og_type":"article","og_title":"Ajoutez le meilleur compteur de visiteurs au site Web HTML (rapide et gratuit)","og_description":"Il est parfaitement simple de cr\u00e9er votre meilleur widget Compteur de visiteurs et de l\u2019ajouter au site Web. D\u00e9marrez votre propre site View Counter pour HTML d\u00e8s maintenant\u00a0!","og_url":"https:\/\/elfsight.com\/fr\/visitor-counter-widget\/html\/","og_site_name":"Elfsight FR","article_modified_time":"2025-07-10T14:08:08+00:00","twitter_card":"summary_large_image","twitter_misc":{"Dur\u00e9e de lecture estim\u00e9e":"3 minutes"},"schema":{"@context":"https:\/\/schema.org","@graph":[{"@type":"WebPage","@id":"https:\/\/elfsight.com\/fr\/visitor-counter-widget\/html\/","url":"https:\/\/elfsight.com\/fr\/visitor-counter-widget\/html\/","name":"Ajoutez le meilleur compteur de visiteurs au site Web HTML (rapide et gratuit)","isPartOf":{"@id":"https:\/\/elfsight.com\/fr\/#website"},"datePublished":"2024-11-02T12:10:38+00:00","dateModified":"2025-07-10T14:08:08+00:00","description":"Il est parfaitement simple de cr\u00e9er votre meilleur widget Compteur de visiteurs et de l\u2019ajouter au site Web. D\u00e9marrez votre propre site View Counter pour HTML d\u00e8s maintenant\u00a0!","breadcrumb":{"@id":"https:\/\/elfsight.com\/fr\/visitor-counter-widget\/html\/#breadcrumb"},"inLanguage":"fr-FR","potentialAction":[{"@type":"ReadAction","target":["https:\/\/elfsight.com\/fr\/visitor-counter-widget\/html\/"]}]},{"@type":"BreadcrumbList","@id":"https:\/\/elfsight.com\/fr\/visitor-counter-widget\/html\/#breadcrumb","itemListElement":[{"@type":"ListItem","position":1,"name":"Home","item":"https:\/\/elfsight.com\/fr\/"},{"@type":"ListItem","position":2,"name":"Visitor Counter","item":"https:\/\/elfsight.com\/fr\/visitor-counter-widget\/"},{"@type":"ListItem","position":3,"name":"Visitor Counter &#8211; HTML"}]},{"@type":"WebSite","@id":"https:\/\/elfsight.com\/fr\/#website","url":"https:\/\/elfsight.com\/fr\/","name":"Elfsight FR","description":"","potentialAction":[{"@type":"SearchAction","target":{"@type":"EntryPoint","urlTemplate":"https:\/\/elfsight.com\/fr\/?s={search_term_string}"},"query-input":{"@type":"PropertyValueSpecification","valueRequired":true,"valueName":"search_term_string"}}],"inLanguage":"fr-FR"}]}},"meta_box":{"industry":"","seo_heading":"","heading":"","description":"","cta_heading":"","cta_description":"","application":"2559","h1":"Widget du compteur de visiteurs HTML","h1_caption":"V\u00e9rifiez les statistiques de votre site et votre strat\u00e9gie commerciale de niveau sup\u00e9rieur","application_category":[],"applications_title":"","applications_request_title":"","applications_request_button_text":"","hero_text":"","hero_video":"","hero_video_schema_markup":"","selling_points_title":"","selling_points_caption":"","selling_points":[],"selling_points_cta_text":"","features_title":"","features":"","ed_cta_examples_text":"","ed_cta_examples_hidden":"","ed_cta_demo_text":"","ed_cta_demo_hidden":"","why_caption":"","why_editor_title":"","why_editor_text":"","why_team_title":"","why_team_text":"","why_service_title":"","why_service_text":"","template_catalog_visible":"0","template_catalog_title":"","template_catalog_text":"","template_catalog_categories_visible":"","demo_title":"D\u00e9p\u00eachez-vous de cr\u00e9er un compteur de visiteurs HTML sur mesure","demo_caption":"Personnalisez-le et impl\u00e9mentez le widget sur votre page d'accueil en appliquant la d\u00e9mo.","default_faq_hidden":"","app_template_category":[],"platform":"352","template_public_id":"","codecanyon_url":"","codecanyon_item_id":"","codecanyon_price":"","pricing_caption":"","pricing_elfsight_apps_hide_column":"","pricing_elfsight_apps_url":"","pricing_codecanyon_price_caption":"","integration_category":[],"integration_request_title":"","integration_request_cta":"","integration_platform":"","integrations":[],"platform_category":[],"video_schema_markup":"","price":"\u00e0 partir de 0$ \/ mois","trial":"","benefits":[{"text":"Service d'installation gratuit"},{"text":"Assistance premium"},{"text":"Garantie de remboursement de 14 jours"},{"text":"Mises \u00e0 jour gratuites \u00e0 vie"}],"button_url":"","button_target_blank":"0","button_nofollow":"0","attributes":[{"name":"Installations","content":"10,000 - 100,000"},{"name":"Sensible","content":"Oui"},{"name":"Navigateurs compatibles","content":"Firefox, Safari, Opera, Chrome, Edge"}],"tags":[],"tags_disable_links":"0","hide_more_platforms":"","video_object":"","demo_hide_cta":"0","demo_hide_cloud_options":"0","pricing_title":"","pricing":[{"pricing_icon":"platform","pricing_title":"Elfsight Apps","pricing_title_caption":"Solution ind\u00e9pendante de la plate-forme qui convient \u00e0 n'importe quel site Web","pricing_price":"from $0 \/ month","pricing_price_caption":"commencez avec un forfait gratuit","pricing_benefits":[{"text":"Sites Web illimit\u00e9s"},{"text":"Assistance d\u00e9di\u00e9e et ponctuelle"},{"text":"Aide \u00e0 l'installation gratuite"},{"text":"Enti\u00e8rement personnalisable"}],"pricing_button_text":"Ajouter au site Web","pricing_button_url":"#demo"}],"related_apps_title":"","related_apps_hidden":"0","author":"","image":[],"title":"","job":"","social_networks":[]},"_links":{"self":[{"href":"https:\/\/elfsight.com\/fr\/wp-json\/wp\/v2\/pages\/15226","targetHints":{"allow":["GET"]}}],"collection":[{"href":"https:\/\/elfsight.com\/fr\/wp-json\/wp\/v2\/pages"}],"about":[{"href":"https:\/\/elfsight.com\/fr\/wp-json\/wp\/v2\/types\/page"}],"author":[{"embeddable":true,"href":"https:\/\/elfsight.com\/fr\/wp-json\/wp\/v2\/users\/9"}],"replies":[{"embeddable":true,"href":"https:\/\/elfsight.com\/fr\/wp-json\/wp\/v2\/comments?post=15226"}],"version-history":[{"count":2,"href":"https:\/\/elfsight.com\/fr\/wp-json\/wp\/v2\/pages\/15226\/revisions"}],"predecessor-version":[{"id":15228,"href":"https:\/\/elfsight.com\/fr\/wp-json\/wp\/v2\/pages\/15226\/revisions\/15228"}],"up":[{"embeddable":true,"href":"https:\/\/elfsight.com\/fr\/wp-json\/wp\/v2\/pages\/2560"}],"wp:attachment":[{"href":"https:\/\/elfsight.com\/fr\/wp-json\/wp\/v2\/media?parent=15226"}],"curies":[{"name":"wp","href":"https:\/\/api.w.org\/{rel}","templated":true}]}}