{"id":1517,"date":"2020-07-24T11:21:14","date_gmt":"2020-07-24T11:21:14","guid":{"rendered":"https:\/\/elfsight.com\/fr\/?page_id=1517"},"modified":"2020-07-24T11:26:18","modified_gmt":"2020-07-24T11:26:18","slug":"create","status":"publish","type":"page","link":"https:\/\/elfsight.com\/fr\/team-showcase-widget\/create\/","title":{"rendered":"Team Showcase &#8211; Create"},"content":{"rendered":"\n<div class=\"faq\" data-component=\"FAQ\">\n<div class=\"faq-item\">\r\n\t\t\t\t\t<div class=\"faq-item-question\">\r\n\t\t\t\t\t\t<h3 class=\"faq-item-question-text\">Est-ce qu'il y a une opportunit\u00e9 de configurer le widget?<\/h3>\r\n\r\n\t\t\t\t\t\t<div class=\"faq-item-question-icon\"><\/div>\r\n\t\t\t\t\t<\/div>\r\n\r\n\t\t\t\t\t<div class=\"faq-item-answer\">\r\n\t\t\t\t\t\t<div class=\"faq-item-answer-text\">\n<p>Bien s\u00fbr! Vous \u00eates libre de le faire gr\u00e2ce \u00e0 notre d\u00e9mo live. Il suffit d&rsquo;aller dans la Section \u2018Style\u2019 et faire les modifications \u00e9ch\u00e9antes. Apr\u00e8s avoir termin\u00e9, sauvegarder vos r\u00e9glages. <\/p>\n<\/div>\r\n\t\t\t\t\t<\/div>\r\n\t\t\t\t<\/div>\n\n\n<div class=\"faq-item\">\r\n\t\t\t\t\t<div class=\"faq-item-question\">\r\n\t\t\t\t\t\t<h3 class=\"faq-item-question-text\">Comment se fait-il incorporer le Vitrine d'\u00e9quipe au site web?<\/h3>\r\n\r\n\t\t\t\t\t\t<div class=\"faq-item-question-icon\"><\/div>\r\n\t\t\t\t\t<\/div>\r\n\r\n\t\t\t\t\t<div class=\"faq-item-answer\">\r\n\t\t\t\t\t\t<div class=\"faq-item-answer-text\">\n<p>Vous avez seulement besoin de cr\u00e9er un outil, alors personnaliser son design et sauvegarder vos r\u00e9glages. Copiez le code et incorporer dans la mise en page. <\/p>\n<\/div>\r\n\t\t\t\t\t<\/div>\r\n\t\t\t\t<\/div>\n\n\n<div class=\"faq-item\">\r\n\t\t\t\t\t<div class=\"faq-item-question\">\r\n\t\t\t\t\t\t<h3 class=\"faq-item-question-text\">Est-ce que les plugins conformes \u00e0 ma plateforme web?<\/h3>\r\n\r\n\t\t\t\t\t\t<div class=\"faq-item-question-icon\"><\/div>\r\n\t\t\t\t\t<\/div>\r\n\r\n\t\t\t\t\t<div class=\"faq-item-answer\">\r\n\t\t\t\t\t\t<div class=\"faq-item-answer-text\">\n<p>Bien s\u00fbr! Tous les widgets sont con\u00e7us pour travailler sur presque toutes les bien connues plateformes de site poss\u00e9dants HTML (Tumblr, etc). Egalement, supposons que vous tombez sur des difficult\u00e9s, vous \u00eates libre de adresser \u00e0 notre \u00e9quipe d&rsquo;assistance. <\/p>\n<\/div>\r\n\t\t\t\t\t<\/div>\r\n\t\t\t\t<\/div>\n\n\n<div class=\"faq-item\">\r\n\t\t\t\t\t<div class=\"faq-item-question\">\r\n\t\t\t\t\t\t<h3 class=\"faq-item-question-text\">Est-ce que le widget bien ajust\u00e9 pour \u00eatre utilis\u00e9 sur les \u00e9crans mobiles?<\/h3>\r\n\r\n\t\t\t\t\t\t<div class=\"faq-item-question-icon\"><\/div>\r\n\t\t\t\t\t<\/div>\r\n\r\n\t\t\t\t\t<div class=\"faq-item-answer\">\r\n\t\t\t\t\t\t<div class=\"faq-item-answer-text\">\n<p>Absolument! Vous n&rsquo;avez pas \u00e0 vous concerner comment il fonctionne &#8211; tous les applications fonctionnent splendidement sur n&rsquo;importe quel dispositif vous utilisez actuellement. <\/p>\n<\/div>\r\n\t\t\t\t\t<\/div>\r\n\t\t\t\t<\/div>\n\n\n<div class=\"faq-item\">\r\n\t\t\t\t\t<div class=\"faq-item-question\">\r\n\t\t\t\t\t\t<h3 class=\"faq-item-question-text\">Puis-je ajuster la taille de Vitrine d'\u00e9quipe?<\/h3>\r\n\r\n\t\t\t\t\t\t<div class=\"faq-item-question-icon\"><\/div>\r\n\t\t\t\t\t<\/div>\r\n\r\n\t\t\t\t\t<div class=\"faq-item-answer\">\r\n\t\t\t\t\t\t<div class=\"faq-item-answer-text\">\n<p>Oui. Vous avez seulement besoin d&rsquo;ouvrir le d\u00e9mo interactif, ajuster les dimensions du plugin en px ou %. Vous pouvez \u00e9galement opter l&rsquo;option Auto pour qu&rsquo;il puisse rentrer dans l\u2019emplacement libre sur le site Internet.<\/p>\n<\/div>\r\n\t\t\t\t\t<\/div>\r\n\t\t\t\t<\/div>\n<\/div>\n\n","protected":false},"excerpt":{"rendered":"","protected":false},"author":12,"featured_media":0,"parent":1493,"menu_order":0,"comment_status":"closed","ping_status":"closed","template":"templates\/template-application-create.php","meta":{"publish_to_discourse":"","publish_post_category":"","wpdc_auto_publish_overridden":"","wpdc_topic_tags":"","wpdc_pin_topic":"","wpdc_pin_until":"","discourse_post_id":"","discourse_permalink":"","wpdc_publishing_response":"","wpdc_publishing_error":"","footnotes":""},"class_list":["post-1517","page","type-page","status-publish","hentry"],"yoast_head":"<!-- This site is optimized with the Yoast SEO plugin v25.3.1 - https:\/\/yoast.com\/wordpress\/plugins\/seo\/ -->\n<title>Cr\u00e9ez des vitrines d&#039;\u00e9quipe sur votre site Web en 2 minutes (tres rapide)<\/title>\n<meta name=\"description\" content=\"Cr\u00e9ez une page Nos membres de l&#039;\u00e9quipe sur votre site Web \u00e0 l&#039;aide d&#039;un \u00e9diteur en ligne. Int\u00e9grez gratuitement le plugin vitrine d&#039;\u00e9quipe \u00e0 Elfsight.\" \/>\n<meta name=\"robots\" content=\"index, follow, max-snippet:-1, max-image-preview:large, max-video-preview:-1\" \/>\n<link rel=\"canonical\" href=\"https:\/\/elfsight.com\/fr\/team-showcase-widget\/create\/\" \/>\n<meta property=\"og:locale\" content=\"fr_FR\" \/>\n<meta property=\"og:type\" content=\"article\" \/>\n<meta property=\"og:title\" content=\"Cr\u00e9ez des vitrines d&#039;\u00e9quipe sur votre site Web en 2 minutes (tres rapide)\" \/>\n<meta property=\"og:description\" content=\"Cr\u00e9ez une page Nos membres de l&#039;\u00e9quipe sur votre site Web \u00e0 l&#039;aide d&#039;un \u00e9diteur en ligne. Int\u00e9grez gratuitement le plugin vitrine d&#039;\u00e9quipe \u00e0 Elfsight.\" \/>\n<meta property=\"og:url\" content=\"https:\/\/elfsight.com\/fr\/team-showcase-widget\/create\/\" \/>\n<meta property=\"og:site_name\" content=\"Elfsight FR\" \/>\n<meta property=\"article:modified_time\" content=\"2020-07-24T11:26:18+00:00\" \/>\n<meta name=\"twitter:card\" content=\"summary_large_image\" \/>\n<meta name=\"twitter:label1\" content=\"Dur\u00e9e de lecture estim\u00e9e\" \/>\n\t<meta name=\"twitter:data1\" content=\"1 minute\" \/>\n<!-- \/ Yoast SEO plugin. -->","yoast_head_json":{"title":"Cr\u00e9ez des vitrines d'\u00e9quipe sur votre site Web en 2 minutes (tres rapide)","description":"Cr\u00e9ez une page Nos membres de l'\u00e9quipe sur votre site Web \u00e0 l'aide d'un \u00e9diteur en ligne. Int\u00e9grez gratuitement le plugin vitrine d'\u00e9quipe \u00e0 Elfsight.","robots":{"index":"index","follow":"follow","max-snippet":"max-snippet:-1","max-image-preview":"max-image-preview:large","max-video-preview":"max-video-preview:-1"},"canonical":"https:\/\/elfsight.com\/fr\/team-showcase-widget\/create\/","og_locale":"fr_FR","og_type":"article","og_title":"Cr\u00e9ez des vitrines d'\u00e9quipe sur votre site Web en 2 minutes (tres rapide)","og_description":"Cr\u00e9ez une page Nos membres de l'\u00e9quipe sur votre site Web \u00e0 l'aide d'un \u00e9diteur en ligne. Int\u00e9grez gratuitement le plugin vitrine d'\u00e9quipe \u00e0 Elfsight.","og_url":"https:\/\/elfsight.com\/fr\/team-showcase-widget\/create\/","og_site_name":"Elfsight FR","article_modified_time":"2020-07-24T11:26:18+00:00","twitter_card":"summary_large_image","twitter_misc":{"Dur\u00e9e de lecture estim\u00e9e":"1 minute"},"schema":{"@context":"https:\/\/schema.org","@graph":[{"@type":"WebPage","@id":"https:\/\/elfsight.com\/fr\/team-showcase-widget\/create\/","url":"https:\/\/elfsight.com\/fr\/team-showcase-widget\/create\/","name":"Cr\u00e9ez des vitrines d'\u00e9quipe sur votre site Web en 2 minutes (tres rapide)","isPartOf":{"@id":"https:\/\/elfsight.com\/fr\/#website"},"datePublished":"2020-07-24T11:21:14+00:00","dateModified":"2020-07-24T11:26:18+00:00","description":"Cr\u00e9ez une page Nos membres de l'\u00e9quipe sur votre site Web \u00e0 l'aide d'un \u00e9diteur en ligne. Int\u00e9grez gratuitement le plugin vitrine d'\u00e9quipe \u00e0 Elfsight.","breadcrumb":{"@id":"https:\/\/elfsight.com\/fr\/team-showcase-widget\/create\/#breadcrumb"},"inLanguage":"fr-FR","potentialAction":[{"@type":"ReadAction","target":["https:\/\/elfsight.com\/fr\/team-showcase-widget\/create\/"]}]},{"@type":"BreadcrumbList","@id":"https:\/\/elfsight.com\/fr\/team-showcase-widget\/create\/#breadcrumb","itemListElement":[{"@type":"ListItem","position":1,"name":"Home","item":"https:\/\/elfsight.com\/fr\/"},{"@type":"ListItem","position":2,"name":"Team Showcase","item":"https:\/\/elfsight.com\/fr\/team-showcase-widget\/"},{"@type":"ListItem","position":3,"name":"Team Showcase &#8211; Create"}]},{"@type":"WebSite","@id":"https:\/\/elfsight.com\/fr\/#website","url":"https:\/\/elfsight.com\/fr\/","name":"Elfsight FR","description":"","potentialAction":[{"@type":"SearchAction","target":{"@type":"EntryPoint","urlTemplate":"https:\/\/elfsight.com\/fr\/?s={search_term_string}"},"query-input":{"@type":"PropertyValueSpecification","valueRequired":true,"valueName":"search_term_string"}}],"inLanguage":"fr-FR"}]}},"meta_box":{"industry":"","seo_heading":"","heading":"","description":"","cta_heading":"","cta_description":"","application":"1454","h1":"","h1_caption":"Ajoutez le plugin Team Members \u00e0 votre site Web. Vite. Facile. Pas de codage.","application_category":[],"applications_title":"","applications_request_title":"","applications_request_button_text":"","hero_text":"","hero_video":"","hero_video_schema_markup":"","selling_points_title":"","selling_points_caption":"","selling_points":[],"selling_points_cta_text":"","features_title":"","features":"","ed_cta_examples_text":"","ed_cta_examples_hidden":"","ed_cta_demo_text":"","ed_cta_demo_hidden":"","why_caption":"","why_editor_title":"","why_editor_text":"","why_team_title":"","why_team_text":"","why_service_title":"","why_service_text":"","template_catalog_visible":"","template_catalog_title":"","template_catalog_text":"","template_catalog_categories_visible":"","demo_title":"","demo_caption":"","default_faq_hidden":"","app_template_category":[],"platform":"","template_public_id":"","codecanyon_url":"","codecanyon_item_id":"","codecanyon_price":"","pricing_caption":"","pricing_elfsight_apps_hide_column":"","pricing_elfsight_apps_url":"","pricing_codecanyon_price_caption":"","integration_category":[],"integration_request_title":"","integration_request_cta":"","integration_platform":"","integrations":[],"platform_category":[],"video_schema_markup":"","price":"","trial":"","benefits":[],"button_url":"","button_target_blank":"","button_nofollow":"","attributes":[],"tags":[],"tags_disable_links":"","hide_more_platforms":"","video_object":"","demo_hide_cta":"","demo_hide_cloud_options":"","pricing_title":"","pricing":[],"related_apps_title":"","related_apps_hidden":"","author":"","image":[],"title":"","job":"","social_networks":[]},"_links":{"self":[{"href":"https:\/\/elfsight.com\/fr\/wp-json\/wp\/v2\/pages\/1517","targetHints":{"allow":["GET"]}}],"collection":[{"href":"https:\/\/elfsight.com\/fr\/wp-json\/wp\/v2\/pages"}],"about":[{"href":"https:\/\/elfsight.com\/fr\/wp-json\/wp\/v2\/types\/page"}],"author":[{"embeddable":true,"href":"https:\/\/elfsight.com\/fr\/wp-json\/wp\/v2\/users\/12"}],"replies":[{"embeddable":true,"href":"https:\/\/elfsight.com\/fr\/wp-json\/wp\/v2\/comments?post=1517"}],"version-history":[{"count":3,"href":"https:\/\/elfsight.com\/fr\/wp-json\/wp\/v2\/pages\/1517\/revisions"}],"predecessor-version":[{"id":1520,"href":"https:\/\/elfsight.com\/fr\/wp-json\/wp\/v2\/pages\/1517\/revisions\/1520"}],"up":[{"embeddable":true,"href":"https:\/\/elfsight.com\/fr\/wp-json\/wp\/v2\/pages\/1493"}],"wp:attachment":[{"href":"https:\/\/elfsight.com\/fr\/wp-json\/wp\/v2\/media?parent=1517"}],"curies":[{"name":"wp","href":"https:\/\/api.w.org\/{rel}","templated":true}]}}