{"id":1508,"date":"2020-07-24T10:53:29","date_gmt":"2020-07-24T10:53:29","guid":{"rendered":"https:\/\/elfsight.com\/fr\/?page_id=1508"},"modified":"2020-07-24T11:01:13","modified_gmt":"2020-07-24T11:01:13","slug":"examples","status":"publish","type":"page","link":"https:\/\/elfsight.com\/fr\/team-showcase-widget\/examples\/","title":{"rendered":"Team Showcase &#8211; Examples"},"content":{"rendered":"\n<div class=\"application-examples-item application-examples-item-loading\">\n                            <div class=\"col-row\">\n                                <div class=\"col-6 col-m-8 col-s-12\"><h3 class=\"application-examples-item-title\">Exemple 1: Structure de l'entreprise<\/h3><div class=\"application-examples-item-description\">Avec le widget Elfsight, il est facile de pr\u00e9senter votre entreprise de mani\u00e8re ordonn\u00e9e et claire, m\u00eame si elle a une structure \u00e9tendue. Dans cet exemple, tous les employ\u00e9s sont r\u00e9partis dans quatre d\u00e9partements r\u00e9pertori\u00e9s sur la page. La disposition de la grille ne montre qu'un minimum de d\u00e9tails de contact, le reste peut \u00eatre consult\u00e9 dans une fen\u00eatre contextuelle<\/div><\/div>\n                <\/div>\n\n                <div class=\"application-examples-item-iframe-container browser-frame\">\n                    <div class=\"application-examples-item-iframe-wrapper\">\n                        <iframe class=\"application-examples-item-iframe\" data-src=\"https:\/\/elfsight.com\/examples?widget_id=0f53c6d6-1166-487e-b9c9-0d3847dcf2fe&padding=28px+40px+40px\" width=\"100%\" allow=\"autoplay; fullscreen\"><\/iframe>\n                    <\/div>\n\n                    <div class=\"application-examples-item-loader\"><\/div>\n                <\/div>\n            <\/div>\n\n<div class=\"application-examples-item application-examples-item-loading\">\n                            <div class=\"col-row\">\n                                <div class=\"col-6 col-m-8 col-s-12\"><h3 class=\"application-examples-item-title\">Exemple 2: Petite \u00e9quipe<\/h3><div class=\"application-examples-item-description\">Quelle que soit la taille de votre \u00e9quipe, vous pouvez trouver un bon moyen de la pr\u00e9senter. Ici, la disposition des cartes permet de montrer une \u00e9quipe plut\u00f4t serr\u00e9e mais de mani\u00e8re substantielle. Les t\u00e9l\u00e9spectateurs peuvent voir de grandes photos de vos personnes, leurs noms et leurs positions. L'appel \u00e0 l'action invite les utilisateurs \u00e0 rejoindre l'\u00e9quipe, et en cliquant sur le bouton, ils peuvent voir les postes vacants.<\/div><\/div>\n                <\/div>\n\n                <div class=\"application-examples-item-iframe-container browser-frame\">\n                    <div class=\"application-examples-item-iframe-wrapper\">\n                        <iframe class=\"application-examples-item-iframe\" data-src=\"https:\/\/elfsight.com\/examples?widget_id=2e589563-683d-4a0b-95c4-7aa6b0a429da&padding=28px+40px+40px\" width=\"100%\" allow=\"autoplay; fullscreen\"><\/iframe>\n                    <\/div>\n\n                    <div class=\"application-examples-item-loader\"><\/div>\n                <\/div>\n            <\/div> \n\n<div class=\"application-examples-item application-examples-item-loading\">\n                            <div class=\"col-row\">\n                                <div class=\"col-6 col-m-8 col-s-12\"><h3 class=\"application-examples-item-title\">Exemple 3: \u00c9quipe d\u00e9di\u00e9e<\/h3><div class=\"application-examples-item-description\">Dans cet exemple, vous pouvez voir comment notre widget permet \u00e0 vos visiteurs de trouver facilement leur manager. Tous les gestionnaires sont divis\u00e9s en quatre groupes - en fonction de leur ville. Le menu dans l'en-t\u00eate du widget propose aux utilisateurs de basculer entre les villes disponibles et d'afficher les gestionnaires ou de les voir tous dans une grille.<\/div><\/div>\n                <\/div>\n\n                <div class=\"application-examples-item-iframe-container browser-frame\">\n                    <div class=\"application-examples-item-iframe-wrapper\">\n                        <iframe class=\"application-examples-item-iframe\" data-src=\"https:\/\/elfsight.com\/examples?widget_id=1b1f0b42-5076-48f6-a8ae-e5edd1746660&padding=28px+40px+40px\" width=\"100%\" allow=\"autoplay; fullscreen\"><\/iframe>\n                    <\/div>\n\n                    <div class=\"application-examples-item-loader\"><\/div>\n                <\/div>\n            <\/div>\n\n<div class=\"application-examples-item application-examples-item-loading\">\n                            <div class=\"col-row\">\n                                <div class=\"col-6 col-m-8 col-s-12\"><h3 class=\"application-examples-item-title\">Exemple 4: Groupe de musique<\/h3><div class=\"application-examples-item-description\">Regardez avec quelle facilit\u00e9 le widget peut \u00eatre configur\u00e9 pour afficher les membres d'un groupe de musique. Il y a un\nchoix personnalis\u00e9 de la couleur d'arri\u00e8re-plan qui permet au widget de s'int\u00e9grer dans le concept de couleur du site Web. La disposition de la galerie montre en grand les photos des musiciens et leurs noms. En survol, l'animation r\u00e9v\u00e9lera les ic\u00f4nes des m\u00e9dias sociaux et proposera de voir plus d'informations dans une fen\u00eatre contextuelle.<\/div><\/div>\n                <\/div>\n\n                <div class=\"application-examples-item-iframe-container browser-frame\">\n                    <div class=\"application-examples-item-iframe-wrapper\">\n                        <iframe class=\"application-examples-item-iframe\" data-src=\"https:\/\/elfsight.com\/examples?widget_id=fb39f784-a561-4c9f-a2e5-f815740e24c4&padding=28px+40px+40px\" width=\"100%\" allow=\"autoplay; fullscreen\"><\/iframe>\n                    <\/div>\n\n                    <div class=\"application-examples-item-loader\"><\/div>\n                <\/div>\n            <\/div>\n\n<div class=\"application-examples-item application-examples-item-loading\">\n                            <div class=\"col-row\">\n                                <div class=\"col-6 col-m-8 col-s-12\"><h3 class=\"application-examples-item-title\">Exemple 5: Liste de l'\u00e9quipe<\/h3><div class=\"application-examples-item-description\">Dans cet exemple, le widget est utilis\u00e9 pour cr\u00e9er une grille avec les membres d'une \u00e9quipe de basket-ball. La carte d'information de chaque joueur et l'arri\u00e8re-plan sont peints aux couleurs de l'\u00e9quipe. Il n'y a qu'un nom et une position de jeu pour chaque membre de l'\u00e9quipe.<\/div><\/div>\n                <\/div>\n\n                <div class=\"application-examples-item-iframe-container browser-frame\">\n                    <div class=\"application-examples-item-iframe-wrapper\">\n                        <iframe class=\"application-examples-item-iframe\" data-src=\"https:\/\/elfsight.com\/examples?widget_id=dc5840e7-789d-42df-878f-a39285b335f3&padding=28px+40px+40px\" width=\"100%\" allow=\"autoplay; fullscreen\"><\/iframe>\n                    <\/div>\n\n                    <div class=\"application-examples-item-loader\"><\/div>\n                <\/div>\n            <\/div>\n\n<div class=\"application-cta-create\">\n                    <div class=\"application-cta-create-bg\">\n                        <div class=\"application-cta-create-bg-left\"><\/div>\n\n                        <div class=\"application-cta-create-bg-right\">\n                            <img decoding=\"async\" src=\"https:\/\/elfsight.com\/fr\/wp-content\/themes\/elfsight\/frontend\/assets\/img\/application-cta-create.jpg\" alt=\"Commencez par cr\u00e9er votre widget\">\n                        <\/div>\n                    <\/div>\n\n                    <div class=\"application-cta-create-content inner\">\n                        <div class=\"application-cta-create-content-inner\">\n                            <div class=\"application-cta-create-content-icon\">\n                                <svg viewBox=\"0 0 25 25\" width=\"100%\" height=\"100%\">\n                                    <use xlink:href=\"#icon-settings\"><\/use>\n                                <\/svg>\n                            <\/div>\n\n                            <div class=\"application-cta-create-content-title\">Commencez par cr\u00e9er votre widget<\/div>\n\n                            <div class=\"application-cta-create-content-text\">Vite. Facile. Pas de codage.<\/div>\n\n                            <a class=\"application-cta-create-content-button button-48 button-has-right-icon button-black button\" href=\"\">\n                                <span class=\"button-label\">Cr\u00e9er un widget<\/span>\n\n                                <svg class=\"button-icon\">\n                                    <use xlink:href=\"#icon-arrow-link\"><\/use>\n                                <\/svg>\n                            <\/a>\n                        <\/div>\n                    <\/div>\n                <\/div>\n\n<div class=\"application-examples-item application-examples-item-loading\">\n                            <div class=\"col-row\">\n                                <div class=\"col-6 col-m-8 col-s-12\"><h3 class=\"application-examples-item-title\">Exemple 6: Nos enseignants<\/h3><div class=\"application-examples-item-description\">Notre widget peut vous aider \u00e0 montrer \u00e0 votre personnel acad\u00e9mique afin qu'il gagne la confiance de l'audience du site. Vous pouvez voir que chaque enseignant est pr\u00e9sent\u00e9 \u00e0 travers une photo, qui r\u00e9v\u00e8le une courte biographie et des traits personnels dans une fen\u00eatre contextuelle. L'option automatique de taille permet au widget de remplir tout l'espace disponible sur la page.<\/div><\/div>\n                <\/div>\n\n                <div class=\"application-examples-item-iframe-container browser-frame\">\n                    <div class=\"application-examples-item-iframe-wrapper\">\n                        <iframe class=\"application-examples-item-iframe\" data-src=\"https:\/\/elfsight.com\/examples?widget_id=ff988b05-6de8-4bd7-9f8e-0ac90f96da2c&padding=28px+40px+40px\" width=\"100%\" allow=\"autoplay; fullscreen\"><\/iframe>\n                    <\/div>\n\n                    <div class=\"application-examples-item-loader\"><\/div>\n                <\/div>\n            <\/div>\n\n<div class=\"application-examples-item application-examples-item-loading\">\n                            <div class=\"col-row\">\n                                <div class=\"col-6 col-m-8 col-s-12\"><h3 class=\"application-examples-item-title\">Exemple 7: Aptitude<\/h3><div class=\"application-examples-item-description\">Voici un bon moyen de parler des entra\u00eeneurs qui travaillent dans un club de sport et de montrer leurs talents de motivation. En utilisant la mise en page Liste, vous pouvez afficher de nombreuses informations textuelles \u00e0 c\u00f4t\u00e9 de la photo. Ici, vous pouvez lire des informations d\u00e9taill\u00e9es sur chaque entra\u00eeneur et voir leur philosophie d'entra\u00eenement et la devise de motivation pr\u00e9f\u00e9r\u00e9e sur l'entra\u00eenement sportif.<\/div><\/div>\n                <\/div>\n\n                <div class=\"application-examples-item-iframe-container browser-frame\">\n                    <div class=\"application-examples-item-iframe-wrapper\">\n                        <iframe class=\"application-examples-item-iframe\" data-src=\"https:\/\/elfsight.com\/examples?widget_id=98653925-04cd-401a-a575-bb4a89b0346a&padding=28px+40px+40px\" width=\"100%\" allow=\"autoplay; fullscreen\"><\/iframe>\n                    <\/div>\n\n                    <div class=\"application-examples-item-loader\"><\/div>\n                <\/div>\n            <\/div>\n\n<div class=\"application-examples-item application-examples-item-loading\">\n                            <div class=\"col-row\">\n                                <div class=\"col-6 col-m-8 col-s-12\"><h3 class=\"application-examples-item-title\">Exemple 8: Barbiers<\/h3><div class=\"application-examples-item-description\">Rendre impossible pour un utilisateur de quitter votre site sans rendez-vous. Dans cet exemple, les services de coiffeur sont pr\u00e9sent\u00e9s de mani\u00e8re vraiment convaincante. Avec la mise en page Galerie, les photos sont massives, propres et accrocheuses. Toutes les informations suppl\u00e9mentaires sont masqu\u00e9es dans la fen\u00eatre contextuelle. Une phrase d'appel \u00e0 l'action unique et un bouton pour prendre rendez-vous aident \u00e0 attirer de nouveaux clients.<\/div><\/div>\n                <\/div>\n\n                <div class=\"application-examples-item-iframe-container browser-frame\">\n                    <div class=\"application-examples-item-iframe-wrapper\">\n                        <iframe class=\"application-examples-item-iframe\" data-src=\"https:\/\/elfsight.com\/examples?widget_id=a078d1e1-94f4-455e-ae1d-9407c0415692&padding=28px+40px+40px\" width=\"100%\" allow=\"autoplay; fullscreen\"><\/iframe>\n                    <\/div>\n\n                    <div class=\"application-examples-item-loader\"><\/div>\n                <\/div>\n            <\/div>\n\n<div class=\"application-examples-item application-examples-item-loading\">\n                            <div class=\"col-row\">\n                                <div class=\"col-6 col-m-8 col-s-12\"><h3 class=\"application-examples-item-title\">Exemple 9: M\u00e9decins<\/h3><div class=\"application-examples-item-description\">Un autre exemple de ce dont notre widget est capable. Ici, il se transforme en vitrine du personnel m\u00e9dical. L'aspect propre et strict est apport\u00e9 par la mise en page de la liste et le choix personnalis\u00e9 des couleurs, qui sont associ\u00e9s \u00e0 la m\u00e9decine. Les fiches d'information en disent long sur chaque m\u00e9decin et il est possible de demander un rendez-vous en utilisant un bouton actif.<\/div><\/div>\n                <\/div>\n\n                <div class=\"application-examples-item-iframe-container browser-frame\">\n                    <div class=\"application-examples-item-iframe-wrapper\">\n                        <iframe class=\"application-examples-item-iframe\" data-src=\"https:\/\/elfsight.com\/examples?widget_id=fcf657e5-4aa5-41da-bebc-b447df12508a&padding=28px+40px+40px\" width=\"100%\" allow=\"autoplay; fullscreen\"><\/iframe>\n                    <\/div>\n\n                    <div class=\"application-examples-item-loader\"><\/div>\n                <\/div>\n            <\/div>\n","protected":false},"excerpt":{"rendered":"","protected":false},"author":12,"featured_media":0,"parent":1493,"menu_order":0,"comment_status":"closed","ping_status":"closed","template":"templates\/template-application-examples.php","meta":{"publish_to_discourse":"","publish_post_category":"","wpdc_auto_publish_overridden":"","wpdc_topic_tags":"","wpdc_pin_topic":"","wpdc_pin_until":"","discourse_post_id":"","discourse_permalink":"","wpdc_publishing_response":"","wpdc_publishing_error":"","footnotes":""},"class_list":["post-1508","page","type-page","status-publish","hentry"],"yoast_head":"<!-- This site is optimized with the Yoast SEO plugin v25.3.1 - https:\/\/yoast.com\/wordpress\/plugins\/seo\/ -->\n<title>Les meilleurs exemples de Team Showcase sur un site Web (Showcase)<\/title>\n<meta name=\"description\" content=\"TOP 9 des exemples de d\u00e9monstration d&#039;\u00e9quipe du site Web: structure de l&#039;entreprise, petite \u00e9quipe, torr\u00e9facteur d&#039;\u00e9quipe, groupe de musique, etc.\" \/>\n<meta name=\"robots\" content=\"index, follow, max-snippet:-1, max-image-preview:large, max-video-preview:-1\" \/>\n<link rel=\"canonical\" href=\"https:\/\/elfsight.com\/fr\/team-showcase-widget\/examples\/\" \/>\n<meta property=\"og:locale\" content=\"fr_FR\" \/>\n<meta property=\"og:type\" content=\"article\" \/>\n<meta property=\"og:title\" content=\"Les meilleurs exemples de Team Showcase sur un site Web (Showcase)\" \/>\n<meta property=\"og:description\" content=\"TOP 9 des exemples de d\u00e9monstration d&#039;\u00e9quipe du site Web: structure de l&#039;entreprise, petite \u00e9quipe, torr\u00e9facteur d&#039;\u00e9quipe, groupe de musique, etc.\" \/>\n<meta property=\"og:url\" content=\"https:\/\/elfsight.com\/fr\/team-showcase-widget\/examples\/\" \/>\n<meta property=\"og:site_name\" content=\"Elfsight FR\" \/>\n<meta property=\"article:modified_time\" content=\"2020-07-24T11:01:13+00:00\" \/>\n<meta name=\"twitter:card\" content=\"summary_large_image\" \/>\n<meta name=\"twitter:label1\" content=\"Dur\u00e9e de lecture estim\u00e9e\" \/>\n\t<meta name=\"twitter:data1\" content=\"4 minutes\" \/>\n<!-- \/ Yoast SEO plugin. -->","yoast_head_json":{"title":"Les meilleurs exemples de Team Showcase sur un site Web (Showcase)","description":"TOP 9 des exemples de d\u00e9monstration d'\u00e9quipe du site Web: structure de l'entreprise, petite \u00e9quipe, torr\u00e9facteur d'\u00e9quipe, groupe de musique, etc.","robots":{"index":"index","follow":"follow","max-snippet":"max-snippet:-1","max-image-preview":"max-image-preview:large","max-video-preview":"max-video-preview:-1"},"canonical":"https:\/\/elfsight.com\/fr\/team-showcase-widget\/examples\/","og_locale":"fr_FR","og_type":"article","og_title":"Les meilleurs exemples de Team Showcase sur un site Web (Showcase)","og_description":"TOP 9 des exemples de d\u00e9monstration d'\u00e9quipe du site Web: structure de l'entreprise, petite \u00e9quipe, torr\u00e9facteur d'\u00e9quipe, groupe de musique, etc.","og_url":"https:\/\/elfsight.com\/fr\/team-showcase-widget\/examples\/","og_site_name":"Elfsight FR","article_modified_time":"2020-07-24T11:01:13+00:00","twitter_card":"summary_large_image","twitter_misc":{"Dur\u00e9e de lecture estim\u00e9e":"4 minutes"},"schema":{"@context":"https:\/\/schema.org","@graph":[{"@type":"WebPage","@id":"https:\/\/elfsight.com\/fr\/team-showcase-widget\/examples\/","url":"https:\/\/elfsight.com\/fr\/team-showcase-widget\/examples\/","name":"Les meilleurs exemples de Team Showcase sur un site Web (Showcase)","isPartOf":{"@id":"https:\/\/elfsight.com\/fr\/#website"},"datePublished":"2020-07-24T10:53:29+00:00","dateModified":"2020-07-24T11:01:13+00:00","description":"TOP 9 des exemples de d\u00e9monstration d'\u00e9quipe du site Web: structure de l'entreprise, petite \u00e9quipe, torr\u00e9facteur d'\u00e9quipe, groupe de musique, etc.","breadcrumb":{"@id":"https:\/\/elfsight.com\/fr\/team-showcase-widget\/examples\/#breadcrumb"},"inLanguage":"fr-FR","potentialAction":[{"@type":"ReadAction","target":["https:\/\/elfsight.com\/fr\/team-showcase-widget\/examples\/"]}]},{"@type":"BreadcrumbList","@id":"https:\/\/elfsight.com\/fr\/team-showcase-widget\/examples\/#breadcrumb","itemListElement":[{"@type":"ListItem","position":1,"name":"Home","item":"https:\/\/elfsight.com\/fr\/"},{"@type":"ListItem","position":2,"name":"Team Showcase","item":"https:\/\/elfsight.com\/fr\/team-showcase-widget\/"},{"@type":"ListItem","position":3,"name":"Team Showcase &#8211; Examples"}]},{"@type":"WebSite","@id":"https:\/\/elfsight.com\/fr\/#website","url":"https:\/\/elfsight.com\/fr\/","name":"Elfsight FR","description":"","potentialAction":[{"@type":"SearchAction","target":{"@type":"EntryPoint","urlTemplate":"https:\/\/elfsight.com\/fr\/?s={search_term_string}"},"query-input":{"@type":"PropertyValueSpecification","valueRequired":true,"valueName":"search_term_string"}}],"inLanguage":"fr-FR"}]}},"meta_box":{"industry":"","seo_heading":"","heading":"","description":"","cta_heading":"","cta_description":"","application":"1454","h1":"Exemples de Vitrine d'\u00e9quipe","h1_caption":"","application_category":[],"applications_title":"","applications_request_title":"","applications_request_button_text":"","hero_text":"","hero_video":"","hero_video_schema_markup":"","selling_points_title":"","selling_points_caption":"","selling_points":[],"selling_points_cta_text":"","features_title":"","features":"","ed_cta_examples_text":"","ed_cta_examples_hidden":"","ed_cta_demo_text":"","ed_cta_demo_hidden":"","why_caption":"","why_editor_title":"","why_editor_text":"","why_team_title":"","why_team_text":"","why_service_title":"","why_service_text":"","template_catalog_visible":"","template_catalog_title":"","template_catalog_text":"","template_catalog_categories_visible":"","demo_title":"","demo_caption":"","default_faq_hidden":"","app_template_category":[],"platform":"","template_public_id":"","codecanyon_url":"","codecanyon_item_id":"","codecanyon_price":"","pricing_caption":"","pricing_elfsight_apps_hide_column":"","pricing_elfsight_apps_url":"","pricing_codecanyon_price_caption":"","integration_category":[],"integration_request_title":"","integration_request_cta":"","integration_platform":"","integrations":[],"platform_category":[],"video_schema_markup":"","price":"","trial":"","benefits":[],"button_url":"","button_target_blank":"","button_nofollow":"","attributes":[],"tags":[],"tags_disable_links":"","hide_more_platforms":"","video_object":"","demo_hide_cta":"","demo_hide_cloud_options":"","pricing_title":"","pricing":[],"related_apps_title":"","related_apps_hidden":"","author":"","image":[],"title":"","job":"","social_networks":[]},"_links":{"self":[{"href":"https:\/\/elfsight.com\/fr\/wp-json\/wp\/v2\/pages\/1508","targetHints":{"allow":["GET"]}}],"collection":[{"href":"https:\/\/elfsight.com\/fr\/wp-json\/wp\/v2\/pages"}],"about":[{"href":"https:\/\/elfsight.com\/fr\/wp-json\/wp\/v2\/types\/page"}],"author":[{"embeddable":true,"href":"https:\/\/elfsight.com\/fr\/wp-json\/wp\/v2\/users\/12"}],"replies":[{"embeddable":true,"href":"https:\/\/elfsight.com\/fr\/wp-json\/wp\/v2\/comments?post=1508"}],"version-history":[{"count":5,"href":"https:\/\/elfsight.com\/fr\/wp-json\/wp\/v2\/pages\/1508\/revisions"}],"predecessor-version":[{"id":1513,"href":"https:\/\/elfsight.com\/fr\/wp-json\/wp\/v2\/pages\/1508\/revisions\/1513"}],"up":[{"embeddable":true,"href":"https:\/\/elfsight.com\/fr\/wp-json\/wp\/v2\/pages\/1493"}],"wp:attachment":[{"href":"https:\/\/elfsight.com\/fr\/wp-json\/wp\/v2\/media?parent=1508"}],"curies":[{"name":"wp","href":"https:\/\/api.w.org\/{rel}","templated":true}]}}