{"id":1480,"date":"2020-07-24T09:39:50","date_gmt":"2020-07-24T09:39:50","guid":{"rendered":"https:\/\/elfsight.com\/fr\/?page_id=1480"},"modified":"2022-03-21T10:50:30","modified_gmt":"2022-03-21T10:50:30","slug":"pricing","status":"publish","type":"page","link":"https:\/\/elfsight.com\/fr\/vimeo-video-gallery-widget\/pricing\/","title":{"rendered":"Vimeo Gallery &#8211; Pricing"},"content":{"rendered":"\n<div class=\"faq\" data-component=\"FAQ\">\n<div class=\"faq-item\">\r\n\t\t\t\t\t<div class=\"faq-item-question\">\r\n\t\t\t\t\t\t<h3 class=\"faq-item-question-text\">Y a-t-il une opportunit\u00e9 d\u2019utiliser les widgets qui vous avez sans frais? <\/h3>\r\n\r\n\t\t\t\t\t\t<div class=\"faq-item-question-icon\"><\/div>\r\n\t\t\t\t\t<\/div>\r\n\r\n\t\t\t\t\t<div class=\"faq-item-answer\">\r\n\t\t\t\t\t\t<div class=\"faq-item-answer-text\">\nBien entendu! Tout ce que vous devez faire est cr\u00e9er une applications et s\u00e9lectionner la tarification gratuite. \n<\/div>\r\n\t\t\t\t\t<\/div>\r\n\t\t\t\t<\/div>\n\n\n<div class=\"faq-item\">\r\n\t\t\t\t\t<div class=\"faq-item-question\">\r\n\t\t\t\t\t\t<h3 class=\"faq-item-question-text\">Avez-vous une p\u00e9riode d'essai gratuite? <\/h3>\r\n\r\n\t\t\t\t\t\t<div class=\"faq-item-question-icon\"><\/div>\r\n\t\t\t\t\t<\/div>\r\n\r\n\t\t\t\t\t<div class=\"faq-item-answer\">\r\n\t\t\t\t\t\t<div class=\"faq-item-answer-text\">\nNon, nous n&rsquo;avons pas de p\u00e9riode d&rsquo;\u00e9valuation. En variante, vous pouvez s\u00e9lectionner la tarification gratuite et explorer tous les options de nos outils. Le forfait gratuit n\u2019a pas de limites donc vous aurez la compr\u00e9hension de tous les caract\u00e9ristiques d&rsquo;un simple clic. \n<\/div>\r\n\t\t\t\t\t<\/div>\r\n\t\t\t\t<\/div>\n\n<div class=\"faq-item\">\r\n\t\t\t\t\t<div class=\"faq-item-question\">\r\n\t\t\t\t\t\t<h3 class=\"faq-item-question-text\">Avez-vous \u00e0 fournir des baisse de prix? <\/h3>\r\n\r\n\t\t\t\t\t\t<div class=\"faq-item-question-icon\"><\/div>\r\n\t\t\t\t\t<\/div>\r\n\r\n\t\t\t\t\t<div class=\"faq-item-answer\">\r\n\t\t\t\t\t\t<div class=\"faq-item-answer-text\">\nOui, vous pouvez gagner une remise de 20% pour le premier abonnement commercial. De plus, nous offrons 30% coupon de r\u00e9duction pour une seconde abonnement unique suivant. \n<\/div>\r\n\t\t\t\t\t<\/div>\r\n\t\t\t\t<\/div>\n\n<div class=\"faq-item\">\r\n\t\t\t\t\t<div class=\"faq-item-question\">\r\n\t\t\t\t\t\t<h3 class=\"faq-item-question-text\">Y a-t-il une possibilit\u00e9 \u00e0 changer mon plan sur la route? <\/h3>\r\n\r\n\t\t\t\t\t\t<div class=\"faq-item-question-icon\"><\/div>\r\n\t\t\t\t\t<\/div>\r\n\r\n\t\t\t\t\t<div class=\"faq-item-answer\">\r\n\t\t\t\t\t\t<div class=\"faq-item-answer-text\">\nBien s\u00fbr! Vous pouvez am\u00e9liorer ou downgrade votre plan en tout temps. L&rsquo;argent que vous avez pay\u00e9 pour le abonnement ant\u00e9c\u00e9dent sera converti en le nouveau plan. \n<\/div>\r\n\t\t\t\t\t<\/div>\r\n\t\t\t\t<\/div>\n\n<div class=\"faq-item\">\r\n\t\t\t\t\t<div class=\"faq-item-question\">\r\n\t\t\t\t\t\t<h3 class=\"faq-item-question-text\">Qu'est-ce que la restriction sur vues du plugin? <\/h3>\r\n\r\n\t\t\t\t\t\t<div class=\"faq-item-question-icon\"><\/div>\r\n\t\t\t\t\t<\/div>\r\n\r\n\t\t\t\t\t<div class=\"faq-item-answer\">\r\n\t\t\t\t\t\t<div class=\"faq-item-answer-text\">\nLe montant de vues de widget il est le m\u00eame que le montant de ses t\u00e9l\u00e9chargements sur le site Web. Vues affichent, \u00e0 quelle fr\u00e9quence widget utilisateurs uniques ont regard\u00e9. N&rsquo;oubliez pas que que pour chaque plan ses restrictions sur quantit\u00e9 de vues de widget. \n<\/div>\r\n\t\t\t\t\t<\/div>\r\n\t\t\t\t<\/div>\n\n<div class=\"faq-item\">\r\n\t\t\t\t\t<div class=\"faq-item-question\">\r\n\t\t\t\t\t\t<h3 class=\"faq-item-question-text\">Y a-t-il des restrictions sur la quantit\u00e9 de sites Web sur lesquels j\u2019ai une possibilit\u00e9 d\u2019int\u00e9grer mon plugin? <\/h3>\r\n\r\n\t\t\t\t\t\t<div class=\"faq-item-question-icon\"><\/div>\r\n\t\t\t\t\t<\/div>\r\n\r\n\t\t\t\t\t<div class=\"faq-item-answer\">\r\n\t\t\t\t\t\t<div class=\"faq-item-answer-text\">\nNotre Plan Lite gratuit permet \u00e0 placer le plugin sur un seul site et construire un seul outil. Aucun des plans premium n\u2019a pas une telle limitation, c&rsquo;est-\u00e0-dire que le plugin peut \u00eatre plac\u00e9 sur un le montant de sites Web illimit\u00e9. \n<\/div>\r\n\t\t\t\t\t<\/div>\r\n\t\t\t\t<\/div>\n\n<div class=\"faq-item\">\r\n\t\t\t\t\t<div class=\"faq-item-question\">\r\n\t\t\t\t\t\t<h3 class=\"faq-item-question-text\">Fournissez-vous l\u2019aide gratuite avec l\u2019int\u00e9gration? <\/h3>\r\n\r\n\t\t\t\t\t\t<div class=\"faq-item-question-icon\"><\/div>\r\n\t\t\t\t\t<\/div>\r\n\r\n\t\t\t\t\t<div class=\"faq-item-answer\">\r\n\t\t\t\t\t\t<div class=\"faq-item-answer-text\">\nBien s\u00fbr, nous accordons une assistance d&rsquo;int\u00e9gration gratuite pour tous cat\u00e9gories d&rsquo; utilisateurs. N&rsquo;h\u00e9sitez pas \u00e0 faire appel \u00e0 notre service clients si vous en auriez besoin. \n<\/div>\r\n\t\t\t\t\t<\/div>\r\n\t\t\t\t<\/div>\n<\/div>\n","protected":false},"excerpt":{"rendered":"","protected":false},"author":9,"featured_media":0,"parent":1455,"menu_order":0,"comment_status":"closed","ping_status":"closed","template":"templates\/template-application-pricing.php","meta":{"publish_to_discourse":"","publish_post_category":"","wpdc_auto_publish_overridden":"","wpdc_topic_tags":"","wpdc_pin_topic":"","wpdc_pin_until":"","discourse_post_id":"","discourse_permalink":"","wpdc_publishing_response":"","wpdc_publishing_error":"","footnotes":""},"class_list":["post-1480","page","type-page","status-publish","hentry"],"yoast_head":"<!-- This site is optimized with the Yoast SEO plugin v25.3.1 - https:\/\/yoast.com\/wordpress\/plugins\/seo\/ -->\n<title>Galerie vid\u00e9o Elfsight Vimeo pour site Web - Prix (gratuit et Premium)<\/title>\n<meta name=\"description\" content=\"Cr\u00e9ez votre widget Galerie Vimeo pour le site Web au prix le plus bas! Tarifs sur le widget Vimeo en utilisant une gamme de gratuit \u00e0 premium.\" \/>\n<meta name=\"robots\" content=\"index, follow, max-snippet:-1, max-image-preview:large, max-video-preview:-1\" \/>\n<link rel=\"canonical\" href=\"https:\/\/elfsight.com\/fr\/vimeo-video-gallery-widget\/pricing\/\" \/>\n<meta property=\"og:locale\" content=\"fr_FR\" \/>\n<meta property=\"og:type\" content=\"article\" \/>\n<meta property=\"og:title\" content=\"Galerie vid\u00e9o Elfsight Vimeo pour site Web - Prix (gratuit et Premium)\" \/>\n<meta property=\"og:description\" content=\"Cr\u00e9ez votre widget Galerie Vimeo pour le site Web au prix le plus bas! Tarifs sur le widget Vimeo en utilisant une gamme de gratuit \u00e0 premium.\" \/>\n<meta property=\"og:url\" content=\"https:\/\/elfsight.com\/fr\/vimeo-video-gallery-widget\/pricing\/\" \/>\n<meta property=\"og:site_name\" content=\"Elfsight FR\" \/>\n<meta property=\"article:modified_time\" content=\"2022-03-21T10:50:30+00:00\" \/>\n<meta name=\"twitter:card\" content=\"summary_large_image\" \/>\n<meta name=\"twitter:label1\" content=\"Dur\u00e9e de lecture estim\u00e9e\" \/>\n\t<meta name=\"twitter:data1\" content=\"2 minutes\" \/>\n<!-- \/ Yoast SEO plugin. -->","yoast_head_json":{"title":"Galerie vid\u00e9o Elfsight Vimeo pour site Web - Prix (gratuit et Premium)","description":"Cr\u00e9ez votre widget Galerie Vimeo pour le site Web au prix le plus bas! Tarifs sur le widget Vimeo en utilisant une gamme de gratuit \u00e0 premium.","robots":{"index":"index","follow":"follow","max-snippet":"max-snippet:-1","max-image-preview":"max-image-preview:large","max-video-preview":"max-video-preview:-1"},"canonical":"https:\/\/elfsight.com\/fr\/vimeo-video-gallery-widget\/pricing\/","og_locale":"fr_FR","og_type":"article","og_title":"Galerie vid\u00e9o Elfsight Vimeo pour site Web - Prix (gratuit et Premium)","og_description":"Cr\u00e9ez votre widget Galerie Vimeo pour le site Web au prix le plus bas! Tarifs sur le widget Vimeo en utilisant une gamme de gratuit \u00e0 premium.","og_url":"https:\/\/elfsight.com\/fr\/vimeo-video-gallery-widget\/pricing\/","og_site_name":"Elfsight FR","article_modified_time":"2022-03-21T10:50:30+00:00","twitter_card":"summary_large_image","twitter_misc":{"Dur\u00e9e de lecture estim\u00e9e":"2 minutes"},"schema":{"@context":"https:\/\/schema.org","@graph":[{"@type":"WebPage","@id":"https:\/\/elfsight.com\/fr\/vimeo-video-gallery-widget\/pricing\/","url":"https:\/\/elfsight.com\/fr\/vimeo-video-gallery-widget\/pricing\/","name":"Galerie vid\u00e9o Elfsight Vimeo pour site Web - Prix (gratuit et Premium)","isPartOf":{"@id":"https:\/\/elfsight.com\/fr\/#website"},"datePublished":"2020-07-24T09:39:50+00:00","dateModified":"2022-03-21T10:50:30+00:00","description":"Cr\u00e9ez votre widget Galerie Vimeo pour le site Web au prix le plus bas! Tarifs sur le widget Vimeo en utilisant une gamme de gratuit \u00e0 premium.","breadcrumb":{"@id":"https:\/\/elfsight.com\/fr\/vimeo-video-gallery-widget\/pricing\/#breadcrumb"},"inLanguage":"fr-FR","potentialAction":[{"@type":"ReadAction","target":["https:\/\/elfsight.com\/fr\/vimeo-video-gallery-widget\/pricing\/"]}]},{"@type":"BreadcrumbList","@id":"https:\/\/elfsight.com\/fr\/vimeo-video-gallery-widget\/pricing\/#breadcrumb","itemListElement":[{"@type":"ListItem","position":1,"name":"Home","item":"https:\/\/elfsight.com\/fr\/"},{"@type":"ListItem","position":2,"name":"Vimeo Gallery","item":"https:\/\/elfsight.com\/fr\/vimeo-video-gallery-widget\/"},{"@type":"ListItem","position":3,"name":"Vimeo Gallery &#8211; Pricing"}]},{"@type":"WebSite","@id":"https:\/\/elfsight.com\/fr\/#website","url":"https:\/\/elfsight.com\/fr\/","name":"Elfsight FR","description":"","potentialAction":[{"@type":"SearchAction","target":{"@type":"EntryPoint","urlTemplate":"https:\/\/elfsight.com\/fr\/?s={search_term_string}"},"query-input":{"@type":"PropertyValueSpecification","valueRequired":true,"valueName":"search_term_string"}}],"inLanguage":"fr-FR"}]}},"meta_box":{"industry":"","seo_heading":"","heading":"","description":"","cta_heading":"","cta_description":"","application":"1449","h1":"","h1_caption":"","application_category":[],"applications_title":"","applications_request_title":"","applications_request_button_text":"","hero_text":"","hero_video":"","hero_video_schema_markup":"","selling_points_title":"","selling_points_caption":"","selling_points":[],"selling_points_cta_text":"","features_title":"","features":"","ed_cta_examples_text":"","ed_cta_examples_hidden":"","ed_cta_demo_text":"","ed_cta_demo_hidden":"","why_caption":"","why_editor_title":"","why_editor_text":"","why_team_title":"","why_team_text":"","why_service_title":"","why_service_text":"","template_catalog_visible":"","template_catalog_title":"","template_catalog_text":"","template_catalog_categories_visible":"","demo_title":"","demo_caption":"","default_faq_hidden":"1","app_template_category":[],"platform":"","template_public_id":"","codecanyon_url":"","codecanyon_item_id":"","codecanyon_price":"","pricing_caption":"","pricing_elfsight_apps_hide_column":"","pricing_elfsight_apps_url":"","pricing_codecanyon_price_caption":"","integration_category":[],"integration_request_title":"","integration_request_cta":"","integration_platform":"","integrations":[],"platform_category":[],"video_schema_markup":"","price":"","trial":"","benefits":[],"button_url":"","button_target_blank":"","button_nofollow":"","attributes":[],"tags":[],"tags_disable_links":"","hide_more_platforms":"","video_object":"","demo_hide_cta":"","demo_hide_cloud_options":"","pricing_title":"","pricing":[],"related_apps_title":"","related_apps_hidden":"","author":"","image":[],"title":"","job":"","social_networks":[]},"_links":{"self":[{"href":"https:\/\/elfsight.com\/fr\/wp-json\/wp\/v2\/pages\/1480","targetHints":{"allow":["GET"]}}],"collection":[{"href":"https:\/\/elfsight.com\/fr\/wp-json\/wp\/v2\/pages"}],"about":[{"href":"https:\/\/elfsight.com\/fr\/wp-json\/wp\/v2\/types\/page"}],"author":[{"embeddable":true,"href":"https:\/\/elfsight.com\/fr\/wp-json\/wp\/v2\/users\/9"}],"replies":[{"embeddable":true,"href":"https:\/\/elfsight.com\/fr\/wp-json\/wp\/v2\/comments?post=1480"}],"version-history":[{"count":3,"href":"https:\/\/elfsight.com\/fr\/wp-json\/wp\/v2\/pages\/1480\/revisions"}],"predecessor-version":[{"id":6990,"href":"https:\/\/elfsight.com\/fr\/wp-json\/wp\/v2\/pages\/1480\/revisions\/6990"}],"up":[{"embeddable":true,"href":"https:\/\/elfsight.com\/fr\/wp-json\/wp\/v2\/pages\/1455"}],"wp:attachment":[{"href":"https:\/\/elfsight.com\/fr\/wp-json\/wp\/v2\/media?parent=1480"}],"curies":[{"name":"wp","href":"https:\/\/api.w.org\/{rel}","templated":true}]}}