{"id":14257,"date":"2024-08-27T12:00:11","date_gmt":"2024-08-27T12:00:11","guid":{"rendered":"https:\/\/elfsight.com\/fr\/?page_id=14257"},"modified":"2025-07-09T16:49:00","modified_gmt":"2025-07-09T16:49:00","slug":"create","status":"publish","type":"page","link":"https:\/\/elfsight.com\/fr\/blog-widget\/create\/","title":{"rendered":"Blog &#8211; Create"},"content":{"rendered":"<div class=\"faq\" data-component=\"FAQ\"><div class=\"faq-item\">\r\n\t\t\t\t\t<div class=\"faq-item-question\">\r\n\t\t\t\t\t\t<h3 class=\"faq-item-question-text\">Est-il possible de changer le design du plugin ? <\/h3>\r\n\r\n\t\t\t\t\t\t<div class=\"faq-item-question-icon\"><\/div>\r\n\t\t\t\t\t<\/div>\r\n\r\n\t\t\t\t\t<div class=\"faq-item-answer\">\r\n\t\t\t\t\t\t<div class=\"faq-item-answer-text\">Certainement ! Vous pouvez effectuer toutes les modifications n\u00e9cessaires dans notre \u00e9diteur pratique. Il vous suffit d&rsquo;aller dans la section Style et d&rsquo;introduire tous les ajustements cruciaux. Une fois que vous avez termin\u00e9, enregistrez les modifications.<\/div>\r\n\t\t\t\t\t<\/div>\r\n\t\t\t\t<\/div><div class=\"faq-item\">\r\n\t\t\t\t\t<div class=\"faq-item-question\">\r\n\t\t\t\t\t\t<h3 class=\"faq-item-question-text\">Comment puis-je int\u00e9grer le Blog dans le mod\u00e8le de mon site ? <\/h3>\r\n\r\n\t\t\t\t\t\t<div class=\"faq-item-question-icon\"><\/div>\r\n\t\t\t\t\t<\/div>\r\n\r\n\t\t\t\t\t<div class=\"faq-item-answer\">\r\n\t\t\t\t\t\t<div class=\"faq-item-answer-text\">Tout ce que vous avez \u00e0 faire est de concevoir votre outil, puis de modifier son design et d&rsquo;enregistrer les ajustements. Ensuite, prenez le code du widget que vous venez de cr\u00e9er et int\u00e9grez-le dans la mise en page que vous avez actuellement.<\/div>\r\n\t\t\t\t\t<\/div>\r\n\t\t\t\t<\/div><div class=\"faq-item\">\r\n\t\t\t\t\t<div class=\"faq-item-question\">\r\n\t\t\t\t\t\t<h3 class=\"faq-item-question-text\">Vos plugins sont-ils adaptables \u00e0 ma plateforme de site web ? <\/h3>\r\n\r\n\t\t\t\t\t\t<div class=\"faq-item-question-icon\"><\/div>\r\n\t\t\t\t\t<\/div>\r\n\r\n\t\t\t\t\t<div class=\"faq-item-answer\">\r\n\t\t\t\t\t\t<div class=\"faq-item-answer-text\">Nos plugins ont \u00e9t\u00e9 con\u00e7us pour fonctionner exceptionnellement bien sur presque toutes les plateformes de sites web connues. Veuillez consulter la liste ci-dessous : <a href=\"https:\/\/elfsight.com\/blog-widget\/adobe-muse\/\">Adobe Muse<\/a>, <a href=\"https:\/\/elfsight.com\/blog-widget\/bigcommerce\/\">BigCommerce<\/a>, <a href=\"https:\/\/elfsight.com\/blog-widget\/blogger\/\">Blogger<\/a>, <a href=\"https:\/\/elfsight.com\/blog-widget\/drupal\/\">Drupal<\/a>, <a href=\"https:\/\/elfsight.com\/blog-widget\/facebook\/\" target=\"_blank\" rel=\"noopener\">Page Facebook<\/a>, <a href=\"https:\/\/elfsight.com\/blog-widget\/elementor\/\">Elementor<\/a>, <a href=\"https:\/\/elfsight.com\/blog-widget\/joomla\/\">Joomla<\/a>, <a href=\"https:\/\/elfsight.com\/blog-widget\/jquery\/\">jQuery<\/a>, <a href=\"https:\/\/elfsight.com\/blog-widget\/iframe\/\">iFrame<\/a>, <a href=\"https:\/\/elfsight.com\/blog-widget\/magento\/\">Magento<\/a>, <a href=\"https:\/\/elfsight.com\/blog-widget\/html\/\">HTML<\/a>, <a href=\"https:\/\/elfsight.com\/blog-widget\/modx\/\">ModX<\/a>, <a href=\"https:\/\/elfsight.com\/blog-widget\/opencart\/\">OpenCart<\/a>, <a href=\"https:\/\/elfsight.com\/blog-widget\/shopify\/\">Shopify<\/a>, <a href=\"https:\/\/elfsight.com\/blog-widget\/squarespace\/\">Squarespace<\/a>, <a href=\"https:\/\/elfsight.com\/blog-widget\/webflow\/\">Webflow<\/a>, <a href=\"https:\/\/elfsight.com\/blog-widget\/webnode\/\">Webnode<\/a>, <a href=\"https:\/\/elfsight.com\/blog-widget\/weebly\/\">Weebly<\/a>, <a href=\"https:\/\/elfsight.com\/blog-widget\/wix\/\">Wix<\/a>, <a href=\"https:\/\/elfsight.com\/blog-widget\/wordpress\/\">WordPress<\/a>, <a href=\"https:\/\/elfsight.com\/blog-widget\/woocommerce\/\">WooCommerce<\/a>, <a href=\"https:\/\/elfsight.com\/blog-widget\/google-sites\/\" target=\"_blank\" rel=\"noopener\">Google Sites<\/a>.<\/div>\r\n\t\t\t\t\t<\/div>\r\n\t\t\t\t<\/div><div class=\"faq-item\">\r\n\t\t\t\t\t<div class=\"faq-item-question\">\r\n\t\t\t\t\t\t<h3 class=\"faq-item-question-text\">Votre widget est-il r\u00e9actif sur mobile ? <\/h3>\r\n\r\n\t\t\t\t\t\t<div class=\"faq-item-question-icon\"><\/div>\r\n\t\t\t\t\t<\/div>\r\n\r\n\t\t\t\t\t<div class=\"faq-item-answer\">\r\n\t\t\t\t\t\t<div class=\"faq-item-answer-text\">Absolument ! Vous n&rsquo;avez pas \u00e0 vous soucier de son efficacit\u00e9 &#8211; nos outils sont stables et ont un aspect fluide sur tout type d&rsquo;appareil que vous utilisez.<\/div>\r\n\t\t\t\t\t<\/div>\r\n\t\t\t\t<\/div><div class=\"faq-item\">\r\n\t\t\t\t\t<div class=\"faq-item-question\">\r\n\t\t\t\t\t\t<h3 class=\"faq-item-question-text\">Puis-je modifier les proportions du Blog ? <\/h3>\r\n\r\n\t\t\t\t\t\t<div class=\"faq-item-question-icon\"><\/div>\r\n\t\t\t\t\t<\/div>\r\n\r\n\t\t\t\t\t<div class=\"faq-item-answer\">\r\n\t\t\t\t\t\t<div class=\"faq-item-answer-text\">Oui. Tout ce que vous devez faire est d&rsquo;ouvrir simplement l&rsquo;\u00e9diteur, de d\u00e9finir la hauteur et le diam\u00e8tre du plugin en pixels ou en pourcentage. Ou vous pouvez choisir l&rsquo;option Auto pour qu&rsquo;il s&rsquo;adapte parfaitement \u00e0 l&rsquo;espace disponible sur votre page web.<\/div>\r\n\t\t\t\t\t<\/div>\r\n\t\t\t\t<\/div><\/div>","protected":false},"excerpt":{"rendered":"","protected":false},"author":9,"featured_media":0,"parent":14228,"menu_order":0,"comment_status":"closed","ping_status":"closed","template":"templates\/template-application-create.php","meta":{"publish_to_discourse":"","publish_post_category":"","wpdc_auto_publish_overridden":"","wpdc_topic_tags":"","wpdc_pin_topic":"","wpdc_pin_until":"","discourse_post_id":"","discourse_permalink":"","wpdc_publishing_response":"","wpdc_publishing_error":"","footnotes":""},"class_list":["post-14257","page","type-page","status-publish","hentry"],"yoast_head":"<!-- This site is optimized with the Yoast SEO plugin v25.3.1 - https:\/\/yoast.com\/wordpress\/plugins\/seo\/ -->\n<title>Cr\u00e9er un widget de blog pour raconter des histoires sur un site web [gratuit]<\/title>\n<meta name=\"description\" content=\"Cr\u00e9ez votre propre widget de blog pour r\u00e9diger des articles sur votre site web. Utilisez notre \u00e9diteur en ligne - c&#039;est gratuit et rapide avec Elfsight.\" \/>\n<meta name=\"robots\" content=\"index, follow, max-snippet:-1, max-image-preview:large, max-video-preview:-1\" \/>\n<link rel=\"canonical\" href=\"https:\/\/elfsight.com\/fr\/blog-widget\/create\/\" \/>\n<meta property=\"og:locale\" content=\"fr_FR\" \/>\n<meta property=\"og:type\" content=\"article\" \/>\n<meta property=\"og:title\" content=\"Cr\u00e9er un widget de blog pour raconter des histoires sur un site web [gratuit]\" \/>\n<meta property=\"og:description\" content=\"Cr\u00e9ez votre propre widget de blog pour r\u00e9diger des articles sur votre site web. Utilisez notre \u00e9diteur en ligne - c&#039;est gratuit et rapide avec Elfsight.\" \/>\n<meta property=\"og:url\" content=\"https:\/\/elfsight.com\/fr\/blog-widget\/create\/\" \/>\n<meta property=\"og:site_name\" content=\"Elfsight FR\" \/>\n<meta property=\"article:modified_time\" content=\"2025-07-09T16:49:00+00:00\" \/>\n<meta name=\"twitter:card\" content=\"summary_large_image\" \/>\n<meta name=\"twitter:label1\" content=\"Dur\u00e9e de lecture estim\u00e9e\" \/>\n\t<meta name=\"twitter:data1\" content=\"1 minute\" \/>\n<!-- \/ Yoast SEO plugin. -->","yoast_head_json":{"title":"Cr\u00e9er un widget de blog pour raconter des histoires sur un site web [gratuit]","description":"Cr\u00e9ez votre propre widget de blog pour r\u00e9diger des articles sur votre site web. Utilisez notre \u00e9diteur en ligne - c'est gratuit et rapide avec Elfsight.","robots":{"index":"index","follow":"follow","max-snippet":"max-snippet:-1","max-image-preview":"max-image-preview:large","max-video-preview":"max-video-preview:-1"},"canonical":"https:\/\/elfsight.com\/fr\/blog-widget\/create\/","og_locale":"fr_FR","og_type":"article","og_title":"Cr\u00e9er un widget de blog pour raconter des histoires sur un site web [gratuit]","og_description":"Cr\u00e9ez votre propre widget de blog pour r\u00e9diger des articles sur votre site web. Utilisez notre \u00e9diteur en ligne - c'est gratuit et rapide avec Elfsight.","og_url":"https:\/\/elfsight.com\/fr\/blog-widget\/create\/","og_site_name":"Elfsight FR","article_modified_time":"2025-07-09T16:49:00+00:00","twitter_card":"summary_large_image","twitter_misc":{"Dur\u00e9e de lecture estim\u00e9e":"1 minute"},"schema":{"@context":"https:\/\/schema.org","@graph":[{"@type":"WebPage","@id":"https:\/\/elfsight.com\/fr\/blog-widget\/create\/","url":"https:\/\/elfsight.com\/fr\/blog-widget\/create\/","name":"Cr\u00e9er un widget de blog pour raconter des histoires sur un site web [gratuit]","isPartOf":{"@id":"https:\/\/elfsight.com\/fr\/#website"},"datePublished":"2024-08-27T12:00:11+00:00","dateModified":"2025-07-09T16:49:00+00:00","description":"Cr\u00e9ez votre propre widget de blog pour r\u00e9diger des articles sur votre site web. Utilisez notre \u00e9diteur en ligne - c'est gratuit et rapide avec Elfsight.","breadcrumb":{"@id":"https:\/\/elfsight.com\/fr\/blog-widget\/create\/#breadcrumb"},"inLanguage":"fr-FR","potentialAction":[{"@type":"ReadAction","target":["https:\/\/elfsight.com\/fr\/blog-widget\/create\/"]}]},{"@type":"BreadcrumbList","@id":"https:\/\/elfsight.com\/fr\/blog-widget\/create\/#breadcrumb","itemListElement":[{"@type":"ListItem","position":1,"name":"Home","item":"https:\/\/elfsight.com\/fr\/"},{"@type":"ListItem","position":2,"name":"Blog","item":"https:\/\/elfsight.com\/fr\/blog-widget\/"},{"@type":"ListItem","position":3,"name":"Blog &#8211; Create"}]},{"@type":"WebSite","@id":"https:\/\/elfsight.com\/fr\/#website","url":"https:\/\/elfsight.com\/fr\/","name":"Elfsight FR","description":"","potentialAction":[{"@type":"SearchAction","target":{"@type":"EntryPoint","urlTemplate":"https:\/\/elfsight.com\/fr\/?s={search_term_string}"},"query-input":{"@type":"PropertyValueSpecification","valueRequired":true,"valueName":"search_term_string"}}],"inLanguage":"fr-FR"}]}},"meta_box":{"industry":"","seo_heading":"","heading":"","description":"","cta_heading":"","cta_description":"","application":"14223","h1":"","h1_caption":"","application_category":[],"applications_title":"","applications_request_title":"","applications_request_button_text":"","hero_text":"","hero_video":"","hero_video_schema_markup":"","selling_points_title":"","selling_points_caption":"","selling_points":[],"selling_points_cta_text":"","features_title":"","features":"","ed_cta_examples_text":"","ed_cta_examples_hidden":"","ed_cta_demo_text":"","ed_cta_demo_hidden":"","why_caption":"","why_editor_title":"","why_editor_text":"","why_team_title":"","why_team_text":"","why_service_title":"","why_service_text":"","template_catalog_visible":"","template_catalog_title":"","template_catalog_text":"","template_catalog_categories_visible":"","demo_title":"","demo_caption":"","default_faq_hidden":"","app_template_category":[],"platform":"","template_public_id":"","codecanyon_url":"","codecanyon_item_id":"","codecanyon_price":"","pricing_caption":"","pricing_elfsight_apps_hide_column":"","pricing_elfsight_apps_url":"","pricing_codecanyon_price_caption":"","integration_category":[],"integration_request_title":"","integration_request_cta":"","integration_platform":"","integrations":[],"platform_category":[],"video_schema_markup":"","price":"","trial":"","benefits":[],"button_url":"","button_target_blank":"","button_nofollow":"","attributes":[],"tags":[],"tags_disable_links":"","hide_more_platforms":"","video_object":"","demo_hide_cta":"","demo_hide_cloud_options":"","pricing_title":"","pricing":[],"related_apps_title":"","related_apps_hidden":"","author":"","image":[],"title":"","job":"","social_networks":[]},"_links":{"self":[{"href":"https:\/\/elfsight.com\/fr\/wp-json\/wp\/v2\/pages\/14257","targetHints":{"allow":["GET"]}}],"collection":[{"href":"https:\/\/elfsight.com\/fr\/wp-json\/wp\/v2\/pages"}],"about":[{"href":"https:\/\/elfsight.com\/fr\/wp-json\/wp\/v2\/types\/page"}],"author":[{"embeddable":true,"href":"https:\/\/elfsight.com\/fr\/wp-json\/wp\/v2\/users\/9"}],"replies":[{"embeddable":true,"href":"https:\/\/elfsight.com\/fr\/wp-json\/wp\/v2\/comments?post=14257"}],"version-history":[{"count":1,"href":"https:\/\/elfsight.com\/fr\/wp-json\/wp\/v2\/pages\/14257\/revisions"}],"predecessor-version":[{"id":14261,"href":"https:\/\/elfsight.com\/fr\/wp-json\/wp\/v2\/pages\/14257\/revisions\/14261"}],"up":[{"embeddable":true,"href":"https:\/\/elfsight.com\/fr\/wp-json\/wp\/v2\/pages\/14228"}],"wp:attachment":[{"href":"https:\/\/elfsight.com\/fr\/wp-json\/wp\/v2\/media?parent=14257"}],"curies":[{"name":"wp","href":"https:\/\/api.w.org\/{rel}","templated":true}]}}