{"id":14256,"date":"2024-09-17T09:08:30","date_gmt":"2024-09-17T09:08:30","guid":{"rendered":"https:\/\/elfsight.com\/fr\/?page_id=14256"},"modified":"2025-07-10T12:31:11","modified_gmt":"2025-07-10T12:31:11","slug":"create","status":"publish","type":"page","link":"https:\/\/elfsight.com\/fr\/poll-widget\/create\/","title":{"rendered":"Poll &#8211; Create"},"content":{"rendered":"<div class=\"faq\" data-component=\"FAQ\"><div class=\"faq-item\">\r\n\t\t\t\t\t<div class=\"faq-item-question\">\r\n\t\t\t\t\t\t<h3 class=\"faq-item-question-text\">Est-il possible de personnaliser le style du plugin ? <\/h3>\r\n\r\n\t\t\t\t\t\t<div class=\"faq-item-question-icon\"><\/div>\r\n\t\t\t\t\t<\/div>\r\n\r\n\t\t\t\t\t<div class=\"faq-item-answer\">\r\n\t\t\t\t\t\t<div class=\"faq-item-answer-text\">Bien s\u00fbr ! Vous pouvez effectuer toutes les modifications n\u00e9cessaires dans notre \u00e9diteur utile. Il vous suffit d&rsquo;aller dans l&rsquo;onglet Style et de proposer tous les changements n\u00e9cessaires. Une fois que vous avez termin\u00e9, enregistrez les modifications.<\/div>\r\n\t\t\t\t\t<\/div>\r\n\t\t\t\t<\/div><div class=\"faq-item\">\r\n\t\t\t\t\t<div class=\"faq-item-question\">\r\n\t\t\t\t\t\t<h3 class=\"faq-item-question-text\">Comment puis-je int\u00e9grer le sondage dans le mod\u00e8le de mon site ? <\/h3>\r\n\r\n\t\t\t\t\t\t<div class=\"faq-item-question-icon\"><\/div>\r\n\t\t\t\t\t<\/div>\r\n\r\n\t\t\t\t\t<div class=\"faq-item-answer\">\r\n\t\t\t\t\t\t<div class=\"faq-item-answer-text\">Il vous suffit de cr\u00e9er votre outil, puis de changer son design et d&rsquo;enregistrer les modifications. Copiez le code du plugin que vous venez de cr\u00e9er et int\u00e9grez-le dans le mod\u00e8le que vous avez actuellement.<\/div>\r\n\t\t\t\t\t<\/div>\r\n\t\t\t\t<\/div><div class=\"faq-item\">\r\n\t\t\t\t\t<div class=\"faq-item-question\">\r\n\t\t\t\t\t\t<h3 class=\"faq-item-question-text\">Vos widgets sont-ils adaptables \u00e0 ma plateforme de site web ? <\/h3>\r\n\r\n\t\t\t\t\t\t<div class=\"faq-item-question-icon\"><\/div>\r\n\t\t\t\t\t<\/div>\r\n\r\n\t\t\t\t\t<div class=\"faq-item-answer\">\r\n\t\t\t\t\t\t<div class=\"faq-item-answer-text\">Oui. Nous concevons nos produits pour fonctionner de mani\u00e8re optimale sur tout type de site web, par exemple : <a href=\"https:\/\/elfsight.com\/poll-widget\/wordpress\/\" target=\"_blank\" rel=\"noopener\">WordPress<\/a>, <a href=\"https:\/\/elfsight.com\/poll-widget\/shopify\/\" target=\"_blank\" rel=\"noopener\">Shopify<\/a>, <a href=\"https:\/\/elfsight.com\/poll-widget\/squarespace\/\" target=\"_blank\" rel=\"noopener\">Squarespace<\/a>, <a href=\"https:\/\/elfsight.com\/poll-widget\/wix\/\" target=\"_blank\" rel=\"noopener\">Wix<\/a>, <a href=\"https:\/\/elfsight.com\/poll-widget\/html\/\" target=\"_blank\" rel=\"noopener\">HTML<\/a>, <a href=\"https:\/\/elfsight.com\/poll-widget\/webflow\/\" target=\"_blank\" rel=\"noopener\">Webflow<\/a>, <a href=\"https:\/\/elfsight.com\/poll-widget\/elementor\/\" target=\"_blank\" rel=\"noopener\">Elementor<\/a>, <a href=\"https:\/\/elfsight.com\/poll-widget\/google-sites\/\" target=\"_blank\" rel=\"noopener\">Google Sites<\/a>, <a href=\"https:\/\/elfsight.com\/poll-widget\/iframe\/\" target=\"_blank\" rel=\"noopener\">iFrame<\/a>, <a href=\"https:\/\/elfsight.com\/poll-widget\/joomla\/\" target=\"_blank\" rel=\"noopener\">Joomla<\/a>.<\/div>\r\n\t\t\t\t\t<\/div>\r\n\t\t\t\t<\/div><div class=\"faq-item\">\r\n\t\t\t\t\t<div class=\"faq-item-question\">\r\n\t\t\t\t\t\t<h3 class=\"faq-item-question-text\">Votre plugin est-il r\u00e9actif ? <\/h3>\r\n\r\n\t\t\t\t\t\t<div class=\"faq-item-question-icon\"><\/div>\r\n\t\t\t\t\t<\/div>\r\n\r\n\t\t\t\t\t<div class=\"faq-item-answer\">\r\n\t\t\t\t\t\t<div class=\"faq-item-answer-text\">Exactement ! Vous n&rsquo;avez pas \u00e0 vous soucier de son fonctionnement &#8211; nos outils fonctionnent et ont un aspect fluide sur tout type d&rsquo;appareil que vous utilisez actuellement.<\/div>\r\n\t\t\t\t\t<\/div>\r\n\t\t\t\t<\/div><div class=\"faq-item\">\r\n\t\t\t\t\t<div class=\"faq-item-question\">\r\n\t\t\t\t\t\t<h3 class=\"faq-item-question-text\">Puis-je ajuster les param\u00e8tres de taille du sondage ? <\/h3>\r\n\r\n\t\t\t\t\t\t<div class=\"faq-item-question-icon\"><\/div>\r\n\t\t\t\t\t<\/div>\r\n\r\n\t\t\t\t\t<div class=\"faq-item-answer\">\r\n\t\t\t\t\t\t<div class=\"faq-item-answer-text\">Oui. Tout ce que vous devez faire ici est de vous rendre dans l&rsquo;\u00e9diteur, de d\u00e9finir la hauteur et la largeur de l&rsquo;outil en pixels ou en pourcentage. Ou vous pouvez choisir l&rsquo;option Auto pour qu&rsquo;il s&rsquo;adapte harmonieusement \u00e0 l&rsquo;espace disponible sur votre page web.<\/div>\r\n\t\t\t\t\t<\/div>\r\n\t\t\t\t<\/div><\/div>","protected":false},"excerpt":{"rendered":"","protected":false},"author":9,"featured_media":0,"parent":14233,"menu_order":0,"comment_status":"closed","ping_status":"closed","template":"templates\/template-application-create.php","meta":{"publish_to_discourse":"","publish_post_category":"","wpdc_auto_publish_overridden":"","wpdc_topic_tags":"","wpdc_pin_topic":"","wpdc_pin_until":"","discourse_post_id":"","discourse_permalink":"","wpdc_publishing_response":"","wpdc_publishing_error":"","footnotes":""},"class_list":["post-14256","page","type-page","status-publish","hentry"],"yoast_head":"<!-- This site is optimized with the Yoast SEO plugin v25.3.1 - https:\/\/yoast.com\/wordpress\/plugins\/seo\/ -->\n<title>Cr\u00e9er un widget de sondage pour raconter des histoires sur un site web [gratuit]<\/title>\n<meta name=\"description\" content=\"Cr\u00e9ez votre propre widget de sondage pour r\u00e9diger des articles sur votre site web. Utilisez notre \u00e9diteur en ligne - c&#039;est gratuit et rapide avec Elfsight.\" \/>\n<meta name=\"robots\" content=\"index, follow, max-snippet:-1, max-image-preview:large, max-video-preview:-1\" \/>\n<link rel=\"canonical\" href=\"https:\/\/elfsight.com\/fr\/poll-widget\/create\/\" \/>\n<meta property=\"og:locale\" content=\"fr_FR\" \/>\n<meta property=\"og:type\" content=\"article\" \/>\n<meta property=\"og:title\" content=\"Cr\u00e9er un widget de sondage pour raconter des histoires sur un site web [gratuit]\" \/>\n<meta property=\"og:description\" content=\"Cr\u00e9ez votre propre widget de sondage pour r\u00e9diger des articles sur votre site web. Utilisez notre \u00e9diteur en ligne - c&#039;est gratuit et rapide avec Elfsight.\" \/>\n<meta property=\"og:url\" content=\"https:\/\/elfsight.com\/fr\/poll-widget\/create\/\" \/>\n<meta property=\"og:site_name\" content=\"Elfsight FR\" \/>\n<meta property=\"article:modified_time\" content=\"2025-07-10T12:31:11+00:00\" \/>\n<meta name=\"twitter:card\" content=\"summary_large_image\" \/>\n<meta name=\"twitter:label1\" content=\"Dur\u00e9e de lecture estim\u00e9e\" \/>\n\t<meta name=\"twitter:data1\" content=\"1 minute\" \/>\n<!-- \/ Yoast SEO plugin. -->","yoast_head_json":{"title":"Cr\u00e9er un widget de sondage pour raconter des histoires sur un site web [gratuit]","description":"Cr\u00e9ez votre propre widget de sondage pour r\u00e9diger des articles sur votre site web. Utilisez notre \u00e9diteur en ligne - c'est gratuit et rapide avec Elfsight.","robots":{"index":"index","follow":"follow","max-snippet":"max-snippet:-1","max-image-preview":"max-image-preview:large","max-video-preview":"max-video-preview:-1"},"canonical":"https:\/\/elfsight.com\/fr\/poll-widget\/create\/","og_locale":"fr_FR","og_type":"article","og_title":"Cr\u00e9er un widget de sondage pour raconter des histoires sur un site web [gratuit]","og_description":"Cr\u00e9ez votre propre widget de sondage pour r\u00e9diger des articles sur votre site web. Utilisez notre \u00e9diteur en ligne - c'est gratuit et rapide avec Elfsight.","og_url":"https:\/\/elfsight.com\/fr\/poll-widget\/create\/","og_site_name":"Elfsight FR","article_modified_time":"2025-07-10T12:31:11+00:00","twitter_card":"summary_large_image","twitter_misc":{"Dur\u00e9e de lecture estim\u00e9e":"1 minute"},"schema":{"@context":"https:\/\/schema.org","@graph":[{"@type":"WebPage","@id":"https:\/\/elfsight.com\/fr\/poll-widget\/create\/","url":"https:\/\/elfsight.com\/fr\/poll-widget\/create\/","name":"Cr\u00e9er un widget de sondage pour raconter des histoires sur un site web [gratuit]","isPartOf":{"@id":"https:\/\/elfsight.com\/fr\/#website"},"datePublished":"2024-09-17T09:08:30+00:00","dateModified":"2025-07-10T12:31:11+00:00","description":"Cr\u00e9ez votre propre widget de sondage pour r\u00e9diger des articles sur votre site web. Utilisez notre \u00e9diteur en ligne - c'est gratuit et rapide avec Elfsight.","breadcrumb":{"@id":"https:\/\/elfsight.com\/fr\/poll-widget\/create\/#breadcrumb"},"inLanguage":"fr-FR","potentialAction":[{"@type":"ReadAction","target":["https:\/\/elfsight.com\/fr\/poll-widget\/create\/"]}]},{"@type":"BreadcrumbList","@id":"https:\/\/elfsight.com\/fr\/poll-widget\/create\/#breadcrumb","itemListElement":[{"@type":"ListItem","position":1,"name":"Home","item":"https:\/\/elfsight.com\/fr\/"},{"@type":"ListItem","position":2,"name":"Poll","item":"https:\/\/elfsight.com\/fr\/poll-widget\/"},{"@type":"ListItem","position":3,"name":"Poll &#8211; Create"}]},{"@type":"WebSite","@id":"https:\/\/elfsight.com\/fr\/#website","url":"https:\/\/elfsight.com\/fr\/","name":"Elfsight FR","description":"","potentialAction":[{"@type":"SearchAction","target":{"@type":"EntryPoint","urlTemplate":"https:\/\/elfsight.com\/fr\/?s={search_term_string}"},"query-input":{"@type":"PropertyValueSpecification","valueRequired":true,"valueName":"search_term_string"}}],"inLanguage":"fr-FR"}]}},"meta_box":{"industry":"","seo_heading":"","heading":"","description":"","cta_heading":"","cta_description":"","application":"14224","h1":"","h1_caption":"","application_category":[],"applications_title":"","applications_request_title":"","applications_request_button_text":"","hero_text":"","hero_video":"","hero_video_schema_markup":"","selling_points_title":"","selling_points_caption":"","selling_points":[],"selling_points_cta_text":"","features_title":"","features":"","ed_cta_examples_text":"","ed_cta_examples_hidden":"","ed_cta_demo_text":"","ed_cta_demo_hidden":"","why_caption":"","why_editor_title":"","why_editor_text":"","why_team_title":"","why_team_text":"","why_service_title":"","why_service_text":"","template_catalog_visible":"","template_catalog_title":"","template_catalog_text":"","template_catalog_categories_visible":"","demo_title":"","demo_caption":"","default_faq_hidden":"","app_template_category":[],"platform":"","template_public_id":"","codecanyon_url":"","codecanyon_item_id":"","codecanyon_price":"","pricing_caption":"","pricing_elfsight_apps_hide_column":"","pricing_elfsight_apps_url":"","pricing_codecanyon_price_caption":"","integration_category":[],"integration_request_title":"","integration_request_cta":"","integration_platform":"","integrations":[],"platform_category":[],"video_schema_markup":"","price":"","trial":"","benefits":[],"button_url":"","button_target_blank":"","button_nofollow":"","attributes":[],"tags":[],"tags_disable_links":"","hide_more_platforms":"","video_object":"","demo_hide_cta":"","demo_hide_cloud_options":"","pricing_title":"","pricing":[],"related_apps_title":"","related_apps_hidden":"","author":"","image":[],"title":"","job":"","social_networks":[]},"_links":{"self":[{"href":"https:\/\/elfsight.com\/fr\/wp-json\/wp\/v2\/pages\/14256","targetHints":{"allow":["GET"]}}],"collection":[{"href":"https:\/\/elfsight.com\/fr\/wp-json\/wp\/v2\/pages"}],"about":[{"href":"https:\/\/elfsight.com\/fr\/wp-json\/wp\/v2\/types\/page"}],"author":[{"embeddable":true,"href":"https:\/\/elfsight.com\/fr\/wp-json\/wp\/v2\/users\/9"}],"replies":[{"embeddable":true,"href":"https:\/\/elfsight.com\/fr\/wp-json\/wp\/v2\/comments?post=14256"}],"version-history":[{"count":1,"href":"https:\/\/elfsight.com\/fr\/wp-json\/wp\/v2\/pages\/14256\/revisions"}],"predecessor-version":[{"id":14260,"href":"https:\/\/elfsight.com\/fr\/wp-json\/wp\/v2\/pages\/14256\/revisions\/14260"}],"up":[{"embeddable":true,"href":"https:\/\/elfsight.com\/fr\/wp-json\/wp\/v2\/pages\/14233"}],"wp:attachment":[{"href":"https:\/\/elfsight.com\/fr\/wp-json\/wp\/v2\/media?parent=14256"}],"curies":[{"name":"wp","href":"https:\/\/api.w.org\/{rel}","templated":true}]}}