{"id":14235,"date":"2024-09-19T16:07:55","date_gmt":"2024-09-19T16:07:55","guid":{"rendered":"https:\/\/elfsight.com\/fr\/?page_id=14235"},"modified":"2025-07-10T13:35:17","modified_gmt":"2025-07-10T13:35:17","slug":"features","status":"publish","type":"page","link":"https:\/\/elfsight.com\/fr\/spinning-wheel-widget\/features\/","title":{"rendered":"Spinning Wheel &#8211; Features"},"content":{"rendered":"<section class=\"application-features-group section\" id=\"GAMIFIED SALES\">\n                    <div class=\"inner\">\n                        <div class=\"col-row\">\n                            <div class=\"col-6 col-offset-3 col-m-12 col-m-offset-0\"><h3>Ajoutez jusqu&rsquo;\u00e0 10 prix \u00e0 la roue<\/h3><p>Proposez jusqu&rsquo;\u00e0 dix prix diff\u00e9rents sur votre roue interactive pour augmenter l&rsquo;engagement des utilisateurs et convertir les visiteurs en clients.<\/p><h3>Contenu personnalis\u00e9<\/h3><p>Personnalisez chaque prix avec des messages ou des images uniques, rendant l&rsquo;exp\u00e9rience de gain m\u00e9morable et align\u00e9e avec votre marque.<\/p><h3>Codes promo uniques<\/h3><p>Attribuez un code promo sp\u00e9cifique \u00e0 chaque prix, vous permettant de suivre facilement son utilisation et d&rsquo;offrir des r\u00e9ductions cibl\u00e9es.<\/p><h3>Bouton d&rsquo;action individuel pour chaque prix<\/h3><p>Personnalisez un bouton d&rsquo;appel \u00e0 l&rsquo;action distinct pour chaque prix, dirigeant les utilisateurs directement vers l&rsquo;action souhait\u00e9e apr\u00e8s avoir gagn\u00e9.<\/p><h3>Ajuster les chances de gain<\/h3><p>Contr\u00f4lez la probabilit\u00e9 de gagner pour chaque prix, g\u00e9rant efficacement les promotions en r\u00e9gulant la distribution des r\u00e9compenses.<\/p><\/div>\n                        <\/div>\n                    <\/div>\n\n                    <div class=\"application-features-group-title\">GAMIFIED SALES<\/div>\n                <\/section><section class=\"application-features-group section\" id=\"AUTOMATED NOTIFICATIONS\">\n                    <div class=\"inner\">\n                        <div class=\"col-row\">\n                            <div class=\"col-6 col-offset-3 col-m-12 col-m-offset-0\"><h3>Collectez les adresses email des utilisateurs<\/h3><p>Rassemblez automatiquement les emails des participants, \u00e9largissant votre base d&rsquo;abonn\u00e9s et maintenant le contact avec votre audience.<\/p><h3>Emails instantan\u00e9s avec gain et coupon<\/h3><p>Envoyez des emails automatiques aux gagnants avec les d\u00e9tails des prix et les codes promo, garantissant une exp\u00e9rience utilisateur fluide.<\/p><h3>Notifications sur les nouveaux participants<\/h3><p>Recevez des alertes pour chaque nouvel utilisateur interagissant avec la roue afin de suivre l&rsquo;activit\u00e9 et l&rsquo;engagement en temps r\u00e9el.<\/p><\/div>\n                        <\/div>\n                    <\/div>\n\n                    <div class=\"application-features-group-title\">AUTOMATED NOTIFICATIONS<\/div>\n                <\/section><section class=\"application-features-group section\" id=\"TARGETED DISPLAYS\">\n                    <div class=\"inner\">\n                        <div class=\"col-row\">\n                            <div class=\"col-6 col-offset-3 col-m-12 col-m-offset-0\"><h3>Traduit et localis\u00e9 pour 70 pays<\/h3><p>Atteignez un public mondial avec un widget traduit et localis\u00e9 pour 70 pays, am\u00e9liorant l&rsquo;exp\u00e9rience utilisateur.<\/p><h3>D\u00e9clencheurs d&rsquo;ouverture par temps, d\u00e9filement ou sortie<\/h3><p>Activez la roue en fonction du comportement des utilisateurs : temps pass\u00e9 sur la page, profondeur de d\u00e9filement ou intention de sortie, pour maximiser l&rsquo;engagement.<\/p><h3>Bouton flottant pour acc\u00e9der \u00e0 la roue<\/h3><p>Ajoutez un bouton flottant permettant aux utilisateurs d&rsquo;ouvrir la roue \u00e0 tout moment, augmentant les chances d&rsquo;interaction.<\/p><h3>Afficher le widget sur des pages s\u00e9lectionn\u00e9es<\/h3><p>Contr\u00f4lez les pages de votre site o\u00f9 afficher le widget, ciblant les sections cl\u00e9s pour un effet maximal.<\/p><h3>D\u00e9finir l&rsquo;affichage sur des appareils sp\u00e9cifiques<\/h3><p>Choisissez sur quels appareils afficher le widget : bureau, tablette ou mobile, pour optimiser l&rsquo;exp\u00e9rience sur chaque plateforme.<\/p><h3>Planifiez l&rsquo;affichage du widget avec r\u00e9p\u00e9titions<\/h3><p>Planifiez l&rsquo;apparition du widget selon un calendrier avec r\u00e9p\u00e9titions, en le synchronisant avec vos campagnes marketing.<\/p><\/div>\n                        <\/div>\n                    <\/div>\n\n                    <div class=\"application-features-group-title\">TARGETED DISPLAYS<\/div>\n                <\/section><section class=\"application-features-group section\" id=\"STYLE\">\n                    <div class=\"inner\">\n                        <div class=\"col-row\">\n                            <div class=\"col-6 col-offset-3 col-m-12 col-m-offset-0\"><h3>Personnalisation facile des couleurs et des polices<\/h3><p>Alignez le widget avec votre marque en changeant les couleurs et les polices \u2013 aucun codage requis \u2013 pour une exp\u00e9rience utilisateur coh\u00e9rente.<\/p><h3>Couleurs de secteur uniques<\/h3><p>Rendez la roue plus captivante en assignant des couleurs distinctes \u00e0 chaque secteur de prix.<\/p><h3>Personnalisez avec du CSS personnalis\u00e9<\/h3><p>Affinez l&rsquo;apparence du widget en ajoutant votre propre code CSS pour des options de style uniques.<\/p><h3>\u00c9tendez avec du JavaScript personnalis\u00e9<\/h3><p>Am\u00e9liorez la fonctionnalit\u00e9 du widget en incorporant du JavaScript personnalis\u00e9 pour r\u00e9pondre \u00e0 des besoins sp\u00e9cifiques.<\/p><\/div>\n                        <\/div>\n                    <\/div>\n\n                    <div class=\"application-features-group-title\">STYLE<\/div>\n                <\/section>","protected":false},"excerpt":{"rendered":"","protected":false},"author":9,"featured_media":0,"parent":14227,"menu_order":0,"comment_status":"closed","ping_status":"closed","template":"templates\/template-application-features.php","meta":{"publish_to_discourse":"","publish_post_category":"","wpdc_auto_publish_overridden":"","wpdc_topic_tags":"","wpdc_pin_topic":"","wpdc_pin_until":"","discourse_post_id":"","discourse_permalink":"","wpdc_publishing_response":"","wpdc_publishing_error":"","footnotes":""},"class_list":["post-14235","page","type-page","status-publish","hentry"],"yoast_head":"<!-- This site is optimized with the Yoast SEO plugin v25.3.1 - https:\/\/yoast.com\/wordpress\/plugins\/seo\/ -->\n<title>Widget de roue tournante r\u00e9actif \u2014 Fonctionnalit\u00e9s (plus de 10 r\u00e9glages personnalis\u00e9s)<\/title>\n<meta name=\"description\" content=\"Essayez toutes les fonctionnalit\u00e9s du widget de roue tournante dans une d\u00e9mo en direct. R\u00e9glages personnalis\u00e9s et mise en page enti\u00e8rement r\u00e9active pour tout appareil.\" \/>\n<meta name=\"robots\" content=\"index, follow, max-snippet:-1, max-image-preview:large, max-video-preview:-1\" \/>\n<link rel=\"canonical\" href=\"https:\/\/elfsight.com\/fr\/spinning-wheel-widget\/features\/\" \/>\n<meta property=\"og:locale\" content=\"fr_FR\" \/>\n<meta property=\"og:type\" content=\"article\" \/>\n<meta property=\"og:title\" content=\"Widget de roue tournante r\u00e9actif \u2014 Fonctionnalit\u00e9s (plus de 10 r\u00e9glages personnalis\u00e9s)\" \/>\n<meta property=\"og:description\" content=\"Essayez toutes les fonctionnalit\u00e9s du widget de roue tournante dans une d\u00e9mo en direct. R\u00e9glages personnalis\u00e9s et mise en page enti\u00e8rement r\u00e9active pour tout appareil.\" \/>\n<meta property=\"og:url\" content=\"https:\/\/elfsight.com\/fr\/spinning-wheel-widget\/features\/\" \/>\n<meta property=\"og:site_name\" content=\"Elfsight FR\" \/>\n<meta property=\"article:modified_time\" content=\"2025-07-10T13:35:17+00:00\" \/>\n<meta name=\"twitter:card\" content=\"summary_large_image\" \/>\n<meta name=\"twitter:label1\" content=\"Dur\u00e9e de lecture estim\u00e9e\" \/>\n\t<meta name=\"twitter:data1\" content=\"2 minutes\" \/>\n<!-- \/ Yoast SEO plugin. -->","yoast_head_json":{"title":"Widget de roue tournante r\u00e9actif \u2014 Fonctionnalit\u00e9s (plus de 10 r\u00e9glages personnalis\u00e9s)","description":"Essayez toutes les fonctionnalit\u00e9s du widget de roue tournante dans une d\u00e9mo en direct. R\u00e9glages personnalis\u00e9s et mise en page enti\u00e8rement r\u00e9active pour tout appareil.","robots":{"index":"index","follow":"follow","max-snippet":"max-snippet:-1","max-image-preview":"max-image-preview:large","max-video-preview":"max-video-preview:-1"},"canonical":"https:\/\/elfsight.com\/fr\/spinning-wheel-widget\/features\/","og_locale":"fr_FR","og_type":"article","og_title":"Widget de roue tournante r\u00e9actif \u2014 Fonctionnalit\u00e9s (plus de 10 r\u00e9glages personnalis\u00e9s)","og_description":"Essayez toutes les fonctionnalit\u00e9s du widget de roue tournante dans une d\u00e9mo en direct. R\u00e9glages personnalis\u00e9s et mise en page enti\u00e8rement r\u00e9active pour tout appareil.","og_url":"https:\/\/elfsight.com\/fr\/spinning-wheel-widget\/features\/","og_site_name":"Elfsight FR","article_modified_time":"2025-07-10T13:35:17+00:00","twitter_card":"summary_large_image","twitter_misc":{"Dur\u00e9e de lecture estim\u00e9e":"2 minutes"},"schema":{"@context":"https:\/\/schema.org","@graph":[{"@type":"WebPage","@id":"https:\/\/elfsight.com\/fr\/spinning-wheel-widget\/features\/","url":"https:\/\/elfsight.com\/fr\/spinning-wheel-widget\/features\/","name":"Widget de roue tournante r\u00e9actif \u2014 Fonctionnalit\u00e9s (plus de 10 r\u00e9glages personnalis\u00e9s)","isPartOf":{"@id":"https:\/\/elfsight.com\/fr\/#website"},"datePublished":"2024-09-19T16:07:55+00:00","dateModified":"2025-07-10T13:35:17+00:00","description":"Essayez toutes les fonctionnalit\u00e9s du widget de roue tournante dans une d\u00e9mo en direct. R\u00e9glages personnalis\u00e9s et mise en page enti\u00e8rement r\u00e9active pour tout appareil.","breadcrumb":{"@id":"https:\/\/elfsight.com\/fr\/spinning-wheel-widget\/features\/#breadcrumb"},"inLanguage":"fr-FR","potentialAction":[{"@type":"ReadAction","target":["https:\/\/elfsight.com\/fr\/spinning-wheel-widget\/features\/"]}]},{"@type":"BreadcrumbList","@id":"https:\/\/elfsight.com\/fr\/spinning-wheel-widget\/features\/#breadcrumb","itemListElement":[{"@type":"ListItem","position":1,"name":"Home","item":"https:\/\/elfsight.com\/fr\/"},{"@type":"ListItem","position":2,"name":"Spinning Wheel","item":"https:\/\/elfsight.com\/fr\/spinning-wheel-widget\/"},{"@type":"ListItem","position":3,"name":"Spinning Wheel &#8211; Features"}]},{"@type":"WebSite","@id":"https:\/\/elfsight.com\/fr\/#website","url":"https:\/\/elfsight.com\/fr\/","name":"Elfsight FR","description":"","potentialAction":[{"@type":"SearchAction","target":{"@type":"EntryPoint","urlTemplate":"https:\/\/elfsight.com\/fr\/?s={search_term_string}"},"query-input":{"@type":"PropertyValueSpecification","valueRequired":true,"valueName":"search_term_string"}}],"inLanguage":"fr-FR"}]}},"meta_box":{"industry":"","seo_heading":"","heading":"","description":"","cta_heading":"","cta_description":"","application":"14222","h1":"","h1_caption":"","application_category":[],"applications_title":"","applications_request_title":"","applications_request_button_text":"","hero_text":"","hero_video":"","hero_video_schema_markup":"","selling_points_title":"","selling_points_caption":"","selling_points":[],"selling_points_cta_text":"","features_title":"","features":"","ed_cta_examples_text":"","ed_cta_examples_hidden":"","ed_cta_demo_text":"","ed_cta_demo_hidden":"","why_caption":"","why_editor_title":"","why_editor_text":"","why_team_title":"","why_team_text":"","why_service_title":"","why_service_text":"","template_catalog_visible":"","template_catalog_title":"","template_catalog_text":"","template_catalog_categories_visible":"","demo_title":"","demo_caption":"","default_faq_hidden":"","app_template_category":[],"platform":"","template_public_id":"","codecanyon_url":"","codecanyon_item_id":"","codecanyon_price":"","pricing_caption":"","pricing_elfsight_apps_hide_column":"","pricing_elfsight_apps_url":"","pricing_codecanyon_price_caption":"","integration_category":[],"integration_request_title":"","integration_request_cta":"","integration_platform":"","integrations":[],"platform_category":[],"video_schema_markup":"","price":"","trial":"","benefits":[],"button_url":"","button_target_blank":"","button_nofollow":"","attributes":[],"tags":[],"tags_disable_links":"","hide_more_platforms":"","video_object":"","demo_hide_cta":"","demo_hide_cloud_options":"","pricing_title":"","pricing":[],"related_apps_title":"","related_apps_hidden":"","author":"","image":[],"title":"","job":"","social_networks":[]},"_links":{"self":[{"href":"https:\/\/elfsight.com\/fr\/wp-json\/wp\/v2\/pages\/14235","targetHints":{"allow":["GET"]}}],"collection":[{"href":"https:\/\/elfsight.com\/fr\/wp-json\/wp\/v2\/pages"}],"about":[{"href":"https:\/\/elfsight.com\/fr\/wp-json\/wp\/v2\/types\/page"}],"author":[{"embeddable":true,"href":"https:\/\/elfsight.com\/fr\/wp-json\/wp\/v2\/users\/9"}],"replies":[{"embeddable":true,"href":"https:\/\/elfsight.com\/fr\/wp-json\/wp\/v2\/comments?post=14235"}],"version-history":[{"count":1,"href":"https:\/\/elfsight.com\/fr\/wp-json\/wp\/v2\/pages\/14235\/revisions"}],"predecessor-version":[{"id":14239,"href":"https:\/\/elfsight.com\/fr\/wp-json\/wp\/v2\/pages\/14235\/revisions\/14239"}],"up":[{"embeddable":true,"href":"https:\/\/elfsight.com\/fr\/wp-json\/wp\/v2\/pages\/14227"}],"wp:attachment":[{"href":"https:\/\/elfsight.com\/fr\/wp-json\/wp\/v2\/media?parent=14235"}],"curies":[{"name":"wp","href":"https:\/\/api.w.org\/{rel}","templated":true}]}}