{"id":14133,"date":"2024-05-26T13:00:17","date_gmt":"2024-05-26T13:00:17","guid":{"rendered":"https:\/\/elfsight.com\/fr\/?page_id=14133"},"modified":"2025-07-10T08:13:22","modified_gmt":"2025-07-10T08:13:22","slug":"jtl-shop-extensions","status":"publish","type":"page","link":"https:\/\/elfsight.com\/fr\/jtl-shop-extensions\/","title":{"rendered":"JTL Shop Extensions"},"content":{"rendered":"<h2>Le service Elfsight Apps id\u00e9al pour tous les besoins de votre boutique JTL<\/h2> <p>Depuis plusieurs ann\u00e9es, notre \u00e9quipe de d\u00e9veloppeurs Elfsight cr\u00e9e des extensions faciles \u00e0 utiliser et enti\u00e8rement r\u00e9actives pour vous. Nous vous offrons toujours un service d&rsquo;assistance premium et une vitesse de chargement rapide. Ces outils aident de nombreux propri\u00e9taires de sites web commerciaux, \u00e0 but non lucratif et autres \u00e0 travers le monde \u00e0 r\u00e9soudre plus efficacement les probl\u00e8mes essentiels de leur site web. <\/p> <p>En installant simplement des extensions sur votre site web, vous pouvez augmenter les ventes, afficher des avis 5 \u00e9toiles sur vos produits, am\u00e9liorer la confiance en votre marque. Les plans d&rsquo;abonnement varient du gratuit au premium. Impl\u00e9mentez facilement les extensions souhait\u00e9es sur votre site web en utilisant notre d\u00e9monstration en direct et voyez \u00e0 quel point elles peuvent \u00eatre utiles pour la croissance de votre site web d&rsquo;entreprise. <\/p><h2>Qu&rsquo;est-ce qui rend les extensions Elfsight l&rsquo;une des meilleures solutions pour votre site web?<\/h2> <p>D\u00e9couvrez une liste des principaux avantages de nos extensions, qui nous permettent de devancer nos concurrents :<\/p> <ul> <li>R\u00e9ponse gratuite et rapide pour l&rsquo;installation ou la personnalisation des extensions;<\/li> <li>R\u00e9activit\u00e9 totale \u00e0 toutes les r\u00e9solutions d&rsquo;\u00e9cran;<\/li> <li>Aucune n\u00e9cessit\u00e9 de coder;<\/li> <li>Une grande vari\u00e9t\u00e9 de param\u00e8tres de conception;<\/li> <li>Le stockage de donn\u00e9es en cloud permet d&rsquo;augmenter la vitesse de chargement;<\/li> <li>Toutes les mises \u00e0 jour futures sont gratuites et r\u00e9guli\u00e8res;<\/li> <li>Une gamme de prix flexible;<\/li> <li>Assistance \u00e0 vie pour tous les probl\u00e8mes des clients.<\/li> <\/ul> <p>Essayez la version gratuite de nos extensions et \u00e9valuez leurs fonctionnalit\u00e9s ou achetez toute solution souhait\u00e9e avec une r\u00e9duction de 20 %. <p> <h2>Comment ajouter vos extensions sur la boutique JTL<\/h2> <p>Pour int\u00e9grer nos extensions, suivez toutes les \u00e9tapes de l&rsquo;instruction d\u00e9taill\u00e9e :<\/p> <ol> <li>S\u00e9lectionnez l&rsquo;extension n\u00e9cessaire;<\/li> <li>Sp\u00e9cifiez quelques param\u00e8tres requis pour vous-m\u00eame;<\/li> <li>Enregistrez les modifications;<\/li> <li>Obtenez le code obtenu;<\/li> <li>Ajoutez le code \u00e0 l&rsquo;endroit requis de votre site web ou de votre mod\u00e8le;<\/li> <li>L&rsquo;installation de l&rsquo;extension est compl\u00e8tement termin\u00e9e.<\/li> <\/ol> <p>Si vous avez une question, n&rsquo;h\u00e9sitez pas \u00e0 contacter notre \u00e9quipe de support ou \u00e0 regarder les <a href=\"https:\/\/www.youtube.com\/playlist?list=PLVWghZmf2Mpak4KZgDxpToxz6loGapVP2\" target=\"_blank\" rel=\"noopener\">tutoriels JTL<\/a>.  <\/p><div class=\"faq\" data-component=\"FAQ\"><div class=\"faq-item\">\r\n\t\t\t\t\t<div class=\"faq-item-question\">\r\n\t\t\t\t\t\t<h3 class=\"faq-item-question-text\">Comment puis-je ajouter les extensions dans ma boutique JTL?<\/h3>\r\n\r\n\t\t\t\t\t\t<div class=\"faq-item-question-icon\"><\/div>\r\n\t\t\t\t\t<\/div>\r\n\r\n\t\t\t\t\t<div class=\"faq-item-answer\">\r\n\t\t\t\t\t\t<div class=\"faq-item-answer-text\"> <p>Vous pouvez ajouter les extensions \u00e0 votre mod\u00e8le de site web. Allez simplement dans le panneau d&rsquo;administration et effectuez les actions suivantes:<\/p> <ol> <li>Cliquez sur les param\u00e8tres du th\u00e8me;<\/li> <li>Trouvez l&rsquo;\u00e9l\u00e9ment o\u00f9 vous souhaitez ins\u00e9rer l&rsquo;extension;<\/li> <li>ajoutez le code du service Elfsight Apps et enregistrez les modifications.<\/li> <p>C&rsquo;est fait.<\/p> <\/div>\r\n\t\t\t\t\t<\/div>\r\n\t\t\t\t<\/div> <div class=\"faq-item\">\r\n\t\t\t\t\t<div class=\"faq-item-question\">\r\n\t\t\t\t\t\t<h3 class=\"faq-item-question-text\">Quelles versions et mod\u00e8les de la boutique JTL peuvent \u00eatre int\u00e9gr\u00e9s avec l'extension?<\/h3>\r\n\r\n\t\t\t\t\t\t<div class=\"faq-item-question-icon\"><\/div>\r\n\t\t\t\t\t<\/div>\r\n\r\n\t\t\t\t\t<div class=\"faq-item-answer\">\r\n\t\t\t\t\t\t<div class=\"faq-item-answer-text\"> Nos extensions sont compatibles avec toutes les versions et mod\u00e8les de la boutique JTL. Vous pouvez \u00eatre s\u00fbr du bon fonctionnement de tous les outils. <\/div>\r\n\t\t\t\t\t<\/div>\r\n\t\t\t\t<\/div> <div class=\"faq-item\">\r\n\t\t\t\t\t<div class=\"faq-item-question\">\r\n\t\t\t\t\t\t<h3 class=\"faq-item-question-text\">O\u00f9 puis-je modifier mes extensions? <\/h3>\r\n\r\n\t\t\t\t\t\t<div class=\"faq-item-question-icon\"><\/div>\r\n\t\t\t\t\t<\/div>\r\n\r\n\t\t\t\t\t<div class=\"faq-item-answer\">\r\n\t\t\t\t\t\t<div class=\"faq-item-answer-text\"> Tous nos clients peuvent apporter toutes les modifications n\u00e9cessaires dans les param\u00e8tres via l&rsquo;\u00e9diteur Elfsight pratique.<\/div>\r\n\t\t\t\t\t<\/div>\r\n\t\t\t\t<\/div> <div class=\"faq-item\">\r\n\t\t\t\t\t<div class=\"faq-item-question\">\r\n\t\t\t\t\t\t<h3 class=\"faq-item-question-text\">Puis-je contacter l'\u00e9quipe de support si j'ai besoin de plus d'informations sur le service? <\/h3>\r\n\r\n\t\t\t\t\t\t<div class=\"faq-item-question-icon\"><\/div>\r\n\t\t\t\t\t<\/div>\r\n\r\n\t\t\t\t\t<div class=\"faq-item-answer\">\r\n\t\t\t\t\t\t<div class=\"faq-item-answer-text\"> <p>Tous nos utilisateurs peuvent contacter notre \u00e9quipe de support amicale pour poser leurs questions sur le fonctionnement de nos solutions.<\/p><\/div>\r\n\t\t\t\t\t<\/div>\r\n\t\t\t\t<\/div> <\/div><p><\/p>","protected":false},"excerpt":{"rendered":"Le service Elfsight Apps id\u00e9al pour tous les besoins de votre boutique JTL Depuis plusieurs ann\u00e9es, notre \u00e9quipe de d\u00e9veloppeurs Elfsight cr\u00e9e des extensions faciles \u00e0 utiliser et enti\u00e8rement r\u00e9actives pour vous. Nous vous offrons toujours un service d&rsquo;assistance premium et une vitesse de chargement rapide. Ces outils aident de&#8230;","protected":false},"author":9,"featured_media":0,"parent":0,"menu_order":0,"comment_status":"closed","ping_status":"closed","template":"templates\/template-platform.php","meta":{"publish_to_discourse":"","publish_post_category":"","wpdc_auto_publish_overridden":"","wpdc_topic_tags":"","wpdc_pin_topic":"","wpdc_pin_until":"","discourse_post_id":"","discourse_permalink":"","wpdc_publishing_response":"","wpdc_publishing_error":"","footnotes":""},"class_list":["post-14133","page","type-page","status-publish","hentry"],"yoast_head":"<!-- This site is optimized with the Yoast SEO plugin v25.3.1 - https:\/\/yoast.com\/wordpress\/plugins\/seo\/ -->\n<title>JTL Shop - L&#039;une des meilleures solutions pour JTL Shop<\/title>\n<meta name=\"description\" content=\"Meta description : Liste gratuite des meilleures extensions et plugins sp\u00e9cialement pour JTL Shop. Aide \u00e0 la personnalisation et fonctionnalit\u00e9 \u00e9tendue.\" \/>\n<meta name=\"robots\" content=\"index, follow, max-snippet:-1, max-image-preview:large, max-video-preview:-1\" \/>\n<link rel=\"canonical\" href=\"https:\/\/elfsight.com\/fr\/jtl-shop-extensions\/\" \/>\n<meta property=\"og:locale\" content=\"fr_FR\" \/>\n<meta property=\"og:type\" content=\"article\" \/>\n<meta property=\"og:title\" content=\"JTL Shop - L&#039;une des meilleures solutions pour JTL Shop\" \/>\n<meta property=\"og:description\" content=\"Meta description : Liste gratuite des meilleures extensions et plugins sp\u00e9cialement pour JTL Shop. Aide \u00e0 la personnalisation et fonctionnalit\u00e9 \u00e9tendue.\" \/>\n<meta property=\"og:url\" content=\"https:\/\/elfsight.com\/fr\/jtl-shop-extensions\/\" \/>\n<meta property=\"og:site_name\" content=\"Elfsight FR\" \/>\n<meta property=\"article:modified_time\" content=\"2025-07-10T08:13:22+00:00\" \/>\n<meta name=\"twitter:card\" content=\"summary_large_image\" \/>\n<meta name=\"twitter:label1\" content=\"Dur\u00e9e de lecture estim\u00e9e\" \/>\n\t<meta name=\"twitter:data1\" content=\"3 minutes\" \/>\n<!-- \/ Yoast SEO plugin. -->","yoast_head_json":{"title":"JTL Shop - L'une des meilleures solutions pour JTL Shop","description":"Meta description : Liste gratuite des meilleures extensions et plugins sp\u00e9cialement pour JTL Shop. Aide \u00e0 la personnalisation et fonctionnalit\u00e9 \u00e9tendue.","robots":{"index":"index","follow":"follow","max-snippet":"max-snippet:-1","max-image-preview":"max-image-preview:large","max-video-preview":"max-video-preview:-1"},"canonical":"https:\/\/elfsight.com\/fr\/jtl-shop-extensions\/","og_locale":"fr_FR","og_type":"article","og_title":"JTL Shop - L'une des meilleures solutions pour JTL Shop","og_description":"Meta description : Liste gratuite des meilleures extensions et plugins sp\u00e9cialement pour JTL Shop. Aide \u00e0 la personnalisation et fonctionnalit\u00e9 \u00e9tendue.","og_url":"https:\/\/elfsight.com\/fr\/jtl-shop-extensions\/","og_site_name":"Elfsight FR","article_modified_time":"2025-07-10T08:13:22+00:00","twitter_card":"summary_large_image","twitter_misc":{"Dur\u00e9e de lecture estim\u00e9e":"3 minutes"},"schema":{"@context":"https:\/\/schema.org","@graph":[{"@type":"WebPage","@id":"https:\/\/elfsight.com\/fr\/jtl-shop-extensions\/","url":"https:\/\/elfsight.com\/fr\/jtl-shop-extensions\/","name":"JTL Shop - L'une des meilleures solutions pour JTL Shop","isPartOf":{"@id":"https:\/\/elfsight.com\/fr\/#website"},"datePublished":"2024-05-26T13:00:17+00:00","dateModified":"2025-07-10T08:13:22+00:00","description":"Meta description : Liste gratuite des meilleures extensions et plugins sp\u00e9cialement pour JTL Shop. Aide \u00e0 la personnalisation et fonctionnalit\u00e9 \u00e9tendue.","breadcrumb":{"@id":"https:\/\/elfsight.com\/fr\/jtl-shop-extensions\/#breadcrumb"},"inLanguage":"fr-FR","potentialAction":[{"@type":"ReadAction","target":["https:\/\/elfsight.com\/fr\/jtl-shop-extensions\/"]}]},{"@type":"BreadcrumbList","@id":"https:\/\/elfsight.com\/fr\/jtl-shop-extensions\/#breadcrumb","itemListElement":[{"@type":"ListItem","position":1,"name":"Home","item":"https:\/\/elfsight.com\/fr\/"},{"@type":"ListItem","position":2,"name":"JTL Shop Extensions"}]},{"@type":"WebSite","@id":"https:\/\/elfsight.com\/fr\/#website","url":"https:\/\/elfsight.com\/fr\/","name":"Elfsight FR","description":"","potentialAction":[{"@type":"SearchAction","target":{"@type":"EntryPoint","urlTemplate":"https:\/\/elfsight.com\/fr\/?s={search_term_string}"},"query-input":{"@type":"PropertyValueSpecification","valueRequired":true,"valueName":"search_term_string"}}],"inLanguage":"fr-FR"}]}},"meta_box":{"industry":"","seo_heading":"","heading":"","description":"","cta_heading":"","cta_description":"","application":"","h1":"Les meilleures extensions JTL Shop","h1_caption":"Liste gratuite d'extensions premium avec une large fonctionnalit\u00e9 pour augmenter les ventes et couvrir tous les autres objectifs commerciaux.","application_category":[],"applications_title":"Have a glance at the full assortment of free extensions for your website","applications_request_title":"Can\u2019t find the right extension?","applications_request_button_text":"Request an extension","hero_text":"","hero_video":"","hero_video_schema_markup":"","selling_points_title":"","selling_points_caption":"","selling_points":[],"selling_points_cta_text":"","features_title":"","features":"","ed_cta_examples_text":"","ed_cta_examples_hidden":"","ed_cta_demo_text":"","ed_cta_demo_hidden":"","why_caption":"","why_editor_title":"","why_editor_text":"","why_team_title":"","why_team_text":"","why_service_title":"","why_service_text":"","template_catalog_visible":"","template_catalog_title":"","template_catalog_text":"","template_catalog_categories_visible":"","demo_title":"","demo_caption":"","default_faq_hidden":"","app_template_category":[],"platform":"14127","template_public_id":"","codecanyon_url":"","codecanyon_item_id":"","codecanyon_price":"","pricing_caption":"","pricing_elfsight_apps_hide_column":"","pricing_elfsight_apps_url":"","pricing_codecanyon_price_caption":"","integration_category":[],"integration_request_title":"","integration_request_cta":"","integration_platform":"","integrations":[],"platform_category":[],"video_schema_markup":"","price":"","trial":"","benefits":[],"button_url":"","button_target_blank":"","button_nofollow":"","attributes":[],"tags":[],"tags_disable_links":"","hide_more_platforms":"","video_object":"","demo_hide_cta":"","demo_hide_cloud_options":"","pricing_title":"","pricing":[],"related_apps_title":"","related_apps_hidden":"","author":"","image":[],"title":"","job":"","social_networks":[]},"_links":{"self":[{"href":"https:\/\/elfsight.com\/fr\/wp-json\/wp\/v2\/pages\/14133","targetHints":{"allow":["GET"]}}],"collection":[{"href":"https:\/\/elfsight.com\/fr\/wp-json\/wp\/v2\/pages"}],"about":[{"href":"https:\/\/elfsight.com\/fr\/wp-json\/wp\/v2\/types\/page"}],"author":[{"embeddable":true,"href":"https:\/\/elfsight.com\/fr\/wp-json\/wp\/v2\/users\/9"}],"replies":[{"embeddable":true,"href":"https:\/\/elfsight.com\/fr\/wp-json\/wp\/v2\/comments?post=14133"}],"version-history":[{"count":1,"href":"https:\/\/elfsight.com\/fr\/wp-json\/wp\/v2\/pages\/14133\/revisions"}],"predecessor-version":[{"id":14137,"href":"https:\/\/elfsight.com\/fr\/wp-json\/wp\/v2\/pages\/14133\/revisions\/14137"}],"wp:attachment":[{"href":"https:\/\/elfsight.com\/fr\/wp-json\/wp\/v2\/media?parent=14133"}],"curies":[{"name":"wp","href":"https:\/\/api.w.org\/{rel}","templated":true}]}}