{"id":14131,"date":"2024-05-24T13:00:17","date_gmt":"2024-05-24T13:00:17","guid":{"rendered":"https:\/\/elfsight.com\/fr\/?page_id=14131"},"modified":"2025-07-10T08:13:34","modified_gmt":"2025-07-10T08:13:34","slug":"kopage-modules","status":"publish","type":"page","link":"https:\/\/elfsight.com\/fr\/kopage-modules\/","title":{"rendered":"Kopage modules"},"content":{"rendered":"<h2>La solution ultime pour votre site Kopage<\/h2><p>Depuis plus de 10 ans, Elfsight cr\u00e9e les modules premium les plus efficaces. Nos applications vous permettent d&rsquo;optimiser la g\u00e9n\u00e9ration de leads, d&rsquo;int\u00e9grer votre site aux r\u00e9seaux sociaux et de relever divers d\u00e9fis rencontr\u00e9s par la plupart des sites web d&rsquo;entreprise.<\/p><p>Nous sommes ravis d&rsquo;offrir diff\u00e9rents plans : de gratuit \u00e0 premium. Notre mission est de donner \u00e0 votre entreprise la chance de grandir avec notre \u00e9quipe et d&rsquo;atteindre n&rsquo;importe quel niveau de succ\u00e8s.<\/p><h2>Qu&rsquo;est-ce qui rend les modules Elfsight exceptionnels ?<\/h2><p>Pour illustrer pourquoi nos applications pour Kopage sont le choix id\u00e9al pour vous, nous avons compil\u00e9 une liste de fonctionnalit\u00e9s qui les maintiennent \u00e0 la pointe :<\/p><ul><li>Support d&rsquo;installation gratuit ;<\/li><li>Enti\u00e8rement responsive sur tous les appareils ;<\/li><li>Aucune comp\u00e9tence en codage requise ;<\/li><li>Param\u00e8tres de l&rsquo;interface utilisateur personnalisables ;<\/li><li>Interface utilisateur conviviale ;<\/li><li>Solution SaaS pour une vitesse de chargement optimale ;<\/li><li>Mises \u00e0 jour automatiques r\u00e9guli\u00e8res ;<\/li><li>Support expert pour toutes les questions.<\/li><\/ul><p>Profitez de tous les avantages de nos modules en utilisant l&rsquo;option gratuite ou achetez l&rsquo;application souhait\u00e9e.<\/p><h2>Comment installer les modules Elfsight sur un site Kopage<\/h2><p>Vous pouvez trouver des informations d\u00e9taill\u00e9es sur l&rsquo;ajout d&rsquo;un plugin sp\u00e9cifique dans notre centre d&rsquo;aide.<\/p><ol><li>S\u00e9lectionnez le module requis et personnalisez-le dans le panneau ;<\/li><li>Copiez le code du module dans votre site Kopage (dans le code HTML de la page ou du mod\u00e8le : barre lat\u00e9rale, pied de page, etc.) ;<\/li><li>L&rsquo;int\u00e9gration est r\u00e9ussie !<\/li><\/ol><p>Besoin d&rsquo;aide gratuite pour cr\u00e9er votre module Kopage ? Avez-vous des probl\u00e8mes avec l&rsquo;installation ? Veuillez contacter notre support client, nous serons ravis de vous aider.<\/p><div class=\"faq\" data-component=\"FAQ\"><div class=\"faq-item\">\r\n\t\t\t\t\t<div class=\"faq-item-question\">\r\n\t\t\t\t\t\t<h3 class=\"faq-item-question-text\">Comment int\u00e9grer les modules dans mon th\u00e8me Kopage ?<\/h3>\r\n\r\n\t\t\t\t\t\t<div class=\"faq-item-question-icon\"><\/div>\r\n\t\t\t\t\t<\/div>\r\n\r\n\t\t\t\t\t<div class=\"faq-item-answer\">\r\n\t\t\t\t\t\t<div class=\"faq-item-answer-text\"><p>Vous pouvez ins\u00e9rer les modules dans votre site web. Ouvrez simplement le panneau d&rsquo;administration et suivez ces \u00e9tapes :<\/p><ol><li>Allez dans les param\u00e8tres du th\u00e8me ;<\/li><li>Choisissez la section o\u00f9 vous souhaitez ajouter le module ;<\/li><li>Ajoutez le code des applications Kopage et appliquez vos modifications.<\/li><p>C&rsquo;est fait.<\/p><\/div>\r\n\t\t\t\t\t<\/div>\r\n\t\t\t\t<\/div><div class=\"faq-item\">\r\n\t\t\t\t\t<div class=\"faq-item-question\">\r\n\t\t\t\t\t\t<h3 class=\"faq-item-question-text\">Quelles versions et mod\u00e8les de Kopage sont compatibles avec le module Kopage ?<\/h3>\r\n\r\n\t\t\t\t\t\t<div class=\"faq-item-question-icon\"><\/div>\r\n\t\t\t\t\t<\/div>\r\n\r\n\t\t\t\t\t<div class=\"faq-item-answer\">\r\n\t\t\t\t\t\t<div class=\"faq-item-answer-text\">Nos modules sont compatibles avec toutes les options de mod\u00e8les du site Kopage. Vous pouvez \u00eatre assur\u00e9 de la fiabilit\u00e9 des performances avec toutes les solutions.<\/div>\r\n\t\t\t\t\t<\/div>\r\n\t\t\t\t<\/div><div class=\"faq-item\">\r\n\t\t\t\t\t<div class=\"faq-item-question\">\r\n\t\t\t\t\t\t<h3 class=\"faq-item-question-text\">O\u00f9 puis-je g\u00e9rer mes modules ?<\/h3>\r\n\r\n\t\t\t\t\t\t<div class=\"faq-item-question-icon\"><\/div>\r\n\t\t\t\t\t<\/div>\r\n\r\n\t\t\t\t\t<div class=\"faq-item-answer\">\r\n\t\t\t\t\t\t<div class=\"faq-item-answer-text\">Tous nos utilisateurs peuvent apporter les ajustements n\u00e9cessaires aux fonctionnalit\u00e9s du module dans notre configurateur intuitif.<\/div>\r\n\t\t\t\t\t<\/div>\r\n\t\t\t\t<\/div><div class=\"faq-item\">\r\n\t\t\t\t\t<div class=\"faq-item-question\">\r\n\t\t\t\t\t\t<h3 class=\"faq-item-question-text\">Y a-t-il une option pour contacter le Centre d'aide pour obtenir de l'aide pour personnaliser le module ?<\/h3>\r\n\r\n\t\t\t\t\t\t<div class=\"faq-item-question-icon\"><\/div>\r\n\t\t\t\t\t<\/div>\r\n\r\n\t\t\t\t\t<div class=\"faq-item-answer\">\r\n\t\t\t\t\t\t<div class=\"faq-item-answer-text\">Tous nos clients sont invit\u00e9s \u00e0 contacter notre Centre de support hautement qualifi\u00e9 pour des conseils sur les param\u00e8tres et l&rsquo;int\u00e9gration de nos solutions.<\/div>\r\n\t\t\t\t\t<\/div>\r\n\t\t\t\t<\/div><\/div>","protected":false},"excerpt":{"rendered":"La solution ultime pour votre site KopageDepuis plus de 10 ans, Elfsight cr\u00e9e les modules premium les plus efficaces. Nos applications vous permettent d&rsquo;optimiser la g\u00e9n\u00e9ration de leads, d&rsquo;int\u00e9grer votre site aux r\u00e9seaux sociaux et de relever divers d\u00e9fis rencontr\u00e9s par la plupart des sites web d&rsquo;entreprise.Nous sommes ravis d&rsquo;offrir&#8230;","protected":false},"author":9,"featured_media":0,"parent":0,"menu_order":0,"comment_status":"closed","ping_status":"closed","template":"templates\/template-platform.php","meta":{"publish_to_discourse":"","publish_post_category":"","wpdc_auto_publish_overridden":"","wpdc_topic_tags":"","wpdc_pin_topic":"","wpdc_pin_until":"","discourse_post_id":"","discourse_permalink":"","wpdc_publishing_response":"","wpdc_publishing_error":"","footnotes":""},"class_list":["post-14131","page","type-page","status-publish","hentry"],"yoast_head":"<!-- This site is optimized with the Yoast SEO plugin v25.3.1 - https:\/\/yoast.com\/wordpress\/plugins\/seo\/ -->\n<title>80+ Meilleurs modules Kopage | La liste des applications gratuites de Kopage [2026]<\/title>\n<meta name=\"description\" content=\"Une liste des meilleurs modules et applications gratuits pour les sites Kopage. Support avec les param\u00e8tres, conforme \u00e0 toutes les versions de Kopage, widget personnalis\u00e9.\" \/>\n<meta name=\"robots\" content=\"index, follow, max-snippet:-1, max-image-preview:large, max-video-preview:-1\" \/>\n<link rel=\"canonical\" href=\"https:\/\/elfsight.com\/fr\/kopage-modules\/\" \/>\n<meta property=\"og:locale\" content=\"fr_FR\" \/>\n<meta property=\"og:type\" content=\"article\" \/>\n<meta property=\"og:title\" content=\"80+ Meilleurs modules Kopage | La liste des applications gratuites de Kopage [2026]\" \/>\n<meta property=\"og:description\" content=\"Une liste des meilleurs modules et applications gratuits pour les sites Kopage. Support avec les param\u00e8tres, conforme \u00e0 toutes les versions de Kopage, widget personnalis\u00e9.\" \/>\n<meta property=\"og:url\" content=\"https:\/\/elfsight.com\/fr\/kopage-modules\/\" \/>\n<meta property=\"og:site_name\" content=\"Elfsight FR\" \/>\n<meta property=\"article:modified_time\" content=\"2025-07-10T08:13:34+00:00\" \/>\n<meta name=\"twitter:card\" content=\"summary_large_image\" \/>\n<meta name=\"twitter:label1\" content=\"Dur\u00e9e de lecture estim\u00e9e\" \/>\n\t<meta name=\"twitter:data1\" content=\"2 minutes\" \/>\n<!-- \/ Yoast SEO plugin. -->","yoast_head_json":{"title":"80+ Meilleurs modules Kopage | La liste des applications gratuites de Kopage [2026]","description":"Une liste des meilleurs modules et applications gratuits pour les sites Kopage. Support avec les param\u00e8tres, conforme \u00e0 toutes les versions de Kopage, widget personnalis\u00e9.","robots":{"index":"index","follow":"follow","max-snippet":"max-snippet:-1","max-image-preview":"max-image-preview:large","max-video-preview":"max-video-preview:-1"},"canonical":"https:\/\/elfsight.com\/fr\/kopage-modules\/","og_locale":"fr_FR","og_type":"article","og_title":"80+ Meilleurs modules Kopage | La liste des applications gratuites de Kopage [2026]","og_description":"Une liste des meilleurs modules et applications gratuits pour les sites Kopage. Support avec les param\u00e8tres, conforme \u00e0 toutes les versions de Kopage, widget personnalis\u00e9.","og_url":"https:\/\/elfsight.com\/fr\/kopage-modules\/","og_site_name":"Elfsight FR","article_modified_time":"2025-07-10T08:13:34+00:00","twitter_card":"summary_large_image","twitter_misc":{"Dur\u00e9e de lecture estim\u00e9e":"2 minutes"},"schema":{"@context":"https:\/\/schema.org","@graph":[{"@type":"WebPage","@id":"https:\/\/elfsight.com\/fr\/kopage-modules\/","url":"https:\/\/elfsight.com\/fr\/kopage-modules\/","name":"80+ Meilleurs modules Kopage | La liste des applications gratuites de Kopage [2026]","isPartOf":{"@id":"https:\/\/elfsight.com\/fr\/#website"},"datePublished":"2024-05-24T13:00:17+00:00","dateModified":"2025-07-10T08:13:34+00:00","description":"Une liste des meilleurs modules et applications gratuits pour les sites Kopage. Support avec les param\u00e8tres, conforme \u00e0 toutes les versions de Kopage, widget personnalis\u00e9.","breadcrumb":{"@id":"https:\/\/elfsight.com\/fr\/kopage-modules\/#breadcrumb"},"inLanguage":"fr-FR","potentialAction":[{"@type":"ReadAction","target":["https:\/\/elfsight.com\/fr\/kopage-modules\/"]}]},{"@type":"BreadcrumbList","@id":"https:\/\/elfsight.com\/fr\/kopage-modules\/#breadcrumb","itemListElement":[{"@type":"ListItem","position":1,"name":"Home","item":"https:\/\/elfsight.com\/fr\/"},{"@type":"ListItem","position":2,"name":"Kopage modules"}]},{"@type":"WebSite","@id":"https:\/\/elfsight.com\/fr\/#website","url":"https:\/\/elfsight.com\/fr\/","name":"Elfsight FR","description":"","potentialAction":[{"@type":"SearchAction","target":{"@type":"EntryPoint","urlTemplate":"https:\/\/elfsight.com\/fr\/?s={search_term_string}"},"query-input":{"@type":"PropertyValueSpecification","valueRequired":true,"valueName":"search_term_string"}}],"inLanguage":"fr-FR"}]}},"meta_box":{"industry":"","seo_heading":"","heading":"","description":"","cta_heading":"","cta_description":"","application":"","h1":"Les meilleurs modules Kopage","h1_caption":"Une vaste biblioth\u00e8que d'applications gratuites avec des options puissantes pour augmenter le taux de vente et l'interaction sur votre site. Int\u00e9gration simple, optimisation \u00e9tendue et support pratique.","application_category":[],"applications_title":"Examine the list of all free Kopage modules","applications_request_title":"Can\u2019t find the right module?","applications_request_button_text":"Request a module","hero_text":"","hero_video":"","hero_video_schema_markup":"","selling_points_title":"","selling_points_caption":"","selling_points":[],"selling_points_cta_text":"","features_title":"","features":"","ed_cta_examples_text":"","ed_cta_examples_hidden":"","ed_cta_demo_text":"","ed_cta_demo_hidden":"","why_caption":"","why_editor_title":"","why_editor_text":"","why_team_title":"","why_team_text":"","why_service_title":"","why_service_text":"","template_catalog_visible":"","template_catalog_title":"","template_catalog_text":"","template_catalog_categories_visible":"","demo_title":"","demo_caption":"","default_faq_hidden":"","app_template_category":[],"platform":"14125","template_public_id":"","codecanyon_url":"","codecanyon_item_id":"","codecanyon_price":"","pricing_caption":"","pricing_elfsight_apps_hide_column":"","pricing_elfsight_apps_url":"","pricing_codecanyon_price_caption":"","integration_category":[],"integration_request_title":"","integration_request_cta":"","integration_platform":"","integrations":[],"platform_category":[],"video_schema_markup":"","price":"","trial":"","benefits":[],"button_url":"","button_target_blank":"","button_nofollow":"","attributes":[],"tags":[],"tags_disable_links":"","hide_more_platforms":"","video_object":"","demo_hide_cta":"","demo_hide_cloud_options":"","pricing_title":"","pricing":[],"related_apps_title":"","related_apps_hidden":"","author":"","image":[],"title":"","job":"","social_networks":[]},"_links":{"self":[{"href":"https:\/\/elfsight.com\/fr\/wp-json\/wp\/v2\/pages\/14131","targetHints":{"allow":["GET"]}}],"collection":[{"href":"https:\/\/elfsight.com\/fr\/wp-json\/wp\/v2\/pages"}],"about":[{"href":"https:\/\/elfsight.com\/fr\/wp-json\/wp\/v2\/types\/page"}],"author":[{"embeddable":true,"href":"https:\/\/elfsight.com\/fr\/wp-json\/wp\/v2\/users\/9"}],"replies":[{"embeddable":true,"href":"https:\/\/elfsight.com\/fr\/wp-json\/wp\/v2\/comments?post=14131"}],"version-history":[{"count":1,"href":"https:\/\/elfsight.com\/fr\/wp-json\/wp\/v2\/pages\/14131\/revisions"}],"predecessor-version":[{"id":14135,"href":"https:\/\/elfsight.com\/fr\/wp-json\/wp\/v2\/pages\/14131\/revisions\/14135"}],"wp:attachment":[{"href":"https:\/\/elfsight.com\/fr\/wp-json\/wp\/v2\/media?parent=14131"}],"curies":[{"name":"wp","href":"https:\/\/api.w.org\/{rel}","templated":true}]}}