{"id":13942,"date":"2024-05-03T06:54:30","date_gmt":"2024-05-03T06:54:30","guid":{"rendered":"https:\/\/elfsight.com\/fr\/?page_id=13942"},"modified":"2025-07-10T14:11:42","modified_gmt":"2025-07-10T14:11:42","slug":"jquery","status":"publish","type":"page","link":"https:\/\/elfsight.com\/fr\/weather-widget\/jquery\/","title":{"rendered":"Weather &#8211; jQuery"},"content":{"rendered":"<div class=\"application-platform-content-item-description application-platform-content-item\" id=\"description\" data-nav-section=\"description\"><h2>Description<\/h2><p>Le widget M\u00e9t\u00e9o Elfsight est un widget de site Web simple et tr\u00e8s ajustable permettant d&rsquo;afficher la situation m\u00e9t\u00e9orologique fra\u00eeche pour n&rsquo;importe quel endroit. Ajoutez le lieu par le titre, le code postal ou les coordonn\u00e9es. Votre public verra les informations mises \u00e0 jour sur la temp\u00e9rature, la pression atmosph\u00e9rique, l\u2019humidit\u00e9 et la m\u00e9t\u00e9o active. Le widget a une option pour afficher des pr\u00e9visions horaires ou quotidiennes. Le widget propose \u00e9galement un arri\u00e8re-plan th\u00e9matique et la possibilit\u00e9 de choisir n&rsquo;importe quelle couleur. <\/p><p><b>Faites en sorte que vos clients puissent commander plus facilement leurs \u00e9v\u00e9nements ext\u00e9rieurs en gardant \u00e0 l&rsquo;esprit les pr\u00e9visions m\u00e9t\u00e9o\u00a0! <\/b><\/p><\/div><div class=\"application-platform-content-item-features application-platform-content-item\" id=\"features\" data-nav-section=\"features\"><p>Ici vous pouvez voir tous les traits fonctionnels du widget M\u00e9t\u00e9o. Vous pouvez les g\u00e9rer directement dans l&rsquo;\u00e9diteur et ils vous aideront \u00e0 configurer le widget adapt\u00e9 \u00e0 vos besoins. <\/p><ul><li>3 fa\u00e7ons de saisir l&#8217;emplacement\u00a0: par le nom, le code postal ou les coordonn\u00e9es\u00a0; <\/li><li>Plus de 30\u00a0langues prises en charge pour afficher les d\u00e9tails m\u00e9t\u00e9orologiques dans votre langue maternelle\u00a0; <\/li><li>Cinq types de configuration de widget pour diff\u00e9rents cas d&rsquo;utilisation\u00a0; <\/li><li>La possibilit\u00e9 de d\u00e9montrer les pr\u00e9visions quotidiennes pour une semaine avec des dates\u00a0; <\/li><li>Ajoutez la m\u00e9t\u00e9o heure par heure pour les 12 prochaines heures. <\/li><\/ul><p><a href=\"#demo\">Vous pouvez essayer toutes les fonctionnalit\u00e9s du widget directement dans la d\u00e9mo<\/a><\/p><\/div><div class=\"application-platform-content-item-installation application-platform-content-item\" id=\"installation\" data-nav-section=\"installation\"><h2>Comment puis-je int\u00e9grer le plugin M\u00e9t\u00e9o sur mon site jQuery\u00a0? <\/h2><p>Pour int\u00e9grer le widget, suivez simplement les \u00e9tapes rapides suivantes<\/p><ol><li><b>G\u00e9n\u00e9rez votre plugin M\u00e9t\u00e9o personnel<\/b><br>Gr\u00e2ce \u00e0 notre d\u00e9mo gratuite, obtenez un plugin avec une apparence et des fonctionnalit\u00e9s pr\u00e9f\u00e9rables. <\/li> <li><b>Acqu\u00e9rir le code individuel pour publier le plugin<\/b><br>Apr\u00e8s avoir configur\u00e9 votre widget, vous obtiendrez votre code d&rsquo;installation \u00e0 partir de la notification apparue sur Elfsight Apps. Copiez le code pour une utilisation ult\u00e9rieure. <\/li> <li><b> Le plugin sur votre site jQuery<\/b><br>S\u00e9lectionnez la zone o\u00f9 vous devez placer le plugin et collez-y le code copi\u00e9. Appliquez les modifications. <\/li> <li><b>F\u00e9licitations\u00a0! Vous venez de configurer le widget\u00a0! <\/b><br>Entrez sur votre site pour afficher votre plugin. <\/li><\/ol><p>N&rsquo;h\u00e9sitez pas \u00e0 communiquer avec le support client d&rsquo;Elfsight lorsque vous avez besoin de conseils ou que vous rencontrez des probl\u00e8mes. Nos sp\u00e9cialistes vous donneront un coup de main pour chaque demande. <\/p><div class=\"faq\" data-component=\"FAQ\"><div class=\"faq-item\">\r\n\t\t\t\t\t<div class=\"faq-item-question\">\r\n\t\t\t\t\t\t<h3 class=\"faq-item-question-text\">Existe-t-il une option pour ajouter la m\u00e9t\u00e9o \u00e0 mon site jQuery sans codage ?<\/h3>\r\n\r\n\t\t\t\t\t\t<div class=\"faq-item-question-icon\"><\/div>\r\n\t\t\t\t\t<\/div>\r\n\r\n\t\t\t\t\t<div class=\"faq-item-answer\">\r\n\t\t\t\t\t\t<div class=\"faq-item-answer-text\"> <p>La soci\u00e9t\u00e9 Elfsight propose une solution Cloud qui permet aux utilisateurs de cr\u00e9er eux-m\u00eames un widget M\u00e9t\u00e9o, d\u00e9couvrez comment C&rsquo;est simple : travaillez directement dans l&rsquo;\u00e9diteur en direct pour cr\u00e9er un plugin M\u00e9t\u00e9o que vous souhaitez int\u00e9grer sur votre page Web jQuery. S\u00e9lectionnez l&rsquo;un des nombreux mod\u00e8les pr\u00e9d\u00e9finis et ajustez les param\u00e8tres m\u00e9t\u00e9o, modifiez la disposition et la couleur des \u00e9l\u00e9ments, ajoutez votre contenu, sans comp\u00e9tences en codage. Cliquez pour enregistrer les param\u00e8tres que vous avez d\u00e9finis dans Weather et obtenir le code d&rsquo;installation du plugin, qui peut \u00eatre simplement ajout\u00e9 dans n&rsquo;importe quelle page d&rsquo;accueil jQuery sans acheter d&rsquo;abonnement payant. Avec le configurateur simple, chaque internaute peut cr\u00e9er un plugin M\u00e9t\u00e9o en ligne et l&rsquo;inclure sans effort sur le site Web jQuery. Il n&rsquo;est pas n\u00e9cessaire d&rsquo;obtenir un forfait payant ou de divulguer les informations d&rsquo;identification de votre carte pour acc\u00e9der au service. Si vous rencontrez des probl\u00e8mes \u00e0 n&rsquo;importe quelle \u00e9tape, n&rsquo;h\u00e9sitez pas \u00e0 contacter notre \u00e9quipe d&rsquo;assistance.<\/p> <\/div>\r\n\t\t\t\t\t<\/div>\r\n\t\t\t\t<\/div> <\/div><\/div>","protected":false},"excerpt":{"rendered":"","protected":false},"author":9,"featured_media":0,"parent":2497,"menu_order":0,"comment_status":"closed","ping_status":"closed","template":"templates\/template-application-platform.php","meta":{"publish_to_discourse":"","publish_post_category":"","wpdc_auto_publish_overridden":"","wpdc_topic_tags":"","wpdc_pin_topic":"","wpdc_pin_until":"","discourse_post_id":"","discourse_permalink":"","wpdc_publishing_response":"","wpdc_publishing_error":"","footnotes":""},"class_list":["post-13942","page","type-page","status-publish","hentry"],"yoast_head":"<!-- This site is optimized with the Yoast SEO plugin v25.3.1 - https:\/\/yoast.com\/wordpress\/plugins\/seo\/ -->\n<title>Widget m\u00e9t\u00e9o \u2014 Ajoutez le plugin M\u00e9t\u00e9o au site Web jQuery (gratuit et rapide)<\/title>\n<meta name=\"description\" content=\"Il est tr\u00e8s simple de cr\u00e9er votre plugin M\u00e9t\u00e9o et de le placer sur le site Web jQuery. Le support client Elfsight est gratuit et rapide.\" \/>\n<meta name=\"robots\" content=\"index, follow, max-snippet:-1, max-image-preview:large, max-video-preview:-1\" \/>\n<link rel=\"canonical\" href=\"https:\/\/elfsight.com\/fr\/weather-widget\/jquery\/\" \/>\n<meta property=\"og:locale\" content=\"fr_FR\" \/>\n<meta property=\"og:type\" content=\"article\" \/>\n<meta property=\"og:title\" content=\"Widget m\u00e9t\u00e9o \u2014 Ajoutez le plugin M\u00e9t\u00e9o au site Web jQuery (gratuit et rapide)\" \/>\n<meta property=\"og:description\" content=\"Il est tr\u00e8s simple de cr\u00e9er votre plugin M\u00e9t\u00e9o et de le placer sur le site Web jQuery. Le support client Elfsight est gratuit et rapide.\" \/>\n<meta property=\"og:url\" content=\"https:\/\/elfsight.com\/fr\/weather-widget\/jquery\/\" \/>\n<meta property=\"og:site_name\" content=\"Elfsight FR\" \/>\n<meta property=\"article:modified_time\" content=\"2025-07-10T14:11:42+00:00\" \/>\n<meta name=\"twitter:card\" content=\"summary_large_image\" \/>\n<meta name=\"twitter:label1\" content=\"Dur\u00e9e de lecture estim\u00e9e\" \/>\n\t<meta name=\"twitter:data1\" content=\"3 minutes\" \/>\n<!-- \/ Yoast SEO plugin. -->","yoast_head_json":{"title":"Widget m\u00e9t\u00e9o \u2014 Ajoutez le plugin M\u00e9t\u00e9o au site Web jQuery (gratuit et rapide)","description":"Il est tr\u00e8s simple de cr\u00e9er votre plugin M\u00e9t\u00e9o et de le placer sur le site Web jQuery. Le support client Elfsight est gratuit et rapide.","robots":{"index":"index","follow":"follow","max-snippet":"max-snippet:-1","max-image-preview":"max-image-preview:large","max-video-preview":"max-video-preview:-1"},"canonical":"https:\/\/elfsight.com\/fr\/weather-widget\/jquery\/","og_locale":"fr_FR","og_type":"article","og_title":"Widget m\u00e9t\u00e9o \u2014 Ajoutez le plugin M\u00e9t\u00e9o au site Web jQuery (gratuit et rapide)","og_description":"Il est tr\u00e8s simple de cr\u00e9er votre plugin M\u00e9t\u00e9o et de le placer sur le site Web jQuery. Le support client Elfsight est gratuit et rapide.","og_url":"https:\/\/elfsight.com\/fr\/weather-widget\/jquery\/","og_site_name":"Elfsight FR","article_modified_time":"2025-07-10T14:11:42+00:00","twitter_card":"summary_large_image","twitter_misc":{"Dur\u00e9e de lecture estim\u00e9e":"3 minutes"},"schema":{"@context":"https:\/\/schema.org","@graph":[{"@type":"WebPage","@id":"https:\/\/elfsight.com\/fr\/weather-widget\/jquery\/","url":"https:\/\/elfsight.com\/fr\/weather-widget\/jquery\/","name":"Widget m\u00e9t\u00e9o \u2014 Ajoutez le plugin M\u00e9t\u00e9o au site Web jQuery (gratuit et rapide)","isPartOf":{"@id":"https:\/\/elfsight.com\/fr\/#website"},"datePublished":"2024-05-03T06:54:30+00:00","dateModified":"2025-07-10T14:11:42+00:00","description":"Il est tr\u00e8s simple de cr\u00e9er votre plugin M\u00e9t\u00e9o et de le placer sur le site Web jQuery. Le support client Elfsight est gratuit et rapide.","breadcrumb":{"@id":"https:\/\/elfsight.com\/fr\/weather-widget\/jquery\/#breadcrumb"},"inLanguage":"fr-FR","potentialAction":[{"@type":"ReadAction","target":["https:\/\/elfsight.com\/fr\/weather-widget\/jquery\/"]}]},{"@type":"BreadcrumbList","@id":"https:\/\/elfsight.com\/fr\/weather-widget\/jquery\/#breadcrumb","itemListElement":[{"@type":"ListItem","position":1,"name":"Home","item":"https:\/\/elfsight.com\/fr\/"},{"@type":"ListItem","position":2,"name":"Weather","item":"https:\/\/elfsight.com\/fr\/weather-widget\/"},{"@type":"ListItem","position":3,"name":"Weather &#8211; jQuery"}]},{"@type":"WebSite","@id":"https:\/\/elfsight.com\/fr\/#website","url":"https:\/\/elfsight.com\/fr\/","name":"Elfsight FR","description":"","potentialAction":[{"@type":"SearchAction","target":{"@type":"EntryPoint","urlTemplate":"https:\/\/elfsight.com\/fr\/?s={search_term_string}"},"query-input":{"@type":"PropertyValueSpecification","valueRequired":true,"valueName":"search_term_string"}}],"inLanguage":"fr-FR"}]}},"meta_box":{"industry":"","seo_heading":"","heading":"","description":"","cta_heading":"","cta_description":"","application":"2496","h1":"Plugin M\u00e9t\u00e9o jQuery","h1_caption":"Affichez les informations m\u00e9t\u00e9orologiques actuelles pour n'importe quel endroit de votre site Web pour impliquer sans effort votre public local ou voyageur dans votre site Web jQuery.","application_category":[],"applications_title":"","applications_request_title":"","applications_request_button_text":"","hero_text":"","hero_video":"","hero_video_schema_markup":"","selling_points_title":"","selling_points_caption":"","selling_points":[],"selling_points_cta_text":"","features_title":"","features":"","ed_cta_examples_text":"","ed_cta_examples_hidden":"","ed_cta_demo_text":"","ed_cta_demo_hidden":"","why_caption":"","why_editor_title":"","why_editor_text":"","why_team_title":"","why_team_text":"","why_service_title":"","why_service_text":"","template_catalog_visible":"","template_catalog_title":"","template_catalog_text":"","template_catalog_categories_visible":"","demo_title":"Cr\u00e9ez votre plugin M\u00e9t\u00e9o","demo_caption":"Configurez votre m\u00e9t\u00e9o et ajoutez-la \u00e0 votre site Web jQuery gratuitement\u00a0!","default_faq_hidden":"","app_template_category":[],"platform":"355","template_public_id":"","codecanyon_url":"","codecanyon_item_id":"","codecanyon_price":"","pricing_caption":"","pricing_elfsight_apps_hide_column":"","pricing_elfsight_apps_url":"","pricing_codecanyon_price_caption":"","integration_category":[],"integration_request_title":"","integration_request_cta":"","integration_platform":"","integrations":[],"platform_category":[],"video_schema_markup":"","price":"\u00e0 partir de 0$ \/ mois","trial":"","benefits":[{"text":"Service d'installation gratuit"},{"text":"Service client comp\u00e9tent"},{"text":"Garantie de remboursement de 14 jours"},{"text":"Futures mises \u00e0 jour gratuites"}],"button_url":"#demo","button_target_blank":"","button_nofollow":"","attributes":[{"name":"Installations","content":"10,000 - 100,000"},{"name":"Sensible","content":"Oui"},{"name":"Navigateurs compatibles","content":"Firefox, Safari, Opera, Chrome, Edge"}],"tags":[],"tags_disable_links":"","hide_more_platforms":"","video_object":"","demo_hide_cta":"","demo_hide_cloud_options":"","pricing_title":"","pricing":[{"pricing_icon":"platform","pricing_title":"Elfsight Apps","pricing_title_caption":"Solution num\u00e9rique multiplateforme","pricing_price":"from $0 \/ month","pricing_price_caption":"commencez avec un forfait gratuit","pricing_benefits":[{"text":"Sites Web illimit\u00e9s"},{"text":"Support client rapide"},{"text":"Aide \u00e0 l'installation gratuite"},{"text":"Enti\u00e8rement personnalisable"}],"pricing_button_text":"Ajouter au site Web","pricing_button_url":"#demo"}],"related_apps_title":"","related_apps_hidden":"","author":"","image":[],"title":"","job":"","social_networks":[]},"_links":{"self":[{"href":"https:\/\/elfsight.com\/fr\/wp-json\/wp\/v2\/pages\/13942","targetHints":{"allow":["GET"]}}],"collection":[{"href":"https:\/\/elfsight.com\/fr\/wp-json\/wp\/v2\/pages"}],"about":[{"href":"https:\/\/elfsight.com\/fr\/wp-json\/wp\/v2\/types\/page"}],"author":[{"embeddable":true,"href":"https:\/\/elfsight.com\/fr\/wp-json\/wp\/v2\/users\/9"}],"replies":[{"embeddable":true,"href":"https:\/\/elfsight.com\/fr\/wp-json\/wp\/v2\/comments?post=13942"}],"version-history":[{"count":1,"href":"https:\/\/elfsight.com\/fr\/wp-json\/wp\/v2\/pages\/13942\/revisions"}],"predecessor-version":[{"id":13946,"href":"https:\/\/elfsight.com\/fr\/wp-json\/wp\/v2\/pages\/13942\/revisions\/13946"}],"up":[{"embeddable":true,"href":"https:\/\/elfsight.com\/fr\/wp-json\/wp\/v2\/pages\/2497"}],"wp:attachment":[{"href":"https:\/\/elfsight.com\/fr\/wp-json\/wp\/v2\/media?parent=13942"}],"curies":[{"name":"wp","href":"https:\/\/api.w.org\/{rel}","templated":true}]}}