{"id":13940,"date":"2024-05-03T06:53:50","date_gmt":"2024-05-03T06:53:50","guid":{"rendered":"https:\/\/elfsight.com\/fr\/?page_id=13940"},"modified":"2025-07-10T14:10:21","modified_gmt":"2025-07-10T14:10:21","slug":"woocommerce","status":"publish","type":"page","link":"https:\/\/elfsight.com\/fr\/visitor-counter-widget\/woocommerce\/","title":{"rendered":"Visitor Counter &#8211; WooCommerce"},"content":{"rendered":"<div class=\"application-platform-content-item-description application-platform-content-item\" id=\"description\" data-nav-section=\"description\"> <h2>Description<\/h2> <p> Visitor Counter pour WooCommerce est un outil simple qui vous permet de surveiller un certain nombre de visiteurs et les pages les plus populaires. visionn\u00e9 dans un laps de temps d\u00e9termin\u00e9. Les m\u00e9triques de base sont d\u00e9sormais faciles \u00e0 surveiller sans comp\u00e9tences suppl\u00e9mentaires en codage ou en analyse de donn\u00e9es. De plus, vous pouvez facilement garantir l&rsquo;audience de votre entreprise r\u00e9put\u00e9e et obtenir beaucoup plus de nouveaux clients ou abonn\u00e9s. Gr\u00e2ce \u00e0 nos options \u00e9l\u00e9gantes et adaptables et \u00e0 nos mises en page pratiques, vous pouvez cr\u00e9er le widget sur votre site en quelques clics. <\/p> <p><b>Ins\u00e9rez un compteur de visiteurs pour am\u00e9liorer votre tactique de commerce \u00e9lectronique et relever vos d\u00e9fis\u00a0! <\/b><\/p><\/div> <div class=\"application-platform-content-item-features application-platform-content-item\" id=\"features\" data-nav-section=\"features\"> <h2>Les fonctionnalit\u00e9s fondamentales du widget offrent\u00a0: <\/h2> <ul><li>Facile \u00e0 g\u00e9rer sans comp\u00e9tence sp\u00e9cifique en mati\u00e8re d&rsquo;analyse et de codage requise <\/li><li>Un large choix de dur\u00e9es pour compter vos m\u00e9triques<\/li><li>Mise en page utile pour former toutes les informations de mani\u00e8re pratique <\/li><li>Sch\u00e9mas de couleurs clairs, fonc\u00e9s et personnalisables \u00e0 ajuster l&rsquo;outil <\/li><li>Choisissez la taille et le poids de la police <\/li><li>Simplement \u00e0 mettre en \u0153uvre m\u00eame sans comp\u00e9tences en codage <\/li><\/ul><p><a href=\"#demo\">Vous Vous pouvez d\u00e9couvrir toutes les capacit\u00e9s du widget dans la d\u00e9mo ci-dessous<\/a><\/p> <\/div> <div class=\"application-platform-content-item-installation application-platform-content-item\" id=\"installation\" data-nav-section=\"installation\"> <h2>Comment puis-je int\u00e9grer un compteur de visiteurs sur mon site WooCommerce\u00a0? <\/h2> <p>Suivez simplement quelques \u00e9tapes d\u00e9crites ci-dessous pour commencer \u00e0 utiliser l&rsquo;outil\u00a0: <\/p> <ol><li><b>Utilisez notre \u00e9diteur gratuit et commencez \u00e0 fa\u00e7onner votre instrument personnalis\u00e9. <\/b><br> Recherchez l&rsquo;apparence et les fonctionnalit\u00e9s personnalis\u00e9es du plugin et enregistrez les corrections. <\/li> <li><b>Acqu\u00e9rez votre code individuel r\u00e9v\u00e9l\u00e9 dans la bo\u00eete sur Elfsight Apps. <\/b><br> Une fois la configuration de votre outil termin\u00e9e, copiez le code individuel dans la case qui appara\u00eet et enregistrez-le pour une utilisation ult\u00e9rieure. <\/li> <li><b>Commencez \u00e0 utiliser le plugin sur le site WooCommerce. <\/b><br> Int\u00e9grez le code copi\u00e9 pr\u00e9c\u00e9demment dans votre site Web et appliquez les modifications. <\/li> <li><b>Vous avez termin\u00e9\u00a0! L&rsquo;int\u00e9gration est r\u00e9ussie. <\/b><br> Rendez-vous sur votre site pour visualiser le fonctionnement de l&rsquo;outil. <\/li><\/ol> <p>Si vous avez des questions ou rencontrez des difficult\u00e9s, n&rsquo;h\u00e9sitez pas \u00e0 contacter notre service client. Nos consultants se feront un plaisir de r\u00e9soudre toutes les questions que vous pourriez vous poser avec l&rsquo;outil. <\/p> <div class=\"faq\" data-component=\"FAQ\"><div class=\"faq-item\">\r\n\t\t\t\t\t<div class=\"faq-item-question\">\r\n\t\t\t\t\t\t<h3 class=\"faq-item-question-text\">De quelle mani\u00e8re puis-je ajouter Visitor Counter \u00e0 ma page d'accueil WooCommerce sans comp\u00e9tences en codage ?<\/h3>\r\n\r\n\t\t\t\t\t\t<div class=\"faq-item-question-icon\"><\/div>\r\n\t\t\t\t\t<\/div>\r\n\r\n\t\t\t\t\t<div class=\"faq-item-answer\">\r\n\t\t\t\t\t\t<div class=\"faq-item-answer-text\"> <p>Elfsight propose une solution qui permet aux utilisateurs de cr\u00e9er vous-m\u00eame une application Visitor Counter, voir le guide simple\u00a0: commencez \u00e0 travailler directement dans l&rsquo;\u00e9diteur en direct pour cr\u00e9er un widget Compteur de visiteurs que vous souhaitez int\u00e9grer sur votre site Web WooCommerce. S\u00e9lectionnez l&rsquo;un des mod\u00e8les pr\u00e9d\u00e9finis et modifiez les param\u00e8tres du compteur de visiteurs, ajoutez votre contenu, modifiez la mise en page et les couleurs sans codage. Enregistrez les param\u00e8tres que vous avez d\u00e9finis dans Visitor Counter et obtenez le code d&rsquo;installation du widget, qui peut \u00eatre facilement ajout\u00e9 \u00e0 la page d&rsquo;accueil de WooCommerce \u00e0 l&rsquo;aide d&rsquo;un plan gratuit. Avec l&rsquo;aide du configurateur simple, chaque internaute peut cr\u00e9er un widget Compteur de visiteurs et l&rsquo;ajouter simplement \u00e0 sa page Web WooCommerce. Il n&rsquo;est pas n\u00e9cessaire d&rsquo;obtenir un forfait payant ou de divulguer les informations d&rsquo;identification de votre carte pour acc\u00e9der \u00e0 Elfsight Editor. Si vous rencontrez des obstacles de quelque nature que ce soit, n&rsquo;h\u00e9sitez pas \u00e0 contacter notre service client.<\/p> <\/div>\r\n\t\t\t\t\t<\/div>\r\n\t\t\t\t<\/div> <\/div><\/div>","protected":false},"excerpt":{"rendered":"","protected":false},"author":9,"featured_media":0,"parent":2560,"menu_order":0,"comment_status":"closed","ping_status":"closed","template":"templates\/template-application-platform.php","meta":{"publish_to_discourse":"","publish_post_category":"","wpdc_auto_publish_overridden":"","wpdc_topic_tags":"","wpdc_pin_topic":"","wpdc_pin_until":"","discourse_post_id":"","discourse_permalink":"","wpdc_publishing_response":"","wpdc_publishing_error":"","footnotes":""},"class_list":["post-13940","page","type-page","status-publish","hentry"],"yoast_head":"<!-- This site is optimized with the Yoast SEO plugin v25.3.1 - https:\/\/yoast.com\/wordpress\/plugins\/seo\/ -->\n<title>Ajoutez le plugin Visitor Counter \u00e0 votre site Web WooCommerce<\/title>\n<meta name=\"description\" content=\"Voici la meilleure opportunit\u00e9 de concevoir un widget Compteur de visiteurs et de l\u2019int\u00e9grer \u00e0 votre site Web. B\u00e9n\u00e9ficiez d&#039;un service client gratuit par Elfsight.\" \/>\n<meta name=\"robots\" content=\"index, follow, max-snippet:-1, max-image-preview:large, max-video-preview:-1\" \/>\n<link rel=\"canonical\" href=\"https:\/\/elfsight.com\/fr\/visitor-counter-widget\/woocommerce\/\" \/>\n<meta property=\"og:locale\" content=\"fr_FR\" \/>\n<meta property=\"og:type\" content=\"article\" \/>\n<meta property=\"og:title\" content=\"Ajoutez le plugin Visitor Counter \u00e0 votre site Web WooCommerce\" \/>\n<meta property=\"og:description\" content=\"Voici la meilleure opportunit\u00e9 de concevoir un widget Compteur de visiteurs et de l\u2019int\u00e9grer \u00e0 votre site Web. B\u00e9n\u00e9ficiez d&#039;un service client gratuit par Elfsight.\" \/>\n<meta property=\"og:url\" content=\"https:\/\/elfsight.com\/fr\/visitor-counter-widget\/woocommerce\/\" \/>\n<meta property=\"og:site_name\" content=\"Elfsight FR\" \/>\n<meta property=\"article:modified_time\" content=\"2025-07-10T14:10:21+00:00\" \/>\n<meta name=\"twitter:card\" content=\"summary_large_image\" \/>\n<meta name=\"twitter:label1\" content=\"Dur\u00e9e de lecture estim\u00e9e\" \/>\n\t<meta name=\"twitter:data1\" content=\"3 minutes\" \/>\n<!-- \/ Yoast SEO plugin. -->","yoast_head_json":{"title":"Ajoutez le plugin Visitor Counter \u00e0 votre site Web WooCommerce","description":"Voici la meilleure opportunit\u00e9 de concevoir un widget Compteur de visiteurs et de l\u2019int\u00e9grer \u00e0 votre site Web. B\u00e9n\u00e9ficiez d'un service client gratuit par Elfsight.","robots":{"index":"index","follow":"follow","max-snippet":"max-snippet:-1","max-image-preview":"max-image-preview:large","max-video-preview":"max-video-preview:-1"},"canonical":"https:\/\/elfsight.com\/fr\/visitor-counter-widget\/woocommerce\/","og_locale":"fr_FR","og_type":"article","og_title":"Ajoutez le plugin Visitor Counter \u00e0 votre site Web WooCommerce","og_description":"Voici la meilleure opportunit\u00e9 de concevoir un widget Compteur de visiteurs et de l\u2019int\u00e9grer \u00e0 votre site Web. B\u00e9n\u00e9ficiez d'un service client gratuit par Elfsight.","og_url":"https:\/\/elfsight.com\/fr\/visitor-counter-widget\/woocommerce\/","og_site_name":"Elfsight FR","article_modified_time":"2025-07-10T14:10:21+00:00","twitter_card":"summary_large_image","twitter_misc":{"Dur\u00e9e de lecture estim\u00e9e":"3 minutes"},"schema":{"@context":"https:\/\/schema.org","@graph":[{"@type":"WebPage","@id":"https:\/\/elfsight.com\/fr\/visitor-counter-widget\/woocommerce\/","url":"https:\/\/elfsight.com\/fr\/visitor-counter-widget\/woocommerce\/","name":"Ajoutez le plugin Visitor Counter \u00e0 votre site Web WooCommerce","isPartOf":{"@id":"https:\/\/elfsight.com\/fr\/#website"},"datePublished":"2024-05-03T06:53:50+00:00","dateModified":"2025-07-10T14:10:21+00:00","description":"Voici la meilleure opportunit\u00e9 de concevoir un widget Compteur de visiteurs et de l\u2019int\u00e9grer \u00e0 votre site Web. B\u00e9n\u00e9ficiez d'un service client gratuit par Elfsight.","breadcrumb":{"@id":"https:\/\/elfsight.com\/fr\/visitor-counter-widget\/woocommerce\/#breadcrumb"},"inLanguage":"fr-FR","potentialAction":[{"@type":"ReadAction","target":["https:\/\/elfsight.com\/fr\/visitor-counter-widget\/woocommerce\/"]}]},{"@type":"BreadcrumbList","@id":"https:\/\/elfsight.com\/fr\/visitor-counter-widget\/woocommerce\/#breadcrumb","itemListElement":[{"@type":"ListItem","position":1,"name":"Home","item":"https:\/\/elfsight.com\/fr\/"},{"@type":"ListItem","position":2,"name":"Visitor Counter","item":"https:\/\/elfsight.com\/fr\/visitor-counter-widget\/"},{"@type":"ListItem","position":3,"name":"Visitor Counter &#8211; WooCommerce"}]},{"@type":"WebSite","@id":"https:\/\/elfsight.com\/fr\/#website","url":"https:\/\/elfsight.com\/fr\/","name":"Elfsight FR","description":"","potentialAction":[{"@type":"SearchAction","target":{"@type":"EntryPoint","urlTemplate":"https:\/\/elfsight.com\/fr\/?s={search_term_string}"},"query-input":{"@type":"PropertyValueSpecification","valueRequired":true,"valueName":"search_term_string"}}],"inLanguage":"fr-FR"}]}},"meta_box":{"industry":"","seo_heading":"","heading":"","description":"","cta_heading":"","cta_description":"","application":"2559","h1":"Plugin de compteur de visiteurs WooCommerce","h1_caption":"Surveillez les analyses de vos pages Web et am\u00e9liorez la cr\u00e9dibilit\u00e9 de votre entreprise","application_category":[],"applications_title":"","applications_request_title":"","applications_request_button_text":"","hero_text":"","hero_video":"","hero_video_schema_markup":"","selling_points_title":"","selling_points_caption":"","selling_points":[],"selling_points_cta_text":"","features_title":"","features":"","ed_cta_examples_text":"","ed_cta_examples_hidden":"","ed_cta_demo_text":"","ed_cta_demo_hidden":"","why_caption":"","why_editor_title":"","why_editor_text":"","why_team_title":"","why_team_text":"","why_service_title":"","why_service_text":"","template_catalog_visible":"","template_catalog_title":"","template_catalog_text":"","template_catalog_categories_visible":"","demo_title":"Cr\u00e9ez votre application Visitor Counter","demo_caption":"Configurez votre compteur de visiteurs et ajoutez-le gratuitement \u00e0 votre site Web WooCommerce !","default_faq_hidden":"","app_template_category":[],"platform":"397","template_public_id":"","codecanyon_url":"","codecanyon_item_id":"","codecanyon_price":"","pricing_caption":"","pricing_elfsight_apps_hide_column":"","pricing_elfsight_apps_url":"","pricing_codecanyon_price_caption":"","integration_category":[],"integration_request_title":"","integration_request_cta":"","integration_platform":"","integrations":[],"platform_category":[],"video_schema_markup":"","price":"\u00e0 partir de 0$ \/ mois","trial":"","benefits":[{"text":"Service d'installation gratuit"},{"text":"Support client exp\u00e9riment\u00e9"},{"text":"Garantie de remboursement de 14 jours"},{"text":"Am\u00e9liorations gratuites r\u00e9guli\u00e8res"}],"button_url":"#demo","button_target_blank":"","button_nofollow":"","attributes":[{"name":"Installations","content":"10,000 - 100,000"},{"name":"Sensible","content":"Oui"},{"name":"Navigateurs compatibles","content":"Firefox, Safari, Opera, Chrome, Edge"}],"tags":[],"tags_disable_links":"","hide_more_platforms":"","video_object":"","demo_hide_cta":"","demo_hide_cloud_options":"","pricing_title":"","pricing":[{"pricing_icon":"platform","pricing_title":"Elfsight Apps","pricing_title_caption":"Solution num\u00e9rique multiplateforme","pricing_price":"from $0 \/ month","pricing_price_caption":"commencez avec un forfait gratuit","pricing_benefits":[{"text":"Sites Web illimit\u00e9s"},{"text":"Support client gratuit et bien document\u00e9"},{"text":"Service d'installation gratuit"},{"text":"Conception flexible"}],"pricing_button_text":"Ajouter au site Web","pricing_button_url":"#demo"}],"related_apps_title":"","related_apps_hidden":"","author":"","image":[],"title":"","job":"","social_networks":[]},"_links":{"self":[{"href":"https:\/\/elfsight.com\/fr\/wp-json\/wp\/v2\/pages\/13940","targetHints":{"allow":["GET"]}}],"collection":[{"href":"https:\/\/elfsight.com\/fr\/wp-json\/wp\/v2\/pages"}],"about":[{"href":"https:\/\/elfsight.com\/fr\/wp-json\/wp\/v2\/types\/page"}],"author":[{"embeddable":true,"href":"https:\/\/elfsight.com\/fr\/wp-json\/wp\/v2\/users\/9"}],"replies":[{"embeddable":true,"href":"https:\/\/elfsight.com\/fr\/wp-json\/wp\/v2\/comments?post=13940"}],"version-history":[{"count":1,"href":"https:\/\/elfsight.com\/fr\/wp-json\/wp\/v2\/pages\/13940\/revisions"}],"predecessor-version":[{"id":13944,"href":"https:\/\/elfsight.com\/fr\/wp-json\/wp\/v2\/pages\/13940\/revisions\/13944"}],"up":[{"embeddable":true,"href":"https:\/\/elfsight.com\/fr\/wp-json\/wp\/v2\/pages\/2560"}],"wp:attachment":[{"href":"https:\/\/elfsight.com\/fr\/wp-json\/wp\/v2\/media?parent=13940"}],"curies":[{"name":"wp","href":"https:\/\/api.w.org\/{rel}","templated":true}]}}