{"id":13939,"date":"2024-05-03T06:53:40","date_gmt":"2024-05-03T06:53:40","guid":{"rendered":"https:\/\/elfsight.com\/fr\/?page_id=13939"},"modified":"2025-07-10T14:05:15","modified_gmt":"2025-07-10T14:05:15","slug":"elementor","status":"publish","type":"page","link":"https:\/\/elfsight.com\/fr\/vimeo-video-gallery-widget\/elementor\/","title":{"rendered":"Vimeo Gallery &#8211; Elementor"},"content":{"rendered":"<div class=\"application-platform-content-item-description application-platform-content-item\" id=\"description\" data-nav-section=\"description\"> <h2>Int\u00e9grer la galerie Vimeo sur Elementor avec le widget Elfsight<\/h2> <p>Le widget Elfsight est un instrument efficace pour ceux qui g\u00e8rent un site Web et qui souhaitent int\u00e9grer du contenu Vimeo sur le site. Vous avez la possibilit\u00e9 de cr\u00e9er des listes de lecture, d&rsquo;int\u00e9grer une cha\u00eene, de trouver le contenu vid\u00e9o le plus attrayant pour votre galerie vid\u00e9o et bien plus encore. Le widget Elfsight propose divers param\u00e8tres de conception, qui permettent d&rsquo;adapter l&rsquo;interface \u00e0 divers cas d&rsquo;utilisation. Trois mises en page aident \u00e0 organiser le contenu de mani\u00e8re optimale, une vari\u00e9t\u00e9 de modes de lecture rendent la visualisation de vos vid\u00e9os pratique pour tout utilisateur. Avec l\u2019en-t\u00eate flexible, c\u2019est simple, pr\u00e9sentez votre cha\u00eene et augmentez le nombre d\u2019abonn\u00e9s. Elfsight Vimeo Gallery sera un moyen simple non seulement d&rsquo;augmenter l&rsquo;engagement, mais \u00e9galement de promouvoir votre entreprise.<\/p><div class=\"faq\" data-component=\"FAQ\"><div class=\"faq-item\">\r\n\t\t\t\t\t<div class=\"faq-item-question\">\r\n\t\t\t\t\t\t<h3 class=\"faq-item-question-text\">O\u00f9 puis-je ajouter un lecteur vid\u00e9o Vimeo ?<\/h3>\r\n\r\n\t\t\t\t\t\t<div class=\"faq-item-question-icon\"><\/div>\r\n\t\t\t\t\t<\/div>\r\n\r\n\t\t\t\t\t<div class=\"faq-item-answer\">\r\n\t\t\t\t\t\t<div class=\"faq-item-answer-text\"> <p>Il peut faire son travail sur l\u2019une de vos pages Web. Si vous ins\u00e9rez le widget dans le mod\u00e8le, le widget appara\u00eetra sur chaque page du site Web. <\/p> <\/div>\r\n\t\t\t\t\t<\/div>\r\n\t\t\t\t<\/div><div class=\"faq-item\">\r\n\t\t\t\t\t<div class=\"faq-item-question\">\r\n\t\t\t\t\t\t<h3 class=\"faq-item-question-text\">Comment vais-je en b\u00e9n\u00e9ficier ? <\/h3>\r\n\r\n\t\t\t\t\t\t<div class=\"faq-item-question-icon\"><\/div>\r\n\t\t\t\t\t<\/div>\r\n\r\n\t\t\t\t\t<div class=\"faq-item-answer\">\r\n\t\t\t\t\t\t<div class=\"faq-item-answer-text\"> <p>Le widget contribuera \u00e0 un engagement plus \u00e9lev\u00e9 des visiteurs sur le site Web \u00e0 l&rsquo;aide de vid\u00e9os passionnantes. L&rsquo;option de suivi imm\u00e9diat vous aidera \u00e0 avoir de nouveaux abonn\u00e9s sur votre compte Vimeo. <\/p><\/div>\r\n\t\t\t\t\t<\/div>\r\n\t\t\t\t<\/div> <div class=\"faq-item\">\r\n\t\t\t\t\t<div class=\"faq-item-question\">\r\n\t\t\t\t\t\t<h3 class=\"faq-item-question-text\">Comment puis-je ajouter un widget Vimeo sur mon site ? <\/h3>\r\n\r\n\t\t\t\t\t\t<div class=\"faq-item-question-icon\"><\/div>\r\n\t\t\t\t\t<\/div>\r\n\r\n\t\t\t\t\t<div class=\"faq-item-answer\">\r\n\t\t\t\t\t\t<div class=\"faq-item-answer-text\"> <p>L&rsquo;int\u00e9gration du widget ne prendra qu&rsquo;une minute de votre temps. L&rsquo;installation est ultra rapide, gratuite et sans codage. <\/p> <p>Vous pouvez placer le lecteur Vimeo sur le site via notre service. Consultez simplement le guide sur cette page. <\/p><li>La galerie vid\u00e9o Elfsight Vimeo peut \u00eatre configur\u00e9e via notre service ou sur la place de march\u00e9. Vous pouvez conna\u00eetre tous les d\u00e9tails sur les deux variantes et en choisir une plus adapt\u00e9e. <p><\/p> <\/div>\r\n\t\t\t\t\t<\/div>\r\n\t\t\t\t<\/div> <\/div> <\/div> <div class=\"application-platform-content-item-features application-platform-content-item\" id=\"features\" data-nav-section=\"features\"> <h2>Principales fonctionnalit\u00e9s du widget Galerie Vimeo<\/h2> <p>Afin de former un connaissance de Vimeo Gallery, consultez la liste de ses fonctionnalit\u00e9s les plus importantes. Ils rendent notre widget incroyablement b\u00e9n\u00e9fique pour votre entreprise\u00a0: <\/p> <ul><li>La possibilit\u00e9 d&rsquo;int\u00e9grer des mises en page s\u00e9lectionn\u00e9es pour diverses mani\u00e8res d&rsquo;organiser les vid\u00e9os\u00a0: Grille, Playlist, Slider\u00a0; <\/li><li>Sept composants flexibles de l&rsquo;en-t\u00eate\u00a0: nom, statistiques, description, bouton de suivi, image de profil\u00a0; <\/li><li>4 modes de lecture pr\u00eats \u00e0 l&#8217;emploi\u00a0: Popup, Player, Inline ou sur Vimeo\u00a0; <\/li><li>3 actions une fois la vid\u00e9o termin\u00e9e\u00a0: lire ensuite, rejouer, aucune\u00a0; <\/li><\/ul><p><a href=\"#demo\">V\u00e9rifiez plus de fonctionnalit\u00e9s dans la d\u00e9mo<\/a><\/p> <\/div> <div class=\"application-platform-content-item-installation application-platform-content-item\" id=\"installation\" data-nav-section=\"installation\"> <h2>Voyons voir comment ajouter la vid\u00e9o Vimeo \u00e0 votre site Web Elementor<\/h2><div class=\"video-container\"><iframe width=\"720\" height=\"405\" src=\"https:\/\/www.youtube.com\/embed\/iQzRXHSASmA\" frameborder=\"0\" allowfullscreen=\"\"><\/iframe><\/div><p>Ces plusieurs actions sont la seule chose que vous devez faire pour afficher le widget sur votre site. <\/p> <ol><li><b>G\u00e9n\u00e9rez votre propre plugin Vimeo Gallery<\/b><br> Avec l&rsquo;aide de notre \u00e9diteur gratuit, obtenez un plugin avec une interface et des fonctions pr\u00e9f\u00e9rables. <\/li><li><b>Obtenir le code individuel pour publier le plugin<\/b><br> Apr\u00e8s avoir cr\u00e9\u00e9 votre widget, vous obtiendrez le code unique de la notification contextuelle sur Elfsight Apps. Copiez ce code. <\/li> <li><b>Int\u00e9grez le plugin sur votre site Muse<\/b><br> Choisissez l&rsquo;endroit o\u00f9 vous souhaitez afficher le plugin et collez-y le code enregistr\u00e9. Appliquez les r\u00e9sultats. <\/li> <li><b>L&rsquo;installation est termin\u00e9e<\/b><br> Acc\u00e9dez \u00e0 la ressource Web pour voir votre travail. <\/li> <\/ol><p>Toujours pas d\u00e9cid\u00e9 ? Ou vous avez des questions ? Envoyez simplement une demande \u00e0 notre service client pour r\u00e9pondre \u00e0 toutes vos questions. <\/p> <\/div><\/li>","protected":false},"excerpt":{"rendered":"","protected":false},"author":9,"featured_media":0,"parent":1455,"menu_order":0,"comment_status":"closed","ping_status":"closed","template":"templates\/template-application-platform.php","meta":{"publish_to_discourse":"","publish_post_category":"","wpdc_auto_publish_overridden":"","wpdc_topic_tags":"","wpdc_pin_topic":"","wpdc_pin_until":"","discourse_post_id":"","discourse_permalink":"","wpdc_publishing_response":"","wpdc_publishing_error":"","footnotes":""},"class_list":["post-13939","page","type-page","status-publish","hentry"],"yoast_head":"<!-- This site is optimized with the Yoast SEO plugin v25.3.1 - https:\/\/yoast.com\/wordpress\/plugins\/seo\/ -->\n<title>Ajouter la galerie vid\u00e9o Vimeo au site Web Elementor (gratuit et rapide)<\/title>\n<meta name=\"description\" content=\"Avec Elfsight, fa\u00e7onnez votre galerie vid\u00e9o Vimeo et ajoutez-la sur le site Web Elementor rapidement et facilement. Nous offrons un support client gratuit et plus de bonus.\" \/>\n<meta name=\"robots\" content=\"index, follow, max-snippet:-1, max-image-preview:large, max-video-preview:-1\" \/>\n<link rel=\"canonical\" href=\"https:\/\/elfsight.com\/fr\/vimeo-video-gallery-widget\/elementor\/\" \/>\n<meta property=\"og:locale\" content=\"fr_FR\" \/>\n<meta property=\"og:type\" content=\"article\" \/>\n<meta property=\"og:title\" content=\"Ajouter la galerie vid\u00e9o Vimeo au site Web Elementor (gratuit et rapide)\" \/>\n<meta property=\"og:description\" content=\"Avec Elfsight, fa\u00e7onnez votre galerie vid\u00e9o Vimeo et ajoutez-la sur le site Web Elementor rapidement et facilement. Nous offrons un support client gratuit et plus de bonus.\" \/>\n<meta property=\"og:url\" content=\"https:\/\/elfsight.com\/fr\/vimeo-video-gallery-widget\/elementor\/\" \/>\n<meta property=\"og:site_name\" content=\"Elfsight FR\" \/>\n<meta property=\"article:modified_time\" content=\"2025-07-10T14:05:15+00:00\" \/>\n<meta name=\"twitter:card\" content=\"summary_large_image\" \/>\n<meta name=\"twitter:label1\" content=\"Dur\u00e9e de lecture estim\u00e9e\" \/>\n\t<meta name=\"twitter:data1\" content=\"3 minutes\" \/>\n<!-- \/ Yoast SEO plugin. -->","yoast_head_json":{"title":"Ajouter la galerie vid\u00e9o Vimeo au site Web Elementor (gratuit et rapide)","description":"Avec Elfsight, fa\u00e7onnez votre galerie vid\u00e9o Vimeo et ajoutez-la sur le site Web Elementor rapidement et facilement. Nous offrons un support client gratuit et plus de bonus.","robots":{"index":"index","follow":"follow","max-snippet":"max-snippet:-1","max-image-preview":"max-image-preview:large","max-video-preview":"max-video-preview:-1"},"canonical":"https:\/\/elfsight.com\/fr\/vimeo-video-gallery-widget\/elementor\/","og_locale":"fr_FR","og_type":"article","og_title":"Ajouter la galerie vid\u00e9o Vimeo au site Web Elementor (gratuit et rapide)","og_description":"Avec Elfsight, fa\u00e7onnez votre galerie vid\u00e9o Vimeo et ajoutez-la sur le site Web Elementor rapidement et facilement. Nous offrons un support client gratuit et plus de bonus.","og_url":"https:\/\/elfsight.com\/fr\/vimeo-video-gallery-widget\/elementor\/","og_site_name":"Elfsight FR","article_modified_time":"2025-07-10T14:05:15+00:00","twitter_card":"summary_large_image","twitter_misc":{"Dur\u00e9e de lecture estim\u00e9e":"3 minutes"},"schema":{"@context":"https:\/\/schema.org","@graph":[{"@type":"WebPage","@id":"https:\/\/elfsight.com\/fr\/vimeo-video-gallery-widget\/elementor\/","url":"https:\/\/elfsight.com\/fr\/vimeo-video-gallery-widget\/elementor\/","name":"Ajouter la galerie vid\u00e9o Vimeo au site Web Elementor (gratuit et rapide)","isPartOf":{"@id":"https:\/\/elfsight.com\/fr\/#website"},"datePublished":"2024-05-03T06:53:40+00:00","dateModified":"2025-07-10T14:05:15+00:00","description":"Avec Elfsight, fa\u00e7onnez votre galerie vid\u00e9o Vimeo et ajoutez-la sur le site Web Elementor rapidement et facilement. Nous offrons un support client gratuit et plus de bonus.","breadcrumb":{"@id":"https:\/\/elfsight.com\/fr\/vimeo-video-gallery-widget\/elementor\/#breadcrumb"},"inLanguage":"fr-FR","potentialAction":[{"@type":"ReadAction","target":["https:\/\/elfsight.com\/fr\/vimeo-video-gallery-widget\/elementor\/"]}]},{"@type":"BreadcrumbList","@id":"https:\/\/elfsight.com\/fr\/vimeo-video-gallery-widget\/elementor\/#breadcrumb","itemListElement":[{"@type":"ListItem","position":1,"name":"Home","item":"https:\/\/elfsight.com\/fr\/"},{"@type":"ListItem","position":2,"name":"Vimeo Gallery","item":"https:\/\/elfsight.com\/fr\/vimeo-video-gallery-widget\/"},{"@type":"ListItem","position":3,"name":"Vimeo Gallery &#8211; Elementor"}]},{"@type":"WebSite","@id":"https:\/\/elfsight.com\/fr\/#website","url":"https:\/\/elfsight.com\/fr\/","name":"Elfsight FR","description":"","potentialAction":[{"@type":"SearchAction","target":{"@type":"EntryPoint","urlTemplate":"https:\/\/elfsight.com\/fr\/?s={search_term_string}"},"query-input":{"@type":"PropertyValueSpecification","valueRequired":true,"valueName":"search_term_string"}}],"inLanguage":"fr-FR"}]}},"meta_box":{"industry":"","seo_heading":"","heading":"","description":"","cta_heading":"","cta_description":"","application":"1449","h1":"Galerie vid\u00e9o Elementor Vimeo","h1_caption":"Int\u00e9grez une galerie de vid\u00e9os Vimeo, offrant un moyen transparent de pr\u00e9senter sans effort votre contenu vid\u00e9o sur votre site Web Elementor.","application_category":[],"applications_title":"","applications_request_title":"","applications_request_button_text":"","hero_text":"","hero_video":"","hero_video_schema_markup":"","selling_points_title":"","selling_points_caption":"","selling_points":[],"selling_points_cta_text":"","features_title":"","features":"","ed_cta_examples_text":"","ed_cta_examples_hidden":"","ed_cta_demo_text":"","ed_cta_demo_hidden":"","why_caption":"","why_editor_title":"","why_editor_text":"","why_team_title":"","why_team_text":"","why_service_title":"","why_service_text":"","template_catalog_visible":"","template_catalog_title":"","template_catalog_text":"","template_catalog_categories_visible":"","demo_title":"Cr\u00e9ez votre widget Galerie Vimeo","demo_caption":"Configurez votre galerie Vimeo et ajoutez-la gratuitement \u00e0 votre site Web Elementor\u00a0!","default_faq_hidden":"","app_template_category":[],"platform":"385","template_public_id":"","codecanyon_url":"","codecanyon_item_id":"","codecanyon_price":"","pricing_caption":"","pricing_elfsight_apps_hide_column":"","pricing_elfsight_apps_url":"","pricing_codecanyon_price_caption":"","integration_category":[],"integration_request_title":"","integration_request_cta":"","integration_platform":"","integrations":[],"platform_category":[],"video_schema_markup":"","price":"\u00e0 partir de 0$ \/ mois","trial":"","benefits":[{"text":"Service d'installation gratuit"},{"text":"Assistance premium"},{"text":"Garantie de remboursement de 14 jours"},{"text":"Mises \u00e0 jour futures"}],"button_url":"#demo","button_target_blank":"","button_nofollow":"","attributes":[{"name":"Installations","content":"10,000 - 100,000"},{"name":"Sensible","content":"Oui"},{"name":"Navigateurs compatibles","content":"Firefox, Safari, Opera, Chrome, Edge"}],"tags":[],"tags_disable_links":"","hide_more_platforms":"","video_object":"","demo_hide_cta":"","demo_hide_cloud_options":"","pricing_title":"","pricing":[{"pricing_icon":"platform","pricing_title":"Elfsight Apps","pricing_title_caption":"Solution num\u00e9rique multiplateforme","pricing_price":"from $0 \/ month","pricing_price_caption":"commencez avec un forfait gratuit","pricing_benefits":[{"text":"Sites Web illimit\u00e9s"},{"text":"Support client professionnel et bien document\u00e9"},{"text":"Assistance \u00e0 l'installation gratuite"},{"text":"Tr\u00e8s bonne affaire pour plusieurs applications"}],"pricing_button_text":"Ajouter au site Web","pricing_button_url":"#demo"}],"related_apps_title":"","related_apps_hidden":"","author":"","image":[],"title":"","job":"","social_networks":[]},"_links":{"self":[{"href":"https:\/\/elfsight.com\/fr\/wp-json\/wp\/v2\/pages\/13939","targetHints":{"allow":["GET"]}}],"collection":[{"href":"https:\/\/elfsight.com\/fr\/wp-json\/wp\/v2\/pages"}],"about":[{"href":"https:\/\/elfsight.com\/fr\/wp-json\/wp\/v2\/types\/page"}],"author":[{"embeddable":true,"href":"https:\/\/elfsight.com\/fr\/wp-json\/wp\/v2\/users\/9"}],"replies":[{"embeddable":true,"href":"https:\/\/elfsight.com\/fr\/wp-json\/wp\/v2\/comments?post=13939"}],"version-history":[{"count":2,"href":"https:\/\/elfsight.com\/fr\/wp-json\/wp\/v2\/pages\/13939\/revisions"}],"predecessor-version":[{"id":14925,"href":"https:\/\/elfsight.com\/fr\/wp-json\/wp\/v2\/pages\/13939\/revisions\/14925"}],"up":[{"embeddable":true,"href":"https:\/\/elfsight.com\/fr\/wp-json\/wp\/v2\/pages\/1455"}],"wp:attachment":[{"href":"https:\/\/elfsight.com\/fr\/wp-json\/wp\/v2\/media?parent=13939"}],"curies":[{"name":"wp","href":"https:\/\/api.w.org\/{rel}","templated":true}]}}