{"id":13934,"date":"2024-05-03T06:53:30","date_gmt":"2024-05-03T06:53:30","guid":{"rendered":"https:\/\/elfsight.com\/fr\/?page_id=13934"},"modified":"2025-07-10T14:06:51","modified_gmt":"2025-07-10T14:06:51","slug":"webnode","status":"publish","type":"page","link":"https:\/\/elfsight.com\/fr\/vimeo-video-gallery-widget\/webnode\/","title":{"rendered":"Vimeo Gallery &#8211; Webnode"},"content":{"rendered":"<div class=\"application-platform-content-item-description application-platform-content-item\" id=\"description\" data-nav-section=\"description\"><h2>Description<\/h2><p>Elfsight Vimeo est un outil simple pour ceux qui ont besoin d&rsquo;ajouter des vid\u00e9os sur le site Web. Vous \u00eates libre de cr\u00e9er des listes de lecture de vid\u00e9os, d&rsquo;afficher une cha\u00eene enti\u00e8re, de trouver le meilleur contenu th\u00e9matique pour votre widget, etc. Le widget propose plusieurs options de conception qui permettent d&rsquo;organiser l&rsquo;interface en fonction de diff\u00e9rents cas d&rsquo;utilisation. Les mises en page int\u00e9gr\u00e9es aident \u00e0 organiser le contenu de mani\u00e8re optimale, plusieurs modes de lecture rendent le visionnage de vid\u00e9os pratique pour tout utilisateur. Avec l&rsquo;en-t\u00eate flexible, vous avez la possibilit\u00e9 d&rsquo;annoncer votre compte Vimeo et d&rsquo;augmenter vos abonn\u00e9s. La galerie vid\u00e9o Elfsight Vimeo deviendra un moyen efficace non seulement d&rsquo;augmenter l&rsquo;engagement, mais \u00e9galement de promouvoir votre entreprise.<\/p> <div class=\"faq\" data-component=\"FAQ\"><div class=\"faq-item\">\r\n\t\t\t\t\t<div class=\"faq-item-question\">\r\n\t\t\t\t\t\t<h3 class=\"faq-item-question-text\">O\u00f9 puis-je ins\u00e9rer ce plugin<\/h3>\r\n\r\n\t\t\t\t\t\t<div class=\"faq-item-question-icon\"><\/div>\r\n\t\t\t\t\t<\/div>\r\n\r\n\t\t\t\t\t<div class=\"faq-item-answer\">\r\n\t\t\t\t\t\t<div class=\"faq-item-answer-text\"><p>Le widget peut tr\u00e8s bien travaillez exactement sur la page, o\u00f9 vous le souhaitez. Si vous introduisez le lecteur vid\u00e9o Vimeo dans le mod\u00e8le de site, il appara\u00eetra sur chaque page.<\/p> <\/div>\r\n\t\t\t\t\t<\/div>\r\n\t\t\t\t<\/div><div class=\"faq-item\">\r\n\t\t\t\t\t<div class=\"faq-item-question\">\r\n\t\t\t\t\t\t<h3 class=\"faq-item-question-text\">Quels sont les avantages d'avoir le widget pour moi ?<\/h3>\r\n\r\n\t\t\t\t\t\t<div class=\"faq-item-question-icon\"><\/div>\r\n\t\t\t\t\t<\/div>\r\n\r\n\t\t\t\t\t<div class=\"faq-item-answer\">\r\n\t\t\t\t\t\t<div class=\"faq-item-answer-text\"><p>Ce plugin contribuez \u00e0 augmenter l\u2019engagement sur votre site \u00e0 l\u2019aide de vid\u00e9os attrayantes. L&rsquo;option d&rsquo;abonnement rapide vous aidera \u00e0 attirer de nouveaux abonnements sur votre compte Vimeo.<\/p><\/div>\r\n\t\t\t\t\t<\/div>\r\n\t\t\t\t<\/div><div class=\"faq-item\">\r\n\t\t\t\t\t<div class=\"faq-item-question\">\r\n\t\t\t\t\t\t<h3 class=\"faq-item-question-text\">De quoi ai-je besoin pour obtenir le widget Vimeo ?<\/h3>\r\n\r\n\t\t\t\t\t\t<div class=\"faq-item-question-icon\"><\/div>\r\n\t\t\t\t\t<\/div>\r\n\r\n\t\t\t\t\t<div class=\"faq-item-answer\">\r\n\t\t\t\t\t\t<div class=\"faq-item-answer-text\"><p>Vous n&rsquo;avez besoin que d&rsquo;une minute de votre temps pour l&rsquo;activer. . L&rsquo;int\u00e9gration est vraiment rapide, gratuite et sans codage.<\/p><p>Il existe une option pour int\u00e9grer le widget \u00e0 votre site Web directement dans notre service. Pour cela, suivez la br\u00e8ve description ci-apr\u00e8s sur cette page.<\/p><\/div>\r\n\t\t\t\t\t<\/div>\r\n\t\t\t\t<\/div><\/div><\/div><div class=\"application-platform-content-item-features application-platform-content-item\" id=\"features\" data-nav-section=\"features\"><h2>Fonctionnalit\u00e9s<\/h2><p>Pour obtenir un perception compl\u00e8te du widget, d\u00e9couvrez la liste des traits principaux. Ils rendent ce widget incroyablement efficace pour votre ressource Web\u00a0:<\/p><ul><li>Ajout de certaines mises en page pour diff\u00e9rentes mani\u00e8res d&rsquo;organiser les vid\u00e9os\u00a0: grille, liste de lecture, curseur\u00a0;<\/li><li>Sept \u00e9l\u00e9ments commutables du widget en-t\u00eate\u00a0: nom, statistiques, description, bouton de suivi, photo de profil\u00a0; <\/li><li>Quatre modes de lecture int\u00e9gr\u00e9s\u00a0: Popup, Player, Inline ou sur Vimeo\u00a0;<\/li><li>Trois options apr\u00e8s la fin de la vid\u00e9o\u00a0: lire ensuite, rejouer, aucune\u00a0;<\/li><\/ul> <p><a href=\"#demo\">Pour en savoir plus sur les fonctionnalit\u00e9s, consultez notre d\u00e9mo<\/a><\/p><\/div><div class=\"application-platform-content-item-installation application-platform-content-item\" id=\"installation\" data-nav-section=\"installation\"><h2>D\u00e9couvrez comment ajouter la vid\u00e9o Vimeo sur votre site Webnode<\/h2><p>Les actions suivantes sont la seule chose que vous devez faire pour installer le widget. <\/p><ol><li><b>Cr\u00e9ez votre plugin Vimeo personnalis\u00e9<\/b><br> \u00c0 l&rsquo;aide de notre d\u00e9mo gratuite, configurez un widget avec un design et des fonctionnalit\u00e9s pr\u00e9f\u00e9rables. <\/li><li><b>Recevez le code individuel pour installer le plugin<\/b><br> Apr\u00e8s avoir g\u00e9n\u00e9r\u00e9 votre widget, vous obtiendrez votre code d&rsquo;installation dans la fen\u00eatre apparue sur Elfsight Apps. Copiez ce code pour une utilisation ult\u00e9rieure.<\/li> <li><b>Affichez le plugin sur votre site Webnode<\/b><br> Trouvez l&rsquo;endroit o\u00f9 vous pr\u00e9voyez d&rsquo;afficher le widget et ins\u00e9rez-y le code copi\u00e9. Publiez les modifications. <\/li> <li><b>L&rsquo;int\u00e9gration est r\u00e9ussie\u00a0! <\/b><br> Entrez sur votre page pour v\u00e9rifier votre widget.<\/li> <\/ol><p>Vous avez encore des doutes sur quelque chose\u00a0? Ou vous \u00eates tomb\u00e9 sur quelque chose ? Une seule demande \u00e0 notre service client vous aidera \u00e0 r\u00e9soudre chaque probl\u00e8me. <\/p><\/div>","protected":false},"excerpt":{"rendered":"","protected":false},"author":9,"featured_media":0,"parent":1455,"menu_order":0,"comment_status":"closed","ping_status":"closed","template":"templates\/template-application-platform.php","meta":{"publish_to_discourse":"","publish_post_category":"","wpdc_auto_publish_overridden":"","wpdc_topic_tags":"","wpdc_pin_topic":"","wpdc_pin_until":"","discourse_post_id":"","discourse_permalink":"","wpdc_publishing_response":"","wpdc_publishing_error":"","footnotes":""},"class_list":["post-13934","page","type-page","status-publish","hentry"],"yoast_head":"<!-- This site is optimized with the Yoast SEO plugin v25.3.1 - https:\/\/yoast.com\/wordpress\/plugins\/seo\/ -->\n<title>Ajoutez le widget Vimeo Video Gallery au site Webnode (gratuit et rapide)<\/title>\n<meta name=\"description\" content=\"Il est parfaitement simple de fa\u00e7onner votre widget Vimeo Video Gallery et de le placer sur votre site Webnode. Le support client Elfsight est gratuit.\" \/>\n<meta name=\"robots\" content=\"index, follow, max-snippet:-1, max-image-preview:large, max-video-preview:-1\" \/>\n<link rel=\"canonical\" href=\"https:\/\/elfsight.com\/fr\/vimeo-video-gallery-widget\/webnode\/\" \/>\n<meta property=\"og:locale\" content=\"fr_FR\" \/>\n<meta property=\"og:type\" content=\"article\" \/>\n<meta property=\"og:title\" content=\"Ajoutez le widget Vimeo Video Gallery au site Webnode (gratuit et rapide)\" \/>\n<meta property=\"og:description\" content=\"Il est parfaitement simple de fa\u00e7onner votre widget Vimeo Video Gallery et de le placer sur votre site Webnode. Le support client Elfsight est gratuit.\" \/>\n<meta property=\"og:url\" content=\"https:\/\/elfsight.com\/fr\/vimeo-video-gallery-widget\/webnode\/\" \/>\n<meta property=\"og:site_name\" content=\"Elfsight FR\" \/>\n<meta property=\"article:modified_time\" content=\"2025-07-10T14:06:51+00:00\" \/>\n<meta name=\"twitter:card\" content=\"summary_large_image\" \/>\n<meta name=\"twitter:label1\" content=\"Dur\u00e9e de lecture estim\u00e9e\" \/>\n\t<meta name=\"twitter:data1\" content=\"3 minutes\" \/>\n<!-- \/ Yoast SEO plugin. -->","yoast_head_json":{"title":"Ajoutez le widget Vimeo Video Gallery au site Webnode (gratuit et rapide)","description":"Il est parfaitement simple de fa\u00e7onner votre widget Vimeo Video Gallery et de le placer sur votre site Webnode. Le support client Elfsight est gratuit.","robots":{"index":"index","follow":"follow","max-snippet":"max-snippet:-1","max-image-preview":"max-image-preview:large","max-video-preview":"max-video-preview:-1"},"canonical":"https:\/\/elfsight.com\/fr\/vimeo-video-gallery-widget\/webnode\/","og_locale":"fr_FR","og_type":"article","og_title":"Ajoutez le widget Vimeo Video Gallery au site Webnode (gratuit et rapide)","og_description":"Il est parfaitement simple de fa\u00e7onner votre widget Vimeo Video Gallery et de le placer sur votre site Webnode. Le support client Elfsight est gratuit.","og_url":"https:\/\/elfsight.com\/fr\/vimeo-video-gallery-widget\/webnode\/","og_site_name":"Elfsight FR","article_modified_time":"2025-07-10T14:06:51+00:00","twitter_card":"summary_large_image","twitter_misc":{"Dur\u00e9e de lecture estim\u00e9e":"3 minutes"},"schema":{"@context":"https:\/\/schema.org","@graph":[{"@type":"WebPage","@id":"https:\/\/elfsight.com\/fr\/vimeo-video-gallery-widget\/webnode\/","url":"https:\/\/elfsight.com\/fr\/vimeo-video-gallery-widget\/webnode\/","name":"Ajoutez le widget Vimeo Video Gallery au site Webnode (gratuit et rapide)","isPartOf":{"@id":"https:\/\/elfsight.com\/fr\/#website"},"datePublished":"2024-05-03T06:53:30+00:00","dateModified":"2025-07-10T14:06:51+00:00","description":"Il est parfaitement simple de fa\u00e7onner votre widget Vimeo Video Gallery et de le placer sur votre site Webnode. Le support client Elfsight est gratuit.","breadcrumb":{"@id":"https:\/\/elfsight.com\/fr\/vimeo-video-gallery-widget\/webnode\/#breadcrumb"},"inLanguage":"fr-FR","potentialAction":[{"@type":"ReadAction","target":["https:\/\/elfsight.com\/fr\/vimeo-video-gallery-widget\/webnode\/"]}]},{"@type":"BreadcrumbList","@id":"https:\/\/elfsight.com\/fr\/vimeo-video-gallery-widget\/webnode\/#breadcrumb","itemListElement":[{"@type":"ListItem","position":1,"name":"Home","item":"https:\/\/elfsight.com\/fr\/"},{"@type":"ListItem","position":2,"name":"Vimeo Gallery","item":"https:\/\/elfsight.com\/fr\/vimeo-video-gallery-widget\/"},{"@type":"ListItem","position":3,"name":"Vimeo Gallery &#8211; Webnode"}]},{"@type":"WebSite","@id":"https:\/\/elfsight.com\/fr\/#website","url":"https:\/\/elfsight.com\/fr\/","name":"Elfsight FR","description":"","potentialAction":[{"@type":"SearchAction","target":{"@type":"EntryPoint","urlTemplate":"https:\/\/elfsight.com\/fr\/?s={search_term_string}"},"query-input":{"@type":"PropertyValueSpecification","valueRequired":true,"valueName":"search_term_string"}}],"inLanguage":"fr-FR"}]}},"meta_box":{"industry":"","seo_heading":"","heading":"","description":"","cta_heading":"","cta_description":"","application":"1449","h1":"Galerie vid\u00e9o Webnode Vimeo","h1_caption":"Int\u00e9grez une galerie de vid\u00e9os Vimeo, offrant un moyen transparent de pr\u00e9senter votre contenu vid\u00e9o sur votre site Web Webnode sans effort.","application_category":[],"applications_title":"","applications_request_title":"","applications_request_button_text":"","hero_text":"","hero_video":"","hero_video_schema_markup":"","selling_points_title":"","selling_points_caption":"","selling_points":[],"selling_points_cta_text":"","features_title":"","features":"","ed_cta_examples_text":"","ed_cta_examples_hidden":"","ed_cta_demo_text":"","ed_cta_demo_hidden":"","why_caption":"","why_editor_title":"","why_editor_text":"","why_team_title":"","why_team_text":"","why_service_title":"","why_service_text":"","template_catalog_visible":"","template_catalog_title":"","template_catalog_text":"","template_catalog_categories_visible":"","demo_title":"Cr\u00e9ez votre widget Galerie Vimeo","demo_caption":"Configurez votre galerie Vimeo et ajoutez-la gratuitement \u00e0 votre site Webnode !","default_faq_hidden":"","app_template_category":[],"platform":"364","template_public_id":"","codecanyon_url":"","codecanyon_item_id":"","codecanyon_price":"","pricing_caption":"","pricing_elfsight_apps_hide_column":"","pricing_elfsight_apps_url":"","pricing_codecanyon_price_caption":"","integration_category":[],"integration_request_title":"","integration_request_cta":"","integration_platform":"","integrations":[],"platform_category":[],"video_schema_markup":"","price":"\u00e0 partir de 0$ \/ mois","trial":"","benefits":[{"text":"Service d'installation gratuit"},{"text":"Assistance premium"},{"text":"Garantie de remboursement de 14 jours"},{"text":"Am\u00e9liorations \u00e0 vie"}],"button_url":"#demo","button_target_blank":"","button_nofollow":"","attributes":[{"name":"Installations","content":"10,000 - 100,000"},{"name":"Sensible","content":"Oui"},{"name":"Navigateurs compatibles","content":"Firefox, Safari, Opera, Chrome, Edge"}],"tags":[],"tags_disable_links":"","hide_more_platforms":"","video_object":"","demo_hide_cta":"","demo_hide_cloud_options":"","pricing_title":"","pricing":[{"pricing_icon":"platform","pricing_title":"Elfsight Apps","pricing_title_caption":"Solution num\u00e9rique multiplateforme","pricing_price":"from $0 \/ month","pricing_price_caption":"commencez avec un forfait gratuit","pricing_benefits":[{"text":"Domaines illimit\u00e9s"},{"text":"Assistance rapide de l'entreprise"},{"text":"Assistance \u00e0 l'installation gratuite"},{"text":"Tr\u00e8s bonne affaire pour plusieurs applications"}],"pricing_button_text":"Ajouter au site Web","pricing_button_url":"#demo"}],"related_apps_title":"","related_apps_hidden":"","author":"","image":[],"title":"","job":"","social_networks":[]},"_links":{"self":[{"href":"https:\/\/elfsight.com\/fr\/wp-json\/wp\/v2\/pages\/13934","targetHints":{"allow":["GET"]}}],"collection":[{"href":"https:\/\/elfsight.com\/fr\/wp-json\/wp\/v2\/pages"}],"about":[{"href":"https:\/\/elfsight.com\/fr\/wp-json\/wp\/v2\/types\/page"}],"author":[{"embeddable":true,"href":"https:\/\/elfsight.com\/fr\/wp-json\/wp\/v2\/users\/9"}],"replies":[{"embeddable":true,"href":"https:\/\/elfsight.com\/fr\/wp-json\/wp\/v2\/comments?post=13934"}],"version-history":[{"count":1,"href":"https:\/\/elfsight.com\/fr\/wp-json\/wp\/v2\/pages\/13934\/revisions"}],"predecessor-version":[{"id":13938,"href":"https:\/\/elfsight.com\/fr\/wp-json\/wp\/v2\/pages\/13934\/revisions\/13938"}],"up":[{"embeddable":true,"href":"https:\/\/elfsight.com\/fr\/wp-json\/wp\/v2\/pages\/1455"}],"wp:attachment":[{"href":"https:\/\/elfsight.com\/fr\/wp-json\/wp\/v2\/media?parent=13934"}],"curies":[{"name":"wp","href":"https:\/\/api.w.org\/{rel}","templated":true}]}}