{"id":13932,"date":"2024-05-03T06:53:20","date_gmt":"2024-05-03T06:53:20","guid":{"rendered":"https:\/\/elfsight.com\/fr\/?page_id=13932"},"modified":"2025-07-10T14:06:31","modified_gmt":"2025-07-10T14:06:31","slug":"prestashop","status":"publish","type":"page","link":"https:\/\/elfsight.com\/fr\/vimeo-video-gallery-widget\/prestashop\/","title":{"rendered":"Vimeo Gallery &#8211; PrestaShop"},"content":{"rendered":"<div class=\"application-platform-content-item-description application-platform-content-item\" id=\"description\" data-nav-section=\"description\"> <h2>Description<\/h2> <p>Elfsight Vimeo Gallery est un outil simple pour les propri\u00e9taires de sites Web qui ont besoin d&rsquo;int\u00e9grer du contenu Vimeo sur leur site Web. Vous pouvez cr\u00e9er des listes de lecture de vid\u00e9os, afficher une cha\u00eene enti\u00e8re, trouver le meilleur contenu pour votre galerie et bien plus encore. Le widget en propose plusieurs, qui permettent d&rsquo;adapter l&rsquo;interface \u00e0 divers cas d&rsquo;utilisation. Les mises en page pr\u00eates \u00e0 l&#8217;emploi aident \u00e0 placer le contenu de mani\u00e8re optimale, plusieurs modes de lecture rendent la visualisation de vos vid\u00e9os confortable dans tous les cas d&rsquo;utilisation. Avec l&rsquo;aide de l&rsquo;en-t\u00eate flexible, vous pouvez pr\u00e9senter votre cha\u00eene et augmenter le nombre d&rsquo;abonn\u00e9s. Elfsight Vimeo Gallery est un moyen efficace non seulement de susciter l&rsquo;engagement, mais \u00e9galement de promouvoir votre entreprise. <\/p><p><b>Ins\u00e9rez une galerie Vimeo pour simplifier vos pics de commerce \u00e9lectronique\u00a0! <\/b><\/p> <\/div> <div class=\"application-platform-content-item-features application-platform-content-item\" id=\"features\" data-nav-section=\"features\"> <h2>Voici seulement quelques-unes des nombreuses fonctionnalit\u00e9s du widget\u00a0: <\/h2> <ul><li>Ajout de certaines vid\u00e9os par URL<\/li><li>3 mises en page int\u00e9gr\u00e9es pour diff\u00e9rentes mani\u00e8res d&rsquo;organiser les vid\u00e9os\u00a0: grille, liste de lecture, curseur<\/li><li>7 \u00e9l\u00e9ments contr\u00f4l\u00e9s de l&rsquo;en-t\u00eate\u00a0: nom, statistiques, description, bouton de suivi, photo de profil<\/li><li>Quatre modes de lecture pr\u00eats \u00e0 l&#8217;emploi\u00a0: Popup, Player, Inline ou sur Vimeo<\/li><li>Trois options apr\u00e8s la fin de la vid\u00e9o\u00a0: lire ensuite, rejouer, aucune<\/li><\/ul><p> <a href=\"#demo\">Essayez simplement cette d\u00e9mo pour avoir une id\u00e9e compl\u00e8te<\/a><\/p> <\/div> <div class=\"application-platform-content-item-installation application-platform-content-item\" id=\"installation\" data-nav-section=\"installation\"> <h2>Comment int\u00e9grer la galerie Vimeo sur un PrestaShop site<\/h2> <p>Appliquez simplement les instructions ci-dessous pour int\u00e9grer l&rsquo;addon. <\/p> <ol><li><b>Utilisez notre d\u00e9mo gratuite et commencez \u00e0 cr\u00e9er votre widget personnalis\u00e9. <\/b><br> Recherchez le design et les options souhaitables du widget et enregistrez les corrections. <\/li> <li><b>Acqu\u00e9rez votre code personnel qui appara\u00eet dans la bo\u00eete sur les applications Elfsight. <\/b><br> Une fois la cr\u00e9ation de votre module compl\u00e9mentaire termin\u00e9e, copiez le code individuel de la bo\u00eete qui appara\u00eet et enregistrez-le pour une occasion ult\u00e9rieure. <\/li> <li><b>Initier l&rsquo;utilisation du widget sur la page Web PrestaShop. <\/b><br> Impl\u00e9mentez le code enregistr\u00e9 pr\u00e9c\u00e9demment dans votre page Web et enregistrez les am\u00e9liorations. <\/li> <li><b>L&rsquo;installation est termin\u00e9e avec succ\u00e8s. <\/b><br> Acc\u00e9dez \u00e0 votre site pour voir le travail de l&rsquo;addon. <\/li><\/ol> <p>Si vous rencontrez un probl\u00e8me, veuillez contacter notre \u00e9quipe d&rsquo;assistance. Nos consultants souhaitent r\u00e9soudre tous les probl\u00e8mes que vous pourriez rencontrer avec le produit. <\/p> <\/div>","protected":false},"excerpt":{"rendered":"","protected":false},"author":9,"featured_media":0,"parent":1455,"menu_order":0,"comment_status":"closed","ping_status":"closed","template":"templates\/template-application-platform.php","meta":{"publish_to_discourse":"","publish_post_category":"","wpdc_auto_publish_overridden":"","wpdc_topic_tags":"","wpdc_pin_topic":"","wpdc_pin_until":"","discourse_post_id":"","discourse_permalink":"","wpdc_publishing_response":"","wpdc_publishing_error":"","footnotes":""},"class_list":["post-13932","page","type-page","status-publish","hentry"],"yoast_head":"<!-- This site is optimized with the Yoast SEO plugin v25.3.1 - https:\/\/yoast.com\/wordpress\/plugins\/seo\/ -->\n<title>PrestaShop Vim\u00e9o | Int\u00e9grer la galerie Vimeo sur le site PrestaShop<\/title>\n<meta name=\"description\" content=\"Construisez votre galerie vid\u00e9o Vimeo et int\u00e9grez-la sur le site PrestaShop en un rien de temps. Nous offrons un service client gratuit et d&#039;autres bonus.\" \/>\n<meta name=\"robots\" content=\"index, follow, max-snippet:-1, max-image-preview:large, max-video-preview:-1\" \/>\n<link rel=\"canonical\" href=\"https:\/\/elfsight.com\/fr\/vimeo-video-gallery-widget\/prestashop\/\" \/>\n<meta property=\"og:locale\" content=\"fr_FR\" \/>\n<meta property=\"og:type\" content=\"article\" \/>\n<meta property=\"og:title\" content=\"PrestaShop Vim\u00e9o | Int\u00e9grer la galerie Vimeo sur le site PrestaShop\" \/>\n<meta property=\"og:description\" content=\"Construisez votre galerie vid\u00e9o Vimeo et int\u00e9grez-la sur le site PrestaShop en un rien de temps. Nous offrons un service client gratuit et d&#039;autres bonus.\" \/>\n<meta property=\"og:url\" content=\"https:\/\/elfsight.com\/fr\/vimeo-video-gallery-widget\/prestashop\/\" \/>\n<meta property=\"og:site_name\" content=\"Elfsight FR\" \/>\n<meta property=\"article:modified_time\" content=\"2025-07-10T14:06:31+00:00\" \/>\n<meta name=\"twitter:card\" content=\"summary_large_image\" \/>\n<meta name=\"twitter:label1\" content=\"Dur\u00e9e de lecture estim\u00e9e\" \/>\n\t<meta name=\"twitter:data1\" content=\"2 minutes\" \/>\n<!-- \/ Yoast SEO plugin. -->","yoast_head_json":{"title":"PrestaShop Vim\u00e9o | Int\u00e9grer la galerie Vimeo sur le site PrestaShop","description":"Construisez votre galerie vid\u00e9o Vimeo et int\u00e9grez-la sur le site PrestaShop en un rien de temps. Nous offrons un service client gratuit et d'autres bonus.","robots":{"index":"index","follow":"follow","max-snippet":"max-snippet:-1","max-image-preview":"max-image-preview:large","max-video-preview":"max-video-preview:-1"},"canonical":"https:\/\/elfsight.com\/fr\/vimeo-video-gallery-widget\/prestashop\/","og_locale":"fr_FR","og_type":"article","og_title":"PrestaShop Vim\u00e9o | Int\u00e9grer la galerie Vimeo sur le site PrestaShop","og_description":"Construisez votre galerie vid\u00e9o Vimeo et int\u00e9grez-la sur le site PrestaShop en un rien de temps. Nous offrons un service client gratuit et d'autres bonus.","og_url":"https:\/\/elfsight.com\/fr\/vimeo-video-gallery-widget\/prestashop\/","og_site_name":"Elfsight FR","article_modified_time":"2025-07-10T14:06:31+00:00","twitter_card":"summary_large_image","twitter_misc":{"Dur\u00e9e de lecture estim\u00e9e":"2 minutes"},"schema":{"@context":"https:\/\/schema.org","@graph":[{"@type":"WebPage","@id":"https:\/\/elfsight.com\/fr\/vimeo-video-gallery-widget\/prestashop\/","url":"https:\/\/elfsight.com\/fr\/vimeo-video-gallery-widget\/prestashop\/","name":"PrestaShop Vim\u00e9o | Int\u00e9grer la galerie Vimeo sur le site PrestaShop","isPartOf":{"@id":"https:\/\/elfsight.com\/fr\/#website"},"datePublished":"2024-05-03T06:53:20+00:00","dateModified":"2025-07-10T14:06:31+00:00","description":"Construisez votre galerie vid\u00e9o Vimeo et int\u00e9grez-la sur le site PrestaShop en un rien de temps. Nous offrons un service client gratuit et d'autres bonus.","breadcrumb":{"@id":"https:\/\/elfsight.com\/fr\/vimeo-video-gallery-widget\/prestashop\/#breadcrumb"},"inLanguage":"fr-FR","potentialAction":[{"@type":"ReadAction","target":["https:\/\/elfsight.com\/fr\/vimeo-video-gallery-widget\/prestashop\/"]}]},{"@type":"BreadcrumbList","@id":"https:\/\/elfsight.com\/fr\/vimeo-video-gallery-widget\/prestashop\/#breadcrumb","itemListElement":[{"@type":"ListItem","position":1,"name":"Home","item":"https:\/\/elfsight.com\/fr\/"},{"@type":"ListItem","position":2,"name":"Vimeo Gallery","item":"https:\/\/elfsight.com\/fr\/vimeo-video-gallery-widget\/"},{"@type":"ListItem","position":3,"name":"Vimeo Gallery &#8211; PrestaShop"}]},{"@type":"WebSite","@id":"https:\/\/elfsight.com\/fr\/#website","url":"https:\/\/elfsight.com\/fr\/","name":"Elfsight FR","description":"","potentialAction":[{"@type":"SearchAction","target":{"@type":"EntryPoint","urlTemplate":"https:\/\/elfsight.com\/fr\/?s={search_term_string}"},"query-input":{"@type":"PropertyValueSpecification","valueRequired":true,"valueName":"search_term_string"}}],"inLanguage":"fr-FR"}]}},"meta_box":{"industry":"","seo_heading":"","heading":"","description":"","cta_heading":"","cta_description":"","application":"1449","h1":"Galerie vid\u00e9o PrestaShop Vimeo","h1_caption":"Int\u00e9grez une galerie de vid\u00e9os Vimeo, offrant un moyen transparent de pr\u00e9senter sans effort votre contenu vid\u00e9o sur votre site Web Prestashop.","application_category":[],"applications_title":"","applications_request_title":"","applications_request_button_text":"","hero_text":"","hero_video":"","hero_video_schema_markup":"","selling_points_title":"","selling_points_caption":"","selling_points":[],"selling_points_cta_text":"","features_title":"","features":"","ed_cta_examples_text":"","ed_cta_examples_hidden":"","ed_cta_demo_text":"","ed_cta_demo_hidden":"","why_caption":"","why_editor_title":"","why_editor_text":"","why_team_title":"","why_team_text":"","why_service_title":"","why_service_text":"","template_catalog_visible":"","template_catalog_title":"","template_catalog_text":"","template_catalog_categories_visible":"","demo_title":"Cr\u00e9ez votre module compl\u00e9mentaire Galerie Vimeo","demo_caption":"Configurez votre galerie Vimeo et ajoutez-la \u00e0 votre site PrestaShop gratuitement !","default_faq_hidden":"","app_template_category":[],"platform":"3190","template_public_id":"","codecanyon_url":"","codecanyon_item_id":"","codecanyon_price":"","pricing_caption":"","pricing_elfsight_apps_hide_column":"","pricing_elfsight_apps_url":"","pricing_codecanyon_price_caption":"","integration_category":[],"integration_request_title":"","integration_request_cta":"","integration_platform":"","integrations":[],"platform_category":[],"video_schema_markup":"","price":"\u00e0 partir de 0$ \/ mois","trial":"","benefits":[{"text":"Aide \u00e0 l'installation gratuite"},{"text":"Service client professionnel"},{"text":"Garantie de remboursement de 14 jours"},{"text":"Mise \u00e0 jour constante"}],"button_url":"#demo","button_target_blank":"","button_nofollow":"","attributes":[{"name":"Installations","content":"10,000 - 100,000"},{"name":"Sensible","content":"Oui"},{"name":"Navigateurs compatibles","content":"Firefox, Safari, Opera, Chrome, Edge"}],"tags":[],"tags_disable_links":"","hide_more_platforms":"","video_object":"","demo_hide_cta":"","demo_hide_cloud_options":"","pricing_title":"","pricing":[{"pricing_icon":"platform","pricing_title":"Elfsight Apps","pricing_title_caption":"Version multiplateforme qui fonctionne sur n'importe quel site","pricing_price":"from $0 \/ month","pricing_price_caption":"commencez avec un forfait gratuit","pricing_benefits":[{"text":"Sites Web illimit\u00e9s"},{"text":"Accompagnement professionnel de l'entreprise"},{"text":"Aide \u00e0 l'installation gratuite"},{"text":"Conception flexible"}],"pricing_button_text":"Ajouter au site Web","pricing_button_url":"#demo"}],"related_apps_title":"","related_apps_hidden":"","author":"","image":[],"title":"","job":"","social_networks":[]},"_links":{"self":[{"href":"https:\/\/elfsight.com\/fr\/wp-json\/wp\/v2\/pages\/13932","targetHints":{"allow":["GET"]}}],"collection":[{"href":"https:\/\/elfsight.com\/fr\/wp-json\/wp\/v2\/pages"}],"about":[{"href":"https:\/\/elfsight.com\/fr\/wp-json\/wp\/v2\/types\/page"}],"author":[{"embeddable":true,"href":"https:\/\/elfsight.com\/fr\/wp-json\/wp\/v2\/users\/9"}],"replies":[{"embeddable":true,"href":"https:\/\/elfsight.com\/fr\/wp-json\/wp\/v2\/comments?post=13932"}],"version-history":[{"count":1,"href":"https:\/\/elfsight.com\/fr\/wp-json\/wp\/v2\/pages\/13932\/revisions"}],"predecessor-version":[{"id":13936,"href":"https:\/\/elfsight.com\/fr\/wp-json\/wp\/v2\/pages\/13932\/revisions\/13936"}],"up":[{"embeddable":true,"href":"https:\/\/elfsight.com\/fr\/wp-json\/wp\/v2\/pages\/1455"}],"wp:attachment":[{"href":"https:\/\/elfsight.com\/fr\/wp-json\/wp\/v2\/media?parent=13932"}],"curies":[{"name":"wp","href":"https:\/\/api.w.org\/{rel}","templated":true}]}}