{"id":13931,"date":"2024-05-03T06:53:10","date_gmt":"2024-05-03T06:53:10","guid":{"rendered":"https:\/\/elfsight.com\/fr\/?page_id=13931"},"modified":"2024-12-20T10:25:17","modified_gmt":"2024-12-20T10:25:17","slug":"magento","status":"publish","type":"page","link":"https:\/\/elfsight.com\/fr\/viber-chat-widget\/magento\/","title":{"rendered":"Viber Chat &#8211; Magento"},"content":{"rendered":"\n<div class=\"application-platform-content-item-description application-platform-content-item\" id=\"description\" data-nav-section=\"description\"> <h2>Description<\/h2><p>Viber Chat d&rsquo;Elfsight est l&rsquo;un des moyens les plus rapides permettant aux utilisateurs de s&rsquo;adresser \u00e0 vous via votre site Web. Chaque utilisateur obtiendra rapidement des r\u00e9ponses \u00e0 ses questions ou une assistance de votre part. Restez disponible en ligne dans l&rsquo;un des chats les plus pr\u00e9f\u00e9r\u00e9s. Vous pouvez choisir Elfsight Viber Chat pour l&rsquo;afficher sur des pages sp\u00e9cifiques et le diriger vers des cat\u00e9gories particuli\u00e8res de visiteurs. Il existe de nombreuses possibilit\u00e9s de personnalisation\u00a0: choisissez les activateurs de d\u00e9marrage du chat, composez votre texte de bienvenue, s\u00e9lectionnez les ic\u00f4nes et bien plus encore. En ayant Viber Chat sur la page, vous pouvez rester connect\u00e9 pour les gens \u00e0 tout moment et depuis n&rsquo;importe quel endroit.<\/p><p><b>Rendez votre site plus efficace \u00e0 des fins commerciales avec Viber Chat<\/b><\/p><\/div> <div class=\"application-platform-content-item-features application-platform-content-item\" id=\"features\" data-nav-section=\"features\"> <h2>Voici quelques-unes des riches fonctionnalit\u00e9s du widget\u00a0:<\/h2><ul><li>Une collection d&rsquo;ic\u00f4nes de bulles \u00e0 choisir<\/li><li> Texte de bulle modifiable<\/li><li>En-t\u00eate FlexibleChat avec image de page, nom et l\u00e9gende<\/li><li>Option de modification du nom du chat<\/li><li>Utilisation d&rsquo;un texte personnalis\u00e9 comme l\u00e9gende<\/li><li>Message de bienvenue modifiable \u00e0 l&rsquo;aide des options de formatage et des liens<\/li><\/ul><p><a href=\"#demo\">Cochez simplement cette d\u00e9mo pour avoir une id\u00e9e compl\u00e8te<\/a><\/p><\/div> <div class=\"application-platform-content-item-installation application-platform-content-item\" id=\"installation\" data-nav-section=\"installation\"> <h2>Comment ajouter Viber Chat \u00e0 mon site Web Magento\u00a0?<\/h2><p>Suivez simplement les \u00e9tapes d\u00e9crites ci-dessous pour activer le plugin.<\/p><ol><li><b>G\u00e9rez notre d\u00e9mo gratuite et commencez \u00e0 cr\u00e9er votre propre extension. <\/b><br> Choisissez l&rsquo;apparence et les options souhait\u00e9es de l&rsquo;extension et appliquez toutes les modifications. <\/li> <li><b>Copiez le code unique affich\u00e9 dans la case sur les applications Elfsight. <\/b><br> Une fois la personnalisation de votre extension termin\u00e9e, copiez votre code dans la fen\u00eatre contextuelle apparue et conservez-le pour une utilisation ult\u00e9rieure. <\/li> <li><b>Commencez \u00e0 utiliser l&rsquo;extension sur votre site Web Magento. <\/b><br> Int\u00e9grez le code copi\u00e9 auparavant dans votre page Web et enregistrez les ajustements. <\/li> <li><b>Vous avez termin\u00e9\u00a0! L&rsquo;int\u00e9gration est enti\u00e8rement termin\u00e9e. <\/b><br> Acc\u00e9dez \u00e0 votre site Web pour v\u00e9rifier le fonctionnement de l&rsquo;extension. <\/li><\/ol><p>Si vous avez des questions ou rencontrez des probl\u00e8mes, n&rsquo;h\u00e9sitez pas \u00e0 contacter notre \u00e9quipe de service client. Nos sp\u00e9cialistes seront ravis de r\u00e9soudre toutes les difficult\u00e9s que vous pourriez rencontrer avec le produit.<\/p><div class=\"faq\" data-component=\"FAQ\"> <div class=\"faq-item\">\r\n\t\t\t\t\t<div class=\"faq-item-question\">\r\n\t\t\t\t\t\t<h3 class=\"faq-item-question-text\">Comment puis-je ajouter Viber Chat \u00e0 mon site Web Magento sans comp\u00e9tences en codage ?<\/h3>\r\n\r\n\t\t\t\t\t\t<div class=\"faq-item-question-icon\"><\/div>\r\n\t\t\t\t\t<\/div>\r\n\r\n\t\t\t\t\t<div class=\"faq-item-answer\">\r\n\t\t\t\t\t\t<div class=\"faq-item-answer-text\"> <p>Elfsight fournit une solution SaaS qui vous permet de cr\u00e9er vous-m\u00eame un widget Viber Chat, voyez \u00e0 quel point le processus est simple\u00a0: travaillez directement dans l&rsquo;\u00e9diteur en ligne pour cr\u00e9er un widget Viber Chat que vous aimeriez voir sur votre site Web Magento. Choisissez l&rsquo;un des mod\u00e8les pr\u00e9d\u00e9finis et ajustez les param\u00e8tres de Viber Chat, ajoutez votre contenu, modifiez la mise en page et la palette de couleurs sans aucune comp\u00e9tence en codage. Enregistrez le Viber Chat et copiez son code d&rsquo;installation, afin que vous puissiez simplement l&rsquo;ajouter \u00e0 votre site Web Magento sans acheter d&rsquo;abonnement payant. Gr\u00e2ce \u00e0 notre \u00e9diteur intuitif, tout internaute peut cr\u00e9er un widget Viber Chat en ligne et l&rsquo;int\u00e9grer facilement \u00e0 son site Web Magento. Il n&rsquo;est pas n\u00e9cessaire de payer ou de saisir les informations d&rsquo;identification de votre carte pour acc\u00e9der au service. Si vous rencontrez des probl\u00e8mes \u00e0 n&rsquo;importe quelle \u00e9tape, n&rsquo;h\u00e9sitez pas \u00e0 contacter notre \u00e9quipe d&rsquo;assistance technique.<\/p> <\/div>\r\n\t\t\t\t\t<\/div>\r\n\t\t\t\t<\/div> <\/div> <\/div>\n","protected":false},"excerpt":{"rendered":"","protected":false},"author":9,"featured_media":0,"parent":2802,"menu_order":0,"comment_status":"closed","ping_status":"closed","template":"templates\/template-application-platform.php","meta":{"publish_to_discourse":"","publish_post_category":"","wpdc_auto_publish_overridden":"","wpdc_topic_tags":"","wpdc_pin_topic":"","wpdc_pin_until":"","discourse_post_id":"","discourse_permalink":"","wpdc_publishing_response":"","wpdc_publishing_error":"","footnotes":""},"class_list":["post-13931","page","type-page","status-publish","hentry"],"yoast_head":"<!-- This site is optimized with the Yoast SEO plugin v25.3.1 - https:\/\/yoast.com\/wordpress\/plugins\/seo\/ -->\n<title>Ajouter Viber Chat au site Web Magento sans codage (2025)<\/title>\n<meta name=\"description\" content=\"Ajoutez Viber Chat \u00e0 votre site Web pour une communication plus facile et instantan\u00e9e avec les visiteurs. Essayez la d\u00e9mo Elfsight pour cr\u00e9er votre propre plugin d\u00e8s maintenant.\" \/>\n<meta name=\"robots\" content=\"index, follow, max-snippet:-1, max-image-preview:large, max-video-preview:-1\" \/>\n<link rel=\"canonical\" href=\"https:\/\/elfsight.com\/fr\/viber-chat-widget\/magento\/\" \/>\n<meta property=\"og:locale\" content=\"fr_FR\" \/>\n<meta property=\"og:type\" content=\"article\" \/>\n<meta property=\"og:title\" content=\"Ajouter Viber Chat au site Web Magento sans codage (2025)\" \/>\n<meta property=\"og:description\" content=\"Ajoutez Viber Chat \u00e0 votre site Web pour une communication plus facile et instantan\u00e9e avec les visiteurs. Essayez la d\u00e9mo Elfsight pour cr\u00e9er votre propre plugin d\u00e8s maintenant.\" \/>\n<meta property=\"og:url\" content=\"https:\/\/elfsight.com\/fr\/viber-chat-widget\/magento\/\" \/>\n<meta property=\"og:site_name\" content=\"Elfsight FR\" \/>\n<meta property=\"article:modified_time\" content=\"2024-12-20T10:25:17+00:00\" \/>\n<meta name=\"twitter:card\" content=\"summary_large_image\" \/>\n<meta name=\"twitter:label1\" content=\"Dur\u00e9e de lecture estim\u00e9e\" \/>\n\t<meta name=\"twitter:data1\" content=\"3 minutes\" \/>\n<!-- \/ Yoast SEO plugin. -->","yoast_head_json":{"title":"Ajouter Viber Chat au site Web Magento sans codage (2025)","description":"Ajoutez Viber Chat \u00e0 votre site Web pour une communication plus facile et instantan\u00e9e avec les visiteurs. Essayez la d\u00e9mo Elfsight pour cr\u00e9er votre propre plugin d\u00e8s maintenant.","robots":{"index":"index","follow":"follow","max-snippet":"max-snippet:-1","max-image-preview":"max-image-preview:large","max-video-preview":"max-video-preview:-1"},"canonical":"https:\/\/elfsight.com\/fr\/viber-chat-widget\/magento\/","og_locale":"fr_FR","og_type":"article","og_title":"Ajouter Viber Chat au site Web Magento sans codage (2025)","og_description":"Ajoutez Viber Chat \u00e0 votre site Web pour une communication plus facile et instantan\u00e9e avec les visiteurs. Essayez la d\u00e9mo Elfsight pour cr\u00e9er votre propre plugin d\u00e8s maintenant.","og_url":"https:\/\/elfsight.com\/fr\/viber-chat-widget\/magento\/","og_site_name":"Elfsight FR","article_modified_time":"2024-12-20T10:25:17+00:00","twitter_card":"summary_large_image","twitter_misc":{"Dur\u00e9e de lecture estim\u00e9e":"3 minutes"},"schema":{"@context":"https:\/\/schema.org","@graph":[{"@type":"WebPage","@id":"https:\/\/elfsight.com\/fr\/viber-chat-widget\/magento\/","url":"https:\/\/elfsight.com\/fr\/viber-chat-widget\/magento\/","name":"Ajouter Viber Chat au site Web Magento sans codage (2025)","isPartOf":{"@id":"https:\/\/elfsight.com\/fr\/#website"},"datePublished":"2024-05-03T06:53:10+00:00","dateModified":"2024-12-20T10:25:17+00:00","description":"Ajoutez Viber Chat \u00e0 votre site Web pour une communication plus facile et instantan\u00e9e avec les visiteurs. Essayez la d\u00e9mo Elfsight pour cr\u00e9er votre propre plugin d\u00e8s maintenant.","breadcrumb":{"@id":"https:\/\/elfsight.com\/fr\/viber-chat-widget\/magento\/#breadcrumb"},"inLanguage":"fr-FR","potentialAction":[{"@type":"ReadAction","target":["https:\/\/elfsight.com\/fr\/viber-chat-widget\/magento\/"]}]},{"@type":"BreadcrumbList","@id":"https:\/\/elfsight.com\/fr\/viber-chat-widget\/magento\/#breadcrumb","itemListElement":[{"@type":"ListItem","position":1,"name":"Home","item":"https:\/\/elfsight.com\/fr\/"},{"@type":"ListItem","position":2,"name":"Viber Chat","item":"https:\/\/elfsight.com\/fr\/viber-chat-widget\/"},{"@type":"ListItem","position":3,"name":"Viber Chat &#8211; Magento"}]},{"@type":"WebSite","@id":"https:\/\/elfsight.com\/fr\/#website","url":"https:\/\/elfsight.com\/fr\/","name":"Elfsight FR","description":"","potentialAction":[{"@type":"SearchAction","target":{"@type":"EntryPoint","urlTemplate":"https:\/\/elfsight.com\/fr\/?s={search_term_string}"},"query-input":{"@type":"PropertyValueSpecification","valueRequired":true,"valueName":"search_term_string"}}],"inLanguage":"fr-FR"}]}},"meta_box":{"industry":"","seo_heading":"","heading":"","description":"","cta_heading":"","cta_description":"","application":"2799","h1":"Magento Viber Chat","h1_caption":"Proposez Viber comme canal de communication sur votre site Web, permettant ainsi aux visiteurs d'acc\u00e9der facilement \u00e0 votre site Web Magento.","application_category":[],"applications_title":"","applications_request_title":"","applications_request_button_text":"","hero_text":"","hero_video":"","hero_video_schema_markup":"","selling_points_title":"","selling_points_caption":"","selling_points":[],"selling_points_cta_text":"","features_title":"","features":"","ed_cta_examples_text":"","ed_cta_examples_hidden":"","ed_cta_demo_text":"","ed_cta_demo_hidden":"","why_caption":"","why_editor_title":"","why_editor_text":"","why_team_title":"","why_team_text":"","why_service_title":"","why_service_text":"","template_catalog_visible":"0","template_catalog_title":"","template_catalog_text":"","template_catalog_categories_visible":"","demo_title":"Cr\u00e9ez votre extension Viber Chat","demo_caption":"Configurez votre Viber Chat et ajoutez-le \u00e0 votre site Web Magento gratuitement !","default_faq_hidden":"","app_template_category":[],"platform":"357","template_public_id":"","codecanyon_url":"","codecanyon_item_id":"","codecanyon_price":"","pricing_caption":"","pricing_elfsight_apps_hide_column":"","pricing_elfsight_apps_url":"","pricing_codecanyon_price_caption":"","integration_category":[],"integration_request_title":"","integration_request_cta":"","integration_platform":"","integrations":[],"platform_category":[],"video_schema_markup":"","price":"\u00e0 partir de 0$ \/ mois","trial":"","benefits":[{"text":"Assistance \u00e0 l'installation gratuite"},{"text":"Support client exp\u00e9riment\u00e9"},{"text":"Garantie de remboursement de 14 jours"},{"text":"D\u00e9veloppement continu"}],"button_url":"#demo","button_target_blank":"0","button_nofollow":"0","attributes":[{"name":"Installations","content":"10,000 - 100,000"},{"name":"Sensible","content":"Oui"},{"name":"Navigateurs compatibles","content":"Firefox, Safari, Opera, Chrome, Edge"}],"tags":[],"tags_disable_links":"0","hide_more_platforms":"","video_object":"","demo_hide_cta":"0","demo_hide_cloud_options":"0","pricing_title":"","pricing":[{"pricing_icon":"platform","pricing_title":"Elfsight Apps","pricing_title_caption":"Solution num\u00e9rique multiplateforme qui fonctionne sur n'importe quel site Web","pricing_price":"from $0 \/ month","pricing_price_caption":"commencez avec un forfait gratuit","pricing_benefits":[{"text":"Domaines illimit\u00e9s"},{"text":"Support client premium et bien document\u00e9"},{"text":"Assistance \u00e0 l'installation gratuite"},{"text":"Conception flexible"}],"pricing_button_text":"Ajouter au site Web","pricing_button_url":"#demo"}],"related_apps_title":"","related_apps_hidden":"0","author":"","image":[],"title":"","job":"","social_networks":[]},"_links":{"self":[{"href":"https:\/\/elfsight.com\/fr\/wp-json\/wp\/v2\/pages\/13931","targetHints":{"allow":["GET"]}}],"collection":[{"href":"https:\/\/elfsight.com\/fr\/wp-json\/wp\/v2\/pages"}],"about":[{"href":"https:\/\/elfsight.com\/fr\/wp-json\/wp\/v2\/types\/page"}],"author":[{"embeddable":true,"href":"https:\/\/elfsight.com\/fr\/wp-json\/wp\/v2\/users\/9"}],"replies":[{"embeddable":true,"href":"https:\/\/elfsight.com\/fr\/wp-json\/wp\/v2\/comments?post=13931"}],"version-history":[{"count":2,"href":"https:\/\/elfsight.com\/fr\/wp-json\/wp\/v2\/pages\/13931\/revisions"}],"predecessor-version":[{"id":15957,"href":"https:\/\/elfsight.com\/fr\/wp-json\/wp\/v2\/pages\/13931\/revisions\/15957"}],"up":[{"embeddable":true,"href":"https:\/\/elfsight.com\/fr\/wp-json\/wp\/v2\/pages\/2802"}],"wp:attachment":[{"href":"https:\/\/elfsight.com\/fr\/wp-json\/wp\/v2\/media?parent=13931"}],"curies":[{"name":"wp","href":"https:\/\/api.w.org\/{rel}","templated":true}]}}