{"id":13924,"date":"2024-05-03T06:52:40","date_gmt":"2024-05-03T06:52:40","guid":{"rendered":"https:\/\/elfsight.com\/fr\/?page_id=13924"},"modified":"2025-07-10T14:01:41","modified_gmt":"2025-07-10T14:01:41","slug":"bigcommerce","status":"publish","type":"page","link":"https:\/\/elfsight.com\/fr\/twitter-feed-widget\/bigcommerce\/","title":{"rendered":"Twitter Feed &#8211; Bigcommerce"},"content":{"rendered":"<div class=\"application-platform-content-item-description application-platform-content-item\" id=\"description\" data-nav-section=\"description\"><h2>Description<\/h2><p>Avec le flux Twitter Elfsight, il est absolument simple d&rsquo;ajouter un flux Twitter ou des Tweets s\u00e9lectionn\u00e9s sur un site Web BigCommerce. Augmentez l&rsquo;activit\u00e9 des utilisateurs et renforcez la confiance des clients, en d\u00e9montrant une chronologie Twitter ou en vantant des t\u00e9moignages de clients sur vos articles. Les avantages les plus pr\u00e9cieux de l&rsquo;application Twitter Elfsight pour un site Web sont des mod\u00e8les pr\u00e9d\u00e9finis pour tous les cas d&rsquo;utilisation et des param\u00e8tres vari\u00e9s ainsi qu&rsquo;une conception flexible.<\/p><p><b>Augmentez le niveau d&rsquo;engagement de votre site et rendez-le fiable pour vos clients. <\/b><\/p><ul><li><b>Gardez les utilisateurs sur le site Web<\/b>.<br>Maintenez votre audience sur votre site pendant des heures et des heures, en pr\u00e9sentant des Tweets s\u00e9lectionn\u00e9s sur les sujets les plus int\u00e9ressants ou impliquez-les dans vos \u00e9v\u00e9nements promus sur Twitter.<\/li><li><b>Acqu\u00e9rez plus d&rsquo;abonn\u00e9s<\/b>.<br>Le flux Twitter interactif d&rsquo;Elfsight permet aux utilisateurs de suivre votre compte sans quitter le site Web. Vous pouvez ainsi obtenir une nouvelle source d&rsquo;abonn\u00e9s et \u00e9largir la communaut\u00e9 Twitter.<\/li><li><b>Preuve sociale \u00e9lev\u00e9e pour une confiance plus forte<\/b>.<br>D\u00e9montrez avec quelle activit\u00e9 vous remplissez votre profil Twitter pour convaincre les utilisateurs que votre projet se d\u00e9veloppe et vous avez envie de communiquer et de vous rapprocher de votre communaut\u00e9.<\/li><\/ul><\/div><div class=\"application-platform-content-item-features application-platform-content-item\" id=\"features\" data-nav-section=\"features\"><h2>Fonctionnalit\u00e9s<\/h2><p>Un tas de fonctionnalit\u00e9s qui transforment l&rsquo;application Elfsight en l&rsquo;application la plus importante pour tout site BigCommerce.<\/p><ul><li>Cr\u00e9ez un flux avec des tweets de t\u00e9moignage sur votre entreprise\u00a0;<\/li><li>Masquez l&rsquo;en-t\u00eate pour afficher uniquement Tweets\u00a0;<\/li><li>Toutes les actions de Tweet prises en charge\u00a0: r\u00e9pondre, retweeter, aimer\u00a0;<\/li><li>Limite d&rsquo;affichage des tweets dans le flux\u00a0;<\/li><li>Coloration automatique du flux avec la couleur du th\u00e8me de votre Twitter compte.<\/li><\/ul><p><a href=\"#demo\">V\u00e9rifiez tous les avantages du widget<\/a><\/p><\/div><div class=\"application-platform-content-item-installation application-platform-content-item\" id=\"installation\" data-nav-section=\"installation\"><h2>Comment ajouter un flux Twitter \u00e0 BigCommerce<\/h2><div class=\"video-container\"><iframe width=\"720\" height=\"405\" src=\"https:\/\/www.youtube.com\/embed\/MYo-T1h3-SY\" frameborder=\"0\" allowfullscreen=\"\"><\/iframe><\/div><p>Appliquez simplement les instructions ci-dessous pour activer le plugin sur BigCommerce.<\/p> <ol><li><b>G\u00e9rez notre d\u00e9mo gratuite et commencez \u00e0 cr\u00e9er votre widget personnalis\u00e9. <\/b><br> D\u00e9terminez la forme et les aspects appropri\u00e9s du flux Twitter et enregistrez les corrections. <\/li> <li><b>Copiez le code unique qui est affich\u00e9 dans le formulaire sp\u00e9cial sur les applications Elfsight. <\/b><br> Juste une fois la configuration de votre outil termin\u00e9e, copiez le code exclusif de la fen\u00eatre contextuelle qui appara\u00eet et conservez-le pour une utilisation ult\u00e9rieure. <\/li> <li><b>Commencez l&rsquo;application de l&rsquo;outil sur le site Web BigCommerce. <\/b><br> Collez le code copi\u00e9 r\u00e9cemment dans votre site Web et enregistrez les am\u00e9liorations. <\/li> <li><b>L&rsquo;installation est termin\u00e9e avec succ\u00e8s. <\/b><br> Visitez votre site pour voir comment fonctionne le widget. <\/li><\/ol><p>Vous rencontrez des difficult\u00e9s ou des probl\u00e8mes en suivant le guide ou en personnalisant votre application\u00a0? Lire l&rsquo;<a href=\"https:\/\/elfsight.com\/tutorials\/how-to-add-twitter-feed-app-to-bigcommerce\/\" target=\"_blank\" rel=\"noopener noreferrer\">article d\u00e9taill\u00e9<\/a> ou envoyez un message au centre d&rsquo;assistance Elfsight et nos d\u00e9veloppeurs se feront un plaisir de vous aider.<\/p><\/div><div class=\"faq\" data-component=\"FAQ\"><div class=\"faq-item\">\r\n\t\t\t\t\t<div class=\"faq-item-question\">\r\n\t\t\t\t\t\t<h3 class=\"faq-item-question-text\">Comment puis-je int\u00e9grer le flux Twitter \u00e0 mon Site Bigcommerce sans connaissances en codage ?<\/h3>\r\n\r\n\t\t\t\t\t\t<div class=\"faq-item-question-icon\"><\/div>\r\n\t\t\t\t\t<\/div>\r\n\r\n\t\t\t\t\t<div class=\"faq-item-answer\">\r\n\t\t\t\t\t\t<div class=\"faq-item-answer-text\"><p>La soci\u00e9t\u00e9 Elfsight propose une solution SaaS qui permet aux utilisateurs de cr\u00e9er eux-m\u00eames un plugin de flux Twitter. D\u00e9couvrez le guide simple\u00a0:<\/p><ul><li>Travailler directement dans l&rsquo;\u00e9diteur en ligne pour cr\u00e9ez un plugin de flux Twitter que vous souhaitez int\u00e9grer sur le site Bigcommerce.<\/li><li>Choisissez l&rsquo;un de nos mod\u00e8les pr\u00e9d\u00e9finis et modifiez les param\u00e8tres du flux Twitter, incluez votre contenu, changez la mise en page et la palette de couleurs sans aucune exp\u00e9rience de codage.<\/li><li>Enregistrez le flux Twitter et copiez le code pour l&rsquo;int\u00e9gration, qui peut \u00eatre simplement coll\u00e9 dans la page d&rsquo;accueil de Bigcommerce sans avoir besoin d&rsquo;acheter une version payante.<\/li><\/ul><p>Travailler dans notre interface facile \u00e0 utiliser. utiliser Editor, chaque internaute peut cr\u00e9er un flux Twitter en ligne et le coller sur n&rsquo;importe quel site Bigcommerce. Vous ne devez pas payer ni soumettre les informations d&rsquo;identification de votre carte pour acc\u00e9der \u00e0 Elfsight Editor. Si vous rencontrez des obstacles \u00e0 n&rsquo;importe quelle \u00e9tape, n&rsquo;h\u00e9sitez pas \u00e0 contacter notre \u00e9quipe d&rsquo;assistance.<\/p><\/div>\r\n\t\t\t\t\t<\/div>\r\n\t\t\t\t<\/div><\/div>","protected":false},"excerpt":{"rendered":"","protected":false},"author":9,"featured_media":0,"parent":1058,"menu_order":0,"comment_status":"closed","ping_status":"closed","template":"templates\/template-application-platform.php","meta":{"publish_to_discourse":"","publish_post_category":"","wpdc_auto_publish_overridden":"","wpdc_topic_tags":"","wpdc_pin_topic":"","wpdc_pin_until":"","discourse_post_id":"","discourse_permalink":"","wpdc_publishing_response":"","wpdc_publishing_error":"","footnotes":""},"class_list":["post-13924","page","type-page","status-publish","hentry"],"yoast_head":"<!-- This site is optimized with the Yoast SEO plugin v25.3.1 - https:\/\/yoast.com\/wordpress\/plugins\/seo\/ -->\n<title>Application Twitter Feed pour le site Web BigCommerce (application officielle d&#039;Elfsight)<\/title>\n<meta name=\"description\" content=\"Obtenez votre application Twitter Feed pour BigCommerce et affichez-la sur votre site seulement en 1 minute. \u00c9diteur gratuit, aide au r\u00e9glage et de nombreux avantages divers d&#039;Elfsight\u00a0!\" \/>\n<meta name=\"robots\" content=\"index, follow, max-snippet:-1, max-image-preview:large, max-video-preview:-1\" \/>\n<link rel=\"canonical\" href=\"https:\/\/elfsight.com\/fr\/twitter-feed-widget\/bigcommerce\/\" \/>\n<meta property=\"og:locale\" content=\"fr_FR\" \/>\n<meta property=\"og:type\" content=\"article\" \/>\n<meta property=\"og:title\" content=\"Application Twitter Feed pour le site Web BigCommerce (application officielle d&#039;Elfsight)\" \/>\n<meta property=\"og:description\" content=\"Obtenez votre application Twitter Feed pour BigCommerce et affichez-la sur votre site seulement en 1 minute. \u00c9diteur gratuit, aide au r\u00e9glage et de nombreux avantages divers d&#039;Elfsight\u00a0!\" \/>\n<meta property=\"og:url\" content=\"https:\/\/elfsight.com\/fr\/twitter-feed-widget\/bigcommerce\/\" \/>\n<meta property=\"og:site_name\" content=\"Elfsight FR\" \/>\n<meta property=\"article:modified_time\" content=\"2025-07-10T14:01:41+00:00\" \/>\n<meta name=\"twitter:card\" content=\"summary_large_image\" \/>\n<meta name=\"twitter:label1\" content=\"Dur\u00e9e de lecture estim\u00e9e\" \/>\n\t<meta name=\"twitter:data1\" content=\"4 minutes\" \/>\n<!-- \/ Yoast SEO plugin. -->","yoast_head_json":{"title":"Application Twitter Feed pour le site Web BigCommerce (application officielle d'Elfsight)","description":"Obtenez votre application Twitter Feed pour BigCommerce et affichez-la sur votre site seulement en 1 minute. \u00c9diteur gratuit, aide au r\u00e9glage et de nombreux avantages divers d'Elfsight\u00a0!","robots":{"index":"index","follow":"follow","max-snippet":"max-snippet:-1","max-image-preview":"max-image-preview:large","max-video-preview":"max-video-preview:-1"},"canonical":"https:\/\/elfsight.com\/fr\/twitter-feed-widget\/bigcommerce\/","og_locale":"fr_FR","og_type":"article","og_title":"Application Twitter Feed pour le site Web BigCommerce (application officielle d'Elfsight)","og_description":"Obtenez votre application Twitter Feed pour BigCommerce et affichez-la sur votre site seulement en 1 minute. \u00c9diteur gratuit, aide au r\u00e9glage et de nombreux avantages divers d'Elfsight\u00a0!","og_url":"https:\/\/elfsight.com\/fr\/twitter-feed-widget\/bigcommerce\/","og_site_name":"Elfsight FR","article_modified_time":"2025-07-10T14:01:41+00:00","twitter_card":"summary_large_image","twitter_misc":{"Dur\u00e9e de lecture estim\u00e9e":"4 minutes"},"schema":{"@context":"https:\/\/schema.org","@graph":[{"@type":"WebPage","@id":"https:\/\/elfsight.com\/fr\/twitter-feed-widget\/bigcommerce\/","url":"https:\/\/elfsight.com\/fr\/twitter-feed-widget\/bigcommerce\/","name":"Application Twitter Feed pour le site Web BigCommerce (application officielle d'Elfsight)","isPartOf":{"@id":"https:\/\/elfsight.com\/fr\/#website"},"datePublished":"2024-05-03T06:52:40+00:00","dateModified":"2025-07-10T14:01:41+00:00","description":"Obtenez votre application Twitter Feed pour BigCommerce et affichez-la sur votre site seulement en 1 minute. \u00c9diteur gratuit, aide au r\u00e9glage et de nombreux avantages divers d'Elfsight\u00a0!","breadcrumb":{"@id":"https:\/\/elfsight.com\/fr\/twitter-feed-widget\/bigcommerce\/#breadcrumb"},"inLanguage":"fr-FR","potentialAction":[{"@type":"ReadAction","target":["https:\/\/elfsight.com\/fr\/twitter-feed-widget\/bigcommerce\/"]}]},{"@type":"BreadcrumbList","@id":"https:\/\/elfsight.com\/fr\/twitter-feed-widget\/bigcommerce\/#breadcrumb","itemListElement":[{"@type":"ListItem","position":1,"name":"Home","item":"https:\/\/elfsight.com\/fr\/"},{"@type":"ListItem","position":2,"name":"Twitter Feed","item":"https:\/\/elfsight.com\/fr\/twitter-feed-widget\/"},{"@type":"ListItem","position":3,"name":"Twitter Feed &#8211; Bigcommerce"}]},{"@type":"WebSite","@id":"https:\/\/elfsight.com\/fr\/#website","url":"https:\/\/elfsight.com\/fr\/","name":"Elfsight FR","description":"","potentialAction":[{"@type":"SearchAction","target":{"@type":"EntryPoint","urlTemplate":"https:\/\/elfsight.com\/fr\/?s={search_term_string}"},"query-input":{"@type":"PropertyValueSpecification","valueRequired":true,"valueName":"search_term_string"}}],"inLanguage":"fr-FR"}]}},"meta_box":{"industry":"","seo_heading":"","heading":"","description":"","cta_heading":"","cta_description":"","application":"1057","h1":"Application de flux Twitter BigCommerce","h1_caption":"Int\u00e9grez des tweets depuis votre compte Twitter ou par hashtag pour tenir vos visiteurs inform\u00e9s du contenu en temps r\u00e9el sur votre site Web BigCommerce sans effort.","application_category":[],"applications_title":"","applications_request_title":"","applications_request_button_text":"","hero_text":"","hero_video":"","hero_video_schema_markup":"","selling_points_title":"","selling_points_caption":"","selling_points":[],"selling_points_cta_text":"","features_title":"","features":"","ed_cta_examples_text":"","ed_cta_examples_hidden":"","ed_cta_demo_text":"","ed_cta_demo_hidden":"","why_caption":"","why_editor_title":"","why_editor_text":"","why_team_title":"","why_team_text":"","why_service_title":"","why_service_text":"","template_catalog_visible":"","template_catalog_title":"","template_catalog_text":"","template_catalog_categories_visible":"","demo_title":"Cr\u00e9ez votre application de flux Twitter","demo_caption":"Configurez votre flux Twitter et ajoutez-le gratuitement \u00e0 votre site Web BigCommerce\u00a0!","default_faq_hidden":"","app_template_category":[],"platform":"347","template_public_id":"","codecanyon_url":"","codecanyon_item_id":"","codecanyon_price":"","pricing_caption":"","pricing_elfsight_apps_hide_column":"","pricing_elfsight_apps_url":"","pricing_codecanyon_price_caption":"","integration_category":[],"integration_request_title":"","integration_request_cta":"","integration_platform":"","integrations":[],"platform_category":[],"video_schema_markup":"","price":"\u00e0 partir de 0$ \/ mois","trial":"","benefits":[{"text":"Aide \u00e0 l'installation gratuite"},{"text":"Soutien exceptionnel"},{"text":"Garantie de remboursement de 14 jours"},{"text":"D\u00e9veloppement continu"}],"button_url":"#demo","button_target_blank":"","button_nofollow":"","attributes":[{"name":"Installations","content":"10,000 - 100,000"},{"name":"Sensible","content":"Oui"},{"name":"Navigateurs compatibles","content":"Firefox, Safari, Opera, Chrome, Edge"}],"tags":[],"tags_disable_links":"","hide_more_platforms":"","video_object":"","demo_hide_cta":"","demo_hide_cloud_options":"","pricing_title":"","pricing":[{"pricing_icon":"cloud","pricing_title":"Elfsight Apps","pricing_title_caption":"Solution multiplateforme","pricing_price":"from $0 \/ month","pricing_price_caption":"commencez avec un forfait gratuit","pricing_benefits":[{"text":"Domaines illimit\u00e9s"},{"text":"Support rapide de l\u2019entreprise et bien document\u00e9"},{"text":"Assistance \u00e0 l'installation gratuite"},{"text":"Enti\u00e8rement personnalisable"}],"pricing_button_text":"Ajouter au site Web","pricing_button_url":"#demo"}],"related_apps_title":"","related_apps_hidden":"","author":"","image":[],"title":"","job":"","social_networks":[]},"_links":{"self":[{"href":"https:\/\/elfsight.com\/fr\/wp-json\/wp\/v2\/pages\/13924","targetHints":{"allow":["GET"]}}],"collection":[{"href":"https:\/\/elfsight.com\/fr\/wp-json\/wp\/v2\/pages"}],"about":[{"href":"https:\/\/elfsight.com\/fr\/wp-json\/wp\/v2\/types\/page"}],"author":[{"embeddable":true,"href":"https:\/\/elfsight.com\/fr\/wp-json\/wp\/v2\/users\/9"}],"replies":[{"embeddable":true,"href":"https:\/\/elfsight.com\/fr\/wp-json\/wp\/v2\/comments?post=13924"}],"version-history":[{"count":2,"href":"https:\/\/elfsight.com\/fr\/wp-json\/wp\/v2\/pages\/13924\/revisions"}],"predecessor-version":[{"id":14797,"href":"https:\/\/elfsight.com\/fr\/wp-json\/wp\/v2\/pages\/13924\/revisions\/14797"}],"up":[{"embeddable":true,"href":"https:\/\/elfsight.com\/fr\/wp-json\/wp\/v2\/pages\/1058"}],"wp:attachment":[{"href":"https:\/\/elfsight.com\/fr\/wp-json\/wp\/v2\/media?parent=13924"}],"curies":[{"name":"wp","href":"https:\/\/api.w.org\/{rel}","templated":true}]}}