{"id":13923,"date":"2024-05-03T06:52:30","date_gmt":"2024-05-03T06:52:30","guid":{"rendered":"https:\/\/elfsight.com\/fr\/?page_id=13923"},"modified":"2025-07-10T14:01:59","modified_gmt":"2025-07-10T14:01:59","slug":"google-sites","status":"publish","type":"page","link":"https:\/\/elfsight.com\/fr\/twitter-feed-widget\/google-sites\/","title":{"rendered":"Twitter Feed &#8211; Google Sites"},"content":{"rendered":"<div class=\"application-platform-content-item-description application-platform-content-item\" id=\"description\" data-nav-section=\"description\"> <h2>Int\u00e9grer un flux Twitter sur Google Sites avec le widget Elfsight<\/h2> <p>Avec Elfsight Twitter Feed, il est tr\u00e8s simple d&rsquo;int\u00e9grer un flux Twitter ou des Tweets s\u00e9par\u00e9s sur votre site Web. Am\u00e9liorez l&rsquo;activit\u00e9 des visiteurs et renforcez la confiance des clients, en publiant une chronologie Twitter ou en vantant les t\u00e9moignages de clients sur vos articles. Les meilleurs avantages du flux Twitter Elfsight pour votre site Web sont des mod\u00e8les pr\u00eats pour tous les cas d&rsquo;utilisation et diff\u00e9rentes options ainsi qu&rsquo;une conception adaptable.<\/p> <p><b>Rendez votre site Web totalement attrayant pour votre public et hautement fiable<\/b><\/p> <\/div> <div class=\"application-platform-content-item-features application-platform-content-item\" id=\"features\" data-nav-section=\"features\"> <h2>Retrouvez ci-dessous les fonctionnalit\u00e9s principales du widget\u00a0: <\/h2> <ul><li>Affichez les Tweets de votre propre compte ou s\u00e9lectionnez par hashtag<\/li><li>Choisissez une pr\u00e9sentation d&rsquo;en-t\u00eate compl\u00e8te ou compacte<\/li><li>Copier le lien Tweets<\/li><li>Une ic\u00f4ne sp\u00e9ciale pour marquer les comptes v\u00e9rifi\u00e9s<\/li><li>Coloration automatique du flux avec la couleur du th\u00e8me de votre compte Twitter<\/li><\/ul><p><a href=\"#demo\">Vous pouvez v\u00e9rifier si le widget est fait pour vous en essayant la d\u00e9mo<\/a><\/p> <\/div> <div class=\"application-platform-content-item-installation application-platform-content-item\" id=\"installation\" data-nav-section=\"installation\"> <h2>Comment ajouter un flux Twitter \u00e0 mon site Google\u00a0? <\/h2> <p>Suivez simplement quelques \u00e9tapes d\u00e9crites ci-dessous pour ins\u00e9rer le widget. <\/p><div class=\"video-container\"><iframe width=\"720\" height=\"405\" src=\"https:\/\/www.youtube.com\/embed\/DrAe9b4dqVE\" frameborder=\"0\" allowfullscreen=\"\"><\/iframe><\/div><ol><li><b>Utilisez notre d\u00e9mo gratuite et commencez \u00e0 cr\u00e9er votre widget personnalis\u00e9. <\/b><br> Sp\u00e9cifiez l&rsquo;apparence et les param\u00e8tres pr\u00e9f\u00e9rables du widget et enregistrez les modifications. <\/li> <li><b>Obtenez votre code personnel apparaissant dans le formulaire sp\u00e9cial sur Elfsight Apps. <\/b><br> D\u00e8s que la configuration de votre plugin personnel est termin\u00e9e, copiez le code individuel dans la fen\u00eatre contextuelle apparue et enregistrez-le pour vos besoins futurs. <\/li> <li><b>Commencez \u00e0 utiliser l&rsquo;outil sur votre page Web Google\u00a0Sites. <\/b><br> Placez le code enregistr\u00e9 pr\u00e9c\u00e9demment dans votre page et appliquez les am\u00e9liorations. <\/li> <li><b>L&rsquo;installation est enti\u00e8rement termin\u00e9e. <\/b><br> Visitez votre site pour v\u00e9rifier le fonctionnement du widget. <\/li><\/ol> <div class=\"tip-yellow tip\"><b>En raison des particularit\u00e9s du fonctionnement de Google Sites, le widget peut \u00eatre diff\u00e9rent de la d\u00e9mo en ligne. Nous nous excusons pour tout inconv\u00e9nient caus\u00e9.<\/b><\/div><p>Si vous rencontrez des probl\u00e8mes, n&rsquo;h\u00e9sitez pas \u00e0 contacter notre \u00e9quipe de service client. Nos consultants sont impatients de vous aider avec toutes les difficult\u00e9s que vous pourriez rencontrer avec l&rsquo;outil. <\/p> <div class=\"faq\" data-component=\"FAQ\"><div class=\"faq-item\">\r\n\t\t\t\t\t<div class=\"faq-item-question\">\r\n\t\t\t\t\t\t<h3 class=\"faq-item-question-text\">Comment puis-je int\u00e9grer un widget de flux Twitter sur ma page Google Sites sans comp\u00e9tences en codage ?<\/h3>\r\n\r\n\t\t\t\t\t\t<div class=\"faq-item-question-icon\"><\/div>\r\n\t\t\t\t\t<\/div>\r\n\r\n\t\t\t\t\t<div class=\"faq-item-answer\">\r\n\t\t\t\t\t\t<div class=\"faq-item-answer-text\"><p>Elfsight fournit une solution bas\u00e9e sur le cloud qui permet aux utilisateurs d&rsquo;int\u00e9grer un widget de flux Twitter. seul, voyez \u00e0 quel point le processus est simple\u00a0:<\/p><ul><li>Acc\u00e9dez \u00e0 l&rsquo;\u00e9diteur en ligne pour g\u00e9n\u00e9rer une section de widget de flux Twitter que vous souhaitez int\u00e9grer \u00e0 votre page Google Sites.<\/li><li>Choisissez l&rsquo;un de nos mod\u00e8les pr\u00e9d\u00e9finis et personnalisez les param\u00e8tres du widget de flux Twitter, modifiez la mise en page et la palette de couleurs, incluez votre contenu sans avoir besoin de codage.<\/li><li>Enregistrez les param\u00e8tres que vous avez configur\u00e9s pour Twitter. Alimentez le widget et obtenez le code du widget \u00e0 int\u00e9grer, qui peut \u00eatre ajout\u00e9 sans effort et gratuitement \u00e0 votre page Google Sites.<\/li><\/ul><p>En travaillant dans l&rsquo;\u00e9diteur convivial, tout internaute peut cr\u00e9er un Section du widget Flux Twitter et int\u00e9grez-le dans leur page Google Sites. Il n&rsquo;y a aucune exigence de paiement ou de divulgation des informations de votre carte pour acc\u00e9der \u00e0 l&rsquo;\u00e9diteur Elfsight. Si vous rencontrez des difficult\u00e9s \u00e0 un moment donn\u00e9, n&rsquo;h\u00e9sitez pas \u00e0 contacter notre service client.<\/p><\/div>\r\n\t\t\t\t\t<\/div>\r\n\t\t\t\t<\/div><\/div><\/div>","protected":false},"excerpt":{"rendered":"","protected":false},"author":9,"featured_media":0,"parent":1058,"menu_order":0,"comment_status":"closed","ping_status":"closed","template":"templates\/template-application-platform.php","meta":{"publish_to_discourse":"","publish_post_category":"","wpdc_auto_publish_overridden":"","wpdc_topic_tags":"","wpdc_pin_topic":"","wpdc_pin_until":"","discourse_post_id":"","discourse_permalink":"","wpdc_publishing_response":"","wpdc_publishing_error":"","footnotes":""},"class_list":["post-13923","page","type-page","status-publish","hentry"],"yoast_head":"<!-- This site is optimized with the Yoast SEO plugin v25.3.1 - https:\/\/yoast.com\/wordpress\/plugins\/seo\/ -->\n<title>Flux Twitter - Ajoutez un flux Twitter \u00e0 Google Sites en quelques clics (2025)<\/title>\n<meta name=\"description\" content=\"Ajoutez une application de flux Twitter r\u00e9active sur votre site Web Google Sites et obtenez une confiance totale. Utilisez la d\u00e9mo utile d&#039;Elfsight pour cr\u00e9er votre fonctionnalit\u00e9 unique.\" \/>\n<meta name=\"robots\" content=\"index, follow, max-snippet:-1, max-image-preview:large, max-video-preview:-1\" \/>\n<link rel=\"canonical\" href=\"https:\/\/elfsight.com\/fr\/twitter-feed-widget\/google-sites\/\" \/>\n<meta property=\"og:locale\" content=\"fr_FR\" \/>\n<meta property=\"og:type\" content=\"article\" \/>\n<meta property=\"og:title\" content=\"Flux Twitter - Ajoutez un flux Twitter \u00e0 Google Sites en quelques clics (2025)\" \/>\n<meta property=\"og:description\" content=\"Ajoutez une application de flux Twitter r\u00e9active sur votre site Web Google Sites et obtenez une confiance totale. Utilisez la d\u00e9mo utile d&#039;Elfsight pour cr\u00e9er votre fonctionnalit\u00e9 unique.\" \/>\n<meta property=\"og:url\" content=\"https:\/\/elfsight.com\/fr\/twitter-feed-widget\/google-sites\/\" \/>\n<meta property=\"og:site_name\" content=\"Elfsight FR\" \/>\n<meta property=\"article:modified_time\" content=\"2025-07-10T14:01:59+00:00\" \/>\n<meta name=\"twitter:card\" content=\"summary_large_image\" \/>\n<meta name=\"twitter:label1\" content=\"Dur\u00e9e de lecture estim\u00e9e\" \/>\n\t<meta name=\"twitter:data1\" content=\"3 minutes\" \/>\n<!-- \/ Yoast SEO plugin. -->","yoast_head_json":{"title":"Flux Twitter - Ajoutez un flux Twitter \u00e0 Google Sites en quelques clics (2025)","description":"Ajoutez une application de flux Twitter r\u00e9active sur votre site Web Google Sites et obtenez une confiance totale. Utilisez la d\u00e9mo utile d'Elfsight pour cr\u00e9er votre fonctionnalit\u00e9 unique.","robots":{"index":"index","follow":"follow","max-snippet":"max-snippet:-1","max-image-preview":"max-image-preview:large","max-video-preview":"max-video-preview:-1"},"canonical":"https:\/\/elfsight.com\/fr\/twitter-feed-widget\/google-sites\/","og_locale":"fr_FR","og_type":"article","og_title":"Flux Twitter - Ajoutez un flux Twitter \u00e0 Google Sites en quelques clics (2025)","og_description":"Ajoutez une application de flux Twitter r\u00e9active sur votre site Web Google Sites et obtenez une confiance totale. Utilisez la d\u00e9mo utile d'Elfsight pour cr\u00e9er votre fonctionnalit\u00e9 unique.","og_url":"https:\/\/elfsight.com\/fr\/twitter-feed-widget\/google-sites\/","og_site_name":"Elfsight FR","article_modified_time":"2025-07-10T14:01:59+00:00","twitter_card":"summary_large_image","twitter_misc":{"Dur\u00e9e de lecture estim\u00e9e":"3 minutes"},"schema":{"@context":"https:\/\/schema.org","@graph":[{"@type":"WebPage","@id":"https:\/\/elfsight.com\/fr\/twitter-feed-widget\/google-sites\/","url":"https:\/\/elfsight.com\/fr\/twitter-feed-widget\/google-sites\/","name":"Flux Twitter - Ajoutez un flux Twitter \u00e0 Google Sites en quelques clics (2025)","isPartOf":{"@id":"https:\/\/elfsight.com\/fr\/#website"},"datePublished":"2024-05-03T06:52:30+00:00","dateModified":"2025-07-10T14:01:59+00:00","description":"Ajoutez une application de flux Twitter r\u00e9active sur votre site Web Google Sites et obtenez une confiance totale. Utilisez la d\u00e9mo utile d'Elfsight pour cr\u00e9er votre fonctionnalit\u00e9 unique.","breadcrumb":{"@id":"https:\/\/elfsight.com\/fr\/twitter-feed-widget\/google-sites\/#breadcrumb"},"inLanguage":"fr-FR","potentialAction":[{"@type":"ReadAction","target":["https:\/\/elfsight.com\/fr\/twitter-feed-widget\/google-sites\/"]}]},{"@type":"BreadcrumbList","@id":"https:\/\/elfsight.com\/fr\/twitter-feed-widget\/google-sites\/#breadcrumb","itemListElement":[{"@type":"ListItem","position":1,"name":"Home","item":"https:\/\/elfsight.com\/fr\/"},{"@type":"ListItem","position":2,"name":"Twitter Feed","item":"https:\/\/elfsight.com\/fr\/twitter-feed-widget\/"},{"@type":"ListItem","position":3,"name":"Twitter Feed &#8211; Google Sites"}]},{"@type":"WebSite","@id":"https:\/\/elfsight.com\/fr\/#website","url":"https:\/\/elfsight.com\/fr\/","name":"Elfsight FR","description":"","potentialAction":[{"@type":"SearchAction","target":{"@type":"EntryPoint","urlTemplate":"https:\/\/elfsight.com\/fr\/?s={search_term_string}"},"query-input":{"@type":"PropertyValueSpecification","valueRequired":true,"valueName":"search_term_string"}}],"inLanguage":"fr-FR"}]}},"meta_box":{"industry":"","seo_heading":"","heading":"","description":"","cta_heading":"","cta_description":"","application":"1057","h1":"Widget de flux Twitter de Google Sites","h1_caption":"Int\u00e9grez des tweets depuis votre compte Twitter ou par hashtag pour tenir vos visiteurs inform\u00e9s du contenu en temps r\u00e9el sur vos sites Google sans effort.","application_category":[],"applications_title":"","applications_request_title":"","applications_request_button_text":"","hero_text":"","hero_video":"","hero_video_schema_markup":"","selling_points_title":"","selling_points_caption":"","selling_points":[],"selling_points_cta_text":"","features_title":"","features":"","ed_cta_examples_text":"","ed_cta_examples_hidden":"","ed_cta_demo_text":"","ed_cta_demo_hidden":"","why_caption":"","why_editor_title":"","why_editor_text":"","why_team_title":"","why_team_text":"","why_service_title":"","why_service_text":"","template_catalog_visible":"","template_catalog_title":"","template_catalog_text":"","template_catalog_categories_visible":"","demo_title":"Cr\u00e9ez votre widget de flux Twitter","demo_caption":"Configurez votre flux Twitter et ajoutez-le gratuitement \u00e0 votre site Web Google Sites\u00a0!","default_faq_hidden":"","app_template_category":[],"platform":"423","template_public_id":"","codecanyon_url":"","codecanyon_item_id":"","codecanyon_price":"","pricing_caption":"","pricing_elfsight_apps_hide_column":"","pricing_elfsight_apps_url":"","pricing_codecanyon_price_caption":"","integration_category":[],"integration_request_title":"","integration_request_cta":"","integration_platform":"","integrations":[],"platform_category":[],"video_schema_markup":"","price":"\u00e0 partir de 0$ \/ mois","trial":"","benefits":[{"text":"Service d'installation gratuit"},{"text":"Assistance premium"},{"text":"Garantie de remboursement de 14 jours"},{"text":"Am\u00e9liorations gratuites r\u00e9guli\u00e8res"}],"button_url":"#demo","button_target_blank":"","button_nofollow":"","attributes":[{"name":"Installations","content":"10,000 - 100,000"},{"name":"R\u00e9activit\u00e9","content":"Oui"},{"name":"Navigateurs compatibles","content":"Chrome, Edge, Opera, Firefox, Safari"}],"tags":[],"tags_disable_links":"","hide_more_platforms":"","video_object":"","demo_hide_cta":"","demo_hide_cloud_options":"","pricing_title":"","pricing":[{"pricing_icon":"platform","pricing_title":"Elfsight Apps","pricing_title_caption":"Solution num\u00e9rique multiplateforme","pricing_price":"from $0 \/ month","pricing_price_caption":"commencez avec un forfait gratuit","pricing_benefits":[{"text":"Sites Web illimit\u00e9s"},{"text":"Assistance professionnelle et ponctuelle"},{"text":"Aide \u00e0 l'installation gratuite"},{"text":"Offre sp\u00e9ciale pour plusieurs applications"}],"pricing_button_text":"Ajouter au site Web","pricing_button_url":"#demo"}],"related_apps_title":"","related_apps_hidden":"","author":"","image":[],"title":"","job":"","social_networks":[]},"_links":{"self":[{"href":"https:\/\/elfsight.com\/fr\/wp-json\/wp\/v2\/pages\/13923","targetHints":{"allow":["GET"]}}],"collection":[{"href":"https:\/\/elfsight.com\/fr\/wp-json\/wp\/v2\/pages"}],"about":[{"href":"https:\/\/elfsight.com\/fr\/wp-json\/wp\/v2\/types\/page"}],"author":[{"embeddable":true,"href":"https:\/\/elfsight.com\/fr\/wp-json\/wp\/v2\/users\/9"}],"replies":[{"embeddable":true,"href":"https:\/\/elfsight.com\/fr\/wp-json\/wp\/v2\/comments?post=13923"}],"version-history":[{"count":1,"href":"https:\/\/elfsight.com\/fr\/wp-json\/wp\/v2\/pages\/13923\/revisions"}],"predecessor-version":[{"id":13927,"href":"https:\/\/elfsight.com\/fr\/wp-json\/wp\/v2\/pages\/13923\/revisions\/13927"}],"up":[{"embeddable":true,"href":"https:\/\/elfsight.com\/fr\/wp-json\/wp\/v2\/pages\/1058"}],"wp:attachment":[{"href":"https:\/\/elfsight.com\/fr\/wp-json\/wp\/v2\/media?parent=13923"}],"curies":[{"name":"wp","href":"https:\/\/api.w.org\/{rel}","templated":true}]}}