{"id":13918,"date":"2024-05-03T06:52:20","date_gmt":"2024-05-03T06:52:20","guid":{"rendered":"https:\/\/elfsight.com\/fr\/?page_id=13918"},"modified":"2025-07-10T13:59:57","modified_gmt":"2025-07-10T13:59:57","slug":"joomla","status":"publish","type":"page","link":"https:\/\/elfsight.com\/fr\/tumblr-feed-widget\/joomla\/","title":{"rendered":"Tumblr Feed &#8211; Joomla"},"content":{"rendered":"<div class=\"application-platform-content-item-description application-platform-content-item\" id=\"description\" data-nav-section=\"description\"> <h2>Description<\/h2> <p>Elfsight Tumblr Feed pour Joomla est une extension unique permettant de concevoir votre flux personnalis\u00e9 compos\u00e9 du contenu du r\u00e9seau Tumblr et en le pr\u00e9sentant directement sur votre site Web. Formez une galerie ou un curseur de publications en 1-2-3\u00a0! Exercez un contr\u00f4le total sur un contenu affich\u00e9 et d\u00e9barrassez-vous du spam et de tout contenu ind\u00e9sirable gr\u00e2ce \u00e0 la mod\u00e9ration manuelle. L&rsquo;\u00e9diteur en ligne enti\u00e8rement r\u00e9actif vous propose de nombreux mod\u00e8les \u00e0 s\u00e9lectionner. <\/p> <p><b>D\u00e9montrez le contenu Tumblr le plus frappant pour garder vos visiteurs int\u00e9ress\u00e9s et toucher plus de personnes<\/b><\/p> <\/div> <div class=\"application-platform-content-item-features application-platform-content-item\" id=\"features\" data-nav-section=\"features\"> <h2>Vous trouverez ci-dessous Principales caract\u00e9ristiques du widget\u00a0: <\/h2> <ul><li>Affichez le contenu de Tumblr<\/li><li>D\u00e9barrassez-vous de tout spam et contenu ind\u00e9sirable gr\u00e2ce au mode de mod\u00e9ration manuelle. <\/li><li>D\u00e9finissez le bouton Suivre sur les cartes de widgets. <\/li><li>Faites appara\u00eetre vos publications dans un mode pop-up. <\/li><\/ul><p><a href=\"#demo\">Vous pouvez explorer toutes les capacit\u00e9s du widget dans la d\u00e9mo <\/a><\/p> <\/div> <div class=\"application-platform-content-item-installation  application-platform-content-item\" id=\"installation \" data-nav-section=\"installation \"> <h2>Comment puis-je int\u00e9grer le flux Tumblr \u00e0 mon site Web Joomla\u00a0? <\/h2> <p>Suivez simplement les \u00e9tapes suivantes indiqu\u00e9es ci-dessous pour int\u00e9grer l&rsquo;outil. <\/p> <ol><li><b>Utilisez notre d\u00e9mo gratuite et commencez \u00e0 cr\u00e9er votre extension personnalis\u00e9e. <\/b><br> Trouvez la mise en page appropri\u00e9e et les caract\u00e9ristiques fonctionnelles du plugin et appliquez les corrections. <\/li> <li><b>Acqu\u00e9rir le code personnel r\u00e9v\u00e9l\u00e9 dans la bo\u00eete sur Elfsight Apps. <\/b><br> Juste une fois la configuration de votre plugin termin\u00e9e, copiez le code individuel dans la fen\u00eatre contextuelle qui appara\u00eet et conservez-le pour d&rsquo;autres besoins. <\/li> <li><b>Initiez l&rsquo;utilisation du widget sur votre site Web Joomla. <\/b><br> Collez le code que vous avez enregistr\u00e9 auparavant dans votre page et enregistrez les corrections. <\/li> <li><b>L&rsquo;installation est termin\u00e9e avec succ\u00e8s. <\/b><br> Rendez-vous sur votre site pour voir le fonctionnement de l&rsquo;extension. <\/li><\/ol> <p>Si vous rencontrez des probl\u00e8mes, n&rsquo;h\u00e9sitez pas \u00e0 \u00e9crire \u00e0 notre \u00e9quipe d&rsquo;assistance. Nos sp\u00e9cialistes seront ravis de vous aider avec toutes les questions que vous pourriez avoir avec le produit. <\/p> <\/div><div class=\"faq\" data-component=\"FAQ\"><div class=\"faq-item\">\r\n\t\t\t\t\t<div class=\"faq-item-question\">\r\n\t\t\t\t\t\t<h3 class=\"faq-item-question-text\">Existe-t-il un moyen d'ajouter le flux Tumblr \u00e0 ma page Web Joomla sans connaissances en codage ?<\/h3>\r\n\r\n\t\t\t\t\t\t<div class=\"faq-item-question-icon\"><\/div>\r\n\t\t\t\t\t<\/div>\r\n\r\n\t\t\t\t\t<div class=\"faq-item-answer\">\r\n\t\t\t\t\t\t<div class=\"faq-item-answer-text\"><p>Soci\u00e9t\u00e9 Elfsight fournit une solution qui permet aux utilisateurs de g\u00e9n\u00e9rer eux-m\u00eames une application de flux Tumblr. D\u00e9couvrez les \u00e9tapes simples\u00a0:<\/p><ul><li>Travailler directement dans l&rsquo;\u00e9diteur en ligne pour cr\u00e9er une application de flux Tumblr que vous souhaitez inclure sur la page Web Joomla. <\/li><li>Choisissez l&rsquo;un de nos mod\u00e8les pr\u00e9d\u00e9finis et adaptez les param\u00e8tres du flux Tumblr, transformez la mise en page et la couleur des \u00e9l\u00e9ments, incluez votre contenu sans codage.<\/li><li>Enregistrez le flux Tumblr et obtenez le code pour int\u00e9gration, qui peut \u00eatre facilement incluse dans votre page d&rsquo;accueil Joomla sans acheter d&rsquo;abonnement payant.<\/li><\/ul><p>Gr\u00e2ce \u00e0 notre configurateur intuitif, chaque utilisateur Web peut cr\u00e9er le plugin Tumblr Feed en ligne et l&rsquo;inclure sur son site Joomla. Il n&rsquo;est pas n\u00e9cessaire de souscrire un abonnement payant ou de soumettre les informations d&rsquo;identification de votre carte pour acc\u00e9der au service. Si vous rencontrez des probl\u00e8mes \u00e0 un moment donn\u00e9, n&rsquo;h\u00e9sitez pas \u00e0 contacter notre \u00e9quipe d&rsquo;assistance.<\/p><\/div>\r\n\t\t\t\t\t<\/div>\r\n\t\t\t\t<\/div><\/div>","protected":false},"excerpt":{"rendered":"","protected":false},"author":9,"featured_media":0,"parent":3457,"menu_order":0,"comment_status":"closed","ping_status":"closed","template":"templates\/template-application-platform.php","meta":{"publish_to_discourse":"","publish_post_category":"","wpdc_auto_publish_overridden":"","wpdc_topic_tags":"","wpdc_pin_topic":"","wpdc_pin_until":"","discourse_post_id":"","discourse_permalink":"","wpdc_publishing_response":"","wpdc_publishing_error":"","footnotes":""},"class_list":["post-13918","page","type-page","status-publish","hentry"],"yoast_head":"<!-- This site is optimized with the Yoast SEO plugin v25.3.1 - https:\/\/yoast.com\/wordpress\/plugins\/seo\/ -->\n<title>Ajoutez l&#039;extension Tumblr Feed au site Web Joomla (rapide et gratuit)<\/title>\n<meta name=\"description\" content=\"Ins\u00e9rez l&#039;extension Joomla Tumblr Feed sur la page. Essayez la d\u00e9mo pratique d&#039;Elfsight et modifiez votre superbe extension Tumblr en quelques clics\" \/>\n<meta name=\"robots\" content=\"index, follow, max-snippet:-1, max-image-preview:large, max-video-preview:-1\" \/>\n<link rel=\"canonical\" href=\"https:\/\/elfsight.com\/fr\/tumblr-feed-widget\/joomla\/\" \/>\n<meta property=\"og:locale\" content=\"fr_FR\" \/>\n<meta property=\"og:type\" content=\"article\" \/>\n<meta property=\"og:title\" content=\"Ajoutez l&#039;extension Tumblr Feed au site Web Joomla (rapide et gratuit)\" \/>\n<meta property=\"og:description\" content=\"Ins\u00e9rez l&#039;extension Joomla Tumblr Feed sur la page. Essayez la d\u00e9mo pratique d&#039;Elfsight et modifiez votre superbe extension Tumblr en quelques clics\" \/>\n<meta property=\"og:url\" content=\"https:\/\/elfsight.com\/fr\/tumblr-feed-widget\/joomla\/\" \/>\n<meta property=\"og:site_name\" content=\"Elfsight FR\" \/>\n<meta property=\"article:modified_time\" content=\"2025-07-10T13:59:57+00:00\" \/>\n<meta name=\"twitter:card\" content=\"summary_large_image\" \/>\n<meta name=\"twitter:label1\" content=\"Dur\u00e9e de lecture estim\u00e9e\" \/>\n\t<meta name=\"twitter:data1\" content=\"3 minutes\" \/>\n<!-- \/ Yoast SEO plugin. -->","yoast_head_json":{"title":"Ajoutez l'extension Tumblr Feed au site Web Joomla (rapide et gratuit)","description":"Ins\u00e9rez l'extension Joomla Tumblr Feed sur la page. Essayez la d\u00e9mo pratique d'Elfsight et modifiez votre superbe extension Tumblr en quelques clics","robots":{"index":"index","follow":"follow","max-snippet":"max-snippet:-1","max-image-preview":"max-image-preview:large","max-video-preview":"max-video-preview:-1"},"canonical":"https:\/\/elfsight.com\/fr\/tumblr-feed-widget\/joomla\/","og_locale":"fr_FR","og_type":"article","og_title":"Ajoutez l'extension Tumblr Feed au site Web Joomla (rapide et gratuit)","og_description":"Ins\u00e9rez l'extension Joomla Tumblr Feed sur la page. Essayez la d\u00e9mo pratique d'Elfsight et modifiez votre superbe extension Tumblr en quelques clics","og_url":"https:\/\/elfsight.com\/fr\/tumblr-feed-widget\/joomla\/","og_site_name":"Elfsight FR","article_modified_time":"2025-07-10T13:59:57+00:00","twitter_card":"summary_large_image","twitter_misc":{"Dur\u00e9e de lecture estim\u00e9e":"3 minutes"},"schema":{"@context":"https:\/\/schema.org","@graph":[{"@type":"WebPage","@id":"https:\/\/elfsight.com\/fr\/tumblr-feed-widget\/joomla\/","url":"https:\/\/elfsight.com\/fr\/tumblr-feed-widget\/joomla\/","name":"Ajoutez l'extension Tumblr Feed au site Web Joomla (rapide et gratuit)","isPartOf":{"@id":"https:\/\/elfsight.com\/fr\/#website"},"datePublished":"2024-05-03T06:52:20+00:00","dateModified":"2025-07-10T13:59:57+00:00","description":"Ins\u00e9rez l'extension Joomla Tumblr Feed sur la page. Essayez la d\u00e9mo pratique d'Elfsight et modifiez votre superbe extension Tumblr en quelques clics","breadcrumb":{"@id":"https:\/\/elfsight.com\/fr\/tumblr-feed-widget\/joomla\/#breadcrumb"},"inLanguage":"fr-FR","potentialAction":[{"@type":"ReadAction","target":["https:\/\/elfsight.com\/fr\/tumblr-feed-widget\/joomla\/"]}]},{"@type":"BreadcrumbList","@id":"https:\/\/elfsight.com\/fr\/tumblr-feed-widget\/joomla\/#breadcrumb","itemListElement":[{"@type":"ListItem","position":1,"name":"Home","item":"https:\/\/elfsight.com\/fr\/"},{"@type":"ListItem","position":2,"name":"Tumblr Feed","item":"https:\/\/elfsight.com\/fr\/tumblr-feed-widget\/"},{"@type":"ListItem","position":3,"name":"Tumblr Feed &#8211; Joomla"}]},{"@type":"WebSite","@id":"https:\/\/elfsight.com\/fr\/#website","url":"https:\/\/elfsight.com\/fr\/","name":"Elfsight FR","description":"","potentialAction":[{"@type":"SearchAction","target":{"@type":"EntryPoint","urlTemplate":"https:\/\/elfsight.com\/fr\/?s={search_term_string}"},"query-input":{"@type":"PropertyValueSpecification","valueRequired":true,"valueName":"search_term_string"}}],"inLanguage":"fr-FR"}]}},"meta_box":{"industry":"","seo_heading":"","heading":"","description":"","cta_heading":"","cta_description":"","application":"3456","h1":"Extension de flux Tumblr Joomla","h1_caption":"Affichez les articles de votre blog tumblr sur votre site Web pour tenir les visiteurs inform\u00e9s de votre dernier contenu sur votre site Web Joomla sans effort.","application_category":[],"applications_title":"","applications_request_title":"","applications_request_button_text":"","hero_text":"","hero_video":"","hero_video_schema_markup":"","selling_points_title":"","selling_points_caption":"","selling_points":[],"selling_points_cta_text":"","features_title":"","features":"","ed_cta_examples_text":"","ed_cta_examples_hidden":"","ed_cta_demo_text":"","ed_cta_demo_hidden":"","why_caption":"","why_editor_title":"","why_editor_text":"","why_team_title":"","why_team_text":"","why_service_title":"","why_service_text":"","template_catalog_visible":"","template_catalog_title":"","template_catalog_text":"","template_catalog_categories_visible":"","demo_title":"Cr\u00e9ez votre plugin de flux Tumblr","demo_caption":"Configurez votre flux Tumblr et ajoutez-le \u00e0 votre site Web Joomla gratuitement !","default_faq_hidden":"","app_template_category":[],"platform":"354","template_public_id":"","codecanyon_url":"","codecanyon_item_id":"","codecanyon_price":"","pricing_caption":"","pricing_elfsight_apps_hide_column":"","pricing_elfsight_apps_url":"","pricing_codecanyon_price_caption":"","integration_category":[],"integration_request_title":"","integration_request_cta":"","integration_platform":"","integrations":[],"platform_category":[],"video_schema_markup":"","price":"\u00e0 partir de 0$ \/ mois","trial":"","benefits":[{"text":"Service d'installation gratuit"},{"text":"Support client exp\u00e9riment\u00e9"},{"text":"Garantie de remboursement de 14 jours"},{"text":"Mise \u00e0 jour constante"}],"button_url":"#demo","button_target_blank":"","button_nofollow":"","attributes":[{"name":"Installations","content":"10,000 - 100,000"},{"name":"Sensible","content":"Oui"},{"name":"Navigateurs compatibles","content":"Firefox, Safari, Opera, Chrome, Edge"}],"tags":[],"tags_disable_links":"","hide_more_platforms":"","video_object":"","demo_hide_cta":"","demo_hide_cloud_options":"","pricing_title":"","pricing":[{"pricing_icon":"platform","pricing_title":"Elfsight Apps","pricing_title_caption":"Solution ind\u00e9pendante de la plate-forme qui convient \u00e0 n'importe quel site","pricing_price":"from $0 \/ month","pricing_price_caption":"commencez avec un forfait gratuit","pricing_benefits":[{"text":"Domaines illimit\u00e9s"},{"text":"Support premium et ponctuel et bien document\u00e9"},{"text":"Aide \u00e0 l'installation gratuite"},{"text":"100% personnalisable"}],"pricing_button_text":"Ajouter au site Web","pricing_button_url":"#demo"}],"related_apps_title":"","related_apps_hidden":"","author":"","image":[],"title":"","job":"","social_networks":[]},"_links":{"self":[{"href":"https:\/\/elfsight.com\/fr\/wp-json\/wp\/v2\/pages\/13918","targetHints":{"allow":["GET"]}}],"collection":[{"href":"https:\/\/elfsight.com\/fr\/wp-json\/wp\/v2\/pages"}],"about":[{"href":"https:\/\/elfsight.com\/fr\/wp-json\/wp\/v2\/types\/page"}],"author":[{"embeddable":true,"href":"https:\/\/elfsight.com\/fr\/wp-json\/wp\/v2\/users\/9"}],"replies":[{"embeddable":true,"href":"https:\/\/elfsight.com\/fr\/wp-json\/wp\/v2\/comments?post=13918"}],"version-history":[{"count":1,"href":"https:\/\/elfsight.com\/fr\/wp-json\/wp\/v2\/pages\/13918\/revisions"}],"predecessor-version":[{"id":13922,"href":"https:\/\/elfsight.com\/fr\/wp-json\/wp\/v2\/pages\/13918\/revisions\/13922"}],"up":[{"embeddable":true,"href":"https:\/\/elfsight.com\/fr\/wp-json\/wp\/v2\/pages\/3457"}],"wp:attachment":[{"href":"https:\/\/elfsight.com\/fr\/wp-json\/wp\/v2\/media?parent=13918"}],"curies":[{"name":"wp","href":"https:\/\/api.w.org\/{rel}","templated":true}]}}