{"id":13910,"date":"2024-05-03T06:51:50","date_gmt":"2024-05-03T06:51:50","guid":{"rendered":"https:\/\/elfsight.com\/fr\/?page_id=13910"},"modified":"2025-07-10T13:58:21","modified_gmt":"2025-07-10T13:58:21","slug":"weebly","status":"publish","type":"page","link":"https:\/\/elfsight.com\/fr\/tripadvisor-reviews-widget\/weebly\/","title":{"rendered":"Tripadvisor Reviews &#8211; Weebly"},"content":{"rendered":"<div class=\"application-platform-content-item-description application-platform-content-item\" id=\"description\" data-nav-section=\"description\"> <h2>Description<\/h2> <p>Elfsight Tripadvisor Reviews est un simple widget qui vous permet de publier sur votre site Web des avis sur vos offres \u00e9manant des utilisateurs. de Tripadvisor. Notre widget vous permet d&rsquo;appliquer des filtres pour masquer les avis ind\u00e9sirables, de r\u00e9v\u00e9ler vos notes et num\u00e9ros de Tripadvisor, de fournir des d\u00e9tails sur les auteurs et d&rsquo;afficher un bouton qui aidera les visiteurs \u00e0 publier leur avis sur Tripadvisor. Le widget Elfsight Tripadvisor Reviews vous aidera \u00e0 afficher votre preuve sociale parfaite sur votre site et \u00e0 attirer de nouvelles ventes. <\/p><div class=\"faq\" data-component=\"FAQ\"> <div class=\"faq-item\">\r\n\t\t\t\t\t<div class=\"faq-item-question\">\r\n\t\t\t\t\t\t<h3 class=\"faq-item-question-text\">O\u00f9 puis-je l'int\u00e9grer<\/h3>\r\n\r\n\t\t\t\t\t\t<div class=\"faq-item-question-icon\"><\/div>\r\n\t\t\t\t\t<\/div>\r\n\r\n\t\t\t\t\t<div class=\"faq-item-answer\">\r\n\t\t\t\t\t\t<div class=\"faq-item-answer-text\"> <p>Vous \u00eates libre d&rsquo;ajouter le widget d&rsquo;avis \u00e0 n&rsquo;importe quelle page du site Web, ou de l&rsquo;ins\u00e9rer dans le mod\u00e8le du site Web, dans ce cas, il le fera apparaissent sur toutes les pages. Les avis sont efficaces sur les pages produits ou sur la page \u00c0 propos de nous, o\u00f9 vous devez afficher votre appr\u00e9ciation \u00e9lev\u00e9e. <\/p><\/div>\r\n\t\t\t\t\t<\/div>\r\n\t\t\t\t<\/div> <div class=\"faq-item\">\r\n\t\t\t\t\t<div class=\"faq-item-question\">\r\n\t\t\t\t\t\t<h3 class=\"faq-item-question-text\">Quels sont les avantages d'avoir le widget pour moi ? <\/h3>\r\n\r\n\t\t\t\t\t\t<div class=\"faq-item-question-icon\"><\/div>\r\n\t\t\t\t\t<\/div>\r\n\r\n\t\t\t\t\t<div class=\"faq-item-answer\">\r\n\t\t\t\t\t\t<div class=\"faq-item-answer-text\"> <p>Les avis publi\u00e9s par de vraies personnes sont extr\u00eamement dignes de confiance pour les clients de votre site et leur indiquent que votre entreprise peut \u00eatre de confiance. Une note \u00e9lev\u00e9e et des impressions positives peuvent contribuer \u00e0 augmenter le niveau d&rsquo;achats sur votre site. De plus, un bouton actif peut contribuer \u00e0 augmenter le nombre d&rsquo;avis clients li\u00e9s \u00e0 vos offres ou services sur Tripadvisor. <\/p> <\/div>\r\n\t\t\t\t\t<\/div>\r\n\t\t\t\t<\/div> <div class=\"faq-item\">\r\n\t\t\t\t\t<div class=\"faq-item-question\">\r\n\t\t\t\t\t\t<h3 class=\"faq-item-question-text\">Comment int\u00e9grer le widget Avis du widget Tripadvisor sur mon site Web Weebly ? <\/h3>\r\n\r\n\t\t\t\t\t\t<div class=\"faq-item-question-icon\"><\/div>\r\n\t\t\t\t\t<\/div>\r\n\r\n\t\t\t\t\t<div class=\"faq-item-answer\">\r\n\t\t\t\t\t\t<div class=\"faq-item-answer-text\"> <p>Cela ne prend que quelques minutes pour commencer \u00e0 utiliser le widget. L\u2019ajout est tr\u00e8s rapide, gratuit et sans codage. <\/p> <p>Le widget peut \u00eatre configur\u00e9 via notre service ou via la place de march\u00e9. Vous pouvez voir plus de d\u00e9tails sur les deux variantes et en choisir une plus adapt\u00e9e. <\/p><\/div>\r\n\t\t\t\t\t<\/div>\r\n\t\t\t\t<\/div> <\/div> <\/div> <div class=\"application-platform-content-item-features application-platform-content-item\" id=\"features\" data-nav-section=\"features\"> <h2>Fonctionnalit\u00e9s<\/h2> <p>Afin de vous faire une id\u00e9e plus claire du widget, consultez la liste des les principales caract\u00e9ristiques. Ils rendent le widget incroyablement avantageux pour vous\u00a0: <\/p> <ul> <li>Trois types de filtres\u00a0: par type, exclusion par et quantit\u00e9 d&rsquo;avis \u00e0 afficher\u00a0; <\/li> <li>4 options de mise en page disponibles\u00a0: Liste, Grille, Ma\u00e7onnerie et Slider\u00a0; <\/li> <li> En-t\u00eate enti\u00e8rement flexible du widget\u00a0; <\/li> <li>Le bouton de demande d&rsquo;avis redirige les clients vers votre page Tripadvisor\u00a0; <\/li> <li>Six \u00e9l\u00e9ments r\u00e9glables des avis\u00a0: nom et photo de l&rsquo;auteur, recommandation, date, ic\u00f4ne Tripadvisor et nombre d&rsquo;\u00e9toiles\u00a0; <\/li> <li>Deux variantes de sc\u00e9narios de rejet de demande d&rsquo;avis\u00a0: afficher un message personnalis\u00e9 ou masquer le bouton. <\/li> <\/ul><p><a href=\"#demo\">Pour d\u00e9couvrir plus de fonctionnalit\u00e9s, consultez notre d\u00e9mo<\/a><\/p> <\/div> <div class=\"application-platform-content-item-installation application-platform-content-item\" id=\"installation\" data-nav-section=\"installation\"> <h2>Voici comment placer les avis Tripadvisor dans votre boutique Weebly. C&rsquo;est incroyablement simple et ne prendra que quelques minutes.<\/h2> <div class=\"video-container\"><iframe width=\"720\" height=\"405\" src=\"https:\/\/www.youtube.com\/embed\/V0E962WDPUc\" frameborder=\"0\" allowfullscreen=\"\"><\/iframe><\/div><p>Les \u00e9tapes ci-dessous sont la seule chose que vous devez faire pour afficher le widget. <\/p> <ol><li><b>Ouvrez notre \u00e9diteur gratuit et commencez \u00e0 cr\u00e9er votre application sur mesure. <\/b><br> Sp\u00e9cifiez le formulaire personnalis\u00e9 et les aspects de l&rsquo;application et enregistrez toutes les corrections. <\/li> <li><b>Recevez le code unique qui appara\u00eet dans la case sur Elfsight Apps. <\/b><br> Une fois la configuration de votre application termin\u00e9e, copiez le code individuel de la fen\u00eatre qui appara\u00eet et enregistrez-le pour une occasion ult\u00e9rieure. <\/li> <li><b>Commencez \u00e0 utiliser l&rsquo;application sur votre site Weebly. <\/b><br> Placez le code copi\u00e9 auparavant dans votre page Web et appliquez les ajustements. <\/li> <li><b>L&rsquo;installation est enti\u00e8rement termin\u00e9e. <\/b><br> Acc\u00e9dez \u00e0 votre page Web pour voir en action le travail de l&rsquo;application. <\/li><\/ol><p>Vous n&rsquo;arrivez toujours pas \u00e0 vous d\u00e9cider\u00a0? Ou vous avez des probl\u00e8mes ? Envoyez simplement une demande \u00e0 notre service client pour r\u00e9soudre tout probl\u00e8me. <\/p> <\/div>","protected":false},"excerpt":{"rendered":"","protected":false},"author":9,"featured_media":0,"parent":1828,"menu_order":0,"comment_status":"closed","ping_status":"closed","template":"templates\/template-application-platform.php","meta":{"publish_to_discourse":"","publish_post_category":"","wpdc_auto_publish_overridden":"","wpdc_topic_tags":"","wpdc_pin_topic":"","wpdc_pin_until":"","discourse_post_id":"","discourse_permalink":"","wpdc_publishing_response":"","wpdc_publishing_error":"","footnotes":""},"class_list":["post-13910","page","type-page","status-publish","hentry"],"yoast_head":"<!-- This site is optimized with the Yoast SEO plugin v25.3.1 - https:\/\/yoast.com\/wordpress\/plugins\/seo\/ -->\n<title>Int\u00e9grez l&#039;application Tripadvisor Reviews sur votre site Web Weebly (2026)<\/title>\n<meta name=\"description\" content=\"Avec Elfsight, concevez votre application Tripadvisor Reviews et affichez-la rapidement sur votre site Web Weebly. Nous disposons d&#039;un support client gratuit et de plus de bonus.\" \/>\n<meta name=\"robots\" content=\"index, follow, max-snippet:-1, max-image-preview:large, max-video-preview:-1\" \/>\n<link rel=\"canonical\" href=\"https:\/\/elfsight.com\/fr\/tripadvisor-reviews-widget\/weebly\/\" \/>\n<meta property=\"og:locale\" content=\"fr_FR\" \/>\n<meta property=\"og:type\" content=\"article\" \/>\n<meta property=\"og:title\" content=\"Int\u00e9grez l&#039;application Tripadvisor Reviews sur votre site Web Weebly (2026)\" \/>\n<meta property=\"og:description\" content=\"Avec Elfsight, concevez votre application Tripadvisor Reviews et affichez-la rapidement sur votre site Web Weebly. Nous disposons d&#039;un support client gratuit et de plus de bonus.\" \/>\n<meta property=\"og:url\" content=\"https:\/\/elfsight.com\/fr\/tripadvisor-reviews-widget\/weebly\/\" \/>\n<meta property=\"og:site_name\" content=\"Elfsight FR\" \/>\n<meta property=\"article:modified_time\" content=\"2025-07-10T13:58:21+00:00\" \/>\n<meta name=\"twitter:card\" content=\"summary_large_image\" \/>\n<meta name=\"twitter:label1\" content=\"Dur\u00e9e de lecture estim\u00e9e\" \/>\n\t<meta name=\"twitter:data1\" content=\"3 minutes\" \/>\n<!-- \/ Yoast SEO plugin. -->","yoast_head_json":{"title":"Int\u00e9grez l'application Tripadvisor Reviews sur votre site Web Weebly (2026)","description":"Avec Elfsight, concevez votre application Tripadvisor Reviews et affichez-la rapidement sur votre site Web Weebly. Nous disposons d'un support client gratuit et de plus de bonus.","robots":{"index":"index","follow":"follow","max-snippet":"max-snippet:-1","max-image-preview":"max-image-preview:large","max-video-preview":"max-video-preview:-1"},"canonical":"https:\/\/elfsight.com\/fr\/tripadvisor-reviews-widget\/weebly\/","og_locale":"fr_FR","og_type":"article","og_title":"Int\u00e9grez l'application Tripadvisor Reviews sur votre site Web Weebly (2026)","og_description":"Avec Elfsight, concevez votre application Tripadvisor Reviews et affichez-la rapidement sur votre site Web Weebly. Nous disposons d'un support client gratuit et de plus de bonus.","og_url":"https:\/\/elfsight.com\/fr\/tripadvisor-reviews-widget\/weebly\/","og_site_name":"Elfsight FR","article_modified_time":"2025-07-10T13:58:21+00:00","twitter_card":"summary_large_image","twitter_misc":{"Dur\u00e9e de lecture estim\u00e9e":"3 minutes"},"schema":{"@context":"https:\/\/schema.org","@graph":[{"@type":"WebPage","@id":"https:\/\/elfsight.com\/fr\/tripadvisor-reviews-widget\/weebly\/","url":"https:\/\/elfsight.com\/fr\/tripadvisor-reviews-widget\/weebly\/","name":"Int\u00e9grez l'application Tripadvisor Reviews sur votre site Web Weebly (2026)","isPartOf":{"@id":"https:\/\/elfsight.com\/fr\/#website"},"datePublished":"2024-05-03T06:51:50+00:00","dateModified":"2025-07-10T13:58:21+00:00","description":"Avec Elfsight, concevez votre application Tripadvisor Reviews et affichez-la rapidement sur votre site Web Weebly. Nous disposons d'un support client gratuit et de plus de bonus.","breadcrumb":{"@id":"https:\/\/elfsight.com\/fr\/tripadvisor-reviews-widget\/weebly\/#breadcrumb"},"inLanguage":"fr-FR","potentialAction":[{"@type":"ReadAction","target":["https:\/\/elfsight.com\/fr\/tripadvisor-reviews-widget\/weebly\/"]}]},{"@type":"BreadcrumbList","@id":"https:\/\/elfsight.com\/fr\/tripadvisor-reviews-widget\/weebly\/#breadcrumb","itemListElement":[{"@type":"ListItem","position":1,"name":"Home","item":"https:\/\/elfsight.com\/fr\/"},{"@type":"ListItem","position":2,"name":"Tripadvisor Reviews","item":"https:\/\/elfsight.com\/fr\/tripadvisor-reviews-widget\/"},{"@type":"ListItem","position":3,"name":"Tripadvisor Reviews &#8211; Weebly"}]},{"@type":"WebSite","@id":"https:\/\/elfsight.com\/fr\/#website","url":"https:\/\/elfsight.com\/fr\/","name":"Elfsight FR","description":"","potentialAction":[{"@type":"SearchAction","target":{"@type":"EntryPoint","urlTemplate":"https:\/\/elfsight.com\/fr\/?s={search_term_string}"},"query-input":{"@type":"PropertyValueSpecification","valueRequired":true,"valueName":"search_term_string"}}],"inLanguage":"fr-FR"}]}},"meta_box":{"industry":"","seo_heading":"","heading":"","description":"","cta_heading":"","cta_description":"","application":"1809","h1":"Application Weebly Tripadvisor Avis","h1_caption":"Ajoutez les avis d'utilisateurs les plus attrayants de Tripadvisor sur votre site Web","application_category":[],"applications_title":"","applications_request_title":"","applications_request_button_text":"","hero_text":"","hero_video":"","hero_video_schema_markup":"","selling_points_title":"","selling_points_caption":"","selling_points":[],"selling_points_cta_text":"","features_title":"","features":"","ed_cta_examples_text":"","ed_cta_examples_hidden":"","ed_cta_demo_text":"","ed_cta_demo_hidden":"","why_caption":"","why_editor_title":"","why_editor_text":"","why_team_title":"","why_team_text":"","why_service_title":"","why_service_text":"","template_catalog_visible":"","template_catalog_title":"","template_catalog_text":"","template_catalog_categories_visible":"","demo_title":"Cr\u00e9ez votre application Avis Tripadvisor","demo_caption":"Configurez vos avis Tripadvisor et ajoutez-les gratuitement \u00e0 votre site Web Weebly\u00a0!","default_faq_hidden":"","app_template_category":[],"platform":"363","template_public_id":"","codecanyon_url":"","codecanyon_item_id":"","codecanyon_price":"","pricing_caption":"","pricing_elfsight_apps_hide_column":"","pricing_elfsight_apps_url":"","pricing_codecanyon_price_caption":"","integration_category":[],"integration_request_title":"","integration_request_cta":"","integration_platform":"","integrations":[],"platform_category":[],"video_schema_markup":"","price":"\u00e0 partir de 0$ \/ mois","trial":"","benefits":[{"text":"Assistance \u00e0 l'installation gratuite"},{"text":"Support client exp\u00e9riment\u00e9"},{"text":"Garantie de remboursement de 14 jours"},{"text":"Am\u00e9liorations r\u00e9guli\u00e8res"}],"button_url":"#demo","button_target_blank":"","button_nofollow":"","attributes":[{"name":"Installations","content":"10,000 - 100,000"},{"name":"Sensible","content":"Oui"},{"name":"Navigateurs compatibles","content":"Firefox, Safari, Opera, Chrome, Edge"}],"tags":[],"tags_disable_links":"","hide_more_platforms":"","video_object":"","demo_hide_cta":"","demo_hide_cloud_options":"","pricing_title":"","pricing":[{"pricing_icon":"cloud","pricing_title":"Elfsight Apps","pricing_title_caption":"Solution num\u00e9rique multiplateforme","pricing_price":"from $0 \/ month","pricing_price_caption":"commencez avec un forfait gratuit","pricing_benefits":[{"text":"Sites Web illimit\u00e9s"},{"text":"Support client rapide et bien document\u00e9"},{"text":"Assistance \u00e0 l'installation gratuite"},{"text":"Conception flexible"}],"pricing_button_text":"Ajouter au site Web","pricing_button_url":"#demo"}],"related_apps_title":"","related_apps_hidden":"","author":"","image":[],"title":"","job":"","social_networks":[]},"_links":{"self":[{"href":"https:\/\/elfsight.com\/fr\/wp-json\/wp\/v2\/pages\/13910","targetHints":{"allow":["GET"]}}],"collection":[{"href":"https:\/\/elfsight.com\/fr\/wp-json\/wp\/v2\/pages"}],"about":[{"href":"https:\/\/elfsight.com\/fr\/wp-json\/wp\/v2\/types\/page"}],"author":[{"embeddable":true,"href":"https:\/\/elfsight.com\/fr\/wp-json\/wp\/v2\/users\/9"}],"replies":[{"embeddable":true,"href":"https:\/\/elfsight.com\/fr\/wp-json\/wp\/v2\/comments?post=13910"}],"version-history":[{"count":2,"href":"https:\/\/elfsight.com\/fr\/wp-json\/wp\/v2\/pages\/13910\/revisions"}],"predecessor-version":[{"id":15243,"href":"https:\/\/elfsight.com\/fr\/wp-json\/wp\/v2\/pages\/13910\/revisions\/15243"}],"up":[{"embeddable":true,"href":"https:\/\/elfsight.com\/fr\/wp-json\/wp\/v2\/pages\/1828"}],"wp:attachment":[{"href":"https:\/\/elfsight.com\/fr\/wp-json\/wp\/v2\/media?parent=13910"}],"curies":[{"name":"wp","href":"https:\/\/api.w.org\/{rel}","templated":true}]}}