{"id":13902,"date":"2024-05-03T06:51:20","date_gmt":"2024-05-03T06:51:20","guid":{"rendered":"https:\/\/elfsight.com\/fr\/?page_id=13902"},"modified":"2025-07-10T13:52:13","modified_gmt":"2025-07-10T13:52:13","slug":"shopify","status":"publish","type":"page","link":"https:\/\/elfsight.com\/fr\/tiktok-feed-widget\/shopify\/","title":{"rendered":"TikTok Feed &#8211; Shopify"},"content":{"rendered":"<div class=\"application-platform-content-item-description application-platform-content-item\" id=\"description\" data-nav-section=\"description\"> <h2>Int\u00e9grer le flux TikTok sur Shopify avec le widget Elfsight<\/h2> <p>Elfsight TiKTok Feed pour Shopify est une application pour le marketing pas seulement des articles , mais des \u00e9motions et des exp\u00e9riences. En l&rsquo;utilisant, vous pouvez cr\u00e9er des flux individuels compos\u00e9s de votre contenu de TikTok &#8211; et les afficher directement sur votre site. Concevez une galerie vid\u00e9o en 1-2-3\u00a0! Exercez le contr\u00f4le total sur un contenu et \u00e9liminez le spam et tout contenu involontaire gr\u00e2ce \u00e0 la mod\u00e9ration manuelle. Le configurateur en ligne totalement r\u00e9actif vous propose diff\u00e9rents mod\u00e8les \u00e0 s\u00e9lectionner. <\/p> <p><b>Avec TikTok Feed, constatez une croissance commerciale plus rapide et plus de ventes <\/b><\/p> <\/div> <div class=\"application-platform-content-item-features application-platform-content-item\" id=\"features\" data-nav-section=\"features\"> <h2>Vous trouverez ci-dessous les fonctionnalit\u00e9s de base du widget\u00a0: <\/h2> <ul><li>Masquez la section d&rsquo;en-t\u00eate pour donner \u00e0 votre application un aspect minimaliste. <\/li><li>Supprimez tout spam et tout contenu ind\u00e9sirable \u00e0 l&rsquo;aide de la mod\u00e9ration manuelle. <\/li><li>Installez le bouton Suivre sur le flux de l&rsquo;application. <\/li><li>Faites appara\u00eetre vos publications dans un mode pop-up. <\/li><\/ul><p><a href=\"#demo\">Essayez toutes les fonctionnalit\u00e9s de personnalisation dans une d\u00e9mo 100\u00a0% fonctionnelle<\/a><\/p> <\/div> <div class=\"application-platform-content-item-installation application-platform-content-item\" id=\"installation\" data-nav-section=\"installation\"> <h2>Comment puis-je ajouter le flux TikTok sur mon site Web Shopify\u00a0? <\/h2> <p>Suivez simplement les instructions ci-dessous pour int\u00e9grer l&rsquo;outil. <\/p> <ol><li><b>Lancez notre configurateur gratuit et commencez \u00e0 cr\u00e9er votre application unique. <\/b><br> Recherchez le design et les caract\u00e9ristiques fonctionnelles s\u00e9lectionn\u00e9s du plugin et enregistrez les corrections. <\/li> <li><b>Obtenez le code unique qui s&rsquo;affiche dans la fen\u00eatre des applications Elfsight. <\/b><br> Une fois la configuration de votre application termin\u00e9e, copiez le code exclusif dans la fen\u00eatre qui appara\u00eet et conservez-le pour d&rsquo;autres besoins. <\/li> <li><b>Commencez \u00e0 utiliser l&rsquo;application sur votre site Shopify. <\/b><br> Ajoutez le code enregistr\u00e9 r\u00e9cemment dans votre page Web et enregistrez les ajustements. <\/li> <li><b>L&rsquo;installation est effectu\u00e9e avec succ\u00e8s. <\/b><br> Visitez votre site pour voir en action le fonctionnement de l&rsquo;application. <\/li><\/ol> <p>Si vous rencontrez des probl\u00e8mes, n&rsquo;h\u00e9sitez pas \u00e0 contacter notre \u00e9quipe d&rsquo;assistance. Nos consultants ont h\u00e2te de vous aider avec toutes les questions que vous pourriez avoir avec l&rsquo;outil. <\/p> <\/div><div class=\"faq\" data-component=\"FAQ\"><div class=\"faq-item\">\r\n\t\t\t\t\t<div class=\"faq-item-question\">\r\n\t\t\t\t\t\t<h3 class=\"faq-item-question-text\">Comment puis-je ajouter le flux TikTok \u00e0 mon site Web Shopify sans aucune connaissance en codage ?<\/h3>\r\n\r\n\t\t\t\t\t\t<div class=\"faq-item-question-icon\"><\/div>\r\n\t\t\t\t\t<\/div>\r\n\r\n\t\t\t\t\t<div class=\"faq-item-answer\">\r\n\t\t\t\t\t\t<div class=\"faq-item-answer-text\"><p>La soci\u00e9t\u00e9 Elfsight propose un Solution SaaS qui permet aux propri\u00e9taires de sites de cr\u00e9er vous-m\u00eame une section de flux TikTok. Suivez les instructions simples\u00a0:<\/p><ul><li>Acc\u00e9dez \u00e0 l&rsquo;\u00e9diteur en ligne pour cr\u00e9er une application de flux TikTok que vous aimeriez voir sur Shopify.<\/li><li>Choisissez l&rsquo;un des mod\u00e8les pr\u00e9d\u00e9finis et modifiez les param\u00e8tres du flux TikTok, modifiez la disposition et la couleur des \u00e9l\u00e9ments, mettez \u00e0 jour votre contenu sans comp\u00e9tences en codage.<\/li><li>Enregistrez les param\u00e8tres que vous avez d\u00e9finis dans TikTok Feed et copiez son code d&rsquo;installation, que vous pouvez int\u00e9grer gratuitement et sans effort dans le site Shopify.<\/li><\/ul><p>Avec l&rsquo;aide de notre \u00e9diteur intuitif, tout internaute peut cr\u00e9er un widget TikTok Feed en ligne et l&rsquo;int\u00e9grer \u00e0 le site Web Shopify. Il n&rsquo;est pas n\u00e9cessaire de payer ou de divulguer les informations d&rsquo;identification de votre carte pour acc\u00e9der \u00e0 Elfsight Editor. Si vous rencontrez des probl\u00e8mes de quelque nature que ce soit, n&rsquo;h\u00e9sitez pas \u00e0 contacter notre service client.<\/p><\/div>\r\n\t\t\t\t\t<\/div>\r\n\t\t\t\t<\/div><\/div>","protected":false},"excerpt":{"rendered":"","protected":false},"author":9,"featured_media":0,"parent":3303,"menu_order":0,"comment_status":"closed","ping_status":"closed","template":"templates\/template-application-platform.php","meta":{"publish_to_discourse":"","publish_post_category":"","wpdc_auto_publish_overridden":"","wpdc_topic_tags":"","wpdc_pin_topic":"","wpdc_pin_until":"","discourse_post_id":"","discourse_permalink":"","wpdc_publishing_response":"","wpdc_publishing_error":"","footnotes":""},"class_list":["post-13902","page","type-page","status-publish","hentry"],"yoast_head":"<!-- This site is optimized with the Yoast SEO plugin v25.3.1 - https:\/\/yoast.com\/wordpress\/plugins\/seo\/ -->\n<title>Ajoutez l&#039;application TikTok Feed au site Web Shopify (rapide et gratuit)<\/title>\n<meta name=\"description\" content=\"Ajoutez une application Shopify TikTok Feed facile \u00e0 g\u00e9rer sur votre site Web. Essayez la d\u00e9mo pratique d&#039;Elfsight et cr\u00e9ez votre plugin TikTok \u00e9l\u00e9gant.\" \/>\n<meta name=\"robots\" content=\"index, follow, max-snippet:-1, max-image-preview:large, max-video-preview:-1\" \/>\n<link rel=\"canonical\" href=\"https:\/\/elfsight.com\/fr\/tiktok-feed-widget\/shopify\/\" \/>\n<meta property=\"og:locale\" content=\"fr_FR\" \/>\n<meta property=\"og:type\" content=\"article\" \/>\n<meta property=\"og:title\" content=\"Ajoutez l&#039;application TikTok Feed au site Web Shopify (rapide et gratuit)\" \/>\n<meta property=\"og:description\" content=\"Ajoutez une application Shopify TikTok Feed facile \u00e0 g\u00e9rer sur votre site Web. Essayez la d\u00e9mo pratique d&#039;Elfsight et cr\u00e9ez votre plugin TikTok \u00e9l\u00e9gant.\" \/>\n<meta property=\"og:url\" content=\"https:\/\/elfsight.com\/fr\/tiktok-feed-widget\/shopify\/\" \/>\n<meta property=\"og:site_name\" content=\"Elfsight FR\" \/>\n<meta property=\"article:modified_time\" content=\"2025-07-10T13:52:13+00:00\" \/>\n<meta name=\"twitter:card\" content=\"summary_large_image\" \/>\n<meta name=\"twitter:label1\" content=\"Dur\u00e9e de lecture estim\u00e9e\" \/>\n\t<meta name=\"twitter:data1\" content=\"3 minutes\" \/>\n<!-- \/ Yoast SEO plugin. -->","yoast_head_json":{"title":"Ajoutez l'application TikTok Feed au site Web Shopify (rapide et gratuit)","description":"Ajoutez une application Shopify TikTok Feed facile \u00e0 g\u00e9rer sur votre site Web. Essayez la d\u00e9mo pratique d'Elfsight et cr\u00e9ez votre plugin TikTok \u00e9l\u00e9gant.","robots":{"index":"index","follow":"follow","max-snippet":"max-snippet:-1","max-image-preview":"max-image-preview:large","max-video-preview":"max-video-preview:-1"},"canonical":"https:\/\/elfsight.com\/fr\/tiktok-feed-widget\/shopify\/","og_locale":"fr_FR","og_type":"article","og_title":"Ajoutez l'application TikTok Feed au site Web Shopify (rapide et gratuit)","og_description":"Ajoutez une application Shopify TikTok Feed facile \u00e0 g\u00e9rer sur votre site Web. Essayez la d\u00e9mo pratique d'Elfsight et cr\u00e9ez votre plugin TikTok \u00e9l\u00e9gant.","og_url":"https:\/\/elfsight.com\/fr\/tiktok-feed-widget\/shopify\/","og_site_name":"Elfsight FR","article_modified_time":"2025-07-10T13:52:13+00:00","twitter_card":"summary_large_image","twitter_misc":{"Dur\u00e9e de lecture estim\u00e9e":"3 minutes"},"schema":{"@context":"https:\/\/schema.org","@graph":[{"@type":"WebPage","@id":"https:\/\/elfsight.com\/fr\/tiktok-feed-widget\/shopify\/","url":"https:\/\/elfsight.com\/fr\/tiktok-feed-widget\/shopify\/","name":"Ajoutez l'application TikTok Feed au site Web Shopify (rapide et gratuit)","isPartOf":{"@id":"https:\/\/elfsight.com\/fr\/#website"},"datePublished":"2024-05-03T06:51:20+00:00","dateModified":"2025-07-10T13:52:13+00:00","description":"Ajoutez une application Shopify TikTok Feed facile \u00e0 g\u00e9rer sur votre site Web. Essayez la d\u00e9mo pratique d'Elfsight et cr\u00e9ez votre plugin TikTok \u00e9l\u00e9gant.","breadcrumb":{"@id":"https:\/\/elfsight.com\/fr\/tiktok-feed-widget\/shopify\/#breadcrumb"},"inLanguage":"fr-FR","potentialAction":[{"@type":"ReadAction","target":["https:\/\/elfsight.com\/fr\/tiktok-feed-widget\/shopify\/"]}]},{"@type":"BreadcrumbList","@id":"https:\/\/elfsight.com\/fr\/tiktok-feed-widget\/shopify\/#breadcrumb","itemListElement":[{"@type":"ListItem","position":1,"name":"Home","item":"https:\/\/elfsight.com\/fr\/"},{"@type":"ListItem","position":2,"name":"TikTok Feed","item":"https:\/\/elfsight.com\/fr\/tiktok-feed-widget\/"},{"@type":"ListItem","position":3,"name":"TikTok Feed &#8211; Shopify"}]},{"@type":"WebSite","@id":"https:\/\/elfsight.com\/fr\/#website","url":"https:\/\/elfsight.com\/fr\/","name":"Elfsight FR","description":"","potentialAction":[{"@type":"SearchAction","target":{"@type":"EntryPoint","urlTemplate":"https:\/\/elfsight.com\/fr\/?s={search_term_string}"},"query-input":{"@type":"PropertyValueSpecification","valueRequired":true,"valueName":"search_term_string"}}],"inLanguage":"fr-FR"}]}},"meta_box":{"industry":"","seo_heading":"","heading":"","description":"","cta_heading":"","cta_description":"","application":"3302","h1":"Application Shopify Flux TikTok","h1_caption":"Pr\u00e9sentez les vid\u00e9os TikTok tendances par hashtag ou par compte, en ajoutant sans effort du contenu dynamique et engageant \u00e0 votre site Web sur votre site Web Shopify.","application_category":[],"applications_title":"","applications_request_title":"","applications_request_button_text":"","hero_text":"","hero_video":"","hero_video_schema_markup":"","selling_points_title":"","selling_points_caption":"","selling_points":[],"selling_points_cta_text":"","features_title":"","features":"","ed_cta_examples_text":"","ed_cta_examples_hidden":"","ed_cta_demo_text":"","ed_cta_demo_hidden":"","why_caption":"","why_editor_title":"","why_editor_text":"","why_team_title":"","why_team_text":"","why_service_title":"","why_service_text":"","template_catalog_visible":"","template_catalog_title":"","template_catalog_text":"","template_catalog_categories_visible":"","demo_title":"Cr\u00e9ez votre application TikTok Feed","demo_caption":"Configurez votre flux TikTok et ajoutez-le gratuitement \u00e0 votre site Web Shopify !","default_faq_hidden":"","app_template_category":[],"platform":"360","template_public_id":"","codecanyon_url":"","codecanyon_item_id":"","codecanyon_price":"","pricing_caption":"","pricing_elfsight_apps_hide_column":"","pricing_elfsight_apps_url":"","pricing_codecanyon_price_caption":"","integration_category":[],"integration_request_title":"","integration_request_cta":"","integration_platform":"","integrations":[],"platform_category":[],"video_schema_markup":"","price":"\u00e0 partir de 0$ \/ mois","trial":"","benefits":[{"text":"Aide \u00e0 l'installation gratuite"},{"text":"Assistance premium"},{"text":"Garantie de remboursement de 14 jours"},{"text":"Mise \u00e0 jour constante"}],"button_url":"#demo","button_target_blank":"","button_nofollow":"","attributes":[{"name":"Installations","content":"10,000 - 100,000"},{"name":"Sensible","content":"Oui"},{"name":"Navigateurs compatibles","content":"Firefox, Safari, Opera, Chrome, Edge"}],"tags":[],"tags_disable_links":"","hide_more_platforms":"","video_object":"","demo_hide_cta":"","demo_hide_cloud_options":"","pricing_title":"","pricing":[{"pricing_icon":"platform","pricing_title":"Elfsight Apps","pricing_title_caption":"Logiciel multiplateforme qui fonctionne sur n'importe quel site","pricing_price":"from $0 \/ month","pricing_price_caption":"commencez avec un forfait gratuit","pricing_benefits":[{"text":"Domaines illimit\u00e9s"},{"text":"Assistance client gratuite"},{"text":"Aide \u00e0 l'installation gratuite"},{"text":"100% personnalisable"}],"pricing_button_text":"Ajouter au site Web","pricing_button_url":"#demo"}],"related_apps_title":"","related_apps_hidden":"","author":"","image":[],"title":"","job":"","social_networks":[]},"_links":{"self":[{"href":"https:\/\/elfsight.com\/fr\/wp-json\/wp\/v2\/pages\/13902","targetHints":{"allow":["GET"]}}],"collection":[{"href":"https:\/\/elfsight.com\/fr\/wp-json\/wp\/v2\/pages"}],"about":[{"href":"https:\/\/elfsight.com\/fr\/wp-json\/wp\/v2\/types\/page"}],"author":[{"embeddable":true,"href":"https:\/\/elfsight.com\/fr\/wp-json\/wp\/v2\/users\/9"}],"replies":[{"embeddable":true,"href":"https:\/\/elfsight.com\/fr\/wp-json\/wp\/v2\/comments?post=13902"}],"version-history":[{"count":1,"href":"https:\/\/elfsight.com\/fr\/wp-json\/wp\/v2\/pages\/13902\/revisions"}],"predecessor-version":[{"id":13906,"href":"https:\/\/elfsight.com\/fr\/wp-json\/wp\/v2\/pages\/13902\/revisions\/13906"}],"up":[{"embeddable":true,"href":"https:\/\/elfsight.com\/fr\/wp-json\/wp\/v2\/pages\/3303"}],"wp:attachment":[{"href":"https:\/\/elfsight.com\/fr\/wp-json\/wp\/v2\/media?parent=13902"}],"curies":[{"name":"wp","href":"https:\/\/api.w.org\/{rel}","templated":true}]}}