{"id":13891,"date":"2024-05-03T06:50:30","date_gmt":"2024-05-03T06:50:30","guid":{"rendered":"https:\/\/elfsight.com\/fr\/?page_id=13891"},"modified":"2025-07-10T13:48:22","modified_gmt":"2025-07-10T13:48:22","slug":"shopify","status":"publish","type":"page","link":"https:\/\/elfsight.com\/fr\/telegram-chat-widget\/shopify\/","title":{"rendered":"Telegram Chat &#8211; Shopify"},"content":{"rendered":"<div class=\"application-platform-content-item-description application-platform-content-item\" id=\"description\" data-nav-section=\"description\"><h2>Int\u00e9grez le chat Telegram sur Shopify avec le widget Elfsight<\/h2><p>L&rsquo;application Telegram d\u00e9velopp\u00e9e par Elfsight est l&rsquo;outil le plus pratique pour votre page Web. visiteurs de s&rsquo;adresser \u00e0 vous et d&rsquo;entendre les r\u00e9ponses \u00e0 leurs questions et demandes. Restez disponible en ligne pour les visiteurs dans la messagerie pr\u00e9f\u00e9r\u00e9e \u00e0 tout moment. Ajoutez Telegram Chat sur le site Web et il peut appara\u00eetre sur les pages les plus importantes ou pour des groupes particuliers d&rsquo;utilisateurs, attribuer des d\u00e9clencheurs de d\u00e9marrage de discussion, afficher votre message de bienvenue unique, d\u00e9finir des ic\u00f4nes et bien plus encore. Avec Telegram Messenger install\u00e9 sur le site Web, vous serez publi\u00e9 par vos visiteurs quel que soit votre lieu.<\/p><p><b>C&rsquo;est l&rsquo;un des moyens les plus pratiques pour les gens de vous contacter et de r\u00e9soudre leurs probl\u00e8mes\u00a0!<\/b><\/p><\/div><div class=\"application-platform-content-item-features application-platform-content-item\" id=\"features\" data-nav-section=\"features\"><h2>Principales fonctionnalit\u00e9s du widget Telegram Chat<\/h2><p>Voici une liste de toutes les fonctions de Telegram Chat. Ils sont disponibles directement dans l&rsquo;\u00e9diteur et vous aideront \u00e0 cr\u00e9er le widget exactement adapt\u00e9 \u00e0 vos besoins.<\/p><ul><li>Int\u00e9grez Telegram Messenger sur votre site Web pour discuter avec les visiteurs<\/li><li>Trois types de position de discussion\u00a0: bulle flottante, bulle int\u00e9gr\u00e9e et fen\u00eatre de discussion int\u00e9gr\u00e9e\u00a0;<\/li><li>Une biblioth\u00e8que d&rsquo;ic\u00f4nes de bulle \u00e0 choisir\u00a0;<\/li><li>Texte de bulle modifiable\u00a0;<\/li><li>Chat flexible en-t\u00eate avec le logo, le nom et la l\u00e9gende de la page.<\/li><\/ul><p><a href=\"#demo\">Vous pouvez essayer toutes les caract\u00e9ristiques fonctionnelles du widget directement dans la d\u00e9mo<\/a><\/p>[ \/application_platform_content_item]<div class=\"application-platform-content-item-installation application-platform-content-item\" id=\"installation\" data-nav-section=\"installation\"><\/div><h2>Comment ajouter une bo\u00eete de discussion Telegram \u00e0 la boutique Shopify\u00a0?<\/h2><div class=\"video-container\"><iframe width=\"720\" height=\"405\" src=\"https:\/\/www.youtube.com\/embed\/dfW8ppbeQB4\" frameborder=\"0\" allowfullscreen=\"\"><\/iframe><\/div><p>Pour commencer \u00e0 utiliser le widget, suivez plusieurs \u00e9tapes rapides.<\/p><ol><li><b>Lancez notre d\u00e9mo gratuite et commencez \u00e0 fa\u00e7onner votre application personnalis\u00e9e. <\/b><br> Choisissez le design personnalis\u00e9 et les fonctionnalit\u00e9s de l&rsquo;application et enregistrez toutes les modifications. <\/li> <li><b>Obtenez votre code individuel qui appara\u00eet dans la bo\u00eete sur les applications Elfsight. <\/b><br> D\u00e8s que la configuration de votre application est termin\u00e9e, copiez le code exclusif de la bo\u00eete qui appara\u00eet et enregistrez-le pour une utilisation future. <\/li> <li><b>Commencez \u00e0 utiliser l&rsquo;application sur la page Web Shopify. <\/b><br> Placez le code enregistr\u00e9 pr\u00e9c\u00e9demment dans votre site Web et appliquez les corrections. <\/li> <li><b>Vous avez termin\u00e9\u00a0! L&rsquo;int\u00e9gration est pleinement r\u00e9alis\u00e9e. <\/b><br> Acc\u00e9dez \u00e0 votre site pour voir en action comment fonctionne l&rsquo;application. <\/li><\/ol><p>Prenez une minute pour contacter le service d&rsquo;assistance d&rsquo;Elfsight si vous avez besoin d&rsquo;aide ou si vous avez des questions. Nous vous donnerons un coup de main pour chaque demande.<\/p><div class=\"faq\" data-component=\"FAQ\"> <div class=\"faq-item\">\r\n\t\t\t\t\t<div class=\"faq-item-question\">\r\n\t\t\t\t\t\t<h3 class=\"faq-item-question-text\">Comment puis-je ajouter Telegram Chat \u00e0 mon site Web Shopify sans comp\u00e9tences en codage ?<\/h3>\r\n\r\n\t\t\t\t\t\t<div class=\"faq-item-question-icon\"><\/div>\r\n\t\t\t\t\t<\/div>\r\n\r\n\t\t\t\t\t<div class=\"faq-item-answer\">\r\n\t\t\t\t\t\t<div class=\"faq-item-answer-text\"> <p>Elfsight fournit une solution SaaS qui vous permet de cr\u00e9er un widget Telegram Chat vous-m\u00eame, voyez \u00e0 quel point le processus est simple : travaillez directement dans l&rsquo;\u00e9diteur en ligne pour cr\u00e9er un widget Telegram Chat que vous aimeriez voir sur votre site Web Shopify. Choisissez l&rsquo;un des mod\u00e8les pr\u00e9d\u00e9finis et ajustez les param\u00e8tres de Telegram Chat, ajoutez votre contenu, modifiez la mise en page et les couleurs sans aucune comp\u00e9tence en codage. Enregistrez le chat Telegram et copiez son code d&rsquo;installation, que vous pouvez facilement inclure dans votre site Web Shopify sans acheter de version payante. Gr\u00e2ce \u00e0 notre \u00e9diteur intuitif, tout internaute peut cr\u00e9er un widget Telegram Chat en ligne et l&rsquo;int\u00e9grer facilement \u00e0 son site Web Shopify. Il n&rsquo;est pas n\u00e9cessaire de payer ou de saisir les informations d&rsquo;identification de votre carte pour acc\u00e9der au service. Si vous rencontrez des probl\u00e8mes \u00e0 n&rsquo;importe quelle \u00e9tape, n&rsquo;h\u00e9sitez pas \u00e0 contacter notre \u00e9quipe d&rsquo;assistance technique.<\/p> <\/div>\r\n\t\t\t\t\t<\/div>\r\n\t\t\t\t<\/div> <\/div> <\/div>","protected":false},"excerpt":{"rendered":"","protected":false},"author":9,"featured_media":0,"parent":2697,"menu_order":0,"comment_status":"closed","ping_status":"closed","template":"templates\/template-application-platform.php","meta":{"publish_to_discourse":"","publish_post_category":"","wpdc_auto_publish_overridden":"","wpdc_topic_tags":"","wpdc_pin_topic":"","wpdc_pin_until":"","discourse_post_id":"","discourse_permalink":"","wpdc_publishing_response":"","wpdc_publishing_error":"","footnotes":""},"class_list":["post-13891","page","type-page","status-publish","hentry"],"yoast_head":"<!-- This site is optimized with the Yoast SEO plugin v25.3.1 - https:\/\/yoast.com\/wordpress\/plugins\/seo\/ -->\n<title>Ajouter Telegram Chat Box au site Web Shopify (gratuit et rapide)<\/title>\n<meta name=\"description\" content=\"Avec Elfsight, fa\u00e7onnez votre bo\u00eete de discussion Telegram et affichez-la rapidement sur votre site Web Shopify. Nous offrons un service client gratuit et d&#039;autres bonus.\" \/>\n<meta name=\"robots\" content=\"index, follow, max-snippet:-1, max-image-preview:large, max-video-preview:-1\" \/>\n<link rel=\"canonical\" href=\"https:\/\/elfsight.com\/fr\/telegram-chat-widget\/shopify\/\" \/>\n<meta property=\"og:locale\" content=\"fr_FR\" \/>\n<meta property=\"og:type\" content=\"article\" \/>\n<meta property=\"og:title\" content=\"Ajouter Telegram Chat Box au site Web Shopify (gratuit et rapide)\" \/>\n<meta property=\"og:description\" content=\"Avec Elfsight, fa\u00e7onnez votre bo\u00eete de discussion Telegram et affichez-la rapidement sur votre site Web Shopify. Nous offrons un service client gratuit et d&#039;autres bonus.\" \/>\n<meta property=\"og:url\" content=\"https:\/\/elfsight.com\/fr\/telegram-chat-widget\/shopify\/\" \/>\n<meta property=\"og:site_name\" content=\"Elfsight FR\" \/>\n<meta property=\"article:modified_time\" content=\"2025-07-10T13:48:22+00:00\" \/>\n<meta name=\"twitter:card\" content=\"summary_large_image\" \/>\n<meta name=\"twitter:label1\" content=\"Dur\u00e9e de lecture estim\u00e9e\" \/>\n\t<meta name=\"twitter:data1\" content=\"3 minutes\" \/>\n<!-- \/ Yoast SEO plugin. -->","yoast_head_json":{"title":"Ajouter Telegram Chat Box au site Web Shopify (gratuit et rapide)","description":"Avec Elfsight, fa\u00e7onnez votre bo\u00eete de discussion Telegram et affichez-la rapidement sur votre site Web Shopify. Nous offrons un service client gratuit et d'autres bonus.","robots":{"index":"index","follow":"follow","max-snippet":"max-snippet:-1","max-image-preview":"max-image-preview:large","max-video-preview":"max-video-preview:-1"},"canonical":"https:\/\/elfsight.com\/fr\/telegram-chat-widget\/shopify\/","og_locale":"fr_FR","og_type":"article","og_title":"Ajouter Telegram Chat Box au site Web Shopify (gratuit et rapide)","og_description":"Avec Elfsight, fa\u00e7onnez votre bo\u00eete de discussion Telegram et affichez-la rapidement sur votre site Web Shopify. Nous offrons un service client gratuit et d'autres bonus.","og_url":"https:\/\/elfsight.com\/fr\/telegram-chat-widget\/shopify\/","og_site_name":"Elfsight FR","article_modified_time":"2025-07-10T13:48:22+00:00","twitter_card":"summary_large_image","twitter_misc":{"Dur\u00e9e de lecture estim\u00e9e":"3 minutes"},"schema":{"@context":"https:\/\/schema.org","@graph":[{"@type":"WebPage","@id":"https:\/\/elfsight.com\/fr\/telegram-chat-widget\/shopify\/","url":"https:\/\/elfsight.com\/fr\/telegram-chat-widget\/shopify\/","name":"Ajouter Telegram Chat Box au site Web Shopify (gratuit et rapide)","isPartOf":{"@id":"https:\/\/elfsight.com\/fr\/#website"},"datePublished":"2024-05-03T06:50:30+00:00","dateModified":"2025-07-10T13:48:22+00:00","description":"Avec Elfsight, fa\u00e7onnez votre bo\u00eete de discussion Telegram et affichez-la rapidement sur votre site Web Shopify. Nous offrons un service client gratuit et d'autres bonus.","breadcrumb":{"@id":"https:\/\/elfsight.com\/fr\/telegram-chat-widget\/shopify\/#breadcrumb"},"inLanguage":"fr-FR","potentialAction":[{"@type":"ReadAction","target":["https:\/\/elfsight.com\/fr\/telegram-chat-widget\/shopify\/"]}]},{"@type":"BreadcrumbList","@id":"https:\/\/elfsight.com\/fr\/telegram-chat-widget\/shopify\/#breadcrumb","itemListElement":[{"@type":"ListItem","position":1,"name":"Home","item":"https:\/\/elfsight.com\/fr\/"},{"@type":"ListItem","position":2,"name":"Telegram Chat","item":"https:\/\/elfsight.com\/fr\/telegram-chat-widget\/"},{"@type":"ListItem","position":3,"name":"Telegram Chat &#8211; Shopify"}]},{"@type":"WebSite","@id":"https:\/\/elfsight.com\/fr\/#website","url":"https:\/\/elfsight.com\/fr\/","name":"Elfsight FR","description":"","potentialAction":[{"@type":"SearchAction","target":{"@type":"EntryPoint","urlTemplate":"https:\/\/elfsight.com\/fr\/?s={search_term_string}"},"query-input":{"@type":"PropertyValueSpecification","valueRequired":true,"valueName":"search_term_string"}}],"inLanguage":"fr-FR"}]}},"meta_box":{"industry":"","seo_heading":"","heading":"","description":"","cta_heading":"","cta_description":"","application":"2690","h1":"Chat t\u00e9l\u00e9gramme Shopify","h1_caption":"Permettez aux utilisateurs de discuter avec vous par t\u00e9l\u00e9gramme directement depuis votre site Web, offrant ainsi un autre canal d'assistance rapide et pratique vers votre site Web Shopify sans effort.","application_category":[],"applications_title":"","applications_request_title":"","applications_request_button_text":"","hero_text":"","hero_video":"","hero_video_schema_markup":"","selling_points_title":"","selling_points_caption":"","selling_points":[],"selling_points_cta_text":"","features_title":"","features":"","ed_cta_examples_text":"","ed_cta_examples_hidden":"","ed_cta_demo_text":"","ed_cta_demo_hidden":"","why_caption":"","why_editor_title":"","why_editor_text":"","why_team_title":"","why_team_text":"","why_service_title":"","why_service_text":"","template_catalog_visible":"","template_catalog_title":"","template_catalog_text":"","template_catalog_categories_visible":"","demo_title":"Cr\u00e9ez votre application Telegram Chat","demo_caption":"Configurez votre Telegram Chat et ajoutez-le \u00e0 votre site Web Shopify gratuitement !","default_faq_hidden":"","app_template_category":[],"platform":"360","template_public_id":"","codecanyon_url":"","codecanyon_item_id":"","codecanyon_price":"","pricing_caption":"","pricing_elfsight_apps_hide_column":"","pricing_elfsight_apps_url":"","pricing_codecanyon_price_caption":"","integration_category":[],"integration_request_title":"","integration_request_cta":"","integration_platform":"","integrations":[],"platform_category":[],"video_schema_markup":"","price":"\u00e0 partir de 0$ \/ mois","trial":"","benefits":[{"text":"Service d'installation gratuit"},{"text":"Assistance premium"},{"text":"Garantie de remboursement de 14 jours"},{"text":"Mises \u00e0 jour gratuites et continues"}],"button_url":"#demo","button_target_blank":"","button_nofollow":"","attributes":[{"name":"Installations","content":"10,000 - 100,000"},{"name":"Sensible","content":"Oui"},{"name":"Navigateurs compatibles","content":"Firefox, Safari, Opera, Chrome, Edge"}],"tags":[],"tags_disable_links":"","hide_more_platforms":"","video_object":"","demo_hide_cta":"","demo_hide_cloud_options":"","pricing_title":"","pricing":[{"pricing_icon":"cloud","pricing_title":"Elfsight Apps","pricing_title_caption":"Version multiplateforme qui fonctionne sur n'importe quel site Web","pricing_price":"from $0 \/ month","pricing_price_caption":"commencez avec un forfait gratuit","pricing_benefits":[{"text":"Sites Web illimit\u00e9s"},{"text":"Assistance premium"},{"text":"Service d'installation gratuit"},{"text":"Offre sp\u00e9ciale pour plusieurs applications"}],"pricing_button_text":"Ajouter au site Web","pricing_button_url":"#demo"}],"related_apps_title":"","related_apps_hidden":"","author":"","image":[],"title":"","job":"","social_networks":[]},"_links":{"self":[{"href":"https:\/\/elfsight.com\/fr\/wp-json\/wp\/v2\/pages\/13891","targetHints":{"allow":["GET"]}}],"collection":[{"href":"https:\/\/elfsight.com\/fr\/wp-json\/wp\/v2\/pages"}],"about":[{"href":"https:\/\/elfsight.com\/fr\/wp-json\/wp\/v2\/types\/page"}],"author":[{"embeddable":true,"href":"https:\/\/elfsight.com\/fr\/wp-json\/wp\/v2\/users\/9"}],"replies":[{"embeddable":true,"href":"https:\/\/elfsight.com\/fr\/wp-json\/wp\/v2\/comments?post=13891"}],"version-history":[{"count":2,"href":"https:\/\/elfsight.com\/fr\/wp-json\/wp\/v2\/pages\/13891\/revisions"}],"predecessor-version":[{"id":15077,"href":"https:\/\/elfsight.com\/fr\/wp-json\/wp\/v2\/pages\/13891\/revisions\/15077"}],"up":[{"embeddable":true,"href":"https:\/\/elfsight.com\/fr\/wp-json\/wp\/v2\/pages\/2697"}],"wp:attachment":[{"href":"https:\/\/elfsight.com\/fr\/wp-json\/wp\/v2\/media?parent=13891"}],"curies":[{"name":"wp","href":"https:\/\/api.w.org\/{rel}","templated":true}]}}