{"id":13885,"date":"2024-05-03T06:50:20","date_gmt":"2024-05-03T06:50:20","guid":{"rendered":"https:\/\/elfsight.com\/fr\/?page_id=13885"},"modified":"2025-07-10T13:47:22","modified_gmt":"2025-07-10T13:47:22","slug":"google-sites","status":"publish","type":"page","link":"https:\/\/elfsight.com\/fr\/telegram-chat-widget\/google-sites\/","title":{"rendered":"Telegram Chat &#8211; Google Sites"},"content":{"rendered":"<div class=\"application-platform-content-item-description application-platform-content-item\" id=\"description\" data-nav-section=\"description\"><h2>Int\u00e9grer Telegram Chat sur Google Sites avec le widget Elfsight<\/h2><p>Telegram Chat pour Google Sites cr\u00e9\u00e9 par Elfsight est le plus rapide pour les clients de votre site pour vous joindre et obtenir des r\u00e9ponses \u00e0 leurs questions. Vous pouvez rester disponible en direct pour les clients dans leur messagerie populaire 24h\/24 et 7j\/7. Ajoutez Telegram Chat sur la page Web et faites-le appara\u00eetre sur des pages sp\u00e9cifi\u00e9es ou pour des cat\u00e9gories de personnes sp\u00e9cifi\u00e9es, choisissez les d\u00e9clencheurs de d\u00e9marrage du chat, envoyez votre message de bienvenue personnel, choisissez des ic\u00f4nes et bien plus encore. Avec l&rsquo;aide du chat Telegram fonctionnant sur site, vous resterez connect\u00e9, vous \u00eates votre client\u00e8le \u00e0 tout moment et peu importe o\u00f9 vous \u00eates.<\/p><p><b>Notre chat Telegram vous aidera \u00e0 \u00eatre disponible pour les visiteurs de votre site \u00e0 tout moment. \u00e0 tout moment et depuis n&rsquo;importe quel endroit. C&rsquo;est l&rsquo;un des moyens les plus pratiques pour les gens de vous joindre et de r\u00e9soudre leurs probl\u00e8mes\u00a0!<\/b><\/p><\/div><div class=\"application-platform-content-item-features application-platform-content-item\" id=\"features\" data-nav-section=\"features\"><h2>Principales fonctionnalit\u00e9s du widget Telegram Chat <\/h2><p>V\u00e9rifiez toutes les fonctions de Telegram Chat. Vous pouvez les ajuster directement dans l&rsquo;\u00e9diteur et ils vous aideront \u00e0 configurer le widget sp\u00e9cialement pour vos besoins.<\/p><ul><li>Int\u00e9grez Telegram Messenger sur votre site pour avoir des conversations avec les visiteurs<\/li><li>Trois types de position de discussion\u00a0: bulle flottante, bulle int\u00e9gr\u00e9e et fen\u00eatre de discussion int\u00e9gr\u00e9e\u00a0;<\/li><li>Une biblioth\u00e8que d&rsquo;ic\u00f4nes de bulles parmi lesquelles vous pouvez s\u00e9lectionner\u00a0;<\/li><li>Option pour modifier le texte de la bulle\u00a0;<\/li><li>En-t\u00eate de discussion flexible avec logo, nom et l\u00e9gende de la page.<\/li><\/ul><p><a href=\"#demo\">Vous pouvez essayer toutes les fonctionnalit\u00e9s du widget directement dans la d\u00e9mo<\/a><\/p><\/div><div class=\"application-platform-content-item-installation application-platform-content-item\" id=\"installation\" data-nav-section=\"installation\"><h2>Comment int\u00e9grer Telegram Chat \u00e0 mon site Google Sites\u00a0?<\/h2><p>Pour commencer \u00e0 utiliser le widget, suivez les instructions ci-dessous. <\/p><ol><li><b>G\u00e9n\u00e9rez votre widget Telegram Chat personnalis\u00e9<\/b><br>G\u00e9rez notre \u00e9diteur gratuit, configurez un plugin avec une mise en page et des caract\u00e9ristiques fonctionnelles pr\u00e9f\u00e9r\u00e9es.<\/li><li> <b>Copiez le code individuel pour configurer le widget<\/b><br>Apr\u00e8s avoir g\u00e9n\u00e9r\u00e9 votre widget, vous obtiendrez le code individuel \u00e0 partir de la fen\u00eatre apparue sur Elfsight Apps. Copiez ce code.<\/li><li><b>Affichez le widget sur votre site Muse<\/b><br>D\u00e9finissez l&rsquo;endroit o\u00f9 vous souhaitez afficher le plugin et ajoutez-y le code enregistr\u00e9. Enregistrez les modifications.<\/li><li><b>F\u00e9licitations\u00a0! Vous venez d&rsquo;int\u00e9grer le widget\u00a0!<\/b><br>Visitez votre boutique pour v\u00e9rifier votre widget.<\/li><\/ol><div class=\"tip-yellow tip\"><b>En raison des particularit\u00e9s du fonctionnement de Google Sites, le widget peut ont un aspect diff\u00e9rent de la d\u00e9mo en ligne. Nous nous excusons pour tout inconv\u00e9nient caus\u00e9.<\/b><\/div><p>Si vous rencontrez des obstacles, n&rsquo;h\u00e9sitez pas \u00e0 vous adresser \u00e0 notre \u00e9quipe de service client. Nos sp\u00e9cialistes se feront un plaisir de r\u00e9soudre toutes les questions que vous pourriez avoir avec le plugin.<\/p> <div class=\"faq\" data-component=\"FAQ\"> <div class=\"faq-item\">\r\n\t\t\t\t\t<div class=\"faq-item-question\">\r\n\t\t\t\t\t\t<h3 class=\"faq-item-question-text\">Comment ajouter Telegram Chat \u00e0 mon site Web Google Sites sans comp\u00e9tences en codage ?<\/h3>\r\n\r\n\t\t\t\t\t\t<div class=\"faq-item-question-icon\"><\/div>\r\n\t\t\t\t\t<\/div>\r\n\r\n\t\t\t\t\t<div class=\"faq-item-answer\">\r\n\t\t\t\t\t\t<div class=\"faq-item-answer-text\"> <p>Elfsight fournit une solution SaaS qui vous permet de cr\u00e9er vous-m\u00eame un widget Telegram Chat, voyez \u00e0 quel point le processus est simple\u00a0: travaillez directement dans l&rsquo;\u00e9diteur en ligne pour cr\u00e9er un widget Telegram Chat que vous aimeriez voir sur votre site Web Google Sites. Choisissez l&rsquo;un des mod\u00e8les pr\u00e9d\u00e9finis et ajustez les param\u00e8tres de Telegram Chat, ajoutez votre contenu, modifiez la mise en page et les couleurs sans aucune comp\u00e9tence en codage. Enregistrez le chat Telegram et copiez son code d&rsquo;installation, que vous pouvez facilement coller sur votre site Web Google Sites sans acheter de version payante. Gr\u00e2ce \u00e0 notre \u00e9diteur intuitif, tout internaute peut cr\u00e9er un widget Telegram Chat en ligne et l&rsquo;int\u00e9grer facilement \u00e0 son site Web Google Sites. Il n&rsquo;est pas n\u00e9cessaire de payer ou de saisir les informations d&rsquo;identification de votre carte pour acc\u00e9der au service. Si vous rencontrez des probl\u00e8mes \u00e0 n&rsquo;importe quelle \u00e9tape, n&rsquo;h\u00e9sitez pas \u00e0 contacter notre \u00e9quipe d&rsquo;assistance technique.<\/p> <\/div>\r\n\t\t\t\t\t<\/div>\r\n\t\t\t\t<\/div> <\/div> <\/div>","protected":false},"excerpt":{"rendered":"","protected":false},"author":9,"featured_media":0,"parent":2697,"menu_order":0,"comment_status":"closed","ping_status":"closed","template":"templates\/template-application-platform.php","meta":{"publish_to_discourse":"","publish_post_category":"","wpdc_auto_publish_overridden":"","wpdc_topic_tags":"","wpdc_pin_topic":"","wpdc_pin_until":"","discourse_post_id":"","discourse_permalink":"","wpdc_publishing_response":"","wpdc_publishing_error":"","footnotes":""},"class_list":["post-13885","page","type-page","status-publish","hentry"],"yoast_head":"<!-- This site is optimized with the Yoast SEO plugin v25.3.1 - https:\/\/yoast.com\/wordpress\/plugins\/seo\/ -->\n<title>Telegram Chat - Ajouter un widget de chat \u00e0 Google Sites (2025)<\/title>\n<meta name=\"description\" content=\"Impl\u00e9mentez un widget Telegram Chat r\u00e9actif sur votre page Web Google Sites et gagnez une confiance totale. Utilisez la d\u00e9mo pratique d&#039;Elfsight pour cr\u00e9er votre outil unique.\" \/>\n<meta name=\"robots\" content=\"index, follow, max-snippet:-1, max-image-preview:large, max-video-preview:-1\" \/>\n<link rel=\"canonical\" href=\"https:\/\/elfsight.com\/fr\/telegram-chat-widget\/google-sites\/\" \/>\n<meta property=\"og:locale\" content=\"fr_FR\" \/>\n<meta property=\"og:type\" content=\"article\" \/>\n<meta property=\"og:title\" content=\"Telegram Chat - Ajouter un widget de chat \u00e0 Google Sites (2025)\" \/>\n<meta property=\"og:description\" content=\"Impl\u00e9mentez un widget Telegram Chat r\u00e9actif sur votre page Web Google Sites et gagnez une confiance totale. Utilisez la d\u00e9mo pratique d&#039;Elfsight pour cr\u00e9er votre outil unique.\" \/>\n<meta property=\"og:url\" content=\"https:\/\/elfsight.com\/fr\/telegram-chat-widget\/google-sites\/\" \/>\n<meta property=\"og:site_name\" content=\"Elfsight FR\" \/>\n<meta property=\"article:modified_time\" content=\"2025-07-10T13:47:22+00:00\" \/>\n<meta name=\"twitter:card\" content=\"summary_large_image\" \/>\n<meta name=\"twitter:label1\" content=\"Dur\u00e9e de lecture estim\u00e9e\" \/>\n\t<meta name=\"twitter:data1\" content=\"3 minutes\" \/>\n<!-- \/ Yoast SEO plugin. -->","yoast_head_json":{"title":"Telegram Chat - Ajouter un widget de chat \u00e0 Google Sites (2025)","description":"Impl\u00e9mentez un widget Telegram Chat r\u00e9actif sur votre page Web Google Sites et gagnez une confiance totale. Utilisez la d\u00e9mo pratique d'Elfsight pour cr\u00e9er votre outil unique.","robots":{"index":"index","follow":"follow","max-snippet":"max-snippet:-1","max-image-preview":"max-image-preview:large","max-video-preview":"max-video-preview:-1"},"canonical":"https:\/\/elfsight.com\/fr\/telegram-chat-widget\/google-sites\/","og_locale":"fr_FR","og_type":"article","og_title":"Telegram Chat - Ajouter un widget de chat \u00e0 Google Sites (2025)","og_description":"Impl\u00e9mentez un widget Telegram Chat r\u00e9actif sur votre page Web Google Sites et gagnez une confiance totale. Utilisez la d\u00e9mo pratique d'Elfsight pour cr\u00e9er votre outil unique.","og_url":"https:\/\/elfsight.com\/fr\/telegram-chat-widget\/google-sites\/","og_site_name":"Elfsight FR","article_modified_time":"2025-07-10T13:47:22+00:00","twitter_card":"summary_large_image","twitter_misc":{"Dur\u00e9e de lecture estim\u00e9e":"3 minutes"},"schema":{"@context":"https:\/\/schema.org","@graph":[{"@type":"WebPage","@id":"https:\/\/elfsight.com\/fr\/telegram-chat-widget\/google-sites\/","url":"https:\/\/elfsight.com\/fr\/telegram-chat-widget\/google-sites\/","name":"Telegram Chat - Ajouter un widget de chat \u00e0 Google Sites (2025)","isPartOf":{"@id":"https:\/\/elfsight.com\/fr\/#website"},"datePublished":"2024-05-03T06:50:20+00:00","dateModified":"2025-07-10T13:47:22+00:00","description":"Impl\u00e9mentez un widget Telegram Chat r\u00e9actif sur votre page Web Google Sites et gagnez une confiance totale. Utilisez la d\u00e9mo pratique d'Elfsight pour cr\u00e9er votre outil unique.","breadcrumb":{"@id":"https:\/\/elfsight.com\/fr\/telegram-chat-widget\/google-sites\/#breadcrumb"},"inLanguage":"fr-FR","potentialAction":[{"@type":"ReadAction","target":["https:\/\/elfsight.com\/fr\/telegram-chat-widget\/google-sites\/"]}]},{"@type":"BreadcrumbList","@id":"https:\/\/elfsight.com\/fr\/telegram-chat-widget\/google-sites\/#breadcrumb","itemListElement":[{"@type":"ListItem","position":1,"name":"Home","item":"https:\/\/elfsight.com\/fr\/"},{"@type":"ListItem","position":2,"name":"Telegram Chat","item":"https:\/\/elfsight.com\/fr\/telegram-chat-widget\/"},{"@type":"ListItem","position":3,"name":"Telegram Chat &#8211; Google Sites"}]},{"@type":"WebSite","@id":"https:\/\/elfsight.com\/fr\/#website","url":"https:\/\/elfsight.com\/fr\/","name":"Elfsight FR","description":"","potentialAction":[{"@type":"SearchAction","target":{"@type":"EntryPoint","urlTemplate":"https:\/\/elfsight.com\/fr\/?s={search_term_string}"},"query-input":{"@type":"PropertyValueSpecification","valueRequired":true,"valueName":"search_term_string"}}],"inLanguage":"fr-FR"}]}},"meta_box":{"industry":"","seo_heading":"","heading":"","description":"","cta_heading":"","cta_description":"","application":"2690","h1":"Widget de discussion Telegram de Google Sites","h1_caption":"Permettez aux utilisateurs de discuter avec vous par t\u00e9l\u00e9gramme directement depuis votre site Web, offrant ainsi un autre canal d'assistance rapide et pratique vers vos sites Google sans effort.","application_category":[],"applications_title":"","applications_request_title":"","applications_request_button_text":"","hero_text":"","hero_video":"","hero_video_schema_markup":"","selling_points_title":"","selling_points_caption":"","selling_points":[],"selling_points_cta_text":"","features_title":"","features":"","ed_cta_examples_text":"","ed_cta_examples_hidden":"","ed_cta_demo_text":"","ed_cta_demo_hidden":"","why_caption":"","why_editor_title":"","why_editor_text":"","why_team_title":"","why_team_text":"","why_service_title":"","why_service_text":"","template_catalog_visible":"","template_catalog_title":"","template_catalog_text":"","template_catalog_categories_visible":"","demo_title":"Cr\u00e9ez votre widget de chat Telegram","demo_caption":"Configurez votre Telegram Chat et ajoutez-le gratuitement \u00e0 votre site Web Google Sites\u00a0!","default_faq_hidden":"","app_template_category":[],"platform":"423","template_public_id":"","codecanyon_url":"","codecanyon_item_id":"","codecanyon_price":"","pricing_caption":"","pricing_elfsight_apps_hide_column":"","pricing_elfsight_apps_url":"","pricing_codecanyon_price_caption":"","integration_category":[],"integration_request_title":"","integration_request_cta":"","integration_platform":"","integrations":[],"platform_category":[],"video_schema_markup":"","price":"\u00e0 partir de 0$ \/ mois","trial":"","benefits":[{"text":"Service d'installation gratuit"},{"text":"Un soutien exceptionnel"},{"text":"Garantie de remboursement de 14 jours"},{"text":"Mises \u00e0 jour continues"}],"button_url":"#demo","button_target_blank":"","button_nofollow":"","attributes":[{"name":"Installations","content":"10,000 - 100,000"},{"name":"Sensible","content":"Optimis\u00e9 pour les mobiles"},{"name":"Navigateurs compatibles","content":"Chrome, Safari, Opera, Firefox, Edge"}],"tags":[],"tags_disable_links":"","hide_more_platforms":"","video_object":"","demo_hide_cta":"","demo_hide_cloud_options":"","pricing_title":"","pricing":[{"pricing_icon":"platform","pricing_title":"Elfsight Apps","pricing_title_caption":"Logiciel ind\u00e9pendant de la plate-forme qui convient \u00e0 n'importe quel site Web","pricing_price":"from $0 \/ month","pricing_price_caption":"commencez avec un forfait gratuit","pricing_benefits":[{"text":"Sites Web illimit\u00e9s"},{"text":"Assistance premium et ponctuelle"},{"text":"Service d'installation gratuit"},{"text":"Offre sp\u00e9ciale pour plusieurs applications"}],"pricing_button_text":"Ajouter au site Web","pricing_button_url":"#demo"}],"related_apps_title":"","related_apps_hidden":"","author":"","image":[],"title":"","job":"","social_networks":[]},"_links":{"self":[{"href":"https:\/\/elfsight.com\/fr\/wp-json\/wp\/v2\/pages\/13885","targetHints":{"allow":["GET"]}}],"collection":[{"href":"https:\/\/elfsight.com\/fr\/wp-json\/wp\/v2\/pages"}],"about":[{"href":"https:\/\/elfsight.com\/fr\/wp-json\/wp\/v2\/types\/page"}],"author":[{"embeddable":true,"href":"https:\/\/elfsight.com\/fr\/wp-json\/wp\/v2\/users\/9"}],"replies":[{"embeddable":true,"href":"https:\/\/elfsight.com\/fr\/wp-json\/wp\/v2\/comments?post=13885"}],"version-history":[{"count":1,"href":"https:\/\/elfsight.com\/fr\/wp-json\/wp\/v2\/pages\/13885\/revisions"}],"predecessor-version":[{"id":13889,"href":"https:\/\/elfsight.com\/fr\/wp-json\/wp\/v2\/pages\/13885\/revisions\/13889"}],"up":[{"embeddable":true,"href":"https:\/\/elfsight.com\/fr\/wp-json\/wp\/v2\/pages\/2697"}],"wp:attachment":[{"href":"https:\/\/elfsight.com\/fr\/wp-json\/wp\/v2\/media?parent=13885"}],"curies":[{"name":"wp","href":"https:\/\/api.w.org\/{rel}","templated":true}]}}