{"id":13878,"date":"2024-05-03T06:50:00","date_gmt":"2024-05-03T06:50:00","guid":{"rendered":"https:\/\/elfsight.com\/fr\/?page_id=13878"},"modified":"2025-07-10T13:46:37","modified_gmt":"2025-07-10T13:46:37","slug":"wix","status":"publish","type":"page","link":"https:\/\/elfsight.com\/fr\/team-showcase-widget\/wix\/","title":{"rendered":"Team Showcase &#8211; Wix"},"content":{"rendered":"<div class=\"application-platform-content-item-description application-platform-content-item\" id=\"description\" data-nav-section=\"description\"> <h2>Description<\/h2> <p>Notre widget deviendra l&rsquo;outil le plus simple pour afficher les membres de votre \u00e9quipe sur votre site. Il permet de parler de tout type d&rsquo;\u00e9quipe : coll\u00e8gues d&rsquo;affaires, membres de clubs sportifs, personnel professeur, structure de l&rsquo;entreprise et plus encore. T\u00e9l\u00e9chargez une photo, publiez des informations de contact et un message unique sur chaque membre de votre \u00e9quipe. Les utilisateurs auront la possibilit\u00e9 de s&rsquo;adresser \u00e0 eux dans la m\u00eame seconde en utilisant des liens actifs ou des ic\u00f4nes sociales. Vous pouvez d\u00e9finir des groupes et d\u00e9montrer la structure de votre \u00e9quipe, s\u00e9lectionner des mises en page, des couleurs et autres. Augmentez la cr\u00e9dibilit\u00e9 de votre entreprise, en affichant son image humaine ! <\/p><div class=\"faq\" data-component=\"FAQ\"> <div class=\"faq-item\">\r\n\t\t\t\t\t<div class=\"faq-item-question\">\r\n\t\t\t\t\t\t<h3 class=\"faq-item-question-text\">O\u00f9 puis-je l'ajouter<\/h3>\r\n\r\n\t\t\t\t\t\t<div class=\"faq-item-question-icon\"><\/div>\r\n\t\t\t\t\t<\/div>\r\n\r\n\t\t\t\t\t<div class=\"faq-item-answer\">\r\n\t\t\t\t\t\t<div class=\"faq-item-answer-text\"> <p>Affichez le widget sur n&rsquo;importe quelle page du site Web, l\u00e0 o\u00f9 vous pensez qu&rsquo;il convient. Il peut fonctionner comme l&rsquo;un des \u00e9l\u00e9ments de la zone de contenu ou remplir la page enti\u00e8re. De cette mani\u00e8re, vous pouvez cr\u00e9er votre page \u00c0 propos de nous au moyen du widget. <\/p><\/div>\r\n\t\t\t\t\t<\/div>\r\n\t\t\t\t<\/div> <div class=\"faq-item\">\r\n\t\t\t\t\t<div class=\"faq-item-question\">\r\n\t\t\t\t\t\t<h3 class=\"faq-item-question-text\">Quels avantages cela m'apportera-t-il ? <\/h3>\r\n\r\n\t\t\t\t\t\t<div class=\"faq-item-question-icon\"><\/div>\r\n\t\t\t\t\t<\/div>\r\n\r\n\t\t\t\t\t<div class=\"faq-item-answer\">\r\n\t\t\t\t\t\t<div class=\"faq-item-answer-text\"> <p>Pr\u00e9senter les personnes r\u00e9ellement engag\u00e9es dans votre entreprise augmente votre transparence et renforce la fiabilit\u00e9 per\u00e7ue de votre entreprise. Cela garantit aux visiteurs que votre entreprise est un partenaire solide et peut conduire \u00e0 une augmentation des prospects et de nouveaux clients. De plus, vos coll\u00e8gues seront plus faciles \u00e0 contacter en cliquant sur les liens du widget. <\/p><\/div>\r\n\t\t\t\t\t<\/div>\r\n\t\t\t\t<\/div> <div class=\"faq-item\">\r\n\t\t\t\t\t<div class=\"faq-item-question\">\r\n\t\t\t\t\t\t<h3 class=\"faq-item-question-text\">De quoi ai-je besoin pour ajouter Team Showcase sur mon site Wix ? <\/h3>\r\n\r\n\t\t\t\t\t\t<div class=\"faq-item-question-icon\"><\/div>\r\n\t\t\t\t\t<\/div>\r\n\r\n\t\t\t\t\t<div class=\"faq-item-answer\">\r\n\t\t\t\t\t\t<div class=\"faq-item-answer-text\"> <p>Vous n&rsquo;aurez besoin que de trois minutes de votre temps pour activer le widget. C&rsquo;est tr\u00e8s rapide, gratuit et sans codage. <\/p> <ol> <li>Il existe une option pour configurer Team Showcase sur le site directement via notre service. Pour le r\u00e9aliser, suivez les \u00e9tapes du guide ci-dessous sur cette page. <\/li> <li>Elfsight Team Showcase peut \u00eatre mis en place via notre service ou via le march\u00e9. Vous pouvez constater les avantages de ces variantes et choisir la v\u00f4tre. <\/li> <\/ol> <\/div>\r\n\t\t\t\t\t<\/div>\r\n\t\t\t\t<\/div> <\/div> <\/div> <div class=\"application-platform-content-item-features application-platform-content-item\" id=\"features\" data-nav-section=\"features\"> <h2>Fonctionnalit\u00e9s<\/h2> <p>Afin de fa\u00e7onner une compr\u00e9hension claire de Team Showcase, d\u00e9couvrez la liste des taits majeurs. Ils rendent notre widget plus efficace pour votre promotion\u00a0: <\/p> <ul><li>Ic\u00f4nes actives des r\u00e9seaux sociaux et liens vers le site et l&rsquo;adresse e-mail\u00a0; <\/li><li>Localisation de la personne r\u00e9v\u00e9l\u00e9e sur Google Maps lors d&rsquo;un clic\u00a0; <\/li><li>Une fen\u00eatre contextuelle affiche plus de d\u00e9tails sur un membre de l&rsquo;\u00e9quipe\u00a0; <\/li><li>2 possibilit\u00e9s d&rsquo;afficher les cat\u00e9gories : dans une liste globale ou avec menu ; <\/li><li>4 options de mise en page\u00a0: Grille, Cartes, Galerie, Liste. <\/li><\/ul><p>Notre d\u00e9mo en direct vous ouvrira toutes les fonctionnalit\u00e9s<\/p> <\/div> <div class=\"application-platform-content-item-installation application-platform-content-item\" id=\"installation\" data-nav-section=\"installation\"> <h2>Voici comment introduire le widget Team Showcase dans votre Wix page.<\/h2> <div class=\"video-container\"><iframe width=\"720\" height=\"405\" src=\"https:\/\/www.youtube.com\/embed\/j8cRldskcGA\" frameborder=\"0\" allowfullscreen=\"\"><\/iframe><\/div><p>Les actions suivantes sont la seule chose que vous devez faire. <\/p> <ol><li><b>Construisez votre propre plugin Team Showcase<\/b><br> En g\u00e9rant notre \u00e9diteur gratuit, cr\u00e9ez un plugin avec une composition et des fonctions s\u00e9lectionn\u00e9es. <\/li><li><b>Copiez le code individuel pour ajouter le plugin<\/b><br> Apr\u00e8s avoir configur\u00e9 votre widget, vous obtiendrez le code d&rsquo;installation dans la fen\u00eatre contextuelle d&rsquo;Elfsight Apps. Copiez le code. <\/li> <li><b>Publiez le plugin sur votre site Web Wix<\/b><br> Choisissez la zone dans laquelle vous souhaitez ajouter le plugin et collez-y le code enregistr\u00e9. Publiez les modifications. <\/li> <li><b>Vous avez termin\u00e9\u00a0! <\/b><br> Entrez dans la page Web pour v\u00e9rifier votre plugin. <\/li> <\/ol><p>Vous avez encore des doutes sur quelque chose\u00a0? Ou vous avez des probl\u00e8mes ? Une simple demande \u00e0 notre service client r\u00e9soudra chaque probl\u00e8me. <\/p> <\/div>","protected":false},"excerpt":{"rendered":"","protected":false},"author":9,"featured_media":0,"parent":1493,"menu_order":0,"comment_status":"closed","ping_status":"closed","template":"templates\/template-application-platform.php","meta":{"publish_to_discourse":"","publish_post_category":"","wpdc_auto_publish_overridden":"","wpdc_topic_tags":"","wpdc_pin_topic":"","wpdc_pin_until":"","discourse_post_id":"","discourse_permalink":"","wpdc_publishing_response":"","wpdc_publishing_error":"","footnotes":""},"class_list":["post-13878","page","type-page","status-publish","hentry"],"yoast_head":"<!-- This site is optimized with the Yoast SEO plugin v25.3.1 - https:\/\/yoast.com\/wordpress\/plugins\/seo\/ -->\n<title>Ajoutez l&#039;application Team Showcase au site Web Wix (rapide et gratuit)<\/title>\n<meta name=\"description\" content=\"Il est tr\u00e8s simple de cr\u00e9er votre application Team Showcase et de la publier sur votre site Web Wix. Le service client Elfsight est gratuit.\" \/>\n<meta name=\"robots\" content=\"index, follow, max-snippet:-1, max-image-preview:large, max-video-preview:-1\" \/>\n<link rel=\"canonical\" href=\"https:\/\/elfsight.com\/fr\/team-showcase-widget\/wix\/\" \/>\n<meta property=\"og:locale\" content=\"fr_FR\" \/>\n<meta property=\"og:type\" content=\"article\" \/>\n<meta property=\"og:title\" content=\"Ajoutez l&#039;application Team Showcase au site Web Wix (rapide et gratuit)\" \/>\n<meta property=\"og:description\" content=\"Il est tr\u00e8s simple de cr\u00e9er votre application Team Showcase et de la publier sur votre site Web Wix. Le service client Elfsight est gratuit.\" \/>\n<meta property=\"og:url\" content=\"https:\/\/elfsight.com\/fr\/team-showcase-widget\/wix\/\" \/>\n<meta property=\"og:site_name\" content=\"Elfsight FR\" \/>\n<meta property=\"article:modified_time\" content=\"2025-07-10T13:46:37+00:00\" \/>\n<meta name=\"twitter:card\" content=\"summary_large_image\" \/>\n<meta name=\"twitter:label1\" content=\"Dur\u00e9e de lecture estim\u00e9e\" \/>\n\t<meta name=\"twitter:data1\" content=\"3 minutes\" \/>\n<!-- \/ Yoast SEO plugin. -->","yoast_head_json":{"title":"Ajoutez l'application Team Showcase au site Web Wix (rapide et gratuit)","description":"Il est tr\u00e8s simple de cr\u00e9er votre application Team Showcase et de la publier sur votre site Web Wix. Le service client Elfsight est gratuit.","robots":{"index":"index","follow":"follow","max-snippet":"max-snippet:-1","max-image-preview":"max-image-preview:large","max-video-preview":"max-video-preview:-1"},"canonical":"https:\/\/elfsight.com\/fr\/team-showcase-widget\/wix\/","og_locale":"fr_FR","og_type":"article","og_title":"Ajoutez l'application Team Showcase au site Web Wix (rapide et gratuit)","og_description":"Il est tr\u00e8s simple de cr\u00e9er votre application Team Showcase et de la publier sur votre site Web Wix. Le service client Elfsight est gratuit.","og_url":"https:\/\/elfsight.com\/fr\/team-showcase-widget\/wix\/","og_site_name":"Elfsight FR","article_modified_time":"2025-07-10T13:46:37+00:00","twitter_card":"summary_large_image","twitter_misc":{"Dur\u00e9e de lecture estim\u00e9e":"3 minutes"},"schema":{"@context":"https:\/\/schema.org","@graph":[{"@type":"WebPage","@id":"https:\/\/elfsight.com\/fr\/team-showcase-widget\/wix\/","url":"https:\/\/elfsight.com\/fr\/team-showcase-widget\/wix\/","name":"Ajoutez l'application Team Showcase au site Web Wix (rapide et gratuit)","isPartOf":{"@id":"https:\/\/elfsight.com\/fr\/#website"},"datePublished":"2024-05-03T06:50:00+00:00","dateModified":"2025-07-10T13:46:37+00:00","description":"Il est tr\u00e8s simple de cr\u00e9er votre application Team Showcase et de la publier sur votre site Web Wix. Le service client Elfsight est gratuit.","breadcrumb":{"@id":"https:\/\/elfsight.com\/fr\/team-showcase-widget\/wix\/#breadcrumb"},"inLanguage":"fr-FR","potentialAction":[{"@type":"ReadAction","target":["https:\/\/elfsight.com\/fr\/team-showcase-widget\/wix\/"]}]},{"@type":"BreadcrumbList","@id":"https:\/\/elfsight.com\/fr\/team-showcase-widget\/wix\/#breadcrumb","itemListElement":[{"@type":"ListItem","position":1,"name":"Home","item":"https:\/\/elfsight.com\/fr\/"},{"@type":"ListItem","position":2,"name":"Team Showcase","item":"https:\/\/elfsight.com\/fr\/team-showcase-widget\/"},{"@type":"ListItem","position":3,"name":"Team Showcase &#8211; Wix"}]},{"@type":"WebSite","@id":"https:\/\/elfsight.com\/fr\/#website","url":"https:\/\/elfsight.com\/fr\/","name":"Elfsight FR","description":"","potentialAction":[{"@type":"SearchAction","target":{"@type":"EntryPoint","urlTemplate":"https:\/\/elfsight.com\/fr\/?s={search_term_string}"},"query-input":{"@type":"PropertyValueSpecification","valueRequired":true,"valueName":"search_term_string"}}],"inLanguage":"fr-FR"}]}},"meta_box":{"industry":"","seo_heading":"","heading":"","description":"","cta_heading":"","cta_description":"","application":"1454","h1":"Application Wix Team Showcase","h1_caption":"Pr\u00e9sentez les membres de votre \u00e9quipe de mani\u00e8re professionnelle et visuellement attrayante, en \u00e9tablissant sans effort la confiance et la connexion avec votre public sur votre site Web Wix.","application_category":[],"applications_title":"","applications_request_title":"","applications_request_button_text":"","hero_text":"","hero_video":"","hero_video_schema_markup":"","selling_points_title":"","selling_points_caption":"","selling_points":[],"selling_points_cta_text":"","features_title":"","features":"","ed_cta_examples_text":"","ed_cta_examples_hidden":"","ed_cta_demo_text":"","ed_cta_demo_hidden":"","why_caption":"","why_editor_title":"","why_editor_text":"","why_team_title":"","why_team_text":"","why_service_title":"","why_service_text":"","template_catalog_visible":"","template_catalog_title":"","template_catalog_text":"","template_catalog_categories_visible":"","demo_title":"Cr\u00e9ez votre application Team Showcase","demo_caption":"Configurez votre Team Showcase et ajoutez-la \u00e0 votre site Web Wix gratuitement !","default_faq_hidden":"","app_template_category":[],"platform":"345","template_public_id":"","codecanyon_url":"","codecanyon_item_id":"","codecanyon_price":"","pricing_caption":"","pricing_elfsight_apps_hide_column":"","pricing_elfsight_apps_url":"","pricing_codecanyon_price_caption":"","integration_category":[],"integration_request_title":"","integration_request_cta":"","integration_platform":"","integrations":[],"platform_category":[],"video_schema_markup":"","price":"\u00e0 partir de 0$ \/ mois","trial":"","benefits":[{"text":"Aide \u00e0 l'installation gratuite"},{"text":"Support client exp\u00e9riment\u00e9"},{"text":"Garantie de remboursement de 14 jours"},{"text":"D\u00e9veloppement continu"}],"button_url":"#demo","button_target_blank":"","button_nofollow":"","attributes":[{"name":"Installations","content":"10,000 - 100,000"},{"name":"Sensible","content":"Oui"},{"name":"Navigateurs compatibles","content":"Firefox, Safari, Opera, Chrome, Edge"}],"tags":[],"tags_disable_links":"","hide_more_platforms":"","video_object":"","demo_hide_cta":"","demo_hide_cloud_options":"","pricing_title":"","pricing":[{"pricing_icon":"platform","pricing_title":"Elfsight Apps","pricing_title_caption":"Solution multiplateforme qui fonctionne sur n'importe quel site","pricing_price":"from $0 \/ month","pricing_price_caption":"commencez avec un forfait gratuit","pricing_benefits":[{"text":"Sites Web illimit\u00e9s"},{"text":"Assistance rapide et ponctuelle"},{"text":"Assistance \u00e0 l'installation gratuite"},{"text":"Offre sp\u00e9ciale pour plusieurs applications"}],"pricing_button_text":"Ajouter au site Web","pricing_button_url":"#demo"}],"related_apps_title":"","related_apps_hidden":"","author":"","image":[],"title":"","job":"","social_networks":[]},"_links":{"self":[{"href":"https:\/\/elfsight.com\/fr\/wp-json\/wp\/v2\/pages\/13878","targetHints":{"allow":["GET"]}}],"collection":[{"href":"https:\/\/elfsight.com\/fr\/wp-json\/wp\/v2\/pages"}],"about":[{"href":"https:\/\/elfsight.com\/fr\/wp-json\/wp\/v2\/types\/page"}],"author":[{"embeddable":true,"href":"https:\/\/elfsight.com\/fr\/wp-json\/wp\/v2\/users\/9"}],"replies":[{"embeddable":true,"href":"https:\/\/elfsight.com\/fr\/wp-json\/wp\/v2\/comments?post=13878"}],"version-history":[{"count":1,"href":"https:\/\/elfsight.com\/fr\/wp-json\/wp\/v2\/pages\/13878\/revisions"}],"predecessor-version":[{"id":13882,"href":"https:\/\/elfsight.com\/fr\/wp-json\/wp\/v2\/pages\/13878\/revisions\/13882"}],"up":[{"embeddable":true,"href":"https:\/\/elfsight.com\/fr\/wp-json\/wp\/v2\/pages\/1493"}],"wp:attachment":[{"href":"https:\/\/elfsight.com\/fr\/wp-json\/wp\/v2\/media?parent=13878"}],"curies":[{"name":"wp","href":"https:\/\/api.w.org\/{rel}","templated":true}]}}