{"id":13868,"date":"2024-05-03T06:49:00","date_gmt":"2024-05-03T06:49:00","guid":{"rendered":"https:\/\/elfsight.com\/fr\/?page_id=13868"},"modified":"2025-07-10T13:40:35","modified_gmt":"2025-07-10T13:40:35","slug":"wordpress","status":"publish","type":"page","link":"https:\/\/elfsight.com\/fr\/store-locator-widget\/wordpress\/","title":{"rendered":"Store Locator &#8211; WordPress"},"content":{"rendered":"<div class=\"application-platform-content-item-description application-platform-content-item\" id=\"description\" data-nav-section=\"description\"> <h2>Int\u00e9grer le localisateur de magasin dans WordPress avec un plugin Elfsight<\/h2> <p>Le localisateur de magasin Elfsight pour WordPress est un widget dynamique et r\u00e9glable cr\u00e9\u00e9 pour am\u00e9liorer l&rsquo;utilit\u00e9 de votre site Web et l&rsquo;engagement de vos clients en permettant \u00e0 vos clients de trouver plus facilement que jamais un chemin vers votre emplacement. Avec un certain nombre de fonctionnalit\u00e9s puissantes invent\u00e9es pour la polyvalence et les performances, ce widget est votre solution id\u00e9ale pour annoncer les emplacements physiques de votre entreprise de mani\u00e8re compr\u00e9hensible et pratique. V\u00e9rifiez-le maintenant et remarquez comment il transforme votre site Web en un merveilleux outil de recherche de magasins\u00a0!<\/p> <p>En ajoutant le widget, vous augmenterez votre cr\u00e9dibilit\u00e9 aupr\u00e8s des clients en partageant des informations d\u00e9taill\u00e9es concernant les emplacements physiques de votre organisation, rassurant ainsi chacun de votre solidit\u00e9. pr\u00e9sence. Cela se traduira par une meilleure prise de d\u00e9cision et une exp\u00e9rience d\u2019achat am\u00e9lior\u00e9e pour les clients. <\/p><p><b>Essayez le brillant outil de recherche de magasin pour afficher votre emplacement et des donn\u00e9es d&rsquo;exploitation utiles. Fournissez votre adresse physique et les informations pertinentes pour inviter de nouveaux clients en magasin. <\/b><\/p> <\/div> <div class=\"application-platform-content-item-features application-platform-content-item\" id=\"features\" data-nav-section=\"features\"> <h2>Consultez la liste des fonctionnalit\u00e9s les plus utiles\u00a0:<\/h2> <ul><li>S\u00e9lection d&#8217;emplacement sans effort<\/li><li>Fonctionnalit\u00e9s cartographiques utiles<\/li><li>Boutons CTA de localisation activ\u00e9s avec les int\u00e9grations <\/li><li>Popup contextuel de localisation d\u00e9taill\u00e9e lors de la s\u00e9lection d&rsquo;un marqueur<\/li><li>Heures d&rsquo;ouverture et de localisation de la localisation. \u00e9tat actuel<\/li><\/ul><p><a href=\"#demo\">Explorez tous les param\u00e8tres dans une d\u00e9mo enti\u00e8rement fonctionnelle<\/a><\/p><\/div> <div class=\"application-platform-content-item-installation application-platform-content-item\" id=\"installation\" data-nav-section=\"installation\"> <h2>Comment puis-je int\u00e9grer Store Locator \u00e0 mon site WordPress\u00a0?<\/h2> <p>Suivez simplement quelques \u00e9tapes pr\u00e9sent\u00e9es ci-dessous pour ins\u00e9rer le plugin. <\/p> <ol><li><b>Ouvrez notre d\u00e9mo gratuite et commencez \u00e0 cr\u00e9er votre instrument personnalis\u00e9. <\/b><br> Recherchez l&rsquo;apparence et les options personnalis\u00e9es de l&rsquo;outil et appliquez les modifications. <\/li> <li><b>Obtenez le code personnel expos\u00e9 dans la fen\u00eatre des applications Elfsight. <\/b><br> D\u00e8s que la configuration de votre outil est termin\u00e9e, copiez le code individuel de la fen\u00eatre contextuelle qui appara\u00eet et conservez-le pour un besoin ult\u00e9rieur. <\/li> <li><b>Initiez l&rsquo;utilisation du plugin sur votre page d&rsquo;accueil WordPress. <\/b><br> Int\u00e9grez le code que vous avez enregistr\u00e9 r\u00e9cemment dans votre site Web et appliquez les corrections. <\/li> <li><b>L&rsquo;installation est termin\u00e9e avec succ\u00e8s. <\/b><br> Visitez votre page Web pour voir en action les performances du plugin. <\/li><\/ol> <p>Si vous rencontrez des questions ou rencontrez des probl\u00e8mes, n&rsquo;h\u00e9sitez pas \u00e0 demander l&rsquo;aide de notre personnel d&rsquo;assistance. Nos consultants seront ravis de vous aider \u00e0 r\u00e9soudre tous les probl\u00e8mes que vous pourriez rencontrer avec le widget. <\/p><\/div>","protected":false},"excerpt":{"rendered":"","protected":false},"author":9,"featured_media":0,"parent":7318,"menu_order":0,"comment_status":"closed","ping_status":"closed","template":"templates\/template-application-platform.php","meta":{"publish_to_discourse":"","publish_post_category":"","wpdc_auto_publish_overridden":"","wpdc_topic_tags":"","wpdc_pin_topic":"","wpdc_pin_until":"","discourse_post_id":"","discourse_permalink":"","wpdc_publishing_response":"","wpdc_publishing_error":"","footnotes":""},"class_list":["post-13868","page","type-page","status-publish","hentry"],"yoast_head":"<!-- This site is optimized with the Yoast SEO plugin v25.3.1 - https:\/\/yoast.com\/wordpress\/plugins\/seo\/ -->\n<title>Int\u00e9grez le localisateur de magasin dans WordPress - D\u00e9finissez clairement votre emplacement<\/title>\n<meta name=\"description\" content=\"Int\u00e9grez un localisateur de magasin personnalisable dans votre WordPress pour renforcer votre cr\u00e9dibilit\u00e9. Explorez une d\u00e9mo claire d&#039;Elfsight pour cr\u00e9er le widget utile.\" \/>\n<meta name=\"robots\" content=\"index, follow, max-snippet:-1, max-image-preview:large, max-video-preview:-1\" \/>\n<link rel=\"canonical\" href=\"https:\/\/elfsight.com\/fr\/store-locator-widget\/wordpress\/\" \/>\n<meta property=\"og:locale\" content=\"fr_FR\" \/>\n<meta property=\"og:type\" content=\"article\" \/>\n<meta property=\"og:title\" content=\"Int\u00e9grez le localisateur de magasin dans WordPress - D\u00e9finissez clairement votre emplacement\" \/>\n<meta property=\"og:description\" content=\"Int\u00e9grez un localisateur de magasin personnalisable dans votre WordPress pour renforcer votre cr\u00e9dibilit\u00e9. Explorez une d\u00e9mo claire d&#039;Elfsight pour cr\u00e9er le widget utile.\" \/>\n<meta property=\"og:url\" content=\"https:\/\/elfsight.com\/fr\/store-locator-widget\/wordpress\/\" \/>\n<meta property=\"og:site_name\" content=\"Elfsight FR\" \/>\n<meta property=\"article:modified_time\" content=\"2025-07-10T13:40:35+00:00\" \/>\n<meta name=\"twitter:card\" content=\"summary_large_image\" \/>\n<meta name=\"twitter:label1\" content=\"Dur\u00e9e de lecture estim\u00e9e\" \/>\n\t<meta name=\"twitter:data1\" content=\"2 minutes\" \/>\n<!-- \/ Yoast SEO plugin. -->","yoast_head_json":{"title":"Int\u00e9grez le localisateur de magasin dans WordPress - D\u00e9finissez clairement votre emplacement","description":"Int\u00e9grez un localisateur de magasin personnalisable dans votre WordPress pour renforcer votre cr\u00e9dibilit\u00e9. Explorez une d\u00e9mo claire d'Elfsight pour cr\u00e9er le widget utile.","robots":{"index":"index","follow":"follow","max-snippet":"max-snippet:-1","max-image-preview":"max-image-preview:large","max-video-preview":"max-video-preview:-1"},"canonical":"https:\/\/elfsight.com\/fr\/store-locator-widget\/wordpress\/","og_locale":"fr_FR","og_type":"article","og_title":"Int\u00e9grez le localisateur de magasin dans WordPress - D\u00e9finissez clairement votre emplacement","og_description":"Int\u00e9grez un localisateur de magasin personnalisable dans votre WordPress pour renforcer votre cr\u00e9dibilit\u00e9. Explorez une d\u00e9mo claire d'Elfsight pour cr\u00e9er le widget utile.","og_url":"https:\/\/elfsight.com\/fr\/store-locator-widget\/wordpress\/","og_site_name":"Elfsight FR","article_modified_time":"2025-07-10T13:40:35+00:00","twitter_card":"summary_large_image","twitter_misc":{"Dur\u00e9e de lecture estim\u00e9e":"2 minutes"},"schema":{"@context":"https:\/\/schema.org","@graph":[{"@type":"WebPage","@id":"https:\/\/elfsight.com\/fr\/store-locator-widget\/wordpress\/","url":"https:\/\/elfsight.com\/fr\/store-locator-widget\/wordpress\/","name":"Int\u00e9grez le localisateur de magasin dans WordPress - D\u00e9finissez clairement votre emplacement","isPartOf":{"@id":"https:\/\/elfsight.com\/fr\/#website"},"datePublished":"2024-05-03T06:49:00+00:00","dateModified":"2025-07-10T13:40:35+00:00","description":"Int\u00e9grez un localisateur de magasin personnalisable dans votre WordPress pour renforcer votre cr\u00e9dibilit\u00e9. Explorez une d\u00e9mo claire d'Elfsight pour cr\u00e9er le widget utile.","breadcrumb":{"@id":"https:\/\/elfsight.com\/fr\/store-locator-widget\/wordpress\/#breadcrumb"},"inLanguage":"fr-FR","potentialAction":[{"@type":"ReadAction","target":["https:\/\/elfsight.com\/fr\/store-locator-widget\/wordpress\/"]}]},{"@type":"BreadcrumbList","@id":"https:\/\/elfsight.com\/fr\/store-locator-widget\/wordpress\/#breadcrumb","itemListElement":[{"@type":"ListItem","position":1,"name":"Home","item":"https:\/\/elfsight.com\/fr\/"},{"@type":"ListItem","position":2,"name":"Store Locator","item":"https:\/\/elfsight.com\/fr\/store-locator-widget\/"},{"@type":"ListItem","position":3,"name":"Store Locator &#8211; WordPress"}]},{"@type":"WebSite","@id":"https:\/\/elfsight.com\/fr\/#website","url":"https:\/\/elfsight.com\/fr\/","name":"Elfsight FR","description":"","potentialAction":[{"@type":"SearchAction","target":{"@type":"EntryPoint","urlTemplate":"https:\/\/elfsight.com\/fr\/?s={search_term_string}"},"query-input":{"@type":"PropertyValueSpecification","valueRequired":true,"valueName":"search_term_string"}}],"inLanguage":"fr-FR"}]}},"meta_box":{"industry":"","seo_heading":"","heading":"","description":"","cta_heading":"","cta_description":"","application":"7315","h1":"Plugin de localisation de boutique WordPress","h1_caption":"Affichez une carte avec plusieurs emplacements de magasins pour aider vos clients \u00e0 trouver sans effort l'emplacement le plus proche d'eux sur votre site Web WordPress.","application_category":[],"applications_title":"","applications_request_title":"","applications_request_button_text":"","hero_text":"","hero_video":"","hero_video_schema_markup":"","selling_points_title":"","selling_points_caption":"","selling_points":[],"selling_points_cta_text":"","features_title":"","features":"","ed_cta_examples_text":"","ed_cta_examples_hidden":"","ed_cta_demo_text":"","ed_cta_demo_hidden":"","why_caption":"","why_editor_title":"","why_editor_text":"","why_team_title":"","why_team_text":"","why_service_title":"","why_service_text":"","template_catalog_visible":"","template_catalog_title":"","template_catalog_text":"","template_catalog_categories_visible":"","demo_title":"Cr\u00e9ez votre plugin Store Locator","demo_caption":"Configurez votre Store Locator et ajoutez-le gratuitement \u00e0 votre site WordPress !","default_faq_hidden":"","app_template_category":[],"platform":"18","template_public_id":"","codecanyon_url":"","codecanyon_item_id":"","codecanyon_price":"","pricing_caption":"","pricing_elfsight_apps_hide_column":"","pricing_elfsight_apps_url":"","pricing_codecanyon_price_caption":"","integration_category":[],"integration_request_title":"","integration_request_cta":"","integration_platform":"","integrations":[],"platform_category":[],"video_schema_markup":"","price":"24\u00a0$","trial":"","benefits":[{"text":"Aide \u00e0 l'installation gratuite"},{"text":"Assistance premium"},{"text":"Garantie de remboursement de 14 jours"},{"text":"Am\u00e9liorations gratuites et continues"}],"button_url":"#demo","button_target_blank":"","button_nofollow":"","attributes":[{"name":"Installations","content":"10,000 - 100,000"},{"name":"Sensible","content":"Oui"},{"name":"Navigateurs compatibles","content":"Firefox, Safari, Opera, Chrome, Edge"}],"tags":[],"tags_disable_links":"","hide_more_platforms":"","video_object":"","demo_hide_cta":"","demo_hide_cloud_options":"","pricing_title":"","pricing":[{"pricing_icon":"platform","pricing_title":"Elfsight Apps","pricing_title_caption":"Version multiplateforme","pricing_price":"from $0 \/ month","pricing_price_caption":"commencez avec un forfait gratuit","pricing_benefits":[{"text":"Sites Web illimit\u00e9s"},{"text":"Assistance gratuite, ponctuelle et bien document\u00e9e"},{"text":"Service d'installation gratuit"},{"text":"100% personnalisable"}],"pricing_button_text":"Ajouter au site Web","pricing_button_url":"#demo"}],"related_apps_title":"","related_apps_hidden":"","author":"","image":[],"title":"","job":"","social_networks":[]},"_links":{"self":[{"href":"https:\/\/elfsight.com\/fr\/wp-json\/wp\/v2\/pages\/13868","targetHints":{"allow":["GET"]}}],"collection":[{"href":"https:\/\/elfsight.com\/fr\/wp-json\/wp\/v2\/pages"}],"about":[{"href":"https:\/\/elfsight.com\/fr\/wp-json\/wp\/v2\/types\/page"}],"author":[{"embeddable":true,"href":"https:\/\/elfsight.com\/fr\/wp-json\/wp\/v2\/users\/9"}],"replies":[{"embeddable":true,"href":"https:\/\/elfsight.com\/fr\/wp-json\/wp\/v2\/comments?post=13868"}],"version-history":[{"count":1,"href":"https:\/\/elfsight.com\/fr\/wp-json\/wp\/v2\/pages\/13868\/revisions"}],"predecessor-version":[{"id":13872,"href":"https:\/\/elfsight.com\/fr\/wp-json\/wp\/v2\/pages\/13868\/revisions\/13872"}],"up":[{"embeddable":true,"href":"https:\/\/elfsight.com\/fr\/wp-json\/wp\/v2\/pages\/7318"}],"wp:attachment":[{"href":"https:\/\/elfsight.com\/fr\/wp-json\/wp\/v2\/media?parent=13868"}],"curies":[{"name":"wp","href":"https:\/\/api.w.org\/{rel}","templated":true}]}}