{"id":13813,"date":"2024-05-03T06:48:20","date_gmt":"2024-05-03T06:48:20","guid":{"rendered":"https:\/\/elfsight.com\/fr\/?page_id=13813"},"modified":"2025-07-10T13:31:05","modified_gmt":"2025-07-10T13:31:05","slug":"webnode","status":"publish","type":"page","link":"https:\/\/elfsight.com\/fr\/social-media-icons-widget\/webnode\/","title":{"rendered":"Social Media Icons &#8211; Webnode"},"content":{"rendered":"<div class=\"application-platform-content-item-description application-platform-content-item\" id=\"description\" data-nav-section=\"description\"><h2>Description<\/h2><p>Ic\u00f4nes sociales pratiques et avantageuses d&rsquo;Elfsight pour int\u00e9grer votre site Web aux r\u00e9seaux sociaux n\u00e9cessaires. Renforcez les liens avec vos utilisateurs et faites-en vos fans. Une mise en page adaptative, des param\u00e8tres de personnalisation \u00e9tendus de l&rsquo;interface et du design avec des ic\u00f4nes pr\u00eates pour tous les m\u00e9dias sociaux les plus populaires.<\/p><p><b>Am\u00e9liorez la popularit\u00e9 de votre marque sur les m\u00e9dias sociaux.<\/b><\/p><ul><li><b>Ayez plus d&rsquo;abonn\u00e9s<\/b>.<br>D\u00e9finissez le chemin vers vos profils sociaux et augmentez les chances que les lecteurs de votre site Web se transforment en abonn\u00e9s.<\/li><li><b>Maximum nombre de visiteurs pour vos profils sociaux<\/b>.<br>Fournissez aux clients du site un moyen rapide d&rsquo;acc\u00e9der \u00e0 votre page sociale et d&rsquo;obtenir un maximum de visiteurs sur les r\u00e9seaux sociaux.<\/li><li><b>Engagement efficace des visiteurs<\/b>.<br>Parlez de votre existence active dans les r\u00e9seaux sociaux et attirez une attention accrue sur votre entreprise parmi les clients du site.<\/li><\/ul><\/div><div class=\"application-platform-content-item-features application-platform-content-item\" id=\"features\" data-nav-section=\"features\"><h2>Caract\u00e9ristiques<\/h2><p>Les caract\u00e9ristiques les plus importantes qui transforment les ic\u00f4nes Elfsight en le meilleur widget social Webnode.<\/p><ul><li>Ajoutez un nouveau m\u00e9dia en ins\u00e9rant simplement une URL \u00e0 votre profil\u00a0;<\/li><li>5 options de taille d&rsquo;ic\u00f4ne\u00a0;<\/li><li>3 variantes d&rsquo;alignement des ic\u00f4nes\u00a0: gauche, droite, centre\u00a0;<\/li><li>Les ic\u00f4nes et l&rsquo;arri\u00e8re-plan changent de couleur au survol\u00a0;<\/li> <li>5\u00a0types d&rsquo;animation au survol.<\/li><\/ul><p><a href=\"#demo\">Essayez les fonctionnalit\u00e9s les plus importantes de notre configurateur<\/a><\/p><\/div> <div class=\"application-platform-content-item-installation application-platform-content-item\" id=\"installation\" data-nav-section=\"installation\"><h2>Comment ajouter des ic\u00f4nes de r\u00e9seaux sociaux \u00e0 Webnode<\/h2><p>Un manuel clair pour afficher des ic\u00f4nes sur un site Web sans exp\u00e9rience en programmation. Le temps de configuration complet est d&rsquo;environ 90 secondes.<\/p><ol><li><b>Cr\u00e9ez vos ic\u00f4nes sociales personnelles<\/b>.<br>\u00c0 l&rsquo;aide de notre configurateur gratuit, un plugin avec le mod\u00e8le et les capacit\u00e9s n\u00e9cessaires.<\/li><li><b>Recevez le code pour configurer le plugin<\/b>.<br>Apr\u00e8s la g\u00e9n\u00e9ration du widget, r\u00e9cup\u00e9rez le code du plugin Icons \u00e0 partir de la notification contextuelle sur les applications Elfsight.<\/li><li><b>Affichez le plugin sur le site Webnode<\/b>.<br>R\u00e9v\u00e9lez le plugin \u00e0 l&rsquo;endroit souhait\u00e9 du site Web et appliquez les modifications.<\/li><li><b>Vous avez enti\u00e8rement effectu\u00e9 l&rsquo;installation<\/b> .<br>Acc\u00e9dez \u00e0 votre site Web pour v\u00e9rifier vos ic\u00f4nes.<\/li><\/ol><p>Vous ne parvenez pas \u00e0 fa\u00e7onner ou \u00e0 ins\u00e9rer les ic\u00f4nes sur un site Web\u00a0? Lisez notre manuel complet \u00ab<a href=\"https:\/\/elfsight.com\/tutorials\/how-to-add-social-media-icons-to-webnode\/\" target=\"_blank\" rel=\"noopener noreferrer\">Comment pour installer des ic\u00f4nes sur Webnode<\/a>\u00bb ou laissez une demande \u00e0 notre \u00e9quipe d&rsquo;aide.<\/p><\/div><div class=\"faq\" data-component=\"FAQ\"><div class=\"faq-item\">\r\n\t\t\t\t\t<div class=\"faq-item-question\">\r\n\t\t\t\t\t\t<h3 class=\"faq-item-question-text\">Y a-t-il un moyen de ajouter des ic\u00f4nes de r\u00e9seaux sociaux \u00e0 mon site Webnode sans exp\u00e9rience en codage ?<\/h3>\r\n\r\n\t\t\t\t\t\t<div class=\"faq-item-question-icon\"><\/div>\r\n\t\t\t\t\t<\/div>\r\n\r\n\t\t\t\t\t<div class=\"faq-item-answer\">\r\n\t\t\t\t\t\t<div class=\"faq-item-answer-text\"><p>La soci\u00e9t\u00e9 Elfsight propose une solution SaaS qui permet aux utilisateurs de cr\u00e9er eux-m\u00eames une application d&rsquo;ic\u00f4nes de r\u00e9seaux sociaux. Voyez \u00e0 quel point le processus est simple\u00a0: <\/p><ul><li> Acc\u00e9dez \u00e0 l&rsquo;\u00e9diteur en ligne pour cr\u00e9er un widget d&rsquo;ic\u00f4nes de r\u00e9seaux sociaux que vous souhaitez inclure sur votre site Webnode.<\/li><li> Choisissez l&rsquo;un des mod\u00e8les pr\u00e9d\u00e9finis et modifiez les param\u00e8tres des ic\u00f4nes de r\u00e9seaux sociaux, ajoutez votre contenu, transformez le mise en page et couleurs sans exp\u00e9rience de codage.<\/li><li>Enregistrez les ic\u00f4nes des m\u00e9dias sociaux et obtenez leur code \u00e0 int\u00e9grer, qui peut \u00eatre int\u00e9gr\u00e9 sans effort dans le site Webnode sans acheter de forfait payant.<\/li><\/ul><p>En travaillant dans notre \u00e9diteur simple, tout utilisateur Web peut cr\u00e9er le plugin Social Media Icons et l&rsquo;ajouter facilement \u00e0 la page Web Webnode. Il n\u2019est pas n\u00e9cessaire de payer ou de divulguer les informations d\u2019identification de votre carte pour acc\u00e9der \u00e0 notre service. Si vous rencontrez des probl\u00e8mes \u00e0 un moment donn\u00e9, n&rsquo;h\u00e9sitez pas \u00e0 contacter notre \u00e9quipe d&rsquo;assistance.<\/p><\/div>\r\n\t\t\t\t\t<\/div>\r\n\t\t\t\t<\/div><\/div>","protected":false},"excerpt":{"rendered":"","protected":false},"author":9,"featured_media":0,"parent":2342,"menu_order":0,"comment_status":"closed","ping_status":"closed","template":"templates\/template-application-platform.php","meta":{"publish_to_discourse":"","publish_post_category":"","wpdc_auto_publish_overridden":"","wpdc_topic_tags":"","wpdc_pin_topic":"","wpdc_pin_until":"","discourse_post_id":"","discourse_permalink":"","wpdc_publishing_response":"","wpdc_publishing_error":"","footnotes":""},"class_list":["post-13813","page","type-page","status-publish","hentry"],"yoast_head":"<!-- This site is optimized with the Yoast SEO plugin v25.3.1 - https:\/\/yoast.com\/wordpress\/plugins\/seo\/ -->\n<title>Ic\u00f4nes de m\u00e9dias sociaux - Ajouter un widget d&#039;ic\u00f4nes sociales \u00e0 Webnode<\/title>\n<meta name=\"description\" content=\"Testez d\u00e8s maintenant nos ic\u00f4nes de r\u00e9seaux sociaux pour Webnode. D\u00e9finissez vos ic\u00f4nes personnalis\u00e9es pour votre site Web en quelques minutes seulement\u00a0!\" \/>\n<meta name=\"robots\" content=\"index, follow, max-snippet:-1, max-image-preview:large, max-video-preview:-1\" \/>\n<link rel=\"canonical\" href=\"https:\/\/elfsight.com\/fr\/social-media-icons-widget\/webnode\/\" \/>\n<meta property=\"og:locale\" content=\"fr_FR\" \/>\n<meta property=\"og:type\" content=\"article\" \/>\n<meta property=\"og:title\" content=\"Ic\u00f4nes de m\u00e9dias sociaux - Ajouter un widget d&#039;ic\u00f4nes sociales \u00e0 Webnode\" \/>\n<meta property=\"og:description\" content=\"Testez d\u00e8s maintenant nos ic\u00f4nes de r\u00e9seaux sociaux pour Webnode. D\u00e9finissez vos ic\u00f4nes personnalis\u00e9es pour votre site Web en quelques minutes seulement\u00a0!\" \/>\n<meta property=\"og:url\" content=\"https:\/\/elfsight.com\/fr\/social-media-icons-widget\/webnode\/\" \/>\n<meta property=\"og:site_name\" content=\"Elfsight FR\" \/>\n<meta property=\"article:modified_time\" content=\"2025-07-10T13:31:05+00:00\" \/>\n<meta name=\"twitter:card\" content=\"summary_large_image\" \/>\n<meta name=\"twitter:label1\" content=\"Dur\u00e9e de lecture estim\u00e9e\" \/>\n\t<meta name=\"twitter:data1\" content=\"3 minutes\" \/>\n<!-- \/ Yoast SEO plugin. -->","yoast_head_json":{"title":"Ic\u00f4nes de m\u00e9dias sociaux - Ajouter un widget d'ic\u00f4nes sociales \u00e0 Webnode","description":"Testez d\u00e8s maintenant nos ic\u00f4nes de r\u00e9seaux sociaux pour Webnode. D\u00e9finissez vos ic\u00f4nes personnalis\u00e9es pour votre site Web en quelques minutes seulement\u00a0!","robots":{"index":"index","follow":"follow","max-snippet":"max-snippet:-1","max-image-preview":"max-image-preview:large","max-video-preview":"max-video-preview:-1"},"canonical":"https:\/\/elfsight.com\/fr\/social-media-icons-widget\/webnode\/","og_locale":"fr_FR","og_type":"article","og_title":"Ic\u00f4nes de m\u00e9dias sociaux - Ajouter un widget d'ic\u00f4nes sociales \u00e0 Webnode","og_description":"Testez d\u00e8s maintenant nos ic\u00f4nes de r\u00e9seaux sociaux pour Webnode. D\u00e9finissez vos ic\u00f4nes personnalis\u00e9es pour votre site Web en quelques minutes seulement\u00a0!","og_url":"https:\/\/elfsight.com\/fr\/social-media-icons-widget\/webnode\/","og_site_name":"Elfsight FR","article_modified_time":"2025-07-10T13:31:05+00:00","twitter_card":"summary_large_image","twitter_misc":{"Dur\u00e9e de lecture estim\u00e9e":"3 minutes"},"schema":{"@context":"https:\/\/schema.org","@graph":[{"@type":"WebPage","@id":"https:\/\/elfsight.com\/fr\/social-media-icons-widget\/webnode\/","url":"https:\/\/elfsight.com\/fr\/social-media-icons-widget\/webnode\/","name":"Ic\u00f4nes de m\u00e9dias sociaux - Ajouter un widget d'ic\u00f4nes sociales \u00e0 Webnode","isPartOf":{"@id":"https:\/\/elfsight.com\/fr\/#website"},"datePublished":"2024-05-03T06:48:20+00:00","dateModified":"2025-07-10T13:31:05+00:00","description":"Testez d\u00e8s maintenant nos ic\u00f4nes de r\u00e9seaux sociaux pour Webnode. D\u00e9finissez vos ic\u00f4nes personnalis\u00e9es pour votre site Web en quelques minutes seulement\u00a0!","breadcrumb":{"@id":"https:\/\/elfsight.com\/fr\/social-media-icons-widget\/webnode\/#breadcrumb"},"inLanguage":"fr-FR","potentialAction":[{"@type":"ReadAction","target":["https:\/\/elfsight.com\/fr\/social-media-icons-widget\/webnode\/"]}]},{"@type":"BreadcrumbList","@id":"https:\/\/elfsight.com\/fr\/social-media-icons-widget\/webnode\/#breadcrumb","itemListElement":[{"@type":"ListItem","position":1,"name":"Home","item":"https:\/\/elfsight.com\/fr\/"},{"@type":"ListItem","position":2,"name":"Social Media Icons","item":"https:\/\/elfsight.com\/fr\/social-media-icons-widget\/"},{"@type":"ListItem","position":3,"name":"Social Media Icons &#8211; Webnode"}]},{"@type":"WebSite","@id":"https:\/\/elfsight.com\/fr\/#website","url":"https:\/\/elfsight.com\/fr\/","name":"Elfsight FR","description":"","potentialAction":[{"@type":"SearchAction","target":{"@type":"EntryPoint","urlTemplate":"https:\/\/elfsight.com\/fr\/?s={search_term_string}"},"query-input":{"@type":"PropertyValueSpecification","valueRequired":true,"valueName":"search_term_string"}}],"inLanguage":"fr-FR"}]}},"meta_box":{"industry":"","seo_heading":"","heading":"","description":"","cta_heading":"","cta_description":"","application":"2341","h1":"Ic\u00f4nes de m\u00e9dias sociaux pour Webnode","h1_caption":"Ajoutez des ic\u00f4nes qui renvoient \u00e0 vos profils de r\u00e9seaux sociaux, permettant ainsi aux visiteurs de se connecter facilement avec vous sur toutes les plateformes de votre site Web Webnode, sans effort.","application_category":[],"applications_title":"","applications_request_title":"","applications_request_button_text":"","hero_text":"","hero_video":"","hero_video_schema_markup":"","selling_points_title":"","selling_points_caption":"","selling_points":[],"selling_points_cta_text":"","features_title":"","features":"","ed_cta_examples_text":"","ed_cta_examples_hidden":"","ed_cta_demo_text":"","ed_cta_demo_hidden":"","why_caption":"","why_editor_title":"","why_editor_text":"","why_team_title":"","why_team_text":"","why_service_title":"","why_service_text":"","template_catalog_visible":"","template_catalog_title":"","template_catalog_text":"","template_catalog_categories_visible":"","demo_title":"Cr\u00e9ez votre widget Ic\u00f4nes de m\u00e9dias sociaux","demo_caption":"Configurez vos ic\u00f4nes de r\u00e9seaux sociaux et ajoutez-les \u00e0 votre site Webnode gratuitement !","default_faq_hidden":"","app_template_category":[],"platform":"364","template_public_id":"","codecanyon_url":"","codecanyon_item_id":"","codecanyon_price":"","pricing_caption":"","pricing_elfsight_apps_hide_column":"","pricing_elfsight_apps_url":"","pricing_codecanyon_price_caption":"","integration_category":[],"integration_request_title":"","integration_request_cta":"","integration_platform":"","integrations":[],"platform_category":[],"video_schema_markup":"","price":"\u00e0 partir de 3,99$\/mois","trial":"","benefits":[{"text":"Aide \u00e0 l'installation gratuite"},{"text":"Support client exp\u00e9riment\u00e9"},{"text":"Garantie de remboursement de 14 jours"},{"text":"Am\u00e9liorations futures"}],"button_url":"#demo","button_target_blank":"","button_nofollow":"","attributes":[{"name":"Installations","content":"10,000 - 100,000"},{"name":"Sensible","content":"Oui"},{"name":"Navigateurs compatibles","content":"Firefox, Safari, Opera, Chrome, Edge"}],"tags":[],"tags_disable_links":"","hide_more_platforms":"","video_object":"","demo_hide_cta":"","demo_hide_cloud_options":"","pricing_title":"","pricing":[{"pricing_icon":"platform","pricing_title":"Elfsight Apps","pricing_title_caption":"Logiciel multiplateforme qui fonctionne sur n'importe quel site Web","pricing_price":"from $0 \/ month","pricing_price_caption":"commencez avec un forfait gratuit","pricing_benefits":[{"text":"Domaines illimit\u00e9s"},{"text":"Accompagnement d\u00e9di\u00e9 de l'entreprise"},{"text":"Service d'installation gratuit"},{"text":"Tr\u00e8s bonne affaire pour plusieurs applications"}],"pricing_button_text":"Ajouter au site Web","pricing_button_url":"#demo"}],"related_apps_title":"","related_apps_hidden":"","author":"","image":[],"title":"","job":"","social_networks":[]},"_links":{"self":[{"href":"https:\/\/elfsight.com\/fr\/wp-json\/wp\/v2\/pages\/13813","targetHints":{"allow":["GET"]}}],"collection":[{"href":"https:\/\/elfsight.com\/fr\/wp-json\/wp\/v2\/pages"}],"about":[{"href":"https:\/\/elfsight.com\/fr\/wp-json\/wp\/v2\/types\/page"}],"author":[{"embeddable":true,"href":"https:\/\/elfsight.com\/fr\/wp-json\/wp\/v2\/users\/9"}],"replies":[{"embeddable":true,"href":"https:\/\/elfsight.com\/fr\/wp-json\/wp\/v2\/comments?post=13813"}],"version-history":[{"count":1,"href":"https:\/\/elfsight.com\/fr\/wp-json\/wp\/v2\/pages\/13813\/revisions"}],"predecessor-version":[{"id":13817,"href":"https:\/\/elfsight.com\/fr\/wp-json\/wp\/v2\/pages\/13813\/revisions\/13817"}],"up":[{"embeddable":true,"href":"https:\/\/elfsight.com\/fr\/wp-json\/wp\/v2\/pages\/2342"}],"wp:attachment":[{"href":"https:\/\/elfsight.com\/fr\/wp-json\/wp\/v2\/media?parent=13813"}],"curies":[{"name":"wp","href":"https:\/\/api.w.org\/{rel}","templated":true}]}}