{"id":13812,"date":"2024-05-03T06:48:10","date_gmt":"2024-05-03T06:48:10","guid":{"rendered":"https:\/\/elfsight.com\/fr\/?page_id=13812"},"modified":"2025-07-10T13:30:14","modified_gmt":"2025-07-10T13:30:14","slug":"godaddy","status":"publish","type":"page","link":"https:\/\/elfsight.com\/fr\/social-media-icons-widget\/godaddy\/","title":{"rendered":"Social Media Icons &#8211; GoDaddy"},"content":{"rendered":"<div class=\"application-platform-content-item-description application-platform-content-item\" id=\"description\" data-nav-section=\"description\"> <h2>Int\u00e9grez des ic\u00f4nes de r\u00e9seaux sociaux sur GoDaddy avec le widget Elfsight<\/h2> <p>Elfsight Social Media Icons est un plugin simple pour GoDaddy vous permettant placer sur un site Web les ic\u00f4nes des m\u00e9dias sociaux, l\u00e0 o\u00f9 votre entreprise est la plus active. Installez ce plugin avec des ic\u00f4nes illimit\u00e9es et votre public aura une nouvelle fa\u00e7on de rester en contact et de devenir vos abonn\u00e9s. Le plugin Elfsight Social Media Icons offre une personnalisation \u00e9tendue qui vous aidera \u00e0 cr\u00e9er un plugin parfait adapt\u00e9 \u00e0 votre cas d&rsquo;utilisation.<\/p> <p><b>Communication client accrue gr\u00e2ce \u00e0 l&rsquo;affichage de moyens de contact plus rapides\u00a0!<\/b><\/p> <\/div> <div class=\"application-platform-content-item-features application-platform-content-item\" id=\"features\" data-nav-section=\"features\"> <h2>Le plugin inclut des fonctionnalit\u00e9s pratiques et simples, en voici quelques-unes\u00a0: <\/h2> <ul><li>3 jeux de couleurs pour les ic\u00f4nes, l&rsquo;arri\u00e8re-plan et effet de survol<\/li><li>Opacit\u00e9 r\u00e9glable des ic\u00f4nes<\/li><li>Mises \u00e0 jour r\u00e9guli\u00e8res en direct disponibles<\/li><li>\u00c9diteur pratique sans codage requis<\/li><li>Support premium par une \u00e9quipe professionnelle<\/li><\/ul><p><a href=\"#demo\">Testez tous les param\u00e8tres dans la d\u00e9mo compl\u00e8te<\/a><\/p> <\/div> <div class=\"application-platform-content-item-installation application-platform-content-item\" id=\"installation\" data-nav-section=\"installation\"> <h2>Comment ajouter des ic\u00f4nes de r\u00e9seaux sociaux \u00e0 mon site GoDaddy ? <\/h2> <p>Suivez simplement les instructions ci-dessous pour int\u00e9grer le plugin. <\/p> <ol><li><b>Utilisez notre \u00e9diteur gratuit et commencez \u00e0 cr\u00e9er votre plugin personnalis\u00e9. <\/b><br> Sp\u00e9cifiez l&rsquo;interface et les options appropri\u00e9es du plugin et appliquez les modifications. <\/li> <li><b>Copiez votre code individuel r\u00e9v\u00e9l\u00e9 dans la case sur les applications Elfsight. <\/b><br> Une fois la configuration de votre plugin termin\u00e9e, copiez le code individuel de la bo\u00eete qui appara\u00eet et conservez-le pour une utilisation ult\u00e9rieure. <\/li> <li><b>Lancez l&rsquo;utilisation du plugin sur le site Web GoDaddy. <\/b><br> Int\u00e9grez le code copi\u00e9 r\u00e9cemment dans votre site internet et enregistrez les corrections. <\/li> <li><b>Fait\u00a0! L&rsquo;int\u00e9gration est enti\u00e8rement termin\u00e9e. <\/b><br> Visitez votre site Web pour inspecter le fonctionnement du plugin. <\/li><\/ol> <div class=\"tip-yellow tip\"><b>En raison des particularit\u00e9s de l&rsquo;affichage des insertions personnalis\u00e9es avec du code, les mod\u00e8les flottants peuvent avoir un aspect diff\u00e9rent de la d\u00e9mo en ligne. Veuillez prendre votre temps pour tester vos widgets.<\/b><\/div><p>Si vous avez des questions ou rencontrez des probl\u00e8mes, veuillez contacter notre \u00e9quipe de service client. Nos sp\u00e9cialistes ont h\u00e2te de r\u00e9soudre toutes les difficult\u00e9s que vous pourriez rencontrer avec le plugin. <\/p> <\/div><div class=\"faq\" data-component=\"FAQ\"><div class=\"faq-item\">\r\n\t\t\t\t\t<div class=\"faq-item-question\">\r\n\t\t\t\t\t\t<h3 class=\"faq-item-question-text\">De quelle mani\u00e8re puis-je ajouter des ic\u00f4nes de r\u00e9seaux sociaux \u00e0 ma page Web GoDaddy sans coder ?<\/h3>\r\n\r\n\t\t\t\t\t\t<div class=\"faq-item-question-icon\"><\/div>\r\n\t\t\t\t\t<\/div>\r\n\r\n\t\t\t\t\t<div class=\"faq-item-answer\">\r\n\t\t\t\t\t\t<div class=\"faq-item-answer-text\"><p>Soci\u00e9t\u00e9 Elfsight fournit une solution Cloud qui permet aux utilisateurs de cr\u00e9er vous-m\u00eame un plug-in d&rsquo;ic\u00f4nes de m\u00e9dias sociaux. Regardez le guide simple\u00a0: <\/p><ul><li>Travailler directement dans l&rsquo;\u00e9diteur en ligne pour cr\u00e9er un plug-in d&rsquo;ic\u00f4nes de m\u00e9dias sociaux que vous souhaitez ajouter sur GoDaddy. site.<\/li><li>Cliquez sur l&rsquo;un des mod\u00e8les pr\u00e9d\u00e9finis et modifiez les param\u00e8tres des ic\u00f4nes de m\u00e9dias sociaux, mettez \u00e0 jour votre contenu, changez la mise en page et la palette de couleurs sans aucune comp\u00e9tence en codage.<\/li><li>Cliquez pour enregistrer les ic\u00f4nes de m\u00e9dias sociaux et copiez son code d&rsquo;installation, qui peut \u00eatre facilement coll\u00e9 gratuitement sur le site Web de GoDaddy.<\/li><\/ul><p>\u00c0 l&rsquo;aide de notre \u00e9diteur facile \u00e0 utiliser, tout utilisateur Web peut cr\u00e9er des ic\u00f4nes de m\u00e9dias sociaux et collez-le facilement sur la page d&rsquo;accueil de GoDaddy. Vous ne devez pas payer ni soumettre les informations d\u2019identification de votre carte pour acc\u00e9der au service Elfsight. Si vous rencontrez des probl\u00e8mes \u00e0 n&rsquo;importe quelle \u00e9tape, n&rsquo;h\u00e9sitez pas \u00e0 parler \u00e0 notre support technique client.<\/p><\/div>\r\n\t\t\t\t\t<\/div>\r\n\t\t\t\t<\/div><\/div>","protected":false},"excerpt":{"rendered":"","protected":false},"author":9,"featured_media":0,"parent":2342,"menu_order":0,"comment_status":"closed","ping_status":"closed","template":"templates\/template-application-platform.php","meta":{"publish_to_discourse":"","publish_post_category":"","wpdc_auto_publish_overridden":"","wpdc_topic_tags":"","wpdc_pin_topic":"","wpdc_pin_until":"","discourse_post_id":"","discourse_permalink":"","wpdc_publishing_response":"","wpdc_publishing_error":"","footnotes":""},"class_list":["post-13812","page","type-page","status-publish","hentry"],"yoast_head":"<!-- This site is optimized with the Yoast SEO plugin v25.3.1 - https:\/\/yoast.com\/wordpress\/plugins\/seo\/ -->\n<title>Ic\u00f4nes de m\u00e9dias sociaux - Ajoutez le plugin d&#039;ic\u00f4nes sociales au site Web GoDaddy\u00a0!<\/title>\n<meta name=\"description\" content=\"Am\u00e9liorez les fonctionnalit\u00e9s de votre site Web GoDaddy avec un plugin r\u00e9actif d&#039;ic\u00f4nes de m\u00e9dias sociaux d&#039;Elfsight. Boostez votre business en 1-2-3 !\" \/>\n<meta name=\"robots\" content=\"index, follow, max-snippet:-1, max-image-preview:large, max-video-preview:-1\" \/>\n<link rel=\"canonical\" href=\"https:\/\/elfsight.com\/fr\/social-media-icons-widget\/godaddy\/\" \/>\n<meta property=\"og:locale\" content=\"fr_FR\" \/>\n<meta property=\"og:type\" content=\"article\" \/>\n<meta property=\"og:title\" content=\"Ic\u00f4nes de m\u00e9dias sociaux - Ajoutez le plugin d&#039;ic\u00f4nes sociales au site Web GoDaddy\u00a0!\" \/>\n<meta property=\"og:description\" content=\"Am\u00e9liorez les fonctionnalit\u00e9s de votre site Web GoDaddy avec un plugin r\u00e9actif d&#039;ic\u00f4nes de m\u00e9dias sociaux d&#039;Elfsight. Boostez votre business en 1-2-3 !\" \/>\n<meta property=\"og:url\" content=\"https:\/\/elfsight.com\/fr\/social-media-icons-widget\/godaddy\/\" \/>\n<meta property=\"og:site_name\" content=\"Elfsight FR\" \/>\n<meta property=\"article:modified_time\" content=\"2025-07-10T13:30:14+00:00\" \/>\n<meta name=\"twitter:card\" content=\"summary_large_image\" \/>\n<meta name=\"twitter:label1\" content=\"Dur\u00e9e de lecture estim\u00e9e\" \/>\n\t<meta name=\"twitter:data1\" content=\"3 minutes\" \/>\n<!-- \/ Yoast SEO plugin. -->","yoast_head_json":{"title":"Ic\u00f4nes de m\u00e9dias sociaux - Ajoutez le plugin d'ic\u00f4nes sociales au site Web GoDaddy\u00a0!","description":"Am\u00e9liorez les fonctionnalit\u00e9s de votre site Web GoDaddy avec un plugin r\u00e9actif d'ic\u00f4nes de m\u00e9dias sociaux d'Elfsight. Boostez votre business en 1-2-3 !","robots":{"index":"index","follow":"follow","max-snippet":"max-snippet:-1","max-image-preview":"max-image-preview:large","max-video-preview":"max-video-preview:-1"},"canonical":"https:\/\/elfsight.com\/fr\/social-media-icons-widget\/godaddy\/","og_locale":"fr_FR","og_type":"article","og_title":"Ic\u00f4nes de m\u00e9dias sociaux - Ajoutez le plugin d'ic\u00f4nes sociales au site Web GoDaddy\u00a0!","og_description":"Am\u00e9liorez les fonctionnalit\u00e9s de votre site Web GoDaddy avec un plugin r\u00e9actif d'ic\u00f4nes de m\u00e9dias sociaux d'Elfsight. Boostez votre business en 1-2-3 !","og_url":"https:\/\/elfsight.com\/fr\/social-media-icons-widget\/godaddy\/","og_site_name":"Elfsight FR","article_modified_time":"2025-07-10T13:30:14+00:00","twitter_card":"summary_large_image","twitter_misc":{"Dur\u00e9e de lecture estim\u00e9e":"3 minutes"},"schema":{"@context":"https:\/\/schema.org","@graph":[{"@type":"WebPage","@id":"https:\/\/elfsight.com\/fr\/social-media-icons-widget\/godaddy\/","url":"https:\/\/elfsight.com\/fr\/social-media-icons-widget\/godaddy\/","name":"Ic\u00f4nes de m\u00e9dias sociaux - Ajoutez le plugin d'ic\u00f4nes sociales au site Web GoDaddy\u00a0!","isPartOf":{"@id":"https:\/\/elfsight.com\/fr\/#website"},"datePublished":"2024-05-03T06:48:10+00:00","dateModified":"2025-07-10T13:30:14+00:00","description":"Am\u00e9liorez les fonctionnalit\u00e9s de votre site Web GoDaddy avec un plugin r\u00e9actif d'ic\u00f4nes de m\u00e9dias sociaux d'Elfsight. Boostez votre business en 1-2-3 !","breadcrumb":{"@id":"https:\/\/elfsight.com\/fr\/social-media-icons-widget\/godaddy\/#breadcrumb"},"inLanguage":"fr-FR","potentialAction":[{"@type":"ReadAction","target":["https:\/\/elfsight.com\/fr\/social-media-icons-widget\/godaddy\/"]}]},{"@type":"BreadcrumbList","@id":"https:\/\/elfsight.com\/fr\/social-media-icons-widget\/godaddy\/#breadcrumb","itemListElement":[{"@type":"ListItem","position":1,"name":"Home","item":"https:\/\/elfsight.com\/fr\/"},{"@type":"ListItem","position":2,"name":"Social Media Icons","item":"https:\/\/elfsight.com\/fr\/social-media-icons-widget\/"},{"@type":"ListItem","position":3,"name":"Social Media Icons &#8211; GoDaddy"}]},{"@type":"WebSite","@id":"https:\/\/elfsight.com\/fr\/#website","url":"https:\/\/elfsight.com\/fr\/","name":"Elfsight FR","description":"","potentialAction":[{"@type":"SearchAction","target":{"@type":"EntryPoint","urlTemplate":"https:\/\/elfsight.com\/fr\/?s={search_term_string}"},"query-input":{"@type":"PropertyValueSpecification","valueRequired":true,"valueName":"search_term_string"}}],"inLanguage":"fr-FR"}]}},"meta_box":{"industry":"","seo_heading":"","heading":"","description":"","cta_heading":"","cta_description":"","application":"2341","h1":"Plugin d'ic\u00f4nes de m\u00e9dias sociaux GoDaddy","h1_caption":"Ajoutez des ic\u00f4nes qui renvoient \u00e0 vos profils de r\u00e9seaux sociaux, permettant ainsi aux visiteurs de se connecter facilement avec vous sur toutes les plateformes de votre site Web GoDaddy.","application_category":[],"applications_title":"","applications_request_title":"","applications_request_button_text":"","hero_text":"","hero_video":"","hero_video_schema_markup":"","selling_points_title":"","selling_points_caption":"","selling_points":[],"selling_points_cta_text":"","features_title":"","features":"","ed_cta_examples_text":"","ed_cta_examples_hidden":"","ed_cta_demo_text":"","ed_cta_demo_hidden":"","why_caption":"","why_editor_title":"","why_editor_text":"","why_team_title":"","why_team_text":"","why_service_title":"","why_service_text":"","template_catalog_visible":"","template_catalog_title":"","template_catalog_text":"","template_catalog_categories_visible":"","demo_title":"Cr\u00e9ez votre plugin d'ic\u00f4nes de m\u00e9dias sociaux","demo_caption":"Configurez vos ic\u00f4nes de r\u00e9seaux sociaux et ajoutez-les gratuitement \u00e0 votre site Web GoDaddy\u00a0!","default_faq_hidden":"","app_template_category":[],"platform":"370","template_public_id":"","codecanyon_url":"","codecanyon_item_id":"","codecanyon_price":"","pricing_caption":"","pricing_elfsight_apps_hide_column":"","pricing_elfsight_apps_url":"","pricing_codecanyon_price_caption":"","integration_category":[],"integration_request_title":"","integration_request_cta":"","integration_platform":"","integrations":[],"platform_category":[],"video_schema_markup":"","price":"\u00e0 partir de 0$ \/ mois","trial":"","benefits":[{"text":"Service d'installation gratuit"},{"text":"Service client efficace"},{"text":"Garantie de remboursement de 14 jours"},{"text":"Mise \u00e0 jour constante"}],"button_url":"#demo","button_target_blank":"","button_nofollow":"","attributes":[{"name":"Installations","content":"10,000 - 100,000"},{"name":"Sensible","content":"Oui"},{"name":"Navigateurs compatibles","content":"IE11, Firefox, Safari, Opera, Chrome, Edge"}],"tags":[],"tags_disable_links":"","hide_more_platforms":"","video_object":"","demo_hide_cta":"","demo_hide_cloud_options":"","pricing_title":"","pricing":[{"pricing_icon":"platform","pricing_title":"Elfsight Apps","pricing_title_caption":"Logiciel ind\u00e9pendant de la plate-forme","pricing_price":"from $0 \/ month","pricing_price_caption":"commencez avec un forfait gratuit","pricing_benefits":[{"text":"Sites Web illimit\u00e9s"},{"text":"Assistance professionnelle, ponctuelle et bien document\u00e9e"},{"text":"Aide \u00e0 l'installation gratuite"},{"text":"Enti\u00e8rement personnalisable"}],"pricing_button_text":"Ajouter au site Web","pricing_button_url":"#demo"}],"related_apps_title":"","related_apps_hidden":"","author":"","image":[],"title":"","job":"","social_networks":[]},"_links":{"self":[{"href":"https:\/\/elfsight.com\/fr\/wp-json\/wp\/v2\/pages\/13812","targetHints":{"allow":["GET"]}}],"collection":[{"href":"https:\/\/elfsight.com\/fr\/wp-json\/wp\/v2\/pages"}],"about":[{"href":"https:\/\/elfsight.com\/fr\/wp-json\/wp\/v2\/types\/page"}],"author":[{"embeddable":true,"href":"https:\/\/elfsight.com\/fr\/wp-json\/wp\/v2\/users\/9"}],"replies":[{"embeddable":true,"href":"https:\/\/elfsight.com\/fr\/wp-json\/wp\/v2\/comments?post=13812"}],"version-history":[{"count":1,"href":"https:\/\/elfsight.com\/fr\/wp-json\/wp\/v2\/pages\/13812\/revisions"}],"predecessor-version":[{"id":13816,"href":"https:\/\/elfsight.com\/fr\/wp-json\/wp\/v2\/pages\/13812\/revisions\/13816"}],"up":[{"embeddable":true,"href":"https:\/\/elfsight.com\/fr\/wp-json\/wp\/v2\/pages\/2342"}],"wp:attachment":[{"href":"https:\/\/elfsight.com\/fr\/wp-json\/wp\/v2\/media?parent=13812"}],"curies":[{"name":"wp","href":"https:\/\/api.w.org\/{rel}","templated":true}]}}