{"id":13796,"date":"2024-05-03T06:46:40","date_gmt":"2024-05-03T06:46:40","guid":{"rendered":"https:\/\/elfsight.com\/fr\/?page_id=13796"},"modified":"2025-07-10T13:16:57","modified_gmt":"2025-07-10T13:16:57","slug":"joomla","status":"publish","type":"page","link":"https:\/\/elfsight.com\/fr\/rss-feed-widget\/joomla\/","title":{"rendered":"RSS Feed &#8211; Joomla"},"content":{"rendered":"<div class=\"application-platform-content-item-description application-platform-content-item\" id=\"description\" data-nav-section=\"description\"> <h2>Description<\/h2> <p>Elfsight RSS Feed pour Joomla est une extension exclusive pour promouvoir les \u00e9motions et les exp\u00e9riences. Avec lui, vous pouvez cr\u00e9er un flux personnalis\u00e9 compos\u00e9 du contenu de nombreux sites d&rsquo;information &#8211; et le pr\u00e9senter directement sur votre site Web. Profitez du contr\u00f4le total sur un contenu affich\u00e9 et d\u00e9barrassez-vous du spam et de tout contenu ind\u00e9sirable gr\u00e2ce \u00e0 la mod\u00e9ration manuelle. Le configurateur en ligne enti\u00e8rement r\u00e9actif vous propose plusieurs mod\u00e8les \u00e0 s\u00e9lectionner. <\/p> <p><b>Avec le flux RSS, d\u00e9veloppez votre activit\u00e9 plus rapidement et am\u00e9liorez vos ventes <\/b><\/p> <\/div> <div class=\"application-platform-content-item-features application-platform-content-item\" id=\"features\" data-nav-section=\"features\"> <h2>Ce ne sont que quelques-uns des large \u00e9ventail de fonctionnalit\u00e9s\u00a0: <\/h2> <ul><li>Couvrez la section de t\u00eate pour donner \u00e0 l&rsquo;outil un aspect minimaliste. <\/li><li>\u00c9liminez tout spam et contenu ind\u00e9sirable via le mode de mod\u00e9ration manuelle. <\/li><li>Choisissez l&rsquo;une des six mises en page pr\u00e9sentes\u00a0: Slider, Collage, Grid, Masonry, List, Carousel. <\/li><li>Permettez que vos messages soient affich\u00e9s dans une fen\u00eatre contextuelle. <\/li><\/ul><p><a href=\"#demo\">Explorez toutes les fonctionnalit\u00e9s de personnalisation dans une d\u00e9mo enti\u00e8rement fonctionnelle<\/a><\/p> <\/div> <div class=\"application-platform-content-item-installation application-platform-content-item\" id=\"installation\" data-nav-section=\"installation\"> <h2>Comment ajouter un flux RSS \u00e0 mon site Joomla\u00a0? <\/h2> <p>Suivez simplement les instructions ci-dessous pour commencer \u00e0 travailler avec l&rsquo;extension. <\/p> <ol><li><b>Lancez notre d\u00e9mo gratuite et commencez \u00e0 fa\u00e7onner votre extension personnalis\u00e9e. <\/b><br> Choisissez la disposition et les sp\u00e9cifications souhait\u00e9es de l&rsquo;outil et enregistrez les modifications. <\/li> <li><b>Recevez le code unique qui s&rsquo;affiche dans la fen\u00eatre des applications Elfsight. <\/b><br> Une fois la configuration de votre extension termin\u00e9e, copiez le code exclusif dans la case qui appara\u00eet et conservez-le pour une utilisation ult\u00e9rieure. <\/li> <li><b>Initiez l&rsquo;utilisation du widget sur votre site Web Joomla. <\/b><br> Placez le code copi\u00e9 r\u00e9cemment dans votre site Web et appliquez les modifications. <\/li> <li><b>Vous avez termin\u00e9\u00a0! L&rsquo;int\u00e9gration est r\u00e9ussie. <\/b><br> Acc\u00e9dez \u00e0 votre page pour inspecter le fonctionnement de l&rsquo;outil. <\/li><\/ol> <p>Si vous rencontrez des difficult\u00e9s, n&rsquo;h\u00e9sitez pas \u00e0 demander l&rsquo;aide de notre service client. Nos sp\u00e9cialistes sont impatients de vous aider avec toutes les difficult\u00e9s que vous pourriez rencontrer avec l&rsquo;extension. <\/p> <\/div><div class=\"faq\" data-component=\"FAQ\"><div class=\"faq-item\">\r\n\t\t\t\t\t<div class=\"faq-item-question\">\r\n\t\t\t\t\t\t<h3 class=\"faq-item-question-text\">Comment int\u00e9grer un flux RSS sur mon site Joomla sans comp\u00e9tences en codage ?<\/h3>\r\n\r\n\t\t\t\t\t\t<div class=\"faq-item-question-icon\"><\/div>\r\n\t\t\t\t\t<\/div>\r\n\r\n\t\t\t\t\t<div class=\"faq-item-answer\">\r\n\t\t\t\t\t\t<div class=\"faq-item-answer-text\"><p>La soci\u00e9t\u00e9 Elfsight propose une solution qui permet aux utilisateurs de cr\u00e9er eux-m\u00eames un widget de flux RSS. D\u00e9couvrez les \u00e9tapes simples\u00a0: <\/p><ul><li>Travailler directement dans la d\u00e9mo en direct pour cr\u00e9er un plugin de flux RSS que vous souhaitez voir appara\u00eetre sur la page d&rsquo;accueil de Joomla.<\/li> <li>Cliquez sur l&rsquo;un des mod\u00e8les pr\u00eats \u00e0 l&#8217;emploi et modifiez les param\u00e8tres du flux RSS, incluez votre contenu, modifiez la mise en page et les couleurs sans aucune exp\u00e9rience en mati\u00e8re de codage.<\/li><li>Cliquez pour enregistrer les param\u00e8tres que vous avez d\u00e9finis dans RSS. Alimentez et obtenez le code d&rsquo;installation, que vous pouvez facilement inclure dans n&rsquo;importe quel site Joomla dans le cadre d&rsquo;un plan gratuit.<\/li><\/ul><p>En travaillant dans notre configurateur convivial, tout utilisateur Web peut cr\u00e9er une section de flux RSS et l&rsquo;inclure. vers n\u2019importe quelle page Web Joomla. Il n\u2019est pas n\u00e9cessaire de payer ou de divulguer les informations d\u2019identification de votre carte pour acc\u00e9der \u00e0 notre service. Si vous rencontrez des obstacles \u00e0 un moment donn\u00e9, n&rsquo;h\u00e9sitez pas \u00e0 contacter notre \u00e9quipe d&rsquo;assistance.<\/p><\/div>\r\n\t\t\t\t\t<\/div>\r\n\t\t\t\t<\/div><\/div>","protected":false},"excerpt":{"rendered":"","protected":false},"author":9,"featured_media":0,"parent":3330,"menu_order":0,"comment_status":"closed","ping_status":"closed","template":"templates\/template-application-platform.php","meta":{"publish_to_discourse":"","publish_post_category":"","wpdc_auto_publish_overridden":"","wpdc_topic_tags":"","wpdc_pin_topic":"","wpdc_pin_until":"","discourse_post_id":"","discourse_permalink":"","wpdc_publishing_response":"","wpdc_publishing_error":"","footnotes":""},"class_list":["post-13796","page","type-page","status-publish","hentry"],"yoast_head":"<!-- This site is optimized with the Yoast SEO plugin v25.3.1 - https:\/\/yoast.com\/wordpress\/plugins\/seo\/ -->\n<title>Ajoutez l&#039;extension de flux RSS au site Web Joomla (rapide et gratuit)<\/title>\n<meta name=\"description\" content=\"Ajoutez un plugin de flux RSS facile \u00e0 g\u00e9rer sur votre site Web Joomla. Utilisez la d\u00e9mo pratique d&#039;Elfsight et modifiez votre flux RSS unique en quelques minutes.\" \/>\n<meta name=\"robots\" content=\"index, follow, max-snippet:-1, max-image-preview:large, max-video-preview:-1\" \/>\n<link rel=\"canonical\" href=\"https:\/\/elfsight.com\/fr\/rss-feed-widget\/joomla\/\" \/>\n<meta property=\"og:locale\" content=\"fr_FR\" \/>\n<meta property=\"og:type\" content=\"article\" \/>\n<meta property=\"og:title\" content=\"Ajoutez l&#039;extension de flux RSS au site Web Joomla (rapide et gratuit)\" \/>\n<meta property=\"og:description\" content=\"Ajoutez un plugin de flux RSS facile \u00e0 g\u00e9rer sur votre site Web Joomla. Utilisez la d\u00e9mo pratique d&#039;Elfsight et modifiez votre flux RSS unique en quelques minutes.\" \/>\n<meta property=\"og:url\" content=\"https:\/\/elfsight.com\/fr\/rss-feed-widget\/joomla\/\" \/>\n<meta property=\"og:site_name\" content=\"Elfsight FR\" \/>\n<meta property=\"article:modified_time\" content=\"2025-07-10T13:16:57+00:00\" \/>\n<meta name=\"twitter:card\" content=\"summary_large_image\" \/>\n<meta name=\"twitter:label1\" content=\"Dur\u00e9e de lecture estim\u00e9e\" \/>\n\t<meta name=\"twitter:data1\" content=\"3 minutes\" \/>\n<!-- \/ Yoast SEO plugin. -->","yoast_head_json":{"title":"Ajoutez l'extension de flux RSS au site Web Joomla (rapide et gratuit)","description":"Ajoutez un plugin de flux RSS facile \u00e0 g\u00e9rer sur votre site Web Joomla. Utilisez la d\u00e9mo pratique d'Elfsight et modifiez votre flux RSS unique en quelques minutes.","robots":{"index":"index","follow":"follow","max-snippet":"max-snippet:-1","max-image-preview":"max-image-preview:large","max-video-preview":"max-video-preview:-1"},"canonical":"https:\/\/elfsight.com\/fr\/rss-feed-widget\/joomla\/","og_locale":"fr_FR","og_type":"article","og_title":"Ajoutez l'extension de flux RSS au site Web Joomla (rapide et gratuit)","og_description":"Ajoutez un plugin de flux RSS facile \u00e0 g\u00e9rer sur votre site Web Joomla. Utilisez la d\u00e9mo pratique d'Elfsight et modifiez votre flux RSS unique en quelques minutes.","og_url":"https:\/\/elfsight.com\/fr\/rss-feed-widget\/joomla\/","og_site_name":"Elfsight FR","article_modified_time":"2025-07-10T13:16:57+00:00","twitter_card":"summary_large_image","twitter_misc":{"Dur\u00e9e de lecture estim\u00e9e":"3 minutes"},"schema":{"@context":"https:\/\/schema.org","@graph":[{"@type":"WebPage","@id":"https:\/\/elfsight.com\/fr\/rss-feed-widget\/joomla\/","url":"https:\/\/elfsight.com\/fr\/rss-feed-widget\/joomla\/","name":"Ajoutez l'extension de flux RSS au site Web Joomla (rapide et gratuit)","isPartOf":{"@id":"https:\/\/elfsight.com\/fr\/#website"},"datePublished":"2024-05-03T06:46:40+00:00","dateModified":"2025-07-10T13:16:57+00:00","description":"Ajoutez un plugin de flux RSS facile \u00e0 g\u00e9rer sur votre site Web Joomla. Utilisez la d\u00e9mo pratique d'Elfsight et modifiez votre flux RSS unique en quelques minutes.","breadcrumb":{"@id":"https:\/\/elfsight.com\/fr\/rss-feed-widget\/joomla\/#breadcrumb"},"inLanguage":"fr-FR","potentialAction":[{"@type":"ReadAction","target":["https:\/\/elfsight.com\/fr\/rss-feed-widget\/joomla\/"]}]},{"@type":"BreadcrumbList","@id":"https:\/\/elfsight.com\/fr\/rss-feed-widget\/joomla\/#breadcrumb","itemListElement":[{"@type":"ListItem","position":1,"name":"Home","item":"https:\/\/elfsight.com\/fr\/"},{"@type":"ListItem","position":2,"name":"RSS Feed","item":"https:\/\/elfsight.com\/fr\/rss-feed-widget\/"},{"@type":"ListItem","position":3,"name":"RSS Feed &#8211; Joomla"}]},{"@type":"WebSite","@id":"https:\/\/elfsight.com\/fr\/#website","url":"https:\/\/elfsight.com\/fr\/","name":"Elfsight FR","description":"","potentialAction":[{"@type":"SearchAction","target":{"@type":"EntryPoint","urlTemplate":"https:\/\/elfsight.com\/fr\/?s={search_term_string}"},"query-input":{"@type":"PropertyValueSpecification","valueRequired":true,"valueName":"search_term_string"}}],"inLanguage":"fr-FR"}]}},"meta_box":{"industry":"","seo_heading":"","heading":"","description":"","cta_heading":"","cta_description":"","application":"3329","h1":"Extension de flux RSS Joomla","h1_caption":"Int\u00e9grez un flux RSS sur votre site Web pour afficher du contenu provenant de sources externes, en gardant votre site Web \u00e0 jour avec du mat\u00e9riel frais dans votre site Web Joomla sans effort.","application_category":[],"applications_title":"","applications_request_title":"","applications_request_button_text":"","hero_text":"","hero_video":"","hero_video_schema_markup":"","selling_points_title":"","selling_points_caption":"","selling_points":[],"selling_points_cta_text":"","features_title":"","features":"","ed_cta_examples_text":"","ed_cta_examples_hidden":"","ed_cta_demo_text":"","ed_cta_demo_hidden":"","why_caption":"","why_editor_title":"","why_editor_text":"","why_team_title":"","why_team_text":"","why_service_title":"","why_service_text":"","template_catalog_visible":"","template_catalog_title":"","template_catalog_text":"","template_catalog_categories_visible":"","demo_title":"Cr\u00e9ez votre plugin de flux RSS","demo_caption":"Configurez votre flux RSS et ajoutez-le gratuitement \u00e0 votre site Joomla !","default_faq_hidden":"","app_template_category":[],"platform":"354","template_public_id":"","codecanyon_url":"","codecanyon_item_id":"","codecanyon_price":"","pricing_caption":"","pricing_elfsight_apps_hide_column":"","pricing_elfsight_apps_url":"","pricing_codecanyon_price_caption":"","integration_category":[],"integration_request_title":"","integration_request_cta":"","integration_platform":"","integrations":[],"platform_category":[],"video_schema_markup":"","price":"\u00e0 partir de 0$ \/ mois","trial":"","benefits":[{"text":"Service d'installation gratuit"},{"text":"Assistance premium"},{"text":"Garantie de remboursement de 14 jours"},{"text":"D\u00e9veloppement continu"}],"button_url":"#demo","button_target_blank":"","button_nofollow":"","attributes":[{"name":"Installations","content":"10,000 - 100,000"},{"name":"Sensible","content":"Oui"},{"name":"Navigateurs compatibles","content":"Firefox, Safari, Opera, Chrome, Edge"}],"tags":[],"tags_disable_links":"","hide_more_platforms":"","video_object":"","demo_hide_cta":"","demo_hide_cloud_options":"","pricing_title":"","pricing":[{"pricing_icon":"platform","pricing_title":"Elfsight Apps","pricing_title_caption":"Solution multiplateforme adapt\u00e9e \u00e0 n'importe quel site Web","pricing_price":"from $0 \/ month","pricing_price_caption":"commencez avec un forfait gratuit","pricing_benefits":[{"text":"Sites Web illimit\u00e9s"},{"text":"Assistance client 24h\/24 et 7j\/7"},{"text":"Assistance \u00e0 l'installation gratuite"},{"text":"100% personnalisable"}],"pricing_button_text":"Ajouter au site Web","pricing_button_url":"#demo"}],"related_apps_title":"","related_apps_hidden":"","author":"","image":[],"title":"","job":"","social_networks":[]},"_links":{"self":[{"href":"https:\/\/elfsight.com\/fr\/wp-json\/wp\/v2\/pages\/13796","targetHints":{"allow":["GET"]}}],"collection":[{"href":"https:\/\/elfsight.com\/fr\/wp-json\/wp\/v2\/pages"}],"about":[{"href":"https:\/\/elfsight.com\/fr\/wp-json\/wp\/v2\/types\/page"}],"author":[{"embeddable":true,"href":"https:\/\/elfsight.com\/fr\/wp-json\/wp\/v2\/users\/9"}],"replies":[{"embeddable":true,"href":"https:\/\/elfsight.com\/fr\/wp-json\/wp\/v2\/comments?post=13796"}],"version-history":[{"count":1,"href":"https:\/\/elfsight.com\/fr\/wp-json\/wp\/v2\/pages\/13796\/revisions"}],"predecessor-version":[{"id":13800,"href":"https:\/\/elfsight.com\/fr\/wp-json\/wp\/v2\/pages\/13796\/revisions\/13800"}],"up":[{"embeddable":true,"href":"https:\/\/elfsight.com\/fr\/wp-json\/wp\/v2\/pages\/3330"}],"wp:attachment":[{"href":"https:\/\/elfsight.com\/fr\/wp-json\/wp\/v2\/media?parent=13796"}],"curies":[{"name":"wp","href":"https:\/\/api.w.org\/{rel}","templated":true}]}}