{"id":13795,"date":"2024-05-03T06:46:30","date_gmt":"2024-05-03T06:46:30","guid":{"rendered":"https:\/\/elfsight.com\/fr\/?page_id=13795"},"modified":"2025-07-10T13:18:49","modified_gmt":"2025-07-10T13:18:49","slug":"webflow","status":"publish","type":"page","link":"https:\/\/elfsight.com\/fr\/rss-feed-widget\/webflow\/","title":{"rendered":"RSS Feed &#8211; Webflow"},"content":{"rendered":"<div class=\"application-platform-content-item-description application-platform-content-item\" id=\"description\" data-nav-section=\"description\"> <h2>Int\u00e9grer un flux RSS sur Webflow avec le widget Elfsight<\/h2> <p>Le flux RSS Elfsight pour Webflow est un widget unique permettant de promouvoir les \u00e9motions et exp\u00e9riences. En l&rsquo;utilisant, vous pouvez cr\u00e9er un flux personnalis\u00e9 compos\u00e9 du contenu de nombreux blogs et l&rsquo;afficher directement sur votre site Web. Exercez le contr\u00f4le total sur un contenu d\u00e9montr\u00e9 et d\u00e9barrassez-vous du spam et de tout contenu involontaire gr\u00e2ce \u00e0 la mod\u00e9ration manuelle. Le configurateur en ligne enti\u00e8rement r\u00e9actif vous propose diff\u00e9rents mod\u00e8les \u00e0 s\u00e9lectionner. <\/p> <p><b>Avec le flux RSS, ayez un fort d\u00e9veloppement commercial et augmentez vos ventes <\/b><\/p> <\/div> <div class=\"application-platform-content-item-features application-platform-content-item\" id=\"features\" data-nav-section=\"features\"> <h2>Ce ne sont l\u00e0 que quelques-uns des de nombreuses fonctionnalit\u00e9s de widget\u00a0: <\/h2> <ul><li>Masquez la section d&rsquo;en-t\u00eate pour donner \u00e0 votre widget un aspect minimaliste. <\/li><li>Supprimez tout spam et contenu ind\u00e9sirable au moyen d&rsquo;une mod\u00e9ration manuelle. <\/li><li>Choisissez l&rsquo;une des six mises en page disponibles\u00a0: Carrousel, Slider, Collage, Liste, Grille, Ma\u00e7onnerie. <\/li><li>Autorisez l&rsquo;affichage de vos publications dans une fen\u00eatre contextuelle. <\/li><\/ul><p><a href=\"#demo\">Essayez simplement cette d\u00e9mo pour voir comment elle fonctionne<\/a><\/p> <\/div> <div class=\"application-platform-content-item-installation application-platform-content-item\" id=\"installation\" data-nav-section=\"installation\"> <h2>Comment ajouter un flux RSS dans mon site Webflow ? <\/h2> <p>Suivez simplement les instructions ci-dessous pour commencer \u00e0 utiliser le widget. <\/p> <ol><li><b>Utilisez notre d\u00e9mo gratuite et commencez \u00e0 cr\u00e9er votre propre widget. <\/b><br> Sp\u00e9cifiez la disposition et les aspects pr\u00e9f\u00e9r\u00e9s du widget et enregistrez les modifications. <\/li> <li><b>Acqu\u00e9rez votre code unique qui s&rsquo;affiche dans la fen\u00eatre des applications Elfsight. <\/b><br> Une fois la cr\u00e9ation de votre widget personnel termin\u00e9e, copiez le code personnel de la fen\u00eatre contextuelle qui appara\u00eet et enregistrez-le pour un besoin ult\u00e9rieur. <\/li> <li><b>Initier l&rsquo;utilisation du widget sur le site Web Webflow. <\/b><br> Placez le code copi\u00e9 auparavant dans votre site Web et appliquez les corrections. <\/li> <li><b>Vous avez termin\u00e9\u00a0! La configuration est enti\u00e8rement effectu\u00e9e. <\/b><br> Acc\u00e9dez \u00e0 votre site Web pour observer le fonctionnement du widget. <\/li><\/ol> <p>Si vous rencontrez des obstacles, n&rsquo;h\u00e9sitez pas \u00e0 vous adresser \u00e0 notre service client. Nos sp\u00e9cialistes se feront un plaisir de r\u00e9soudre toutes les difficult\u00e9s que vous pourriez rencontrer avec le widget. <\/p> <\/div><div class=\"faq\" data-component=\"FAQ\"><div class=\"faq-item\">\r\n\t\t\t\t\t<div class=\"faq-item-question\">\r\n\t\t\t\t\t\t<h3 class=\"faq-item-question-text\">Comment puis-je int\u00e9grer un flux RSS \u00e0 mon site Webflow sans coder ?<\/h3>\r\n\r\n\t\t\t\t\t\t<div class=\"faq-item-question-icon\"><\/div>\r\n\t\t\t\t\t<\/div>\r\n\r\n\t\t\t\t\t<div class=\"faq-item-answer\">\r\n\t\t\t\t\t\t<div class=\"faq-item-answer-text\"><p>La soci\u00e9t\u00e9 Elfsight propose une solution SaaS qui permet aux propri\u00e9taires de sites de g\u00e9n\u00e9rer vous-m\u00eame un widget de flux RSS, d\u00e9couvrez \u00e0 quel point le processus est simple\u00a0: <\/p><ul><li>Acc\u00e9dez \u00e0 la d\u00e9mo en ligne pour cr\u00e9er un plugin de flux RSS que vous souhaitez int\u00e9grer \u00e0 la page Web Webflow.<\/li><li>Choisissez l&rsquo;un des nombreux mod\u00e8les pr\u00e9d\u00e9finis et modifiez les param\u00e8tres du flux RSS, transformez la mise en page et les couleurs, incluez votre contenu sans comp\u00e9tences en codage.<\/li><li>Enregistrez les param\u00e8tres que vous avez d\u00e9finis dans RSS. Alimentez et copiez le code d&rsquo;installation, qui peut \u00eatre facilement ajout\u00e9 \u00e0 la page d&rsquo;accueil de Webflow \u00e0 l&rsquo;aide d&rsquo;un forfait gratuit.<\/li><\/ul><p>Avec notre configurateur convivial, chaque internaute peut cr\u00e9er un flux RSS et l&rsquo;inclure facilement \u00e0 n&rsquo;importe quel Page d&rsquo;accueil de Webflow. Il n&rsquo;est pas n\u00e9cessaire de payer ni de saisir les donn\u00e9es de votre carte pour acc\u00e9der \u00e0 l&rsquo;\u00e9diteur. Si vous rencontrez des probl\u00e8mes \u00e0 quelque \u00e9tape que ce soit, n&rsquo;h\u00e9sitez pas \u00e0 parler \u00e0 notre service client.<\/p><\/div>\r\n\t\t\t\t\t<\/div>\r\n\t\t\t\t<\/div><\/div>","protected":false},"excerpt":{"rendered":"","protected":false},"author":9,"featured_media":0,"parent":3330,"menu_order":0,"comment_status":"closed","ping_status":"closed","template":"templates\/template-application-platform.php","meta":{"publish_to_discourse":"","publish_post_category":"","wpdc_auto_publish_overridden":"","wpdc_topic_tags":"","wpdc_pin_topic":"","wpdc_pin_until":"","discourse_post_id":"","discourse_permalink":"","wpdc_publishing_response":"","wpdc_publishing_error":"","footnotes":""},"class_list":["post-13795","page","type-page","status-publish","hentry"],"yoast_head":"<!-- This site is optimized with the Yoast SEO plugin v25.3.1 - https:\/\/yoast.com\/wordpress\/plugins\/seo\/ -->\n<title>Ajoutez un widget de flux RSS au site Web Webflow (rapide et gratuit)<\/title>\n<meta name=\"description\" content=\"Ajoutez un widget de flux RSS adapt\u00e9 aux mobiles sur votre site Webflow. Utilisez la d\u00e9mo pratique d&#039;Elfsight et cr\u00e9ez votre magnifique flux RSS en quelques minutes\" \/>\n<meta name=\"robots\" content=\"index, follow, max-snippet:-1, max-image-preview:large, max-video-preview:-1\" \/>\n<link rel=\"canonical\" href=\"https:\/\/elfsight.com\/fr\/rss-feed-widget\/webflow\/\" \/>\n<meta property=\"og:locale\" content=\"fr_FR\" \/>\n<meta property=\"og:type\" content=\"article\" \/>\n<meta property=\"og:title\" content=\"Ajoutez un widget de flux RSS au site Web Webflow (rapide et gratuit)\" \/>\n<meta property=\"og:description\" content=\"Ajoutez un widget de flux RSS adapt\u00e9 aux mobiles sur votre site Webflow. Utilisez la d\u00e9mo pratique d&#039;Elfsight et cr\u00e9ez votre magnifique flux RSS en quelques minutes\" \/>\n<meta property=\"og:url\" content=\"https:\/\/elfsight.com\/fr\/rss-feed-widget\/webflow\/\" \/>\n<meta property=\"og:site_name\" content=\"Elfsight FR\" \/>\n<meta property=\"article:modified_time\" content=\"2025-07-10T13:18:49+00:00\" \/>\n<meta name=\"twitter:card\" content=\"summary_large_image\" \/>\n<meta name=\"twitter:label1\" content=\"Dur\u00e9e de lecture estim\u00e9e\" \/>\n\t<meta name=\"twitter:data1\" content=\"3 minutes\" \/>\n<!-- \/ Yoast SEO plugin. -->","yoast_head_json":{"title":"Ajoutez un widget de flux RSS au site Web Webflow (rapide et gratuit)","description":"Ajoutez un widget de flux RSS adapt\u00e9 aux mobiles sur votre site Webflow. Utilisez la d\u00e9mo pratique d'Elfsight et cr\u00e9ez votre magnifique flux RSS en quelques minutes","robots":{"index":"index","follow":"follow","max-snippet":"max-snippet:-1","max-image-preview":"max-image-preview:large","max-video-preview":"max-video-preview:-1"},"canonical":"https:\/\/elfsight.com\/fr\/rss-feed-widget\/webflow\/","og_locale":"fr_FR","og_type":"article","og_title":"Ajoutez un widget de flux RSS au site Web Webflow (rapide et gratuit)","og_description":"Ajoutez un widget de flux RSS adapt\u00e9 aux mobiles sur votre site Webflow. Utilisez la d\u00e9mo pratique d'Elfsight et cr\u00e9ez votre magnifique flux RSS en quelques minutes","og_url":"https:\/\/elfsight.com\/fr\/rss-feed-widget\/webflow\/","og_site_name":"Elfsight FR","article_modified_time":"2025-07-10T13:18:49+00:00","twitter_card":"summary_large_image","twitter_misc":{"Dur\u00e9e de lecture estim\u00e9e":"3 minutes"},"schema":{"@context":"https:\/\/schema.org","@graph":[{"@type":"WebPage","@id":"https:\/\/elfsight.com\/fr\/rss-feed-widget\/webflow\/","url":"https:\/\/elfsight.com\/fr\/rss-feed-widget\/webflow\/","name":"Ajoutez un widget de flux RSS au site Web Webflow (rapide et gratuit)","isPartOf":{"@id":"https:\/\/elfsight.com\/fr\/#website"},"datePublished":"2024-05-03T06:46:30+00:00","dateModified":"2025-07-10T13:18:49+00:00","description":"Ajoutez un widget de flux RSS adapt\u00e9 aux mobiles sur votre site Webflow. Utilisez la d\u00e9mo pratique d'Elfsight et cr\u00e9ez votre magnifique flux RSS en quelques minutes","breadcrumb":{"@id":"https:\/\/elfsight.com\/fr\/rss-feed-widget\/webflow\/#breadcrumb"},"inLanguage":"fr-FR","potentialAction":[{"@type":"ReadAction","target":["https:\/\/elfsight.com\/fr\/rss-feed-widget\/webflow\/"]}]},{"@type":"BreadcrumbList","@id":"https:\/\/elfsight.com\/fr\/rss-feed-widget\/webflow\/#breadcrumb","itemListElement":[{"@type":"ListItem","position":1,"name":"Home","item":"https:\/\/elfsight.com\/fr\/"},{"@type":"ListItem","position":2,"name":"RSS Feed","item":"https:\/\/elfsight.com\/fr\/rss-feed-widget\/"},{"@type":"ListItem","position":3,"name":"RSS Feed &#8211; Webflow"}]},{"@type":"WebSite","@id":"https:\/\/elfsight.com\/fr\/#website","url":"https:\/\/elfsight.com\/fr\/","name":"Elfsight FR","description":"","potentialAction":[{"@type":"SearchAction","target":{"@type":"EntryPoint","urlTemplate":"https:\/\/elfsight.com\/fr\/?s={search_term_string}"},"query-input":{"@type":"PropertyValueSpecification","valueRequired":true,"valueName":"search_term_string"}}],"inLanguage":"fr-FR"}]}},"meta_box":{"industry":"","seo_heading":"","heading":"","description":"","cta_heading":"","cta_description":"","application":"3329","h1":"Widget de flux RSS Webflow","h1_caption":"Int\u00e9grez un flux RSS sur votre site Web pour afficher du contenu provenant de sources externes, en gardant votre site Web \u00e0 jour avec du mat\u00e9riel frais dans votre site Web Webflow sans effort.","application_category":[],"applications_title":"","applications_request_title":"","applications_request_button_text":"","hero_text":"","hero_video":"","hero_video_schema_markup":"","selling_points_title":"","selling_points_caption":"","selling_points":[],"selling_points_cta_text":"","features_title":"","features":"","ed_cta_examples_text":"","ed_cta_examples_hidden":"","ed_cta_demo_text":"","ed_cta_demo_hidden":"","why_caption":"","why_editor_title":"","why_editor_text":"","why_team_title":"","why_team_text":"","why_service_title":"","why_service_text":"","template_catalog_visible":"","template_catalog_title":"","template_catalog_text":"","template_catalog_categories_visible":"","demo_title":"Cr\u00e9ez votre widget Flux RSS","demo_caption":"Configurez votre flux RSS et ajoutez-le gratuitement \u00e0 votre site Webflow !","default_faq_hidden":"","app_template_category":[],"platform":"362","template_public_id":"","codecanyon_url":"","codecanyon_item_id":"","codecanyon_price":"","pricing_caption":"","pricing_elfsight_apps_hide_column":"","pricing_elfsight_apps_url":"","pricing_codecanyon_price_caption":"","integration_category":[],"integration_request_title":"","integration_request_cta":"","integration_platform":"","integrations":[],"platform_category":[],"video_schema_markup":"","price":"\u00e0 partir de 0$ \/ mois","trial":"","benefits":[{"text":"Service d'installation gratuit"},{"text":"Support client exp\u00e9riment\u00e9"},{"text":"Garantie de remboursement de 14 jours"},{"text":"D\u00e9veloppement continu"}],"button_url":"#demo","button_target_blank":"","button_nofollow":"","attributes":[{"name":"Installations","content":"10,000 - 100,000"},{"name":"Sensible","content":"Oui"},{"name":"Navigateurs compatibles","content":"Firefox, Safari, Opera, Chrome, Edge"}],"tags":[],"tags_disable_links":"","hide_more_platforms":"","video_object":"","demo_hide_cta":"","demo_hide_cloud_options":"","pricing_title":"","pricing":[{"pricing_icon":"platform","pricing_title":"Elfsight Apps","pricing_title_caption":"Solution num\u00e9rique ind\u00e9pendante de la plateforme qui convient \u00e0 n'importe quel site","pricing_price":"from $0 \/ month","pricing_price_caption":"commencez avec un forfait gratuit","pricing_benefits":[{"text":"Sites Web illimit\u00e9s"},{"text":"Support client premium et bien document\u00e9"},{"text":"Assistance \u00e0 l'installation gratuite"},{"text":"100% personnalisable"}],"pricing_button_text":"Ajouter au site Web","pricing_button_url":"#demo"}],"related_apps_title":"","related_apps_hidden":"","author":"","image":[],"title":"","job":"","social_networks":[]},"_links":{"self":[{"href":"https:\/\/elfsight.com\/fr\/wp-json\/wp\/v2\/pages\/13795","targetHints":{"allow":["GET"]}}],"collection":[{"href":"https:\/\/elfsight.com\/fr\/wp-json\/wp\/v2\/pages"}],"about":[{"href":"https:\/\/elfsight.com\/fr\/wp-json\/wp\/v2\/types\/page"}],"author":[{"embeddable":true,"href":"https:\/\/elfsight.com\/fr\/wp-json\/wp\/v2\/users\/9"}],"replies":[{"embeddable":true,"href":"https:\/\/elfsight.com\/fr\/wp-json\/wp\/v2\/comments?post=13795"}],"version-history":[{"count":1,"href":"https:\/\/elfsight.com\/fr\/wp-json\/wp\/v2\/pages\/13795\/revisions"}],"predecessor-version":[{"id":13799,"href":"https:\/\/elfsight.com\/fr\/wp-json\/wp\/v2\/pages\/13795\/revisions\/13799"}],"up":[{"embeddable":true,"href":"https:\/\/elfsight.com\/fr\/wp-json\/wp\/v2\/pages\/3330"}],"wp:attachment":[{"href":"https:\/\/elfsight.com\/fr\/wp-json\/wp\/v2\/media?parent=13795"}],"curies":[{"name":"wp","href":"https:\/\/api.w.org\/{rel}","templated":true}]}}