{"id":13782,"date":"2024-05-03T06:46:00","date_gmt":"2024-05-03T06:46:00","guid":{"rendered":"https:\/\/elfsight.com\/fr\/?page_id=13782"},"modified":"2025-01-10T12:51:15","modified_gmt":"2025-01-10T12:51:15","slug":"blogger","status":"publish","type":"page","link":"https:\/\/elfsight.com\/fr\/restaurant-menu-widget\/blogger\/","title":{"rendered":"Restaurant Menu &#8211; Blogger"},"content":{"rendered":"\n<div class=\"application-platform-content-item-description application-platform-content-item\" id=\"description\" data-nav-section=\"description\">\n  <h2>Description<\/h2>\n  <p>Le menu du restaurant est un moyen simple de familiariser vos invit\u00e9s avec vos sp\u00e9cialit\u00e9s, de souligner un concept exceptionnel et tentez-les avec des photos de plats s\u00e9duisantes. Le widget est tr\u00e8s convivial. Gr\u00e2ce \u00e0 lui, vous pouvez s\u00e9lectionner une gamme infinie de menus avec un nombre illimit\u00e9 d&rsquo;\u00e9l\u00e9ments. Ou cr\u00e9ez simplement une courte liste des produits que vous servez. S\u00e9lectionnez un sch\u00e9ma clair ou sombre ou modifiez les \u00e9l\u00e9ments que vous aimez, en repeignant toutes les couleurs d&rsquo;accent. La plus grande opportunit\u00e9 du widget est d&rsquo;\u00eatre toujours \u00e0 jour : vous pouvez modifier les prix, une liste d&rsquo;articles, ajouter de nouveaux plats ou m\u00eame des menus en quelques secondes seulement ! Fini les menus statiques que vous devez configurer d\u00e8s le d\u00e9part. Commencez simplement \u00e0 cr\u00e9er votre menu \u00e9l\u00e9gant !<\/p>\n  <p><b>Lancez le menu du restaurant pour atteindre vos objectifs professionnels plus facilement ! Avoir le menu sur le site Web de votre restaurant peut inviter plus de visiteurs, r\u00e9aliser un fort d\u00e9veloppement commercial et augmenter les ventes. Commencez \u00e0 utiliser Restaurant Menu par Elfsight !<\/b><\/p>\n<\/div>\n\n<div class=\"application-platform-content-item-features application-platform-content-item\" id=\"features\" data-nav-section=\"features\">\n  <h2>Les fonctionnalit\u00e9s cl\u00e9s du widget incluent<\/h2>\n  <ul>\n    <li>Facile \u00e0 g\u00e9rer m\u00eame pour les utilisateurs non-technologiques<\/li>\n    <li>Quantit\u00e9 illimit\u00e9e de menus, sections ou \u00e9l\u00e9ments, organis\u00e9s avec des dispositions d&rsquo;onglets, de liste ou de ma\u00e7onnerie<\/li>\n    <li>G\u00e9rez simplement le menu et tous ses \u00e9l\u00e9ments l\u00e0 o\u00f9 vous en avez besoin : prix, promotions saisonni\u00e8res, etc.<\/li>\n    <li>Afficher une description d\u00e9taill\u00e9e des articles, y compris des ic\u00f4nes, des informations nutritionnelles et des badges<\/li>\n    <li>Joindre de superbes images pour les articles et m\u00eame les pr\u00e9senter dans une vue contextuelle<\/li>\n    <li>Personnalisez et recolorez tous les \u00e9l\u00e9ments : texte, jeu de couleurs et ic\u00f4nes<\/li>\n  <\/ul>\n  <p><a href=\"#demo\">Vous pouvez explorer toutes les fonctionnalit\u00e9s du widget dans la d\u00e9mo \u00e0 droite ici<\/a><\/p>\n<\/div>\n\n<div class=\"application-platform-content-item-installation application-platform-content-item\" id=\"installation\" data-nav-section=\"installation\">\n  <h2>Comment ajouter un menu de restaurant \u00e0 mon site Blogger ?<\/h2>\n  <div class=\"video-container\">\n    <iframe width=\"720\" height=\"405\" src=\"https:\/\/www.youtube.com\/embed\/oxAK4dipTps\" frameborder=\"0\" allowfullscreen=\"\"><\/iframe>\n  <\/div>\n  <p>Suivez simplement plusieurs \u00e9tapes ci-dessous pour commencer \u00e0 travailler avec l&rsquo;outil :<\/p>\n  <ol>\n    <li><b>Utilisez notre d\u00e9mo gratuite et commencez \u00e0 fa\u00e7onner votre instrument construit sur mesure.<\/b><br>Choisissez la disposition et les param\u00e8tres souhait\u00e9s du widget et appliquez les modifications.<\/li>\n    <li><b>Faites appara\u00eetre votre code individuel dans le formulaire sp\u00e9cial sur les applications Elfsight.<\/b><br>Juste apr\u00e8s la cr\u00e9ation de votre widget personnel, copiez le code personnel dans la case apparue et conservez-le pour une utilisation future.<\/li>\n    <li><b>Inscrivez-vous pour utiliser l&rsquo;outil sur votre page d&rsquo;accueil Blogger.<\/b><br>Ajoutez le code que vous avez enregistr\u00e9 r\u00e9cemment sur votre site Web et appliquez les corrections.<\/li>\n    <li><b>Fait ! L&rsquo;int\u00e9gration est r\u00e9alis\u00e9e avec succ\u00e8s.<\/b><br>Rendez-vous sur votre site pour observer le fonctionnement de l&rsquo;outil.<\/li>\n  <\/ol>\n  <p>Si vous rencontrez des probl\u00e8mes, n&rsquo;h\u00e9sitez pas \u00e0 faire appel \u00e0 notre \u00e9quipe d&rsquo;assistance. Nos collaborateurs seront ravis de vous aider avec tous les probl\u00e8mes que vous pourriez rencontrer avec le produit.<\/p>\n<\/div>\n\n<div class=\"faq\" data-component=\"FAQ\">\n  <div class=\"faq-item\">\r\n\t\t\t\t\t<div class=\"faq-item-question\">\r\n\t\t\t\t\t\t<h3 class=\"faq-item-question-text\">Existe-t-il une option pour int\u00e9grer le menu du restaurant \u00e0 ma page Web Blogger sans exp\u00e9rience en codage ?<\/h3>\r\n\r\n\t\t\t\t\t\t<div class=\"faq-item-question-icon\"><\/div>\r\n\t\t\t\t\t<\/div>\r\n\r\n\t\t\t\t\t<div class=\"faq-item-answer\">\r\n\t\t\t\t\t\t<div class=\"faq-item-answer-text\">\n    <p>Elfsight pr\u00e9sente une solution SaaS qui permet aux utilisateurs de cr\u00e9er eux-m\u00eames un widget de menu du restaurant, d\u00e9couvrez les \u00e9tapes simples : commencez \u00e0 travailler directement dans l&rsquo;\u00e9diteur en direct pour cr\u00e9er un plugin de menu de restaurant que vous souhaitez inclure sur la page d&rsquo;accueil de Blogger. Choisissez l&rsquo;un des mod\u00e8les pr\u00e9d\u00e9finis et modifiez les param\u00e8tres du menu du restaurant, transformez la mise en page et les couleurs pour inclure votre contenu, sans aucune connaissance en codage. Cliquez pour enregistrer les param\u00e8tres que vous avez d\u00e9finis dans le menu du restaurant et obtenir le code du widget \u00e0 int\u00e9grer, qui peut \u00eatre facilement ajout\u00e9 gratuitement \u00e0 n&rsquo;importe quelle page d&rsquo;accueil de Blogger. Gr\u00e2ce \u00e0 notre \u00e9diteur intuitif, tout internaute peut g\u00e9n\u00e9rer une section de menu de restaurant en ligne et l&rsquo;int\u00e9grer sur la page d&rsquo;accueil de Blogger. Il n&rsquo;est pas n\u00e9cessaire de payer ou de divulguer les informations d&rsquo;identification de votre carte pour acc\u00e9der \u00e0 Elfsight Editor. Si vous rencontrez des probl\u00e8mes de quelque nature que ce soit, n&rsquo;h\u00e9sitez pas \u00e0 contacter notre \u00e9quipe d&rsquo;assistance.<\/p>\n  <\/div>\r\n\t\t\t\t\t<\/div>\r\n\t\t\t\t<\/div>\n<\/div>\n\n","protected":false},"excerpt":{"rendered":"","protected":false},"author":9,"featured_media":0,"parent":2842,"menu_order":0,"comment_status":"closed","ping_status":"closed","template":"templates\/template-application-platform.php","meta":{"publish_to_discourse":"","publish_post_category":"","wpdc_auto_publish_overridden":"","wpdc_topic_tags":"","wpdc_pin_topic":"","wpdc_pin_until":"","discourse_post_id":"","discourse_permalink":"","wpdc_publishing_response":"","wpdc_publishing_error":"","footnotes":""},"class_list":["post-13782","page","type-page","status-publish","hentry"],"yoast_head":"<!-- This site is optimized with the Yoast SEO plugin v25.3.1 - https:\/\/yoast.com\/wordpress\/plugins\/seo\/ -->\n<title>Menu de restaurant pour les sites Web Blogger - facile et gratuit<\/title>\n<meta name=\"description\" content=\"Ajoutez un widget de menu de restaurant adapt\u00e9 aux mobiles sur votre site Blogger. Utilisez la d\u00e9mo pratique d&#039;Elfsight et cr\u00e9ez votre plugin \u00e9l\u00e9gant en quelques minutes seulement\" \/>\n<meta name=\"robots\" content=\"index, follow, max-snippet:-1, max-image-preview:large, max-video-preview:-1\" \/>\n<link rel=\"canonical\" href=\"https:\/\/elfsight.com\/fr\/restaurant-menu-widget\/blogger\/\" \/>\n<meta property=\"og:locale\" content=\"fr_FR\" \/>\n<meta property=\"og:type\" content=\"article\" \/>\n<meta property=\"og:title\" content=\"Menu de restaurant pour les sites Web Blogger - facile et gratuit\" \/>\n<meta property=\"og:description\" content=\"Ajoutez un widget de menu de restaurant adapt\u00e9 aux mobiles sur votre site Blogger. Utilisez la d\u00e9mo pratique d&#039;Elfsight et cr\u00e9ez votre plugin \u00e9l\u00e9gant en quelques minutes seulement\" \/>\n<meta property=\"og:url\" content=\"https:\/\/elfsight.com\/fr\/restaurant-menu-widget\/blogger\/\" \/>\n<meta property=\"og:site_name\" content=\"Elfsight FR\" \/>\n<meta property=\"article:modified_time\" content=\"2025-01-10T12:51:15+00:00\" \/>\n<meta name=\"twitter:card\" content=\"summary_large_image\" \/>\n<meta name=\"twitter:label1\" content=\"Dur\u00e9e de lecture estim\u00e9e\" \/>\n\t<meta name=\"twitter:data1\" content=\"4 minutes\" \/>\n<!-- \/ Yoast SEO plugin. -->","yoast_head_json":{"title":"Menu de restaurant pour les sites Web Blogger - facile et gratuit","description":"Ajoutez un widget de menu de restaurant adapt\u00e9 aux mobiles sur votre site Blogger. Utilisez la d\u00e9mo pratique d'Elfsight et cr\u00e9ez votre plugin \u00e9l\u00e9gant en quelques minutes seulement","robots":{"index":"index","follow":"follow","max-snippet":"max-snippet:-1","max-image-preview":"max-image-preview:large","max-video-preview":"max-video-preview:-1"},"canonical":"https:\/\/elfsight.com\/fr\/restaurant-menu-widget\/blogger\/","og_locale":"fr_FR","og_type":"article","og_title":"Menu de restaurant pour les sites Web Blogger - facile et gratuit","og_description":"Ajoutez un widget de menu de restaurant adapt\u00e9 aux mobiles sur votre site Blogger. Utilisez la d\u00e9mo pratique d'Elfsight et cr\u00e9ez votre plugin \u00e9l\u00e9gant en quelques minutes seulement","og_url":"https:\/\/elfsight.com\/fr\/restaurant-menu-widget\/blogger\/","og_site_name":"Elfsight FR","article_modified_time":"2025-01-10T12:51:15+00:00","twitter_card":"summary_large_image","twitter_misc":{"Dur\u00e9e de lecture estim\u00e9e":"4 minutes"},"schema":{"@context":"https:\/\/schema.org","@graph":[{"@type":"WebPage","@id":"https:\/\/elfsight.com\/fr\/restaurant-menu-widget\/blogger\/","url":"https:\/\/elfsight.com\/fr\/restaurant-menu-widget\/blogger\/","name":"Menu de restaurant pour les sites Web Blogger - facile et gratuit","isPartOf":{"@id":"https:\/\/elfsight.com\/fr\/#website"},"datePublished":"2024-05-03T06:46:00+00:00","dateModified":"2025-01-10T12:51:15+00:00","description":"Ajoutez un widget de menu de restaurant adapt\u00e9 aux mobiles sur votre site Blogger. Utilisez la d\u00e9mo pratique d'Elfsight et cr\u00e9ez votre plugin \u00e9l\u00e9gant en quelques minutes seulement","breadcrumb":{"@id":"https:\/\/elfsight.com\/fr\/restaurant-menu-widget\/blogger\/#breadcrumb"},"inLanguage":"fr-FR","potentialAction":[{"@type":"ReadAction","target":["https:\/\/elfsight.com\/fr\/restaurant-menu-widget\/blogger\/"]}]},{"@type":"BreadcrumbList","@id":"https:\/\/elfsight.com\/fr\/restaurant-menu-widget\/blogger\/#breadcrumb","itemListElement":[{"@type":"ListItem","position":1,"name":"Home","item":"https:\/\/elfsight.com\/fr\/"},{"@type":"ListItem","position":2,"name":"Restaurant Menu","item":"https:\/\/elfsight.com\/fr\/restaurant-menu-widget\/"},{"@type":"ListItem","position":3,"name":"Restaurant Menu &#8211; Blogger"}]},{"@type":"WebSite","@id":"https:\/\/elfsight.com\/fr\/#website","url":"https:\/\/elfsight.com\/fr\/","name":"Elfsight FR","description":"","potentialAction":[{"@type":"SearchAction","target":{"@type":"EntryPoint","urlTemplate":"https:\/\/elfsight.com\/fr\/?s={search_term_string}"},"query-input":{"@type":"PropertyValueSpecification","valueRequired":true,"valueName":"search_term_string"}}],"inLanguage":"fr-FR"}]}},"meta_box":{"industry":"","seo_heading":"","heading":"","description":"","cta_heading":"","cta_description":"","application":"2836","h1":"Widget de menu de restaurant Blogger","h1_caption":"Pr\u00e9sentez le menu de votre restaurant dans un format visuellement attrayant, facile \u00e0 mettre \u00e0 jour et convivial sur votre site Web Blogger sans effort.","application_category":[],"applications_title":"","applications_request_title":"","applications_request_button_text":"","hero_text":"","hero_video":"","hero_video_schema_markup":"","selling_points_title":"","selling_points_caption":"","selling_points":[],"selling_points_cta_text":"","features_title":"","features":"","ed_cta_examples_text":"","ed_cta_examples_hidden":"","ed_cta_demo_text":"","ed_cta_demo_hidden":"","why_caption":"","why_editor_title":"","why_editor_text":"","why_team_title":"","why_team_text":"","why_service_title":"","why_service_text":"","template_catalog_visible":"0","template_catalog_title":"","template_catalog_text":"","template_catalog_categories_visible":"","demo_title":"Cr\u00e9ez votre widget Menu de restaurant","demo_caption":"Configurez votre menu de restaurant et ajoutez-le gratuitement \u00e0 votre site Web Blogger\u00a0!","default_faq_hidden":"","app_template_category":[],"platform":"348","template_public_id":"","codecanyon_url":"","codecanyon_item_id":"","codecanyon_price":"","pricing_caption":"","pricing_elfsight_apps_hide_column":"","pricing_elfsight_apps_url":"","pricing_codecanyon_price_caption":"","integration_category":[],"integration_request_title":"","integration_request_cta":"","integration_platform":"","integrations":[],"platform_category":[],"video_schema_markup":"","price":"\u00e0 partir de 0$ \/ mois","trial":"","benefits":[{"text":"Aide \u00e0 l'installation gratuite"},{"text":"Support client exp\u00e9riment\u00e9"},{"text":"Garantie de remboursement de 14 jours"},{"text":"D\u00e9veloppement continu"}],"button_url":"#demo","button_target_blank":"0","button_nofollow":"0","attributes":[{"name":"Installations","content":"10,000 - 100,000"},{"name":"Sensible","content":"Oui"},{"name":"Navigateurs compatibles","content":"Firefox, Safari, Opera, Chrome, Edge"}],"tags":[],"tags_disable_links":"0","hide_more_platforms":"","video_object":"","demo_hide_cta":"0","demo_hide_cloud_options":"0","pricing_title":"","pricing":[{"pricing_icon":"platform","pricing_title":"Elfsight Apps","pricing_title_caption":"Solution multiplateforme qui fonctionne sur n'importe quel site","pricing_price":"from $0 \/ month","pricing_price_caption":"commencez avec un forfait gratuit","pricing_benefits":[{"text":"Sites Web illimit\u00e9s"},{"text":"Support premium et ponctuel et bien document\u00e9"},{"text":"Assistance \u00e0 l'installation gratuite"},{"text":"Conception flexible"}],"pricing_button_text":"Ajouter au site Web","pricing_button_url":"#demo"}],"related_apps_title":"","related_apps_hidden":"0","author":"","image":[],"title":"","job":"","social_networks":[]},"_links":{"self":[{"href":"https:\/\/elfsight.com\/fr\/wp-json\/wp\/v2\/pages\/13782","targetHints":{"allow":["GET"]}}],"collection":[{"href":"https:\/\/elfsight.com\/fr\/wp-json\/wp\/v2\/pages"}],"about":[{"href":"https:\/\/elfsight.com\/fr\/wp-json\/wp\/v2\/types\/page"}],"author":[{"embeddable":true,"href":"https:\/\/elfsight.com\/fr\/wp-json\/wp\/v2\/users\/9"}],"replies":[{"embeddable":true,"href":"https:\/\/elfsight.com\/fr\/wp-json\/wp\/v2\/comments?post=13782"}],"version-history":[{"count":2,"href":"https:\/\/elfsight.com\/fr\/wp-json\/wp\/v2\/pages\/13782\/revisions"}],"predecessor-version":[{"id":16125,"href":"https:\/\/elfsight.com\/fr\/wp-json\/wp\/v2\/pages\/13782\/revisions\/16125"}],"up":[{"embeddable":true,"href":"https:\/\/elfsight.com\/fr\/wp-json\/wp\/v2\/pages\/2842"}],"wp:attachment":[{"href":"https:\/\/elfsight.com\/fr\/wp-json\/wp\/v2\/media?parent=13782"}],"curies":[{"name":"wp","href":"https:\/\/api.w.org\/{rel}","templated":true}]}}