{"id":13780,"date":"2024-05-03T06:45:40","date_gmt":"2024-05-03T06:45:40","guid":{"rendered":"https:\/\/elfsight.com\/fr\/?page_id=13780"},"modified":"2024-12-19T10:53:33","modified_gmt":"2024-12-19T10:53:33","slug":"squarespace","status":"publish","type":"page","link":"https:\/\/elfsight.com\/fr\/radio-player-widget\/squarespace\/","title":{"rendered":"Radio Player &#8211; Squarespace"},"content":{"rendered":"\n<div class=\"application-platform-content-item-description application-platform-content-item\" id=\"description\" data-nav-section=\"description\"> <h2>Int\u00e9grer Radio Player sur Squarespace avec le widget Elfsight<\/h2> <p>Elfsight Radio est un plugin simple vous donnant la possibilit\u00e9 de diffuser de la radio stations sur les pages de votre site Internet. Le widget est extr\u00eamement r\u00e9glable\u00a0: vous pouvez modifier son emplacement, le placer n&rsquo;importe o\u00f9 sur la page, modifier sa taille, modifier l&rsquo;arri\u00e8re-plan et d&rsquo;autres \u00e9l\u00e9ments pour le combiner avec le design de votre site, utiliser un th\u00e8me sombre, afficher des images et afficher ou masquer trois \u00e9l\u00e9ments suppl\u00e9mentaires. les d\u00e9tails du joueur tels que le titre, le statut et autres. Incluez autant de stations que n\u00e9cessaire pour ravir vos utilisateurs, activez la lecture automatique et soyez-en s\u00fbr\u00a0: vos visiteurs ne quitteront pas votre page Web pr\u00e9cipitamment\u00a0!<\/p> <p><b>\u00c9quipez vos visiteurs d&rsquo;une nouvelle source d&rsquo;informations. contenu utile et int\u00e9ressant utilisant Elfsight Radio Player.<\/b><\/p> <\/div> <div class=\"application-platform-content-item-features application-platform-content-item\" id=\"features\" data-nav-section=\"features\"> <h2>Ce ne sont l\u00e0 que quelques-unes des diff\u00e9rentes fonctionnalit\u00e9s du plugin\u00a0:<\/h2> <ul><li>Nombreuses modifications de couleurs.<\/li><li>Sch\u00e9ma de couleurs fonc\u00e9\/clair.<\/li><li>Deux mises en page disponibles.<\/li><li>Possibilit\u00e9 d&rsquo;ajouter une image de fond.<\/li><li> Adjectez un nombre illimit\u00e9 de stations.<\/li><\/ul><p><a href=\"#demo\">Vous pouvez essayer toutes les fonctionnalit\u00e9s du plugin dans la d\u00e9mo sur cette page<\/a><\/p> <\/div> <div class=\"application-platform-content-item-installation application-platform-content-item\" id=\"installation\" data-nav-section=\"installation\"> <h2>Comment ajouter Radio Player \u00e0 mon site Web Squarespace\u00a0?<\/h2><div class=\"video-container\"><iframe width=\"720\" height=\"405\" src=\"https:\/\/www.youtube.com\/embed\/Ng7k1VrE4Fg\" frameborder=\"0\" allowfullscreen=\"\"><\/iframe><\/div><p>Suivez simplement les instructions ci-dessous pour int\u00e9grer le plugin.<\/p> <ol><li><b>Utilisez notre configurateur gratuit et commencez \u00e0 cr\u00e9er votre plugin personnalis\u00e9.<\/b><br> Sp\u00e9cifiez la conception et les sp\u00e9cifications pr\u00e9f\u00e9r\u00e9es du widget et enregistrez les modifications.<\/li> <li> <b>Recevez le code individuel qui appara\u00eet dans la case sur les applications Elfsight.<\/b><br> Lorsque la g\u00e9n\u00e9ration de votre widget personnel est termin\u00e9e, copiez le code individuel de la fen\u00eatre apparue et conservez-le pour une occasion ult\u00e9rieure.<\/li> <li><b>Commencez \u00e0 utiliser le plugin sur votre page Web Squarespace.<\/b><br> Ajoutez le code que vous avez enregistr\u00e9 auparavant dans votre page Web et appliquez les am\u00e9liorations.<\/li> <li><b>L&rsquo;installation est termin\u00e9e avec succ\u00e8s.<\/b><br> Acc\u00e9dez \u00e0 votre page Web pour inspecter le travail du plugin.<\/li><\/ol> <p>Si vous rencontrez des obstacles, n&rsquo;ayez pas peur de contactez notre service client. Nos consultants se feront un plaisir de r\u00e9soudre toutes les difficult\u00e9s que vous pourriez rencontrer avec le produit.<\/p> <div class=\"faq\" data-component=\"FAQ\"><div class=\"faq-item\">\r\n\t\t\t\t\t<div class=\"faq-item-question\">\r\n\t\t\t\t\t\t<h3 class=\"faq-item-question-text\">Comment int\u00e9grer le plugin Radio Player sur mon site Squarespace ?<\/h3>\r\n\r\n\t\t\t\t\t\t<div class=\"faq-item-question-icon\"><\/div>\r\n\t\t\t\t\t<\/div>\r\n\r\n\t\t\t\t\t<div class=\"faq-item-answer\">\r\n\t\t\t\t\t\t<div class=\"faq-item-answer-text\"><p>Vous pouvez int\u00e9grer le plugin Radio Player sur votre site Web Squarespace pour permettre \u00e0 vos utilisateurs d&rsquo;\u00e9couter des \u00e9missions de radio. Acc\u00e9dez simplement au panneau d&rsquo;administration et suivez ces \u00e9tapes\u00a0:<\/p><ol><li>Acc\u00e9dez aux param\u00e8tres du th\u00e8me.<\/li><li>S\u00e9lectionnez la section de votre site Squarespace dans laquelle vous souhaitez ajouter le lecteur radio.<\/li><li>Ins\u00e9rez le code du service Elfsight Apps et enregistrez vos modifications.<\/li><li>Tout est pr\u00eat.<\/li><\/ol><\/div>\r\n\t\t\t\t\t<\/div>\r\n\t\t\t\t<\/div><\/div><\/div>\n","protected":false},"excerpt":{"rendered":"","protected":false},"author":9,"featured_media":0,"parent":2723,"menu_order":0,"comment_status":"closed","ping_status":"closed","template":"templates\/template-application-platform.php","meta":{"publish_to_discourse":"","publish_post_category":"","wpdc_auto_publish_overridden":"","wpdc_topic_tags":"","wpdc_pin_topic":"","wpdc_pin_until":"","discourse_post_id":"","discourse_permalink":"","wpdc_publishing_response":"","wpdc_publishing_error":"","footnotes":""},"class_list":["post-13780","page","type-page","status-publish","hentry"],"yoast_head":"<!-- This site is optimized with the Yoast SEO plugin v25.3.1 - https:\/\/yoast.com\/wordpress\/plugins\/seo\/ -->\n<title>Plugin Elfsight Radio Player pour les sites Squarespace (gratuit et rapide)<\/title>\n<meta name=\"description\" content=\"Impl\u00e9mentez un plugin Radio Player r\u00e9actif sur votre site. Profitez de notre d\u00e9mo pratique et cr\u00e9ez votre plugin sans effort !\" \/>\n<meta name=\"robots\" content=\"index, follow, max-snippet:-1, max-image-preview:large, max-video-preview:-1\" \/>\n<link rel=\"canonical\" href=\"https:\/\/elfsight.com\/fr\/radio-player-widget\/squarespace\/\" \/>\n<meta property=\"og:locale\" content=\"fr_FR\" \/>\n<meta property=\"og:type\" content=\"article\" \/>\n<meta property=\"og:title\" content=\"Plugin Elfsight Radio Player pour les sites Squarespace (gratuit et rapide)\" \/>\n<meta property=\"og:description\" content=\"Impl\u00e9mentez un plugin Radio Player r\u00e9actif sur votre site. Profitez de notre d\u00e9mo pratique et cr\u00e9ez votre plugin sans effort !\" \/>\n<meta property=\"og:url\" content=\"https:\/\/elfsight.com\/fr\/radio-player-widget\/squarespace\/\" \/>\n<meta property=\"og:site_name\" content=\"Elfsight FR\" \/>\n<meta property=\"article:modified_time\" content=\"2024-12-19T10:53:33+00:00\" \/>\n<meta name=\"twitter:card\" content=\"summary_large_image\" \/>\n<meta name=\"twitter:label1\" content=\"Dur\u00e9e de lecture estim\u00e9e\" \/>\n\t<meta name=\"twitter:data1\" content=\"3 minutes\" \/>\n<!-- \/ Yoast SEO plugin. -->","yoast_head_json":{"title":"Plugin Elfsight Radio Player pour les sites Squarespace (gratuit et rapide)","description":"Impl\u00e9mentez un plugin Radio Player r\u00e9actif sur votre site. Profitez de notre d\u00e9mo pratique et cr\u00e9ez votre plugin sans effort !","robots":{"index":"index","follow":"follow","max-snippet":"max-snippet:-1","max-image-preview":"max-image-preview:large","max-video-preview":"max-video-preview:-1"},"canonical":"https:\/\/elfsight.com\/fr\/radio-player-widget\/squarespace\/","og_locale":"fr_FR","og_type":"article","og_title":"Plugin Elfsight Radio Player pour les sites Squarespace (gratuit et rapide)","og_description":"Impl\u00e9mentez un plugin Radio Player r\u00e9actif sur votre site. Profitez de notre d\u00e9mo pratique et cr\u00e9ez votre plugin sans effort !","og_url":"https:\/\/elfsight.com\/fr\/radio-player-widget\/squarespace\/","og_site_name":"Elfsight FR","article_modified_time":"2024-12-19T10:53:33+00:00","twitter_card":"summary_large_image","twitter_misc":{"Dur\u00e9e de lecture estim\u00e9e":"3 minutes"},"schema":{"@context":"https:\/\/schema.org","@graph":[{"@type":"WebPage","@id":"https:\/\/elfsight.com\/fr\/radio-player-widget\/squarespace\/","url":"https:\/\/elfsight.com\/fr\/radio-player-widget\/squarespace\/","name":"Plugin Elfsight Radio Player pour les sites Squarespace (gratuit et rapide)","isPartOf":{"@id":"https:\/\/elfsight.com\/fr\/#website"},"datePublished":"2024-05-03T06:45:40+00:00","dateModified":"2024-12-19T10:53:33+00:00","description":"Impl\u00e9mentez un plugin Radio Player r\u00e9actif sur votre site. Profitez de notre d\u00e9mo pratique et cr\u00e9ez votre plugin sans effort !","breadcrumb":{"@id":"https:\/\/elfsight.com\/fr\/radio-player-widget\/squarespace\/#breadcrumb"},"inLanguage":"fr-FR","potentialAction":[{"@type":"ReadAction","target":["https:\/\/elfsight.com\/fr\/radio-player-widget\/squarespace\/"]}]},{"@type":"BreadcrumbList","@id":"https:\/\/elfsight.com\/fr\/radio-player-widget\/squarespace\/#breadcrumb","itemListElement":[{"@type":"ListItem","position":1,"name":"Home","item":"https:\/\/elfsight.com\/fr\/"},{"@type":"ListItem","position":2,"name":"Radio Player","item":"https:\/\/elfsight.com\/fr\/radio-player-widget\/"},{"@type":"ListItem","position":3,"name":"Radio Player &#8211; Squarespace"}]},{"@type":"WebSite","@id":"https:\/\/elfsight.com\/fr\/#website","url":"https:\/\/elfsight.com\/fr\/","name":"Elfsight FR","description":"","potentialAction":[{"@type":"SearchAction","target":{"@type":"EntryPoint","urlTemplate":"https:\/\/elfsight.com\/fr\/?s={search_term_string}"},"query-input":{"@type":"PropertyValueSpecification","valueRequired":true,"valueName":"search_term_string"}}],"inLanguage":"fr-FR"}]}},"meta_box":{"industry":"","seo_heading":"","heading":"","description":"","cta_heading":"","cta_description":"","application":"2722","h1":"Plugin Squarespace Radio Player","h1_caption":"Ajoutez un flux radio en direct \u00e0 votre site Web avec un lecteur personnalisable qui adapte facilement votre image de marque \u00e0 votre site Web Squarespace.","application_category":[],"applications_title":"","applications_request_title":"","applications_request_button_text":"","hero_text":"","hero_video":"","hero_video_schema_markup":"","selling_points_title":"","selling_points_caption":"","selling_points":[],"selling_points_cta_text":"","features_title":"","features":"","ed_cta_examples_text":"","ed_cta_examples_hidden":"","ed_cta_demo_text":"","ed_cta_demo_hidden":"","why_caption":"","why_editor_title":"","why_editor_text":"","why_team_title":"","why_team_text":"","why_service_title":"","why_service_text":"","template_catalog_visible":"0","template_catalog_title":"","template_catalog_text":"","template_catalog_categories_visible":"","demo_title":"Cr\u00e9ez votre plugin Radio Player","demo_caption":"Configurez votre Player Radio et ajoutez-le gratuitement \u00e0 votre site Squarespace !","default_faq_hidden":"","app_template_category":[],"platform":"361","template_public_id":"","codecanyon_url":"","codecanyon_item_id":"","codecanyon_price":"","pricing_caption":"","pricing_elfsight_apps_hide_column":"","pricing_elfsight_apps_url":"","pricing_codecanyon_price_caption":"","integration_category":[],"integration_request_title":"","integration_request_cta":"","integration_platform":"","integrations":[],"platform_category":[],"video_schema_markup":"","price":"\u00e0 partir de 0$ \/ mois","trial":"","benefits":[{"text":"Service d'installation gratuit"},{"text":"Support client exp\u00e9riment\u00e9"},{"text":"Garantie de remboursement de 14 jours"},{"text":"Am\u00e9liorations gratuites r\u00e9guli\u00e8res"}],"button_url":"#demo","button_target_blank":"0","button_nofollow":"0","attributes":[{"name":"Installations","content":"10,000 - 100,000"},{"name":"Sensible","content":"Oui"},{"name":"Navigateurs compatibles","content":"Firefox, Safari, Opera, Chrome, Edge"}],"tags":[],"tags_disable_links":"0","hide_more_platforms":"","video_object":"","demo_hide_cta":"0","demo_hide_cloud_options":"0","pricing_title":"","pricing":[{"pricing_icon":"platform","pricing_title":"Elfsight Apps","pricing_title_caption":"Version multiplateforme qui fonctionne sur n'importe quel site Web","pricing_price":"from $0 \/ month","pricing_price_caption":"commencez avec un forfait gratuit","pricing_benefits":[{"text":"Sites Web illimit\u00e9s"},{"text":"Assistance professionnelle, ponctuelle et bien document\u00e9e"},{"text":"Assistance \u00e0 l'installation gratuite"},{"text":"100% personnalisable"}],"pricing_button_text":"Ajouter au site Web","pricing_button_url":"#demo"}],"related_apps_title":"","related_apps_hidden":"0","author":"","image":[],"title":"","job":"","social_networks":[]},"_links":{"self":[{"href":"https:\/\/elfsight.com\/fr\/wp-json\/wp\/v2\/pages\/13780","targetHints":{"allow":["GET"]}}],"collection":[{"href":"https:\/\/elfsight.com\/fr\/wp-json\/wp\/v2\/pages"}],"about":[{"href":"https:\/\/elfsight.com\/fr\/wp-json\/wp\/v2\/types\/page"}],"author":[{"embeddable":true,"href":"https:\/\/elfsight.com\/fr\/wp-json\/wp\/v2\/users\/9"}],"replies":[{"embeddable":true,"href":"https:\/\/elfsight.com\/fr\/wp-json\/wp\/v2\/comments?post=13780"}],"version-history":[{"count":2,"href":"https:\/\/elfsight.com\/fr\/wp-json\/wp\/v2\/pages\/13780\/revisions"}],"predecessor-version":[{"id":15908,"href":"https:\/\/elfsight.com\/fr\/wp-json\/wp\/v2\/pages\/13780\/revisions\/15908"}],"up":[{"embeddable":true,"href":"https:\/\/elfsight.com\/fr\/wp-json\/wp\/v2\/pages\/2723"}],"wp:attachment":[{"href":"https:\/\/elfsight.com\/fr\/wp-json\/wp\/v2\/media?parent=13780"}],"curies":[{"name":"wp","href":"https:\/\/api.w.org\/{rel}","templated":true}]}}