{"id":13774,"date":"2024-05-03T06:45:30","date_gmt":"2024-05-03T06:45:30","guid":{"rendered":"https:\/\/elfsight.com\/fr\/?page_id=13774"},"modified":"2025-07-10T13:11:37","modified_gmt":"2025-07-10T13:11:37","slug":"prestashop","status":"publish","type":"page","link":"https:\/\/elfsight.com\/fr\/radio-player-widget\/prestashop\/","title":{"rendered":"Radio Player &#8211; PrestaShop"},"content":{"rendered":"<div class=\"application-platform-content-item-description application-platform-content-item\" id=\"description\" data-nav-section=\"description\"> <h2>Description<\/h2> <p>Elfsight Radio Player est un outil simple vous permettant de diffuser des pistes audio directement sur votre page Web. Le widget est hautement personnalisable\u00a0: vous pouvez modifier son emplacement, l&rsquo;int\u00e9grer n&rsquo;importe o\u00f9 sur la page, redimensionner sa taille, recolorer l&rsquo;arri\u00e8re-plan et d&rsquo;autres parties pour le m\u00e9langer avec la mise en page de votre site Web, utiliser un th\u00e8me sombre, r\u00e9v\u00e9ler des couvertures et afficher ou masquer trois joueurs suppl\u00e9mentaires. des d\u00e9tails, par exemple la barre de progression et bien d\u2019autres. Incluez autant de pistes que vous le souhaitez pour divertir vos utilisateurs, activez la lecture automatique et n&rsquo;ayez aucun doute : vos visiteurs ne quitteront pas votre site Web pr\u00e9cipitamment ! <\/p><p><b>Int\u00e9grez Radio Player pour atteindre plus facilement vos objectifs e-commerce\u00a0! <\/b><\/p> <\/div> <div class=\"application-platform-content-item-features application-platform-content-item\" id=\"features\" data-nav-section=\"features\"> <h2>Voici la liste des fonctionnalit\u00e9s les plus utiles\u00a0: <\/h2> <ul><li>2 mises en page disponibles<\/li><li>Possibilit\u00e9 d&rsquo;ajouter une image d&rsquo;arri\u00e8re-plan<\/li><li>Ajouter un nombre illimit\u00e9 de stations<\/li><li>Une option pour cr\u00e9er votre jeu de couleurs personnalis\u00e9<\/li><li>Ajouter un nombre illimit\u00e9 de stations<\/li><li>D\u00e9montrer l&rsquo;\u00e9tat de la station<\/li><\/ul><p><a href=\"#demo\">Vous pouvez tester si le widget est fait pour vous \u00e0 l&rsquo;aide de la d\u00e9mo<\/a><\/p> <\/div> <div class=\"application-platform-content-item-installation application-platform-content-item\" id=\"installation\" data-nav-section=\"installation\"> <h2>Comment int\u00e9grer Radio Player sur la page Web PrestaShop ? <\/h2> <p>Suivez simplement les instructions ci-dessous pour activer l&rsquo;addon. <\/p> <ol><li><b>G\u00e9rez notre configurateur gratuit et commencez \u00e0 fa\u00e7onner votre instrument personnalis\u00e9. <\/b><br> Choisissez la forme et les sp\u00e9cifications pr\u00e9f\u00e9rables du widget et enregistrez les corrections. <\/li> <li><b>Recevez votre code unique qui appara\u00eet dans le formulaire sp\u00e9cial sur Elfsight Apps. <\/b><br> Une fois la configuration de votre outil termin\u00e9e, copiez le code personnel de la fen\u00eatre contextuelle apparue et enregistrez-le pour une utilisation ult\u00e9rieure. <\/li> <li><b>Commencez \u00e0 utiliser le widget sur votre site PrestaShop. <\/b><br> Ins\u00e9rez le code que vous avez enregistr\u00e9 auparavant dans votre site Web et appliquez les modifications. <\/li> <li><b>Fait\u00a0! L&rsquo;int\u00e9gration est effectu\u00e9e avec succ\u00e8s. <\/b><br> Acc\u00e9dez \u00e0 votre site Web pour voir en action les performances de l&rsquo;outil. <\/li><\/ol> <p>\u00c0 condition de r\u00e9pondre \u00e0 des demandes de renseignements ou de rencontrer des complications, veuillez postuler pour notre personnel d&rsquo;assistance. Nos sp\u00e9cialistes ont h\u00e2te de vous aider avec tous les probl\u00e8mes que vous pourriez rencontrer avec l&rsquo;outil. <\/p> <\/div>","protected":false},"excerpt":{"rendered":"","protected":false},"author":9,"featured_media":0,"parent":2723,"menu_order":0,"comment_status":"closed","ping_status":"closed","template":"templates\/template-application-platform.php","meta":{"publish_to_discourse":"","publish_post_category":"","wpdc_auto_publish_overridden":"","wpdc_topic_tags":"","wpdc_pin_topic":"","wpdc_pin_until":"","discourse_post_id":"","discourse_permalink":"","wpdc_publishing_response":"","wpdc_publishing_error":"","footnotes":""},"class_list":["post-13774","page","type-page","status-publish","hentry"],"yoast_head":"<!-- This site is optimized with the Yoast SEO plugin v25.3.1 - https:\/\/yoast.com\/wordpress\/plugins\/seo\/ -->\n<title>Module compl\u00e9mentaire Elfsight Radio Player pour les sites PrestaShop (gratuit et rapide)<\/title>\n<meta name=\"description\" content=\"Impl\u00e9mentez un module compl\u00e9mentaire Radio Player r\u00e9actif sur votre site. Profitez de notre d\u00e9mo pratique et cr\u00e9ez votre module compl\u00e9mentaire sans effort\u00a0!\" \/>\n<meta name=\"robots\" content=\"index, follow, max-snippet:-1, max-image-preview:large, max-video-preview:-1\" \/>\n<link rel=\"canonical\" href=\"https:\/\/elfsight.com\/fr\/radio-player-widget\/prestashop\/\" \/>\n<meta property=\"og:locale\" content=\"fr_FR\" \/>\n<meta property=\"og:type\" content=\"article\" \/>\n<meta property=\"og:title\" content=\"Module compl\u00e9mentaire Elfsight Radio Player pour les sites PrestaShop (gratuit et rapide)\" \/>\n<meta property=\"og:description\" content=\"Impl\u00e9mentez un module compl\u00e9mentaire Radio Player r\u00e9actif sur votre site. Profitez de notre d\u00e9mo pratique et cr\u00e9ez votre module compl\u00e9mentaire sans effort\u00a0!\" \/>\n<meta property=\"og:url\" content=\"https:\/\/elfsight.com\/fr\/radio-player-widget\/prestashop\/\" \/>\n<meta property=\"og:site_name\" content=\"Elfsight FR\" \/>\n<meta property=\"article:modified_time\" content=\"2025-07-10T13:11:37+00:00\" \/>\n<meta name=\"twitter:card\" content=\"summary_large_image\" \/>\n<meta name=\"twitter:label1\" content=\"Dur\u00e9e de lecture estim\u00e9e\" \/>\n\t<meta name=\"twitter:data1\" content=\"2 minutes\" \/>\n<!-- \/ Yoast SEO plugin. -->","yoast_head_json":{"title":"Module compl\u00e9mentaire Elfsight Radio Player pour les sites PrestaShop (gratuit et rapide)","description":"Impl\u00e9mentez un module compl\u00e9mentaire Radio Player r\u00e9actif sur votre site. Profitez de notre d\u00e9mo pratique et cr\u00e9ez votre module compl\u00e9mentaire sans effort\u00a0!","robots":{"index":"index","follow":"follow","max-snippet":"max-snippet:-1","max-image-preview":"max-image-preview:large","max-video-preview":"max-video-preview:-1"},"canonical":"https:\/\/elfsight.com\/fr\/radio-player-widget\/prestashop\/","og_locale":"fr_FR","og_type":"article","og_title":"Module compl\u00e9mentaire Elfsight Radio Player pour les sites PrestaShop (gratuit et rapide)","og_description":"Impl\u00e9mentez un module compl\u00e9mentaire Radio Player r\u00e9actif sur votre site. Profitez de notre d\u00e9mo pratique et cr\u00e9ez votre module compl\u00e9mentaire sans effort\u00a0!","og_url":"https:\/\/elfsight.com\/fr\/radio-player-widget\/prestashop\/","og_site_name":"Elfsight FR","article_modified_time":"2025-07-10T13:11:37+00:00","twitter_card":"summary_large_image","twitter_misc":{"Dur\u00e9e de lecture estim\u00e9e":"2 minutes"},"schema":{"@context":"https:\/\/schema.org","@graph":[{"@type":"WebPage","@id":"https:\/\/elfsight.com\/fr\/radio-player-widget\/prestashop\/","url":"https:\/\/elfsight.com\/fr\/radio-player-widget\/prestashop\/","name":"Module compl\u00e9mentaire Elfsight Radio Player pour les sites PrestaShop (gratuit et rapide)","isPartOf":{"@id":"https:\/\/elfsight.com\/fr\/#website"},"datePublished":"2024-05-03T06:45:30+00:00","dateModified":"2025-07-10T13:11:37+00:00","description":"Impl\u00e9mentez un module compl\u00e9mentaire Radio Player r\u00e9actif sur votre site. Profitez de notre d\u00e9mo pratique et cr\u00e9ez votre module compl\u00e9mentaire sans effort\u00a0!","breadcrumb":{"@id":"https:\/\/elfsight.com\/fr\/radio-player-widget\/prestashop\/#breadcrumb"},"inLanguage":"fr-FR","potentialAction":[{"@type":"ReadAction","target":["https:\/\/elfsight.com\/fr\/radio-player-widget\/prestashop\/"]}]},{"@type":"BreadcrumbList","@id":"https:\/\/elfsight.com\/fr\/radio-player-widget\/prestashop\/#breadcrumb","itemListElement":[{"@type":"ListItem","position":1,"name":"Home","item":"https:\/\/elfsight.com\/fr\/"},{"@type":"ListItem","position":2,"name":"Radio Player","item":"https:\/\/elfsight.com\/fr\/radio-player-widget\/"},{"@type":"ListItem","position":3,"name":"Radio Player &#8211; PrestaShop"}]},{"@type":"WebSite","@id":"https:\/\/elfsight.com\/fr\/#website","url":"https:\/\/elfsight.com\/fr\/","name":"Elfsight FR","description":"","potentialAction":[{"@type":"SearchAction","target":{"@type":"EntryPoint","urlTemplate":"https:\/\/elfsight.com\/fr\/?s={search_term_string}"},"query-input":{"@type":"PropertyValueSpecification","valueRequired":true,"valueName":"search_term_string"}}],"inLanguage":"fr-FR"}]}},"meta_box":{"industry":"","seo_heading":"","heading":"","description":"","cta_heading":"","cta_description":"","application":"2722","h1":"Module compl\u00e9mentaire de lecteur radio PrestaShop","h1_caption":"Ajoutez un flux radio en direct \u00e0 votre site Web avec un lecteur personnalisable qui adapte facilement votre image de marque \u00e0 votre site Web Prestashop.","application_category":[],"applications_title":"","applications_request_title":"","applications_request_button_text":"","hero_text":"","hero_video":"","hero_video_schema_markup":"","selling_points_title":"","selling_points_caption":"","selling_points":[],"selling_points_cta_text":"","features_title":"","features":"","ed_cta_examples_text":"","ed_cta_examples_hidden":"","ed_cta_demo_text":"","ed_cta_demo_hidden":"","why_caption":"","why_editor_title":"","why_editor_text":"","why_team_title":"","why_team_text":"","why_service_title":"","why_service_text":"","template_catalog_visible":"","template_catalog_title":"","template_catalog_text":"","template_catalog_categories_visible":"","demo_title":"Cr\u00e9ez votre module Radio Player","demo_caption":"Configurez votre Player Radio et ajoutez-le \u00e0 votre site PrestaShop gratuitement !","default_faq_hidden":"","app_template_category":[],"platform":"3190","template_public_id":"","codecanyon_url":"","codecanyon_item_id":"","codecanyon_price":"","pricing_caption":"","pricing_elfsight_apps_hide_column":"","pricing_elfsight_apps_url":"","pricing_codecanyon_price_caption":"","integration_category":[],"integration_request_title":"","integration_request_cta":"","integration_platform":"","integrations":[],"platform_category":[],"video_schema_markup":"","price":"\u00e0 partir de 0$ \/ mois","trial":"","benefits":[{"text":"Aide \u00e0 l'installation gratuite"},{"text":"Service client comp\u00e9tent"},{"text":"Garantie de remboursement de 14 jours"},{"text":"Am\u00e9liorations futures"}],"button_url":"#demo","button_target_blank":"","button_nofollow":"","attributes":[{"name":"Installations","content":"10,000 - 100,000"},{"name":"Sensible","content":"Oui"},{"name":"Navigateurs compatibles","content":"Firefox, Safari, Opera, Chrome, Edge"}],"tags":[],"tags_disable_links":"","hide_more_platforms":"","video_object":"","demo_hide_cta":"","demo_hide_cloud_options":"","pricing_title":"","pricing":[{"pricing_icon":"platform","pricing_title":"Elfsight Apps","pricing_title_caption":"Logiciel multiplateforme qui fonctionne sur n'importe quel site","pricing_price":"from $0 \/ month","pricing_price_caption":"commencez avec un forfait gratuit","pricing_benefits":[{"text":"Sites Web illimit\u00e9s"},{"text":"Support client professionnel"},{"text":"Service d'installation gratuit"},{"text":"Enti\u00e8rement personnalisable"}],"pricing_button_text":"Ajouter au site Web","pricing_button_url":"#demo"}],"related_apps_title":"","related_apps_hidden":"","author":"","image":[],"title":"","job":"","social_networks":[]},"_links":{"self":[{"href":"https:\/\/elfsight.com\/fr\/wp-json\/wp\/v2\/pages\/13774","targetHints":{"allow":["GET"]}}],"collection":[{"href":"https:\/\/elfsight.com\/fr\/wp-json\/wp\/v2\/pages"}],"about":[{"href":"https:\/\/elfsight.com\/fr\/wp-json\/wp\/v2\/types\/page"}],"author":[{"embeddable":true,"href":"https:\/\/elfsight.com\/fr\/wp-json\/wp\/v2\/users\/9"}],"replies":[{"embeddable":true,"href":"https:\/\/elfsight.com\/fr\/wp-json\/wp\/v2\/comments?post=13774"}],"version-history":[{"count":1,"href":"https:\/\/elfsight.com\/fr\/wp-json\/wp\/v2\/pages\/13774\/revisions"}],"predecessor-version":[{"id":13778,"href":"https:\/\/elfsight.com\/fr\/wp-json\/wp\/v2\/pages\/13774\/revisions\/13778"}],"up":[{"embeddable":true,"href":"https:\/\/elfsight.com\/fr\/wp-json\/wp\/v2\/pages\/2723"}],"wp:attachment":[{"href":"https:\/\/elfsight.com\/fr\/wp-json\/wp\/v2\/media?parent=13774"}],"curies":[{"name":"wp","href":"https:\/\/api.w.org\/{rel}","templated":true}]}}