{"id":13772,"date":"2024-05-03T06:45:10","date_gmt":"2024-05-03T06:45:10","guid":{"rendered":"https:\/\/elfsight.com\/fr\/?page_id=13772"},"modified":"2025-07-10T13:09:03","modified_gmt":"2025-07-10T13:09:03","slug":"weebly","status":"publish","type":"page","link":"https:\/\/elfsight.com\/fr\/qr-code-widget\/weebly\/","title":{"rendered":"QR Code &#8211; Weebly"},"content":{"rendered":"<div class=\"application-platform-content-item-description application-platform-content-item\" id=\"description\" data-nav-section=\"description\"> <h2>Description<\/h2> <p>Le g\u00e9n\u00e9rateur de QR Code est un outil impressionnant pour Weebly vous permettant de rediriger rapidement vos visiteurs vers n&rsquo;importe quel site Web, de partager un lien, un emplacement, un e-mail, un fichier et plus encore. Le widget est extr\u00eamement personnalisable\u00a0: vous \u00eates libre de joindre un titre, une l\u00e9gende, de choisir l&rsquo;ic\u00f4ne et le logo \u00e0 l&rsquo;aide de notre biblioth\u00e8que ou de t\u00e9l\u00e9charger les v\u00f4tres, de recolorer le texte, l&rsquo;arri\u00e8re-plan, le cadre et de modifier la taille en fonction de votre site Web. Il ne reste plus qu&rsquo;\u00e0 commencer \u00e0 cr\u00e9er le widget &#8211; l&rsquo;installation est simple et ne n\u00e9cessitera aucune comp\u00e9tence en codage de votre part. <\/p> <p><b>Ins\u00e9rez le code QR dans votre site Web et redirigez les visiteurs directement l\u00e0 o\u00f9 vous souhaitez qu&rsquo;ils soient et rationalisez la consommation de contenu<\/b><\/p> <\/div> <div class=\"application-platform-content-item-features  application-platform-content-item\" id=\"features \" data-nav-section=\"features \"> <h2>Voici les fonctionnalit\u00e9s de base du widget\u00a0: <\/h2> <ul><li>Acc\u00e8s instantan\u00e9 au contenu que vous avez t\u00e9l\u00e9charg\u00e9<\/li><li>Joignez n&rsquo;importe quel texte<\/li><li>8 commutables logos<\/li><li>Quinze ic\u00f4nes \u00e9changeables \u00e0 choisir<\/li><li>Repeignez toutes les pi\u00e8ces<\/li><\/ul><p><a href=\"#demo\">Vous pouvez essayer le toutes les fonctionnalit\u00e9s du widget dans la d\u00e9mo sur cette page<\/a><\/p> <\/div> <div class=\"application-platform-content-item-installation application-platform-content-item\" id=\"installation\" data-nav-section=\"installation\"> <h2>Comment int\u00e9grer le code QR dans ma page Web Weebly\u00a0? <\/h2> <p>Suivez simplement les \u00e9tapes suivantes d\u00e9crites ci-dessous pour int\u00e9grer le plugin. <\/p> <ol><li><b>Lancez notre configurateur gratuit et commencez \u00e0 fa\u00e7onner votre application personnalis\u00e9e. <\/b><br> Choisissez l&rsquo;interface personnalis\u00e9e et les aspects de l&rsquo;application et enregistrez toutes les modifications. <\/li> <li><b>Recevez votre code personnel apparaissant dans le formulaire sp\u00e9cial sur Elfsight Apps. <\/b><br> Juste apr\u00e8s la cr\u00e9ation de votre application, copiez le code individuel dans la fen\u00eatre qui appara\u00eet et enregistrez-le pour une utilisation ult\u00e9rieure. <\/li> <li><b>Entrez sur l&rsquo;utilisation de l&rsquo;application sur votre page Web Weebly. <\/b><br> Placez le code copi\u00e9 r\u00e9cemment dans votre page et enregistrez les corrections. <\/li> <li><b>Vous avez termin\u00e9\u00a0! L&rsquo;int\u00e9gration est pleinement r\u00e9alis\u00e9e. <\/b><br> Ouvrez votre site Web pour v\u00e9rifier le fonctionnement de l&rsquo;application. <\/li><\/ol><p>Si vous rencontrez des probl\u00e8mes, n&rsquo;h\u00e9sitez pas \u00e0 demander l&rsquo;aide de notre \u00e9quipe d&rsquo;assistance. Nos sp\u00e9cialistes ont h\u00e2te de r\u00e9soudre toutes les questions que vous pourriez avoir avec le produit. <\/p> <div class=\"faq\" data-component=\"FAQ\"><div class=\"faq-item\">\r\n\t\t\t\t\t<div class=\"faq-item-question\">\r\n\t\t\t\t\t\t<h3 class=\"faq-item-question-text\">Existe-t-il une option pour ajouter un code QR \u00e0 ma page d'accueil Weebly sans comp\u00e9tences en codage ?<\/h3>\r\n\r\n\t\t\t\t\t\t<div class=\"faq-item-question-icon\"><\/div>\r\n\t\t\t\t\t<\/div>\r\n\r\n\t\t\t\t\t<div class=\"faq-item-answer\">\r\n\t\t\t\t\t\t<div class=\"faq-item-answer-text\"> <p>Elfsight propose une solution qui permet aux utilisateurs de cr\u00e9er eux-m\u00eames un widget de code QR, voir le simple guide\u00a0: Commencez \u00e0 travailler directement dans l&rsquo;\u00e9diteur en direct pour g\u00e9n\u00e9rer un widget QR Code que vous aimeriez voir sur le site Web Weebly. Choisissez l&rsquo;un des mod\u00e8les pr\u00e9d\u00e9finis et modifiez les param\u00e8tres du code QR, ajoutez votre contenu, modifiez la mise en page et les couleurs sans aucune exp\u00e9rience de codage. Enregistrez le code QR et obtenez son code \u00e0 int\u00e9grer, que vous pouvez facilement inclure gratuitement dans le site Weebly. \u00c0 l&rsquo;aide de notre configurateur intuitif, tout internaute peut cr\u00e9er un code QR et l&rsquo;inclure sans effort \u00e0 la page Web Weebly. Il n&rsquo;est pas n\u00e9cessaire de souscrire \u00e0 un abonnement payant ou de divulguer les informations d&rsquo;identification de votre carte pour acc\u00e9der \u00e0 l&rsquo;\u00e9diteur. Si vous rencontrez des probl\u00e8mes \u00e0 n&rsquo;importe quelle \u00e9tape, n&rsquo;h\u00e9sitez pas \u00e0 contacter notre service client.<\/p> <\/div>\r\n\t\t\t\t\t<\/div>\r\n\t\t\t\t<\/div> <\/div><\/div>","protected":false},"excerpt":{"rendered":"","protected":false},"author":9,"featured_media":0,"parent":2881,"menu_order":0,"comment_status":"closed","ping_status":"closed","template":"templates\/template-application-platform.php","meta":{"publish_to_discourse":"","publish_post_category":"","wpdc_auto_publish_overridden":"","wpdc_topic_tags":"","wpdc_pin_topic":"","wpdc_pin_until":"","discourse_post_id":"","discourse_permalink":"","wpdc_publishing_response":"","wpdc_publishing_error":"","footnotes":""},"class_list":["post-13772","page","type-page","status-publish","hentry"],"yoast_head":"<!-- This site is optimized with the Yoast SEO plugin v25.3.1 - https:\/\/yoast.com\/wordpress\/plugins\/seo\/ -->\n<title>G\u00e9n\u00e9rateur de code QR - Cr\u00e9er un code QR pour le site Web Weebly [2025]<\/title>\n<meta name=\"description\" content=\"Cr\u00e9ez facilement votre g\u00e9n\u00e9rateur de code QR unique pour le site Weebly. Utilisez simplement notre d\u00e9mo active et votre application sera cr\u00e9\u00e9e en moins de deux minutes.\" \/>\n<meta name=\"robots\" content=\"index, follow, max-snippet:-1, max-image-preview:large, max-video-preview:-1\" \/>\n<link rel=\"canonical\" href=\"https:\/\/elfsight.com\/fr\/qr-code-widget\/weebly\/\" \/>\n<meta property=\"og:locale\" content=\"fr_FR\" \/>\n<meta property=\"og:type\" content=\"article\" \/>\n<meta property=\"og:title\" content=\"G\u00e9n\u00e9rateur de code QR - Cr\u00e9er un code QR pour le site Web Weebly [2025]\" \/>\n<meta property=\"og:description\" content=\"Cr\u00e9ez facilement votre g\u00e9n\u00e9rateur de code QR unique pour le site Weebly. Utilisez simplement notre d\u00e9mo active et votre application sera cr\u00e9\u00e9e en moins de deux minutes.\" \/>\n<meta property=\"og:url\" content=\"https:\/\/elfsight.com\/fr\/qr-code-widget\/weebly\/\" \/>\n<meta property=\"og:site_name\" content=\"Elfsight FR\" \/>\n<meta property=\"article:modified_time\" content=\"2025-07-10T13:09:03+00:00\" \/>\n<meta name=\"twitter:card\" content=\"summary_large_image\" \/>\n<meta name=\"twitter:label1\" content=\"Dur\u00e9e de lecture estim\u00e9e\" \/>\n\t<meta name=\"twitter:data1\" content=\"3 minutes\" \/>\n<!-- \/ Yoast SEO plugin. -->","yoast_head_json":{"title":"G\u00e9n\u00e9rateur de code QR - Cr\u00e9er un code QR pour le site Web Weebly [2025]","description":"Cr\u00e9ez facilement votre g\u00e9n\u00e9rateur de code QR unique pour le site Weebly. Utilisez simplement notre d\u00e9mo active et votre application sera cr\u00e9\u00e9e en moins de deux minutes.","robots":{"index":"index","follow":"follow","max-snippet":"max-snippet:-1","max-image-preview":"max-image-preview:large","max-video-preview":"max-video-preview:-1"},"canonical":"https:\/\/elfsight.com\/fr\/qr-code-widget\/weebly\/","og_locale":"fr_FR","og_type":"article","og_title":"G\u00e9n\u00e9rateur de code QR - Cr\u00e9er un code QR pour le site Web Weebly [2025]","og_description":"Cr\u00e9ez facilement votre g\u00e9n\u00e9rateur de code QR unique pour le site Weebly. Utilisez simplement notre d\u00e9mo active et votre application sera cr\u00e9\u00e9e en moins de deux minutes.","og_url":"https:\/\/elfsight.com\/fr\/qr-code-widget\/weebly\/","og_site_name":"Elfsight FR","article_modified_time":"2025-07-10T13:09:03+00:00","twitter_card":"summary_large_image","twitter_misc":{"Dur\u00e9e de lecture estim\u00e9e":"3 minutes"},"schema":{"@context":"https:\/\/schema.org","@graph":[{"@type":"WebPage","@id":"https:\/\/elfsight.com\/fr\/qr-code-widget\/weebly\/","url":"https:\/\/elfsight.com\/fr\/qr-code-widget\/weebly\/","name":"G\u00e9n\u00e9rateur de code QR - Cr\u00e9er un code QR pour le site Web Weebly [2025]","isPartOf":{"@id":"https:\/\/elfsight.com\/fr\/#website"},"datePublished":"2024-05-03T06:45:10+00:00","dateModified":"2025-07-10T13:09:03+00:00","description":"Cr\u00e9ez facilement votre g\u00e9n\u00e9rateur de code QR unique pour le site Weebly. Utilisez simplement notre d\u00e9mo active et votre application sera cr\u00e9\u00e9e en moins de deux minutes.","breadcrumb":{"@id":"https:\/\/elfsight.com\/fr\/qr-code-widget\/weebly\/#breadcrumb"},"inLanguage":"fr-FR","potentialAction":[{"@type":"ReadAction","target":["https:\/\/elfsight.com\/fr\/qr-code-widget\/weebly\/"]}]},{"@type":"BreadcrumbList","@id":"https:\/\/elfsight.com\/fr\/qr-code-widget\/weebly\/#breadcrumb","itemListElement":[{"@type":"ListItem","position":1,"name":"Home","item":"https:\/\/elfsight.com\/fr\/"},{"@type":"ListItem","position":2,"name":"QR Code","item":"https:\/\/elfsight.com\/fr\/qr-code-widget\/"},{"@type":"ListItem","position":3,"name":"QR Code &#8211; Weebly"}]},{"@type":"WebSite","@id":"https:\/\/elfsight.com\/fr\/#website","url":"https:\/\/elfsight.com\/fr\/","name":"Elfsight FR","description":"","potentialAction":[{"@type":"SearchAction","target":{"@type":"EntryPoint","urlTemplate":"https:\/\/elfsight.com\/fr\/?s={search_term_string}"},"query-input":{"@type":"PropertyValueSpecification","valueRequired":true,"valueName":"search_term_string"}}],"inLanguage":"fr-FR"}]}},"meta_box":{"industry":"","seo_heading":"","heading":"","description":"","cta_heading":"","cta_description":"","application":"2880","h1":"G\u00e9n\u00e9rateur de codes QR Weebly","h1_caption":"G\u00e9n\u00e9rez et affichez un code QR pour acc\u00e9der facilement aux URL, au Wi-Fi, aux cartes de visite et bien plus encore sur votre site Web Weebly.","application_category":[],"applications_title":"","applications_request_title":"","applications_request_button_text":"","hero_text":"","hero_video":"","hero_video_schema_markup":"","selling_points_title":"","selling_points_caption":"","selling_points":[],"selling_points_cta_text":"","features_title":"","features":"","ed_cta_examples_text":"","ed_cta_examples_hidden":"","ed_cta_demo_text":"","ed_cta_demo_hidden":"","why_caption":"","why_editor_title":"","why_editor_text":"","why_team_title":"","why_team_text":"","why_service_title":"","why_service_text":"","template_catalog_visible":"","template_catalog_title":"","template_catalog_text":"","template_catalog_categories_visible":"","demo_title":"Cr\u00e9ez votre application QR Code","demo_caption":"Configurez votre QR Code et ajoutez-le gratuitement \u00e0 votre site Web Weebly\u00a0!","default_faq_hidden":"","app_template_category":[],"platform":"363","template_public_id":"","codecanyon_url":"","codecanyon_item_id":"","codecanyon_price":"","pricing_caption":"","pricing_elfsight_apps_hide_column":"","pricing_elfsight_apps_url":"","pricing_codecanyon_price_caption":"","integration_category":[],"integration_request_title":"","integration_request_cta":"","integration_platform":"","integrations":[],"platform_category":[],"video_schema_markup":"","price":"\u00e0 partir de 0$ \/ mois","trial":"","benefits":[{"text":"Aide \u00e0 l'installation gratuite"},{"text":"Soutien exceptionnel"},{"text":"Garantie de remboursement de 14 jours"},{"text":"Futures mises \u00e0 jour gratuites"}],"button_url":"#demo","button_target_blank":"","button_nofollow":"","attributes":[{"name":"Installations","content":"10,000 - 100,000"},{"name":"Sensible","content":"Oui"},{"name":"Navigateurs compatibles","content":"Firefox, Safari, Opera, Chrome, Edge"}],"tags":[],"tags_disable_links":"","hide_more_platforms":"","video_object":"","demo_hide_cta":"","demo_hide_cloud_options":"","pricing_title":"","pricing":[{"pricing_icon":"platform","pricing_title":"Elfsight Apps","pricing_title_caption":"Solution num\u00e9rique ind\u00e9pendante de la plateforme qui fonctionne sur n'importe quel site","pricing_price":"from $0 \/ month","pricing_price_caption":"commencez avec un forfait gratuit","pricing_benefits":[{"text":"Domaines illimit\u00e9s"},{"text":"Support professionnel de l\u2019entreprise et bien document\u00e9"},{"text":"Aide \u00e0 l'installation gratuite"},{"text":"Conception flexible"}],"pricing_button_text":"Ajouter au site Web","pricing_button_url":"#demo"}],"related_apps_title":"","related_apps_hidden":"","author":"","image":[],"title":"","job":"","social_networks":[]},"_links":{"self":[{"href":"https:\/\/elfsight.com\/fr\/wp-json\/wp\/v2\/pages\/13772","targetHints":{"allow":["GET"]}}],"collection":[{"href":"https:\/\/elfsight.com\/fr\/wp-json\/wp\/v2\/pages"}],"about":[{"href":"https:\/\/elfsight.com\/fr\/wp-json\/wp\/v2\/types\/page"}],"author":[{"embeddable":true,"href":"https:\/\/elfsight.com\/fr\/wp-json\/wp\/v2\/users\/9"}],"replies":[{"embeddable":true,"href":"https:\/\/elfsight.com\/fr\/wp-json\/wp\/v2\/comments?post=13772"}],"version-history":[{"count":1,"href":"https:\/\/elfsight.com\/fr\/wp-json\/wp\/v2\/pages\/13772\/revisions"}],"predecessor-version":[{"id":13776,"href":"https:\/\/elfsight.com\/fr\/wp-json\/wp\/v2\/pages\/13772\/revisions\/13776"}],"up":[{"embeddable":true,"href":"https:\/\/elfsight.com\/fr\/wp-json\/wp\/v2\/pages\/2881"}],"wp:attachment":[{"href":"https:\/\/elfsight.com\/fr\/wp-json\/wp\/v2\/media?parent=13772"}],"curies":[{"name":"wp","href":"https:\/\/api.w.org\/{rel}","templated":true}]}}