{"id":13765,"date":"2024-05-03T06:44:30","date_gmt":"2024-05-03T06:44:30","guid":{"rendered":"https:\/\/elfsight.com\/fr\/?page_id=13765"},"modified":"2025-07-10T12:41:23","modified_gmt":"2025-07-10T12:41:23","slug":"jquery","status":"publish","type":"page","link":"https:\/\/elfsight.com\/fr\/portfolio-widget\/jquery\/","title":{"rendered":"Portfolio &#8211; jQuery"},"content":{"rendered":"<div class=\"application-platform-content-item-description application-platform-content-item\" id=\"description\" data-nav-section=\"description\"><h2>Description<\/h2><p>La galerie Elfsight Portfolio est con\u00e7ue pour chaque personne qui a pour t\u00e2che d&rsquo;afficher sa biblioth\u00e8que de projets sur le site Web et augmenter le nombre de commandes. En utilisant notre galerie de portfolio r\u00e9active avec jquery, vous pouvez r\u00e9v\u00e9ler des s\u00e9lections d&rsquo;images, de vid\u00e9os, de maquettes et d&rsquo;autres contenus. Chaque fichier de projet peut avoir un texte et une date. Vous avez la possibilit\u00e9 de lier des projets \u00e0 des sites Web et de les r\u00e9partir en groupes. Votre public verra votre portfolio, entrera dans chaque projet et regardera toutes les \u0153uvres directement sur votre site. L&rsquo;en-t\u00eate affichera votre nom complet, votre photo et vos coordonn\u00e9es, qui vous aideront \u00e0 communiquer avec vous. Le bouton d&rsquo;appel \u00e0 l&rsquo;action dirigera les gens vers la page de commande et vous aidera \u00e0 augmenter le niveau de ventes.<\/p><div class=\"faq\" data-component=\"FAQ\"> <div class=\"faq-item\">\r\n\t\t\t\t\t<div class=\"faq-item-question\">\r\n\t\t\t\t\t\t<h3 class=\"faq-item-question-text\">O\u00f9 puis-je publier ce plugin<\/h3>\r\n\r\n\t\t\t\t\t\t<div class=\"faq-item-question-icon\"><\/div>\r\n\t\t\t\t\t<\/div>\r\n\r\n\t\t\t\t\t<div class=\"faq-item-answer\">\r\n\t\t\t\t\t\t<div class=\"faq-item-answer-text\"><p>Il peut faire son travail sur n&rsquo;importe quelle page du site ainsi que sur toutes les pages. Vos supports attrayants attireront l&rsquo;attention des visiteurs publi\u00e9s sur la page principale du site et pourront illustrer vos offres sur les pages Portfolio.<\/p><\/div>\r\n\t\t\t\t\t<\/div>\r\n\t\t\t\t<\/div><div class=\"faq-item\">\r\n\t\t\t\t\t<div class=\"faq-item-question\">\r\n\t\t\t\t\t\t<h3 class=\"faq-item-question-text\">Quels sont les avantages de l'utiliser pour moi ?<\/h3>\r\n\r\n\t\t\t\t\t\t<div class=\"faq-item-question-icon\"><\/div>\r\n\t\t\t\t\t<\/div>\r\n\r\n\t\t\t\t\t<div class=\"faq-item-answer\">\r\n\t\t\t\t\t\t<div class=\"faq-item-answer-text\"><p>Une collection fascinante de vos \u0153uvres prouvera aux visiteurs toutes vos comp\u00e9tences et votre cr\u00e9ativit\u00e9. Cela rendra les utilisateurs d\u00e9sireux de vivre la m\u00eame exp\u00e9rience et vous verrez de nouvelles commandes. De plus, en utilisant les moyens rapides de vous contacter, vous pouvez augmenter le nombre de prospects.<\/p><\/div>\r\n\t\t\t\t\t<\/div>\r\n\t\t\t\t<\/div><div class=\"faq-item\">\r\n\t\t\t\t\t<div class=\"faq-item-question\">\r\n\t\t\t\t\t\t<h3 class=\"faq-item-question-text\">De quoi ai-je besoin pour ajouter Portfolio Grid sur mon site jQuery ?<\/h3>\r\n\r\n\t\t\t\t\t\t<div class=\"faq-item-question-icon\"><\/div>\r\n\t\t\t\t\t<\/div>\r\n\r\n\t\t\t\t\t<div class=\"faq-item-answer\">\r\n\t\t\t\t\t\t<div class=\"faq-item-answer-text\"><p>Cela ne prendra que deux minutes de votre temps pour commencer \u00e0 utiliser le widget. Le processus est extr\u00eamement rapide, gratuit et sans codage.<\/p><p>Vous pouvez coller le code Portfolio sur le site Web directement via notre service. Pour cela, vous devez suivre le guide ci-dessous sur cette page.<\/p><\/div>\r\n\t\t\t\t\t<\/div>\r\n\t\t\t\t<\/div><\/div><\/div><div class=\"application-platform-content-item-features application-platform-content-item\" id=\"features\" data-nav-section=\"features\"><h2>Fonctionnalit\u00e9s<\/h2><p>Pour obtenir Pour une meilleure compr\u00e9hension de jQuery Portfolio Gallery, consultez la liste de ses caract\u00e9ristiques les plus pr\u00e9cieuses. Ils rendent notre plugin vraiment efficace pour votre promotion\u00a0:<\/p><ul><li>D\u00e9montrez un nombre illimit\u00e9 de projets et ajoutez des titres\u00a0;<\/li><li>\u00c9tablissez des groupes et divisez les projets en eux\u00a0;<\/li><li>S\u00e9lectionnez les types de donn\u00e9es \u00e0 afficher dans une fen\u00eatre contextuelle et survolez\u00a0;<\/li><li>Ajoutez des descriptions et des dates aux mat\u00e9riaux du projet\u00a0;<\/li><li>Conception enti\u00e8rement r\u00e9active\u00a0;<\/li><li>Appelez Le bouton d&rsquo;action sur l&rsquo;en-t\u00eate du widget et dans la fen\u00eatre contextuelle redirige les utilisateurs vers n&rsquo;importe quel site ou page.<\/li><\/ul><p><a href=\"#demo\">Pour explorer toutes les fonctionnalit\u00e9s, consultez notre d\u00e9mo en direct <\/a><\/p><\/div><div class=\"application-platform-content-item-installation application-platform-content-item\" id=\"installation\" data-nav-section=\"installation\"><h2>Comment ajouter le plugin Portfolio \u00e0 votre site Web jQuery<\/h2><p>Les actions suivantes sont la seule chose dont vous avez besoin pour faites pour que le widget soit op\u00e9rationnel.<\/p><ol><li><b>Cr\u00e9ez votre propre grille de portefeuille<\/b><br> Gr\u00e2ce \u00e0 notre d\u00e9mo gratuite, g\u00e9n\u00e9rez un plugin avec une mise en page personnalis\u00e9e et des fonctionnalit\u00e9s caract\u00e9ristiques. <\/li><li><b>Recevez le code personnel pour configurer le plugin<\/b><br> Apr\u00e8s avoir cr\u00e9\u00e9 votre widget, vous obtiendrez votre code personnel dans la fen\u00eatre contextuelle d&rsquo;Elfsight Apps. Copiez ce code pour une utilisation future. <\/li> <li><b>Publiez le plugin sur votre site jQuery<\/b><br> Allez \u00e0 l&rsquo;endroit dont vous avez besoin pour afficher le widget et ins\u00e9rez-y le code enregistr\u00e9. Enregistrez les r\u00e9sultats. <\/li> <li><b>Termin\u00e9\u00a0!<\/b><br> Acc\u00e9dez \u00e0 la page Web pour v\u00e9rifier votre plugin Portfolio. <\/li> <\/ol><p>Il y a encore quelque chose qui vous rend incertain\u00a0? Ou vous avez des questions ? Il suffit d&rsquo;adresser une demande \u00e0 notre \u00e9quipe d&rsquo;assistance pour r\u00e9soudre tout type de probl\u00e8me.<\/p><\/div>","protected":false},"excerpt":{"rendered":"","protected":false},"author":9,"featured_media":0,"parent":2589,"menu_order":0,"comment_status":"closed","ping_status":"closed","template":"templates\/template-application-platform.php","meta":{"publish_to_discourse":"","publish_post_category":"","wpdc_auto_publish_overridden":"","wpdc_topic_tags":"","wpdc_pin_topic":"","wpdc_pin_until":"","discourse_post_id":"","discourse_permalink":"","wpdc_publishing_response":"","wpdc_publishing_error":"","footnotes":""},"class_list":["post-13765","page","type-page","status-publish","hentry"],"yoast_head":"<!-- This site is optimized with the Yoast SEO plugin v25.3.1 - https:\/\/yoast.com\/wordpress\/plugins\/seo\/ -->\n<title>Plugin Portfolio Gallery pour le site Web jQuery (gratuit et rapide)<\/title>\n<meta name=\"description\" content=\"C&#039;est un jeu d&#039;enfant de cr\u00e9er votre plugin Portfolio Gallery r\u00e9actif et de l&#039;ajouter sur votre site Web jQuery. Le service client Elfsight est gratuit et rapide.\" \/>\n<meta name=\"robots\" content=\"index, follow, max-snippet:-1, max-image-preview:large, max-video-preview:-1\" \/>\n<link rel=\"canonical\" href=\"https:\/\/elfsight.com\/fr\/portfolio-widget\/jquery\/\" \/>\n<meta property=\"og:locale\" content=\"fr_FR\" \/>\n<meta property=\"og:type\" content=\"article\" \/>\n<meta property=\"og:title\" content=\"Plugin Portfolio Gallery pour le site Web jQuery (gratuit et rapide)\" \/>\n<meta property=\"og:description\" content=\"C&#039;est un jeu d&#039;enfant de cr\u00e9er votre plugin Portfolio Gallery r\u00e9actif et de l&#039;ajouter sur votre site Web jQuery. Le service client Elfsight est gratuit et rapide.\" \/>\n<meta property=\"og:url\" content=\"https:\/\/elfsight.com\/fr\/portfolio-widget\/jquery\/\" \/>\n<meta property=\"og:site_name\" content=\"Elfsight FR\" \/>\n<meta property=\"article:modified_time\" content=\"2025-07-10T12:41:23+00:00\" \/>\n<meta name=\"twitter:card\" content=\"summary_large_image\" \/>\n<meta name=\"twitter:label1\" content=\"Dur\u00e9e de lecture estim\u00e9e\" \/>\n\t<meta name=\"twitter:data1\" content=\"3 minutes\" \/>\n<!-- \/ Yoast SEO plugin. -->","yoast_head_json":{"title":"Plugin Portfolio Gallery pour le site Web jQuery (gratuit et rapide)","description":"C'est un jeu d'enfant de cr\u00e9er votre plugin Portfolio Gallery r\u00e9actif et de l'ajouter sur votre site Web jQuery. Le service client Elfsight est gratuit et rapide.","robots":{"index":"index","follow":"follow","max-snippet":"max-snippet:-1","max-image-preview":"max-image-preview:large","max-video-preview":"max-video-preview:-1"},"canonical":"https:\/\/elfsight.com\/fr\/portfolio-widget\/jquery\/","og_locale":"fr_FR","og_type":"article","og_title":"Plugin Portfolio Gallery pour le site Web jQuery (gratuit et rapide)","og_description":"C'est un jeu d'enfant de cr\u00e9er votre plugin Portfolio Gallery r\u00e9actif et de l'ajouter sur votre site Web jQuery. Le service client Elfsight est gratuit et rapide.","og_url":"https:\/\/elfsight.com\/fr\/portfolio-widget\/jquery\/","og_site_name":"Elfsight FR","article_modified_time":"2025-07-10T12:41:23+00:00","twitter_card":"summary_large_image","twitter_misc":{"Dur\u00e9e de lecture estim\u00e9e":"3 minutes"},"schema":{"@context":"https:\/\/schema.org","@graph":[{"@type":"WebPage","@id":"https:\/\/elfsight.com\/fr\/portfolio-widget\/jquery\/","url":"https:\/\/elfsight.com\/fr\/portfolio-widget\/jquery\/","name":"Plugin Portfolio Gallery pour le site Web jQuery (gratuit et rapide)","isPartOf":{"@id":"https:\/\/elfsight.com\/fr\/#website"},"datePublished":"2024-05-03T06:44:30+00:00","dateModified":"2025-07-10T12:41:23+00:00","description":"C'est un jeu d'enfant de cr\u00e9er votre plugin Portfolio Gallery r\u00e9actif et de l'ajouter sur votre site Web jQuery. Le service client Elfsight est gratuit et rapide.","breadcrumb":{"@id":"https:\/\/elfsight.com\/fr\/portfolio-widget\/jquery\/#breadcrumb"},"inLanguage":"fr-FR","potentialAction":[{"@type":"ReadAction","target":["https:\/\/elfsight.com\/fr\/portfolio-widget\/jquery\/"]}]},{"@type":"BreadcrumbList","@id":"https:\/\/elfsight.com\/fr\/portfolio-widget\/jquery\/#breadcrumb","itemListElement":[{"@type":"ListItem","position":1,"name":"Home","item":"https:\/\/elfsight.com\/fr\/"},{"@type":"ListItem","position":2,"name":"Portfolio","item":"https:\/\/elfsight.com\/fr\/portfolio-widget\/"},{"@type":"ListItem","position":3,"name":"Portfolio &#8211; jQuery"}]},{"@type":"WebSite","@id":"https:\/\/elfsight.com\/fr\/#website","url":"https:\/\/elfsight.com\/fr\/","name":"Elfsight FR","description":"","potentialAction":[{"@type":"SearchAction","target":{"@type":"EntryPoint","urlTemplate":"https:\/\/elfsight.com\/fr\/?s={search_term_string}"},"query-input":{"@type":"PropertyValueSpecification","valueRequired":true,"valueName":"search_term_string"}}],"inLanguage":"fr-FR"}]}},"meta_box":{"industry":"","seo_heading":"","heading":"","description":"","cta_heading":"","cta_description":"","application":"2588","h1":"Plugin Galerie de portefeuille jQuery","h1_caption":"Affichez votre travail dans un portfolio personnalisable, ce qui facilite la pr\u00e9sentation de vos projets et r\u00e9alisations sur votre site Web jQuery sans effort.","application_category":[],"applications_title":"","applications_request_title":"","applications_request_button_text":"","hero_text":"","hero_video":"","hero_video_schema_markup":"","selling_points_title":"","selling_points_caption":"","selling_points":[],"selling_points_cta_text":"","features_title":"","features":"","ed_cta_examples_text":"","ed_cta_examples_hidden":"","ed_cta_demo_text":"","ed_cta_demo_hidden":"","why_caption":"","why_editor_title":"","why_editor_text":"","why_team_title":"","why_team_text":"","why_service_title":"","why_service_text":"","template_catalog_visible":"","template_catalog_title":"","template_catalog_text":"","template_catalog_categories_visible":"","demo_title":"Cr\u00e9ez votre plugin Portfolio","demo_caption":"Configurez votre portfolio et ajoutez-le \u00e0 votre site Web jQuery gratuitement\u00a0!","default_faq_hidden":"","app_template_category":[],"platform":"355","template_public_id":"","codecanyon_url":"","codecanyon_item_id":"","codecanyon_price":"","pricing_caption":"","pricing_elfsight_apps_hide_column":"","pricing_elfsight_apps_url":"","pricing_codecanyon_price_caption":"","integration_category":[],"integration_request_title":"","integration_request_cta":"","integration_platform":"","integrations":[],"platform_category":[],"video_schema_markup":"","price":"\u00e0 partir de 0$ \/ mois","trial":"","benefits":[{"text":"Aide \u00e0 l'installation gratuite"},{"text":"Service client efficace"},{"text":"Garantie de remboursement de 14 jours"},{"text":"Am\u00e9liorations \u00e0 vie"}],"button_url":"#demo","button_target_blank":"","button_nofollow":"","attributes":[{"name":"Installations","content":"10,000 - 100,000"},{"name":"Sensible","content":"Oui"},{"name":"Navigateurs compatibles","content":"Firefox, Safari, Opera, Chrome, Edge"}],"tags":[],"tags_disable_links":"","hide_more_platforms":"","video_object":"","demo_hide_cta":"","demo_hide_cloud_options":"","pricing_title":"","pricing":[{"pricing_icon":"platform","pricing_title":"Elfsight Apps","pricing_title_caption":"Version multiplateforme adapt\u00e9e \u00e0 n'importe quel site","pricing_price":"from $0 \/ month","pricing_price_caption":"commencez avec un forfait gratuit","pricing_benefits":[{"text":"Domaines illimit\u00e9s"},{"text":"Assistance rapide et ponctuelle"},{"text":"Assistance \u00e0 l'installation gratuite"},{"text":"100% personnalisable"}],"pricing_button_text":"Ajouter au site Web","pricing_button_url":"#demo"}],"related_apps_title":"","related_apps_hidden":"","author":"","image":[],"title":"","job":"","social_networks":[]},"_links":{"self":[{"href":"https:\/\/elfsight.com\/fr\/wp-json\/wp\/v2\/pages\/13765","targetHints":{"allow":["GET"]}}],"collection":[{"href":"https:\/\/elfsight.com\/fr\/wp-json\/wp\/v2\/pages"}],"about":[{"href":"https:\/\/elfsight.com\/fr\/wp-json\/wp\/v2\/types\/page"}],"author":[{"embeddable":true,"href":"https:\/\/elfsight.com\/fr\/wp-json\/wp\/v2\/users\/9"}],"replies":[{"embeddable":true,"href":"https:\/\/elfsight.com\/fr\/wp-json\/wp\/v2\/comments?post=13765"}],"version-history":[{"count":1,"href":"https:\/\/elfsight.com\/fr\/wp-json\/wp\/v2\/pages\/13765\/revisions"}],"predecessor-version":[{"id":13769,"href":"https:\/\/elfsight.com\/fr\/wp-json\/wp\/v2\/pages\/13765\/revisions\/13769"}],"up":[{"embeddable":true,"href":"https:\/\/elfsight.com\/fr\/wp-json\/wp\/v2\/pages\/2589"}],"wp:attachment":[{"href":"https:\/\/elfsight.com\/fr\/wp-json\/wp\/v2\/media?parent=13765"}],"curies":[{"name":"wp","href":"https:\/\/api.w.org\/{rel}","templated":true}]}}