{"id":13764,"date":"2024-05-03T06:44:20","date_gmt":"2024-05-03T06:44:20","guid":{"rendered":"https:\/\/elfsight.com\/fr\/?page_id=13764"},"modified":"2025-07-10T12:42:22","modified_gmt":"2025-07-10T12:42:22","slug":"weebly","status":"publish","type":"page","link":"https:\/\/elfsight.com\/fr\/portfolio-widget\/weebly\/","title":{"rendered":"Portfolio &#8211; Weebly"},"content":{"rendered":"<div class=\"application-platform-content-item-description application-platform-content-item\" id=\"description\" data-nav-section=\"description\"><h2>Description<\/h2><p>L&rsquo;application Elfsight Portfolio est destin\u00e9e \u00e0 aider tous ceux qui ont pour t\u00e2che de pr\u00e9senter leur collection de travaux sur le site et d&rsquo;augmenter le nombre de nouveaux clients. Avec l&rsquo;aide de cet outil, vous pouvez montrer des projets avec des images, des vid\u00e9os, des maquettes et d&rsquo;autres mat\u00e9riaux. Chaque \u00e9l\u00e9ment de contenu peut avoir une description d\u00e9taill\u00e9e et une date. Vous avez la possibilit\u00e9 de lier des projets \u00e0 leurs sites et de diviser les projets en groupes. Les utilisateurs verront votre portfolio, cliqueront sur chaque projet et regarderont son contenu directement sur le site. L&rsquo;en-t\u00eate de l&rsquo;application affiche votre nom, votre photo et vos coordonn\u00e9es, qui permettent de vous joindre. Le bouton d&rsquo;appel \u00e0 l&rsquo;action redirigera les utilisateurs vers la page de commande et vous aidera \u00e0 augmenter le nombre de ventes.<\/p><div class=\"faq\" data-component=\"FAQ\"><div class=\"faq-item\">\r\n\t\t\t\t\t<div class=\"faq-item-question\">\r\n\t\t\t\t\t\t<h3 class=\"faq-item-question-text\">De quelle mani\u00e8re puis-je int\u00e9grer un Portfolio vers le site Weebly ? <\/h3>\r\n\r\n\t\t\t\t\t\t<div class=\"faq-item-question-icon\"><\/div>\r\n\t\t\t\t\t<\/div>\r\n\r\n\t\t\t\t\t<div class=\"faq-item-answer\">\r\n\t\t\t\t\t\t<div class=\"faq-item-answer-text\"><p>La construction de l&rsquo;outil se fait sur les pages Elfsight et vous n&rsquo;avez pas besoin d&rsquo;apprendre le codage. Acc\u00e9dez \u00e0 la d\u00e9mo active pour personnaliser votre propre application, obtenez le code et ajoutez-le \u00e0 votre site. <\/p><\/div>\r\n\t\t\t\t\t<\/div>\r\n\t\t\t\t<\/div><div class=\"faq-item\">\r\n\t\t\t\t\t<div class=\"faq-item-question\">\r\n\t\t\t\t\t\t<h3 class=\"faq-item-question-text\">Les meilleures fa\u00e7ons d'utiliser l'int\u00e9gration de sites Web de portfolio<\/h3>\r\n\r\n\t\t\t\t\t\t<div class=\"faq-item-question-icon\"><\/div>\r\n\t\t\t\t\t<\/div>\r\n\r\n\t\t\t\t\t<div class=\"faq-item-answer\">\r\n\t\t\t\t\t\t<div class=\"faq-item-answer-text\"><p>Nous proposons de nombreuses opportunit\u00e9s de personnalisation\u00a0: widgets pleine taille \u00e0 ajouter dans la zone de contenu, flottants des plugins pour les options de d\u00e9filement, des mises en page pour le pied de page, la section d&rsquo;en-t\u00eate et toutes sortes de possibilit\u00e9s verticales pour les barres lat\u00e9rales et les menus du site Web. <\/p><\/div>\r\n\t\t\t\t\t<\/div>\r\n\t\t\t\t<\/div><div class=\"faq-item\">\r\n\t\t\t\t\t<div class=\"faq-item-question\">\r\n\t\t\t\t\t\t<h3 class=\"faq-item-question-text\">Puis-je cr\u00e9er un portfolio de vid\u00e9os ou de sliders au moyen de votre \u00e9diteur ? <\/h3>\r\n\r\n\t\t\t\t\t\t<div class=\"faq-item-question-icon\"><\/div>\r\n\t\t\t\t\t<\/div>\r\n\r\n\t\t\t\t\t<div class=\"faq-item-answer\">\r\n\t\t\t\t\t\t<div class=\"faq-item-answer-text\"><p>Vous \u00eates libre de cr\u00e9er les modifications de n&rsquo;importe quel widget. Il existe de nombreuses mises en page applicables dans l&rsquo;\u00e9diteur, et toutes peuvent \u00eatre rapidement personnalis\u00e9es selon vos besoins. <\/p><\/div>\r\n\t\t\t\t\t<\/div>\r\n\t\t\t\t<\/div><\/div><\/div><div class=\"application-platform-content-item-features application-platform-content-item\" id=\"features\" data-nav-section=\"features\"><h2>Fonctionnalit\u00e9s<\/h2><p>Afin de mieux conna\u00eetre l&rsquo;application Weebly Portfolio, consultez la liste des fonctions essentielles. Ils rendent ce widget vraiment efficace pour votre site Web\u00a0:<\/p><ul><li>D\u00e9montrez n&rsquo;importe quel nombre de projets avec des titres\u00a0;<\/li><li>\u00c9tablissez des groupes et unissez-y des projets\u00a0;<\/li><li> D\u00e9finissez les types de donn\u00e9es \u00e0 d\u00e9montrer dans la fen\u00eatre contextuelle et survolez\u00a0;<\/li><li>L&rsquo;option permettant d&rsquo;\u00e9crire des descriptions et d&rsquo;ajouter des dates \u00e0 tous les fichiers du projet\u00a0;<\/li><li>Bouton actif sur l&rsquo;en-t\u00eate de l&rsquo;application et dans la fen\u00eatre contextuelle am\u00e8ne les utilisateurs vers n&rsquo;importe quel site Web.<\/li><\/ul><p><a href=\"#demo\">Notre d\u00e9mo vous r\u00e9v\u00e9lera plus de fonctionnalit\u00e9s<\/a><\/p><\/div><div class=\"application-platform-content-item-installation application-platform-content-item\" id=\"installation\" data-nav-section=\"installation\"><h2>Comment ajouter l&rsquo;application Portfolio sur votre page Weebly<\/h2><div class=\"video-container\"><iframe width=\"720\" height=\"405\" src=\"https:\/\/www.youtube.com\/embed\/MsYgBRLS61M\" frameborder=\"0\" allowfullscreen=\"\"><\/iframe><\/div><p>Quelques \u00e9tapes simples sont la seule chose que vous devez faire pour d\u00e9montrer le widget.<\/p><ol><li><b>Utilisez notre d\u00e9mo gratuite et commencez \u00e0 cr\u00e9er votre application unique. <\/b><br> Choisissez le formulaire personnalis\u00e9 et les aspects de l&rsquo;application et appliquez toutes les modifications. <\/li> <li><b>Acqu\u00e9rir le code individuel qui appara\u00eet dans la bo\u00eete sur les applications Elfsight. <\/b><br> D\u00e8s que la configuration de votre application est termin\u00e9e, copiez le code individuel de la fen\u00eatre contextuelle qui appara\u00eet et enregistrez-le pour vos besoins futurs. <\/li> <li><b>Commencez l&rsquo;utilisation de l&rsquo;application sur la page Web Weebly. <\/b><br> Ins\u00e9rez le code enregistr\u00e9 pr\u00e9c\u00e9demment dans votre page et enregistrez les corrections. <\/li> <li><b>L&rsquo;installation est effectu\u00e9e avec succ\u00e8s. <\/b><br> Acc\u00e9dez \u00e0 votre site Web pour voir les performances de l&rsquo;application. <\/li><\/ol><p>Vous n&rsquo;arrivez toujours pas \u00e0 vous d\u00e9cider\u00a0? Ou vous avez des probl\u00e8mes ? \u00c9crivez simplement une demande \u00e0 notre service client. Nous r\u00e9soudrons chaque question.<\/p><\/div>","protected":false},"excerpt":{"rendered":"","protected":false},"author":9,"featured_media":0,"parent":2589,"menu_order":0,"comment_status":"closed","ping_status":"closed","template":"templates\/template-application-platform.php","meta":{"publish_to_discourse":"","publish_post_category":"","wpdc_auto_publish_overridden":"","wpdc_topic_tags":"","wpdc_pin_topic":"","wpdc_pin_until":"","discourse_post_id":"","discourse_permalink":"","wpdc_publishing_response":"","wpdc_publishing_error":"","footnotes":""},"class_list":["post-13764","page","type-page","status-publish","hentry"],"yoast_head":"<!-- This site is optimized with the Yoast SEO plugin v25.3.1 - https:\/\/yoast.com\/wordpress\/plugins\/seo\/ -->\n<title>Mod\u00e8le d&#039;application de portfolio pour votre site Web Weebly (gratuit et rapide)<\/title>\n<meta name=\"description\" content=\"Cr\u00e9ez une application mod\u00e8le Portfolio et ajoutez-la \u00e0 votre site Weebly. Vous b\u00e9n\u00e9ficierez d&#039;un service client gratuit et d&#039;autres bonus d&#039;Elfsight.\" \/>\n<meta name=\"robots\" content=\"index, follow, max-snippet:-1, max-image-preview:large, max-video-preview:-1\" \/>\n<link rel=\"canonical\" href=\"https:\/\/elfsight.com\/fr\/portfolio-widget\/weebly\/\" \/>\n<meta property=\"og:locale\" content=\"fr_FR\" \/>\n<meta property=\"og:type\" content=\"article\" \/>\n<meta property=\"og:title\" content=\"Mod\u00e8le d&#039;application de portfolio pour votre site Web Weebly (gratuit et rapide)\" \/>\n<meta property=\"og:description\" content=\"Cr\u00e9ez une application mod\u00e8le Portfolio et ajoutez-la \u00e0 votre site Weebly. Vous b\u00e9n\u00e9ficierez d&#039;un service client gratuit et d&#039;autres bonus d&#039;Elfsight.\" \/>\n<meta property=\"og:url\" content=\"https:\/\/elfsight.com\/fr\/portfolio-widget\/weebly\/\" \/>\n<meta property=\"og:site_name\" content=\"Elfsight FR\" \/>\n<meta property=\"article:modified_time\" content=\"2025-07-10T12:42:22+00:00\" \/>\n<meta name=\"twitter:card\" content=\"summary_large_image\" \/>\n<meta name=\"twitter:label1\" content=\"Dur\u00e9e de lecture estim\u00e9e\" \/>\n\t<meta name=\"twitter:data1\" content=\"3 minutes\" \/>\n<!-- \/ Yoast SEO plugin. -->","yoast_head_json":{"title":"Mod\u00e8le d'application de portfolio pour votre site Web Weebly (gratuit et rapide)","description":"Cr\u00e9ez une application mod\u00e8le Portfolio et ajoutez-la \u00e0 votre site Weebly. Vous b\u00e9n\u00e9ficierez d'un service client gratuit et d'autres bonus d'Elfsight.","robots":{"index":"index","follow":"follow","max-snippet":"max-snippet:-1","max-image-preview":"max-image-preview:large","max-video-preview":"max-video-preview:-1"},"canonical":"https:\/\/elfsight.com\/fr\/portfolio-widget\/weebly\/","og_locale":"fr_FR","og_type":"article","og_title":"Mod\u00e8le d'application de portfolio pour votre site Web Weebly (gratuit et rapide)","og_description":"Cr\u00e9ez une application mod\u00e8le Portfolio et ajoutez-la \u00e0 votre site Weebly. Vous b\u00e9n\u00e9ficierez d'un service client gratuit et d'autres bonus d'Elfsight.","og_url":"https:\/\/elfsight.com\/fr\/portfolio-widget\/weebly\/","og_site_name":"Elfsight FR","article_modified_time":"2025-07-10T12:42:22+00:00","twitter_card":"summary_large_image","twitter_misc":{"Dur\u00e9e de lecture estim\u00e9e":"3 minutes"},"schema":{"@context":"https:\/\/schema.org","@graph":[{"@type":"WebPage","@id":"https:\/\/elfsight.com\/fr\/portfolio-widget\/weebly\/","url":"https:\/\/elfsight.com\/fr\/portfolio-widget\/weebly\/","name":"Mod\u00e8le d'application de portfolio pour votre site Web Weebly (gratuit et rapide)","isPartOf":{"@id":"https:\/\/elfsight.com\/fr\/#website"},"datePublished":"2024-05-03T06:44:20+00:00","dateModified":"2025-07-10T12:42:22+00:00","description":"Cr\u00e9ez une application mod\u00e8le Portfolio et ajoutez-la \u00e0 votre site Weebly. Vous b\u00e9n\u00e9ficierez d'un service client gratuit et d'autres bonus d'Elfsight.","breadcrumb":{"@id":"https:\/\/elfsight.com\/fr\/portfolio-widget\/weebly\/#breadcrumb"},"inLanguage":"fr-FR","potentialAction":[{"@type":"ReadAction","target":["https:\/\/elfsight.com\/fr\/portfolio-widget\/weebly\/"]}]},{"@type":"BreadcrumbList","@id":"https:\/\/elfsight.com\/fr\/portfolio-widget\/weebly\/#breadcrumb","itemListElement":[{"@type":"ListItem","position":1,"name":"Home","item":"https:\/\/elfsight.com\/fr\/"},{"@type":"ListItem","position":2,"name":"Portfolio","item":"https:\/\/elfsight.com\/fr\/portfolio-widget\/"},{"@type":"ListItem","position":3,"name":"Portfolio &#8211; Weebly"}]},{"@type":"WebSite","@id":"https:\/\/elfsight.com\/fr\/#website","url":"https:\/\/elfsight.com\/fr\/","name":"Elfsight FR","description":"","potentialAction":[{"@type":"SearchAction","target":{"@type":"EntryPoint","urlTemplate":"https:\/\/elfsight.com\/fr\/?s={search_term_string}"},"query-input":{"@type":"PropertyValueSpecification","valueRequired":true,"valueName":"search_term_string"}}],"inLanguage":"fr-FR"}]}},"meta_box":{"industry":"","seo_heading":"","heading":"","description":"","cta_heading":"","cta_description":"","application":"2588","h1":"Application Weebly Portfolio","h1_caption":"D\u00e9montrez vos meilleurs travaux et projets en pleine vue pour avoir de nouveaux clients","application_category":[],"applications_title":"","applications_request_title":"","applications_request_button_text":"","hero_text":"","hero_video":"","hero_video_schema_markup":"","selling_points_title":"","selling_points_caption":"","selling_points":[],"selling_points_cta_text":"","features_title":"","features":"","ed_cta_examples_text":"","ed_cta_examples_hidden":"","ed_cta_demo_text":"","ed_cta_demo_hidden":"","why_caption":"","why_editor_title":"","why_editor_text":"","why_team_title":"","why_team_text":"","why_service_title":"","why_service_text":"","template_catalog_visible":"","template_catalog_title":"","template_catalog_text":"","template_catalog_categories_visible":"","demo_title":"Cr\u00e9ez votre application Portfolio","demo_caption":"Configurez votre portfolio et ajoutez-le \u00e0 votre site Web Weebly gratuitement\u00a0!","default_faq_hidden":"","app_template_category":[],"platform":"363","template_public_id":"","codecanyon_url":"","codecanyon_item_id":"","codecanyon_price":"","pricing_caption":"","pricing_elfsight_apps_hide_column":"","pricing_elfsight_apps_url":"","pricing_codecanyon_price_caption":"","integration_category":[],"integration_request_title":"","integration_request_cta":"","integration_platform":"","integrations":[],"platform_category":[],"video_schema_markup":"","price":"\u00e0 partir de 0$ \/ mois","trial":"","benefits":[{"text":"Service d'installation gratuit"},{"text":"Service client efficace"},{"text":"Garantie de remboursement de 14 jours"},{"text":"Mises \u00e0 jour continues"}],"button_url":"#demo","button_target_blank":"","button_nofollow":"","attributes":[{"name":"Installations","content":"10,000 - 100,000"},{"name":"Sensible","content":"Oui"},{"name":"Navigateurs compatibles","content":"Firefox, Safari, Opera, Chrome, Edge"}],"tags":[],"tags_disable_links":"","hide_more_platforms":"","video_object":"","demo_hide_cta":"","demo_hide_cloud_options":"","pricing_title":"","pricing":[{"pricing_icon":"platform","pricing_title":"Elfsight Apps","pricing_title_caption":"Logiciel ind\u00e9pendant de la plate-forme qui fonctionne sur n'importe quel site","pricing_price":"from $0 \/ month","pricing_price_caption":"commencez avec un forfait gratuit","pricing_benefits":[{"text":"Domaines illimit\u00e9s"},{"text":"Assistance de l'entreprise 24h\/24 et 7j\/7 et bien document\u00e9e"},{"text":"Assistance \u00e0 l'installation gratuite"},{"text":"100% personnalisable"}],"pricing_button_text":"Ajouter au site Web","pricing_button_url":"#demo"}],"related_apps_title":"","related_apps_hidden":"","author":"","image":[],"title":"","job":"","social_networks":[]},"_links":{"self":[{"href":"https:\/\/elfsight.com\/fr\/wp-json\/wp\/v2\/pages\/13764","targetHints":{"allow":["GET"]}}],"collection":[{"href":"https:\/\/elfsight.com\/fr\/wp-json\/wp\/v2\/pages"}],"about":[{"href":"https:\/\/elfsight.com\/fr\/wp-json\/wp\/v2\/types\/page"}],"author":[{"embeddable":true,"href":"https:\/\/elfsight.com\/fr\/wp-json\/wp\/v2\/users\/9"}],"replies":[{"embeddable":true,"href":"https:\/\/elfsight.com\/fr\/wp-json\/wp\/v2\/comments?post=13764"}],"version-history":[{"count":2,"href":"https:\/\/elfsight.com\/fr\/wp-json\/wp\/v2\/pages\/13764\/revisions"}],"predecessor-version":[{"id":15237,"href":"https:\/\/elfsight.com\/fr\/wp-json\/wp\/v2\/pages\/13764\/revisions\/15237"}],"up":[{"embeddable":true,"href":"https:\/\/elfsight.com\/fr\/wp-json\/wp\/v2\/pages\/2589"}],"wp:attachment":[{"href":"https:\/\/elfsight.com\/fr\/wp-json\/wp\/v2\/media?parent=13764"}],"curies":[{"name":"wp","href":"https:\/\/api.w.org\/{rel}","templated":true}]}}