{"id":13710,"date":"2024-05-03T06:43:40","date_gmt":"2024-05-03T06:43:40","guid":{"rendered":"https:\/\/elfsight.com\/fr\/?page_id=13710"},"modified":"2025-07-10T12:27:51","modified_gmt":"2025-07-10T12:27:51","slug":"facebook","status":"publish","type":"page","link":"https:\/\/elfsight.com\/fr\/podcast-player-widget\/facebook\/","title":{"rendered":"Podcast Player &#8211; Facebook"},"content":{"rendered":"<div class=\"application-platform-content-item-description application-platform-content-item\" id=\"description\" data-nav-section=\"description\"> <h2>Description<\/h2> <p>Elfsight Podcast Player est un widget simple pour Facebook vous permettant de lire des podcasts directement sur les pages de votre site Web. . L&rsquo;outil est totalement modifiable\u00a0: vous \u00eates libre de modifier sa position, de l&rsquo;ins\u00e9rer n&rsquo;importe o\u00f9 sur la page, de modifier sa taille, de modifier l&rsquo;arri\u00e8re-plan et toutes les autres parties pour le combiner avec le style de votre site Web, d&rsquo;utiliser un th\u00e8me sombre, d&rsquo;afficher des couvertures et afficher ou masquer trois autres parties du joueur, par exemple la barre de progression et autres. Divertissez votre public, activez la lecture automatique et n&rsquo;ayez aucun doute\u00a0: vos visiteurs ne quitteront pas votre site Web imm\u00e9diatement\u00a0! <\/p> <p><b>Fascinez votre public en l&rsquo;\u00e9quipant de supports pratiques et divertissants \u00e0 l&rsquo;aide d&rsquo;Elfsight Podcast Player<\/b><\/p> <\/div> <div class=\"application-platform-content-item-features application-platform-content-item\" id=\"features\" data-nav-section=\"features\"> <h2>Nous proposons de pr\u00e9cieux et des fonctionnalit\u00e9s simples, consultez-en quelques-unes\u00a0: <\/h2> <ul><li>Variations de couleurs illimit\u00e9es. <\/li><li>Deux mises en page pr\u00eates \u00e0 l&#8217;emploi. <\/li><li>Une option pour ajouter une image d&rsquo;arri\u00e8re-plan. <\/li><li>Une quantit\u00e9 illimit\u00e9e de pistes. <\/li><li>Une option pour cr\u00e9er votre th\u00e8me de couleurs personnalis\u00e9. <\/li><\/ul><p><a href=\"#demo\">Vous pouvez voir ce que vaut le widget en essayant la d\u00e9mo<\/a><\/p> <\/div> <div class=\"application-platform-content-item-installation  application-platform-content-item\" id=\"installation \" data-nav-section=\"installation \"> <h2>Comment ajouter Podcast Player \u00e0 mon site Facebook ? <\/h2> <p>Remplissez simplement les instructions ci-dessous pour int\u00e9grer le widget. <\/p> <ol><li><b>Lancez notre d\u00e9mo gratuite et commencez \u00e0 cr\u00e9er votre widget personnalis\u00e9. <\/b><br> Sp\u00e9cifiez l&rsquo;interface personnalis\u00e9e et les param\u00e8tres de l&rsquo;outil et appliquez les corrections. <\/li> <li><b>Recevez votre code unique r\u00e9v\u00e9l\u00e9 dans la veuve sur Elfsight Apps. <\/b><br> D\u00e8s que la configuration de votre outil personnel est termin\u00e9e, copiez le code exclusif dans la case qui appara\u00eet et conservez-le pour une utilisation ult\u00e9rieure. <\/li> <li><b>Commencez \u00e0 utiliser le widget sur la page d&rsquo;accueil de Facebook. <\/b><br> Placez le code que vous avez enregistr\u00e9 r\u00e9cemment dans votre page et appliquez les modifications. <\/li> <li><b>Vous avez termin\u00e9\u00a0! L&rsquo;installation est termin\u00e9e avec succ\u00e8s. <\/b><br> Visitez votre site pour examiner le travail du widget. <\/li><\/ol> <p>Si vous rencontrez des obstacles, veuillez \u00e9crire \u00e0 notre \u00e9quipe d&rsquo;assistance. Nos collaborateurs se feront un plaisir de r\u00e9soudre toutes les difficult\u00e9s que vous pourriez rencontrer avec le plugin. <\/p> <\/div>","protected":false},"excerpt":{"rendered":"","protected":false},"author":9,"featured_media":0,"parent":2529,"menu_order":0,"comment_status":"closed","ping_status":"closed","template":"templates\/template-application-platform.php","meta":{"publish_to_discourse":"","publish_post_category":"","wpdc_auto_publish_overridden":"","wpdc_topic_tags":"","wpdc_pin_topic":"","wpdc_pin_until":"","discourse_post_id":"","discourse_permalink":"","wpdc_publishing_response":"","wpdc_publishing_error":"","footnotes":""},"class_list":["post-13710","page","type-page","status-publish","hentry"],"yoast_head":"<!-- This site is optimized with the Yoast SEO plugin v25.3.1 - https:\/\/yoast.com\/wordpress\/plugins\/seo\/ -->\n<title>Elfsight Podcast Player pour la page Facebook (gratuit et facile)<\/title>\n<meta name=\"description\" content=\"Appliquez notre d\u00e9mo accessible et introduisez un lecteur de podcast r\u00e9actif sur votre page d&#039;accueil Facebook. Utilisez notre d\u00e9mo pratique et fa\u00e7onnez votre widget sur mesure sans effort\u00a0!\" \/>\n<meta name=\"robots\" content=\"index, follow, max-snippet:-1, max-image-preview:large, max-video-preview:-1\" \/>\n<link rel=\"canonical\" href=\"https:\/\/elfsight.com\/fr\/podcast-player-widget\/facebook\/\" \/>\n<meta property=\"og:locale\" content=\"fr_FR\" \/>\n<meta property=\"og:type\" content=\"article\" \/>\n<meta property=\"og:title\" content=\"Elfsight Podcast Player pour la page Facebook (gratuit et facile)\" \/>\n<meta property=\"og:description\" content=\"Appliquez notre d\u00e9mo accessible et introduisez un lecteur de podcast r\u00e9actif sur votre page d&#039;accueil Facebook. Utilisez notre d\u00e9mo pratique et fa\u00e7onnez votre widget sur mesure sans effort\u00a0!\" \/>\n<meta property=\"og:url\" content=\"https:\/\/elfsight.com\/fr\/podcast-player-widget\/facebook\/\" \/>\n<meta property=\"og:site_name\" content=\"Elfsight FR\" \/>\n<meta property=\"article:modified_time\" content=\"2025-07-10T12:27:51+00:00\" \/>\n<meta name=\"twitter:card\" content=\"summary_large_image\" \/>\n<meta name=\"twitter:label1\" content=\"Dur\u00e9e de lecture estim\u00e9e\" \/>\n\t<meta name=\"twitter:data1\" content=\"2 minutes\" \/>\n<!-- \/ Yoast SEO plugin. -->","yoast_head_json":{"title":"Elfsight Podcast Player pour la page Facebook (gratuit et facile)","description":"Appliquez notre d\u00e9mo accessible et introduisez un lecteur de podcast r\u00e9actif sur votre page d'accueil Facebook. Utilisez notre d\u00e9mo pratique et fa\u00e7onnez votre widget sur mesure sans effort\u00a0!","robots":{"index":"index","follow":"follow","max-snippet":"max-snippet:-1","max-image-preview":"max-image-preview:large","max-video-preview":"max-video-preview:-1"},"canonical":"https:\/\/elfsight.com\/fr\/podcast-player-widget\/facebook\/","og_locale":"fr_FR","og_type":"article","og_title":"Elfsight Podcast Player pour la page Facebook (gratuit et facile)","og_description":"Appliquez notre d\u00e9mo accessible et introduisez un lecteur de podcast r\u00e9actif sur votre page d'accueil Facebook. Utilisez notre d\u00e9mo pratique et fa\u00e7onnez votre widget sur mesure sans effort\u00a0!","og_url":"https:\/\/elfsight.com\/fr\/podcast-player-widget\/facebook\/","og_site_name":"Elfsight FR","article_modified_time":"2025-07-10T12:27:51+00:00","twitter_card":"summary_large_image","twitter_misc":{"Dur\u00e9e de lecture estim\u00e9e":"2 minutes"},"schema":{"@context":"https:\/\/schema.org","@graph":[{"@type":"WebPage","@id":"https:\/\/elfsight.com\/fr\/podcast-player-widget\/facebook\/","url":"https:\/\/elfsight.com\/fr\/podcast-player-widget\/facebook\/","name":"Elfsight Podcast Player pour la page Facebook (gratuit et facile)","isPartOf":{"@id":"https:\/\/elfsight.com\/fr\/#website"},"datePublished":"2024-05-03T06:43:40+00:00","dateModified":"2025-07-10T12:27:51+00:00","description":"Appliquez notre d\u00e9mo accessible et introduisez un lecteur de podcast r\u00e9actif sur votre page d'accueil Facebook. Utilisez notre d\u00e9mo pratique et fa\u00e7onnez votre widget sur mesure sans effort\u00a0!","breadcrumb":{"@id":"https:\/\/elfsight.com\/fr\/podcast-player-widget\/facebook\/#breadcrumb"},"inLanguage":"fr-FR","potentialAction":[{"@type":"ReadAction","target":["https:\/\/elfsight.com\/fr\/podcast-player-widget\/facebook\/"]}]},{"@type":"BreadcrumbList","@id":"https:\/\/elfsight.com\/fr\/podcast-player-widget\/facebook\/#breadcrumb","itemListElement":[{"@type":"ListItem","position":1,"name":"Home","item":"https:\/\/elfsight.com\/fr\/"},{"@type":"ListItem","position":2,"name":"Podcast Player","item":"https:\/\/elfsight.com\/fr\/podcast-player-widget\/"},{"@type":"ListItem","position":3,"name":"Podcast Player &#8211; Facebook"}]},{"@type":"WebSite","@id":"https:\/\/elfsight.com\/fr\/#website","url":"https:\/\/elfsight.com\/fr\/","name":"Elfsight FR","description":"","potentialAction":[{"@type":"SearchAction","target":{"@type":"EntryPoint","urlTemplate":"https:\/\/elfsight.com\/fr\/?s={search_term_string}"},"query-input":{"@type":"PropertyValueSpecification","valueRequired":true,"valueName":"search_term_string"}}],"inLanguage":"fr-FR"}]}},"meta_box":{"industry":"","seo_heading":"","heading":"","description":"","cta_heading":"","cta_description":"","application":"2528","h1":"Widget du lecteur de podcast Facebook","h1_caption":"Offrez \u00e0 vos visiteurs une nouvelle exp\u00e9rience et fid\u00e9lisez des clients fid\u00e8les sans effort","application_category":[],"applications_title":"","applications_request_title":"","applications_request_button_text":"","hero_text":"","hero_video":"","hero_video_schema_markup":"","selling_points_title":"","selling_points_caption":"","selling_points":[],"selling_points_cta_text":"","features_title":"","features":"","ed_cta_examples_text":"","ed_cta_examples_hidden":"","ed_cta_demo_text":"","ed_cta_demo_hidden":"","why_caption":"","why_editor_title":"","why_editor_text":"","why_team_title":"","why_team_text":"","why_service_title":"","why_service_text":"","template_catalog_visible":"","template_catalog_title":"","template_catalog_text":"","template_catalog_categories_visible":"","demo_title":"Ajustez l'instrument et ajoutez-le sur votre site Web via une d\u00e9mo active.","demo_caption":"D\u00e9p\u00eachez-vous de concevoir votre propre lecteur de podcast qui correspondra \u00e0 votre site Web\u00a0!","default_faq_hidden":"","app_template_category":[],"platform":"394","template_public_id":"","codecanyon_url":"","codecanyon_item_id":"","codecanyon_price":"","pricing_caption":"","pricing_elfsight_apps_hide_column":"","pricing_elfsight_apps_url":"","pricing_codecanyon_price_caption":"","integration_category":[],"integration_request_title":"","integration_request_cta":"","integration_platform":"","integrations":[],"platform_category":[],"video_schema_markup":"","price":"\u00e0 partir de 0$ \/ mois","trial":"","benefits":[{"text":"Aide \u00e0 l'installation gratuite"},{"text":"Support client exp\u00e9riment\u00e9"},{"text":"Garantie de remboursement de 14 jours"},{"text":"Mises \u00e0 jour r\u00e9guli\u00e8res"}],"button_url":"#demo","button_target_blank":"","button_nofollow":"","attributes":[{"name":"Installations","content":"10,000 - 100,000"},{"name":"R\u00e9activit\u00e9","content":"Enti\u00e8rement adaptatif"},{"name":"Navigateurs compatibles","content":"Chrome, Firefox, Safari, Edge, Opera"}],"tags":[],"tags_disable_links":"","hide_more_platforms":"","video_object":"","demo_hide_cta":"","demo_hide_cloud_options":"","pricing_title":"","pricing":[{"pricing_icon":"platform","pricing_title":"Elfsight Apps","pricing_title_caption":"Version multiplateforme","pricing_price":"from $0 \/ month","pricing_price_caption":"commencez avec un forfait gratuit","pricing_benefits":[{"text":"Domaines illimit\u00e9s"},{"text":"Assistance rapide de l'entreprise"},{"text":"Service d'installation gratuit"},{"text":"Offre sp\u00e9ciale pour plusieurs applications"}],"pricing_button_text":"Ajouter au site Web","pricing_button_url":"#demo"}],"related_apps_title":"","related_apps_hidden":"","author":"","image":[],"title":"","job":"","social_networks":[]},"_links":{"self":[{"href":"https:\/\/elfsight.com\/fr\/wp-json\/wp\/v2\/pages\/13710","targetHints":{"allow":["GET"]}}],"collection":[{"href":"https:\/\/elfsight.com\/fr\/wp-json\/wp\/v2\/pages"}],"about":[{"href":"https:\/\/elfsight.com\/fr\/wp-json\/wp\/v2\/types\/page"}],"author":[{"embeddable":true,"href":"https:\/\/elfsight.com\/fr\/wp-json\/wp\/v2\/users\/9"}],"replies":[{"embeddable":true,"href":"https:\/\/elfsight.com\/fr\/wp-json\/wp\/v2\/comments?post=13710"}],"version-history":[{"count":1,"href":"https:\/\/elfsight.com\/fr\/wp-json\/wp\/v2\/pages\/13710\/revisions"}],"predecessor-version":[{"id":13714,"href":"https:\/\/elfsight.com\/fr\/wp-json\/wp\/v2\/pages\/13710\/revisions\/13714"}],"up":[{"embeddable":true,"href":"https:\/\/elfsight.com\/fr\/wp-json\/wp\/v2\/pages\/2529"}],"wp:attachment":[{"href":"https:\/\/elfsight.com\/fr\/wp-json\/wp\/v2\/media?parent=13710"}],"curies":[{"name":"wp","href":"https:\/\/api.w.org\/{rel}","templated":true}]}}