{"id":13693,"date":"2024-05-03T06:42:20","date_gmt":"2024-05-03T06:42:20","guid":{"rendered":"https:\/\/elfsight.com\/fr\/?page_id=13693"},"modified":"2025-07-10T08:29:08","modified_gmt":"2025-07-10T08:29:08","slug":"opencart","status":"publish","type":"page","link":"https:\/\/elfsight.com\/fr\/pdf-embed-widget\/opencart\/","title":{"rendered":"PDF Embed &#8211; OpenCart"},"content":{"rendered":"<div class=\"application-platform-content-item-description application-platform-content-item\" id=\"description\" data-nav-section=\"description\"> <h2>Description<\/h2> <p>En utilisant le widget Elfsight PDF Embed, profitez de l&rsquo;int\u00e9gration la plus pratique et la plus rapide de plusieurs documents PDF dans votre site. Pour une plus grande facilit\u00e9 d&rsquo;utilisation, les fichiers peuvent \u00eatre ins\u00e9r\u00e9s simplement en les t\u00e9l\u00e9chargeant, en ajoutant leurs URL ou en les s\u00e9lectionnant dans la liste des derniers t\u00e9l\u00e9charg\u00e9s. Vous pouvez donner un nom \u00e0 chaque fichier, t\u00e9l\u00e9charger une ic\u00f4ne et pr\u00e9visualiser une image, choisir une variante de pr\u00e9sentation des fichiers et bien plus encore. Vos utilisateurs peuvent visualiser les fichiers directement sur le site Web, les ouvrir dans un nouvel onglet de navigateur et les t\u00e9l\u00e9charger. <\/p> <div class=\"faq\" data-component=\"FAQ\"> <div class=\"faq-item\">\r\n\t\t\t\t\t<div class=\"faq-item-question\">\r\n\t\t\t\t\t\t<h3 class=\"faq-item-question-text\">O\u00f9 sur mon site puis-je publier le widget<\/h3>\r\n\r\n\t\t\t\t\t\t<div class=\"faq-item-question-icon\"><\/div>\r\n\t\t\t\t\t<\/div>\r\n\r\n\t\t\t\t\t<div class=\"faq-item-answer\">\r\n\t\t\t\t\t\t<div class=\"faq-item-answer-text\"> <p>Il est facile d&rsquo;appliquer File Embed sur n&rsquo;importe quelle page de votre site Web. Il vous aidera par exemple \u00e0 publier votre documentation technologique ou vos directives sur les pages produits, ou encore \u00e0 ajouter vos dipl\u00f4mes et qualifications sur la page \u00c0 propos de nous.<\/p> <\/div>\r\n\t\t\t\t\t<\/div>\r\n\t\t\t\t<\/div> <div class=\"faq-item\">\r\n\t\t\t\t\t<div class=\"faq-item-question\">\r\n\t\t\t\t\t\t<h3 class=\"faq-item-question-text\">Comment puis-je b\u00e9n\u00e9ficier du widget ?<\/h3>\r\n\r\n\t\t\t\t\t\t<div class=\"faq-item-question-icon\"><\/div>\r\n\t\t\t\t\t<\/div>\r\n\r\n\t\t\t\t\t<div class=\"faq-item-answer\">\r\n\t\t\t\t\t\t<div class=\"faq-item-answer-text\"> <p>Le widget Elfsight vous fera gagner beaucoup de temps, car avec son aide, l&rsquo;int\u00e9gration de documents sur votre site Web ne prendra que quelques secondes. De plus, vous pourrez publier de nombreuses informations significatives sur vos offres ou services pour que les clients les comprennent mieux. <\/p> <\/div>\r\n\t\t\t\t\t<\/div>\r\n\t\t\t\t<\/div> <div class=\"faq-item\">\r\n\t\t\t\t\t<div class=\"faq-item-question\">\r\n\t\t\t\t\t\t<h3 class=\"faq-item-question-text\">Comment installer PDF Embed sur mon site Web OpenCart ?<\/h3>\r\n\r\n\t\t\t\t\t\t<div class=\"faq-item-question-icon\"><\/div>\r\n\t\t\t\t\t<\/div>\r\n\r\n\t\t\t\t\t<div class=\"faq-item-answer\">\r\n\t\t\t\t\t\t<div class=\"faq-item-answer-text\"> <p>Vous n&rsquo;avez besoin que d&rsquo;une minute pour activer le widget. L&rsquo;ajouter \u00e0 votre site est vraiment rapide, gratuit et sans codage.<\/p> <p>Elfsight PDF Embed peut \u00eatre int\u00e9gr\u00e9 via le service Elfsight ou via la place de march\u00e9. Ici, vous pouvez voir plus de d\u00e9tails sur les deux variantes et choisir la v\u00f4tre.<\/p> <\/div>\r\n\t\t\t\t\t<\/div>\r\n\t\t\t\t<\/div> <\/div> <\/div> <div class=\"application-platform-content-item-features application-platform-content-item\" id=\"features\" data-nav-section=\"features\"> <h2>Fonctionnalit\u00e9s<\/h2> <p>Pour mieux comprendre le widget, consulter la liste de ses principales fonctions. Ils le rendent incroyablement efficace pour vous\u00a0: <\/p> <ul><li>Ajoutez un nombre illimit\u00e9 de documents\u00a0;<\/li> <li>Option de mise en page de la visionneuse de fichiers pour parcourir les fichiers sur le site\u00a0;<\/li> <li>T\u00e9l\u00e9charger des images pour les ic\u00f4nes et les aper\u00e7us des documents\u00a0;<\/li> <li>Afficher ou masquer T\u00e9l\u00e9charger l&rsquo;\u00e9tiquette du document\u00a0;<\/li> <li> L&rsquo;option de peindre 6 d\u00e9tails de l&rsquo;interface\u00a0;<\/li> <\/ul><p> <a href=\"#demo\">Notre d\u00e9mo vous montrera plus de fonctionnalit\u00e9s<\/a><\/p> <\/div> <div class=\"application-platform-content-item-installation application-platform-content-item\" id=\"installation\" data-nav-section=\"installation\"> <h2>Comment int\u00e9grer la visionneuse PDF \u00e0 votre site Web OpenCart <\/h2> <p>Suivez simplement les \u00e9tapes suivantes ci-dessous pour ajouter l&rsquo;extension sur OpenCart.<\/p> <ol><li><b>Effectuez notre d\u00e9mo gratuite et commencez \u00e0 cr\u00e9er votre widget personnalis\u00e9. <\/b><br> Recherchez la conception et les fonctionnalit\u00e9s pr\u00e9f\u00e9rables pour l&rsquo;extension et enregistrez les corrections. <\/li> <li><b>Recevez votre code unique affich\u00e9 dans la fen\u00eatre sur Elfsight Apps. <\/b><br> Une fois la g\u00e9n\u00e9ration de votre PDF Embed personnel termin\u00e9e, copiez le code exclusif de la bo\u00eete qui appara\u00eet et enregistrez-le pour une occasion ult\u00e9rieure. <\/li> <li><b>Entrez sur l&rsquo;utilisation de l&rsquo;outil sur votre site Web OpenCart. <\/b><br> Impl\u00e9mentez le code copi\u00e9 r\u00e9cemment dans votre site Web et appliquez les modifications. <\/li> <li><b>Vous avez termin\u00e9\u00a0! L&rsquo;installation est termin\u00e9e avec succ\u00e8s. <\/b><br> Acc\u00e9dez \u00e0 votre site pour observer le fonctionnement du widget. <\/li><\/ol> <p>Vous n&rsquo;arrivez toujours pas \u00e0 vous d\u00e9cider\u00a0? Ou vous avez des probl\u00e8mes ? Adressez simplement une demande \u00e0 notre service client, nous vous aiderons en cas de probl\u00e8me ou de question.<\/p> <\/div>","protected":false},"excerpt":{"rendered":"","protected":false},"author":9,"featured_media":0,"parent":2374,"menu_order":0,"comment_status":"closed","ping_status":"closed","template":"templates\/template-application-platform.php","meta":{"publish_to_discourse":"","publish_post_category":"","wpdc_auto_publish_overridden":"","wpdc_topic_tags":"","wpdc_pin_topic":"","wpdc_pin_until":"","discourse_post_id":"","discourse_permalink":"","wpdc_publishing_response":"","wpdc_publishing_error":"","footnotes":""},"class_list":["post-13693","page","type-page","status-publish","hentry"],"yoast_head":"<!-- This site is optimized with the Yoast SEO plugin v25.3.1 - https:\/\/yoast.com\/wordpress\/plugins\/seo\/ -->\n<title>PDF Viewer - Int\u00e9grer l&#039;extension PDF sur le site Web OpenCart (gratuit et rapide)<\/title>\n<meta name=\"description\" content=\"Avec Elfsight, fa\u00e7onnez votre extension PDF Viewer et int\u00e9grez-la facilement sur votre site OpenCart. Nous offrons un service client gratuit et d&#039;autres bonus.\" \/>\n<meta name=\"robots\" content=\"index, follow, max-snippet:-1, max-image-preview:large, max-video-preview:-1\" \/>\n<link rel=\"canonical\" href=\"https:\/\/elfsight.com\/fr\/pdf-embed-widget\/opencart\/\" \/>\n<meta property=\"og:locale\" content=\"fr_FR\" \/>\n<meta property=\"og:type\" content=\"article\" \/>\n<meta property=\"og:title\" content=\"PDF Viewer - Int\u00e9grer l&#039;extension PDF sur le site Web OpenCart (gratuit et rapide)\" \/>\n<meta property=\"og:description\" content=\"Avec Elfsight, fa\u00e7onnez votre extension PDF Viewer et int\u00e9grez-la facilement sur votre site OpenCart. Nous offrons un service client gratuit et d&#039;autres bonus.\" \/>\n<meta property=\"og:url\" content=\"https:\/\/elfsight.com\/fr\/pdf-embed-widget\/opencart\/\" \/>\n<meta property=\"og:site_name\" content=\"Elfsight FR\" \/>\n<meta property=\"article:modified_time\" content=\"2025-07-10T08:29:08+00:00\" \/>\n<meta name=\"twitter:card\" content=\"summary_large_image\" \/>\n<meta name=\"twitter:label1\" content=\"Dur\u00e9e de lecture estim\u00e9e\" \/>\n\t<meta name=\"twitter:data1\" content=\"3 minutes\" \/>\n<!-- \/ Yoast SEO plugin. -->","yoast_head_json":{"title":"PDF Viewer - Int\u00e9grer l'extension PDF sur le site Web OpenCart (gratuit et rapide)","description":"Avec Elfsight, fa\u00e7onnez votre extension PDF Viewer et int\u00e9grez-la facilement sur votre site OpenCart. Nous offrons un service client gratuit et d'autres bonus.","robots":{"index":"index","follow":"follow","max-snippet":"max-snippet:-1","max-image-preview":"max-image-preview:large","max-video-preview":"max-video-preview:-1"},"canonical":"https:\/\/elfsight.com\/fr\/pdf-embed-widget\/opencart\/","og_locale":"fr_FR","og_type":"article","og_title":"PDF Viewer - Int\u00e9grer l'extension PDF sur le site Web OpenCart (gratuit et rapide)","og_description":"Avec Elfsight, fa\u00e7onnez votre extension PDF Viewer et int\u00e9grez-la facilement sur votre site OpenCart. Nous offrons un service client gratuit et d'autres bonus.","og_url":"https:\/\/elfsight.com\/fr\/pdf-embed-widget\/opencart\/","og_site_name":"Elfsight FR","article_modified_time":"2025-07-10T08:29:08+00:00","twitter_card":"summary_large_image","twitter_misc":{"Dur\u00e9e de lecture estim\u00e9e":"3 minutes"},"schema":{"@context":"https:\/\/schema.org","@graph":[{"@type":"WebPage","@id":"https:\/\/elfsight.com\/fr\/pdf-embed-widget\/opencart\/","url":"https:\/\/elfsight.com\/fr\/pdf-embed-widget\/opencart\/","name":"PDF Viewer - Int\u00e9grer l'extension PDF sur le site Web OpenCart (gratuit et rapide)","isPartOf":{"@id":"https:\/\/elfsight.com\/fr\/#website"},"datePublished":"2024-05-03T06:42:20+00:00","dateModified":"2025-07-10T08:29:08+00:00","description":"Avec Elfsight, fa\u00e7onnez votre extension PDF Viewer et int\u00e9grez-la facilement sur votre site OpenCart. Nous offrons un service client gratuit et d'autres bonus.","breadcrumb":{"@id":"https:\/\/elfsight.com\/fr\/pdf-embed-widget\/opencart\/#breadcrumb"},"inLanguage":"fr-FR","potentialAction":[{"@type":"ReadAction","target":["https:\/\/elfsight.com\/fr\/pdf-embed-widget\/opencart\/"]}]},{"@type":"BreadcrumbList","@id":"https:\/\/elfsight.com\/fr\/pdf-embed-widget\/opencart\/#breadcrumb","itemListElement":[{"@type":"ListItem","position":1,"name":"Home","item":"https:\/\/elfsight.com\/fr\/"},{"@type":"ListItem","position":2,"name":"PDF Embed","item":"https:\/\/elfsight.com\/fr\/pdf-embed-widget\/"},{"@type":"ListItem","position":3,"name":"PDF Embed &#8211; OpenCart"}]},{"@type":"WebSite","@id":"https:\/\/elfsight.com\/fr\/#website","url":"https:\/\/elfsight.com\/fr\/","name":"Elfsight FR","description":"","potentialAction":[{"@type":"SearchAction","target":{"@type":"EntryPoint","urlTemplate":"https:\/\/elfsight.com\/fr\/?s={search_term_string}"},"query-input":{"@type":"PropertyValueSpecification","valueRequired":true,"valueName":"search_term_string"}}],"inLanguage":"fr-FR"}]}},"meta_box":{"industry":"","seo_heading":"","heading":"","description":"","cta_heading":"","cta_description":"","application":"2373","h1":"Extension de la visionneuse PDF OpenCart","h1_caption":"Int\u00e9grez des documents PDF sur votre site Web pour une visualisation et un t\u00e9l\u00e9chargement faciles sans rediriger les visiteurs vers votre site Web Opencart sans effort.","application_category":[],"applications_title":"","applications_request_title":"","applications_request_button_text":"","hero_text":"","hero_video":"","hero_video_schema_markup":"","selling_points_title":"","selling_points_caption":"","selling_points":[],"selling_points_cta_text":"","features_title":"","features":"","ed_cta_examples_text":"","ed_cta_examples_hidden":"","ed_cta_demo_text":"","ed_cta_demo_hidden":"","why_caption":"","why_editor_title":"","why_editor_text":"","why_team_title":"","why_team_text":"","why_service_title":"","why_service_text":"","template_catalog_visible":"","template_catalog_title":"","template_catalog_text":"","template_catalog_categories_visible":"","demo_title":"Cr\u00e9ez votre extension PDF Embed","demo_caption":"Configurez votre PDF Embed et ajoutez-le \u00e0 votre site Web OpenCart gratuitement\u00a0!","default_faq_hidden":"","app_template_category":[],"platform":"359","template_public_id":"","codecanyon_url":"","codecanyon_item_id":"","codecanyon_price":"","pricing_caption":"","pricing_elfsight_apps_hide_column":"","pricing_elfsight_apps_url":"","pricing_codecanyon_price_caption":"","integration_category":[],"integration_request_title":"","integration_request_cta":"","integration_platform":"","integrations":[],"platform_category":[],"video_schema_markup":"","price":"\u00e0 partir de 0$ \/ mois","trial":"","benefits":[{"text":"Assistance \u00e0 l'installation gratuite"},{"text":"Service client efficace"},{"text":"Garantie de remboursement de 14 jours"},{"text":"Futures am\u00e9liorations gratuites"}],"button_url":"#demo","button_target_blank":"","button_nofollow":"","attributes":[{"name":"Installations","content":"10,000 - 100,000"},{"name":"Sensible","content":"Oui"},{"name":"Navigateurs compatibles","content":"Chrome, Edge, Safari, Opera, Firefox"}],"tags":[],"tags_disable_links":"","hide_more_platforms":"","video_object":"","demo_hide_cta":"","demo_hide_cloud_options":"","pricing_title":"","pricing":[{"pricing_icon":"platform","pricing_title":"Elfsight Apps","pricing_title_caption":"Logiciel multiplateforme qui fonctionne sur n'importe quel site Web","pricing_price":"from $0 \/ month","pricing_price_caption":"commencez avec un forfait gratuit","pricing_benefits":[{"text":"Sites Web illimit\u00e9s"},{"text":"Accompagnement professionnel de l'entreprise"},{"text":"Aide \u00e0 l'installation gratuite"},{"text":"Conception flexible"}],"pricing_button_text":"Ajouter au site Web","pricing_button_url":"#demo"}],"related_apps_title":"","related_apps_hidden":"","author":"","image":[],"title":"","job":"","social_networks":[]},"_links":{"self":[{"href":"https:\/\/elfsight.com\/fr\/wp-json\/wp\/v2\/pages\/13693","targetHints":{"allow":["GET"]}}],"collection":[{"href":"https:\/\/elfsight.com\/fr\/wp-json\/wp\/v2\/pages"}],"about":[{"href":"https:\/\/elfsight.com\/fr\/wp-json\/wp\/v2\/types\/page"}],"author":[{"embeddable":true,"href":"https:\/\/elfsight.com\/fr\/wp-json\/wp\/v2\/users\/9"}],"replies":[{"embeddable":true,"href":"https:\/\/elfsight.com\/fr\/wp-json\/wp\/v2\/comments?post=13693"}],"version-history":[{"count":1,"href":"https:\/\/elfsight.com\/fr\/wp-json\/wp\/v2\/pages\/13693\/revisions"}],"predecessor-version":[{"id":13697,"href":"https:\/\/elfsight.com\/fr\/wp-json\/wp\/v2\/pages\/13693\/revisions\/13697"}],"up":[{"embeddable":true,"href":"https:\/\/elfsight.com\/fr\/wp-json\/wp\/v2\/pages\/2374"}],"wp:attachment":[{"href":"https:\/\/elfsight.com\/fr\/wp-json\/wp\/v2\/media?parent=13693"}],"curies":[{"name":"wp","href":"https:\/\/api.w.org\/{rel}","templated":true}]}}