{"id":13692,"date":"2024-05-03T06:42:10","date_gmt":"2024-05-03T06:42:10","guid":{"rendered":"https:\/\/elfsight.com\/fr\/?page_id=13692"},"modified":"2025-07-10T08:29:41","modified_gmt":"2025-07-10T08:29:41","slug":"webnode","status":"publish","type":"page","link":"https:\/\/elfsight.com\/fr\/pdf-embed-widget\/webnode\/","title":{"rendered":"PDF Embed &#8211; Webnode"},"content":{"rendered":"<div class=\"application-platform-content-item-description application-platform-content-item\" id=\"description\" data-nav-section=\"description\"> <h2>Description<\/h2> <p>Gr\u00e2ce \u00e0 l&rsquo;outil PDF Elfsight, obtenez l&rsquo;int\u00e9gration la plus simple de tous les documents PDF dans votre site Web. Pour la commodit\u00e9 de l&rsquo;utilisateur, les fichiers peuvent \u00eatre ins\u00e9r\u00e9s par t\u00e9l\u00e9chargement direct, en saisissant les URL ou en choisissant parmi les derniers t\u00e9l\u00e9charg\u00e9s. Vous pouvez donner \u00e0 chaque fichier votre propre titre, t\u00e9l\u00e9charger une ic\u00f4ne ou une image personnalis\u00e9e, choisir la mise en page et bien plus encore. Les visiteurs du site Web peuvent v\u00e9rifier les fichiers directement sur votre site Web, les visualiser dans un nouvel onglet et les t\u00e9l\u00e9charger.<\/p> <div class=\"faq\" data-component=\"FAQ\"> <div class=\"faq-item\">\r\n\t\t\t\t\t<div class=\"faq-item-question\">\r\n\t\t\t\t\t\t<h3 class=\"faq-item-question-text\">O\u00f9 puis-je l'afficher<\/h3>\r\n\r\n\t\t\t\t\t\t<div class=\"faq-item-question-icon\"><\/div>\r\n\t\t\t\t\t<\/div>\r\n\r\n\t\t\t\t\t<div class=\"faq-item-answer\">\r\n\t\t\t\t\t\t<div class=\"faq-item-answer-text\"> <p>N&rsquo;h\u00e9sitez pas \u00e0 afficher l&rsquo;int\u00e9gration de fichiers sur n&rsquo;importe quel site Web. pages de votre site Web. Ainsi, il peut \u00eatre appliqu\u00e9 pour d\u00e9montrer vos documents ou sp\u00e9cifications technologiques sur les pages produits correspondantes, ou pour ajouter vos dipl\u00f4mes et certificats sur la page de destination. <\/p> <\/div>\r\n\t\t\t\t\t<\/div>\r\n\t\t\t\t<\/div> <div class=\"faq-item\">\r\n\t\t\t\t\t<div class=\"faq-item-question\">\r\n\t\t\t\t\t\t<h3 class=\"faq-item-question-text\">Quels sont les avantages d'avoir un widget PDF pour moi ?<\/h3>\r\n\r\n\t\t\t\t\t\t<div class=\"faq-item-question-icon\"><\/div>\r\n\t\t\t\t\t<\/div>\r\n\r\n\t\t\t\t\t<div class=\"faq-item-answer\">\r\n\t\t\t\t\t\t<div class=\"faq-item-answer-text\"> <p>Notre widget peut vous faire gagner beaucoup de temps, car avec lui, la publication de fichiers sur votre site prend juste quelques secondes. En outre, cela vous aide \u00e0 r\u00e9v\u00e9ler de nombreux d\u00e9tails significatifs sur vos offres ou services et \u00e0 aider les clients \u00e0 mieux les comprendre.<\/p> <\/div>\r\n\t\t\t\t\t<\/div>\r\n\t\t\t\t<\/div> <div class=\"faq-item\">\r\n\t\t\t\t\t<div class=\"faq-item-question\">\r\n\t\t\t\t\t\t<h3 class=\"faq-item-question-text\">Comment puis-je ajouter PDF Embed \u00e0 mon site Webnode ?<\/h3>\r\n\r\n\t\t\t\t\t\t<div class=\"faq-item-question-icon\"><\/div>\r\n\t\t\t\t\t<\/div>\r\n\r\n\t\t\t\t\t<div class=\"faq-item-answer\">\r\n\t\t\t\t\t\t<div class=\"faq-item-answer-text\"> <p>L&rsquo;activation du widget ne prendra que deux minutes. L&rsquo;int\u00e9gration est extr\u00eamement rapide, gratuite et sans codage. <\/p> <p>Vous pouvez coller le widget sur votre site directement via notre service. Pour cela vous devrez consulter le guide ci-apr\u00e8s sur cette page. <\/p> <\/div>\r\n\t\t\t\t\t<\/div>\r\n\t\t\t\t<\/div> <\/div> <\/div> <div class=\"application-platform-content-item-features application-platform-content-item\" id=\"features\" data-nav-section=\"features\"> <h2>Fonctionnalit\u00e9s<\/h2> <p>Pour avoir une id\u00e9e plus pr\u00e9cise du widget, vous pouvez \u00e9tudier la liste des ses principales caract\u00e9ristiques. Ils rendent notre widget incroyablement efficace pour vous\u00a0: <\/p> <ul><li>Collez un nombre illimit\u00e9 de fichiers\u00a0;<\/li> <li>Variante de pr\u00e9sentation de la visionneuse de fichiers pour afficher les fichiers sur le site\u00a0; <\/li> <li>T\u00e9l\u00e9charger des images pour les ic\u00f4nes et les aper\u00e7us des documents\u00a0; <\/li> <li>Afficher ou masquer T\u00e9l\u00e9charger l&rsquo;\u00e9tiquette du document\u00a0; <\/li> <li>6 d\u00e9tails colorables de l&rsquo;interface du widget\u00a0; <\/li> <\/ul><p><a href=\"#demo\">V\u00e9rifiez plus de fonctionnalit\u00e9s dans la d\u00e9mo<\/a><\/p> <\/div> <div class=\"application-platform-content-item-installation application-platform-content-item\" id=\"installation\" data-nav-section=\"installation\"> <h2>V\u00e9rifions comment introduire la visionneuse PDF sur votre page Webnode<\/h2> <p>Suivez simplement les \u00e9tapes suivantes et le widget sera op\u00e9rationnel.<\/p> <ol><li><b>Construisez votre plugin PDF personnalis\u00e9 <\/b><br> Gr\u00e2ce \u00e0 notre configurateur gratuit, fa\u00e7onnez un plugin avec une mise en page et des fonctionnalit\u00e9s s\u00e9lectionn\u00e9es.<\/li><li><b>Acqu\u00e9rir le code personnel pour ajouter le plugin<\/b><br> Apr\u00e8s vous avez cr\u00e9\u00e9 votre widget, vous obtiendrez le code individuel dans la fen\u00eatre qui appara\u00eet sur Elfsight Apps. Copiez-le pour une utilisation future. <\/li> <li><b>Int\u00e9grez le plugin sur votre site Webnode<\/b><br> Trouvez l&rsquo;endroit o\u00f9 vous souhaitez afficher le plugin et collez-y le code copi\u00e9. Enregistrez les modifications. <\/li> <li><b>Fait\u00a0! <\/b><br> Rendez-vous dans la boutique, pour voir vos fichiers PDF int\u00e9gr\u00e9s.<\/li> <\/ol><p>Toujours pas d\u00e9cid\u00e9\u00a0? Ou rencontrez des probl\u00e8mes ? \u00c9crivez simplement une demande \u00e0 notre \u00e9quipe d&rsquo;assistance et voyez vos probl\u00e8mes r\u00e9solus. <\/p> <\/div>","protected":false},"excerpt":{"rendered":"","protected":false},"author":9,"featured_media":0,"parent":2374,"menu_order":0,"comment_status":"closed","ping_status":"closed","template":"templates\/template-application-platform.php","meta":{"publish_to_discourse":"","publish_post_category":"","wpdc_auto_publish_overridden":"","wpdc_topic_tags":"","wpdc_pin_topic":"","wpdc_pin_until":"","discourse_post_id":"","discourse_permalink":"","wpdc_publishing_response":"","wpdc_publishing_error":"","footnotes":""},"class_list":["post-13692","page","type-page","status-publish","hentry"],"yoast_head":"<!-- This site is optimized with the Yoast SEO plugin v25.3.1 - https:\/\/yoast.com\/wordpress\/plugins\/seo\/ -->\n<title>Visionneuse PDF - Int\u00e9grer un fichier PDF sur le site Web Webnode (2025)<\/title>\n<meta name=\"description\" content=\"Il n\u2019y a aucun probl\u00e8me \u00e0 fa\u00e7onner votre widget PDF Viewer et \u00e0 l\u2019int\u00e9grer \u00e0 votre page Web Webnode. Le support client Elfsight est gratuit et rapide.\" \/>\n<meta name=\"robots\" content=\"index, follow, max-snippet:-1, max-image-preview:large, max-video-preview:-1\" \/>\n<link rel=\"canonical\" href=\"https:\/\/elfsight.com\/fr\/pdf-embed-widget\/webnode\/\" \/>\n<meta property=\"og:locale\" content=\"fr_FR\" \/>\n<meta property=\"og:type\" content=\"article\" \/>\n<meta property=\"og:title\" content=\"Visionneuse PDF - Int\u00e9grer un fichier PDF sur le site Web Webnode (2025)\" \/>\n<meta property=\"og:description\" content=\"Il n\u2019y a aucun probl\u00e8me \u00e0 fa\u00e7onner votre widget PDF Viewer et \u00e0 l\u2019int\u00e9grer \u00e0 votre page Web Webnode. Le support client Elfsight est gratuit et rapide.\" \/>\n<meta property=\"og:url\" content=\"https:\/\/elfsight.com\/fr\/pdf-embed-widget\/webnode\/\" \/>\n<meta property=\"og:site_name\" content=\"Elfsight FR\" \/>\n<meta property=\"article:modified_time\" content=\"2025-07-10T08:29:41+00:00\" \/>\n<meta name=\"twitter:card\" content=\"summary_large_image\" \/>\n<meta name=\"twitter:label1\" content=\"Dur\u00e9e de lecture estim\u00e9e\" \/>\n\t<meta name=\"twitter:data1\" content=\"3 minutes\" \/>\n<!-- \/ Yoast SEO plugin. -->","yoast_head_json":{"title":"Visionneuse PDF - Int\u00e9grer un fichier PDF sur le site Web Webnode (2025)","description":"Il n\u2019y a aucun probl\u00e8me \u00e0 fa\u00e7onner votre widget PDF Viewer et \u00e0 l\u2019int\u00e9grer \u00e0 votre page Web Webnode. Le support client Elfsight est gratuit et rapide.","robots":{"index":"index","follow":"follow","max-snippet":"max-snippet:-1","max-image-preview":"max-image-preview:large","max-video-preview":"max-video-preview:-1"},"canonical":"https:\/\/elfsight.com\/fr\/pdf-embed-widget\/webnode\/","og_locale":"fr_FR","og_type":"article","og_title":"Visionneuse PDF - Int\u00e9grer un fichier PDF sur le site Web Webnode (2025)","og_description":"Il n\u2019y a aucun probl\u00e8me \u00e0 fa\u00e7onner votre widget PDF Viewer et \u00e0 l\u2019int\u00e9grer \u00e0 votre page Web Webnode. Le support client Elfsight est gratuit et rapide.","og_url":"https:\/\/elfsight.com\/fr\/pdf-embed-widget\/webnode\/","og_site_name":"Elfsight FR","article_modified_time":"2025-07-10T08:29:41+00:00","twitter_card":"summary_large_image","twitter_misc":{"Dur\u00e9e de lecture estim\u00e9e":"3 minutes"},"schema":{"@context":"https:\/\/schema.org","@graph":[{"@type":"WebPage","@id":"https:\/\/elfsight.com\/fr\/pdf-embed-widget\/webnode\/","url":"https:\/\/elfsight.com\/fr\/pdf-embed-widget\/webnode\/","name":"Visionneuse PDF - Int\u00e9grer un fichier PDF sur le site Web Webnode (2025)","isPartOf":{"@id":"https:\/\/elfsight.com\/fr\/#website"},"datePublished":"2024-05-03T06:42:10+00:00","dateModified":"2025-07-10T08:29:41+00:00","description":"Il n\u2019y a aucun probl\u00e8me \u00e0 fa\u00e7onner votre widget PDF Viewer et \u00e0 l\u2019int\u00e9grer \u00e0 votre page Web Webnode. Le support client Elfsight est gratuit et rapide.","breadcrumb":{"@id":"https:\/\/elfsight.com\/fr\/pdf-embed-widget\/webnode\/#breadcrumb"},"inLanguage":"fr-FR","potentialAction":[{"@type":"ReadAction","target":["https:\/\/elfsight.com\/fr\/pdf-embed-widget\/webnode\/"]}]},{"@type":"BreadcrumbList","@id":"https:\/\/elfsight.com\/fr\/pdf-embed-widget\/webnode\/#breadcrumb","itemListElement":[{"@type":"ListItem","position":1,"name":"Home","item":"https:\/\/elfsight.com\/fr\/"},{"@type":"ListItem","position":2,"name":"PDF Embed","item":"https:\/\/elfsight.com\/fr\/pdf-embed-widget\/"},{"@type":"ListItem","position":3,"name":"PDF Embed &#8211; Webnode"}]},{"@type":"WebSite","@id":"https:\/\/elfsight.com\/fr\/#website","url":"https:\/\/elfsight.com\/fr\/","name":"Elfsight FR","description":"","potentialAction":[{"@type":"SearchAction","target":{"@type":"EntryPoint","urlTemplate":"https:\/\/elfsight.com\/fr\/?s={search_term_string}"},"query-input":{"@type":"PropertyValueSpecification","valueRequired":true,"valueName":"search_term_string"}}],"inLanguage":"fr-FR"}]}},"meta_box":{"industry":"","seo_heading":"","heading":"","description":"","cta_heading":"","cta_description":"","application":"2373","h1":"Webnode PDF Int\u00e9grer","h1_caption":"Int\u00e9grez des documents PDF sur votre site Web pour une visualisation et un t\u00e9l\u00e9chargement faciles sans rediriger les visiteurs vers votre site Web Webnode sans effort.","application_category":[],"applications_title":"","applications_request_title":"","applications_request_button_text":"","hero_text":"","hero_video":"","hero_video_schema_markup":"","selling_points_title":"","selling_points_caption":"","selling_points":[],"selling_points_cta_text":"","features_title":"","features":"","ed_cta_examples_text":"","ed_cta_examples_hidden":"","ed_cta_demo_text":"","ed_cta_demo_hidden":"","why_caption":"","why_editor_title":"","why_editor_text":"","why_team_title":"","why_team_text":"","why_service_title":"","why_service_text":"","template_catalog_visible":"","template_catalog_title":"","template_catalog_text":"","template_catalog_categories_visible":"","demo_title":"Cr\u00e9ez votre widget d'int\u00e9gration PDF","demo_caption":"Configurez votre PDF Embed et ajoutez-le gratuitement \u00e0 votre site Webnode !","default_faq_hidden":"","app_template_category":[],"platform":"364","template_public_id":"","codecanyon_url":"","codecanyon_item_id":"","codecanyon_price":"","pricing_caption":"","pricing_elfsight_apps_hide_column":"","pricing_elfsight_apps_url":"","pricing_codecanyon_price_caption":"","integration_category":[],"integration_request_title":"","integration_request_cta":"","integration_platform":"","integrations":[],"platform_category":[],"video_schema_markup":"","price":"\u00e0 partir de 0$ \/ mois","trial":"","benefits":[{"text":"Service d'installation gratuit"},{"text":"Support client comp\u00e9tent"},{"text":"Garantie de remboursement de 14 jours"},{"text":"Mises \u00e0 jour continues"}],"button_url":"#demo","button_target_blank":"","button_nofollow":"","attributes":[{"name":"Installations","content":"10,000 - 100,000"},{"name":"Sensible","content":"Oui"},{"name":"Navigateurs compatibles","content":"Firefox, Safari, Opera, Chrome, Edge"}],"tags":[],"tags_disable_links":"","hide_more_platforms":"","video_object":"","demo_hide_cta":"","demo_hide_cloud_options":"","pricing_title":"","pricing":[{"pricing_icon":"platform","pricing_title":"Elfsight Apps","pricing_title_caption":"Solution num\u00e9rique ind\u00e9pendante de la plateforme qui fonctionne sur n'importe quel site","pricing_price":"from $0 \/ month","pricing_price_caption":"commencez avec un forfait gratuit","pricing_benefits":[{"text":"Sites Web illimit\u00e9s"},{"text":"Assistance 24h\/24 et 7j\/7 et bien document\u00e9"},{"text":"Aide \u00e0 l'installation gratuite"},{"text":"Prix \u200b\u200b\u00e0 attraper pour plusieurs applications"}],"pricing_button_text":"Ajouter au site Web","pricing_button_url":"#demo"}],"related_apps_title":"","related_apps_hidden":"","author":"","image":[],"title":"","job":"","social_networks":[]},"_links":{"self":[{"href":"https:\/\/elfsight.com\/fr\/wp-json\/wp\/v2\/pages\/13692","targetHints":{"allow":["GET"]}}],"collection":[{"href":"https:\/\/elfsight.com\/fr\/wp-json\/wp\/v2\/pages"}],"about":[{"href":"https:\/\/elfsight.com\/fr\/wp-json\/wp\/v2\/types\/page"}],"author":[{"embeddable":true,"href":"https:\/\/elfsight.com\/fr\/wp-json\/wp\/v2\/users\/9"}],"replies":[{"embeddable":true,"href":"https:\/\/elfsight.com\/fr\/wp-json\/wp\/v2\/comments?post=13692"}],"version-history":[{"count":1,"href":"https:\/\/elfsight.com\/fr\/wp-json\/wp\/v2\/pages\/13692\/revisions"}],"predecessor-version":[{"id":13696,"href":"https:\/\/elfsight.com\/fr\/wp-json\/wp\/v2\/pages\/13692\/revisions\/13696"}],"up":[{"embeddable":true,"href":"https:\/\/elfsight.com\/fr\/wp-json\/wp\/v2\/pages\/2374"}],"wp:attachment":[{"href":"https:\/\/elfsight.com\/fr\/wp-json\/wp\/v2\/media?parent=13692"}],"curies":[{"name":"wp","href":"https:\/\/api.w.org\/{rel}","templated":true}]}}