{"id":13691,"date":"2024-05-03T06:42:00","date_gmt":"2024-05-03T06:42:00","guid":{"rendered":"https:\/\/elfsight.com\/fr\/?page_id=13691"},"modified":"2025-07-10T08:21:14","modified_gmt":"2025-07-10T08:21:14","slug":"bigcommerce","status":"publish","type":"page","link":"https:\/\/elfsight.com\/fr\/paypal-button-widget-generator\/bigcommerce\/","title":{"rendered":"PayPal Button &#8211; BigCommerce"},"content":{"rendered":"<div class=\"application-platform-content-item-description application-platform-content-item\" id=\"description\" data-nav-section=\"description\"><h2>Description<\/h2><p>Int\u00e9grez sur votre site Web une variante payante r\u00e9put\u00e9e et fluide sans trop d&rsquo;effort. Avec le bouton PayPal Elfsight, il est facile d&rsquo;accepter les paiements, les abonnements automatiques et les dons de vos utilisateurs. Construisez votre propre bouton personnalis\u00e9, en choisissant le type de paiement, la devise, la localisation et en ajoutant des options d&rsquo;apparence pour le rendre vraiment unique. Vos clients b\u00e9n\u00e9ficieront d&rsquo;un paiement rapide et fluide sur votre site Web avec le bouton PayPal.<\/p><p><b>Utilisez tous les avantages de PayPal pour vos clients et pour vous-m\u00eame\u00a0!<\/b><\/p><p><b> Une variante de paiement utile sur votre site sans codage en un instant<\/b>.<br>Votre client\u00e8le b\u00e9n\u00e9ficiera d&rsquo;un paiement s\u00e9curis\u00e9 sur votre site. Int\u00e9grez votre bouton PayPal \u00e0 l&rsquo;aide d&rsquo;Elfsight et vous offrirez une proc\u00e9dure de paiement habituelle et rapide \u00e0 vos acheteurs. Pas de codage, pas de soucis.<\/p><p><b>Une solution universelle pour g\u00e9rer les paiements, les abonnements et les dons<\/b>.<br>Avec un seul widget d&rsquo;Elfsight, vous avez la libert\u00e9 de cr\u00e9er des boutons pour public \u00e0 payer, s&rsquo;abonner et faire un don sur votre site. Gagnez du temps et des efforts et utilisez une solution universelle, qui vous offre un ensemble de variantes.<\/p><p><b>L&rsquo;une des techniques de paiement les plus r\u00e9put\u00e9es et les plus populaires sur votre site<\/b>.<br>Faites en sorte que votre site Web vraiment confortable pour votre client\u00e8le afin d&rsquo;augmenter ses ventes. Permettez aux utilisateurs de payer via un instrument largement r\u00e9pandu et r\u00e9put\u00e9 sur votre site Web et augmentez la confiance dans votre entreprise.<\/p><\/div><div class=\"application-platform-content-item-features application-platform-content-item\" id=\"features\" data-nav-section=\"features\"><h2>Fonctionnalit\u00e9s<\/h2><p>Quoi fait de notre outil le meilleur\u00a0? V\u00e9rifiez les fonctionnalit\u00e9s qu&rsquo;il vous offrira\u00a0:<\/p><ul><li>Fixation du prix du produit\u00a0;<\/li><li>Choisissez l&rsquo;un des intervalles de facturation\u00a0: quotidien, hebdomadaire, mensuel, annuel\u00a0;<\/li><li> Largeur du bouton r\u00e9glable\u00a0;<\/li><li>Options de bordure du bouton\u00a0: taille, couleur, rayon\u00a0;<\/li><li>Afficher ou masquer l&rsquo;ic\u00f4ne PayPal.<\/li><\/ul><p>V\u00e9rifiez toutes les fonctionnalit\u00e9s dans D\u00e9mo en direct<\/p><p><\/div><\/p><div class=\"application-platform-content-item-installation application-platform-content-item\" id=\"installation\" data-nav-section=\"installation\"><h2>Comment ajouter l&rsquo;application PayPal Button au site Web BigCommerce<\/h2><div class=\"video-container\"><iframe width=\"720\" height=\"405\" src=\"https:\/\/www.youtube.com\/embed\/Z0hvb7AMfH4\" frameborder=\"0\" allowfullscreen=\"\"><\/iframe><\/div><p>Suivez simplement les \u00e9tapes ci-dessous pour int\u00e9grer le widget sur BigCommerce.<\/p> <ol><li><b>Utilisez notre configurateur gratuit et commencez \u00e0 cr\u00e9er votre propre application. <\/b><br> Sp\u00e9cifiez la disposition pr\u00e9f\u00e9r\u00e9e et les caract\u00e9ristiques fonctionnelles du widget et enregistrez les modifications. <\/li> <li><b>Acqu\u00e9rir le code personnel r\u00e9v\u00e9l\u00e9 dans le formulaire sp\u00e9cial sur Elfsight Apps. <\/b><br> Une fois la configuration de votre bouton PayPal termin\u00e9e, copiez le code personnel dans la fen\u00eatre qui appara\u00eet et conservez-le pour une utilisation ult\u00e9rieure. <\/li> <li><b>Lancer l&rsquo;utilisation de l&rsquo;outil sur le site BigCommerce. <\/b><br> Ajoutez le code que vous avez enregistr\u00e9 r\u00e9cemment dans votre page et enregistrez les am\u00e9liorations. <\/li> <li><b>Fait\u00a0! L&rsquo;installation est termin\u00e9e avec succ\u00e8s. <\/b><br> Acc\u00e9dez \u00e0 votre site pour v\u00e9rifier les performances de l&rsquo;outil. <\/li><\/ol><p>Vous rencontrez des probl\u00e8mes pour afficher le plugin ou le personnaliser\u00a0? Contactez notre service client.<\/p><\/div><div class=\"faq\" data-component=\"FAQ\"><div class=\"faq-item\">\r\n\t\t\t\t\t<div class=\"faq-item-question\">\r\n\t\t\t\t\t\t<h3 class=\"faq-item-question-text\">De quelle mani\u00e8re puis-je int\u00e9grer un bouton PayPal \u00e0 mon site BigCommerce ? <\/h3>\r\n\r\n\t\t\t\t\t\t<div class=\"faq-item-question-icon\"><\/div>\r\n\t\t\t\t\t<\/div>\r\n\r\n\t\t\t\t\t<div class=\"faq-item-answer\">\r\n\t\t\t\t\t\t<div class=\"faq-item-answer-text\"><p>Le la cr\u00e9ation du widget s&rsquo;effectue au sein du service Elfsight et vous n&rsquo;avez pas besoin d&rsquo;apprendre le codage. Appliquez notre d\u00e9mo active pour ajuster votre propre plugin, r\u00e9cup\u00e9rez le code et collez-le dans votre site Web. <\/p><\/div>\r\n\t\t\t\t\t<\/div>\r\n\t\t\t\t<\/div><div class=\"faq-item\">\r\n\t\t\t\t\t<div class=\"faq-item-question\">\r\n\t\t\t\t\t\t<h3 class=\"faq-item-question-text\">Les meilleurs exemples d'utilisation de l'int\u00e9gration PayPal<\/h3>\r\n\r\n\t\t\t\t\t\t<div class=\"faq-item-question-icon\"><\/div>\r\n\t\t\t\t\t<\/div>\r\n\r\n\t\t\t\t\t<div class=\"faq-item-answer\">\r\n\t\t\t\t\t\t<div class=\"faq-item-answer-text\"><p>Nous disposons de nombreuses possibilit\u00e9s de r\u00e9glage\u00a0: widgets \u00e0 grande \u00e9chelle \u00e0 int\u00e9grer dans la zone de contenu, plugins flottants avec des possibilit\u00e9s de d\u00e9filement, des dispositions pour le pied de page, la section d&rsquo;en-t\u00eate et toutes les variantes d&rsquo;options verticales pour les barres lat\u00e9rales et les menus. <\/p><\/div>\r\n\t\t\t\t\t<\/div>\r\n\t\t\t\t<\/div><div class=\"faq-item\">\r\n\t\t\t\t\t<div class=\"faq-item-question\">\r\n\t\t\t\t\t\t<h3 class=\"faq-item-question-text\">Puis-je cr\u00e9er un bouton PayPal de don ou d'abonnement au moyen de l'\u00e9diteur ? <\/h3>\r\n\r\n\t\t\t\t\t\t<div class=\"faq-item-question-icon\"><\/div>\r\n\t\t\t\t\t<\/div>\r\n\r\n\t\t\t\t\t<div class=\"faq-item-answer\">\r\n\t\t\t\t\t\t<div class=\"faq-item-answer-text\"><p>Vous pouvez fa\u00e7onner les modifications de n&rsquo;importe quel widget. Il existe un large \u00e9ventail de mises en page \u00e0 votre disposition dans l&rsquo;\u00e9diteur, et toutes peuvent \u00eatre rapidement personnalis\u00e9es selon vos besoins. <\/p><\/div>\r\n\t\t\t\t\t<\/div>\r\n\t\t\t\t<\/div><\/div>","protected":false},"excerpt":{"rendered":"","protected":false},"author":9,"featured_media":0,"parent":1677,"menu_order":0,"comment_status":"closed","ping_status":"closed","template":"templates\/template-application-platform.php","meta":{"publish_to_discourse":"","publish_post_category":"","wpdc_auto_publish_overridden":"","wpdc_topic_tags":"","wpdc_pin_topic":"","wpdc_pin_until":"","discourse_post_id":"","discourse_permalink":"","wpdc_publishing_response":"","wpdc_publishing_error":"","footnotes":""},"class_list":["post-13691","page","type-page","status-publish","hentry"],"yoast_head":"<!-- This site is optimized with the Yoast SEO plugin v25.3.1 - https:\/\/yoast.com\/wordpress\/plugins\/seo\/ -->\n<title>Bouton PayPal - Ajoutez l&#039;application PayPal \u00e0 BigCommerce (int\u00e9gration en 2 min\u00a0!)<\/title>\n<meta name=\"description\" content=\"Obtenez votre application personnelle PayPal Button pour BigCommerce et affichez-la sur votre site en seulement 2 minutes. \u00c9diteur gratuit, aide \u00e0 l&#039;int\u00e9gration et plus d&#039;avantages d&#039;Elfsight\u00a0!\" \/>\n<meta name=\"robots\" content=\"index, follow, max-snippet:-1, max-image-preview:large, max-video-preview:-1\" \/>\n<link rel=\"canonical\" href=\"https:\/\/elfsight.com\/fr\/paypal-button-widget-generator\/bigcommerce\/\" \/>\n<meta property=\"og:locale\" content=\"fr_FR\" \/>\n<meta property=\"og:type\" content=\"article\" \/>\n<meta property=\"og:title\" content=\"Bouton PayPal - Ajoutez l&#039;application PayPal \u00e0 BigCommerce (int\u00e9gration en 2 min\u00a0!)\" \/>\n<meta property=\"og:description\" content=\"Obtenez votre application personnelle PayPal Button pour BigCommerce et affichez-la sur votre site en seulement 2 minutes. \u00c9diteur gratuit, aide \u00e0 l&#039;int\u00e9gration et plus d&#039;avantages d&#039;Elfsight\u00a0!\" \/>\n<meta property=\"og:url\" content=\"https:\/\/elfsight.com\/fr\/paypal-button-widget-generator\/bigcommerce\/\" \/>\n<meta property=\"og:site_name\" content=\"Elfsight FR\" \/>\n<meta property=\"article:modified_time\" content=\"2025-07-10T08:21:14+00:00\" \/>\n<meta name=\"twitter:card\" content=\"summary_large_image\" \/>\n<meta name=\"twitter:label1\" content=\"Dur\u00e9e de lecture estim\u00e9e\" \/>\n\t<meta name=\"twitter:data1\" content=\"3 minutes\" \/>\n<!-- \/ Yoast SEO plugin. -->","yoast_head_json":{"title":"Bouton PayPal - Ajoutez l'application PayPal \u00e0 BigCommerce (int\u00e9gration en 2 min\u00a0!)","description":"Obtenez votre application personnelle PayPal Button pour BigCommerce et affichez-la sur votre site en seulement 2 minutes. \u00c9diteur gratuit, aide \u00e0 l'int\u00e9gration et plus d'avantages d'Elfsight\u00a0!","robots":{"index":"index","follow":"follow","max-snippet":"max-snippet:-1","max-image-preview":"max-image-preview:large","max-video-preview":"max-video-preview:-1"},"canonical":"https:\/\/elfsight.com\/fr\/paypal-button-widget-generator\/bigcommerce\/","og_locale":"fr_FR","og_type":"article","og_title":"Bouton PayPal - Ajoutez l'application PayPal \u00e0 BigCommerce (int\u00e9gration en 2 min\u00a0!)","og_description":"Obtenez votre application personnelle PayPal Button pour BigCommerce et affichez-la sur votre site en seulement 2 minutes. \u00c9diteur gratuit, aide \u00e0 l'int\u00e9gration et plus d'avantages d'Elfsight\u00a0!","og_url":"https:\/\/elfsight.com\/fr\/paypal-button-widget-generator\/bigcommerce\/","og_site_name":"Elfsight FR","article_modified_time":"2025-07-10T08:21:14+00:00","twitter_card":"summary_large_image","twitter_misc":{"Dur\u00e9e de lecture estim\u00e9e":"3 minutes"},"schema":{"@context":"https:\/\/schema.org","@graph":[{"@type":"WebPage","@id":"https:\/\/elfsight.com\/fr\/paypal-button-widget-generator\/bigcommerce\/","url":"https:\/\/elfsight.com\/fr\/paypal-button-widget-generator\/bigcommerce\/","name":"Bouton PayPal - Ajoutez l'application PayPal \u00e0 BigCommerce (int\u00e9gration en 2 min\u00a0!)","isPartOf":{"@id":"https:\/\/elfsight.com\/fr\/#website"},"datePublished":"2024-05-03T06:42:00+00:00","dateModified":"2025-07-10T08:21:14+00:00","description":"Obtenez votre application personnelle PayPal Button pour BigCommerce et affichez-la sur votre site en seulement 2 minutes. \u00c9diteur gratuit, aide \u00e0 l'int\u00e9gration et plus d'avantages d'Elfsight\u00a0!","breadcrumb":{"@id":"https:\/\/elfsight.com\/fr\/paypal-button-widget-generator\/bigcommerce\/#breadcrumb"},"inLanguage":"fr-FR","potentialAction":[{"@type":"ReadAction","target":["https:\/\/elfsight.com\/fr\/paypal-button-widget-generator\/bigcommerce\/"]}]},{"@type":"BreadcrumbList","@id":"https:\/\/elfsight.com\/fr\/paypal-button-widget-generator\/bigcommerce\/#breadcrumb","itemListElement":[{"@type":"ListItem","position":1,"name":"Home","item":"https:\/\/elfsight.com\/fr\/"},{"@type":"ListItem","position":2,"name":"PayPal Button","item":"https:\/\/elfsight.com\/fr\/paypal-button-widget-generator\/"},{"@type":"ListItem","position":3,"name":"PayPal Button &#8211; BigCommerce"}]},{"@type":"WebSite","@id":"https:\/\/elfsight.com\/fr\/#website","url":"https:\/\/elfsight.com\/fr\/","name":"Elfsight FR","description":"","potentialAction":[{"@type":"SearchAction","target":{"@type":"EntryPoint","urlTemplate":"https:\/\/elfsight.com\/fr\/?s={search_term_string}"},"query-input":{"@type":"PropertyValueSpecification","valueRequired":true,"valueName":"search_term_string"}}],"inLanguage":"fr-FR"}]}},"meta_box":{"industry":"","seo_heading":"","heading":"","description":"","cta_heading":"","cta_description":"","application":"1670","h1":"Application du bouton PayPal BigCommerce","h1_caption":"Ajoutez un bouton Paypal \u00e0 votre site Web pour des paiements rapides et faciles directement via Paypal sur votre site Web BigCommerce sans effort.","application_category":[],"applications_title":"","applications_request_title":"","applications_request_button_text":"","hero_text":"","hero_video":"","hero_video_schema_markup":"","selling_points_title":"","selling_points_caption":"","selling_points":[],"selling_points_cta_text":"","features_title":"","features":"","ed_cta_examples_text":"","ed_cta_examples_hidden":"","ed_cta_demo_text":"","ed_cta_demo_hidden":"","why_caption":"","why_editor_title":"","why_editor_text":"","why_team_title":"","why_team_text":"","why_service_title":"","why_service_text":"","template_catalog_visible":"","template_catalog_title":"","template_catalog_text":"","template_catalog_categories_visible":"","demo_title":"Cr\u00e9ez votre application Bouton PayPal","demo_caption":"Configurez votre bouton PayPal et ajoutez-le gratuitement \u00e0 votre site Web BigCommerce\u00a0!","default_faq_hidden":"","app_template_category":[],"platform":"347","template_public_id":"","codecanyon_url":"","codecanyon_item_id":"","codecanyon_price":"","pricing_caption":"","pricing_elfsight_apps_hide_column":"","pricing_elfsight_apps_url":"","pricing_codecanyon_price_caption":"","integration_category":[],"integration_request_title":"","integration_request_cta":"","integration_platform":"","integrations":[],"platform_category":[],"video_schema_markup":"","price":"\u00e0 partir de 0$ \/ mois","trial":"","benefits":[{"text":"Service d'installation gratuit"},{"text":"Service client comp\u00e9tent"},{"text":"Garantie de remboursement de 14 jours"},{"text":"Mises \u00e0 jour gratuites \u00e0 vie"}],"button_url":"#demo","button_target_blank":"","button_nofollow":"","attributes":[{"name":"Installations","content":"10,000 - 100,000"},{"name":"Sensible","content":"Oui"},{"name":"Navigateurs compatibles","content":"Firefox, Safari, Opera, Chrome, Edge"}],"tags":[],"tags_disable_links":"","hide_more_platforms":"","video_object":"","demo_hide_cta":"","demo_hide_cloud_options":"","pricing_title":"","pricing":[{"pricing_icon":"cloud","pricing_title":"Elfsight Apps","pricing_title_caption":"Logiciel multiplateforme qui fonctionne sur n'importe quel site Web","pricing_price":"from $0 \/ month","pricing_price_caption":"commencez avec un forfait gratuit","pricing_benefits":[{"text":"Sites Web illimit\u00e9s"},{"text":"Assistance professionnelle et ponctuelle"},{"text":"Aide \u00e0 l'installation gratuite"},{"text":"Conception flexible"}],"pricing_button_text":"Ajouter au site Web","pricing_button_url":"#demo"}],"related_apps_title":"","related_apps_hidden":"","author":"","image":[],"title":"","job":"","social_networks":[]},"_links":{"self":[{"href":"https:\/\/elfsight.com\/fr\/wp-json\/wp\/v2\/pages\/13691","targetHints":{"allow":["GET"]}}],"collection":[{"href":"https:\/\/elfsight.com\/fr\/wp-json\/wp\/v2\/pages"}],"about":[{"href":"https:\/\/elfsight.com\/fr\/wp-json\/wp\/v2\/types\/page"}],"author":[{"embeddable":true,"href":"https:\/\/elfsight.com\/fr\/wp-json\/wp\/v2\/users\/9"}],"replies":[{"embeddable":true,"href":"https:\/\/elfsight.com\/fr\/wp-json\/wp\/v2\/comments?post=13691"}],"version-history":[{"count":1,"href":"https:\/\/elfsight.com\/fr\/wp-json\/wp\/v2\/pages\/13691\/revisions"}],"predecessor-version":[{"id":13695,"href":"https:\/\/elfsight.com\/fr\/wp-json\/wp\/v2\/pages\/13691\/revisions\/13695"}],"up":[{"embeddable":true,"href":"https:\/\/elfsight.com\/fr\/wp-json\/wp\/v2\/pages\/1677"}],"wp:attachment":[{"href":"https:\/\/elfsight.com\/fr\/wp-json\/wp\/v2\/media?parent=13691"}],"curies":[{"name":"wp","href":"https:\/\/api.w.org\/{rel}","templated":true}]}}