{"id":13686,"date":"2024-05-03T06:41:50","date_gmt":"2024-05-03T06:41:50","guid":{"rendered":"https:\/\/elfsight.com\/fr\/?page_id=13686"},"modified":"2025-07-10T08:25:49","modified_gmt":"2025-07-10T08:25:49","slug":"squarespace","status":"publish","type":"page","link":"https:\/\/elfsight.com\/fr\/paypal-button-widget-generator\/squarespace\/","title":{"rendered":"PayPal Button &#8211; Squarespace"},"content":{"rendered":"<div class=\"application-platform-content-item-description application-platform-content-item\" id=\"description\" data-nav-section=\"description\"><h2>Int\u00e9grez le bouton PayPal sur Squarespace avec le widget Elfsight<\/h2><p>Introduisez un instrument de paiement fiable et pratique sans trop d&rsquo;effort. En utilisant Elfsight Button pour PayPal, vous pouvez accepter les paiements, les abonnements r\u00e9currents et les dons de votre public. Cr\u00e9ez votre propre bouton personnalis\u00e9, en choisissant le mode de paiement, la devise, la localisation et en ajustant l&rsquo;apparence pour le rendre vraiment unique. Votre public appr\u00e9ciera la proc\u00e9dure de paiement rapide et fluide sur votre site Web via le bouton PayPal.<\/p><p><b>Organisez les paiements PayPal sur votre site Web sans effort\u00a0!<\/b><\/p><p><b>Une m\u00e9thode simple m\u00e9thode de paiement sur votre site Web sans codage en un instant<\/b>.<br>Il est indispensable pour une entreprise solide de fournir \u00e0 ses clients des paiements en ligne s\u00e9curis\u00e9s. Affichez le bouton PayPal d&rsquo;Elfsight sur votre site et vous y parviendrez sans effort et en un rien de temps.<\/p><p><b>Une solution unique pour traiter les paiements, les abonnements et les dons<\/b>.<br> Permettez \u00e0 votre public de payer, de s&rsquo;abonner \u00e0 vos services et de faire un don. Tout cela est disponible dans un instrument universel d&rsquo;Elfsight qui vous aide \u00e0 \u00e9conomiser des efforts et du temps.<\/p><p><b>L&rsquo;un des outils de paiement les plus fiables et les plus populaires sur votre site<\/b>.<br>Offrez le meilleur apporter du r\u00e9confort \u00e0 vos clients pour obtenir plus de ventes. Permettez aux clients d&rsquo;effectuer des paiements via un instrument connu et s\u00e9curis\u00e9 sur votre site et montrez-leur que votre entreprise est r\u00e9put\u00e9e.<\/p><\/div><div class=\"application-platform-content-item-features application-platform-content-item\" id=\"features\" data-nav-section=\"features\"><h2>Principales fonctionnalit\u00e9s du widget Bouton PayPal <\/h2><p>Qu&rsquo;est-ce qui rend notre widget le meilleur\u00a0? D\u00e9couvrez les fonctionnalit\u00e9s qu&rsquo;il propose\u00a0:<\/p><ul><li>Trois types de boutons\u00a0: Paiement unique, Abonnement, Don\u00a0;<\/li><li>Option d&rsquo;abonnement r\u00e9current\u00a0;<\/li><li>Vous pouvez modifier taille du bouton \u00e0 l&rsquo;aide d&rsquo;une barre coulissante pratique\u00a0;<\/li><li>Couleur du logo PayPal\u00a0: original ou blanc\u00a0;<\/li><li>Quatre ic\u00f4nes de syst\u00e8mes de paiement commutables pour plus de confiance et de s\u00e9curit\u00e9 des clients.<\/li><\/ul> <p>D\u00e9couvrez l&rsquo;ensemble complet des caract\u00e9ristiques de l&rsquo;\u00e9diteur\u00a0!<\/p><\/div><div class=\"application-platform-content-item-installation application-platform-content-item\" id=\"installation\" data-nav-section=\"installation\"><h2>Comment ajouter le bouton PayPal au site Web Squarespace<\/h2><div class=\"conteneur vid\u00e9o\"><iframe width=\"720\" height=\"405\" src=\"https:\/\/www.youtube.com\/embed\/XFxjPoTgNok\" frameborder=\"0\" allowfullscreen=\"\"><\/iframe><\/div><p>Le temps complet de mise en \u0153uvre n&rsquo;est que de 90 secondes, et vous n&rsquo;aurez pas besoin de connaissances en programmation.<\/p><ol><li><b>Cr\u00e9ez votre plugin PayPal unique.<\/b><br>Gr\u00e2ce \u00e0 notre d\u00e9mo gratuite, cr\u00e9ez un plugin avec des fonctions de paiement s\u00e9lectionn\u00e9es (don, abonnement ou paiement). Personnalisez l&rsquo;interface du widget.<\/li><li><b>Copiez le code de configuration du plugin.<\/b><br>Apr\u00e8s la configuration du widget, r\u00e9cup\u00e9rez le code du plugin PayPal dans la fen\u00eatre contextuelle des applications Elfsight. .<\/li><li><b>Publiez le plugin sur votre site SquareSpace.<\/b><br>Placez le plugin sur la zone n\u00e9cessaire de la page et publiez les modifications.<\/li><li><b>La configuration est termin\u00e9e.<\/b><br>Visitez votre site pour v\u00e9rifier votre travail.<\/li><\/ol><p>Vous avez du mal \u00e0 ajouter ou \u00e0 personnaliser le plugin sur un site Web\u00a0? Laissez votre message \u00e0 notre \u00e9quipe d&rsquo;assistance.<\/p><\/div><div class=\"faq\" data-component=\"FAQ\"><div class=\"faq-item\">\r\n\t\t\t\t\t<div class=\"faq-item-question\">\r\n\t\t\t\t\t\t<h3 class=\"faq-item-question-text\">Comment puis-je int\u00e9grer un bouton PayPal \u00e0 mon site Squarespace ? <\/h3>\r\n\r\n\t\t\t\t\t\t<div class=\"faq-item-question-icon\"><\/div>\r\n\t\t\t\t\t<\/div>\r\n\r\n\t\t\t\t\t<div class=\"faq-item-answer\">\r\n\t\t\t\t\t\t<div class=\"faq-item-answer-text\"><p>La r\u00e9alisation du widget s&rsquo;effectue sur les pages Elfsight et vous n&rsquo;avez pas besoin d&rsquo;apprendre \u00e0 coder. Ouvrez la d\u00e9mo active pour cr\u00e9er votre application, r\u00e9cup\u00e9rez le code et int\u00e9grez-le dans votre site Web. <\/p><\/div>\r\n\t\t\t\t\t<\/div>\r\n\t\t\t\t<\/div><div class=\"faq-item\">\r\n\t\t\t\t\t<div class=\"faq-item-question\">\r\n\t\t\t\t\t\t<h3 class=\"faq-item-question-text\">Les meilleurs exemples d'utilisation de l'int\u00e9gration Paypal<\/h3>\r\n\r\n\t\t\t\t\t\t<div class=\"faq-item-question-icon\"><\/div>\r\n\t\t\t\t\t<\/div>\r\n\r\n\t\t\t\t\t<div class=\"faq-item-answer\">\r\n\t\t\t\t\t\t<div class=\"faq-item-answer-text\"><p>Nous proposons une multitude d&rsquo;opportunit\u00e9s d&rsquo;ajustement\u00a0: widgets \u00e0 grande \u00e9chelle \u00e0 impl\u00e9menter dans la zone de contenu, flottants des plugins avec des possibilit\u00e9s de d\u00e9filement, des vignettes pour le pied de page, la section d&rsquo;en-t\u00eate et toutes sortes d&rsquo;opportunit\u00e9s verticales pour les barres lat\u00e9rales et les menus du site Web. <\/p><\/div>\r\n\t\t\t\t\t<\/div>\r\n\t\t\t\t<\/div><div class=\"faq-item\">\r\n\t\t\t\t\t<div class=\"faq-item-question\">\r\n\t\t\t\t\t\t<h3 class=\"faq-item-question-text\">Puis-je cr\u00e9er un bouton PayPal d'abonnement ou de don par l'interm\u00e9diaire de l'\u00e9diteur ? <\/h3>\r\n\r\n\t\t\t\t\t\t<div class=\"faq-item-question-icon\"><\/div>\r\n\t\t\t\t\t<\/div>\r\n\r\n\t\t\t\t\t<div class=\"faq-item-answer\">\r\n\t\t\t\t\t\t<div class=\"faq-item-answer-text\"><p>Vous pouvez fa\u00e7onner les modifications de n&rsquo;importe quel widget. Il existe une multitude de mises en page \u00e0 votre disposition dans l&rsquo;\u00e9diteur, et toutes peuvent \u00eatre facilement personnalis\u00e9es selon vos besoins. <\/p><\/div>\r\n\t\t\t\t\t<\/div>\r\n\t\t\t\t<\/div><\/div>","protected":false},"excerpt":{"rendered":"","protected":false},"author":9,"featured_media":0,"parent":1677,"menu_order":0,"comment_status":"closed","ping_status":"closed","template":"templates\/template-application-platform.php","meta":{"publish_to_discourse":"","publish_post_category":"","wpdc_auto_publish_overridden":"","wpdc_topic_tags":"","wpdc_pin_topic":"","wpdc_pin_until":"","discourse_post_id":"","discourse_permalink":"","wpdc_publishing_response":"","wpdc_publishing_error":"","footnotes":""},"class_list":["post-13686","page","type-page","status-publish","hentry"],"yoast_head":"<!-- This site is optimized with the Yoast SEO plugin v25.3.1 - https:\/\/yoast.com\/wordpress\/plugins\/seo\/ -->\n<title>Bouton PayPal - Ajouter le plugin PayPal au site Web Squarespace (2025)<\/title>\n<meta name=\"description\" content=\"Obtenez un plugin de bouton PayPal de commerce \u00e9lectronique personnalis\u00e9 (dons, paiement ou abonnement) pour l&#039;int\u00e9gration avec Squarespace et ajoutez-le au site Web en seulement 2 minutes.\" \/>\n<meta name=\"robots\" content=\"index, follow, max-snippet:-1, max-image-preview:large, max-video-preview:-1\" \/>\n<link rel=\"canonical\" href=\"https:\/\/elfsight.com\/fr\/paypal-button-widget-generator\/squarespace\/\" \/>\n<meta property=\"og:locale\" content=\"fr_FR\" \/>\n<meta property=\"og:type\" content=\"article\" \/>\n<meta property=\"og:title\" content=\"Bouton PayPal - Ajouter le plugin PayPal au site Web Squarespace (2025)\" \/>\n<meta property=\"og:description\" content=\"Obtenez un plugin de bouton PayPal de commerce \u00e9lectronique personnalis\u00e9 (dons, paiement ou abonnement) pour l&#039;int\u00e9gration avec Squarespace et ajoutez-le au site Web en seulement 2 minutes.\" \/>\n<meta property=\"og:url\" content=\"https:\/\/elfsight.com\/fr\/paypal-button-widget-generator\/squarespace\/\" \/>\n<meta property=\"og:site_name\" content=\"Elfsight FR\" \/>\n<meta property=\"article:modified_time\" content=\"2025-07-10T08:25:49+00:00\" \/>\n<meta name=\"twitter:card\" content=\"summary_large_image\" \/>\n<meta name=\"twitter:label1\" content=\"Dur\u00e9e de lecture estim\u00e9e\" \/>\n\t<meta name=\"twitter:data1\" content=\"3 minutes\" \/>\n<!-- \/ Yoast SEO plugin. -->","yoast_head_json":{"title":"Bouton PayPal - Ajouter le plugin PayPal au site Web Squarespace (2025)","description":"Obtenez un plugin de bouton PayPal de commerce \u00e9lectronique personnalis\u00e9 (dons, paiement ou abonnement) pour l'int\u00e9gration avec Squarespace et ajoutez-le au site Web en seulement 2 minutes.","robots":{"index":"index","follow":"follow","max-snippet":"max-snippet:-1","max-image-preview":"max-image-preview:large","max-video-preview":"max-video-preview:-1"},"canonical":"https:\/\/elfsight.com\/fr\/paypal-button-widget-generator\/squarespace\/","og_locale":"fr_FR","og_type":"article","og_title":"Bouton PayPal - Ajouter le plugin PayPal au site Web Squarespace (2025)","og_description":"Obtenez un plugin de bouton PayPal de commerce \u00e9lectronique personnalis\u00e9 (dons, paiement ou abonnement) pour l'int\u00e9gration avec Squarespace et ajoutez-le au site Web en seulement 2 minutes.","og_url":"https:\/\/elfsight.com\/fr\/paypal-button-widget-generator\/squarespace\/","og_site_name":"Elfsight FR","article_modified_time":"2025-07-10T08:25:49+00:00","twitter_card":"summary_large_image","twitter_misc":{"Dur\u00e9e de lecture estim\u00e9e":"3 minutes"},"schema":{"@context":"https:\/\/schema.org","@graph":[{"@type":"WebPage","@id":"https:\/\/elfsight.com\/fr\/paypal-button-widget-generator\/squarespace\/","url":"https:\/\/elfsight.com\/fr\/paypal-button-widget-generator\/squarespace\/","name":"Bouton PayPal - Ajouter le plugin PayPal au site Web Squarespace (2025)","isPartOf":{"@id":"https:\/\/elfsight.com\/fr\/#website"},"datePublished":"2024-05-03T06:41:50+00:00","dateModified":"2025-07-10T08:25:49+00:00","description":"Obtenez un plugin de bouton PayPal de commerce \u00e9lectronique personnalis\u00e9 (dons, paiement ou abonnement) pour l'int\u00e9gration avec Squarespace et ajoutez-le au site Web en seulement 2 minutes.","breadcrumb":{"@id":"https:\/\/elfsight.com\/fr\/paypal-button-widget-generator\/squarespace\/#breadcrumb"},"inLanguage":"fr-FR","potentialAction":[{"@type":"ReadAction","target":["https:\/\/elfsight.com\/fr\/paypal-button-widget-generator\/squarespace\/"]}]},{"@type":"BreadcrumbList","@id":"https:\/\/elfsight.com\/fr\/paypal-button-widget-generator\/squarespace\/#breadcrumb","itemListElement":[{"@type":"ListItem","position":1,"name":"Home","item":"https:\/\/elfsight.com\/fr\/"},{"@type":"ListItem","position":2,"name":"PayPal Button","item":"https:\/\/elfsight.com\/fr\/paypal-button-widget-generator\/"},{"@type":"ListItem","position":3,"name":"PayPal Button &#8211; Squarespace"}]},{"@type":"WebSite","@id":"https:\/\/elfsight.com\/fr\/#website","url":"https:\/\/elfsight.com\/fr\/","name":"Elfsight FR","description":"","potentialAction":[{"@type":"SearchAction","target":{"@type":"EntryPoint","urlTemplate":"https:\/\/elfsight.com\/fr\/?s={search_term_string}"},"query-input":{"@type":"PropertyValueSpecification","valueRequired":true,"valueName":"search_term_string"}}],"inLanguage":"fr-FR"}]}},"meta_box":{"industry":"","seo_heading":"","heading":"","description":"","cta_heading":"","cta_description":"","application":"1670","h1":"Plugin du bouton PayPal Squarespace","h1_caption":"Ajoutez un bouton Paypal \u00e0 votre site Web pour des paiements rapides et faciles directement via Paypal sur votre site Web Squarespace sans effort.","application_category":[],"applications_title":"","applications_request_title":"","applications_request_button_text":"","hero_text":"","hero_video":"","hero_video_schema_markup":"","selling_points_title":"","selling_points_caption":"","selling_points":[],"selling_points_cta_text":"","features_title":"","features":"","ed_cta_examples_text":"","ed_cta_examples_hidden":"","ed_cta_demo_text":"","ed_cta_demo_hidden":"","why_caption":"","why_editor_title":"","why_editor_text":"","why_team_title":"","why_team_text":"","why_service_title":"","why_service_text":"","template_catalog_visible":"","template_catalog_title":"","template_catalog_text":"","template_catalog_categories_visible":"","demo_title":"Cr\u00e9ez votre plugin bouton PayPal","demo_caption":"Configurez votre bouton PayPal et ajoutez-le gratuitement \u00e0 votre site Web Squarespace\u00a0!","default_faq_hidden":"","app_template_category":[],"platform":"361","template_public_id":"","codecanyon_url":"","codecanyon_item_id":"","codecanyon_price":"","pricing_caption":"","pricing_elfsight_apps_hide_column":"","pricing_elfsight_apps_url":"","pricing_codecanyon_price_caption":"","integration_category":[],"integration_request_title":"","integration_request_cta":"","integration_platform":"","integrations":[],"platform_category":[],"video_schema_markup":"","price":"\u00e0 partir de 0$ \/ mois","trial":"","benefits":[{"text":"Assistance \u00e0 l'installation gratuite"},{"text":"Service client efficace"},{"text":"Garantie de remboursement de 14 jours"},{"text":"Futures mises \u00e0 jour gratuites"}],"button_url":"#demo","button_target_blank":"","button_nofollow":"","attributes":[{"name":"Installations","content":"10,000 - 100,000"},{"name":"Sensible","content":"Oui"},{"name":"Navigateurs compatibles","content":"Firefox, Safari, Opera, Chrome, Edge"}],"tags":[],"tags_disable_links":"","hide_more_platforms":"","video_object":"","demo_hide_cta":"","demo_hide_cloud_options":"","pricing_title":"","pricing":[{"pricing_icon":"platform","pricing_title":"Elfsight Apps","pricing_title_caption":"Logiciel ind\u00e9pendant de la plate-forme qui convient \u00e0 n'importe quel site","pricing_price":"from $0 \/ month","pricing_price_caption":"commencez avec un forfait gratuit","pricing_benefits":[{"text":"Sites Web illimit\u00e9s"},{"text":"Support client d\u00e9di\u00e9"},{"text":"Aide \u00e0 l'installation gratuite"},{"text":"Enti\u00e8rement personnalisable"}],"pricing_button_text":"Ajouter au site Web","pricing_button_url":"#demo"}],"related_apps_title":"","related_apps_hidden":"","author":"","image":[],"title":"","job":"","social_networks":[]},"_links":{"self":[{"href":"https:\/\/elfsight.com\/fr\/wp-json\/wp\/v2\/pages\/13686","targetHints":{"allow":["GET"]}}],"collection":[{"href":"https:\/\/elfsight.com\/fr\/wp-json\/wp\/v2\/pages"}],"about":[{"href":"https:\/\/elfsight.com\/fr\/wp-json\/wp\/v2\/types\/page"}],"author":[{"embeddable":true,"href":"https:\/\/elfsight.com\/fr\/wp-json\/wp\/v2\/users\/9"}],"replies":[{"embeddable":true,"href":"https:\/\/elfsight.com\/fr\/wp-json\/wp\/v2\/comments?post=13686"}],"version-history":[{"count":1,"href":"https:\/\/elfsight.com\/fr\/wp-json\/wp\/v2\/pages\/13686\/revisions"}],"predecessor-version":[{"id":13690,"href":"https:\/\/elfsight.com\/fr\/wp-json\/wp\/v2\/pages\/13686\/revisions\/13690"}],"up":[{"embeddable":true,"href":"https:\/\/elfsight.com\/fr\/wp-json\/wp\/v2\/pages\/1677"}],"wp:attachment":[{"href":"https:\/\/elfsight.com\/fr\/wp-json\/wp\/v2\/media?parent=13686"}],"curies":[{"name":"wp","href":"https:\/\/api.w.org\/{rel}","templated":true}]}}