{"id":13685,"date":"2024-05-03T06:41:40","date_gmt":"2024-05-03T06:41:40","guid":{"rendered":"https:\/\/elfsight.com\/fr\/?page_id=13685"},"modified":"2025-07-10T08:26:22","modified_gmt":"2025-07-10T08:26:22","slug":"woocommerce","status":"publish","type":"page","link":"https:\/\/elfsight.com\/fr\/paypal-button-widget-generator\/woocommerce\/","title":{"rendered":"PayPal Button &#8211; WooCommerce"},"content":{"rendered":"<div class=\"application-platform-content-item-description application-platform-content-item\" id=\"description\" data-nav-section=\"description\"><h2>Description<\/h2><p>Le bouton de paiement Elfsight offre un moyen simple de permettre \u00e0 vos utilisateurs de payer avec PayPal sur un site. Il permet d&rsquo;ajouter des boutons pour les paiements uniques, les abonnements automatiques et les dons. Il existe des options pour introduire les taxes et les prix de livraison, choisir la localisation et la devise, ajouter un appel \u00e0 l&rsquo;action et encore plus d&rsquo;options. D\u00e9marrez un mode de paiement fluide et s\u00e9curis\u00e9 pour vos acheteurs en utilisant l&rsquo;une des solutions de paiement en d\u00e9placement les plus r\u00e9put\u00e9es.<\/p><p><b>Utilisez tous les avantages de PayPal pour vos clients et vous-m\u00eame\u00a0!<\/b><\/p><\/div> <div class=\"application-platform-content-item-features application-platform-content-item\" id=\"features\" data-nav-section=\"features\"><h2>La liste des principales fonctionnalit\u00e9s du widget comprend\u00a0:<\/h2><ul><li>D\u00e9finition de la localisation de vos boutons \u00e0 partir de la liste pr\u00e9d\u00e9finie de pays\u00a0; <\/li><li>D\u00e9finissez votre intervalle de facturation personnalis\u00e9, en choisissant le cycle de facturation et la p\u00e9riode de facturation, par exemple tous les trois mois\u00a0; <\/li><li>Taille r\u00e9active pour un aspect optimal sur n&rsquo;importe quel appareil\u00a0; <\/li><li>Couleur du logo PayPal\u00a0: original ou blanc\u00a0; <\/li><li>Afficher ou masquer le texte du logo PayPal. <\/li><\/ul><p><a href=\"#demo\">Essayez simplement cette d\u00e9mo pour voir ce que vaut le widget<\/a><\/p><\/div><div class=\"application-platform-content-item-installation application-platform-content-item\" id=\"installation\" data-nav-section=\"installation\"><h2>Comment int\u00e9grer le bouton PayPal dans ma page Web WooCommerce\u00a0?<\/h2><p>Suivez simplement les \u00e9tapes pr\u00e9sent\u00e9es ci-dessous pour ins\u00e9rer le plugin.<\/p><ol><li><b>Application de notre application gratuite d\u00e9mo commencez \u00e0 cr\u00e9er votre propre instrument.<\/b><br>Choisissez l&rsquo;apparence et les options souhait\u00e9es du plugin et enregistrez les modifications.<\/li><li><b>Acqu\u00e9rez votre code individuel expos\u00e9 dans la veuve des applications Elfsight. <\/b><br>D\u00e8s que la personnalisation de votre widget est termin\u00e9e, copiez le code personnel de la bo\u00eete qui appara\u00eet et conservez-le pour une utilisation future.<\/li><li><b>Commencez l&rsquo;application du plugin sur WooCommerce site.<\/b><br>Placez le code copi\u00e9 r\u00e9cemment dans votre page Web et appliquez les corrections.<\/li><li><b>Termin\u00e9\u00a0! L&rsquo;int\u00e9gration est termin\u00e9e avec succ\u00e8s.<\/b><br>Acc\u00e9dez \u00e0 votre page pour observer le fonctionnement du plugin.<\/li><\/ol><p>Si vous rencontrez des complications, n&rsquo;h\u00e9sitez pas \u00e0 faire appel \u00e0 notre \u00e9quipe d&rsquo;assistance. . Nos consultants se feront un plaisir de r\u00e9soudre toutes les difficult\u00e9s que vous pourriez rencontrer avec le produit.<\/p><div class=\"faq\" data-component=\"FAQ\"> <div class=\"faq-item\">\r\n\t\t\t\t\t<div class=\"faq-item-question\">\r\n\t\t\t\t\t\t<h3 class=\"faq-item-question-text\">Comment ajouter un bouton PayPal \u00e0 mon site WooCommerce sans comp\u00e9tences en codage ?<\/h3>\r\n\r\n\t\t\t\t\t\t<div class=\"faq-item-question-icon\"><\/div>\r\n\t\t\t\t\t<\/div>\r\n\r\n\t\t\t\t\t<div class=\"faq-item-answer\">\r\n\t\t\t\t\t\t<div class=\"faq-item-answer-text\"> <p>Elfsight fournit une solution SaaS qui vous permet de cr\u00e9er vous-m\u00eame un widget de bouton PayPal, voyez \u00e0 quel point le processus est simple\u00a0: travaillez directement dans l&rsquo;\u00e9diteur en ligne pour cr\u00e9er un widget de bouton PayPal que vous aimeriez voir sur votre site Web WooCommerce. Choisissez l&rsquo;un des mod\u00e8les pr\u00e9d\u00e9finis et ajustez les param\u00e8tres du bouton PayPal, ajoutez votre contenu, modifiez la mise en page et les couleurs sans aucune comp\u00e9tence en codage. Enregistrez le bouton PayPal et copiez son code d&rsquo;installation, que vous pouvez facilement int\u00e9grer \u00e0 votre site Web WooCommerce sans avoir besoin d&rsquo;acheter un forfait payant. Avec notre \u00e9diteur intuitif, tout internaute peut cr\u00e9er un widget de bouton PayPal en ligne et l&rsquo;int\u00e9grer facilement \u00e0 son site Web WooCommerce. Il n&rsquo;est pas n\u00e9cessaire de payer ou de saisir les informations d&rsquo;identification de votre carte pour acc\u00e9der au service. Si vous rencontrez des probl\u00e8mes \u00e0 n&rsquo;importe quelle \u00e9tape, n&rsquo;h\u00e9sitez pas \u00e0 contacter notre \u00e9quipe d&rsquo;assistance technique.<\/p> <\/div>\r\n\t\t\t\t\t<\/div>\r\n\t\t\t\t<\/div> <\/div> <\/div>","protected":false},"excerpt":{"rendered":"","protected":false},"author":9,"featured_media":0,"parent":1677,"menu_order":0,"comment_status":"closed","ping_status":"closed","template":"templates\/template-application-platform.php","meta":{"publish_to_discourse":"","publish_post_category":"","wpdc_auto_publish_overridden":"","wpdc_topic_tags":"","wpdc_pin_topic":"","wpdc_pin_until":"","discourse_post_id":"","discourse_permalink":"","wpdc_publishing_response":"","wpdc_publishing_error":"","footnotes":""},"class_list":["post-13685","page","type-page","status-publish","hentry"],"yoast_head":"<!-- This site is optimized with the Yoast SEO plugin v25.3.1 - https:\/\/yoast.com\/wordpress\/plugins\/seo\/ -->\n<title>Plugin WooCommerce PayPal Button pour votre site Web (2025)<\/title>\n<meta name=\"description\" content=\"Vous pouvez ajuster le plugin PayPal Button d\u00e8s maintenant et l&#039;introduire dans votre site Web WooCommerce d\u00e8s la sortie de la d\u00e9mo en direct.\" \/>\n<meta name=\"robots\" content=\"index, follow, max-snippet:-1, max-image-preview:large, max-video-preview:-1\" \/>\n<link rel=\"canonical\" href=\"https:\/\/elfsight.com\/fr\/paypal-button-widget-generator\/woocommerce\/\" \/>\n<meta property=\"og:locale\" content=\"fr_FR\" \/>\n<meta property=\"og:type\" content=\"article\" \/>\n<meta property=\"og:title\" content=\"Plugin WooCommerce PayPal Button pour votre site Web (2025)\" \/>\n<meta property=\"og:description\" content=\"Vous pouvez ajuster le plugin PayPal Button d\u00e8s maintenant et l&#039;introduire dans votre site Web WooCommerce d\u00e8s la sortie de la d\u00e9mo en direct.\" \/>\n<meta property=\"og:url\" content=\"https:\/\/elfsight.com\/fr\/paypal-button-widget-generator\/woocommerce\/\" \/>\n<meta property=\"og:site_name\" content=\"Elfsight FR\" \/>\n<meta property=\"article:modified_time\" content=\"2025-07-10T08:26:22+00:00\" \/>\n<meta name=\"twitter:card\" content=\"summary_large_image\" \/>\n<meta name=\"twitter:label1\" content=\"Dur\u00e9e de lecture estim\u00e9e\" \/>\n\t<meta name=\"twitter:data1\" content=\"3 minutes\" \/>\n<!-- \/ Yoast SEO plugin. -->","yoast_head_json":{"title":"Plugin WooCommerce PayPal Button pour votre site Web (2025)","description":"Vous pouvez ajuster le plugin PayPal Button d\u00e8s maintenant et l'introduire dans votre site Web WooCommerce d\u00e8s la sortie de la d\u00e9mo en direct.","robots":{"index":"index","follow":"follow","max-snippet":"max-snippet:-1","max-image-preview":"max-image-preview:large","max-video-preview":"max-video-preview:-1"},"canonical":"https:\/\/elfsight.com\/fr\/paypal-button-widget-generator\/woocommerce\/","og_locale":"fr_FR","og_type":"article","og_title":"Plugin WooCommerce PayPal Button pour votre site Web (2025)","og_description":"Vous pouvez ajuster le plugin PayPal Button d\u00e8s maintenant et l'introduire dans votre site Web WooCommerce d\u00e8s la sortie de la d\u00e9mo en direct.","og_url":"https:\/\/elfsight.com\/fr\/paypal-button-widget-generator\/woocommerce\/","og_site_name":"Elfsight FR","article_modified_time":"2025-07-10T08:26:22+00:00","twitter_card":"summary_large_image","twitter_misc":{"Dur\u00e9e de lecture estim\u00e9e":"3 minutes"},"schema":{"@context":"https:\/\/schema.org","@graph":[{"@type":"WebPage","@id":"https:\/\/elfsight.com\/fr\/paypal-button-widget-generator\/woocommerce\/","url":"https:\/\/elfsight.com\/fr\/paypal-button-widget-generator\/woocommerce\/","name":"Plugin WooCommerce PayPal Button pour votre site Web (2025)","isPartOf":{"@id":"https:\/\/elfsight.com\/fr\/#website"},"datePublished":"2024-05-03T06:41:40+00:00","dateModified":"2025-07-10T08:26:22+00:00","description":"Vous pouvez ajuster le plugin PayPal Button d\u00e8s maintenant et l'introduire dans votre site Web WooCommerce d\u00e8s la sortie de la d\u00e9mo en direct.","breadcrumb":{"@id":"https:\/\/elfsight.com\/fr\/paypal-button-widget-generator\/woocommerce\/#breadcrumb"},"inLanguage":"fr-FR","potentialAction":[{"@type":"ReadAction","target":["https:\/\/elfsight.com\/fr\/paypal-button-widget-generator\/woocommerce\/"]}]},{"@type":"BreadcrumbList","@id":"https:\/\/elfsight.com\/fr\/paypal-button-widget-generator\/woocommerce\/#breadcrumb","itemListElement":[{"@type":"ListItem","position":1,"name":"Home","item":"https:\/\/elfsight.com\/fr\/"},{"@type":"ListItem","position":2,"name":"PayPal Button","item":"https:\/\/elfsight.com\/fr\/paypal-button-widget-generator\/"},{"@type":"ListItem","position":3,"name":"PayPal Button &#8211; WooCommerce"}]},{"@type":"WebSite","@id":"https:\/\/elfsight.com\/fr\/#website","url":"https:\/\/elfsight.com\/fr\/","name":"Elfsight FR","description":"","potentialAction":[{"@type":"SearchAction","target":{"@type":"EntryPoint","urlTemplate":"https:\/\/elfsight.com\/fr\/?s={search_term_string}"},"query-input":{"@type":"PropertyValueSpecification","valueRequired":true,"valueName":"search_term_string"}}],"inLanguage":"fr-FR"}]}},"meta_box":{"industry":"","seo_heading":"","heading":"","description":"","cta_heading":"","cta_description":"","application":"1670","h1":"Plugin du bouton PayPal WooCommerce","h1_caption":"Ajoutez un bouton Paypal \u00e0 votre site Web pour des paiements rapides et faciles directement via Paypal sur votre site Web WooCommerce sans effort.","application_category":[],"applications_title":"","applications_request_title":"","applications_request_button_text":"","hero_text":"","hero_video":"","hero_video_schema_markup":"","selling_points_title":"","selling_points_caption":"","selling_points":[],"selling_points_cta_text":"","features_title":"","features":"","ed_cta_examples_text":"","ed_cta_examples_hidden":"","ed_cta_demo_text":"","ed_cta_demo_hidden":"","why_caption":"","why_editor_title":"","why_editor_text":"","why_team_title":"","why_team_text":"","why_service_title":"","why_service_text":"","template_catalog_visible":"","template_catalog_title":"","template_catalog_text":"","template_catalog_categories_visible":"","demo_title":"Cr\u00e9ez votre application Bouton PayPal","demo_caption":"Configurez votre bouton PayPal et ajoutez-le \u00e0 votre site Web WooCommerce gratuitement !","default_faq_hidden":"","app_template_category":[],"platform":"397","template_public_id":"","codecanyon_url":"","codecanyon_item_id":"","codecanyon_price":"","pricing_caption":"","pricing_elfsight_apps_hide_column":"","pricing_elfsight_apps_url":"","pricing_codecanyon_price_caption":"","integration_category":[],"integration_request_title":"","integration_request_cta":"","integration_platform":"","integrations":[],"platform_category":[],"video_schema_markup":"","price":"\u00e0 partir de 0$ \/ mois","trial":"","benefits":[{"text":"Assistance \u00e0 l'installation gratuite"},{"text":"Service client comp\u00e9tent"},{"text":"Garantie de remboursement de 14 jours"},{"text":"Am\u00e9liorations continues"}],"button_url":"#demo","button_target_blank":"","button_nofollow":"","attributes":[{"name":"Installations","content":"10,000 - 100,000"},{"name":"Sensible","content":"Oui"},{"name":"Navigateurs compatibles","content":"Firefox, Safari, Opera, Chrome, Edge"}],"tags":[],"tags_disable_links":"","hide_more_platforms":"","video_object":"","demo_hide_cta":"","demo_hide_cloud_options":"","pricing_title":"","pricing":[{"pricing_icon":"platform","pricing_title":"Elfsight Apps","pricing_title_caption":"Solution num\u00e9rique ind\u00e9pendante de la plateforme qui convient \u00e0 n'importe quel site","pricing_price":"from $0 \/ month","pricing_price_caption":"commencez avec un forfait gratuit","pricing_benefits":[{"text":"Sites Web illimit\u00e9s"},{"text":"Assistance client 24h\/24 et 7j\/7"},{"text":"Service d'installation gratuit"},{"text":"100% personnalisable"}],"pricing_button_text":"Ajouter au site Web","pricing_button_url":"#demo"}],"related_apps_title":"","related_apps_hidden":"","author":"","image":[],"title":"","job":"","social_networks":[]},"_links":{"self":[{"href":"https:\/\/elfsight.com\/fr\/wp-json\/wp\/v2\/pages\/13685","targetHints":{"allow":["GET"]}}],"collection":[{"href":"https:\/\/elfsight.com\/fr\/wp-json\/wp\/v2\/pages"}],"about":[{"href":"https:\/\/elfsight.com\/fr\/wp-json\/wp\/v2\/types\/page"}],"author":[{"embeddable":true,"href":"https:\/\/elfsight.com\/fr\/wp-json\/wp\/v2\/users\/9"}],"replies":[{"embeddable":true,"href":"https:\/\/elfsight.com\/fr\/wp-json\/wp\/v2\/comments?post=13685"}],"version-history":[{"count":1,"href":"https:\/\/elfsight.com\/fr\/wp-json\/wp\/v2\/pages\/13685\/revisions"}],"predecessor-version":[{"id":13689,"href":"https:\/\/elfsight.com\/fr\/wp-json\/wp\/v2\/pages\/13685\/revisions\/13689"}],"up":[{"embeddable":true,"href":"https:\/\/elfsight.com\/fr\/wp-json\/wp\/v2\/pages\/1677"}],"wp:attachment":[{"href":"https:\/\/elfsight.com\/fr\/wp-json\/wp\/v2\/media?parent=13685"}],"curies":[{"name":"wp","href":"https:\/\/api.w.org\/{rel}","templated":true}]}}