{"id":13677,"date":"2024-05-03T06:41:36","date_gmt":"2024-05-03T06:41:36","guid":{"rendered":"https:\/\/elfsight.com\/fr\/?page_id=13677"},"modified":"2025-07-10T08:25:10","modified_gmt":"2025-07-10T08:25:10","slug":"prestashop","status":"publish","type":"page","link":"https:\/\/elfsight.com\/fr\/paypal-button-widget-generator\/prestashop\/","title":{"rendered":"PayPal Button &#8211; PrestaShop"},"content":{"rendered":"<div class=\"application-platform-content-item-description application-platform-content-item\" id=\"description\" data-nav-section=\"description\"> <h2>Description<\/h2> <p>Le bouton PayPal Elfsight offre un moyen simple de permettre \u00e0 vos clients de payer via PayPal sur un site. Il permet de configurer des boutons pour les paiements uniques, les abonnements automatiques et les dons. Vous pouvez afficher les taxes et le prix de livraison, choisir la localisation et la devise, afficher le texte et bien d&rsquo;autres options. Obtenez une variante de paiement simple et s\u00fbre pour vos utilisateurs en utilisant l&rsquo;un des syst\u00e8mes de paiement les plus fiables et le plus rapidement possible. Placez facilement sur votre site Web un syst\u00e8me de paiement fiable et clair. Avec le bouton PayPal Elfsight, vous pouvez obtenir des paiements uniques, des abonnements automatiques et des dons du public. Obtenez votre bouton personnalis\u00e9, en choisissant le type de paiement, la devise, la localisation et en choisissant les options d&rsquo;apparence pour le rendre vraiment unique. Vos acheteurs appr\u00e9cieront les proc\u00e9dures de paiement rapides et pratiques sur votre site Web avec le bouton PayPal. <\/p> <p><b>Rendez votre site plus efficace pour les t\u00e2ches de commerce \u00e9lectronique avec le bouton PayPal.<\/b><\/p> <\/div> <div class=\"application-platform-content-item-features application-platform-content-item\" id=\"features\" data-nav-section=\"features\"> <h2>Ce ne sont que plusieurs des riches fonctionnalit\u00e9s du widget\u00a0: <\/h2> <ul><li>Trois types de boutons\u00a0:\u00a0Paiement unique, Don, Abonnement<\/li><li>Ajouter un nom de produit<\/li><li>Une biblioth\u00e8que de tous les Devises les plus populaires<\/li><li>D\u00e9finition du prix du produit<\/li><li>Option de d\u00e9finition du prix d&rsquo;exp\u00e9dition<\/li><li>2 variantes d&rsquo;indication de taxe\u00a0: forfaitaire ou en pourcentage<\/li><li>Choisissez-en une d&rsquo;intervalles de facturation\u00a0: annuel, mensuel, quotidien, hebdomadaire<\/li><li>Option d&rsquo;abonnement r\u00e9current <\/li><li>Afficher ou masquer l&rsquo;ic\u00f4ne PayPal<\/li><li>D\u00e9finissez n&rsquo;importe quel texte au-dessus du bouton \u00e0 l&rsquo;aide de l&rsquo;en-t\u00eate du bouton <\/li><li>Option pour diriger un client vers une page de remerciement personnalis\u00e9e apr\u00e8s une transaction r\u00e9ussie<\/li><\/ul><p><a href=\"#demo\">Essayez simplement cette d\u00e9mo pour obtenir l&rsquo;int\u00e9gralit\u00e9 id\u00e9e<\/a><\/p> <\/div> <div class=\"application-platform-content-item-installation application-platform-content-item\" id=\"installation\" data-nav-section=\"installation\"> <h2>Comment int\u00e9grer le bouton PayPal sur ma page Web PrestaShop\u00a0? <\/h2> <p>Suivez simplement les instructions ci-dessous pour ajouter l&rsquo;addon. <\/p> <ol><li><b>Utilisez notre configurateur gratuit et commencez \u00e0 cr\u00e9er votre module compl\u00e9mentaire unique. <\/b><br> Sp\u00e9cifiez la conception et les sp\u00e9cifications pr\u00e9f\u00e9rables du widget et enregistrez les modifications. <\/li> <li><b>Acqu\u00e9rez votre code individuel qui est affich\u00e9 dans la case sur les applications Elfsight. <\/b><br> D\u00e8s que la g\u00e9n\u00e9ration de votre module personnel est termin\u00e9e, copiez le code personnel dans la case qui appara\u00eet et enregistrez-le pour d&rsquo;autres besoins. <\/li> <li><b>Commencez l&rsquo;application du widget sur la page Web PrestaShop. <\/b><br> Ajoutez le code que vous avez enregistr\u00e9 r\u00e9cemment dans votre page et enregistrez les ajustements. <\/li> <li><b>L&rsquo;installation est enti\u00e8rement termin\u00e9e. <\/b><br> Acc\u00e9dez \u00e0 votre site Web pour voir comment fonctionne l&rsquo;outil. <\/li><\/ol> <p>Si vous rencontrez des complications, n&rsquo;h\u00e9sitez pas \u00e0 contacter notre \u00e9quipe d&rsquo;assistance. Nos sp\u00e9cialistes seront ravis de vous aider avec toutes les difficult\u00e9s que vous pourriez rencontrer avec le produit. <\/p> <div class=\"faq\" data-component=\"FAQ\"> <div class=\"faq-item\">\r\n\t\t\t\t\t<div class=\"faq-item-question\">\r\n\t\t\t\t\t\t<h3 class=\"faq-item-question-text\">Comment ajouter un bouton PayPal \u00e0 mon site PrestaShop sans comp\u00e9tences en codage ?<\/h3>\r\n\r\n\t\t\t\t\t\t<div class=\"faq-item-question-icon\"><\/div>\r\n\t\t\t\t\t<\/div>\r\n\r\n\t\t\t\t\t<div class=\"faq-item-answer\">\r\n\t\t\t\t\t\t<div class=\"faq-item-answer-text\"> <p>Elfsight fournit une solution SaaS qui vous permet de cr\u00e9er vous-m\u00eame un widget de bouton PayPal, voyez \u00e0 quel point il est facile Le processus est le suivant\u00a0: Travaillez directement dans l&rsquo;\u00e9diteur en ligne pour cr\u00e9er un widget de bouton PayPal que vous aimeriez voir sur votre site PrestaShop. Choisissez l&rsquo;un des mod\u00e8les pr\u00e9d\u00e9finis et ajustez les param\u00e8tres du bouton PayPal, ajoutez votre contenu, modifiez la mise en page et les couleurs sans aucune comp\u00e9tence en codage. Enregistrez le bouton PayPal et copiez son code d&rsquo;installation, afin que vous puissiez facilement l&rsquo;ajouter \u00e0 votre site Web PrestaShop sans acheter de version payante. Avec notre \u00e9diteur intuitif, tout internaute peut cr\u00e9er un widget de bouton PayPal en ligne et l&rsquo;int\u00e9grer facilement \u00e0 son site PrestaShop. Il n&rsquo;est pas n\u00e9cessaire de payer ou de saisir les informations d&rsquo;identification de votre carte pour acc\u00e9der au service. Si vous rencontrez des probl\u00e8mes \u00e0 n&rsquo;importe quelle \u00e9tape, n&rsquo;h\u00e9sitez pas \u00e0 contacter notre \u00e9quipe d&rsquo;assistance technique.<\/p> <\/div>\r\n\t\t\t\t\t<\/div>\r\n\t\t\t\t<\/div> <\/div> <\/div>","protected":false},"excerpt":{"rendered":"","protected":false},"author":9,"featured_media":0,"parent":1677,"menu_order":0,"comment_status":"closed","ping_status":"closed","template":"templates\/template-application-platform.php","meta":{"publish_to_discourse":"","publish_post_category":"","wpdc_auto_publish_overridden":"","wpdc_topic_tags":"","wpdc_pin_topic":"","wpdc_pin_until":"","discourse_post_id":"","discourse_permalink":"","wpdc_publishing_response":"","wpdc_publishing_error":"","footnotes":""},"class_list":["post-13677","page","type-page","status-publish","hentry"],"yoast_head":"<!-- This site is optimized with the Yoast SEO plugin v25.3.1 - https:\/\/yoast.com\/wordpress\/plugins\/seo\/ -->\n<title>Bouton PayPal - Ajouter le plugin PayPal au site PrestaShop (2025)<\/title>\n<meta name=\"description\" content=\"Obtenez un module compl\u00e9mentaire de bouton PayPal e-commerce personnalis\u00e9 (dons, paiement ou abonnement) pour l&#039;int\u00e9gration avec PrestaShop et ajoutez-le au site Web en 2 minutes.\" \/>\n<meta name=\"robots\" content=\"index, follow, max-snippet:-1, max-image-preview:large, max-video-preview:-1\" \/>\n<link rel=\"canonical\" href=\"https:\/\/elfsight.com\/fr\/paypal-button-widget-generator\/prestashop\/\" \/>\n<meta property=\"og:locale\" content=\"fr_FR\" \/>\n<meta property=\"og:type\" content=\"article\" \/>\n<meta property=\"og:title\" content=\"Bouton PayPal - Ajouter le plugin PayPal au site PrestaShop (2025)\" \/>\n<meta property=\"og:description\" content=\"Obtenez un module compl\u00e9mentaire de bouton PayPal e-commerce personnalis\u00e9 (dons, paiement ou abonnement) pour l&#039;int\u00e9gration avec PrestaShop et ajoutez-le au site Web en 2 minutes.\" \/>\n<meta property=\"og:url\" content=\"https:\/\/elfsight.com\/fr\/paypal-button-widget-generator\/prestashop\/\" \/>\n<meta property=\"og:site_name\" content=\"Elfsight FR\" \/>\n<meta property=\"article:modified_time\" content=\"2025-07-10T08:25:10+00:00\" \/>\n<meta name=\"twitter:card\" content=\"summary_large_image\" \/>\n<meta name=\"twitter:label1\" content=\"Dur\u00e9e de lecture estim\u00e9e\" \/>\n\t<meta name=\"twitter:data1\" content=\"3 minutes\" \/>\n<!-- \/ Yoast SEO plugin. -->","yoast_head_json":{"title":"Bouton PayPal - Ajouter le plugin PayPal au site PrestaShop (2025)","description":"Obtenez un module compl\u00e9mentaire de bouton PayPal e-commerce personnalis\u00e9 (dons, paiement ou abonnement) pour l'int\u00e9gration avec PrestaShop et ajoutez-le au site Web en 2 minutes.","robots":{"index":"index","follow":"follow","max-snippet":"max-snippet:-1","max-image-preview":"max-image-preview:large","max-video-preview":"max-video-preview:-1"},"canonical":"https:\/\/elfsight.com\/fr\/paypal-button-widget-generator\/prestashop\/","og_locale":"fr_FR","og_type":"article","og_title":"Bouton PayPal - Ajouter le plugin PayPal au site PrestaShop (2025)","og_description":"Obtenez un module compl\u00e9mentaire de bouton PayPal e-commerce personnalis\u00e9 (dons, paiement ou abonnement) pour l'int\u00e9gration avec PrestaShop et ajoutez-le au site Web en 2 minutes.","og_url":"https:\/\/elfsight.com\/fr\/paypal-button-widget-generator\/prestashop\/","og_site_name":"Elfsight FR","article_modified_time":"2025-07-10T08:25:10+00:00","twitter_card":"summary_large_image","twitter_misc":{"Dur\u00e9e de lecture estim\u00e9e":"3 minutes"},"schema":{"@context":"https:\/\/schema.org","@graph":[{"@type":"WebPage","@id":"https:\/\/elfsight.com\/fr\/paypal-button-widget-generator\/prestashop\/","url":"https:\/\/elfsight.com\/fr\/paypal-button-widget-generator\/prestashop\/","name":"Bouton PayPal - Ajouter le plugin PayPal au site PrestaShop (2025)","isPartOf":{"@id":"https:\/\/elfsight.com\/fr\/#website"},"datePublished":"2024-05-03T06:41:36+00:00","dateModified":"2025-07-10T08:25:10+00:00","description":"Obtenez un module compl\u00e9mentaire de bouton PayPal e-commerce personnalis\u00e9 (dons, paiement ou abonnement) pour l'int\u00e9gration avec PrestaShop et ajoutez-le au site Web en 2 minutes.","breadcrumb":{"@id":"https:\/\/elfsight.com\/fr\/paypal-button-widget-generator\/prestashop\/#breadcrumb"},"inLanguage":"fr-FR","potentialAction":[{"@type":"ReadAction","target":["https:\/\/elfsight.com\/fr\/paypal-button-widget-generator\/prestashop\/"]}]},{"@type":"BreadcrumbList","@id":"https:\/\/elfsight.com\/fr\/paypal-button-widget-generator\/prestashop\/#breadcrumb","itemListElement":[{"@type":"ListItem","position":1,"name":"Home","item":"https:\/\/elfsight.com\/fr\/"},{"@type":"ListItem","position":2,"name":"PayPal Button","item":"https:\/\/elfsight.com\/fr\/paypal-button-widget-generator\/"},{"@type":"ListItem","position":3,"name":"PayPal Button &#8211; PrestaShop"}]},{"@type":"WebSite","@id":"https:\/\/elfsight.com\/fr\/#website","url":"https:\/\/elfsight.com\/fr\/","name":"Elfsight FR","description":"","potentialAction":[{"@type":"SearchAction","target":{"@type":"EntryPoint","urlTemplate":"https:\/\/elfsight.com\/fr\/?s={search_term_string}"},"query-input":{"@type":"PropertyValueSpecification","valueRequired":true,"valueName":"search_term_string"}}],"inLanguage":"fr-FR"}]}},"meta_box":{"industry":"","seo_heading":"","heading":"","description":"","cta_heading":"","cta_description":"","application":"1670","h1":"Module compl\u00e9mentaire Bouton PayPal PrestaShop","h1_caption":"Ajoutez un bouton Paypal \u00e0 votre site Web pour des paiements rapides et faciles directement via Paypal sur votre site Web Prestashop sans effort.","application_category":[],"applications_title":"","applications_request_title":"","applications_request_button_text":"","hero_text":"","hero_video":"","hero_video_schema_markup":"","selling_points_title":"","selling_points_caption":"","selling_points":[],"selling_points_cta_text":"","features_title":"","features":"","ed_cta_examples_text":"","ed_cta_examples_hidden":"","ed_cta_demo_text":"","ed_cta_demo_hidden":"","why_caption":"","why_editor_title":"","why_editor_text":"","why_team_title":"","why_team_text":"","why_service_title":"","why_service_text":"","template_catalog_visible":"","template_catalog_title":"","template_catalog_text":"","template_catalog_categories_visible":"","demo_title":"Cr\u00e9ez votre module compl\u00e9mentaire de bouton PayPal","demo_caption":"Configurez votre bouton PayPal et ajoutez-le gratuitement \u00e0 votre site PrestaShop !","default_faq_hidden":"","app_template_category":[],"platform":"3190","template_public_id":"","codecanyon_url":"","codecanyon_item_id":"","codecanyon_price":"","pricing_caption":"","pricing_elfsight_apps_hide_column":"","pricing_elfsight_apps_url":"","pricing_codecanyon_price_caption":"","integration_category":[],"integration_request_title":"","integration_request_cta":"","integration_platform":"","integrations":[],"platform_category":[],"video_schema_markup":"","price":"\u00e0 partir de 0$ \/ mois","trial":"","benefits":[{"text":"Assistance \u00e0 l'installation gratuite"},{"text":"Assistance premium"},{"text":"Garantie de remboursement de 14 jours"},{"text":"Mise \u00e0 jour constante"}],"button_url":"#demo","button_target_blank":"","button_nofollow":"","attributes":[{"name":"Installations","content":"10,000 - 100,000"},{"name":"Sensible","content":"Oui"},{"name":"Navigateurs compatibles","content":"Firefox, Safari, Opera, Chrome, Edge"}],"tags":[],"tags_disable_links":"","hide_more_platforms":"","video_object":"","demo_hide_cta":"","demo_hide_cloud_options":"","pricing_title":"","pricing":[{"pricing_icon":"platform","pricing_title":"Elfsight Apps","pricing_title_caption":"Solution multiplateforme","pricing_price":"from $0 \/ month","pricing_price_caption":"commencez avec un forfait gratuit","pricing_benefits":[{"text":"Domaines illimit\u00e9s"},{"text":"Assistance d\u00e9di\u00e9e et ponctuelle"},{"text":"Aide \u00e0 l'installation gratuite"},{"text":"Enti\u00e8rement personnalisable"}],"pricing_button_text":"Ajouter au site Web","pricing_button_url":"#demo"}],"related_apps_title":"","related_apps_hidden":"","author":"","image":[],"title":"","job":"","social_networks":[]},"_links":{"self":[{"href":"https:\/\/elfsight.com\/fr\/wp-json\/wp\/v2\/pages\/13677","targetHints":{"allow":["GET"]}}],"collection":[{"href":"https:\/\/elfsight.com\/fr\/wp-json\/wp\/v2\/pages"}],"about":[{"href":"https:\/\/elfsight.com\/fr\/wp-json\/wp\/v2\/types\/page"}],"author":[{"embeddable":true,"href":"https:\/\/elfsight.com\/fr\/wp-json\/wp\/v2\/users\/9"}],"replies":[{"embeddable":true,"href":"https:\/\/elfsight.com\/fr\/wp-json\/wp\/v2\/comments?post=13677"}],"version-history":[{"count":1,"href":"https:\/\/elfsight.com\/fr\/wp-json\/wp\/v2\/pages\/13677\/revisions"}],"predecessor-version":[{"id":13681,"href":"https:\/\/elfsight.com\/fr\/wp-json\/wp\/v2\/pages\/13677\/revisions\/13681"}],"up":[{"embeddable":true,"href":"https:\/\/elfsight.com\/fr\/wp-json\/wp\/v2\/pages\/1677"}],"wp:attachment":[{"href":"https:\/\/elfsight.com\/fr\/wp-json\/wp\/v2\/media?parent=13677"}],"curies":[{"name":"wp","href":"https:\/\/api.w.org\/{rel}","templated":true}]}}