{"id":13662,"date":"2024-05-03T06:40:42","date_gmt":"2024-05-03T06:40:42","guid":{"rendered":"https:\/\/elfsight.com\/fr\/?page_id=13662"},"modified":"2025-10-22T08:47:10","modified_gmt":"2025-10-22T08:47:10","slug":"wordpress","status":"publish","type":"page","link":"https:\/\/elfsight.com\/fr\/linkedin-feed-widget\/wordpress\/","title":{"rendered":"LinkedIn Feed &#8211; WordPress"},"content":{"rendered":"<div class=\"application-platform-content-item-description application-platform-content-item\" id=\"description\" data-nav-section=\"description\"> <h2>Int\u00e9grez gratuitement le flux LinkedIn sur WordPress !<\/h2> <p>Le widget Flux LinkedIn offre aux entreprises une opportunit\u00e9 exceptionnelle de diffuser et de faire de la publicit\u00e9. leur contenu LinkedIn sur les sites Web WordPress\u00a0: affichage de publications, visuels, clips, etc. L&rsquo;int\u00e9gration du plugin se fait en quelques pressions sur un bouton\u00a0: aucun codage ni connaissance technique n&rsquo;est requis.<\/p> <p>Cr\u00e9ez un style qui convient \u00e0 l&rsquo;esth\u00e9tique de votre site Web. et suivez les tendances en m\u00e9langeant les attributs de flux personnalis\u00e9s, les mod\u00e8les, les mises en page et les styles de publication. Ajoutez un effet contextuel comme action post-clic pour attirer l&rsquo;attention des utilisateurs. Enfin, profitez d&rsquo;une confiance accrue et d&rsquo;un meilleur taux d&rsquo;engagement.<\/p> <ul><li><strong>Augmentez la port\u00e9e de votre r\u00e9seau avec la page d&rsquo;entreprise LinkedIn.<\/strong><br>D\u00e9clenchez de nouvelles relations dans le domaine professionnel et augmentez le nombre de prospects utilisant le contenu de votre profil LinkedIn.<\/li><li><strong>\u00c9largissez votre base d&rsquo;audience LinkedIn.<\/strong><br>Attirez l&rsquo;attention sur votre LinkedIn parmi la communaut\u00e9 d&rsquo;utilisateurs WordPress et suscitez un int\u00e9r\u00eat \u00e9lev\u00e9 pour votre services.<\/li><li><strong>Am\u00e9liorez l&rsquo;authenticit\u00e9 de votre entreprise.<\/strong><br>Fournissez une couche suppl\u00e9mentaire de cr\u00e9dibilit\u00e9 et de fiabilit\u00e9 \u00e0 votre marque en partageant l&rsquo;activit\u00e9 LinkedIn la plus r\u00e9cente directement sur la page du site Web. <\/li><\/ul><p><b>Ajoutez le plugin LinkedIn Feed sans code au site Web WordPress pour renforcer la confiance, promouvoir l&rsquo;authenticit\u00e9 et \u00e9largir les opportunit\u00e9s de r\u00e9seautage en tirant parti d&rsquo;une forte validation sociale.<\/b><\/p> <div class=\"faq\" data-component=\"FAQ\"><div class=\"faq-item\">\r\n\t\t\t\t\t<div class=\"faq-item-question\">\r\n\t\t\t\t\t\t<h3 class=\"faq-item-question-text\">Existe-t-il d'autres outils WordPress que je peux utiliser sur mon site ?<\/h3>\r\n\r\n\t\t\t\t\t\t<div class=\"faq-item-question-icon\"><\/div>\r\n\t\t\t\t\t<\/div>\r\n\r\n\t\t\t\t\t<div class=\"faq-item-answer\">\r\n\t\t\t\t\t\t<div class=\"faq-item-answer-text\"><p>Oui, absolument\u00a0! \u00catre un utilisateur WordPress vous offre une large s\u00e9lection d&rsquo;outils sans code d&rsquo;Elfsight, y compris le plugin LinkedIn Feed. Quel que soit le type d\u2019entreprise que vous poss\u00e9dez et le cr\u00e9neau dans le domaine que vous choisissez, vous pouvez toujours rechercher des opportunit\u00e9s pour afficher vos points forts. Voici quelques possibilit\u00e9s\u00a0:<\/p><ul><li>Pour cr\u00e9er toute autre application de m\u00e9dias sociaux pour votre site Web WordPress, pensez \u00e0 utiliser le <a href=\"https:\/\/elfsight.com\/pinterest-feed-widget\/ \">Flux Pinterest<\/a> ou <a href=\"https:\/\/elfsight.com\/instagram-feed-instashow\/\">Flux Instagram<\/a> \u00e0 c\u00f4t\u00e9 du flux LinkedIn.<\/li><li>Opter pour les <a href=\"https:\/\/elfsight.com\/all-in-one-reviews-widget\/\">Avis tout-en-un<\/a> ou <a href=\"https:\/\/elfsight.com \/google-reviews-widget\/\">Plugin Google Reviews<\/a> pour afficher les commentaires des clients.<\/li><li>Int\u00e9grez le <a href=\"https:\/\/elfsight.com\/online-form-builder\/\">Formulaire<\/a> pour recueillir les r\u00e9ponses et faciliter la communication avec vos utilisateurs WordPress.<\/li> <li>Ajoutez le <a href=\"https:\/\/elfsight.com\/countdown-timer-widget\/\">compte \u00e0 rebours <\/a> pour favoriser l&rsquo;anticipation et cr\u00e9er un sentiment d&rsquo;urgence au sein de votre public.<\/li><\/ul><p>Et ce n&rsquo;est que le d\u00e9but d&rsquo;une longue liste d&rsquo;ajouts qui peuvent r\u00e9pondre aux besoins de votre entreprise. Commencez avec le plugin LinkedIn Feed sans code pour votre site Web et explorez le reste de notre catalogue pour d\u00e9couvrir d&rsquo;autres solutions de widgets \u00e0 ajouter\u00a0!<\/p><\/div>\r\n\t\t\t\t\t<\/div>\r\n\t\t\t\t<\/div><div class=\"faq-item\">\r\n\t\t\t\t\t<div class=\"faq-item-question\">\r\n\t\t\t\t\t\t<h3 class=\"faq-item-question-text\">Comment int\u00e9grer LinkedIn Feed gratuitement sur WordPress ?<\/h3>\r\n\r\n\t\t\t\t\t\t<div class=\"faq-item-question-icon\"><\/div>\r\n\t\t\t\t\t<\/div>\r\n\r\n\t\t\t\t\t<div class=\"faq-item-answer\">\r\n\t\t\t\t\t\t<div class=\"faq-item-answer-text\"><p>Pour ajouter gratuitement le flux LinkedIn \u00e0 votre site Web WordPress, proc\u00e9dez comme suit\u00a0:<\/p> <ol><li>Personnalisez l&rsquo;apparence du widget Flux LinkedIn en fonction du style de conception de votre site Web.<\/li><li>Connectez-vous \u00e0 votre panneau de tableau de bord Elfsight ou cr\u00e9ez un profil gratuit.<\/li><li>Obtenez le code d&rsquo;int\u00e9gration unique pour le widget.<\/li><li>Naviguez vers votre site Web WordPress.<\/li><li>Mettez le code dans l&rsquo;\u00e9diteur de votre site Web WordPress pour ajouter le widget LinkedIn Feed. Voila\u00a0!<\/li><\/ol><p>Comme cela appara\u00eet clairement, il n&rsquo;est pas n\u00e9cessaire d&rsquo;exceller dans l&rsquo;\u00e9criture de code pour int\u00e9grer le plugin. Cr\u00e9ez facilement le widget de flux LinkedIn sans code pour un site Web WordPress et b\u00e9n\u00e9ficiez de divers avantages qui accompagnent le processus d&rsquo;expansion de votre port\u00e9e.<\/p><\/div>\r\n\t\t\t\t\t<\/div>\r\n\t\t\t\t<\/div><div class=\"faq-item\">\r\n\t\t\t\t\t<div class=\"faq-item-question\">\r\n\t\t\t\t\t\t<h3 class=\"faq-item-question-text\">Dois-je savoir coder ou avoir comp\u00e9tences en programmation pour int\u00e9grer le plugin LinkedIn Feed sur le site WordPress ?<\/h3>\r\n\r\n\t\t\t\t\t\t<div class=\"faq-item-question-icon\"><\/div>\r\n\t\t\t\t\t<\/div>\r\n\r\n\t\t\t\t\t<div class=\"faq-item-answer\">\r\n\t\t\t\t\t\t<div class=\"faq-item-answer-text\"><p>Non. Il est absolument inutile d&rsquo;avoir une expertise en codage. Vous pouvez facilement cr\u00e9er et ajouter le plugin LinkedIn Feed \u00e0 votre site Web WordPress, m\u00eame sans aucune exp\u00e9rience sp\u00e9cialis\u00e9e ni exp\u00e9rience pr\u00e9alable en code.<\/p> <\/div>\r\n\t\t\t\t\t<\/div>\r\n\t\t\t\t<\/div><\/div><\/div> <div class=\"application-platform-content-item-features application-platform-content-item\" id=\"features\" data-nav-section=\"features\"> <h2>Voici la liste des fonctionnalit\u00e9s les plus puissantes\u00a0:<\/h2> <ul><li>Partagez divers types de contenu\u00a0: articles de blog, images, clips, etc.<\/li><li>Filtrez les publications du fil par mots-cl\u00e9s, hashtags , ou des URL.<\/li><li>Ajoutez des boutons CTA pour am\u00e9liorer la visibilit\u00e9 du flux de votre entreprise LinkedIn.<\/li><li>Affichez un effet de fen\u00eatre contextuelle dynamique pour attirer l&rsquo;attention des gens sur votre contenu LinkedIn.<\/li><li>Personnalisation sans code avec param\u00e8tres de conception avanc\u00e9s\u00a0: mod\u00e8les pr\u00e9d\u00e9finis, g\u00e9n\u00e9rateur de sch\u00e9mas de couleurs, conceptions de mise en page, styles de publication, CSS personnalis\u00e9, etc.<\/li><\/ul><p><a href=\"#demo\">Essayez simplement cette d\u00e9mo pour comprendre les fonctionnalit\u00e9s du widget<\/a><\/p> <\/div> <div class=\"application-platform-content-item-installation application-platform-content-item\" id=\"installation\" data-nav-section=\"installation\"> <h2>Comment ajouter un flux LinkedIn \u00e0 mon site WordPress\u00a0?<\/h2><div class=\"video-container\">\n<iframe width=\"720\" height=\"405\" src=\"https:\/\/www.youtube.com\/embed\/Ur-GSqDEehE?si=1TTRjdw7qWxXDz_I\" frameborder=\"0\" allowfullscreen=\"\"><\/iframe>\n<\/div> <p>Si vous souhaitez int\u00e9grer le plugin LinkedIn Feed sans code sur votre site Web WordPress, proc\u00e9dez comme suit\u00a0:<\/p> <ol><li><b>Lancez notre \u00e9diteur gratuit et commencez \u00e0 cr\u00e9er votre plugin LinkedIn Feed personnalis\u00e9.<\/b><br> Recherchez la forme et la fonctionnalit\u00e9 pr\u00e9f\u00e9r\u00e9es du plugin et enregistrez les modifications.<\/li> <li><b>Copiez votre code unique, qui appara\u00eet dans la fen\u00eatre sur Elfsight Apps.<\/b><br> Une fois la configuration de votre widget termin\u00e9e, copiez le code exclusif dans la fen\u00eatre contextuelle qui appara\u00eet et conservez-le pour une utilisation ult\u00e9rieure.<\/li> <li><b>Ajoutez le code du widget \u00e0 votre site Web WordPress.<\/b><br> Ajoutez le code que vous avez enregistr\u00e9 auparavant \u00e0 votre site Web et appliquez les modifications.<\/li> <li><b>La configuration est termin\u00e9e avec succ\u00e8s.<\/b><br> Acc\u00e9dez \u00e0 votre site Web pour voir en action le performances du widget LinkedIn Feed.<\/li><\/ol> <p>Si vous rencontrez des difficult\u00e9s avec le processus d&rsquo;int\u00e9gration, n&rsquo;h\u00e9sitez pas \u00e0 contacter notre \u00e9quipe de service client. Nos collaborateurs se feront un plaisir de r\u00e9soudre toutes les questions que vous pourriez avoir avec le plugin LinkedIn Feed sans code pour les sites Web WordPress.<\/p> <\/div>","protected":false},"excerpt":{"rendered":"","protected":false},"author":9,"featured_media":0,"parent":7326,"menu_order":0,"comment_status":"closed","ping_status":"closed","template":"templates\/template-application-platform.php","meta":{"publish_to_discourse":"","publish_post_category":"","wpdc_auto_publish_overridden":"","wpdc_topic_tags":"","wpdc_pin_topic":"","wpdc_pin_until":"","discourse_post_id":"","discourse_permalink":"","wpdc_publishing_response":"","wpdc_publishing_error":"","footnotes":""},"class_list":["post-13662","page","type-page","status-publish","hentry"],"yoast_head":"<!-- This site is optimized with the Yoast SEO plugin v25.3.1 - https:\/\/yoast.com\/wordpress\/plugins\/seo\/ -->\n<title>LinkedIn Feed - Ajoutez le plugin Feed \u00e0 WordPress [gratuitement\u00a0!]<\/title>\n<meta name=\"description\" content=\"Int\u00e9grez le plugin LinkedIn Feed sans codage sur votre site Web WordPress. Cr\u00e9ez votre widget \u00e0 l&#039;aide d&#039;une d\u00e9mo en direct et de mod\u00e8les pr\u00e9d\u00e9finis pour disposer d&#039;une solide preuve sociale.\" \/>\n<meta name=\"robots\" content=\"index, follow, max-snippet:-1, max-image-preview:large, max-video-preview:-1\" \/>\n<link rel=\"canonical\" href=\"https:\/\/elfsight.com\/fr\/linkedin-feed-widget\/wordpress\/\" \/>\n<meta property=\"og:locale\" content=\"fr_FR\" \/>\n<meta property=\"og:type\" content=\"article\" \/>\n<meta property=\"og:title\" content=\"LinkedIn Feed - Ajoutez le plugin Feed \u00e0 WordPress [gratuitement\u00a0!]\" \/>\n<meta property=\"og:description\" content=\"Int\u00e9grez le plugin LinkedIn Feed sans codage sur votre site Web WordPress. Cr\u00e9ez votre widget \u00e0 l&#039;aide d&#039;une d\u00e9mo en direct et de mod\u00e8les pr\u00e9d\u00e9finis pour disposer d&#039;une solide preuve sociale.\" \/>\n<meta property=\"og:url\" content=\"https:\/\/elfsight.com\/fr\/linkedin-feed-widget\/wordpress\/\" \/>\n<meta property=\"og:site_name\" content=\"Elfsight FR\" \/>\n<meta property=\"article:modified_time\" content=\"2025-10-22T08:47:10+00:00\" \/>\n<meta name=\"twitter:card\" content=\"summary_large_image\" \/>\n<meta name=\"twitter:label1\" content=\"Dur\u00e9e de lecture estim\u00e9e\" \/>\n\t<meta name=\"twitter:data1\" content=\"5 minutes\" \/>\n<!-- \/ Yoast SEO plugin. -->","yoast_head_json":{"title":"LinkedIn Feed - Ajoutez le plugin Feed \u00e0 WordPress [gratuitement\u00a0!]","description":"Int\u00e9grez le plugin LinkedIn Feed sans codage sur votre site Web WordPress. Cr\u00e9ez votre widget \u00e0 l'aide d'une d\u00e9mo en direct et de mod\u00e8les pr\u00e9d\u00e9finis pour disposer d'une solide preuve sociale.","robots":{"index":"index","follow":"follow","max-snippet":"max-snippet:-1","max-image-preview":"max-image-preview:large","max-video-preview":"max-video-preview:-1"},"canonical":"https:\/\/elfsight.com\/fr\/linkedin-feed-widget\/wordpress\/","og_locale":"fr_FR","og_type":"article","og_title":"LinkedIn Feed - Ajoutez le plugin Feed \u00e0 WordPress [gratuitement\u00a0!]","og_description":"Int\u00e9grez le plugin LinkedIn Feed sans codage sur votre site Web WordPress. Cr\u00e9ez votre widget \u00e0 l'aide d'une d\u00e9mo en direct et de mod\u00e8les pr\u00e9d\u00e9finis pour disposer d'une solide preuve sociale.","og_url":"https:\/\/elfsight.com\/fr\/linkedin-feed-widget\/wordpress\/","og_site_name":"Elfsight FR","article_modified_time":"2025-10-22T08:47:10+00:00","twitter_card":"summary_large_image","twitter_misc":{"Dur\u00e9e de lecture estim\u00e9e":"5 minutes"},"schema":{"@context":"https:\/\/schema.org","@graph":[{"@type":"WebPage","@id":"https:\/\/elfsight.com\/fr\/linkedin-feed-widget\/wordpress\/","url":"https:\/\/elfsight.com\/fr\/linkedin-feed-widget\/wordpress\/","name":"LinkedIn Feed - Ajoutez le plugin Feed \u00e0 WordPress [gratuitement\u00a0!]","isPartOf":{"@id":"https:\/\/elfsight.com\/fr\/#website"},"datePublished":"2024-05-03T06:40:42+00:00","dateModified":"2025-10-22T08:47:10+00:00","description":"Int\u00e9grez le plugin LinkedIn Feed sans codage sur votre site Web WordPress. Cr\u00e9ez votre widget \u00e0 l'aide d'une d\u00e9mo en direct et de mod\u00e8les pr\u00e9d\u00e9finis pour disposer d'une solide preuve sociale.","breadcrumb":{"@id":"https:\/\/elfsight.com\/fr\/linkedin-feed-widget\/wordpress\/#breadcrumb"},"inLanguage":"fr-FR","potentialAction":[{"@type":"ReadAction","target":["https:\/\/elfsight.com\/fr\/linkedin-feed-widget\/wordpress\/"]}]},{"@type":"BreadcrumbList","@id":"https:\/\/elfsight.com\/fr\/linkedin-feed-widget\/wordpress\/#breadcrumb","itemListElement":[{"@type":"ListItem","position":1,"name":"Home","item":"https:\/\/elfsight.com\/fr\/"},{"@type":"ListItem","position":2,"name":"LinkedIn Feed","item":"https:\/\/elfsight.com\/fr\/linkedin-feed-widget\/"},{"@type":"ListItem","position":3,"name":"LinkedIn Feed &#8211; WordPress"}]},{"@type":"WebSite","@id":"https:\/\/elfsight.com\/fr\/#website","url":"https:\/\/elfsight.com\/fr\/","name":"Elfsight FR","description":"","potentialAction":[{"@type":"SearchAction","target":{"@type":"EntryPoint","urlTemplate":"https:\/\/elfsight.com\/fr\/?s={search_term_string}"},"query-input":{"@type":"PropertyValueSpecification","valueRequired":true,"valueName":"search_term_string"}}],"inLanguage":"fr-FR"}]}},"meta_box":{"industry":"","seo_heading":"","heading":"","description":"","cta_heading":"","cta_description":"","application":"7313","h1":"Comment int\u00e9grer gratuitement LinkedIn Feed sur WordPress !","h1_caption":"Pr\u00e9sentez les mises \u00e0 jour, les graphiques et les clips de l\u2019entreprise LinkedIn sur votre site Web","application_category":[],"applications_title":"","applications_request_title":"","applications_request_button_text":"","hero_text":"","hero_video":"","hero_video_schema_markup":"","selling_points_title":"","selling_points_caption":"","selling_points":[],"selling_points_cta_text":"","features_title":"","features":"","ed_cta_examples_text":"","ed_cta_examples_hidden":"","ed_cta_demo_text":"","ed_cta_demo_hidden":"","why_caption":"","why_editor_title":"","why_editor_text":"","why_team_title":"","why_team_text":"","why_service_title":"","why_service_text":"","template_catalog_visible":"0","template_catalog_title":"","template_catalog_text":"","template_catalog_categories_visible":"","demo_title":"Cr\u00e9ez votre plugin de flux LinkedIn","demo_caption":"Configurez votre flux LinkedIn et ajoutez-le gratuitement \u00e0 votre site WordPress !","default_faq_hidden":"","app_template_category":[],"platform":"18","template_public_id":"","codecanyon_url":"","codecanyon_item_id":"","codecanyon_price":"","pricing_caption":"","pricing_elfsight_apps_hide_column":"","pricing_elfsight_apps_url":"","pricing_codecanyon_price_caption":"","integration_category":[],"integration_request_title":"","integration_request_cta":"","integration_platform":"","integrations":[],"platform_category":[],"video_schema_markup":"","price":"\u00e0 partir de 0$ \/ mois","trial":"","benefits":[{"text":"Aide \u00e0 l'installation gratuite"},{"text":"Service client professionnel"},{"text":"Garantie de remboursement de 14 jours"},{"text":"Am\u00e9liorations futures"}],"button_url":"#demo","button_target_blank":"0","button_nofollow":"0","attributes":[{"name":"Installations","content":"10,000 - 100,000"},{"name":"Sensible","content":"Oui"},{"name":"Navigateurs compatibles","content":"Firefox, Safari, Opera, Chrome, Edge"}],"tags":[],"tags_disable_links":"0","hide_more_platforms":"0","video_object":"","demo_hide_cta":"0","demo_hide_cloud_options":"0","pricing_title":"","pricing":[{"pricing_icon":"platform","pricing_title":"Elfsight Apps","pricing_title_caption":"Solution num\u00e9rique multiplateforme","pricing_price":"from $0 \/ month","pricing_price_caption":"commencez avec un forfait gratuit","pricing_benefits":[{"text":"Domaines illimit\u00e9s"},{"text":"Assistance client haut de gamme"},{"text":"Assistance \u00e0 l'installation gratuite"},{"text":"Conception flexible"}],"pricing_button_text":"Ajouter au site Web","pricing_button_url":"#demo"}],"related_apps_title":"","related_apps_hidden":"0","author":"","image":[],"title":"","job":"","social_networks":[]},"_links":{"self":[{"href":"https:\/\/elfsight.com\/fr\/wp-json\/wp\/v2\/pages\/13662","targetHints":{"allow":["GET"]}}],"collection":[{"href":"https:\/\/elfsight.com\/fr\/wp-json\/wp\/v2\/pages"}],"about":[{"href":"https:\/\/elfsight.com\/fr\/wp-json\/wp\/v2\/types\/page"}],"author":[{"embeddable":true,"href":"https:\/\/elfsight.com\/fr\/wp-json\/wp\/v2\/users\/9"}],"replies":[{"embeddable":true,"href":"https:\/\/elfsight.com\/fr\/wp-json\/wp\/v2\/comments?post=13662"}],"version-history":[{"count":2,"href":"https:\/\/elfsight.com\/fr\/wp-json\/wp\/v2\/pages\/13662\/revisions"}],"predecessor-version":[{"id":16726,"href":"https:\/\/elfsight.com\/fr\/wp-json\/wp\/v2\/pages\/13662\/revisions\/16726"}],"up":[{"embeddable":true,"href":"https:\/\/elfsight.com\/fr\/wp-json\/wp\/v2\/pages\/7326"}],"wp:attachment":[{"href":"https:\/\/elfsight.com\/fr\/wp-json\/wp\/v2\/media?parent=13662"}],"curies":[{"name":"wp","href":"https:\/\/api.w.org\/{rel}","templated":true}]}}