{"id":13661,"date":"2024-05-03T06:40:41","date_gmt":"2024-05-03T06:40:41","guid":{"rendered":"https:\/\/elfsight.com\/fr\/?page_id=13661"},"modified":"2025-07-10T08:13:58","modified_gmt":"2025-07-10T08:13:58","slug":"godaddy","status":"publish","type":"page","link":"https:\/\/elfsight.com\/fr\/linkedin-feed-widget\/godaddy\/","title":{"rendered":"LinkedIn Feed &#8211; GoDaddy"},"content":{"rendered":"<div class=\"application-platform-content-item-description application-platform-content-item\" id=\"description\" data-nav-section=\"description\"> <h2>Int\u00e9grez gratuitement le flux LinkedIn sur GoDaddy\u00a0!<\/h2> <p>Le plugin LinkedIn Feed est l&rsquo;outil id\u00e9al pour permettre aux entreprises de pr\u00e9senter et de promouvoir leur contenu LinkedIn sur les sites Web GoDaddy : afficher des publications, des images, des vid\u00e9os, etc. La configuration du widget prend quelques secondes : aucune connaissance en codage ou en programmation n&rsquo;est requise. <\/p> <p>Cr\u00e9ez une apparence qui r\u00e9pond aux besoins de votre site Web et suivez les tendances en testant des \u00e9l\u00e9ments de flux, des mod\u00e8les, des mises en page et des styles de publication personnalis\u00e9s. Ajoutez un mode contextuel comme action post-clic pour capter l&rsquo;attention des utilisateurs. Enfin, profitez de la confiance suscit\u00e9e et de davantage d&rsquo;opportunit\u00e9s de branding.<\/p> <ul><li><strong>Amplifiez votre potentiel de r\u00e9seautage avec la page d&rsquo;entreprise LinkedIn.<\/strong><br>\u00c9tablissez de nouvelles connexions dans le monde du commerce et augmentez le nombre de prospects en utilisant le contenu de votre profil LinkedIn.<\/li><li><strong>\u00c9largissez votre audience LinkedIn.<\/strong><br>Illuminez votre pr\u00e9sence sur LinkedIn parmi les utilisateurs du site Web GoDaddy et suscitez un vif int\u00e9r\u00eat dans vos services.<\/li><li><strong>Amplifiez l&rsquo;authenticit\u00e9 de votre entreprise.<\/strong><br>Fournissez une couche suppl\u00e9mentaire de cr\u00e9dibilit\u00e9 et de fiabilit\u00e9 \u00e0 votre marque et ajoutez la derni\u00e8re activit\u00e9 LinkedIn directement sur la page du site Web. .<\/li><\/ul><p><b>Int\u00e9grez sans code le widget de flux LinkedIn sur le site Web GoDaddy pour \u00e9tablir la confiance, promouvoir l&rsquo;authenticit\u00e9 et \u00e9largir les relations de travail avec une solide confirmation sociale.<\/b><\/p> <div class=\"faq\" data-component=\"FAQ\"><div class=\"faq-item\">\r\n\t\t\t\t\t<div class=\"faq-item-question\">\r\n\t\t\t\t\t\t<h3 class=\"faq-item-question-text\">Existe-t-il d'autres outils pour GoDaddy que je peux utiliser sur mon site Web ?<\/h3>\r\n\r\n\t\t\t\t\t\t<div class=\"faq-item-question-icon\"><\/div>\r\n\t\t\t\t\t<\/div>\r\n\r\n\t\t\t\t\t<div class=\"faq-item-answer\">\r\n\t\t\t\t\t\t<div class=\"faq-item-answer-text\"><p>Oui, absolument\u00a0! En tant qu&rsquo;utilisateur du site Web GoDaddy, Elfsight vous offre une large s\u00e9lection d&rsquo;outils sans code, et le plugin LinkedIn Feed n&rsquo;est qu&rsquo;une de ces offres. Quel que soit le type d\u2019entreprise que vous poss\u00e9dez ou le cr\u00e9neau sp\u00e9cifique dans lequel vous travaillez, il existe toujours des opportunit\u00e9s de montrer vos points forts et d\u2019ajouter des points \u00e0 votre strat\u00e9gie marketing. Consid\u00e9rez les possibilit\u00e9s suivantes\u00a0:<\/p><ul><li>Pour cr\u00e9er toute autre application de m\u00e9dias sociaux pour votre site Web GoDaddy similaire au plug-in LinkedIn Feed, essayez d&rsquo;ajouter le <a href=\"https:\/\/elfsight.com \/pinterest-feed-widget\/\">Flux Pinterest<\/a> ou <a href=\"https:\/\/elfsight.com\/instagram-feed-instashow\/\">Flux Instagram<\/a> sur votre site Web.<\/li><li>Optez pour les <a href=\"https:\/\/elfsight.com\/all-in-one-reviews-widget\/\">Avis tout-en-un<\/a> ou <a href=\"https:\/\/elfsight.com\/google-reviews-widget\/\">Plugin Google Reviews<\/a> pour afficher les pr\u00e9cieux commentaires des clients.<\/li><li>Int\u00e9grez le <a href=\"https:\/\/elfsight.com\/ online-form-builder\/\">Form Builder<\/a> pour rationaliser la collecte des r\u00e9ponses et permettre \u00e0 vos utilisateurs GoDaddy de se connecter avec vous.<\/li> <li>Ajoutez le <a href=\"https:\/\/elfsight.com\/countdown -timer-widget\/\">Compte \u00e0 rebours<\/a> pour favoriser l&rsquo;engagement et cr\u00e9er un sentiment d&rsquo;urgence au sein de votre public.<\/li><\/ul><p>Et rappelez-vous, ce ne sont que quelques exemples. Explorez notre vaste catalogue de widgets apr\u00e8s avoir impl\u00e9ment\u00e9 le plugin LinkedIn Feed sans code pour d\u00e9couvrir encore plus de fa\u00e7ons de r\u00e9pondre aux besoins sp\u00e9cifiques de votre entreprise\u00a0!<\/p><\/div>\r\n\t\t\t\t\t<\/div>\r\n\t\t\t\t<\/div><div class=\"faq-item\">\r\n\t\t\t\t\t<div class=\"faq-item-question\">\r\n\t\t\t\t\t\t<h3 class=\"faq-item-question-text\">Comment int\u00e9grer LinkedIn Feed gratuitement sur GoDaddy ? <\/h3>\r\n\r\n\t\t\t\t\t\t<div class=\"faq-item-question-icon\"><\/div>\r\n\t\t\t\t\t<\/div>\r\n\r\n\t\t\t\t\t<div class=\"faq-item-answer\">\r\n\t\t\t\t\t\t<div class=\"faq-item-answer-text\"><p>Si vous souhaitez ajouter gratuitement le plugin LinkedIn Feed \u00e0 votre site Web GoDaddy, proc\u00e9dez comme suit\u00a0:<\/p> <ol><li>Personnalisez l&rsquo;apparence du widget LinkedIn Feed pour compl\u00e9ter le style de conception de votre site Web.<\/li><li>Connectez-vous \u00e0 votre panneau d&rsquo;administration Elfsight ou cr\u00e9ez un compte gratuit.<\/li><li>Recevez le code d&rsquo;installation g\u00e9n\u00e9r\u00e9 automatiquement \u00e0 int\u00e9grer.<\/li><li>Acc\u00e9dez \u00e0 votre GoDaddy site Web.<\/li><li>Collez le code dans l&rsquo;\u00e9diteur de votre site Web GoDaddy pour ajouter le widget Flux LinkedIn. C&rsquo;est tout\u00a0!<\/li><\/ol><p>Comme on peut le voir, il n&rsquo;est pas n\u00e9cessaire d&rsquo;exceller dans l&rsquo;\u00e9criture de code pour embarquer le plugin. Cr\u00e9ez facilement le widget de flux LinkedIn sans code pour un site Web GoDaddy et profitez des nombreux avantages qui accompagnent le processus d&rsquo;\u00e9largissement de votre audience.<\/p><\/div>\r\n\t\t\t\t\t<\/div>\r\n\t\t\t\t<\/div><div class=\"faq-item\">\r\n\t\t\t\t\t<div class=\"faq-item-question\">\r\n\t\t\t\t\t\t<h3 class=\"faq-item-question-text\">Dois-je savoir comment coder ou avez-vous des comp\u00e9tences en programmation pour ajouter le flux LinkedIn \u00e0 GoDaddy ?<\/h3>\r\n\r\n\t\t\t\t\t\t<div class=\"faq-item-question-icon\"><\/div>\r\n\t\t\t\t\t<\/div>\r\n\r\n\t\t\t\t\t<div class=\"faq-item-answer\">\r\n\t\t\t\t\t\t<div class=\"faq-item-answer-text\"><p>Pas du tout. La comp\u00e9tence en codage n\u2019est en aucun cas n\u00e9cessaire. Vous pouvez cr\u00e9er et ajouter le widget de flux LinkedIn \u00e0 votre site Web GoDaddy, quels que soient vos ant\u00e9c\u00e9dents ou vos connaissances en code.<\/p> <\/div>\r\n\t\t\t\t\t<\/div>\r\n\t\t\t\t<\/div><\/div><div class=\"application-platform-content-item-features application-platform-content-item\" id=\"features\" data-nav-section=\"features\"><\/div> <h2>Nous proposons des fonctionnalit\u00e9s pratiques et fonctionnalit\u00e9s de widget simples, visualisez-en quelques-unes\u00a0:<\/h2> <ul><li>Affichez diverses formes de contenu LinkedIn\u00a0: articles de blog, images, vid\u00e9os, etc.<\/li><li>Filtrez les publications du fil par mots-cl\u00e9s, hashtags, ou des URL.<\/li><li>Des boutons CTA pour am\u00e9liorer le taux d&rsquo;engagement sur le flux de votre entreprise LinkedIn.<\/li><li>Ajoutez le mode popup accrocheur pour attirer l&rsquo;attention sur votre contenu LinkedIn.<\/li><li>Personnalisation avanc\u00e9e sans avoir besoin de coder\u00a0: mod\u00e8les pr\u00e9d\u00e9finis, g\u00e9n\u00e9rateur de sch\u00e9mas de couleurs, cinq mises en page accessibles, styles de publication, CSS personnalis\u00e9, etc.<\/li><\/ul><p><a href=\"#demo\">Essayez simplement cette d\u00e9mo pour comprendre les fonctionnalit\u00e9s du widget<\/a><\/p> <\/div> <div class=\"application-platform-content-item-installation application-platform-content-item\" id=\"installation\" data-nav-section=\"installation\"> <h2>Comment ajouter un flux LinkedIn \u00e0 mon site Web GoDaddy\u00a0?<\/h2> <p>Si vous souhaitez int\u00e9grer le flux LinkedIn sans code sur votre site Web GoDaddy, suivez ces instructions\u00a0:<\/p> <ol><li><b>Ex\u00e9cutez notre configurateur gratuit et commencez \u00e0 fa\u00e7onner votre plugin de flux LinkedIn personnalis\u00e9. <\/b><br> D\u00e9terminez l&rsquo;apparence pr\u00e9f\u00e9rable et les caract\u00e9ristiques fonctionnelles du plugin et appliquez les corrections.<\/li> <li><b>Copiez le code unique r\u00e9v\u00e9l\u00e9 dans la bo\u00eete sur les applications Elfsight.<\/b><br> D\u00e8s que la configuration de votre widget est termin\u00e9e, copiez le code personnel dans la case qui appara\u00eet et enregistrez-le pour une utilisation ult\u00e9rieure.<\/li> <li><b>Commencez \u00e0 utiliser l&rsquo;outil sur votre site Web GoDaddy.<\/b> <br> Int\u00e9grez le code que vous avez copi\u00e9 r\u00e9cemment sur votre site Web et enregistrez les ajustements.<\/li> <li><b>Vous avez termin\u00e9\u00a0! L&rsquo;int\u00e9gration est r\u00e9ussie.<\/b><br> Visitez votre site Web pour examiner le fonctionnement du plugin LinkedIn Feed.<\/li><\/ol> <p>\u00c0 condition de r\u00e9pondre \u00e0 des demandes de renseignements ou de faire face \u00e0 certaines complications sur la fa\u00e7on d&rsquo;ajouter le widget, veuillez contacter notre \u00e9quipe d&rsquo;assistance. Nos collaborateurs ont h\u00e2te de r\u00e9soudre toutes les difficult\u00e9s que vous pourriez rencontrer avec le plugin LinkedIn Feed sans code pour les sites Web GoDaddy.<\/p> <\/div>","protected":false},"excerpt":{"rendered":"","protected":false},"author":9,"featured_media":0,"parent":7326,"menu_order":0,"comment_status":"closed","ping_status":"closed","template":"templates\/template-application-platform.php","meta":{"publish_to_discourse":"","publish_post_category":"","wpdc_auto_publish_overridden":"","wpdc_topic_tags":"","wpdc_pin_topic":"","wpdc_pin_until":"","discourse_post_id":"","discourse_permalink":"","wpdc_publishing_response":"","wpdc_publishing_error":"","footnotes":""},"class_list":["post-13661","page","type-page","status-publish","hentry"],"yoast_head":"<!-- This site is optimized with the Yoast SEO plugin v25.3.1 - https:\/\/yoast.com\/wordpress\/plugins\/seo\/ -->\n<title>Flux LinkedIn - Ajoutez le plugin Feed \u00e0 GoDaddy [gratuitement\u00a0!]<\/title>\n<meta name=\"description\" content=\"Int\u00e9grez le plugin LinkedIn Feed sans codage sur votre site Web GoDaddy. Cr\u00e9ez votre plugin \u00e0 l&#039;aide d&#039;une d\u00e9mo en direct et de mod\u00e8les pr\u00e9d\u00e9finis pour disposer d&#039;une solide preuve sociale.\" \/>\n<meta name=\"robots\" content=\"index, follow, max-snippet:-1, max-image-preview:large, max-video-preview:-1\" \/>\n<link rel=\"canonical\" href=\"https:\/\/elfsight.com\/fr\/linkedin-feed-widget\/godaddy\/\" \/>\n<meta property=\"og:locale\" content=\"fr_FR\" \/>\n<meta property=\"og:type\" content=\"article\" \/>\n<meta property=\"og:title\" content=\"Flux LinkedIn - Ajoutez le plugin Feed \u00e0 GoDaddy [gratuitement\u00a0!]\" \/>\n<meta property=\"og:description\" content=\"Int\u00e9grez le plugin LinkedIn Feed sans codage sur votre site Web GoDaddy. Cr\u00e9ez votre plugin \u00e0 l&#039;aide d&#039;une d\u00e9mo en direct et de mod\u00e8les pr\u00e9d\u00e9finis pour disposer d&#039;une solide preuve sociale.\" \/>\n<meta property=\"og:url\" content=\"https:\/\/elfsight.com\/fr\/linkedin-feed-widget\/godaddy\/\" \/>\n<meta property=\"og:site_name\" content=\"Elfsight FR\" \/>\n<meta property=\"article:modified_time\" content=\"2025-07-10T08:13:58+00:00\" \/>\n<meta name=\"twitter:card\" content=\"summary_large_image\" \/>\n<meta name=\"twitter:label1\" content=\"Dur\u00e9e de lecture estim\u00e9e\" \/>\n\t<meta name=\"twitter:data1\" content=\"5 minutes\" \/>\n<!-- \/ Yoast SEO plugin. -->","yoast_head_json":{"title":"Flux LinkedIn - Ajoutez le plugin Feed \u00e0 GoDaddy [gratuitement\u00a0!]","description":"Int\u00e9grez le plugin LinkedIn Feed sans codage sur votre site Web GoDaddy. Cr\u00e9ez votre plugin \u00e0 l'aide d'une d\u00e9mo en direct et de mod\u00e8les pr\u00e9d\u00e9finis pour disposer d'une solide preuve sociale.","robots":{"index":"index","follow":"follow","max-snippet":"max-snippet:-1","max-image-preview":"max-image-preview:large","max-video-preview":"max-video-preview:-1"},"canonical":"https:\/\/elfsight.com\/fr\/linkedin-feed-widget\/godaddy\/","og_locale":"fr_FR","og_type":"article","og_title":"Flux LinkedIn - Ajoutez le plugin Feed \u00e0 GoDaddy [gratuitement\u00a0!]","og_description":"Int\u00e9grez le plugin LinkedIn Feed sans codage sur votre site Web GoDaddy. Cr\u00e9ez votre plugin \u00e0 l'aide d'une d\u00e9mo en direct et de mod\u00e8les pr\u00e9d\u00e9finis pour disposer d'une solide preuve sociale.","og_url":"https:\/\/elfsight.com\/fr\/linkedin-feed-widget\/godaddy\/","og_site_name":"Elfsight FR","article_modified_time":"2025-07-10T08:13:58+00:00","twitter_card":"summary_large_image","twitter_misc":{"Dur\u00e9e de lecture estim\u00e9e":"5 minutes"},"schema":{"@context":"https:\/\/schema.org","@graph":[{"@type":"WebPage","@id":"https:\/\/elfsight.com\/fr\/linkedin-feed-widget\/godaddy\/","url":"https:\/\/elfsight.com\/fr\/linkedin-feed-widget\/godaddy\/","name":"Flux LinkedIn - Ajoutez le plugin Feed \u00e0 GoDaddy [gratuitement\u00a0!]","isPartOf":{"@id":"https:\/\/elfsight.com\/fr\/#website"},"datePublished":"2024-05-03T06:40:41+00:00","dateModified":"2025-07-10T08:13:58+00:00","description":"Int\u00e9grez le plugin LinkedIn Feed sans codage sur votre site Web GoDaddy. Cr\u00e9ez votre plugin \u00e0 l'aide d'une d\u00e9mo en direct et de mod\u00e8les pr\u00e9d\u00e9finis pour disposer d'une solide preuve sociale.","breadcrumb":{"@id":"https:\/\/elfsight.com\/fr\/linkedin-feed-widget\/godaddy\/#breadcrumb"},"inLanguage":"fr-FR","potentialAction":[{"@type":"ReadAction","target":["https:\/\/elfsight.com\/fr\/linkedin-feed-widget\/godaddy\/"]}]},{"@type":"BreadcrumbList","@id":"https:\/\/elfsight.com\/fr\/linkedin-feed-widget\/godaddy\/#breadcrumb","itemListElement":[{"@type":"ListItem","position":1,"name":"Home","item":"https:\/\/elfsight.com\/fr\/"},{"@type":"ListItem","position":2,"name":"LinkedIn Feed","item":"https:\/\/elfsight.com\/fr\/linkedin-feed-widget\/"},{"@type":"ListItem","position":3,"name":"LinkedIn Feed &#8211; GoDaddy"}]},{"@type":"WebSite","@id":"https:\/\/elfsight.com\/fr\/#website","url":"https:\/\/elfsight.com\/fr\/","name":"Elfsight FR","description":"","potentialAction":[{"@type":"SearchAction","target":{"@type":"EntryPoint","urlTemplate":"https:\/\/elfsight.com\/fr\/?s={search_term_string}"},"query-input":{"@type":"PropertyValueSpecification","valueRequired":true,"valueName":"search_term_string"}}],"inLanguage":"fr-FR"}]}},"meta_box":{"industry":"","seo_heading":"","heading":"","description":"","cta_heading":"","cta_description":"","application":"7313","h1":"Comment int\u00e9grer gratuitement le flux LinkedIn sur GoDaddy\u00a0!","h1_caption":"Affichez les publications de votre profil LinkedIn ou de votre page d'entreprise sur votre site Web, am\u00e9liorant ainsi votre pr\u00e9sence professionnelle en ligne sur votre site Web GoDaddy sans effort.","application_category":[],"applications_title":"","applications_request_title":"","applications_request_button_text":"","hero_text":"","hero_video":"","hero_video_schema_markup":"","selling_points_title":"","selling_points_caption":"","selling_points":[],"selling_points_cta_text":"","features_title":"","features":"","ed_cta_examples_text":"","ed_cta_examples_hidden":"","ed_cta_demo_text":"","ed_cta_demo_hidden":"","why_caption":"","why_editor_title":"","why_editor_text":"","why_team_title":"","why_team_text":"","why_service_title":"","why_service_text":"","template_catalog_visible":"","template_catalog_title":"","template_catalog_text":"","template_catalog_categories_visible":"","demo_title":"Cr\u00e9ez votre plugin de flux LinkedIn","demo_caption":"Configurez votre flux LinkedIn et ajoutez-le gratuitement \u00e0 votre site Web GoDaddy\u00a0!","default_faq_hidden":"","app_template_category":[],"platform":"370","template_public_id":"","codecanyon_url":"","codecanyon_item_id":"","codecanyon_price":"","pricing_caption":"","pricing_elfsight_apps_hide_column":"","pricing_elfsight_apps_url":"","pricing_codecanyon_price_caption":"","integration_category":[],"integration_request_title":"","integration_request_cta":"","integration_platform":"","integrations":[],"platform_category":[],"video_schema_markup":"","price":"\u00e0 partir de 0$ \/ mois","trial":"","benefits":[{"text":"Assistance \u00e0 l'installation gratuite"},{"text":"Un soutien exceptionnel"},{"text":"Garantie de remboursement de 14 jours"},{"text":"Mise \u00e0 jour constante"}],"button_url":"#demo","button_target_blank":"","button_nofollow":"","attributes":[{"name":"Installations","content":"10,000 - 100,000"},{"name":"Sensible","content":"Oui"},{"name":"Navigateurs compatibles","content":"Firefox, Safari, Opera, Chrome, Edge"}],"tags":[],"tags_disable_links":"","hide_more_platforms":"","video_object":"","demo_hide_cta":"","demo_hide_cloud_options":"","pricing_title":"","pricing":[{"pricing_icon":"platform","pricing_title":"Elfsight Apps","pricing_title_caption":"Solution num\u00e9rique ind\u00e9pendante de la plateforme qui fonctionne sur n'importe quel site Web","pricing_price":"from $0 \/ month","pricing_price_caption":"commencez avec un forfait gratuit","pricing_benefits":[{"text":"Sites Web illimit\u00e9s"},{"text":"Support d\u2019entreprise d\u00e9di\u00e9 et bien document\u00e9"},{"text":"Service d'installation gratuit"},{"text":"Conception flexible"}],"pricing_button_text":"Ajouter au site Web","pricing_button_url":"#demo"}],"related_apps_title":"","related_apps_hidden":"","author":"","image":[],"title":"","job":"","social_networks":[]},"_links":{"self":[{"href":"https:\/\/elfsight.com\/fr\/wp-json\/wp\/v2\/pages\/13661","targetHints":{"allow":["GET"]}}],"collection":[{"href":"https:\/\/elfsight.com\/fr\/wp-json\/wp\/v2\/pages"}],"about":[{"href":"https:\/\/elfsight.com\/fr\/wp-json\/wp\/v2\/types\/page"}],"author":[{"embeddable":true,"href":"https:\/\/elfsight.com\/fr\/wp-json\/wp\/v2\/users\/9"}],"replies":[{"embeddable":true,"href":"https:\/\/elfsight.com\/fr\/wp-json\/wp\/v2\/comments?post=13661"}],"version-history":[{"count":1,"href":"https:\/\/elfsight.com\/fr\/wp-json\/wp\/v2\/pages\/13661\/revisions"}],"predecessor-version":[{"id":13665,"href":"https:\/\/elfsight.com\/fr\/wp-json\/wp\/v2\/pages\/13661\/revisions\/13665"}],"up":[{"embeddable":true,"href":"https:\/\/elfsight.com\/fr\/wp-json\/wp\/v2\/pages\/7326"}],"wp:attachment":[{"href":"https:\/\/elfsight.com\/fr\/wp-json\/wp\/v2\/media?parent=13661"}],"curies":[{"name":"wp","href":"https:\/\/api.w.org\/{rel}","templated":true}]}}