{"id":13660,"date":"2024-05-03T06:40:40","date_gmt":"2024-05-03T06:40:40","guid":{"rendered":"https:\/\/elfsight.com\/fr\/?page_id=13660"},"modified":"2025-07-10T08:14:13","modified_gmt":"2025-07-10T08:14:13","slug":"iframe","status":"publish","type":"page","link":"https:\/\/elfsight.com\/fr\/linkedin-feed-widget\/iframe\/","title":{"rendered":"LinkedIn Feed &#8211; iFrame"},"content":{"rendered":"<div class=\"application-platform-content-item-description application-platform-content-item\" id=\"description\" data-nav-section=\"description\"> <h2>Int\u00e9grez gratuitement le flux LinkedIn sur iFrame\u00a0!<\/h2> <p>Le plugin LinkedIn Feed sans code offre une opportunit\u00e9 de pointe pour entreprises pour pr\u00e9senter et annoncer leur contenu LinkedIn sur les sites Web iFrame\u00a0: afficher des publications, des visuels, des clips, etc. L&rsquo;int\u00e9gration du plugin est transparente\u00a0: aucune comp\u00e9tence en codage ou en programmation n&rsquo;est requise.<\/p> <p>Cr\u00e9ez un look qui refl\u00e8te votre pr\u00e9f\u00e9rences du site Web et exp\u00e9rimentez en essayant des \u00e9l\u00e9ments de flux, des mod\u00e8les, des mises en page et des styles de publication personnalis\u00e9s. Ajoutez un effet contextuel comme action post-clic pour attirer l&rsquo;attention des utilisateurs. Et enfin, b\u00e9n\u00e9ficiez d&rsquo;une cr\u00e9dibilit\u00e9 accrue et de davantage d&rsquo;opportunit\u00e9s de branding.<\/p> <ul><li><strong>Am\u00e9liorez vos canaux de r\u00e9seautage avec la page d&rsquo;entreprise LinkedIn.<\/strong><br>D\u00e9clenchez de nouvelles relations dans le domaine des affaires et d\u00e9veloppez-vous. le nombre de prospects en exploitant le contenu de votre profil LinkedIn.<\/li><li><strong>D\u00e9veloppez votre base d&rsquo;audience LinkedIn.<\/strong><br>Mettre en lumi\u00e8re votre pr\u00e9sence LinkedIn parmi les utilisateurs du site Web iFrame et susciter un fort int\u00e9r\u00eat dans vos offres.<\/li><li><strong>Donnez \u00e0 votre entreprise une apparence plus authentique.<\/strong><br>Ajoutez \u00e0 votre marque un boost suppl\u00e9mentaire de cr\u00e9dibilit\u00e9 et de fiabilit\u00e9 en pr\u00e9sentant la derni\u00e8re activit\u00e9 LinkedIn directement sur la page du site Web. <\/li><\/ul><p><b>Ajoutez le widget LinkedIn Feed au site Web iFrame pour renforcer la confiance, amplifier l&rsquo;authenticit\u00e9 et \u00e9largir votre r\u00e9seau en tirant parti d&rsquo;une solide preuve sociale.<\/b><\/p><div class=\"faq\" data-component=\"FAQ\"><div class=\"faq-item\">\r\n\t\t\t\t\t<div class=\"faq-item-question\">\r\n\t\t\t\t\t\t<h3 class=\"faq-item-question-text\">Existe-t-il d'autres outils pour iFrame que je peux utiliser sur mon site Web ?<\/h3>\r\n\r\n\t\t\t\t\t\t<div class=\"faq-item-question-icon\"><\/div>\r\n\t\t\t\t\t<\/div>\r\n\r\n\t\t\t\t\t<div class=\"faq-item-answer\">\r\n\t\t\t\t\t\t<div class=\"faq-item-answer-text\"><p>Oui, absolument\u00a0! \u00catre un utilisateur du site Web iFrame ouvre des tonnes d&rsquo;outils sans code d&rsquo;Elfsight, y compris le plugin LinkedIn Feed sans code. Quel que soit votre type d\u2019entreprise ou votre niche au sein de l\u2019industrie, il existe toujours des opportunit\u00e9s de d\u00e9montrer vos atouts. Consid\u00e9rez les possibilit\u00e9s suivantes\u00a0:<\/p><ul><li>Pour cr\u00e9er toute autre application de m\u00e9dias sociaux pour votre site Web iFrame similaire au plug-in LinkedIn Feed, envisagez d&rsquo;utiliser le <a href=\"https:\/\/elfsight.com\/pinterest -feed-widget\/\">Flux Pinterest<\/a> ou <a href=\"https:\/\/elfsight.com\/instagram-feed-instashow\/\">Flux Instagram<\/a> widget.<\/li><li> Optez pour les <a href=\"https:\/\/elfsight.com\/all-in-one-reviews-widget\/\">Avis tout-en-un<\/a> ou <a href=\"https:\/\/elfsight. com\/google-reviews-widget\/\">Plugin Google Reviews<\/a> pour afficher les pr\u00e9cieux commentaires des clients.<\/li><li>Int\u00e9grez le <a href=\"https:\/\/elfsight.com\/online-form-builder \/\">Widget Form Builder<\/a> pour collecter les r\u00e9ponses et permettre les interactions des utilisateurs sur votre site Web iFrame.<\/li> <li>Ajoutez le <a href=\"https:\/\/elfsight.com\/countdown-timer-widget\/ \">Widget Compte \u00e0 rebours<\/a> pour g\u00e9n\u00e9rer de l&rsquo;enthousiasme et cr\u00e9er un sentiment de raret\u00e9 au sein de votre public.<\/li><\/ul><p>Ces exemples ne font qu&rsquo;effleurer la surface d&rsquo;une longue liste d&rsquo;ajouts qui peuvent r\u00e9pondre \u00e0 vos besoins. besoins sp\u00e9cifiques de l&rsquo;entreprise. Commencez avec le flux LinkedIn et explorez plus tard l&rsquo;assortiment restant de widgets de notre catalogue \u00e0 ajouter \u00e0 votre site Web\u00a0!<\/p><\/div>\r\n\t\t\t\t\t<\/div>\r\n\t\t\t\t<\/div><div class=\"faq-item\">\r\n\t\t\t\t\t<div class=\"faq-item-question\">\r\n\t\t\t\t\t\t<h3 class=\"faq-item-question-text\">Comment int\u00e9grer le flux LinkedIn gratuitement sur iFrame ?<\/h3>\r\n\r\n\t\t\t\t\t\t<div class=\"faq-item-question-icon\"><\/div>\r\n\t\t\t\t\t<\/div>\r\n\r\n\t\t\t\t\t<div class=\"faq-item-answer\">\r\n\t\t\t\t\t\t<div class=\"faq-item-answer-text\"><p>Pour ajoutez gratuitement le plug-in LinkedIn Feed \u00e0 votre site Web iFrame, proc\u00e9dez comme suit\u00a0:<\/p> <ol><li>Personnalisez l&rsquo;apparence du plug-in LinkedIn Feed en fonction de votre esth\u00e9tique.<\/li><li>Connectez-vous \u00e0 votre Tableau de bord Elfsight ou cr\u00e9ez un profil utilisateur gratuit.<\/li><li>Recevez le code unique \u00e0 int\u00e9grer.<\/li><li>Acc\u00e9dez \u00e0 votre site Web iFrame.<\/li><li>Ins\u00e9rez le code dans votre site Web iFrame. constructeur pour ajouter le widget LinkedIn Feed. C&rsquo;est aussi simple que cela\u00a0!<\/li><\/ol><p>Comme vous pouvez le constater, il n&rsquo;est pas n\u00e9cessaire de ma\u00eetriser l&rsquo;\u00e9criture de code pour embarquer le plugin. Cr\u00e9ez facilement le widget de flux LinkedIn sans code pour un site Web iFrame et d\u00e9couvrez les nombreux avantages qui accompagnent le processus d&rsquo;expansion de votre port\u00e9e.<\/p><\/div>\r\n\t\t\t\t\t<\/div>\r\n\t\t\t\t<\/div><div class=\"faq-item\">\r\n\t\t\t\t\t<div class=\"faq-item-question\">\r\n\t\t\t\t\t\t<h3 class=\"faq-item-question-text\">Dois-je savoir comment coder ou avez-vous des comp\u00e9tences en programmation pour int\u00e9grer le plugin LinkedIn Feed sur iFrame ?<\/h3>\r\n\r\n\t\t\t\t\t\t<div class=\"faq-item-question-icon\"><\/div>\r\n\t\t\t\t\t<\/div>\r\n\r\n\t\t\t\t\t<div class=\"faq-item-answer\">\r\n\t\t\t\t\t\t<div class=\"faq-item-answer-text\"><p>Non, ce n&rsquo;est pas le cas. La connaissance du codage n\u2019ajoute pas beaucoup de valeur. Vous pouvez facilement cr\u00e9er et ajouter le plug-in LinkedIn Feed sur votre site Web iFrame, quels que soient vos ant\u00e9c\u00e9dents ou votre exp\u00e9rience en mati\u00e8re de code.<\/p> <\/div>\r\n\t\t\t\t\t<\/div>\r\n\t\t\t\t<\/div><\/div><div class=\"application-platform-content-item-features application-platform-content-item\" id=\"features\" data-nav-section=\"features\"><\/div> <h2>Ce ne sont que plusieurs des nombreuses fonctionnalit\u00e9s du widget\u00a0:<\/h2> <ul><li>Int\u00e9grez diverses formes de contenu\u00a0: articles de blog, photos, vid\u00e9os, etc.<\/li><li>Regroupez le contenu du flux par mots-cl\u00e9s, hashtags ou filtres d&rsquo;URL .<\/li><li>Boutons d&rsquo;appel \u00e0 l&rsquo;action pour am\u00e9liorer la visibilit\u00e9 du flux de votre entreprise LinkedIn sur le site Web.<\/li><li>Ajoutez l&rsquo;effet popup accrocheur pour attirer l&rsquo;attention sur votre contenu LinkedIn.<\/li><li>Personnalisation avanc\u00e9e sans avoir besoin de coder\u00a0: mod\u00e8les pr\u00eats \u00e0 l&#8217;emploi, cr\u00e9ateur de sch\u00e9mas de couleurs, cinq mod\u00e8les de mise en page, styles de publication, CSS personnalis\u00e9, etc.<\/li><\/ul><p><a href=\"#demo\">Vous pouvez voir ce que propose le widget en utilisant la d\u00e9mo<\/a><\/p> <\/div> <div class=\"application-platform-content-item-installation application-platform-content-item\" id=\"installation\" data-nav-section=\"installation\"> <h2>Comment ajouter un flux LinkedIn \u00e0 mon site Web iFrame\u00a0? <\/h2> <p>Pour int\u00e9grer le flux LinkedIn sur votre site Web iFrame, proc\u00e9dez comme suit\u00a0:<\/p> <ol><li><b>Lancez notre configurateur gratuit et commencez \u00e0 cr\u00e9er votre widget de flux LinkedIn unique et sans code. <\/b><br> Recherchez l&rsquo;interface et les fonctionnalit\u00e9s appropri\u00e9es de l&rsquo;outil et appliquez les modifications.<\/li> <li><b>Copiez le code personnel affich\u00e9 dans la fen\u00eatre sur les applications Elfsight.<\/b><br> Une fois la cr\u00e9ation de votre plugin termin\u00e9e, copiez le code personnel dans la fen\u00eatre contextuelle qui appara\u00eet et conservez-le pour une utilisation future.<\/li> <li><b>Commencez \u00e0 utiliser l&rsquo;outil sur votre site Web iFrame.<\/b><br> Collez le code enregistr\u00e9 r\u00e9cemment sur votre site Web et enregistrez les modifications.<\/li> <li><b>Termin\u00e9\u00a0! La configuration est effectu\u00e9e avec succ\u00e8s.<\/b><br> Acc\u00e9dez \u00e0 votre site Web pour voir en action les performances du widget LinkedIn Feed.<\/li><\/ol> <p>\u00c0 condition de r\u00e9pondre \u00e0 des questions ou de faire face \u00e0 quelques difficult\u00e9s Pour savoir comment ajouter le widget, n&rsquo;h\u00e9sitez pas \u00e0 demander de l&rsquo;aide \u00e0 notre personnel d&rsquo;assistance. Nos sp\u00e9cialistes seront ravis de r\u00e9soudre tous les probl\u00e8mes que vous pourriez rencontrer avec le plugin LinkedIn Feed sans code pour les sites Web iFrame.<\/p> <\/div>","protected":false},"excerpt":{"rendered":"","protected":false},"author":9,"featured_media":0,"parent":7326,"menu_order":0,"comment_status":"closed","ping_status":"closed","template":"templates\/template-application-platform.php","meta":{"publish_to_discourse":"","publish_post_category":"","wpdc_auto_publish_overridden":"","wpdc_topic_tags":"","wpdc_pin_topic":"","wpdc_pin_until":"","discourse_post_id":"","discourse_permalink":"","wpdc_publishing_response":"","wpdc_publishing_error":"","footnotes":""},"class_list":["post-13660","page","type-page","status-publish","hentry"],"yoast_head":"<!-- This site is optimized with the Yoast SEO plugin v25.3.1 - https:\/\/yoast.com\/wordpress\/plugins\/seo\/ -->\n<title>Flux LinkedIn - Ajoutez un widget de flux \u00e0 iFrame [gratuitement\u00a0!]<\/title>\n<meta name=\"description\" content=\"Int\u00e9grez le widget LinkedIn Feed sans codage sur votre site Web iFrame. Cr\u00e9ez votre plugin \u00e0 l&#039;aide d&#039;une d\u00e9mo en direct et de mod\u00e8les pr\u00e9d\u00e9finis pour disposer d&#039;une solide preuve sociale.\" \/>\n<meta name=\"robots\" content=\"index, follow, max-snippet:-1, max-image-preview:large, max-video-preview:-1\" \/>\n<link rel=\"canonical\" href=\"https:\/\/elfsight.com\/fr\/linkedin-feed-widget\/iframe\/\" \/>\n<meta property=\"og:locale\" content=\"fr_FR\" \/>\n<meta property=\"og:type\" content=\"article\" \/>\n<meta property=\"og:title\" content=\"Flux LinkedIn - Ajoutez un widget de flux \u00e0 iFrame [gratuitement\u00a0!]\" \/>\n<meta property=\"og:description\" content=\"Int\u00e9grez le widget LinkedIn Feed sans codage sur votre site Web iFrame. Cr\u00e9ez votre plugin \u00e0 l&#039;aide d&#039;une d\u00e9mo en direct et de mod\u00e8les pr\u00e9d\u00e9finis pour disposer d&#039;une solide preuve sociale.\" \/>\n<meta property=\"og:url\" content=\"https:\/\/elfsight.com\/fr\/linkedin-feed-widget\/iframe\/\" \/>\n<meta property=\"og:site_name\" content=\"Elfsight FR\" \/>\n<meta property=\"article:modified_time\" content=\"2025-07-10T08:14:13+00:00\" \/>\n<meta name=\"twitter:card\" content=\"summary_large_image\" \/>\n<meta name=\"twitter:label1\" content=\"Dur\u00e9e de lecture estim\u00e9e\" \/>\n\t<meta name=\"twitter:data1\" content=\"5 minutes\" \/>\n<!-- \/ Yoast SEO plugin. -->","yoast_head_json":{"title":"Flux LinkedIn - Ajoutez un widget de flux \u00e0 iFrame [gratuitement\u00a0!]","description":"Int\u00e9grez le widget LinkedIn Feed sans codage sur votre site Web iFrame. Cr\u00e9ez votre plugin \u00e0 l'aide d'une d\u00e9mo en direct et de mod\u00e8les pr\u00e9d\u00e9finis pour disposer d'une solide preuve sociale.","robots":{"index":"index","follow":"follow","max-snippet":"max-snippet:-1","max-image-preview":"max-image-preview:large","max-video-preview":"max-video-preview:-1"},"canonical":"https:\/\/elfsight.com\/fr\/linkedin-feed-widget\/iframe\/","og_locale":"fr_FR","og_type":"article","og_title":"Flux LinkedIn - Ajoutez un widget de flux \u00e0 iFrame [gratuitement\u00a0!]","og_description":"Int\u00e9grez le widget LinkedIn Feed sans codage sur votre site Web iFrame. Cr\u00e9ez votre plugin \u00e0 l'aide d'une d\u00e9mo en direct et de mod\u00e8les pr\u00e9d\u00e9finis pour disposer d'une solide preuve sociale.","og_url":"https:\/\/elfsight.com\/fr\/linkedin-feed-widget\/iframe\/","og_site_name":"Elfsight FR","article_modified_time":"2025-07-10T08:14:13+00:00","twitter_card":"summary_large_image","twitter_misc":{"Dur\u00e9e de lecture estim\u00e9e":"5 minutes"},"schema":{"@context":"https:\/\/schema.org","@graph":[{"@type":"WebPage","@id":"https:\/\/elfsight.com\/fr\/linkedin-feed-widget\/iframe\/","url":"https:\/\/elfsight.com\/fr\/linkedin-feed-widget\/iframe\/","name":"Flux LinkedIn - Ajoutez un widget de flux \u00e0 iFrame [gratuitement\u00a0!]","isPartOf":{"@id":"https:\/\/elfsight.com\/fr\/#website"},"datePublished":"2024-05-03T06:40:40+00:00","dateModified":"2025-07-10T08:14:13+00:00","description":"Int\u00e9grez le widget LinkedIn Feed sans codage sur votre site Web iFrame. Cr\u00e9ez votre plugin \u00e0 l'aide d'une d\u00e9mo en direct et de mod\u00e8les pr\u00e9d\u00e9finis pour disposer d'une solide preuve sociale.","breadcrumb":{"@id":"https:\/\/elfsight.com\/fr\/linkedin-feed-widget\/iframe\/#breadcrumb"},"inLanguage":"fr-FR","potentialAction":[{"@type":"ReadAction","target":["https:\/\/elfsight.com\/fr\/linkedin-feed-widget\/iframe\/"]}]},{"@type":"BreadcrumbList","@id":"https:\/\/elfsight.com\/fr\/linkedin-feed-widget\/iframe\/#breadcrumb","itemListElement":[{"@type":"ListItem","position":1,"name":"Home","item":"https:\/\/elfsight.com\/fr\/"},{"@type":"ListItem","position":2,"name":"LinkedIn Feed","item":"https:\/\/elfsight.com\/fr\/linkedin-feed-widget\/"},{"@type":"ListItem","position":3,"name":"LinkedIn Feed &#8211; iFrame"}]},{"@type":"WebSite","@id":"https:\/\/elfsight.com\/fr\/#website","url":"https:\/\/elfsight.com\/fr\/","name":"Elfsight FR","description":"","potentialAction":[{"@type":"SearchAction","target":{"@type":"EntryPoint","urlTemplate":"https:\/\/elfsight.com\/fr\/?s={search_term_string}"},"query-input":{"@type":"PropertyValueSpecification","valueRequired":true,"valueName":"search_term_string"}}],"inLanguage":"fr-FR"}]}},"meta_box":{"industry":"","seo_heading":"","heading":"","description":"","cta_heading":"","cta_description":"","application":"7313","h1":"Comment int\u00e9grer gratuitement le flux LinkedIn sur iFrame\u00a0!","h1_caption":"Affichez les publications de votre profil LinkedIn ou de votre page d'entreprise sur votre site Web, am\u00e9liorant ainsi votre pr\u00e9sence professionnelle en ligne sur votre site Web iFrame sans effort.","application_category":[],"applications_title":"","applications_request_title":"","applications_request_button_text":"","hero_text":"","hero_video":"","hero_video_schema_markup":"","selling_points_title":"","selling_points_caption":"","selling_points":[],"selling_points_cta_text":"","features_title":"","features":"","ed_cta_examples_text":"","ed_cta_examples_hidden":"","ed_cta_demo_text":"","ed_cta_demo_hidden":"","why_caption":"","why_editor_title":"","why_editor_text":"","why_team_title":"","why_team_text":"","why_service_title":"","why_service_text":"","template_catalog_visible":"","template_catalog_title":"","template_catalog_text":"","template_catalog_categories_visible":"","demo_title":"Cr\u00e9ez votre widget de flux LinkedIn","demo_caption":"Configurez votre flux LinkedIn et ajoutez-le gratuitement \u00e0 votre site Web iFrame\u00a0!","default_faq_hidden":"","app_template_category":[],"platform":"371","template_public_id":"","codecanyon_url":"","codecanyon_item_id":"","codecanyon_price":"","pricing_caption":"","pricing_elfsight_apps_hide_column":"","pricing_elfsight_apps_url":"","pricing_codecanyon_price_caption":"","integration_category":[],"integration_request_title":"","integration_request_cta":"","integration_platform":"","integrations":[],"platform_category":[],"video_schema_markup":"","price":"\u00e0 partir de 0$ \/ mois","trial":"","benefits":[{"text":"Aide \u00e0 l'installation gratuite"},{"text":"Support client exp\u00e9riment\u00e9"},{"text":"Garantie de remboursement de 14 jours"},{"text":"Mises \u00e0 jour r\u00e9guli\u00e8res"}],"button_url":"#demo","button_target_blank":"","button_nofollow":"","attributes":[{"name":"Installations","content":"10,000 - 100,000"},{"name":"Sensible","content":"Oui"},{"name":"Navigateurs compatibles","content":"Firefox, Safari, Opera, Chrome, Edge"}],"tags":[],"tags_disable_links":"","hide_more_platforms":"","video_object":"","demo_hide_cta":"","demo_hide_cloud_options":"","pricing_title":"","pricing":[{"pricing_icon":"platform","pricing_title":"Elfsight Apps","pricing_title_caption":"Solution num\u00e9rique multiplateforme qui fonctionne sur n'importe quel site Web","pricing_price":"from $0 \/ month","pricing_price_caption":"commencez avec un forfait gratuit","pricing_benefits":[{"text":"Sites Web illimit\u00e9s"},{"text":"Accompagnement professionnel"},{"text":"Assistance \u00e0 l'installation gratuite"},{"text":"Enti\u00e8rement personnalisable"}],"pricing_button_text":"Ajouter au site Web","pricing_button_url":"#demo"}],"related_apps_title":"","related_apps_hidden":"","author":"","image":[],"title":"","job":"","social_networks":[]},"_links":{"self":[{"href":"https:\/\/elfsight.com\/fr\/wp-json\/wp\/v2\/pages\/13660","targetHints":{"allow":["GET"]}}],"collection":[{"href":"https:\/\/elfsight.com\/fr\/wp-json\/wp\/v2\/pages"}],"about":[{"href":"https:\/\/elfsight.com\/fr\/wp-json\/wp\/v2\/types\/page"}],"author":[{"embeddable":true,"href":"https:\/\/elfsight.com\/fr\/wp-json\/wp\/v2\/users\/9"}],"replies":[{"embeddable":true,"href":"https:\/\/elfsight.com\/fr\/wp-json\/wp\/v2\/comments?post=13660"}],"version-history":[{"count":1,"href":"https:\/\/elfsight.com\/fr\/wp-json\/wp\/v2\/pages\/13660\/revisions"}],"predecessor-version":[{"id":13664,"href":"https:\/\/elfsight.com\/fr\/wp-json\/wp\/v2\/pages\/13660\/revisions\/13664"}],"up":[{"embeddable":true,"href":"https:\/\/elfsight.com\/fr\/wp-json\/wp\/v2\/pages\/7326"}],"wp:attachment":[{"href":"https:\/\/elfsight.com\/fr\/wp-json\/wp\/v2\/media?parent=13660"}],"curies":[{"name":"wp","href":"https:\/\/api.w.org\/{rel}","templated":true}]}}