{"id":13659,"date":"2024-05-03T06:40:39","date_gmt":"2024-05-03T06:40:39","guid":{"rendered":"https:\/\/elfsight.com\/fr\/?page_id=13659"},"modified":"2025-07-10T08:14:03","modified_gmt":"2025-07-10T08:14:03","slug":"google-sites","status":"publish","type":"page","link":"https:\/\/elfsight.com\/fr\/linkedin-feed-widget\/google-sites\/","title":{"rendered":"LinkedIn Feed &#8211; Google Sites"},"content":{"rendered":"<div class=\"application-platform-content-item-description application-platform-content-item\" id=\"description\" data-nav-section=\"description\"> <h2>Int\u00e9grez gratuitement le flux LinkedIn sur Google Sites !<\/h2> <p>Le widget Flux LinkedIn est sp\u00e9cialement con\u00e7u pour permettre aux entreprises de partager et de promouvoir leur contenu LinkedIn sur les sites Web Google Sites\u00a0: affichage de posts, visuels, vid\u00e9os, etc. L&rsquo;installation du widget prend quelques minutes\u00a0: aucune comp\u00e9tence en codage ou en programmation n&rsquo;est n\u00e9cessaire.<\/p> <p>Cr\u00e9ez un look qui refl\u00e8te l&rsquo;esth\u00e9tique de votre site Web. et exp\u00e9rimentez en testant des \u00e9l\u00e9ments de flux personnalis\u00e9s, des mod\u00e8les, des mises en page et des styles de publication. Ajoutez un effet contextuel en tant qu&rsquo;action post-clic pour attirer l&rsquo;attention des utilisateurs. Et enfin, profitez d&rsquo;une confiance accrue et d&rsquo;une image de marque bien \u00e9tablie dans le secteur.<\/p> <ul><li><strong>\u00c9levez votre potentiel de r\u00e9seautage avec la page d&rsquo;entreprise LinkedIn.<\/strong><br>\u00c9tablissez de nouvelles connexions dans le secteur. monde du commerce et augmentez le nombre de prospects en exploitant le contenu de votre profil LinkedIn.<\/li><li><strong>D\u00e9veloppez votre audience LinkedIn.<\/strong><br>Mettez en lumi\u00e8re votre pr\u00e9sence LinkedIn sur le site Web Google Sites. communaut\u00e9 et suscitez un int\u00e9r\u00eat significatif pour vos offres.<\/li><li><strong>Am\u00e9liorez l&rsquo;authenticit\u00e9 de votre entreprise.<\/strong><br>Ajoutez \u00e0 votre marque un boost suppl\u00e9mentaire de cr\u00e9dibilit\u00e9 et de fiabilit\u00e9 en pr\u00e9sentant l&rsquo;activit\u00e9 LinkedIn la plus r\u00e9cente directement sur la page du site Web.<\/li><\/ul><p><b>Ajoutez le widget de flux LinkedIn sans code sur le site Web de Google Sites pour renforcer la fiabilit\u00e9, mettre en valeur l&rsquo;authenticit\u00e9 et \u00e9tendre votre r\u00e9seau gr\u00e2ce \u00e0 une preuve sociale solide.<\/b><\/p> <div class=\"faq\" data-component=\"FAQ\"><div class=\"faq-item\">\r\n\t\t\t\t\t<div class=\"faq-item-question\">\r\n\t\t\t\t\t\t<h3 class=\"faq-item-question-text\">Existe-t-il d'autres outils pour Google Sites que je peux utiliser sur mon site Web ?<\/h3>\r\n\r\n\t\t\t\t\t\t<div class=\"faq-item-question-icon\"><\/div>\r\n\t\t\t\t\t<\/div>\r\n\r\n\t\t\t\t\t<div class=\"faq-item-answer\">\r\n\t\t\t\t\t\t<div class=\"faq-item-answer-text\"><p>Oui, bien s\u00fbr\u00a0! En tant qu&rsquo;utilisateur de Google Sites, Elfsight vous offre des tonnes d&rsquo;outils sans code \u00e0 ajouter \u00e0 un site Web, y compris le plugin LinkedIn Feed. Quel que soit votre type d\u2019entreprise ou votre niche au sein de l\u2019industrie, il existe toujours des opportunit\u00e9s de d\u00e9montrer vos atouts. Voici quelques possibilit\u00e9s\u00a0:<\/p><ul><li>Pour cr\u00e9er toute autre application de m\u00e9dias sociaux pour votre site Web Google\u00a0Sites, telle que le plug-in LinkedIn Feed, pensez \u00e0 utiliser <a href=\"https:\/\/elfsight. com\/pinterest-feed-widget\/\">Flux Pinterest<\/a> ou <a href=\"https:\/\/elfsight.com\/instagram-feed-instashow\/\">Flux Instagram<\/a> widget.<\/li> <li>Optez pour les <a href=\"https:\/\/elfsight.com\/all-in-one-reviews-widget\/\">Avis tout-en-un<\/a> ou <a href=\"https:\/ \/elfsight.com\/google-reviews-widget\/\">Plugin Google Reviews<\/a> pour afficher les pr\u00e9cieux commentaires des clients.<\/li><li>Int\u00e9grez le <a href=\"https:\/\/elfsight.com\/online- form-builder\/\">Plugin Form Builder<\/a> pour rationaliser la collecte des r\u00e9ponses et permettre les interactions des utilisateurs sur votre site Web Google\u00a0Sites.<\/li> <li>Ajoutez le <a href=\"https:\/\/elfsight.com\/countdown -timer-widget\/\">Widget Compte \u00e0 rebours<\/a> pour susciter l&rsquo;engagement et cr\u00e9er un sentiment de raret\u00e9 parmi le public.<\/li><\/ul><p>Et rappelez-vous, ce ne sont que quelques exemples. Explorez le reste de notre catalogue de widgets pour sites Web apr\u00e8s avoir impl\u00e9ment\u00e9 le plugin LinkedIn Feed sans code pour d\u00e9couvrir encore plus de fa\u00e7ons de r\u00e9pondre aux besoins de votre entreprise\u00a0!<\/p><\/div>\r\n\t\t\t\t\t<\/div>\r\n\t\t\t\t<\/div><div class=\"faq-item\">\r\n\t\t\t\t\t<div class=\"faq-item-question\">\r\n\t\t\t\t\t\t<h3 class=\"faq-item-question-text\">Comment int\u00e9grer le flux LinkedIn gratuitement sur Google Sites ?<\/h3>\r\n\r\n\t\t\t\t\t\t<div class=\"faq-item-question-icon\"><\/div>\r\n\t\t\t\t\t<\/div>\r\n\r\n\t\t\t\t\t<div class=\"faq-item-answer\">\r\n\t\t\t\t\t\t<div class=\"faq-item-answer-text\"><p>Pour ajouter gratuitement le flux LinkedIn \u00e0 votre site Web Google Sites, suivez les \u00e9tapes ci-dessous\u00a0:<\/p> <ol><li>Personnalisez l&rsquo;apparence du plug-in du flux LinkedIn en fonction de votre style. <\/li><li>Connectez-vous \u00e0 votre tableau de bord Elfsight ou cr\u00e9ez un compte gratuit.<\/li><li>Obtenez le code unique du widget \u00e0 int\u00e9grer.<\/li><li>Acc\u00e9dez \u00e0 votre site Web Google Sites.<\/li><li> li&gt;<li>Ins\u00e9rez le code dans l&rsquo;\u00e9diteur de votre site Web Google Sites pour ajouter le plugin LinkedIn Feed. Vous avez termin\u00e9 !<\/li><\/ol><p>Comme on peut le voir, il n&rsquo;est pas n\u00e9cessaire de ma\u00eetriser l&rsquo;\u00e9criture de code pour embarquer le plugin. Cr\u00e9ez facilement le widget de flux LinkedIn sans code pour un site Web Google Sites et profitez des nombreux avantages qui s&rsquo;offrent \u00e0 vous tout en \u00e9largissant votre port\u00e9e.<\/p><\/div>\r\n\t\t\t\t\t<\/div>\r\n\t\t\t\t<\/div><div class=\"faq-item\">\r\n\t\t\t\t\t<div class=\"faq-item-question\">\r\n\t\t\t\t\t\t<h3 class=\"faq-item-question-text\">Dois-je savoir coder ou avez-vous des comp\u00e9tences en programmation pour ajouter le flux LinkedIn \u00e0 Google Sites ?<\/h3>\r\n\r\n\t\t\t\t\t\t<div class=\"faq-item-question-icon\"><\/div>\r\n\t\t\t\t\t<\/div>\r\n\r\n\t\t\t\t\t<div class=\"faq-item-answer\">\r\n\t\t\t\t\t\t<div class=\"faq-item-answer-text\"><p>Non, ce n&rsquo;est pas le cas. Aucune comp\u00e9tence pr\u00e9alable en codage n\u2019est requise du tout. Vous disposez de toutes les capacit\u00e9s n\u00e9cessaires pour cr\u00e9er et ajouter le widget Flux LinkedIn \u00e0 votre site Web Google Sites, quelle que soit votre connaissance ou votre exp\u00e9rience du code.<\/p> <\/div>\r\n\t\t\t\t\t<\/div>\r\n\t\t\t\t<\/div><\/div><div class=\"application-platform-content-item-features application-platform-content-item\" id=\"features\" data-nav-section=\"features\"><\/div> <h2> Consultez la liste des meilleures fonctionnalit\u00e9s\u00a0:<\/h2> <ul><li>Affichez toutes sortes de contenus LinkedIn sur votre site Web\u00a0: articles de blog, photos, vid\u00e9os, etc.<\/li><li>Regroupez les publications du fil par mots-cl\u00e9s, hashtags ou filtres d&rsquo;URL.<\/li><li>Ajoutez des boutons d&rsquo;appel \u00e0 l&rsquo;action pour augmenter les chiffres sur le flux de votre entreprise LinkedIn.<\/li><li>Mode contextuel dynamique pour attirer l&rsquo;attention des gens sur votre contenu LinkedIn.<\/li><li>Personnalisation sans code avec param\u00e8tres de conception avanc\u00e9s\u00a0: mod\u00e8les pr\u00e9con\u00e7us, g\u00e9n\u00e9rateur de sch\u00e9mas de couleurs, cinq mises en page accessibles, styles de publication, CSS personnalis\u00e9, et bien plus encore.<\/li><\/ul><p><a href=\"#demo\">Vous pouvez d\u00e9couvrir le fonctionnement du widget en essayant la d\u00e9mo<\/a><\/p> <\/div> <div class=\"application-platform-content-item-installation application-platform-content-item\" id=\"installation\" data-nav-section=\"installation\"> <h2>Comment int\u00e9grer le flux LinkedIn \u00e0 mon Site Web Google Sites\u00a0?<\/h2> <p>Pour int\u00e9grer le plug-in de flux LinkedIn sans code sur votre site Web Google Sites, effectuez les actions suivantes\u00a0:<\/p> <ol><li><b>Ouvrez notre \u00e9diteur gratuit et d\u00e9marrez formant votre plugin de flux LinkedIn personnalis\u00e9.<\/b><br> Sp\u00e9cifiez la conception personnalis\u00e9e et les param\u00e8tres du widget et appliquez les modifications.<\/li> <li><b>Obtenez votre code personnel qui est affich\u00e9 dans le formulaire sp\u00e9cial sur Applications Elfsight.<\/b><br> Juste apr\u00e8s la cr\u00e9ation de votre outil personnel, copiez le code d&rsquo;int\u00e9gration personnel dans la zone qui appara\u00eet et enregistrez-le pour vos besoins futurs.<\/li> <li><b>Commencez \u00e0 utiliser les applications Elfsight.<\/b><br> plug-in sur votre site Web Google Sites.<\/b><br> Ajoutez le code que vous avez enregistr\u00e9 auparavant \u00e0 votre site Web et enregistrez les modifications.<\/li> <li><b>La configuration est termin\u00e9e avec succ\u00e8s.<\/b> <br> Rendez-vous sur votre site Web pour v\u00e9rifier le fonctionnement du plugin LinkedIn Feed.<\/li><\/ol> <p>Si vous rencontrez des difficult\u00e9s pour ajouter le widget, n&rsquo;h\u00e9sitez pas \u00e0 contacter notre service client. personnel. Nos consultants ont h\u00e2te de r\u00e9pondre \u00e0 toutes vos questions gr\u00e2ce au widget de flux LinkedIn sans code pour les sites Web Google Sites.<\/p> <\/div>","protected":false},"excerpt":{"rendered":"","protected":false},"author":9,"featured_media":0,"parent":7326,"menu_order":0,"comment_status":"closed","ping_status":"closed","template":"templates\/template-application-platform.php","meta":{"publish_to_discourse":"","publish_post_category":"","wpdc_auto_publish_overridden":"","wpdc_topic_tags":"","wpdc_pin_topic":"","wpdc_pin_until":"","discourse_post_id":"","discourse_permalink":"","wpdc_publishing_response":"","wpdc_publishing_error":"","footnotes":""},"class_list":["post-13659","page","type-page","status-publish","hentry"],"yoast_head":"<!-- This site is optimized with the Yoast SEO plugin v25.3.1 - https:\/\/yoast.com\/wordpress\/plugins\/seo\/ -->\n<title>LinkedIn Feed - Ajoutez le plugin Feed \u00e0 Google Sites [gratuitement\u00a0!]<\/title>\n<meta name=\"description\" content=\"Int\u00e9grez le plugin LinkedIn Feed sans codage sur votre site Web Google Sites. Cr\u00e9ez votre widget \u00e0 l&#039;aide d&#039;une d\u00e9mo en direct et de mod\u00e8les pr\u00e9d\u00e9finis pour disposer d&#039;une solide preuve sociale.\" \/>\n<meta name=\"robots\" content=\"index, follow, max-snippet:-1, max-image-preview:large, max-video-preview:-1\" \/>\n<link rel=\"canonical\" href=\"https:\/\/elfsight.com\/fr\/linkedin-feed-widget\/google-sites\/\" \/>\n<meta property=\"og:locale\" content=\"fr_FR\" \/>\n<meta property=\"og:type\" content=\"article\" \/>\n<meta property=\"og:title\" content=\"LinkedIn Feed - Ajoutez le plugin Feed \u00e0 Google Sites [gratuitement\u00a0!]\" \/>\n<meta property=\"og:description\" content=\"Int\u00e9grez le plugin LinkedIn Feed sans codage sur votre site Web Google Sites. Cr\u00e9ez votre widget \u00e0 l&#039;aide d&#039;une d\u00e9mo en direct et de mod\u00e8les pr\u00e9d\u00e9finis pour disposer d&#039;une solide preuve sociale.\" \/>\n<meta property=\"og:url\" content=\"https:\/\/elfsight.com\/fr\/linkedin-feed-widget\/google-sites\/\" \/>\n<meta property=\"og:site_name\" content=\"Elfsight FR\" \/>\n<meta property=\"article:modified_time\" content=\"2025-07-10T08:14:03+00:00\" \/>\n<meta name=\"twitter:card\" content=\"summary_large_image\" \/>\n<meta name=\"twitter:label1\" content=\"Dur\u00e9e de lecture estim\u00e9e\" \/>\n\t<meta name=\"twitter:data1\" content=\"5 minutes\" \/>\n<!-- \/ Yoast SEO plugin. -->","yoast_head_json":{"title":"LinkedIn Feed - Ajoutez le plugin Feed \u00e0 Google Sites [gratuitement\u00a0!]","description":"Int\u00e9grez le plugin LinkedIn Feed sans codage sur votre site Web Google Sites. Cr\u00e9ez votre widget \u00e0 l'aide d'une d\u00e9mo en direct et de mod\u00e8les pr\u00e9d\u00e9finis pour disposer d'une solide preuve sociale.","robots":{"index":"index","follow":"follow","max-snippet":"max-snippet:-1","max-image-preview":"max-image-preview:large","max-video-preview":"max-video-preview:-1"},"canonical":"https:\/\/elfsight.com\/fr\/linkedin-feed-widget\/google-sites\/","og_locale":"fr_FR","og_type":"article","og_title":"LinkedIn Feed - Ajoutez le plugin Feed \u00e0 Google Sites [gratuitement\u00a0!]","og_description":"Int\u00e9grez le plugin LinkedIn Feed sans codage sur votre site Web Google Sites. Cr\u00e9ez votre widget \u00e0 l'aide d'une d\u00e9mo en direct et de mod\u00e8les pr\u00e9d\u00e9finis pour disposer d'une solide preuve sociale.","og_url":"https:\/\/elfsight.com\/fr\/linkedin-feed-widget\/google-sites\/","og_site_name":"Elfsight FR","article_modified_time":"2025-07-10T08:14:03+00:00","twitter_card":"summary_large_image","twitter_misc":{"Dur\u00e9e de lecture estim\u00e9e":"5 minutes"},"schema":{"@context":"https:\/\/schema.org","@graph":[{"@type":"WebPage","@id":"https:\/\/elfsight.com\/fr\/linkedin-feed-widget\/google-sites\/","url":"https:\/\/elfsight.com\/fr\/linkedin-feed-widget\/google-sites\/","name":"LinkedIn Feed - Ajoutez le plugin Feed \u00e0 Google Sites [gratuitement\u00a0!]","isPartOf":{"@id":"https:\/\/elfsight.com\/fr\/#website"},"datePublished":"2024-05-03T06:40:39+00:00","dateModified":"2025-07-10T08:14:03+00:00","description":"Int\u00e9grez le plugin LinkedIn Feed sans codage sur votre site Web Google Sites. Cr\u00e9ez votre widget \u00e0 l'aide d'une d\u00e9mo en direct et de mod\u00e8les pr\u00e9d\u00e9finis pour disposer d'une solide preuve sociale.","breadcrumb":{"@id":"https:\/\/elfsight.com\/fr\/linkedin-feed-widget\/google-sites\/#breadcrumb"},"inLanguage":"fr-FR","potentialAction":[{"@type":"ReadAction","target":["https:\/\/elfsight.com\/fr\/linkedin-feed-widget\/google-sites\/"]}]},{"@type":"BreadcrumbList","@id":"https:\/\/elfsight.com\/fr\/linkedin-feed-widget\/google-sites\/#breadcrumb","itemListElement":[{"@type":"ListItem","position":1,"name":"Home","item":"https:\/\/elfsight.com\/fr\/"},{"@type":"ListItem","position":2,"name":"LinkedIn Feed","item":"https:\/\/elfsight.com\/fr\/linkedin-feed-widget\/"},{"@type":"ListItem","position":3,"name":"LinkedIn Feed &#8211; Google Sites"}]},{"@type":"WebSite","@id":"https:\/\/elfsight.com\/fr\/#website","url":"https:\/\/elfsight.com\/fr\/","name":"Elfsight FR","description":"","potentialAction":[{"@type":"SearchAction","target":{"@type":"EntryPoint","urlTemplate":"https:\/\/elfsight.com\/fr\/?s={search_term_string}"},"query-input":{"@type":"PropertyValueSpecification","valueRequired":true,"valueName":"search_term_string"}}],"inLanguage":"fr-FR"}]}},"meta_box":{"industry":"","seo_heading":"","heading":"","description":"","cta_heading":"","cta_description":"","application":"7313","h1":"Comment int\u00e9grer gratuitement le flux LinkedIn sur Google Sites\u00a0!","h1_caption":"Affichez les publications de votre profil LinkedIn ou de votre page d'entreprise sur votre site Web, am\u00e9liorant ainsi votre pr\u00e9sence professionnelle en ligne sur vos sites Google sans effort.","application_category":[],"applications_title":"","applications_request_title":"","applications_request_button_text":"","hero_text":"","hero_video":"","hero_video_schema_markup":"","selling_points_title":"","selling_points_caption":"","selling_points":[],"selling_points_cta_text":"","features_title":"","features":"","ed_cta_examples_text":"","ed_cta_examples_hidden":"","ed_cta_demo_text":"","ed_cta_demo_hidden":"","why_caption":"","why_editor_title":"","why_editor_text":"","why_team_title":"","why_team_text":"","why_service_title":"","why_service_text":"","template_catalog_visible":"","template_catalog_title":"","template_catalog_text":"","template_catalog_categories_visible":"","demo_title":"Cr\u00e9ez votre widget de flux LinkedIn","demo_caption":"Configurez votre flux LinkedIn et ajoutez-le gratuitement \u00e0 votre site Web Google Sites !","default_faq_hidden":"","app_template_category":[],"platform":"423","template_public_id":"","codecanyon_url":"","codecanyon_item_id":"","codecanyon_price":"","pricing_caption":"","pricing_elfsight_apps_hide_column":"","pricing_elfsight_apps_url":"","pricing_codecanyon_price_caption":"","integration_category":[],"integration_request_title":"","integration_request_cta":"","integration_platform":"","integrations":[],"platform_category":[],"video_schema_markup":"","price":"\u00e0 partir de 0$ \/ mois","trial":"","benefits":[{"text":"Assistance \u00e0 l'installation gratuite"},{"text":"Assistance premium"},{"text":"Garantie de remboursement de 14 jours"},{"text":"Futures mises \u00e0 jour gratuites"}],"button_url":"#demo","button_target_blank":"","button_nofollow":"","attributes":[{"name":"Installations","content":"10,000 - 100,000"},{"name":"Sensible","content":"Oui"},{"name":"Navigateurs compatibles","content":"Firefox, Safari, Opera, Chrome, Edge"}],"tags":[],"tags_disable_links":"","hide_more_platforms":"","video_object":"","demo_hide_cta":"","demo_hide_cloud_options":"","pricing_title":"","pricing":[{"pricing_icon":"platform","pricing_title":"Elfsight Apps","pricing_title_caption":"Logiciel multiplateforme adapt\u00e9 \u00e0 n'importe quel site Web","pricing_price":"from $0 \/ month","pricing_price_caption":"commencez avec un forfait gratuit","pricing_benefits":[{"text":"Sites Web illimit\u00e9s"},{"text":"Assistance premium et ponctuelle"},{"text":"Assistance \u00e0 l'installation gratuite"},{"text":"Enti\u00e8rement personnalisable"}],"pricing_button_text":"Ajouter au site Web","pricing_button_url":"#demo"}],"related_apps_title":"","related_apps_hidden":"","author":"","image":[],"title":"","job":"","social_networks":[]},"_links":{"self":[{"href":"https:\/\/elfsight.com\/fr\/wp-json\/wp\/v2\/pages\/13659","targetHints":{"allow":["GET"]}}],"collection":[{"href":"https:\/\/elfsight.com\/fr\/wp-json\/wp\/v2\/pages"}],"about":[{"href":"https:\/\/elfsight.com\/fr\/wp-json\/wp\/v2\/types\/page"}],"author":[{"embeddable":true,"href":"https:\/\/elfsight.com\/fr\/wp-json\/wp\/v2\/users\/9"}],"replies":[{"embeddable":true,"href":"https:\/\/elfsight.com\/fr\/wp-json\/wp\/v2\/comments?post=13659"}],"version-history":[{"count":1,"href":"https:\/\/elfsight.com\/fr\/wp-json\/wp\/v2\/pages\/13659\/revisions"}],"predecessor-version":[{"id":13663,"href":"https:\/\/elfsight.com\/fr\/wp-json\/wp\/v2\/pages\/13659\/revisions\/13663"}],"up":[{"embeddable":true,"href":"https:\/\/elfsight.com\/fr\/wp-json\/wp\/v2\/pages\/7326"}],"wp:attachment":[{"href":"https:\/\/elfsight.com\/fr\/wp-json\/wp\/v2\/media?parent=13659"}],"curies":[{"name":"wp","href":"https:\/\/api.w.org\/{rel}","templated":true}]}}