{"id":13654,"date":"2024-05-03T06:40:38","date_gmt":"2024-05-03T06:40:38","guid":{"rendered":"https:\/\/elfsight.com\/fr\/?page_id=13654"},"modified":"2024-11-08T13:54:44","modified_gmt":"2024-11-08T13:54:44","slug":"elementor","status":"publish","type":"page","link":"https:\/\/elfsight.com\/fr\/linkedin-feed-widget\/elementor\/","title":{"rendered":"LinkedIn Feed &#8211; Elementor"},"content":{"rendered":"\n<div class=\"application-platform-content-item-description application-platform-content-item\" id=\"description\" data-nav-section=\"description\"> \n<h2>Int\u00e9grez LinkedIn Feed sur Elementor gratuitement !<\/h2> \n<p>Le plugin LinkedIn Feed est l&rsquo;outil id\u00e9al pour les entreprises pour diffuser et promouvoir leur contenu LinkedIn sur les sites Web Elementor : affichez des publications, ajoutez des photos, publiez des vid\u00e9os, etc. L&rsquo;installation du widget prend quelques secondes : il n&rsquo;y a pas besoin de codage ou de comp\u00e9tences techniques.<\/p> \n<p>Cr\u00e9ez une apparence qui refl\u00e8te les besoins de votre site Web et suivez les tendances en m\u00e9langeant les attributs de flux personnalis\u00e9s, les mod\u00e8les, les mises en page et les styles de publication. Ajoutez un effet contextuel comme action post-clic pour attirer l&rsquo;attention des utilisateurs. Enfin, b\u00e9n\u00e9ficiez d&rsquo;une cr\u00e9dibilit\u00e9 accrue et d&rsquo;un meilleur taux d&rsquo;engagement.<\/p> \n<ul>\n    <li><strong>Renforcez vos canaux de r\u00e9seautage avec la page d&rsquo;entreprise LinkedIn.<\/strong><br>D\u00e9veloppez de nouvelles relations dans le monde professionnel et d\u00e9veloppez le num\u00e9ro de prospect en utilisant le contenu de votre profil LinkedIn.<\/li>\n    <li><strong>D\u00e9veloppez votre base d&rsquo;audience LinkedIn.<\/strong><br>Mettez en valeur votre pr\u00e9sence LinkedIn au sein de la communaut\u00e9 du site Web Elementor et suscitez un vif int\u00e9r\u00eat pour vos services.<\/li>\n    <li><strong>Rendez votre entreprise plus authentique.<\/strong><br>Ajoutez une couche suppl\u00e9mentaire de cr\u00e9dibilit\u00e9 et de fiabilit\u00e9 \u00e0 votre marque en pr\u00e9sentant l&rsquo;activit\u00e9 LinkedIn la plus r\u00e9cente directement sur la page du site Web.<\/li>\n<\/ul>\n<p><b>Int\u00e9grez le widget de flux LinkedIn sans code sur le site Web Elementor pour \u00e9tablir la fiabilit\u00e9, amplifier l&rsquo;authenticit\u00e9 et \u00e9tendre votre r\u00e9seau gr\u00e2ce \u00e0 une validation sociale convaincante.<\/b><\/p> \n<div class=\"faq\" data-component=\"FAQ\">\n<div class=\"faq-item\">\r\n\t\t\t\t\t<div class=\"faq-item-question\">\r\n\t\t\t\t\t\t<h3 class=\"faq-item-question-text\">Existe-t-il d'autres outils pour Elementor que je peux utiliser sur mon site Web ?<\/h3>\r\n\r\n\t\t\t\t\t\t<div class=\"faq-item-question-icon\"><\/div>\r\n\t\t\t\t\t<\/div>\r\n\r\n\t\t\t\t\t<div class=\"faq-item-answer\">\r\n\t\t\t\t\t\t<div class=\"faq-item-answer-text\">\n<p>Oui, bien s\u00fbr\u00a0! En tant qu&rsquo;utilisateur du site Web Elementor, vous obtenez des tonnes d&rsquo;outils sans code \u00e0 ajouter depuis Elfsight, y compris le plugin LinkedIn Feed. Quel que soit votre secteur d\u2019activit\u00e9 ou votre niche sp\u00e9cifique, il est toujours avantageux de rechercher des opportunit\u00e9s pour afficher vos points forts. Consid\u00e9rez les possibilit\u00e9s suivantes\u00a0:<\/p>\n<ul>\n    <li>Pour cr\u00e9er toute autre application de m\u00e9dias sociaux pour votre site Web Elementor, pensez \u00e0 utiliser le <a href=\"https:\/\/elfsight.com\/pinterest-feed-widget\/\">Flux Pinterest<\/a> ou <a href=\"https:\/\/elfsight.com\/instagram-feed-instashow\/\">Flux Instagram<\/a> \u00e0 c\u00f4t\u00e9 du flux LinkedIn.<\/li>\n    <li>Optez pour les <a href=\"https:\/\/elfsight.com\/all-in-one-reviews-widget\/\">Avis tout-en-un<\/a> ou <a href=\"https:\/\/elfsight.com\/google-reviews-widget\/\">Plugin Google Reviews<\/a> pour afficher les commentaires des clients.<\/li>\n    <li>Int\u00e9grez le <a href=\"https:\/\/elfsight.com\/online-form-builder\/\"> Widget Form Builder<\/a> pour recueillir les r\u00e9ponses et faciliter la communication avec vos utilisateurs Elementor.<\/li>\n    <li>Ajoutez le <a href=\"https:\/\/elfsight.com\/countdown-timer-widget\/\">compte \u00e0 rebours <\/a> pour g\u00e9n\u00e9rer de l&rsquo;engagement et cr\u00e9er un sentiment d&rsquo;urgence parmi le public.<\/li>\n<\/ul>\n<p>N&rsquo;oubliez pas que ces exemples ne sont que le d\u00e9but de la vaste gamme d&rsquo;ajouts qui peuvent couvrir les besoins de votre entreprise. Commencez avec le plugin LinkedIn Feed et explorez plus tard la vaste collection de widgets pour sites Web de notre catalogue\u00a0!<\/p>\n<\/div>\r\n\t\t\t\t\t<\/div>\r\n\t\t\t\t<\/div>\n<div class=\"faq-item\">\r\n\t\t\t\t\t<div class=\"faq-item-question\">\r\n\t\t\t\t\t\t<h3 class=\"faq-item-question-text\">Comment int\u00e9grer LinkedIn Feed gratuitement sur Elementor ?<\/h3>\r\n\r\n\t\t\t\t\t\t<div class=\"faq-item-question-icon\"><\/div>\r\n\t\t\t\t\t<\/div>\r\n\r\n\t\t\t\t\t<div class=\"faq-item-answer\">\r\n\t\t\t\t\t\t<div class=\"faq-item-answer-text\">\n<p>Pour ajouter le widget de flux LinkedIn sans code sur votre site Web Elementor gratuitement, suivez les \u00e9tapes ci-dessous\u00a0:<\/p> \n<ol>\n    <li>Personnalisez l&rsquo;apparence du widget de flux LinkedIn en fonction de vos pr\u00e9f\u00e9rences.<\/li>\n    <li>Journal dans votre tableau de bord Elfsight ou enregistrez un profil gratuit.<\/li>\n    <li>Obtenez le code d&rsquo;int\u00e9gration g\u00e9n\u00e9r\u00e9 automatiquement.<\/li>\n    <li>Acc\u00e9dez \u00e0 votre site Web Elementor.<\/li>\n    <li>Ins\u00e9rez le code dans votre constructeur de site Web Elementor pour ajouter le widget LinkedIn Feed. Termin\u00e9\u00a0!<\/li>\n<\/ol>\n<p>Comme le montre le contexte, il n&rsquo;est pas n\u00e9cessaire de ma\u00eetriser l&rsquo;\u00e9criture de code pour int\u00e9grer le plugin. Cr\u00e9ez facilement le widget de flux LinkedIn sans code pour un site Web Elementor et profitez des nombreux avantages li\u00e9s \u00e0 l&rsquo;extension de votre port\u00e9e.<\/p>\n<\/div>\r\n\t\t\t\t\t<\/div>\r\n\t\t\t\t<\/div>\n<div class=\"faq-item\">\r\n\t\t\t\t\t<div class=\"faq-item-question\">\r\n\t\t\t\t\t\t<h3 class=\"faq-item-question-text\">Dois-je savoir coder ou avoir de la programmation comp\u00e9tences pour ajouter le plugin LinkedIn Feed \u00e0 Elementor ?<\/h3>\r\n\r\n\t\t\t\t\t\t<div class=\"faq-item-question-icon\"><\/div>\r\n\t\t\t\t\t<\/div>\r\n\r\n\t\t\t\t\t<div class=\"faq-item-answer\">\r\n\t\t\t\t\t\t<div class=\"faq-item-answer-text\">\n<p>Non, vous n&rsquo;\u00eates pas oblig\u00e9 de les avoir. Toute comp\u00e9tence pr\u00e9alable en codage est inutile. Vous pouvez cr\u00e9er et ajouter le plugin LinkedIn Feed \u00e0 votre site Web Elementor sans aucune exp\u00e9rience sp\u00e9cifique en mati\u00e8re de contexte ou de code.<\/p>\n<\/div>\r\n\t\t\t\t\t<\/div>\r\n\t\t\t\t<\/div>\n<\/div>\n<\/div>\n\n<div class=\"application-platform-content-item-features application-platform-content-item\" id=\"features\" data-nav-section=\"features\"> \n<h2>Le plugin offre des fonctionnalit\u00e9s utiles et simples, consultez-en quelques-unes\u00a0:<\/h2> \n<ul>\n    <li>Ajoutez diverses formes de contenu\u00a0: articles de blog, photos, vid\u00e9os, etc.<\/li>\n    <li>Triez les publications du fil par mots-cl\u00e9s, hashtags ou des filtres d&rsquo;URL.<\/li>\n    <li>Boutons d&rsquo;appel \u00e0 l&rsquo;action pour augmenter l&rsquo;engagement sur le flux LinkedIn de votre entreprise.<\/li>\n    <li>Effet popup dynamique pour attirer l&rsquo;attention des gens sur votre contenu LinkedIn.<\/li> \n    <li>Personnalisation avanc\u00e9e sans avoir besoin de coder\u00a0: mod\u00e8les pr\u00eats \u00e0 l&#8217;emploi, g\u00e9n\u00e9rateur de sch\u00e9mas de couleurs, cinq mises en page tendance, styles de publication, CSS personnalis\u00e9, et bien plus encore.<\/li>\n<\/ul>\n<p><a href=\"#demo\">Testez toutes les fonctionnalit\u00e9s de personnalisation dans une d\u00e9mo 100% fonctionnelle<\/a><\/p>\n<\/div>\n\n<div class=\"application-platform-content-item-installation application-platform-content-item\" id=\"installation\" data-nav-section=\"installation\"> \n<h2>Comment int\u00e9grer le flux LinkedIn dans mon site Elementor ?<\/h2> \n<p>Si vous souhaitez ajouter le flux LinkedIn sans code \u00e0 votre site Web Elementor, suivez les \u00e9tapes suivantes\u00a0:<\/p> \n<ol>\n    <li><b>Ouvrez notre d\u00e9mo gratuite et commencez \u00e0 fa\u00e7onner votre flux LinkedIn unique.<\/b><br> Sp\u00e9cifiez l&rsquo;interface et les fonctionnalit\u00e9s pr\u00e9f\u00e9r\u00e9es du widget et appliquez les modifications.<\/li> \n    <li><b>Obtenez votre code unique qui appara\u00eet dans la bo\u00eete sur les applications Elfsight.<\/b><br> Juste une fois la configuration de votre widget personnel termin\u00e9e, copiez le code personnel dans la fen\u00eatre contextuelle qui appara\u00eet et enregistrez-le pour une utilisation future.<\/li> \n    <li><b>Ajoutez le widget \u00e0 votre site Web Elementor.<\/b><br> \u0418\u043d\u0441\u0442allez le \u043a\u043e\u0434 \u043d\u0430 votre site \u0438 \u043f\u0440\u043e\u0432\u0435\u0440\u044c\u0442\u0435.<\/li> \n    <li><b>L&rsquo;installation est enti\u00e8rement effectu\u00e9e.<\/b><br> Acc\u00e9dez \u00e0 votre site Web pour examiner comment LinkedIn Le plugin Feed fonctionne.<\/li>\n<\/ol> \n<p>Si vous rencontrez des questions ou rencontrez des difficult\u00e9s avec le processus d&rsquo;int\u00e9gration, n&rsquo;h\u00e9sitez pas \u00e0 faire appel \u00e0 notre \u00e9quipe d&rsquo;assistance. Nos collaborateurs se feront un plaisir de vous aider avec tous les probl\u00e8mes que vous pourriez rencontrer avec le plugin LinkedIn Feed sans code pour les sites Web Elementor.<\/p> \n<\/div>\n\n","protected":false},"excerpt":{"rendered":"","protected":false},"author":9,"featured_media":0,"parent":7326,"menu_order":0,"comment_status":"closed","ping_status":"closed","template":"templates\/template-application-platform.php","meta":{"publish_to_discourse":"","publish_post_category":"","wpdc_auto_publish_overridden":"","wpdc_topic_tags":"","wpdc_pin_topic":"","wpdc_pin_until":"","discourse_post_id":"","discourse_permalink":"","wpdc_publishing_response":"","wpdc_publishing_error":"","footnotes":""},"class_list":["post-13654","page","type-page","status-publish","hentry"],"yoast_head":"<!-- This site is optimized with the Yoast SEO plugin v25.3.1 - https:\/\/yoast.com\/wordpress\/plugins\/seo\/ -->\n<title>Flux LinkedIn - Ajoutez un widget de flux \u00e0 Elementor [gratuitement\u00a0!]<\/title>\n<meta name=\"description\" content=\"Int\u00e9grez le widget LinkedIn Feed sans codage sur votre site Web Elementor. Cr\u00e9ez votre plugin \u00e0 l&#039;aide d&#039;une d\u00e9mo en direct et de mod\u00e8les pr\u00e9d\u00e9finis pour disposer d&#039;une solide preuve sociale.\" \/>\n<meta name=\"robots\" content=\"index, follow, max-snippet:-1, max-image-preview:large, max-video-preview:-1\" \/>\n<link rel=\"canonical\" href=\"https:\/\/elfsight.com\/fr\/linkedin-feed-widget\/elementor\/\" \/>\n<meta property=\"og:locale\" content=\"fr_FR\" \/>\n<meta property=\"og:type\" content=\"article\" \/>\n<meta property=\"og:title\" content=\"Flux LinkedIn - Ajoutez un widget de flux \u00e0 Elementor [gratuitement\u00a0!]\" \/>\n<meta property=\"og:description\" content=\"Int\u00e9grez le widget LinkedIn Feed sans codage sur votre site Web Elementor. Cr\u00e9ez votre plugin \u00e0 l&#039;aide d&#039;une d\u00e9mo en direct et de mod\u00e8les pr\u00e9d\u00e9finis pour disposer d&#039;une solide preuve sociale.\" \/>\n<meta property=\"og:url\" content=\"https:\/\/elfsight.com\/fr\/linkedin-feed-widget\/elementor\/\" \/>\n<meta property=\"og:site_name\" content=\"Elfsight FR\" \/>\n<meta property=\"article:modified_time\" content=\"2024-11-08T13:54:44+00:00\" \/>\n<meta name=\"twitter:card\" content=\"summary_large_image\" \/>\n<meta name=\"twitter:label1\" content=\"Dur\u00e9e de lecture estim\u00e9e\" \/>\n\t<meta name=\"twitter:data1\" content=\"5 minutes\" \/>\n<!-- \/ Yoast SEO plugin. -->","yoast_head_json":{"title":"Flux LinkedIn - Ajoutez un widget de flux \u00e0 Elementor [gratuitement\u00a0!]","description":"Int\u00e9grez le widget LinkedIn Feed sans codage sur votre site Web Elementor. Cr\u00e9ez votre plugin \u00e0 l'aide d'une d\u00e9mo en direct et de mod\u00e8les pr\u00e9d\u00e9finis pour disposer d'une solide preuve sociale.","robots":{"index":"index","follow":"follow","max-snippet":"max-snippet:-1","max-image-preview":"max-image-preview:large","max-video-preview":"max-video-preview:-1"},"canonical":"https:\/\/elfsight.com\/fr\/linkedin-feed-widget\/elementor\/","og_locale":"fr_FR","og_type":"article","og_title":"Flux LinkedIn - Ajoutez un widget de flux \u00e0 Elementor [gratuitement\u00a0!]","og_description":"Int\u00e9grez le widget LinkedIn Feed sans codage sur votre site Web Elementor. Cr\u00e9ez votre plugin \u00e0 l'aide d'une d\u00e9mo en direct et de mod\u00e8les pr\u00e9d\u00e9finis pour disposer d'une solide preuve sociale.","og_url":"https:\/\/elfsight.com\/fr\/linkedin-feed-widget\/elementor\/","og_site_name":"Elfsight FR","article_modified_time":"2024-11-08T13:54:44+00:00","twitter_card":"summary_large_image","twitter_misc":{"Dur\u00e9e de lecture estim\u00e9e":"5 minutes"},"schema":{"@context":"https:\/\/schema.org","@graph":[{"@type":"WebPage","@id":"https:\/\/elfsight.com\/fr\/linkedin-feed-widget\/elementor\/","url":"https:\/\/elfsight.com\/fr\/linkedin-feed-widget\/elementor\/","name":"Flux LinkedIn - Ajoutez un widget de flux \u00e0 Elementor [gratuitement\u00a0!]","isPartOf":{"@id":"https:\/\/elfsight.com\/fr\/#website"},"datePublished":"2024-05-03T06:40:38+00:00","dateModified":"2024-11-08T13:54:44+00:00","description":"Int\u00e9grez le widget LinkedIn Feed sans codage sur votre site Web Elementor. Cr\u00e9ez votre plugin \u00e0 l'aide d'une d\u00e9mo en direct et de mod\u00e8les pr\u00e9d\u00e9finis pour disposer d'une solide preuve sociale.","breadcrumb":{"@id":"https:\/\/elfsight.com\/fr\/linkedin-feed-widget\/elementor\/#breadcrumb"},"inLanguage":"fr-FR","potentialAction":[{"@type":"ReadAction","target":["https:\/\/elfsight.com\/fr\/linkedin-feed-widget\/elementor\/"]}]},{"@type":"BreadcrumbList","@id":"https:\/\/elfsight.com\/fr\/linkedin-feed-widget\/elementor\/#breadcrumb","itemListElement":[{"@type":"ListItem","position":1,"name":"Home","item":"https:\/\/elfsight.com\/fr\/"},{"@type":"ListItem","position":2,"name":"LinkedIn Feed","item":"https:\/\/elfsight.com\/fr\/linkedin-feed-widget\/"},{"@type":"ListItem","position":3,"name":"LinkedIn Feed &#8211; Elementor"}]},{"@type":"WebSite","@id":"https:\/\/elfsight.com\/fr\/#website","url":"https:\/\/elfsight.com\/fr\/","name":"Elfsight FR","description":"","potentialAction":[{"@type":"SearchAction","target":{"@type":"EntryPoint","urlTemplate":"https:\/\/elfsight.com\/fr\/?s={search_term_string}"},"query-input":{"@type":"PropertyValueSpecification","valueRequired":true,"valueName":"search_term_string"}}],"inLanguage":"fr-FR"}]}},"meta_box":{"industry":"","seo_heading":"","heading":"","description":"","cta_heading":"","cta_description":"","application":"7313","h1":"Comment int\u00e9grer gratuitement le flux LinkedIn sur Elementor\u00a0!","h1_caption":"Affichez les publications de votre profil LinkedIn ou de votre page d'entreprise sur votre site Web, am\u00e9liorant ainsi votre pr\u00e9sence professionnelle en ligne sur votre site Web Elementor sans effort.","application_category":[],"applications_title":"","applications_request_title":"","applications_request_button_text":"","hero_text":"","hero_video":"","hero_video_schema_markup":"","selling_points_title":"","selling_points_caption":"","selling_points":[],"selling_points_cta_text":"","features_title":"","features":"","ed_cta_examples_text":"","ed_cta_examples_hidden":"","ed_cta_demo_text":"","ed_cta_demo_hidden":"","why_caption":"","why_editor_title":"","why_editor_text":"","why_team_title":"","why_team_text":"","why_service_title":"","why_service_text":"","template_catalog_visible":"0","template_catalog_title":"","template_catalog_text":"","template_catalog_categories_visible":"","demo_title":"Cr\u00e9ez votre widget de flux LinkedIn","demo_caption":"Configurez votre flux LinkedIn et ajoutez-le \u00e0 votre site Web Elementor gratuitement !","default_faq_hidden":"","app_template_category":[],"platform":"385","template_public_id":"","codecanyon_url":"","codecanyon_item_id":"","codecanyon_price":"","pricing_caption":"","pricing_elfsight_apps_hide_column":"","pricing_elfsight_apps_url":"","pricing_codecanyon_price_caption":"","integration_category":[],"integration_request_title":"","integration_request_cta":"","integration_platform":"","integrations":[],"platform_category":[],"video_schema_markup":"","price":"\u00e0 partir de 0$ \/ mois","trial":"","benefits":[{"text":"Service d'installation gratuit"},{"text":"Service client comp\u00e9tent"},{"text":"Garantie de remboursement de 14 jours"},{"text":"Am\u00e9liorations \u00e0 vie"}],"button_url":"#demo","button_target_blank":"0","button_nofollow":"0","attributes":[{"name":"Installations","content":"10,000 - 100,000"},{"name":"Sensible","content":"Oui"},{"name":"Navigateurs compatibles","content":"Firefox, Safari, Opera, Chrome, Edge"}],"tags":[],"tags_disable_links":"0","hide_more_platforms":"","video_object":"","demo_hide_cta":"0","demo_hide_cloud_options":"0","pricing_title":"","pricing":[{"pricing_icon":"platform","pricing_title":"Elfsight Apps","pricing_title_caption":"Solution multiplateforme adapt\u00e9e \u00e0 n'importe quel site Web","pricing_price":"from $0 \/ month","pricing_price_caption":"commencez avec un forfait gratuit","pricing_benefits":[{"text":"Sites Web illimit\u00e9s"},{"text":"Support d'entreprise rapide et bien document\u00e9"},{"text":"Aide \u00e0 l'installation gratuite"},{"text":"Conception flexible"}],"pricing_button_text":"Ajouter au site Web","pricing_button_url":"#demo"}],"related_apps_title":"","related_apps_hidden":"0","author":"","image":[],"title":"","job":"","social_networks":[]},"_links":{"self":[{"href":"https:\/\/elfsight.com\/fr\/wp-json\/wp\/v2\/pages\/13654","targetHints":{"allow":["GET"]}}],"collection":[{"href":"https:\/\/elfsight.com\/fr\/wp-json\/wp\/v2\/pages"}],"about":[{"href":"https:\/\/elfsight.com\/fr\/wp-json\/wp\/v2\/types\/page"}],"author":[{"embeddable":true,"href":"https:\/\/elfsight.com\/fr\/wp-json\/wp\/v2\/users\/9"}],"replies":[{"embeddable":true,"href":"https:\/\/elfsight.com\/fr\/wp-json\/wp\/v2\/comments?post=13654"}],"version-history":[{"count":2,"href":"https:\/\/elfsight.com\/fr\/wp-json\/wp\/v2\/pages\/13654\/revisions"}],"predecessor-version":[{"id":14202,"href":"https:\/\/elfsight.com\/fr\/wp-json\/wp\/v2\/pages\/13654\/revisions\/14202"}],"up":[{"embeddable":true,"href":"https:\/\/elfsight.com\/fr\/wp-json\/wp\/v2\/pages\/7326"}],"wp:attachment":[{"href":"https:\/\/elfsight.com\/fr\/wp-json\/wp\/v2\/media?parent=13654"}],"curies":[{"name":"wp","href":"https:\/\/api.w.org\/{rel}","templated":true}]}}