{"id":13653,"date":"2024-05-03T06:40:37","date_gmt":"2024-05-03T06:40:37","guid":{"rendered":"https:\/\/elfsight.com\/fr\/?page_id=13653"},"modified":"2025-10-23T14:56:32","modified_gmt":"2025-10-23T14:56:32","slug":"shopify","status":"publish","type":"page","link":"https:\/\/elfsight.com\/fr\/linkedin-feed-widget\/shopify\/","title":{"rendered":"LinkedIn Feed &#8211; Shopify"},"content":{"rendered":"<div class=\"application-platform-content-item-description application-platform-content-item\" id=\"description\" data-nav-section=\"description\"> <h2>Int\u00e9grez gratuitement le flux LinkedIn sur Shopify\u00a0!<\/h2> <p>Le widget de flux LinkedIn est l&rsquo;outil id\u00e9al permettant aux entreprises de pr\u00e9senter et de promouvoir leur contenu LinkedIn sur les sites Shopify : afficher des publications, des photos, des clips, etc. L&rsquo;installation du widget est simple, sans besoin de codage ni de comp\u00e9tences techniques. <\/p> <p>Cr\u00e9ez une apparence qui correspond aux pr\u00e9f\u00e9rences de votre site Web et restez fid\u00e8le \u00e0 votre marque en jouant avec les attributs de flux personnalis\u00e9s, les mod\u00e8les, les mises en page et les styles de publication. Ajoutez un effet contextuel comme action post-clic pour attirer l&rsquo;attention des utilisateurs. Enfin, profitez d&rsquo;une confiance accrue et d&rsquo;une image de marque bien \u00e9tablie dans le secteur.<\/p> <ul><li><strong>Am\u00e9liorez vos canaux de r\u00e9seautage avec la page d&rsquo;entreprise LinkedIn.<\/strong><br>Cr\u00e9ez de nouvelles connexions dans l&rsquo;entreprise. monde et amplifiez le nombre de prospects en exploitant le contenu de votre profil LinkedIn.<\/li><li><strong>D\u00e9veloppez votre audience LinkedIn.<\/strong><br>Mettez en valeur votre pr\u00e9sence LinkedIn au sein de la communaut\u00e9 des utilisateurs de Shopify et suscitez un fort int\u00e9r\u00eat pour vos offres.<\/li><li><strong>Am\u00e9liorez l&rsquo;authenticit\u00e9 de votre entreprise.<\/strong><br>Ajoutez une couche suppl\u00e9mentaire de cr\u00e9dibilit\u00e9 et de fiabilit\u00e9 \u00e0 votre marque en pr\u00e9sentant la derni\u00e8re activit\u00e9 LinkedIn directement sur la page du site Web. <\/li><\/ul><p><b>Int\u00e9grez le plugin LinkedIn Feed sans code sur le site Web Shopify pour favoriser la cr\u00e9dibilit\u00e9, promouvoir l&rsquo;authenticit\u00e9 et \u00e9largir votre r\u00e9seau en tirant parti d&rsquo;une forte confirmation sociale.<\/b><\/p> <div class=\"faq\" data-component=\"FAQ\"><div class=\"faq-item\">\r\n\t\t\t\t\t<div class=\"faq-item-question\">\r\n\t\t\t\t\t\t<h3 class=\"faq-item-question-text\">Existe-t-il d'autres outils pour Shopify que je peux utiliser sur mon site Web ?<\/h3>\r\n\r\n\t\t\t\t\t\t<div class=\"faq-item-question-icon\"><\/div>\r\n\t\t\t\t\t<\/div>\r\n\r\n\t\t\t\t\t<div class=\"faq-item-answer\">\r\n\t\t\t\t\t\t<div class=\"faq-item-answer-text\"><p>Oui, en effet\u00a0! En tant qu&rsquo;utilisateur de Shopify, Elfsight vous propose des dizaines d&rsquo;outils sans code \u00e0 ajouter \u00e0 votre site Web, notamment le plugin LinkedIn Feed. Quel que soit le type d\u2019entreprise que vous poss\u00e9dez ou le cr\u00e9neau sp\u00e9cifique dans lequel vous travaillez, il existe toujours des opportunit\u00e9s de montrer vos points forts. Voici quelques id\u00e9es \u00e0 ajouter \u00e0 votre liste\u00a0:<\/p><ul><li>Pour cr\u00e9er toute autre application de m\u00e9dias sociaux pour votre site Web Shopify similaire au plug-in LinkedIn Feed, pensez \u00e0 utiliser le <a href=\"https:\/\/ elfsight.com\/pinterest-feed-widget\/\">Flux Pinterest<\/a> ou <a href=\"https:\/\/elfsight.com\/instagram-feed-instashow\/\">Flux Instagram<\/a> widget.<\/li><li>Profitez des <a href=\"https:\/\/elfsight.com\/all-in-one-reviews-widget\/\">Avis tout-en-un<\/a> ou <a href=\"https:\/\/elfsight.com\/google-reviews-widget\/\">Plugin Google Reviews<\/a> pour afficher les commentaires des clients.<\/li><li>Int\u00e9grez le <a href=\"https:\/\/elfsight.com\/ online-form-builder\/\">Widget Form Builder<\/a> pour collecter les r\u00e9ponses et permettre \u00e0 vos utilisateurs Shopify de vous contacter.<\/li> <li>Ajoutez le <a href=\"https:\/\/elfsight.com \/countdown-timer-widget\/\">Compte \u00e0 rebours<\/a> pour cr\u00e9er de l&rsquo;anticipation et cr\u00e9er un sentiment de raret\u00e9 parmi le public.<\/li><\/ul><p>Et rappelez-vous, ce ne sont que quelques exemples d&rsquo;int\u00e9gration. parmi la vaste gamme d&rsquo;ajouts pouvant r\u00e9pondre aux besoins sp\u00e9cifiques de votre entreprise. Commencez avec le flux LinkedIn sans code pour revenir plus tard et explorez la vaste s\u00e9lection de widgets \u00e0 ajouter \u00e0 votre site Web\u00a0!<\/p><\/div>\r\n\t\t\t\t\t<\/div>\r\n\t\t\t\t<\/div><div class=\"faq-item\">\r\n\t\t\t\t\t<div class=\"faq-item-question\">\r\n\t\t\t\t\t\t<h3 class=\"faq-item-question-text\">Comment int\u00e9grer le flux LinkedIn gratuitement sur Shopify ?<\/h3>\r\n\r\n\t\t\t\t\t\t<div class=\"faq-item-question-icon\"><\/div>\r\n\t\t\t\t\t<\/div>\r\n\r\n\t\t\t\t\t<div class=\"faq-item-answer\">\r\n\t\t\t\t\t\t<div class=\"faq-item-answer-text\"> <p>Si vous souhaitez ajouter gratuitement le widget Flux LinkedIn \u00e0 votre site Web Shopify, suivez ces instructions\u00a0:<\/p> <ol><li>Personnalisez l&rsquo;apparence du widget Flux LinkedIn pour qu&rsquo;il corresponde au style de conception de votre site Web. <\/li><li>Connectez-vous \u00e0 votre tableau de bord Elfsight ou cr\u00e9ez un compte gratuit.<\/li><li>Recevez le code unique du widget d&rsquo;installation.<\/li><li>Acc\u00e9dez \u00e0 votre site Web Shopify.<\/li> <li>Collez le code dans votre outil de cr\u00e9ation de site Web Shopify pour ajouter le plug-in LinkedIn Feed. Termin\u00e9 !<\/li><\/ol><p>Comme le montre le contexte, il n&rsquo;est pas n\u00e9cessaire de ma\u00eetriser l&rsquo;\u00e9criture de code pour int\u00e9grer le plugin. Cr\u00e9ez facilement le widget de flux LinkedIn sans code pour un site Web Shopify et profitez de tous les avantages li\u00e9s \u00e0 l&rsquo;\u00e9largissement de votre audience.<\/p><\/div>\r\n\t\t\t\t\t<\/div>\r\n\t\t\t\t<\/div><div class=\"faq-item\">\r\n\t\t\t\t\t<div class=\"faq-item-question\">\r\n\t\t\t\t\t\t<h3 class=\"faq-item-question-text\">Dois-je savoir coder ou avoir de la programmation comp\u00e9tences pour ajouter le flux LinkedIn \u00e0 Shopify ?<\/h3>\r\n\r\n\t\t\t\t\t\t<div class=\"faq-item-question-icon\"><\/div>\r\n\t\t\t\t\t<\/div>\r\n\r\n\t\t\t\t\t<div class=\"faq-item-answer\">\r\n\t\t\t\t\t\t<div class=\"faq-item-answer-text\"><p>Non, ce n&rsquo;est pas le cas. Aucune comp\u00e9tence pr\u00e9alable en codage n\u2019est requise du tout. Vous pouvez cr\u00e9er et ajouter le plugin LinkedIn Feed \u00e0 votre site Web Shopify, m\u00eame sans aucune exp\u00e9rience sp\u00e9cialis\u00e9e ni exp\u00e9rience pr\u00e9alable en code.<\/p> <\/div>\r\n\t\t\t\t\t<\/div>\r\n\t\t\t\t<\/div><\/div><\/div> <div class=\"application-platform-content-item-features application-platform-content-item\" id=\"features\" data-nav-section=\"features\"> <h2>Voici seulement quelques-unes des riches fonctionnalit\u00e9s du widget\u00a0:<\/h2> <ul><li>Affichez tous les types de contenu LinkedIn\u00a0: articles de blog, photos, clips, etc.<\/li><li>Filtrer les publications du fil par mots-cl\u00e9s, hashtags ou URL.<\/li><li>Boutons d&rsquo;appel \u00e0 l&rsquo;action pour am\u00e9liorer le taux d&rsquo;engagement sur le flux LinkedIn de votre entreprise.<\/li><li>Mode popup dynamique pour attirer l&rsquo;attention sur votre contenu LinkedIn.<\/li><li>Personnalisation sans code avec param\u00e8tres de conception avanc\u00e9s\u00a0: mod\u00e8les pr\u00eats \u00e0 l&#8217;emploi, cr\u00e9ateur de sch\u00e9mas de couleurs, mises en page multiples, styles de publication, CSS personnalis\u00e9, etc.<\/li><\/ul><p><a href=\"#demo\">Essayez toutes les fonctionnalit\u00e9s de personnalisation dans une d\u00e9mo enti\u00e8rement fonctionnelle<\/a><\/p> <\/div> <div class=\"application-platform-content-item-installation application-platform-content-item\" id=\"installation\" data-nav-section=\"installation\"> <h2>Comment puis-je int\u00e9grer le flux LinkedIn sur mon site Web Shopify\u00a0? <\/h2> <div class=\"video-container\">\n<iframe width=\"720\" height=\"405\" src=\"https:\/\/www.youtube.com\/embed\/mMCEA3jhXts?si=UQs3a3dJL5jW-2tp\" frameborder=\"0\" allowfullscreen=\"\"><\/iframe>\n<\/div><p>Si vous souhaitez ajouter le plugin LinkedIn Feed sans code \u00e0 votre site Web Shopify, effectuez les actions suivantes\u00a0:<\/p> <ol><li><b>Utilisez notre \u00e9diteur gratuit et d\u00e9marrez cr\u00e9er votre widget de flux LinkedIn personnalis\u00e9.<\/b><br> Sp\u00e9cifiez la mise en page s\u00e9lectionn\u00e9e et les caract\u00e9ristiques du plugin et enregistrez les modifications.<\/li> <li><b>Obtenez le code individuel r\u00e9v\u00e9l\u00e9 dans la fen\u00eatre sur les applications Elfsight. <\/b><br> Juste une fois la g\u00e9n\u00e9ration de votre outil termin\u00e9e, copiez le code individuel dans la fen\u00eatre contextuelle qui appara\u00eet et conservez-le pour une utilisation ult\u00e9rieure.<\/li> <li><b>Commencez \u00e0 utiliser le widget sur votre Site Web Shopify.<\/b><br> Ajoutez le code que vous avez enregistr\u00e9 auparavant \u00e0 votre site Web et appliquez les corrections.<\/li> <li><b>L&rsquo;installation est termin\u00e9e avec succ\u00e8s.<\/b><br> Allez sur votre site Web pour observer le travail du plugin LinkedIn Feed.<\/li><\/ol> <p>Si vous rencontrez des questions ou rencontrez des obstacles lors du processus d&rsquo;int\u00e9gration, veuillez demander l&rsquo;aide de notre \u00e9quipe d&rsquo;assistance. Nos collaborateurs seront ravis de r\u00e9soudre toutes les difficult\u00e9s que vous pourriez rencontrer avec le plugin LinkedIn Feed sans code pour les sites Web Shopify.<\/p> <\/div>","protected":false},"excerpt":{"rendered":"","protected":false},"author":9,"featured_media":0,"parent":7326,"menu_order":0,"comment_status":"closed","ping_status":"closed","template":"templates\/template-application-platform.php","meta":{"publish_to_discourse":"","publish_post_category":"","wpdc_auto_publish_overridden":"","wpdc_topic_tags":"","wpdc_pin_topic":"","wpdc_pin_until":"","discourse_post_id":"","discourse_permalink":"","wpdc_publishing_response":"","wpdc_publishing_error":"","footnotes":""},"class_list":["post-13653","page","type-page","status-publish","hentry"],"yoast_head":"<!-- This site is optimized with the Yoast SEO plugin v25.3.1 - https:\/\/yoast.com\/wordpress\/plugins\/seo\/ -->\n<title>Flux LinkedIn - Ajoutez l&#039;application Feed \u00e0 Shopify [gratuitement\u00a0!]<\/title>\n<meta name=\"description\" content=\"Int\u00e9grez l&#039;application LinkedIn Feed sans codage sur votre site Web Shopify. Cr\u00e9ez votre widget \u00e0 l&#039;aide d&#039;une d\u00e9mo en direct et de mod\u00e8les pr\u00e9d\u00e9finis pour disposer d&#039;une solide preuve sociale.\" \/>\n<meta name=\"robots\" content=\"index, follow, max-snippet:-1, max-image-preview:large, max-video-preview:-1\" \/>\n<link rel=\"canonical\" href=\"https:\/\/elfsight.com\/fr\/linkedin-feed-widget\/shopify\/\" \/>\n<meta property=\"og:locale\" content=\"fr_FR\" \/>\n<meta property=\"og:type\" content=\"article\" \/>\n<meta property=\"og:title\" content=\"Flux LinkedIn - Ajoutez l&#039;application Feed \u00e0 Shopify [gratuitement\u00a0!]\" \/>\n<meta property=\"og:description\" content=\"Int\u00e9grez l&#039;application LinkedIn Feed sans codage sur votre site Web Shopify. Cr\u00e9ez votre widget \u00e0 l&#039;aide d&#039;une d\u00e9mo en direct et de mod\u00e8les pr\u00e9d\u00e9finis pour disposer d&#039;une solide preuve sociale.\" \/>\n<meta property=\"og:url\" content=\"https:\/\/elfsight.com\/fr\/linkedin-feed-widget\/shopify\/\" \/>\n<meta property=\"og:site_name\" content=\"Elfsight FR\" \/>\n<meta property=\"article:modified_time\" content=\"2025-10-23T14:56:32+00:00\" \/>\n<meta name=\"twitter:card\" content=\"summary_large_image\" \/>\n<meta name=\"twitter:label1\" content=\"Dur\u00e9e de lecture estim\u00e9e\" \/>\n\t<meta name=\"twitter:data1\" content=\"5 minutes\" \/>\n<!-- \/ Yoast SEO plugin. -->","yoast_head_json":{"title":"Flux LinkedIn - Ajoutez l'application Feed \u00e0 Shopify [gratuitement\u00a0!]","description":"Int\u00e9grez l'application LinkedIn Feed sans codage sur votre site Web Shopify. Cr\u00e9ez votre widget \u00e0 l'aide d'une d\u00e9mo en direct et de mod\u00e8les pr\u00e9d\u00e9finis pour disposer d'une solide preuve sociale.","robots":{"index":"index","follow":"follow","max-snippet":"max-snippet:-1","max-image-preview":"max-image-preview:large","max-video-preview":"max-video-preview:-1"},"canonical":"https:\/\/elfsight.com\/fr\/linkedin-feed-widget\/shopify\/","og_locale":"fr_FR","og_type":"article","og_title":"Flux LinkedIn - Ajoutez l'application Feed \u00e0 Shopify [gratuitement\u00a0!]","og_description":"Int\u00e9grez l'application LinkedIn Feed sans codage sur votre site Web Shopify. Cr\u00e9ez votre widget \u00e0 l'aide d'une d\u00e9mo en direct et de mod\u00e8les pr\u00e9d\u00e9finis pour disposer d'une solide preuve sociale.","og_url":"https:\/\/elfsight.com\/fr\/linkedin-feed-widget\/shopify\/","og_site_name":"Elfsight FR","article_modified_time":"2025-10-23T14:56:32+00:00","twitter_card":"summary_large_image","twitter_misc":{"Dur\u00e9e de lecture estim\u00e9e":"5 minutes"},"schema":{"@context":"https:\/\/schema.org","@graph":[{"@type":"WebPage","@id":"https:\/\/elfsight.com\/fr\/linkedin-feed-widget\/shopify\/","url":"https:\/\/elfsight.com\/fr\/linkedin-feed-widget\/shopify\/","name":"Flux LinkedIn - Ajoutez l'application Feed \u00e0 Shopify [gratuitement\u00a0!]","isPartOf":{"@id":"https:\/\/elfsight.com\/fr\/#website"},"datePublished":"2024-05-03T06:40:37+00:00","dateModified":"2025-10-23T14:56:32+00:00","description":"Int\u00e9grez l'application LinkedIn Feed sans codage sur votre site Web Shopify. Cr\u00e9ez votre widget \u00e0 l'aide d'une d\u00e9mo en direct et de mod\u00e8les pr\u00e9d\u00e9finis pour disposer d'une solide preuve sociale.","breadcrumb":{"@id":"https:\/\/elfsight.com\/fr\/linkedin-feed-widget\/shopify\/#breadcrumb"},"inLanguage":"fr-FR","potentialAction":[{"@type":"ReadAction","target":["https:\/\/elfsight.com\/fr\/linkedin-feed-widget\/shopify\/"]}]},{"@type":"BreadcrumbList","@id":"https:\/\/elfsight.com\/fr\/linkedin-feed-widget\/shopify\/#breadcrumb","itemListElement":[{"@type":"ListItem","position":1,"name":"Home","item":"https:\/\/elfsight.com\/fr\/"},{"@type":"ListItem","position":2,"name":"LinkedIn Feed","item":"https:\/\/elfsight.com\/fr\/linkedin-feed-widget\/"},{"@type":"ListItem","position":3,"name":"LinkedIn Feed &#8211; Shopify"}]},{"@type":"WebSite","@id":"https:\/\/elfsight.com\/fr\/#website","url":"https:\/\/elfsight.com\/fr\/","name":"Elfsight FR","description":"","potentialAction":[{"@type":"SearchAction","target":{"@type":"EntryPoint","urlTemplate":"https:\/\/elfsight.com\/fr\/?s={search_term_string}"},"query-input":{"@type":"PropertyValueSpecification","valueRequired":true,"valueName":"search_term_string"}}],"inLanguage":"fr-FR"}]}},"meta_box":{"industry":"","seo_heading":"","heading":"","description":"","cta_heading":"","cta_description":"","application":"7313","h1":"Comment int\u00e9grer gratuitement le flux LinkedIn sur Shopify\u00a0!","h1_caption":"Affichez les publications de votre profil LinkedIn ou de votre page d'entreprise sur votre site Web, am\u00e9liorant ainsi votre pr\u00e9sence professionnelle en ligne sur votre site Web Shopify sans effort.","application_category":[],"applications_title":"","applications_request_title":"","applications_request_button_text":"","hero_text":"","hero_video":"","hero_video_schema_markup":"","selling_points_title":"","selling_points_caption":"","selling_points":[],"selling_points_cta_text":"","features_title":"","features":"","ed_cta_examples_text":"","ed_cta_examples_hidden":"","ed_cta_demo_text":"","ed_cta_demo_hidden":"","why_caption":"","why_editor_title":"","why_editor_text":"","why_team_title":"","why_team_text":"","why_service_title":"","why_service_text":"","template_catalog_visible":"0","template_catalog_title":"","template_catalog_text":"","template_catalog_categories_visible":"","demo_title":"Cr\u00e9ez votre application de flux LinkedIn","demo_caption":"Configurez votre flux LinkedIn et ajoutez-le \u00e0 votre site Web Shopify gratuitement !","default_faq_hidden":"","app_template_category":[],"platform":"360","template_public_id":"","codecanyon_url":"","codecanyon_item_id":"","codecanyon_price":"","pricing_caption":"","pricing_elfsight_apps_hide_column":"","pricing_elfsight_apps_url":"","pricing_codecanyon_price_caption":"","integration_category":[],"integration_request_title":"","integration_request_cta":"","integration_platform":"","integrations":[],"platform_category":[],"video_schema_markup":"","price":"\u00e0 partir de 0$ \/ mois","trial":"","benefits":[{"text":"Assistance \u00e0 l'installation gratuite"},{"text":"Support client exp\u00e9riment\u00e9"},{"text":"Garantie de remboursement de 14 jours"},{"text":"Mise \u00e0 jour constante"}],"button_url":"#demo","button_target_blank":"0","button_nofollow":"0","attributes":[{"name":"Installations","content":"10,000 - 100,000"},{"name":"Sensible","content":"Oui"},{"name":"Navigateurs compatibles","content":"Firefox, Safari, Opera, Chrome, Edge"}],"tags":[],"tags_disable_links":"0","hide_more_platforms":"0","video_object":"","demo_hide_cta":"0","demo_hide_cloud_options":"0","pricing_title":"","pricing":[{"pricing_icon":"platform","pricing_title":"Elfsight Apps","pricing_title_caption":"Version ind\u00e9pendante de la plate-forme qui fonctionne sur n'importe quel site Web","pricing_price":"from $0 \/ month","pricing_price_caption":"commencez avec un forfait gratuit","pricing_benefits":[{"text":"Sites Web illimit\u00e9s"},{"text":"Assistance professionnelle, ponctuelle et bien document\u00e9e"},{"text":"Assistance \u00e0 l'installation gratuite"},{"text":"Enti\u00e8rement personnalisable"}],"pricing_button_text":"Ajouter au site Web","pricing_button_url":"#demo"}],"related_apps_title":"","related_apps_hidden":"0","author":"","image":[],"title":"","job":"","social_networks":[]},"_links":{"self":[{"href":"https:\/\/elfsight.com\/fr\/wp-json\/wp\/v2\/pages\/13653","targetHints":{"allow":["GET"]}}],"collection":[{"href":"https:\/\/elfsight.com\/fr\/wp-json\/wp\/v2\/pages"}],"about":[{"href":"https:\/\/elfsight.com\/fr\/wp-json\/wp\/v2\/types\/page"}],"author":[{"embeddable":true,"href":"https:\/\/elfsight.com\/fr\/wp-json\/wp\/v2\/users\/9"}],"replies":[{"embeddable":true,"href":"https:\/\/elfsight.com\/fr\/wp-json\/wp\/v2\/comments?post=13653"}],"version-history":[{"count":2,"href":"https:\/\/elfsight.com\/fr\/wp-json\/wp\/v2\/pages\/13653\/revisions"}],"predecessor-version":[{"id":16733,"href":"https:\/\/elfsight.com\/fr\/wp-json\/wp\/v2\/pages\/13653\/revisions\/16733"}],"up":[{"embeddable":true,"href":"https:\/\/elfsight.com\/fr\/wp-json\/wp\/v2\/pages\/7326"}],"wp:attachment":[{"href":"https:\/\/elfsight.com\/fr\/wp-json\/wp\/v2\/media?parent=13653"}],"curies":[{"name":"wp","href":"https:\/\/api.w.org\/{rel}","templated":true}]}}