{"id":13652,"date":"2024-05-03T06:40:36","date_gmt":"2024-05-03T06:40:36","guid":{"rendered":"https:\/\/elfsight.com\/fr\/?page_id=13652"},"modified":"2025-11-06T13:00:58","modified_gmt":"2025-11-06T13:00:58","slug":"webflow","status":"publish","type":"page","link":"https:\/\/elfsight.com\/fr\/linkedin-feed-widget\/webflow\/","title":{"rendered":"LinkedIn Feed &#8211; Webflow"},"content":{"rendered":"\n<div class=\"application-platform-content-item-description application-platform-content-item\" id=\"description\" data-nav-section=\"description\">\n<h2>Int\u00e9grez gratuitement le flux LinkedIn sur Webflow\u00a0!<\/h2>\n<p>Le plugin LinkedIn Feed est la meilleure solution permettant aux entreprises de partager et de faire de la publicit\u00e9. leur contenu LinkedIn sur les sites Web Webflow\u00a0: affichez des publications, des images, des vid\u00e9os, etc. L&rsquo;installation du widget ne prend que quelques secondes, sans avoir besoin de codage ou de connaissances techniques.<\/p>\n<p>Cr\u00e9ez un style qui r\u00e9pond aux pr\u00e9f\u00e9rences de votre site Web et suivez les tendances. en essayant des \u00e9l\u00e9ments de flux, des mod\u00e8les, des mises en page et des styles de publication personnalis\u00e9s. Ajoutez un mode contextuel comme action post-clic pour capter l&rsquo;attention des utilisateurs. Enfin, profitez de la confiance suscit\u00e9e et d&rsquo;une image de marque bien \u00e9tablie dans le secteur.<\/p>\n<ul>\n    <li><strong>\u00c9levez la port\u00e9e de votre r\u00e9seau avec la page d&rsquo;entreprise LinkedIn.<\/strong><br>\u00c9tablissez de nouvelles connexions dans l&rsquo;entreprise. monde et augmentez le nombre de prospects en utilisant le contenu de votre profil LinkedIn.<\/li>\n    <li><strong>Augmentez votre suivi LinkedIn.<\/strong><br>Mettez en valeur votre pr\u00e9sence LinkedIn parmi les utilisateurs du site Web Webflow et suscitez un int\u00e9r\u00eat significatif dans vos services.<\/li>\n    <li><strong>Am\u00e9liorez l&rsquo;authenticit\u00e9 de votre entreprise.<\/strong><br>Donnez \u00e0 votre marque un boost suppl\u00e9mentaire de cr\u00e9dibilit\u00e9 et de fiabilit\u00e9 en pr\u00e9sentant la derni\u00e8re activit\u00e9 LinkedIn directement sur la page du site Web.<\/li>\n<\/ul>\n<p><b>Ajoutez le widget de flux LinkedIn sans code au site Web Webflow pour renforcer la fiabilit\u00e9, mettre en valeur l&rsquo;authenticit\u00e9 et \u00e9tendre votre r\u00e9seau avec une preuve sociale convaincante.<\/b><\/p>\n\n<div class=\"faq\" data-component=\"FAQ\">\n<div class=\"faq-item\">\r\n\t\t\t\t\t<div class=\"faq-item-question\">\r\n\t\t\t\t\t\t<h3 class=\"faq-item-question-text\">Existe-t-il d'autres outils pour Webflow que je peux utiliser sur mon site Web ?<\/h3>\r\n\r\n\t\t\t\t\t\t<div class=\"faq-item-question-icon\"><\/div>\r\n\t\t\t\t\t<\/div>\r\n\r\n\t\t\t\t\t<div class=\"faq-item-answer\">\r\n\t\t\t\t\t\t<div class=\"faq-item-answer-text\">\n<p>Oui, bien s\u00fbr\u00a0! En tant qu&rsquo;utilisateur Webflow, Elfsight vous offre des tonnes d&rsquo;outils sans code \u00e0 ajouter \u00e0 votre site Web, y compris le plugin LinkedIn Feed. Quel que soit votre cr\u00e9neau commercial ou votre secteur d\u2019activit\u00e9, il existe toujours des opportunit\u00e9s de d\u00e9montrer vos atouts. Par exemple\u00a0:<\/p>\n<ul>\n    <li>Pour cr\u00e9er toute autre application de m\u00e9dias sociaux pour votre site Web Webflow similaire au plug-in LinkedIn Feed, envisagez d&rsquo;exp\u00e9rimenter avec le <a href=\"https:\/\/elfsight.com\/pinterest-feed-widget\/\">Flux Pinterest<\/a> ou <a href=\"https:\/\/elfsight.com\/instagram-feed-instashow\/\">Widget Flux Instagram<\/a>.<\/li>\n    <li>Obtenez vous-m\u00eame les <a href=\"https:\/\/elfsight.com\/all-in-one-reviews-widget\/\">Avis tout-en-un<\/a> ou <a href=\"https:\/\/elfsight.com\/google-reviews-widget\/\">Plugin Google Reviews<\/a> pour afficher les commentaires des clients.<\/li>\n    <li>Int\u00e9grez le <a href=\"https:\/\/elfsight.com\/online-form-builder\/\">Form Builder<\/a> pour rationaliser la collecte des r\u00e9ponses et permettre \u00e0 vos utilisateurs Webflow de vous contacter.<\/li>\n    <li>Ajoutez le <a href=\"https:\/\/elfsight.com\/countdown-timer-widget\/\">Widget de compte \u00e0 rebours<\/a> pour susciter l&rsquo;engagement et cr\u00e9er un sentiment de raret\u00e9 parmi le public.<\/li>\n<\/ul>\n<p>Ces exemples int\u00e9gr\u00e9s ne font qu&rsquo;effleurer la vaste gamme d&rsquo;ajouts qui peuvent couvrir votre activit\u00e9 sp\u00e9cifique. besoins. Commencez avec le flux LinkedIn sans code et explorez plus tard l&rsquo;assortiment restant de widgets de notre catalogue \u00e0 ajouter \u00e0 votre site Web\u00a0!<\/p>\n<\/div>\r\n\t\t\t\t\t<\/div>\r\n\t\t\t\t<\/div>\n<div class=\"faq-item\">\r\n\t\t\t\t\t<div class=\"faq-item-question\">\r\n\t\t\t\t\t\t<h3 class=\"faq-item-question-text\">Comment int\u00e9grer le flux LinkedIn gratuitement sur Webflow ?<\/h3>\r\n\r\n\t\t\t\t\t\t<div class=\"faq-item-question-icon\"><\/div>\r\n\t\t\t\t\t<\/div>\r\n\r\n\t\t\t\t\t<div class=\"faq-item-answer\">\r\n\t\t\t\t\t\t<div class=\"faq-item-answer-text\">\n<p>Si vous souhaitez ajouter gratuitement le plugin LinkedIn Feed sans code \u00e0 votre site Web Webflow, suivez les \u00e9tapes suivantes\u00a0:<\/p>\n<ol>\n    <li>Personnalisez l&rsquo;apparence du plugin LinkedIn Feed selon vos pr\u00e9f\u00e9rences.<\/li>\n    <li>Connectez-vous \u00e0 votre panneau d&rsquo;administration Elfsight ou enregistrez un profil utilisateur gratuit.<\/li>\n    <li>Obtenez le code d&rsquo;int\u00e9gration g\u00e9n\u00e9r\u00e9 automatiquement.<\/li>\n    <li>Acc\u00e9dez \u00e0 votre site Web Webflow.<\/li>\n    <li>Ins\u00e9rez le code dans l&rsquo;\u00e9diteur de votre site Web Webflow pour ajouter le widget LinkedIn Feed. Vous avez termin\u00e9\u00a0!<\/li>\n<\/ol>\n<p>Comme vous pouvez le constater, il n&rsquo;est pas n\u00e9cessaire \u0434&rsquo;exceller dans l&rsquo;\u00e9criture de code pour int\u00e9grer le plugin. Cr\u00e9ez facilement un widget de flux LinkedIn sans code pour un site Web Webflow et profitez des nombreux avantages qui accompagnent le processus d&rsquo;expansion de votre port\u00e9e.<\/p>\n<\/div>\r\n\t\t\t\t\t<\/div>\r\n\t\t\t\t<\/div>\n<div class=\"faq-item\">\r\n\t\t\t\t\t<div class=\"faq-item-question\">\r\n\t\t\t\t\t\t<h3 class=\"faq-item-question-text\">Dois-je savoir comment coder ou avoir des comp\u00e9tences en programmation pour int\u00e9grer le flux LinkedIn sur Webflow ?<\/h3>\r\n\r\n\t\t\t\t\t\t<div class=\"faq-item-question-icon\"><\/div>\r\n\t\t\t\t\t<\/div>\r\n\r\n\t\t\t\t\t<div class=\"faq-item-answer\">\r\n\t\t\t\t\t\t<div class=\"faq-item-answer-text\">\n<p>Pas du tout. Aucune comp\u00e9tence en codage n\u2019est requise. Vous pouvez cr\u00e9er et ajouter le plugin LinkedIn Feed \u00e0 votre site Web Webflow, quelle que soit votre familiarit\u00e9 ou votre exp\u00e9rience en \u00e9criture de code.<\/p>\n<\/div>\r\n\t\t\t\t\t<\/div>\r\n\t\t\t\t<\/div>\n<\/div>\n<\/div>\n\n<div class=\"application-platform-content-item-features application-platform-content-item\" id=\"features\" data-nav-section=\"features\">\n<h2>Les fonctionnalit\u00e9s essentielles du widget contiennent<\/h2>\n<ul>\n    <li>Faites la promotion de diverses formes de contenu\u00a0: articles de blog, images, vid\u00e9os, etc.<\/li>\n    <li>Triez les publications du fil par mots-cl\u00e9s, hashtags ou filtres d&rsquo;URL.<\/li>\n    <li>Ajoutez des boutons d&rsquo;appel \u00e0 l&rsquo;action pour am\u00e9liorer la visibilit\u00e9 du flux de votre entreprise LinkedIn.<\/li>\n    <li>Mode contextuel dynamique pour attirer l&rsquo;attention des gens sur votre contenu LinkedIn.<\/li>\n    <li>Options de personnalisation faciles \u0431\u0435\u0437 \u043d\u0435\u043e\u0431\u0445\u043e\u0434\u0438\u043c\u043e\u0441\u0442\u0438 \u043f\u0438\u0441\u0430\u0442\u044c \u043a\u043e\u0434: mod\u00e8les pr\u00eats \u00e0 l&#8217;emploi, g\u00e9n\u00e9rateur de sch\u00e9mas de couleurs, conceptions de mise en page, styles de publication, CSS personnalis\u00e9, etc.<\/li>\n<\/ul>\n<p><a href=\"#demo\">Vous pouvez d\u00e9couvrir ce que vaut le widget \u00e0 l&rsquo;aide de la d\u00e9mo<\/a><\/p>\n<\/div>\n\n<div class=\"application-platform-content-item-installation application-platform-content-item\" id=\"installation\" data-nav-section=\"installation\">\n<h2>Comment int\u00e9grer le flux LinkedIn sur mon Webflow site Web\u00a0?<\/h2>\n<div class=\"video-container\">\n<iframe width=\"720\" height=\"405\" src=\"https:\/\/www.youtube.com\/embed\/xWzKn3AayFk?si=eebeKoEBX_fRxpJc\" frameborder=\"0\" allowfullscreen=\"\"><\/iframe>\n<\/div>\n<p>Pour ajouter le plugin LinkedIn Feed \u00e0 votre site Web Webflow, suivez les \u00e9tapes ci-dessous\u00a0:<\/p>\n<ol>\n    <li><b>Utilisez notre d\u00e9mo gratuite et commencez \u00e0 cr\u00e9er votre propre widget de flux LinkedIn.<\/b><br> Recherchez la mise en page personnalis\u00e9e et les options de l&rsquo;outil et ajoutez les corrections.<\/li>\n    <li><b>Copiez votre code personnel apparaissant dans le formulaire sp\u00e9cial sur Elfsight Apps.<\/b><br> Juste apr\u00e8s la configuration de votre outil, copiez le code individuel dans la bo\u00eete qui appara\u00eet et conservez-le pour une utilisation future.<\/li>\n    <li><b>Commencez \u00e0 utiliser le plugin sur votre site Web Webflow.<\/b><br> Ajoutez le code que vous avez copi\u00e9 r\u00e9cemment sur votre site Web et appliquez les modifications.<\/li>\n    <li><b>L&rsquo;installation est enti\u00e8rement termin\u00e9e.<\/b><br> Acc\u00e9dez \u00e0 votre site Web pour voir le fonctionnement du plugin LinkedIn Feed.<\/li>\n<\/ol>\n<p>Si vous rencontrez des difficult\u00e9s avec le processus d&rsquo;int\u00e9gration, veuillez vous adresser \u00e0 notre \u00e9quipe de service client. Nos consultants seront ravis de r\u00e9soudre tous les probl\u00e8mes que vous pourriez rencontrer avec le widget de flux LinkedIn sans code pour les sites Web Webflow.<\/p>\n<\/div>\n","protected":false},"excerpt":{"rendered":"","protected":false},"author":9,"featured_media":0,"parent":7326,"menu_order":0,"comment_status":"closed","ping_status":"closed","template":"templates\/template-application-platform.php","meta":{"publish_to_discourse":"","publish_post_category":"","wpdc_auto_publish_overridden":"","wpdc_topic_tags":"","wpdc_pin_topic":"","wpdc_pin_until":"","discourse_post_id":"","discourse_permalink":"","wpdc_publishing_response":"","wpdc_publishing_error":"","footnotes":""},"class_list":["post-13652","page","type-page","status-publish","hentry"],"yoast_head":"<!-- This site is optimized with the Yoast SEO plugin v25.3.1 - https:\/\/yoast.com\/wordpress\/plugins\/seo\/ -->\n<title>Flux LinkedIn - Ajoutez un widget de flux \u00e0 Webflow [gratuitement\u00a0!]<\/title>\n<meta name=\"description\" content=\"Int\u00e9grez le widget LinkedIn Feed sans codage sur votre site Web Webflow. Cr\u00e9ez votre plugin \u00e0 l&#039;aide d&#039;une d\u00e9mo en direct et de mod\u00e8les pr\u00e9d\u00e9finis pour disposer d&#039;une solide preuve sociale.\" \/>\n<meta name=\"robots\" content=\"index, follow, max-snippet:-1, max-image-preview:large, max-video-preview:-1\" \/>\n<link rel=\"canonical\" href=\"https:\/\/elfsight.com\/fr\/linkedin-feed-widget\/webflow\/\" \/>\n<meta property=\"og:locale\" content=\"fr_FR\" \/>\n<meta property=\"og:type\" content=\"article\" \/>\n<meta property=\"og:title\" content=\"Flux LinkedIn - Ajoutez un widget de flux \u00e0 Webflow [gratuitement\u00a0!]\" \/>\n<meta property=\"og:description\" content=\"Int\u00e9grez le widget LinkedIn Feed sans codage sur votre site Web Webflow. Cr\u00e9ez votre plugin \u00e0 l&#039;aide d&#039;une d\u00e9mo en direct et de mod\u00e8les pr\u00e9d\u00e9finis pour disposer d&#039;une solide preuve sociale.\" \/>\n<meta property=\"og:url\" content=\"https:\/\/elfsight.com\/fr\/linkedin-feed-widget\/webflow\/\" \/>\n<meta property=\"og:site_name\" content=\"Elfsight FR\" \/>\n<meta property=\"article:modified_time\" content=\"2025-11-06T13:00:58+00:00\" \/>\n<meta name=\"twitter:card\" content=\"summary_large_image\" \/>\n<meta name=\"twitter:label1\" content=\"Dur\u00e9e de lecture estim\u00e9e\" \/>\n\t<meta name=\"twitter:data1\" content=\"5 minutes\" \/>\n<!-- \/ Yoast SEO plugin. -->","yoast_head_json":{"title":"Flux LinkedIn - Ajoutez un widget de flux \u00e0 Webflow [gratuitement\u00a0!]","description":"Int\u00e9grez le widget LinkedIn Feed sans codage sur votre site Web Webflow. Cr\u00e9ez votre plugin \u00e0 l'aide d'une d\u00e9mo en direct et de mod\u00e8les pr\u00e9d\u00e9finis pour disposer d'une solide preuve sociale.","robots":{"index":"index","follow":"follow","max-snippet":"max-snippet:-1","max-image-preview":"max-image-preview:large","max-video-preview":"max-video-preview:-1"},"canonical":"https:\/\/elfsight.com\/fr\/linkedin-feed-widget\/webflow\/","og_locale":"fr_FR","og_type":"article","og_title":"Flux LinkedIn - Ajoutez un widget de flux \u00e0 Webflow [gratuitement\u00a0!]","og_description":"Int\u00e9grez le widget LinkedIn Feed sans codage sur votre site Web Webflow. Cr\u00e9ez votre plugin \u00e0 l'aide d'une d\u00e9mo en direct et de mod\u00e8les pr\u00e9d\u00e9finis pour disposer d'une solide preuve sociale.","og_url":"https:\/\/elfsight.com\/fr\/linkedin-feed-widget\/webflow\/","og_site_name":"Elfsight FR","article_modified_time":"2025-11-06T13:00:58+00:00","twitter_card":"summary_large_image","twitter_misc":{"Dur\u00e9e de lecture estim\u00e9e":"5 minutes"},"schema":{"@context":"https:\/\/schema.org","@graph":[{"@type":"WebPage","@id":"https:\/\/elfsight.com\/fr\/linkedin-feed-widget\/webflow\/","url":"https:\/\/elfsight.com\/fr\/linkedin-feed-widget\/webflow\/","name":"Flux LinkedIn - Ajoutez un widget de flux \u00e0 Webflow [gratuitement\u00a0!]","isPartOf":{"@id":"https:\/\/elfsight.com\/fr\/#website"},"datePublished":"2024-05-03T06:40:36+00:00","dateModified":"2025-11-06T13:00:58+00:00","description":"Int\u00e9grez le widget LinkedIn Feed sans codage sur votre site Web Webflow. Cr\u00e9ez votre plugin \u00e0 l'aide d'une d\u00e9mo en direct et de mod\u00e8les pr\u00e9d\u00e9finis pour disposer d'une solide preuve sociale.","breadcrumb":{"@id":"https:\/\/elfsight.com\/fr\/linkedin-feed-widget\/webflow\/#breadcrumb"},"inLanguage":"fr-FR","potentialAction":[{"@type":"ReadAction","target":["https:\/\/elfsight.com\/fr\/linkedin-feed-widget\/webflow\/"]}]},{"@type":"BreadcrumbList","@id":"https:\/\/elfsight.com\/fr\/linkedin-feed-widget\/webflow\/#breadcrumb","itemListElement":[{"@type":"ListItem","position":1,"name":"Home","item":"https:\/\/elfsight.com\/fr\/"},{"@type":"ListItem","position":2,"name":"LinkedIn Feed","item":"https:\/\/elfsight.com\/fr\/linkedin-feed-widget\/"},{"@type":"ListItem","position":3,"name":"LinkedIn Feed &#8211; Webflow"}]},{"@type":"WebSite","@id":"https:\/\/elfsight.com\/fr\/#website","url":"https:\/\/elfsight.com\/fr\/","name":"Elfsight FR","description":"","potentialAction":[{"@type":"SearchAction","target":{"@type":"EntryPoint","urlTemplate":"https:\/\/elfsight.com\/fr\/?s={search_term_string}"},"query-input":{"@type":"PropertyValueSpecification","valueRequired":true,"valueName":"search_term_string"}}],"inLanguage":"fr-FR"}]}},"meta_box":{"industry":"","seo_heading":"","heading":"","description":"","cta_heading":"","cta_description":"","application":"7313","h1":"Comment int\u00e9grer gratuitement le flux LinkedIn sur Webflow\u00a0!","h1_caption":"Affichez les publications de votre profil LinkedIn ou de votre page d'entreprise sur votre site Web, am\u00e9liorant ainsi votre pr\u00e9sence professionnelle en ligne sur votre site Web Webflow sans effort.","application_category":[],"applications_title":"","applications_request_title":"","applications_request_button_text":"","hero_text":"","hero_video":"","hero_video_schema_markup":"","selling_points_title":"","selling_points_caption":"","selling_points":[],"selling_points_cta_text":"","features_title":"","features":"","ed_cta_examples_text":"","ed_cta_examples_hidden":"","ed_cta_demo_text":"","ed_cta_demo_hidden":"","why_caption":"","why_editor_title":"","why_editor_text":"","why_team_title":"","why_team_text":"","why_service_title":"","why_service_text":"","template_catalog_visible":"0","template_catalog_title":"","template_catalog_text":"","template_catalog_categories_visible":"","demo_title":"Cr\u00e9ez votre widget de flux LinkedIn","demo_caption":"Configurez votre flux LinkedIn et ajoutez-le gratuitement \u00e0 votre site Webflow !","default_faq_hidden":"","app_template_category":[],"platform":"362","template_public_id":"","codecanyon_url":"","codecanyon_item_id":"","codecanyon_price":"","pricing_caption":"","pricing_elfsight_apps_hide_column":"","pricing_elfsight_apps_url":"","pricing_codecanyon_price_caption":"","integration_category":[],"integration_request_title":"","integration_request_cta":"","integration_platform":"","integrations":[],"platform_category":[],"video_schema_markup":"","price":"\u00e0 partir de 0$ \/ mois","trial":"","benefits":[{"text":"Assistance \u00e0 l'installation gratuite"},{"text":"Support client exp\u00e9riment\u00e9"},{"text":"Garantie de remboursement de 14 jours"},{"text":"Mise \u00e0 jour constante"}],"button_url":"#demo","button_target_blank":"0","button_nofollow":"0","attributes":[{"name":"Installations","content":"10,000 - 100,000"},{"name":"Sensible","content":"Oui"},{"name":"Navigateurs compatibles","content":"Firefox, Safari, Opera, Chrome, Edge"}],"tags":[],"tags_disable_links":"0","hide_more_platforms":"0","video_object":"","demo_hide_cta":"0","demo_hide_cloud_options":"0","pricing_title":"","pricing":[{"pricing_icon":"platform","pricing_title":"Elfsight Apps","pricing_title_caption":"Logiciel ind\u00e9pendant de la plate-forme qui fonctionne sur n'importe quel site Web","pricing_price":"from $0 \/ month","pricing_price_caption":"commencez avec un forfait gratuit","pricing_benefits":[{"text":"Sites Web illimit\u00e9s"},{"text":"Assistance rapide, ponctuelle et bien document\u00e9e"},{"text":"Service d'installation gratuit"},{"text":"Conception flexible"}],"pricing_button_text":"Ajouter au site Web","pricing_button_url":"#demo"}],"related_apps_title":"","related_apps_hidden":"0","author":"","image":[],"title":"","job":"","social_networks":[]},"_links":{"self":[{"href":"https:\/\/elfsight.com\/fr\/wp-json\/wp\/v2\/pages\/13652","targetHints":{"allow":["GET"]}}],"collection":[{"href":"https:\/\/elfsight.com\/fr\/wp-json\/wp\/v2\/pages"}],"about":[{"href":"https:\/\/elfsight.com\/fr\/wp-json\/wp\/v2\/types\/page"}],"author":[{"embeddable":true,"href":"https:\/\/elfsight.com\/fr\/wp-json\/wp\/v2\/users\/9"}],"replies":[{"embeddable":true,"href":"https:\/\/elfsight.com\/fr\/wp-json\/wp\/v2\/comments?post=13652"}],"version-history":[{"count":3,"href":"https:\/\/elfsight.com\/fr\/wp-json\/wp\/v2\/pages\/13652\/revisions"}],"predecessor-version":[{"id":16741,"href":"https:\/\/elfsight.com\/fr\/wp-json\/wp\/v2\/pages\/13652\/revisions\/16741"}],"up":[{"embeddable":true,"href":"https:\/\/elfsight.com\/fr\/wp-json\/wp\/v2\/pages\/7326"}],"wp:attachment":[{"href":"https:\/\/elfsight.com\/fr\/wp-json\/wp\/v2\/media?parent=13652"}],"curies":[{"name":"wp","href":"https:\/\/api.w.org\/{rel}","templated":true}]}}