{"id":13645,"date":"2024-05-03T06:40:33","date_gmt":"2024-05-03T06:40:33","guid":{"rendered":"https:\/\/elfsight.com\/fr\/?page_id=13645"},"modified":"2025-07-10T08:14:40","modified_gmt":"2025-07-10T08:14:40","slug":"squarespace","status":"publish","type":"page","link":"https:\/\/elfsight.com\/fr\/linkedin-feed-widget\/squarespace\/","title":{"rendered":"LinkedIn Feed &#8211; Squarespace"},"content":{"rendered":"<div class=\"application-platform-content-item-description application-platform-content-item\" id=\"description\" data-nav-section=\"description\"> <h2>Int\u00e9grez gratuitement le flux LinkedIn sur Squarespace\u00a0!<\/h2> <p>Le widget de flux LinkedIn sans code offre une opportunit\u00e9 de pointe pour entreprises pour diffuser et promouvoir leur contenu LinkedIn sur les sites Web Squarespace\u00a0: affichage de publications, visuels, clips, etc. La configuration du plugin prend quelques minutes\u00a0: aucun codage ni connaissance technique n&rsquo;est requis.<\/p> <p>Cr\u00e9ez un look qui correspond \u00e0 votre besoins du site Web et restez fid\u00e8le \u00e0 la marque en jouant avec les attributs de flux personnalis\u00e9s, les mod\u00e8les, les mises en page et les styles de publication. Ajoutez un mode contextuel comme action post-clic pour attirer l&rsquo;attention des utilisateurs. Enfin, b\u00e9n\u00e9ficiez d&rsquo;une cr\u00e9dibilit\u00e9 accrue et d&rsquo;un meilleur taux d&rsquo;engagement.<\/p> <ul><li><strong>Am\u00e9liorez vos capacit\u00e9s de r\u00e9seautage avec la page d&rsquo;entreprise LinkedIn.<\/strong><br>\u00c9tablissez de nouvelles connexions dans le domaine de l&rsquo;entreprise et d\u00e9veloppez-vous. le nombre de prospects en utilisant le contenu de votre profil LinkedIn.<\/li><li><strong>\u00c9largissez votre base d&rsquo;audience LinkedIn.<\/strong><br>Attirez l&rsquo;attention sur votre LinkedIn parmi les utilisateurs du site Web Squarespace et suscitez un fort int\u00e9r\u00eat pour votre offres.<\/li><li><strong>Amplifiez l&rsquo;authenticit\u00e9 de votre entreprise.<\/strong><br>Ajoutez \u00e0 votre marque un regain de cr\u00e9dibilit\u00e9 suppl\u00e9mentaire et affichez l&rsquo;activit\u00e9 LinkedIn la plus r\u00e9cente directement sur la page du site Web.<\/li><\/ul><p><b>Ajoutez le widget LinkedIn Feed au site Web Squarespace pour \u00e9tablir la confiance, diffuser l&rsquo;authenticit\u00e9 et \u00e9largir les relations de travail avec une confirmation sociale convaincante.<\/b><\/p> <div class=\"faq\" data-component=\"FAQ\"><div class=\"faq-item\">\r\n\t\t\t\t\t<div class=\"faq-item-question\">\r\n\t\t\t\t\t\t<h3 class=\"faq-item-question-text\">Existe-t-il d'autres outils Squarespace que je peux utiliser sur mon site Web ?<\/h3>\r\n\r\n\t\t\t\t\t\t<div class=\"faq-item-question-icon\"><\/div>\r\n\t\t\t\t\t<\/div>\r\n\r\n\t\t\t\t\t<div class=\"faq-item-answer\">\r\n\t\t\t\t\t\t<div class=\"faq-item-answer-text\"><p>Oui, bien s\u00fbr\u00a0! \u00catre un utilisateur de Squarespace ouvre la possibilit\u00e9 d&rsquo;ajouter des dizaines d&rsquo;outils sans code d&rsquo;Elfsight, y compris le plugin LinkedIn Feed. Quel que soit le type d\u2019entreprise que vous poss\u00e9dez et le cr\u00e9neau dans le domaine que vous choisissez, vous pouvez toujours rechercher des opportunit\u00e9s pour afficher vos points forts. Consid\u00e9rez les possibilit\u00e9s suivantes\u00a0:<\/p><ul><li>Pour cr\u00e9er toute autre application de m\u00e9dias sociaux sans code pour votre site Web Squarespace, comme le flux LinkedIn, essayez le <a href=\"https:\/\/elfsight.com\/ pinterest-feed-widget\/\">Flux Pinterest<\/a> ou <a href=\"https:\/\/elfsight.com\/instagram-feed-instashow\/\">Flux Instagram<\/a> widget.<\/li><li>Profitez des <a href=\"https:\/\/elfsight.com\/all-in-one-reviews-widget\/\">Avis tout-en-un<\/a> ou <a href=\"https:\/\/ elfsight.com\/google-reviews-widget\/\">Plugin Google Reviews<\/a> pour afficher les pr\u00e9cieux commentaires des clients.<\/li><li>Int\u00e9grez le <a href=\"https:\/\/elfsight.com\/online-form -builder\/\">Form Builder<\/a> pour recueillir les r\u00e9ponses et faciliter la communication avec vos utilisateurs Squarespace.<\/li> <li>Ajoutez le <a href=\"https:\/\/elfsight.com\/countdown-timer-widget\/ \">Compte \u00e0 rebours<\/a> pour g\u00e9n\u00e9rer de l&rsquo;enthousiasme et cr\u00e9er un sentiment d&rsquo;urgence parmi le public.<\/li><\/ul><p>Et rappelez-vous, ce ne sont que quelques exemples de widgets \u00e0 int\u00e9grer. Explorez notre vaste catalogue de widgets apr\u00e8s avoir impl\u00e9ment\u00e9 le plugin LinkedIn Feed pour d\u00e9couvrir encore plus de fa\u00e7ons de r\u00e9pondre aux besoins de votre entreprise !<\/p><\/div>\r\n\t\t\t\t\t<\/div>\r\n\t\t\t\t<\/div><div class=\"faq-item\">\r\n\t\t\t\t\t<div class=\"faq-item-question\">\r\n\t\t\t\t\t\t<h3 class=\"faq-item-question-text\">Comment int\u00e9grer LinkedIn Feed gratuitement sur Squarespace?<\/h3>\r\n\r\n\t\t\t\t\t\t<div class=\"faq-item-question-icon\"><\/div>\r\n\t\t\t\t\t<\/div>\r\n\r\n\t\t\t\t\t<div class=\"faq-item-answer\">\r\n\t\t\t\t\t\t<div class=\"faq-item-answer-text\"><p>Pour ajouter gratuitement le plugin LinkedIn Feed sans code \u00e0 votre site Web Squarespace, suivez ces \u00e9tapes\u00a0:<\/p> <ol><li>Personnalisez l&rsquo;apparence du plugin LinkedIn Feed pour compl\u00e9ter le choix de conception. de votre site Web.<\/li><li>Connectez-vous \u00e0 votre tableau de bord Elfsight ou cr\u00e9ez un profil utilisateur gratuit.<\/li><li>Obtenez le code d&rsquo;int\u00e9gration g\u00e9n\u00e9r\u00e9.<\/li><li>Acc\u00e9dez \u00e0 votre site Web Squarespace .<\/li><li>Ins\u00e9rez le code dans l&rsquo;\u00e9diteur de votre site Web Squarespace pour ajouter le plugin LinkedIn Feed. Vous \u00eates pr\u00eat \u00e0 partir\u00a0!<\/li><\/ol><p>Comme le montre le contexte, il n&rsquo;est pas n\u00e9cessaire de ma\u00eetriser l&rsquo;\u00e9criture de code pour int\u00e9grer le plugin. Cr\u00e9ez facilement un widget de flux LinkedIn pour un site Web Squarespace et profitez de divers avantages qui vous permettent d&rsquo;\u00e9largir votre audience.<\/p><\/div>\r\n\t\t\t\t\t<\/div>\r\n\t\t\t\t<\/div><div class=\"faq-item\">\r\n\t\t\t\t\t<div class=\"faq-item-question\">\r\n\t\t\t\t\t\t<h3 class=\"faq-item-question-text\">Dois-je savoir coder ou avez-vous des comp\u00e9tences en programmation pour int\u00e9grer le widget de flux LinkedIn sur Squarespace ?<\/h3>\r\n\r\n\t\t\t\t\t\t<div class=\"faq-item-question-icon\"><\/div>\r\n\t\t\t\t\t<\/div>\r\n\r\n\t\t\t\t\t<div class=\"faq-item-answer\">\r\n\t\t\t\t\t\t<div class=\"faq-item-answer-text\"><p>Non, ce n&rsquo;est pas le cas. Les comp\u00e9tences en codage sont inutiles. Vous pouvez facilement cr\u00e9er et int\u00e9grer le plug-in LinkedIn Feed sur votre site Web Squarespace, quelle que soit votre exp\u00e9rience ant\u00e9rieure ou votre exp\u00e9rience en mati\u00e8re de code.<\/p> <\/div>\r\n\t\t\t\t\t<\/div>\r\n\t\t\t\t<\/div><\/div><\/div> <div class=\"application-platform-content-item-features application-platform-content-item\" id=\"features\" data-nav-section=\"features\"> <h2>Le widget a des fonctionnalit\u00e9s utiles et faciles \u00e0 ajouter. Cochez-en quelques-unes\u00a0:<\/h2> <ul><li>Diffusez une vari\u00e9t\u00e9 de contenus\u00a0: articles de blog, photos, clips, etc.<\/li><li>Filtrer les widgets alimentez les publications par mots-cl\u00e9s, hashtags ou URL.<\/li><li>Ajoutez les boutons CTA pour augmenter l&rsquo;engagement sur le flux de votre entreprise LinkedIn.<\/li><li>Effet popup dynamique pour attirer l&rsquo;attention sur votre contenu LinkedIn sur un site Web. page.<\/li><li>Personnalisation sans code avec param\u00e8tres de conception avanc\u00e9s\u00a0: mod\u00e8les pr\u00e9con\u00e7us, g\u00e9n\u00e9rateur de sch\u00e9mas de couleurs, cinq mises en page tendance, styles de publication, CSS personnalis\u00e9, et bien plus encore.<\/li><\/ul><p><a href=\"#demo\">Vous pouvez essayer toutes les fonctionnalit\u00e9s du widget dans la d\u00e9mo d\u00e8s maintenant<\/a><\/p> <\/div> <div class=\"application-platform-content-item-installation application-platform-content-item\" id=\"installation\" data-nav-section=\"installation\"> <h2>Comment ajouter Flux LinkedIn \u00e0 mon site Web Squarespace\u00a0?<\/h2> <p>Si vous souhaitez ajouter le widget Flux LinkedIn \u00e0 votre site Web Squarespace, suivez ces \u00e9tapes\u00a0:<\/p> <ol><li><b>Effectuez notre configurateur gratuit et commencez \u00e0 cr\u00e9er votre plugin de flux LinkedIn sans code.<\/b><br> Choisissez la forme et les sp\u00e9cifications pr\u00e9f\u00e9rables de l&rsquo;outil et enregistrez les corrections.<\/li> <li><b>Faites appara\u00eetre votre code unique dans la fen\u00eatre sur les applications Elfsight.<\/b><br> Une fois la cr\u00e9ation de votre plugin termin\u00e9e, copiez le code de chaque widget dans la fen\u00eatre qui appara\u00eet et conservez-le pour de futures occasions.<\/li> <li><b>Commencez \u00e0 utiliser l&rsquo;outil sur votre site Web Squarespace.<\/b><br> Ajoutez le code copi\u00e9 auparavant sur votre site Web et appliquez les modifications.<\/li> <li><b>La configuration est enti\u00e8rement termin\u00e9e.<\/b><br> Acc\u00e9dez \u00e0 votre site Web pour inspecter les performances du widget Flux LinkedIn.<\/li><\/ol> <p>Si vous rencontrez des probl\u00e8mes avec le processus d&rsquo;int\u00e9gration, n&rsquo;h\u00e9sitez pas \u00e0 contacter notre service client. Nos collaborateurs seront ravis de vous aider \u00e0 r\u00e9soudre toutes les difficult\u00e9s que vous pourriez rencontrer avec le plugin LinkedIn Feed sans code pour les sites Web Squarespace.<\/p> <\/div>","protected":false},"excerpt":{"rendered":"","protected":false},"author":9,"featured_media":0,"parent":7326,"menu_order":0,"comment_status":"closed","ping_status":"closed","template":"templates\/template-application-platform.php","meta":{"publish_to_discourse":"","publish_post_category":"","wpdc_auto_publish_overridden":"","wpdc_topic_tags":"","wpdc_pin_topic":"","wpdc_pin_until":"","discourse_post_id":"","discourse_permalink":"","wpdc_publishing_response":"","wpdc_publishing_error":"","footnotes":""},"class_list":["post-13645","page","type-page","status-publish","hentry"],"yoast_head":"<!-- This site is optimized with the Yoast SEO plugin v25.3.1 - https:\/\/yoast.com\/wordpress\/plugins\/seo\/ -->\n<title>Flux LinkedIn - Ajoutez le plugin Feed \u00e0 Squarespace [gratuitement\u00a0!]<\/title>\n<meta name=\"description\" content=\"Int\u00e9grez le plugin LinkedIn Feed sans codage sur votre site Web Squarespace. Cr\u00e9ez votre widget \u00e0 l&#039;aide d&#039;une d\u00e9mo en direct et de mod\u00e8les pr\u00e9d\u00e9finis pour disposer d&#039;une solide preuve sociale.\" \/>\n<meta name=\"robots\" content=\"index, follow, max-snippet:-1, max-image-preview:large, max-video-preview:-1\" \/>\n<link rel=\"canonical\" href=\"https:\/\/elfsight.com\/fr\/linkedin-feed-widget\/squarespace\/\" \/>\n<meta property=\"og:locale\" content=\"fr_FR\" \/>\n<meta property=\"og:type\" content=\"article\" \/>\n<meta property=\"og:title\" content=\"Flux LinkedIn - Ajoutez le plugin Feed \u00e0 Squarespace [gratuitement\u00a0!]\" \/>\n<meta property=\"og:description\" content=\"Int\u00e9grez le plugin LinkedIn Feed sans codage sur votre site Web Squarespace. Cr\u00e9ez votre widget \u00e0 l&#039;aide d&#039;une d\u00e9mo en direct et de mod\u00e8les pr\u00e9d\u00e9finis pour disposer d&#039;une solide preuve sociale.\" \/>\n<meta property=\"og:url\" content=\"https:\/\/elfsight.com\/fr\/linkedin-feed-widget\/squarespace\/\" \/>\n<meta property=\"og:site_name\" content=\"Elfsight FR\" \/>\n<meta property=\"article:modified_time\" content=\"2025-07-10T08:14:40+00:00\" \/>\n<meta name=\"twitter:card\" content=\"summary_large_image\" \/>\n<meta name=\"twitter:label1\" content=\"Dur\u00e9e de lecture estim\u00e9e\" \/>\n\t<meta name=\"twitter:data1\" content=\"5 minutes\" \/>\n<!-- \/ Yoast SEO plugin. -->","yoast_head_json":{"title":"Flux LinkedIn - Ajoutez le plugin Feed \u00e0 Squarespace [gratuitement\u00a0!]","description":"Int\u00e9grez le plugin LinkedIn Feed sans codage sur votre site Web Squarespace. Cr\u00e9ez votre widget \u00e0 l'aide d'une d\u00e9mo en direct et de mod\u00e8les pr\u00e9d\u00e9finis pour disposer d'une solide preuve sociale.","robots":{"index":"index","follow":"follow","max-snippet":"max-snippet:-1","max-image-preview":"max-image-preview:large","max-video-preview":"max-video-preview:-1"},"canonical":"https:\/\/elfsight.com\/fr\/linkedin-feed-widget\/squarespace\/","og_locale":"fr_FR","og_type":"article","og_title":"Flux LinkedIn - Ajoutez le plugin Feed \u00e0 Squarespace [gratuitement\u00a0!]","og_description":"Int\u00e9grez le plugin LinkedIn Feed sans codage sur votre site Web Squarespace. Cr\u00e9ez votre widget \u00e0 l'aide d'une d\u00e9mo en direct et de mod\u00e8les pr\u00e9d\u00e9finis pour disposer d'une solide preuve sociale.","og_url":"https:\/\/elfsight.com\/fr\/linkedin-feed-widget\/squarespace\/","og_site_name":"Elfsight FR","article_modified_time":"2025-07-10T08:14:40+00:00","twitter_card":"summary_large_image","twitter_misc":{"Dur\u00e9e de lecture estim\u00e9e":"5 minutes"},"schema":{"@context":"https:\/\/schema.org","@graph":[{"@type":"WebPage","@id":"https:\/\/elfsight.com\/fr\/linkedin-feed-widget\/squarespace\/","url":"https:\/\/elfsight.com\/fr\/linkedin-feed-widget\/squarespace\/","name":"Flux LinkedIn - Ajoutez le plugin Feed \u00e0 Squarespace [gratuitement\u00a0!]","isPartOf":{"@id":"https:\/\/elfsight.com\/fr\/#website"},"datePublished":"2024-05-03T06:40:33+00:00","dateModified":"2025-07-10T08:14:40+00:00","description":"Int\u00e9grez le plugin LinkedIn Feed sans codage sur votre site Web Squarespace. Cr\u00e9ez votre widget \u00e0 l'aide d'une d\u00e9mo en direct et de mod\u00e8les pr\u00e9d\u00e9finis pour disposer d'une solide preuve sociale.","breadcrumb":{"@id":"https:\/\/elfsight.com\/fr\/linkedin-feed-widget\/squarespace\/#breadcrumb"},"inLanguage":"fr-FR","potentialAction":[{"@type":"ReadAction","target":["https:\/\/elfsight.com\/fr\/linkedin-feed-widget\/squarespace\/"]}]},{"@type":"BreadcrumbList","@id":"https:\/\/elfsight.com\/fr\/linkedin-feed-widget\/squarespace\/#breadcrumb","itemListElement":[{"@type":"ListItem","position":1,"name":"Home","item":"https:\/\/elfsight.com\/fr\/"},{"@type":"ListItem","position":2,"name":"LinkedIn Feed","item":"https:\/\/elfsight.com\/fr\/linkedin-feed-widget\/"},{"@type":"ListItem","position":3,"name":"LinkedIn Feed &#8211; Squarespace"}]},{"@type":"WebSite","@id":"https:\/\/elfsight.com\/fr\/#website","url":"https:\/\/elfsight.com\/fr\/","name":"Elfsight FR","description":"","potentialAction":[{"@type":"SearchAction","target":{"@type":"EntryPoint","urlTemplate":"https:\/\/elfsight.com\/fr\/?s={search_term_string}"},"query-input":{"@type":"PropertyValueSpecification","valueRequired":true,"valueName":"search_term_string"}}],"inLanguage":"fr-FR"}]}},"meta_box":{"industry":"","seo_heading":"","heading":"","description":"","cta_heading":"","cta_description":"","application":"7313","h1":"Comment int\u00e9grer gratuitement le flux LinkedIn sur Squarespace\u00a0!","h1_caption":"Affichez les publications de votre profil LinkedIn ou de votre page d'entreprise sur votre site Web, am\u00e9liorant ainsi votre pr\u00e9sence professionnelle en ligne sur votre site Web Squarespace sans effort.","application_category":[],"applications_title":"","applications_request_title":"","applications_request_button_text":"","hero_text":"","hero_video":"","hero_video_schema_markup":"","selling_points_title":"","selling_points_caption":"","selling_points":[],"selling_points_cta_text":"","features_title":"","features":"","ed_cta_examples_text":"","ed_cta_examples_hidden":"","ed_cta_demo_text":"","ed_cta_demo_hidden":"","why_caption":"","why_editor_title":"","why_editor_text":"","why_team_title":"","why_team_text":"","why_service_title":"","why_service_text":"","template_catalog_visible":"","template_catalog_title":"","template_catalog_text":"","template_catalog_categories_visible":"","demo_title":"Cr\u00e9ez votre plugin de flux LinkedIn","demo_caption":"Configurez votre flux LinkedIn et ajoutez-le gratuitement \u00e0 votre site Web Squarespace !","default_faq_hidden":"","app_template_category":[],"platform":"361","template_public_id":"","codecanyon_url":"","codecanyon_item_id":"","codecanyon_price":"","pricing_caption":"","pricing_elfsight_apps_hide_column":"","pricing_elfsight_apps_url":"","pricing_codecanyon_price_caption":"","integration_category":[],"integration_request_title":"","integration_request_cta":"","integration_platform":"","integrations":[],"platform_category":[],"video_schema_markup":"","price":"\u00e0 partir de 0$ \/ mois","trial":"","benefits":[{"text":"Assistance \u00e0 l'installation gratuite"},{"text":"Soutien exceptionnel"},{"text":"Garantie de remboursement de 14 jours"},{"text":"Mises \u00e0 jour gratuites r\u00e9guli\u00e8res"}],"button_url":"#demo","button_target_blank":"","button_nofollow":"","attributes":[{"name":"Installations","content":"10,000 - 100,000"},{"name":"Sensible","content":"Oui"},{"name":"Navigateurs compatibles","content":"Firefox, Safari, Opera, Chrome, Edge"}],"tags":[],"tags_disable_links":"","hide_more_platforms":"","video_object":"","demo_hide_cta":"","demo_hide_cloud_options":"","pricing_title":"","pricing":[{"pricing_icon":"platform","pricing_title":"Elfsight Apps","pricing_title_caption":"Version multiplateforme qui fonctionne sur n'importe quel site Web","pricing_price":"from $0 \/ month","pricing_price_caption":"commencez avec un forfait gratuit","pricing_benefits":[{"text":"Sites Web illimit\u00e9s"},{"text":"Support client d\u00e9di\u00e9"},{"text":"Assistance \u00e0 l'installation gratuite"},{"text":"Conception flexible"}],"pricing_button_text":"Ajouter au site Web","pricing_button_url":"#demo"}],"related_apps_title":"","related_apps_hidden":"","author":"","image":[],"title":"","job":"","social_networks":[]},"_links":{"self":[{"href":"https:\/\/elfsight.com\/fr\/wp-json\/wp\/v2\/pages\/13645","targetHints":{"allow":["GET"]}}],"collection":[{"href":"https:\/\/elfsight.com\/fr\/wp-json\/wp\/v2\/pages"}],"about":[{"href":"https:\/\/elfsight.com\/fr\/wp-json\/wp\/v2\/types\/page"}],"author":[{"embeddable":true,"href":"https:\/\/elfsight.com\/fr\/wp-json\/wp\/v2\/users\/9"}],"replies":[{"embeddable":true,"href":"https:\/\/elfsight.com\/fr\/wp-json\/wp\/v2\/comments?post=13645"}],"version-history":[{"count":1,"href":"https:\/\/elfsight.com\/fr\/wp-json\/wp\/v2\/pages\/13645\/revisions"}],"predecessor-version":[{"id":13649,"href":"https:\/\/elfsight.com\/fr\/wp-json\/wp\/v2\/pages\/13645\/revisions\/13649"}],"up":[{"embeddable":true,"href":"https:\/\/elfsight.com\/fr\/wp-json\/wp\/v2\/pages\/7326"}],"wp:attachment":[{"href":"https:\/\/elfsight.com\/fr\/wp-json\/wp\/v2\/media?parent=13645"}],"curies":[{"name":"wp","href":"https:\/\/api.w.org\/{rel}","templated":true}]}}