{"id":13637,"date":"2024-05-03T06:40:29","date_gmt":"2024-05-03T06:40:29","guid":{"rendered":"https:\/\/elfsight.com\/fr\/?page_id=13637"},"modified":"2024-12-17T13:42:35","modified_gmt":"2024-12-17T13:42:35","slug":"drupal","status":"publish","type":"page","link":"https:\/\/elfsight.com\/fr\/linkedin-feed-widget\/drupal\/","title":{"rendered":"LinkedIn Feed &#8211; Drupal"},"content":{"rendered":"\n<div class=\"application-platform-content-item-description application-platform-content-item\" id=\"description\" data-nav-section=\"description\">\n  <h2>Int\u00e9grez gratuitement le flux LinkedIn sur Drupal !<\/h2>\n  <p>Le plugin LinkedIn Feed offre aux entreprises une excellente opportunit\u00e9 de partager et de promouvoir leur contenu LinkedIn sur les sites Web Drupal : affichez des publications, des images, des vid\u00e9os, etc. La configuration du widget est simple, sans avoir besoin de connaissances en codage ou en programmation.<\/p>\n  <p>Cr\u00e9ez une apparence qui refl\u00e8te les besoins de votre site Web et restez fid\u00e8le \u00e0 la marque en testant des \u00e9l\u00e9ments de flux personnalis\u00e9s, des mod\u00e8les, des mises en page et des styles de publication. Ajoutez un effet contextuel en tant qu&rsquo;action post-clic pour attirer l&rsquo;attention des utilisateurs. Et enfin, profitez d&rsquo;une confiance accrue et de davantage d&rsquo;opportunit\u00e9s de branding.<\/p>\n  <ul>\n    <li><strong>Optimisez votre potentiel de r\u00e9seautage avec la page d&rsquo;entreprise LinkedIn.<\/strong><br>\u00c9tablissez de nouvelles connexions dans le monde professionnel et augmentez le nombre de prospects avec le contenu de votre profil LinkedIn.<\/li>\n    <li><strong>D\u00e9veloppez votre audience sur LinkedIn.<\/strong><br>Mettez en valeur votre pr\u00e9sence LinkedIn parmi la communaut\u00e9 des utilisateurs du site Web Drupal et suscitez un vif int\u00e9r\u00eat pour vos services.<\/li>\n    <li><strong>Amplifiez l&rsquo;authenticit\u00e9 de votre entreprise.<\/strong><br>Donnez \u00e0 votre marque un boost suppl\u00e9mentaire de cr\u00e9dibilit\u00e9 et de fiabilit\u00e9 en int\u00e9grant la derni\u00e8re activit\u00e9 LinkedIn directement sur la page de votre site Web.<\/li>\n  <\/ul>\n  <p><b>Ajoutez le widget de flux LinkedIn sans code au site Web Drupal pour renforcer la confiance, mettre en valeur l&rsquo;authenticit\u00e9 et \u00e9largir les relations de travail gr\u00e2ce \u00e0 une solide validation sociale.<\/b><\/p>\n<\/div>\n\n<div class=\"faq\" data-component=\"FAQ\">\n  <div class=\"faq-item\">\r\n\t\t\t\t\t<div class=\"faq-item-question\">\r\n\t\t\t\t\t\t<h3 class=\"faq-item-question-text\">Existe-t-il d'autres outils Drupal que je peux utiliser sur mon site ?<\/h3>\r\n\r\n\t\t\t\t\t\t<div class=\"faq-item-question-icon\"><\/div>\r\n\t\t\t\t\t<\/div>\r\n\r\n\t\t\t\t\t<div class=\"faq-item-answer\">\r\n\t\t\t\t\t\t<div class=\"faq-item-answer-text\">\n    <p>Oui, absolument ! En tant qu&rsquo;utilisateur du site Web Drupal, Elfsight vous offre une large s\u00e9lection d&rsquo;outils sans code \u00e0 ajouter, y compris le plugin LinkedIn Feed. Quel que soit votre secteur d\u2019activit\u00e9 ou votre niche sp\u00e9cifique, il existe toujours des opportunit\u00e9s de d\u00e9montrer vos atouts. Jetez un \u0153il aux options :<\/p>\n    <ul>\n      <li>Pour cr\u00e9er toute autre application de m\u00e9dias sociaux pour votre site Web Drupal similaire au plugin LinkedIn Feed, envisagez d&rsquo;exp\u00e9rimenter avec <a href=\"https:\/\/elfsight.com\/pinterest-feed-widget\/\">Flux Pinterest<\/a> ou le widget <a href=\"https:\/\/elfsight.com\/instagram-feed-instashow\/\">Flux Instagram<\/a>.<\/li>\n      <li>Optez pour les <a href=\"https:\/\/elfsight.com\/all-in-one-reviews-widget\/\">Avis tout-en-un<\/a> ou <a href=\"https:\/\/elfsight.com\/google-reviews-widget\/\">Avis Google<\/a> pour afficher les commentaires des clients.<\/li>\n      <li>Int\u00e9grez le widget <a href=\"https:\/\/elfsight.com\/online-form-builder\/\">Form Builder<\/a> pour recueillir les r\u00e9ponses et permettre les interactions des utilisateurs sur votre site Web Drupal.<\/li>\n      <li>Ajoutez le plugin <a href=\"https:\/\/elfsight.com\/countdown-timer-widget\/\">Countdown Timer<\/a> pour favoriser l&rsquo;anticipation et cr\u00e9er un sentiment de raret\u00e9 parmi le public.<\/li>\n    <\/ul>\n    <p>N&rsquo;oubliez pas que ces exemples ne sont que le d\u00e9but de la vaste gamme d&rsquo;ajouts qui peuvent r\u00e9pondre aux besoins de votre entreprise. Commencez avec le flux LinkedIn sans code et explorez le reste de notre catalogue de widgets !<\/p>\n  <\/div>\r\n\t\t\t\t\t<\/div>\r\n\t\t\t\t<\/div>\n\n  <div class=\"faq-item\">\r\n\t\t\t\t\t<div class=\"faq-item-question\">\r\n\t\t\t\t\t\t<h3 class=\"faq-item-question-text\">Comment int\u00e9grer gratuitement le flux LinkedIn sur Drupal ?<\/h3>\r\n\r\n\t\t\t\t\t\t<div class=\"faq-item-question-icon\"><\/div>\r\n\t\t\t\t\t<\/div>\r\n\r\n\t\t\t\t\t<div class=\"faq-item-answer\">\r\n\t\t\t\t\t\t<div class=\"faq-item-answer-text\">\n    <p>Pour ajouter gratuitement le widget de flux LinkedIn sans code \u00e0 votre site Web Drupal, suivez les \u00e9tapes suivantes :<\/p>\n    <ol>\n      <li>Personnalisez l&rsquo;apparence du widget Flux LinkedIn pour refl\u00e9ter le style de conception de votre site Web.<\/li>\n      <li>Connectez-vous \u00e0 votre tableau de bord Elfsight ou cr\u00e9ez un profil utilisateur gratuit.<\/li>\n      <li>R\u00e9cup\u00e9rez le code d&rsquo;installation g\u00e9n\u00e9r\u00e9 \u00e0 int\u00e9grer.<\/li>\n      <li>Acc\u00e9dez \u00e0 votre site Web Drupal.<\/li>\n      <li>Collez le code dans votre \u00e9diteur de site Web Drupal pour ajouter le widget LinkedIn Feed. Vous \u00eates pr\u00eat \u00e0 partir !<\/li>\n    <\/ol>\n    <p>Comme on peut le constater, il n&rsquo;est pas n\u00e9cessaire de ma\u00eetriser l&rsquo;\u00e9criture de code pour int\u00e9grer le plugin. Cr\u00e9ez facilement le widget de flux LinkedIn pour un site Web Drupal et b\u00e9n\u00e9ficiez de divers avantages li\u00e9s \u00e0 l&rsquo;\u00e9largissement de votre audience.<\/p>\n  <\/div>\r\n\t\t\t\t\t<\/div>\r\n\t\t\t\t<\/div>\n\n  <div class=\"faq-item\">\r\n\t\t\t\t\t<div class=\"faq-item-question\">\r\n\t\t\t\t\t\t<h3 class=\"faq-item-question-text\">Dois-je savoir coder ou avoir des comp\u00e9tences en programmation pour int\u00e9grer le plugin LinkedIn Feed sur Drupal ?<\/h3>\r\n\r\n\t\t\t\t\t\t<div class=\"faq-item-question-icon\"><\/div>\r\n\t\t\t\t\t<\/div>\r\n\r\n\t\t\t\t\t<div class=\"faq-item-answer\">\r\n\t\t\t\t\t\t<div class=\"faq-item-answer-text\">\n    <p>Pas du tout. Aucune comp\u00e9tence en codage n\u2019est n\u00e9cessaire. Vous avez toute la capacit\u00e9 de cr\u00e9er et d\u2019ajouter le plugin LinkedIn Feed \u00e0 votre site Web Drupal sans aucune exp\u00e9rience pr\u00e9alable en mati\u00e8re de code.<\/p>\n  <\/div>\r\n\t\t\t\t\t<\/div>\r\n\t\t\t\t<\/div>\n<\/div>\n\n<div class=\"application-platform-content-item-features application-platform-content-item\" id=\"features\" data-nav-section=\"features\">\n  <h2>D\u00e9couvrez la liste des fonctionnalit\u00e9s les plus importantes des widgets :<\/h2>\n  <ul>\n    <li>Affichez divers types de contenu LinkedIn : articles de blog, images, vid\u00e9os, etc.<\/li>\n    <li>Filtrer les articles du flux par mots-cl\u00e9s, hashtags ou URL.<\/li>\n    <li>Ajoutez des boutons CTA pour augmenter l&rsquo;engagement sur le flux LinkedIn de votre entreprise.<\/li>\n    <li>Effet popup dynamique pour attirer l&rsquo;attention des gens sur votre contenu LinkedIn.<\/li>\n    <li>Personnalisation sans code avec param\u00e8tres de conception avanc\u00e9s : mod\u00e8les pr\u00e9d\u00e9finis, g\u00e9n\u00e9rateur de sch\u00e9mas de couleurs, cinq mod\u00e8les de mise en page, styles de publication, CSS personnalis\u00e9, et bien plus encore.<\/li>\n  <\/ul>\n  <p><a href=\"#demo\">Testez toutes les options de personnalisation dans la d\u00e9mo compl\u00e8te du widget et ajoutez une touche personnelle<\/a><\/p>\n<\/div>\n\n<div class=\"application-platform-content-item-installation application-platform-content-item\" id=\"installation\" data-nav-section=\"installation\">\n  <h2>Comment ajouter un flux LinkedIn \u00e0 mon site Drupal ?<\/h2>\n  <p>Si vous souhaitez ajouter le flux LinkedIn sans code \u00e0 votre site Drupal, effectuez les actions suivantes :<\/p>\n  <ol>\n    <li><b>Lancez notre configurateur gratuit et commencez \u00e0 cr\u00e9er votre compte personnalis\u00e9 pour le plugin de flux LinkedIn.<\/b><br>Sp\u00e9cifiez la mise en page et les aspects pr\u00e9f\u00e9r\u00e9s du plugin et appliquez les modifications.<\/li>\n    <li><b>Obtenez le code unique qui appara\u00eet dans le formulaire sp\u00e9cial sur Elfsight Apps.<\/b><br>Une fois la g\u00e9n\u00e9ration de votre application termin\u00e9e, copiez le code individuel dans la fen\u00eatre et enregistrez-le pour une utilisation ult\u00e9rieure.<\/li>\n    <li><b>Commencez \u00e0 utiliser le plugin sur votre site Web Drupal.<\/b><br>Impl\u00e9mentez le code enregistr\u00e9 pr\u00e9c\u00e9demment sur votre site Web et appliquez les ajustements.<\/li>\n    <li><b>Vous avez termin\u00e9 ! Le processus d&rsquo;int\u00e9gration est accompli avec succ\u00e8s.<\/b><br>Acc\u00e9dez \u00e0 votre site Web pour v\u00e9rifier les performances du plugin LinkedIn Feed.<\/li>\n  <\/ol>\n  <p>Si vous rencontrez des obstacles lors de l&rsquo;ajout du widget, n&rsquo;h\u00e9sitez pas \u00e0 contacter notre service client. Nos collaborateurs se feront un plaisir de r\u00e9pondre \u00e0 toutes les questions que vous pourriez avoir sur le plugin LinkedIn Feed sans code pour les sites Web Drupal.<\/p>\n<\/div>\n\n","protected":false},"excerpt":{"rendered":"","protected":false},"author":9,"featured_media":0,"parent":7326,"menu_order":0,"comment_status":"closed","ping_status":"closed","template":"templates\/template-application-platform.php","meta":{"publish_to_discourse":"","publish_post_category":"","wpdc_auto_publish_overridden":"","wpdc_topic_tags":"","wpdc_pin_topic":"","wpdc_pin_until":"","discourse_post_id":"","discourse_permalink":"","wpdc_publishing_response":"","wpdc_publishing_error":"","footnotes":""},"class_list":["post-13637","page","type-page","status-publish","hentry"],"yoast_head":"<!-- This site is optimized with the Yoast SEO plugin v25.3.1 - https:\/\/yoast.com\/wordpress\/plugins\/seo\/ -->\n<title>Flux LinkedIn - Ajoutez un module de flux \u00e0 Drupal [gratuitement\u00a0!]<\/title>\n<meta name=\"description\" content=\"Int\u00e9grez le module LinkedIn Feed sans codage sur votre site Web Drupal. Cr\u00e9ez votre widget \u00e0 l&#039;aide d&#039;une d\u00e9mo en direct et de mod\u00e8les pr\u00e9d\u00e9finis pour disposer d&#039;une solide preuve sociale.\" \/>\n<meta name=\"robots\" content=\"index, follow, max-snippet:-1, max-image-preview:large, max-video-preview:-1\" \/>\n<link rel=\"canonical\" href=\"https:\/\/elfsight.com\/fr\/linkedin-feed-widget\/drupal\/\" \/>\n<meta property=\"og:locale\" content=\"fr_FR\" \/>\n<meta property=\"og:type\" content=\"article\" \/>\n<meta property=\"og:title\" content=\"Flux LinkedIn - Ajoutez un module de flux \u00e0 Drupal [gratuitement\u00a0!]\" \/>\n<meta property=\"og:description\" content=\"Int\u00e9grez le module LinkedIn Feed sans codage sur votre site Web Drupal. Cr\u00e9ez votre widget \u00e0 l&#039;aide d&#039;une d\u00e9mo en direct et de mod\u00e8les pr\u00e9d\u00e9finis pour disposer d&#039;une solide preuve sociale.\" \/>\n<meta property=\"og:url\" content=\"https:\/\/elfsight.com\/fr\/linkedin-feed-widget\/drupal\/\" \/>\n<meta property=\"og:site_name\" content=\"Elfsight FR\" \/>\n<meta property=\"article:modified_time\" content=\"2024-12-17T13:42:35+00:00\" \/>\n<meta name=\"twitter:card\" content=\"summary_large_image\" \/>\n<meta name=\"twitter:label1\" content=\"Dur\u00e9e de lecture estim\u00e9e\" \/>\n\t<meta name=\"twitter:data1\" content=\"5 minutes\" \/>\n<!-- \/ Yoast SEO plugin. -->","yoast_head_json":{"title":"Flux LinkedIn - Ajoutez un module de flux \u00e0 Drupal [gratuitement\u00a0!]","description":"Int\u00e9grez le module LinkedIn Feed sans codage sur votre site Web Drupal. Cr\u00e9ez votre widget \u00e0 l'aide d'une d\u00e9mo en direct et de mod\u00e8les pr\u00e9d\u00e9finis pour disposer d'une solide preuve sociale.","robots":{"index":"index","follow":"follow","max-snippet":"max-snippet:-1","max-image-preview":"max-image-preview:large","max-video-preview":"max-video-preview:-1"},"canonical":"https:\/\/elfsight.com\/fr\/linkedin-feed-widget\/drupal\/","og_locale":"fr_FR","og_type":"article","og_title":"Flux LinkedIn - Ajoutez un module de flux \u00e0 Drupal [gratuitement\u00a0!]","og_description":"Int\u00e9grez le module LinkedIn Feed sans codage sur votre site Web Drupal. Cr\u00e9ez votre widget \u00e0 l'aide d'une d\u00e9mo en direct et de mod\u00e8les pr\u00e9d\u00e9finis pour disposer d'une solide preuve sociale.","og_url":"https:\/\/elfsight.com\/fr\/linkedin-feed-widget\/drupal\/","og_site_name":"Elfsight FR","article_modified_time":"2024-12-17T13:42:35+00:00","twitter_card":"summary_large_image","twitter_misc":{"Dur\u00e9e de lecture estim\u00e9e":"5 minutes"},"schema":{"@context":"https:\/\/schema.org","@graph":[{"@type":"WebPage","@id":"https:\/\/elfsight.com\/fr\/linkedin-feed-widget\/drupal\/","url":"https:\/\/elfsight.com\/fr\/linkedin-feed-widget\/drupal\/","name":"Flux LinkedIn - Ajoutez un module de flux \u00e0 Drupal [gratuitement\u00a0!]","isPartOf":{"@id":"https:\/\/elfsight.com\/fr\/#website"},"datePublished":"2024-05-03T06:40:29+00:00","dateModified":"2024-12-17T13:42:35+00:00","description":"Int\u00e9grez le module LinkedIn Feed sans codage sur votre site Web Drupal. Cr\u00e9ez votre widget \u00e0 l'aide d'une d\u00e9mo en direct et de mod\u00e8les pr\u00e9d\u00e9finis pour disposer d'une solide preuve sociale.","breadcrumb":{"@id":"https:\/\/elfsight.com\/fr\/linkedin-feed-widget\/drupal\/#breadcrumb"},"inLanguage":"fr-FR","potentialAction":[{"@type":"ReadAction","target":["https:\/\/elfsight.com\/fr\/linkedin-feed-widget\/drupal\/"]}]},{"@type":"BreadcrumbList","@id":"https:\/\/elfsight.com\/fr\/linkedin-feed-widget\/drupal\/#breadcrumb","itemListElement":[{"@type":"ListItem","position":1,"name":"Home","item":"https:\/\/elfsight.com\/fr\/"},{"@type":"ListItem","position":2,"name":"LinkedIn Feed","item":"https:\/\/elfsight.com\/fr\/linkedin-feed-widget\/"},{"@type":"ListItem","position":3,"name":"LinkedIn Feed &#8211; Drupal"}]},{"@type":"WebSite","@id":"https:\/\/elfsight.com\/fr\/#website","url":"https:\/\/elfsight.com\/fr\/","name":"Elfsight FR","description":"","potentialAction":[{"@type":"SearchAction","target":{"@type":"EntryPoint","urlTemplate":"https:\/\/elfsight.com\/fr\/?s={search_term_string}"},"query-input":{"@type":"PropertyValueSpecification","valueRequired":true,"valueName":"search_term_string"}}],"inLanguage":"fr-FR"}]}},"meta_box":{"industry":"","seo_heading":"","heading":"","description":"","cta_heading":"","cta_description":"","application":"7313","h1":"Comment int\u00e9grer gratuitement LinkedIn Feed sur Drupal\u00a0!","h1_caption":"Affichez les publications de votre profil LinkedIn ou de votre page d'entreprise sur votre site Web, am\u00e9liorant ainsi votre pr\u00e9sence professionnelle en ligne sur votre site Web Drupal sans effort.","application_category":[],"applications_title":"","applications_request_title":"","applications_request_button_text":"","hero_text":"","hero_video":"","hero_video_schema_markup":"","selling_points_title":"","selling_points_caption":"","selling_points":[],"selling_points_cta_text":"","features_title":"","features":"","ed_cta_examples_text":"","ed_cta_examples_hidden":"","ed_cta_demo_text":"","ed_cta_demo_hidden":"","why_caption":"","why_editor_title":"","why_editor_text":"","why_team_title":"","why_team_text":"","why_service_title":"","why_service_text":"","template_catalog_visible":"0","template_catalog_title":"","template_catalog_text":"","template_catalog_categories_visible":"","demo_title":"Cr\u00e9ez votre module de flux LinkedIn","demo_caption":"Configurez votre flux LinkedIn et ajoutez-le gratuitement \u00e0 votre site Drupal !","default_faq_hidden":"","app_template_category":[],"platform":"351","template_public_id":"","codecanyon_url":"","codecanyon_item_id":"","codecanyon_price":"","pricing_caption":"","pricing_elfsight_apps_hide_column":"","pricing_elfsight_apps_url":"","pricing_codecanyon_price_caption":"","integration_category":[],"integration_request_title":"","integration_request_cta":"","integration_platform":"","integrations":[],"platform_category":[],"video_schema_markup":"","price":"\u00e0 partir de 0$ \/ mois","trial":"","benefits":[{"text":"Service d'installation gratuit"},{"text":"Service client efficace"},{"text":"Garantie de remboursement de 14 jours"},{"text":"Mise \u00e0 jour constante"}],"button_url":"#demo","button_target_blank":"0","button_nofollow":"0","attributes":[{"name":"Installations","content":"10,000 - 100,000"},{"name":"Sensible","content":"Oui"},{"name":"Navigateurs compatibles","content":"Firefox, Safari, Opera, Chrome, Edge"}],"tags":[],"tags_disable_links":"0","hide_more_platforms":"","video_object":"","demo_hide_cta":"0","demo_hide_cloud_options":"0","pricing_title":"","pricing":[{"pricing_icon":"platform","pricing_title":"Elfsight Apps","pricing_title_caption":"Solution multiplateforme qui fonctionne sur n'importe quel site Web","pricing_price":"from $0 \/ month","pricing_price_caption":"Commencez avec un forfait gratuit","pricing_benefits":[{"text":"Sites Web illimit\u00e9s"},{"text":"Support client rapide et bien document\u00e9"},{"text":"Service d'installation gratuit"},{"text":"100% personnalisable"}],"pricing_button_text":"Ajouter au site Web","pricing_button_url":"#demo"}],"related_apps_title":"","related_apps_hidden":"0","author":"","image":[],"title":"","job":"","social_networks":[]},"_links":{"self":[{"href":"https:\/\/elfsight.com\/fr\/wp-json\/wp\/v2\/pages\/13637","targetHints":{"allow":["GET"]}}],"collection":[{"href":"https:\/\/elfsight.com\/fr\/wp-json\/wp\/v2\/pages"}],"about":[{"href":"https:\/\/elfsight.com\/fr\/wp-json\/wp\/v2\/types\/page"}],"author":[{"embeddable":true,"href":"https:\/\/elfsight.com\/fr\/wp-json\/wp\/v2\/users\/9"}],"replies":[{"embeddable":true,"href":"https:\/\/elfsight.com\/fr\/wp-json\/wp\/v2\/comments?post=13637"}],"version-history":[{"count":2,"href":"https:\/\/elfsight.com\/fr\/wp-json\/wp\/v2\/pages\/13637\/revisions"}],"predecessor-version":[{"id":15867,"href":"https:\/\/elfsight.com\/fr\/wp-json\/wp\/v2\/pages\/13637\/revisions\/15867"}],"up":[{"embeddable":true,"href":"https:\/\/elfsight.com\/fr\/wp-json\/wp\/v2\/pages\/7326"}],"wp:attachment":[{"href":"https:\/\/elfsight.com\/fr\/wp-json\/wp\/v2\/media?parent=13637"}],"curies":[{"name":"wp","href":"https:\/\/api.w.org\/{rel}","templated":true}]}}